{"id":1137,"date":"2025-08-28T20:58:23","date_gmt":"2025-08-29T00:58:23","guid":{"rendered":"https:\/\/codeofconduct1.wpenginepowered.com\/ressourcen\/"},"modified":"2025-10-24T15:57:21","modified_gmt":"2025-10-24T19:57:21","slug":"ressourcen","status":"publish","type":"page","link":"https:\/\/code.insmed.com\/de\/ressourcen\/","title":{"rendered":"Ressourcen"},"content":{"rendered":"\t\t<div data-elementor-type=\"wp-page\" data-elementor-id=\"1137\" class=\"elementor elementor-1137 elementor-67\" data-elementor-post-type=\"page\">\n\t\t\t\t<div class=\"elementor-element elementor-element-410e4f8 subpage-header lightest-gray-row e-flex e-con-boxed e-con e-parent\" data-id=\"410e4f8\" data-element_type=\"container\" data-e-type=\"container\">\n\t\t\t\t\t<div class=\"e-con-inner\">\n\t\t<div class=\"elementor-element elementor-element-dd7670c e-con-full e-flex e-con e-child\" data-id=\"dd7670c\" data-element_type=\"container\" data-e-type=\"container\">\n\t\t\t\t<div class=\"elementor-element elementor-element-7a3573c rainbow-h1 elementor-widget elementor-widget-text-editor\" data-id=\"7a3573c\" data-element_type=\"widget\" data-e-type=\"widget\" data-widget_type=\"text-editor.default\">\n\t\t\t\t\t\t\t\t\t<h1 style=\"text-align: center;\">Wichtige Ressourcen<\/h1><p style=\"text-align: center;\">Wenn Sie Fragen oder Bedenken haben, sind wir f\u00fcr Sie da.<\/p>\t\t\t\t\t\t\t\t<\/div>\n\t\t\t\t<div class=\"elementor-element elementor-element-89a60c5 scroll-down-indicator elementor-invisible elementor-widget elementor-widget-html\" data-id=\"89a60c5\" data-element_type=\"widget\" data-e-type=\"widget\" data-settings=\"{&quot;_animation&quot;:&quot;fadeIn&quot;,&quot;_animation_delay&quot;:150}\" data-widget_type=\"html.default\">\n\t\t\t\t\t<i class=\"fa-sharp fa-regular fa-arrow-down-long\"><\/i>\t\t\t\t<\/div>\n\t\t\t\t<\/div>\n\t\t\t\t\t<\/div>\n\t\t\t\t<\/div>\n\t\t<div class=\"elementor-element elementor-element-6875c73 resources-row e-flex e-con-boxed e-con e-parent\" data-id=\"6875c73\" data-element_type=\"container\" data-e-type=\"container\">\n\t\t\t\t\t<div class=\"e-con-inner\">\n\t\t<div class=\"elementor-element elementor-element-9bd7d3d e-con-full e-flex e-con e-child\" data-id=\"9bd7d3d\" data-element_type=\"container\" data-e-type=\"container\">\n\t\t<div class=\"elementor-element elementor-element-1cad8e5 e-con-full e-flex e-con e-child\" data-id=\"1cad8e5\" data-element_type=\"container\" data-e-type=\"container\">\n\t\t\t\t<div class=\"elementor-element elementor-element-e4c7e65 elementor-invisible elementor-widget elementor-widget-text-editor\" data-id=\"e4c7e65\" data-element_type=\"widget\" data-e-type=\"widget\" data-settings=\"{&quot;_animation&quot;:&quot;fadeInUp&quot;}\" data-widget_type=\"text-editor.default\">\n\t\t\t\t\t\t\t\t\t<h2 style=\"text-align: center;\">Nur f\u00fcr mitarbeiter<\/h2>\t\t\t\t\t\t\t\t<\/div>\n\t\t\t\t<\/div>\n\t\t<div class=\"elementor-element elementor-element-2d58090 e-con-full card magenta-card e-flex e-con e-child\" data-id=\"2d58090\" data-element_type=\"container\" data-e-type=\"container\">\n\t\t\t\t<div class=\"elementor-element elementor-element-23d1dce elementor-widget elementor-widget-image\" data-id=\"23d1dce\" data-element_type=\"widget\" data-e-type=\"widget\" data-widget_type=\"image.default\">\n\t\t\t\t\t\t\t\t\t\t\t\t\t\t\t<img decoding=\"async\" width=\"93\" height=\"40\" src=\"https:\/\/code.insmed.com\/wp-content\/uploads\/2025\/09\/polly-logo.svg\" class=\"attachment-full size-full wp-image-1132\" alt=\"Polly\" \/>\t\t\t\t\t\t\t\t\t\t\t\t\t\t\t<\/div>\n\t\t\t\t<div class=\"elementor-element elementor-element-2a61067 elementor-widget elementor-widget-text-editor\" data-id=\"2a61067\" data-element_type=\"widget\" data-e-type=\"widget\" data-widget_type=\"text-editor.default\">\n\t\t\t\t\t\t\t\t\t<h3>Polly: Ihr Compliance-Informationszentrum<\/h3><p><a class=\"noExitNotifier\" href=\"https:\/\/polly.insmed.com\/\" target=\"_blank\" rel=\"noopener\">Besuchen Sie Polly<\/a><\/p>\t\t\t\t\t\t\t\t<\/div>\n\t\t\t\t<\/div>\n\t\t<div class=\"elementor-element elementor-element-3400b64 e-con-full card blue-card e-flex e-con e-child\" data-id=\"3400b64\" data-element_type=\"container\" data-e-type=\"container\">\n\t\t\t\t<div class=\"elementor-element elementor-element-2424e2f elementor-widget elementor-widget-image\" data-id=\"2424e2f\" data-element_type=\"widget\" data-e-type=\"widget\" data-widget_type=\"image.default\">\n\t\t\t\t\t\t\t\t\t\t\t\t\t\t\t<img decoding=\"async\" width=\"172\" height=\"40\" src=\"https:\/\/code.insmed.com\/wp-content\/uploads\/2025\/09\/veeva-logo.svg\" class=\"attachment-full size-full wp-image-1133\" alt=\"Veeva\" \/>\t\t\t\t\t\t\t\t\t\t\t\t\t\t\t<\/div>\n\t\t\t\t<div class=\"elementor-element elementor-element-623dbe3 elementor-widget elementor-widget-text-editor\" data-id=\"623dbe3\" data-element_type=\"widget\" data-e-type=\"widget\" data-widget_type=\"text-editor.default\">\n\t\t\t\t\t\t\t\t\t<h3>Veeva: Richtlinien von Insmed<\/h3>\n<a class=\"noExitNotifier\" href=\"https:\/\/insmed-quality-production.veevavault.com\/\" target=\"_blank\" rel=\"noopener\">Besuchen Sie Veeva<\/a>\t\t\t\t\t\t\t\t<\/div>\n\t\t\t\t<\/div>\n\t\t<div class=\"elementor-element elementor-element-f58d9b5 e-con-full card violet-card e-flex e-con e-child\" data-id=\"f58d9b5\" data-element_type=\"container\" data-e-type=\"container\">\n\t\t\t\t<div class=\"elementor-element elementor-element-532f24a elementor-widget elementor-widget-image\" data-id=\"532f24a\" data-element_type=\"widget\" data-e-type=\"widget\" data-widget_type=\"image.default\">\n\t\t\t\t\t\t\t\t\t\t\t\t\t\t\t<img decoding=\"async\" width=\"55\" height=\"40\" src=\"https:\/\/code.insmed.com\/wp-content\/uploads\/2025\/09\/inn.svg\" class=\"attachment-full size-full wp-image-1134\" alt=\"Inn\" \/>\t\t\t\t\t\t\t\t\t\t\t\t\t\t\t<\/div>\n\t\t\t\t<div class=\"elementor-element elementor-element-77d0f3a elementor-widget elementor-widget-text-editor\" data-id=\"77d0f3a\" data-element_type=\"widget\" data-e-type=\"widget\" data-widget_type=\"text-editor.default\">\n\t\t\t\t\t\t\t\t\t<h3>Das INN<\/h3><p><a class=\"noExitNotifier\" href=\"https:\/\/insmedinc.sharepoint.com\/sites\/inn\" target=\"_blank\" rel=\"noopener\">Besuchen Sie das INN<\/a><\/p>\t\t\t\t\t\t\t\t<\/div>\n\t\t\t\t<\/div>\n\t\t\t\t<\/div>\n\t\t<div class=\"elementor-element elementor-element-100c45b e-con-full e-flex e-con e-child\" data-id=\"100c45b\" data-element_type=\"container\" data-e-type=\"container\">\n\t\t<div class=\"elementor-element elementor-element-7a2ebe2 e-con-full e-flex e-con e-child\" data-id=\"7a2ebe2\" data-element_type=\"container\" data-e-type=\"container\">\n\t\t\t\t<div class=\"elementor-element elementor-element-85320dd elementor-invisible elementor-widget elementor-widget-text-editor\" data-id=\"85320dd\" data-element_type=\"widget\" data-e-type=\"widget\" data-settings=\"{&quot;_animation&quot;:&quot;fadeInUp&quot;}\" data-widget_type=\"text-editor.default\">\n\t\t\t\t\t\t\t\t\t<h2 style=\"text-align: left;\">Insmed -Integrityline<\/h2>\t\t\t\t\t\t\t\t<\/div>\n\t\t\t\t<\/div>\n\t\t<div class=\"elementor-element elementor-element-25157ca e-con-full card e-flex e-con e-child\" data-id=\"25157ca\" data-element_type=\"container\" data-e-type=\"container\">\n\t\t\t\t<div class=\"elementor-element elementor-element-8e69d97 elementor-widget elementor-widget-text-editor\" data-id=\"8e69d97\" data-element_type=\"widget\" data-e-type=\"widget\" data-widget_type=\"text-editor.default\">\n\t\t\t\t\t\t\t\t\t<p>Geb\u00fchrenfrei: <a href=\"tel:18445392347\">+1-844-539-2347<\/a><\/p><p>Internationale Anrufer: <a href=\"https:\/\/www.business.att.com\/collateral\/access.html\" target=\"_blank\" rel=\"noopener\">W\u00e4hlen Sie Ihren l\u00e4nderspezifischen Zugangscode<\/a> und w\u00e4hlen Sie nach Aufforderung die Integrity Line-Nummer<a href=\"tel:18445392347\"> 844-539-2347<\/a><\/p><p><strong>Web:<\/strong> <a class=\"noExitNotifier\" href=\"https:\/\/insmed.ethicspoint.com\/\" target=\"_blank\" rel=\"noopener\">insmed.ethicspoint.com<\/a><strong><br><\/strong><\/p><p><strong>Mobil: <\/strong><a class=\"noExitNotifier\" href=\"https:\/\/insmedmobile.ethicspoint.com\/\" target=\"_blank\" rel=\"noopener\">insmedmobile.ethicspoint.com<\/a><\/p>\t\t\t\t\t\t\t\t<\/div>\n\t\t\t\t<\/div>\n\t\t\t\t<\/div>\n\t\t<div class=\"elementor-element elementor-element-c9829ad e-con-full e-flex e-con e-child\" data-id=\"c9829ad\" data-element_type=\"container\" data-e-type=\"container\">\n\t\t<div class=\"elementor-element elementor-element-84861ac e-con-full e-flex e-con e-child\" data-id=\"84861ac\" data-element_type=\"container\" data-e-type=\"container\">\n\t\t\t\t<div class=\"elementor-element elementor-element-5233a83 elementor-invisible elementor-widget elementor-widget-text-editor\" data-id=\"5233a83\" data-element_type=\"widget\" data-e-type=\"widget\" data-settings=\"{&quot;_animation&quot;:&quot;fadeInUp&quot;}\" data-widget_type=\"text-editor.default\">\n\t\t\t\t\t\t\t\t\t<h2 style=\"text-align: left;\">Meldung von unerw\u00fcnschten ereignissen<\/h2>\t\t\t\t\t\t\t\t<\/div>\n\t\t\t\t<\/div>\n\t\t<div class=\"elementor-element elementor-element-7cd1f95 e-con-full card e-flex e-con e-child\" data-id=\"7cd1f95\" data-element_type=\"container\" data-e-type=\"container\">\n\t\t\t\t<div class=\"elementor-element elementor-element-1cb3166 elementor-widget elementor-widget-text-editor\" data-id=\"1cb3166\" data-element_type=\"widget\" data-e-type=\"widget\" data-widget_type=\"text-editor.default\">\n\t\t\t\t\t\t\t\t\t<h3>USA<\/h3><p><a href=\"tel:18444467633\">1-844-4-INSMED (1-844-446-7633)<\/a><\/p><p><a href=\"mailto:Safety@insmed.com\" target=\"_blank\" rel=\"noopener\">safety@insmed.com<\/a><\/p>\t\t\t\t\t\t\t\t<\/div>\n\t\t\t\t<\/div>\n\t\t<div class=\"elementor-element elementor-element-da907a8 e-con-full card e-flex e-con e-child\" data-id=\"da907a8\" data-element_type=\"container\" data-e-type=\"container\">\n\t\t\t\t<div class=\"elementor-element elementor-element-4983ab3 elementor-widget elementor-widget-text-editor\" data-id=\"4983ab3\" data-element_type=\"widget\" data-e-type=\"widget\" data-widget_type=\"text-editor.default\">\n\t\t\t\t\t\t\t\t\t<h3>Europa<\/h3><p><a href=\"mailto:Safety@insmed.com\" target=\"_blank\" rel=\"noopener\">safety@insmed.com<\/a><\/p>\t\t\t\t\t\t\t\t<\/div>\n\t\t\t\t<\/div>\n\t\t<div class=\"elementor-element elementor-element-cf67c1f e-con-full card e-flex e-con e-child\" data-id=\"cf67c1f\" data-element_type=\"container\" data-e-type=\"container\">\n\t\t\t\t<div class=\"elementor-element elementor-element-fd21109 elementor-widget elementor-widget-text-editor\" data-id=\"fd21109\" data-element_type=\"widget\" data-e-type=\"widget\" data-widget_type=\"text-editor.default\">\n\t\t\t\t\t\t\t\t\t<h3>Japan<\/h3><p><a href=\"mailto:insmed_j.safety@insmed.com\" target=\"_blank\" rel=\"noopener\">insmed_j.safety@insmed.com<\/a><\/p><p> <\/p>\t\t\t\t\t\t\t\t<\/div>\n\t\t\t\t<\/div>\n\t\t<div class=\"elementor-element elementor-element-c434384 e-con-full card e-flex e-con e-child\" data-id=\"c434384\" data-element_type=\"container\" data-e-type=\"container\">\n\t\t\t\t<div class=\"elementor-element elementor-element-147640d elementor-widget elementor-widget-text-editor\" data-id=\"147640d\" data-element_type=\"widget\" data-e-type=\"widget\" data-widget_type=\"text-editor.default\">\n\t\t\t\t\t\t\t\t\t<h3>Alle anderen L\u00e4nder<\/h3><p>Besuchen Sie<a href=\"https:\/\/insmed.com\/med-info\" target=\"_blank\" rel=\"noopener\"> insmed.com\/med-info<\/a> um eine l\u00e4nderspezifische Liste von Kontakten zu erhalten, bei denen Sie ein unerw\u00fcnschtes Ereignis melden k\u00f6nnen<\/p>\t\t\t\t\t\t\t\t<\/div>\n\t\t\t\t<\/div>\n\t\t\t\t<\/div>\n\t\t<div class=\"elementor-element elementor-element-9d11dc9 e-con-full e-flex e-con e-child\" data-id=\"9d11dc9\" data-element_type=\"container\" data-e-type=\"container\">\n\t\t<div class=\"elementor-element elementor-element-4e7e550 e-con-full e-flex e-con e-child\" data-id=\"4e7e550\" data-element_type=\"container\" data-e-type=\"container\">\n\t\t\t\t<div class=\"elementor-element elementor-element-0c7b5fb elementor-invisible elementor-widget elementor-widget-text-editor\" data-id=\"0c7b5fb\" data-element_type=\"widget\" data-e-type=\"widget\" data-settings=\"{&quot;_animation&quot;:&quot;fadeInUp&quot;}\" data-widget_type=\"text-editor.default\">\n\t\t\t\t\t\t\t\t\t<h2 style=\"text-align: left;\">Meldung von produktbeanstandungen<\/h2>\t\t\t\t\t\t\t\t<\/div>\n\t\t\t\t<\/div>\n\t\t<div class=\"elementor-element elementor-element-5a645a3 e-con-full card e-flex e-con e-child\" data-id=\"5a645a3\" data-element_type=\"container\" data-e-type=\"container\">\n\t\t\t\t<div class=\"elementor-element elementor-element-474e4e2 elementor-widget elementor-widget-text-editor\" data-id=\"474e4e2\" data-element_type=\"widget\" data-e-type=\"widget\" data-widget_type=\"text-editor.default\">\n\t\t\t\t\t\t\t\t\t<h3>USA<\/h3><p><a href=\"tel:18444467633\">1-844-4-INSMED (1-844-446-7633)<\/a><\/p><p><a href=\"mailto:productcomplaints@insmed.com\" target=\"_blank\" rel=\"noopener\">productcomplaints@insmed.com<\/a><\/p>\t\t\t\t\t\t\t\t<\/div>\n\t\t\t\t<\/div>\n\t\t<div class=\"elementor-element elementor-element-fd8667c e-con-full card e-flex e-con e-child\" data-id=\"fd8667c\" data-element_type=\"container\" data-e-type=\"container\">\n\t\t\t\t<div class=\"elementor-element elementor-element-7fe24b8 elementor-widget elementor-widget-text-editor\" data-id=\"7fe24b8\" data-element_type=\"widget\" data-e-type=\"widget\" data-widget_type=\"text-editor.default\">\n\t\t\t\t\t\t\t\t\t<h3>Japan<\/h3><p><a href=\"mailto:gkcomplaints@insmed.com\" target=\"_blank\" rel=\"noopener\">gkcomplaints@insmed.com<\/a><\/p>\t\t\t\t\t\t\t\t<\/div>\n\t\t\t\t<\/div>\n\t\t<div class=\"elementor-element elementor-element-637d3fc e-con-full card e-flex e-con e-child\" data-id=\"637d3fc\" data-element_type=\"container\" data-e-type=\"container\">\n\t\t\t\t<div class=\"elementor-element elementor-element-c4afb7b elementor-widget elementor-widget-text-editor\" data-id=\"c4afb7b\" data-element_type=\"widget\" data-e-type=\"widget\" data-widget_type=\"text-editor.default\">\n\t\t\t\t\t\t\t\t\t<h3>Alle anderen L\u00e4nder<\/h3><p>Besuchen Sie <a href=\"https:\/\/insmed.com\/med-info\" target=\"_blank\" rel=\"noopener\">insmed.com\/med-info<\/a> um eine l\u00e4nderspezifische Liste von Kontakten zu erhalten, bei denen Sie eine Produktbeanstandung einreichen k\u00f6nnen<\/p>\t\t\t\t\t\t\t\t<\/div>\n\t\t\t\t<\/div>\n\t\t\t\t<\/div>\n\t\t<div class=\"elementor-element elementor-element-efbb0c5 e-con-full e-flex e-con e-child\" data-id=\"efbb0c5\" data-element_type=\"container\" data-e-type=\"container\">\n\t\t<div class=\"elementor-element elementor-element-94550d5 e-con-full e-flex e-con e-child\" data-id=\"94550d5\" data-element_type=\"container\" data-e-type=\"container\">\n\t\t\t\t<div class=\"elementor-element elementor-element-b80b598 elementor-invisible elementor-widget elementor-widget-text-editor\" data-id=\"b80b598\" data-element_type=\"widget\" data-e-type=\"widget\" data-settings=\"{&quot;_animation&quot;:&quot;fadeInUp&quot;}\" data-widget_type=\"text-editor.default\">\n\t\t\t\t\t\t\t\t\t<h2 style=\"text-align: left;\">Sonstige Anfragen<\/h2>\t\t\t\t\t\t\t\t<\/div>\n\t\t\t\t<\/div>\n\t\t<div class=\"elementor-element elementor-element-564e98f e-con-full card e-flex e-con e-child\" data-id=\"564e98f\" data-element_type=\"container\" data-e-type=\"container\">\n\t\t\t\t<div class=\"elementor-element elementor-element-6d4dcb0 elementor-widget elementor-widget-text-editor\" data-id=\"6d4dcb0\" data-element_type=\"widget\" data-e-type=\"widget\" data-widget_type=\"text-editor.default\">\n\t\t\t\t\t\t\t\t\t<h3>Compliance<\/h3><p><a href=\"mailto:Compliance@insmed.com\" target=\"_blank\" rel=\"noopener\">compliance@insmed.com<\/a><\/p>\t\t\t\t\t\t\t\t<\/div>\n\t\t\t\t<\/div>\n\t\t<div class=\"elementor-element elementor-element-165f4a5 e-con-full card e-flex e-con e-child\" data-id=\"165f4a5\" data-element_type=\"container\" data-e-type=\"container\">\n\t\t\t\t<div class=\"elementor-element elementor-element-02c798f elementor-widget elementor-widget-text-editor\" data-id=\"02c798f\" data-element_type=\"widget\" data-e-type=\"widget\" data-widget_type=\"text-editor.default\">\n\t\t\t\t\t\t\t\t\t<h3>Rechtsabteilung<\/h3><p><a href=\"mailto:InsmedLegal@insmed.com\">insmedlegal@insmed.com<\/a><\/p>\t\t\t\t\t\t\t\t<\/div>\n\t\t\t\t<\/div>\n\t\t<div class=\"elementor-element elementor-element-6a67bfe e-con-full card e-flex e-con e-child\" data-id=\"6a67bfe\" data-element_type=\"container\" data-e-type=\"container\">\n\t\t\t\t<div class=\"elementor-element elementor-element-b316a32 elementor-widget elementor-widget-text-editor\" data-id=\"b316a32\" data-element_type=\"widget\" data-e-type=\"widget\" data-widget_type=\"text-editor.default\">\n\t\t\t\t\t\t\t\t\t<h3>Investor Relations<\/h3><p><a href=\"mailto:Investor.Relations@insmed.com\">investor.relations@insmed.com<\/a><\/p>\t\t\t\t\t\t\t\t<\/div>\n\t\t\t\t<\/div>\n\t\t<div class=\"elementor-element elementor-element-1f655f6 e-con-full card e-flex e-con e-child\" data-id=\"1f655f6\" data-element_type=\"container\" data-e-type=\"container\">\n\t\t\t\t<div class=\"elementor-element elementor-element-d41e6f8 elementor-widget elementor-widget-text-editor\" data-id=\"d41e6f8\" data-element_type=\"widget\" data-e-type=\"widget\" data-widget_type=\"text-editor.default\">\n\t\t\t\t\t\t\t\t\t<h3>Media<\/h3><p><a href=\"mailto:Media@insmed.com\">media@insmed.com<\/a><\/p>\t\t\t\t\t\t\t\t<\/div>\n\t\t\t\t<\/div>\n\t\t<div class=\"elementor-element elementor-element-9338423 e-con-full card e-flex e-con e-child\" data-id=\"9338423\" data-element_type=\"container\" data-e-type=\"container\">\n\t\t\t\t<div class=\"elementor-element elementor-element-a2a76f8 elementor-widget elementor-widget-text-editor\" data-id=\"a2a76f8\" data-element_type=\"widget\" data-e-type=\"widget\" data-widget_type=\"text-editor.default\">\n\t\t\t\t\t\t\t\t\t<h3>Medizinische Informationen<\/h3><p><a href=\"mailto:medicalinformation@insmed.com\">medicalinformation@insmed.com<\/a><\/p>\t\t\t\t\t\t\t\t<\/div>\n\t\t\t\t<\/div>\n\t\t\t\t<\/div>\n\t\t\t\t\t<\/div>\n\t\t\t\t<\/div>\n\t\t<div class=\"elementor-element elementor-element-ce893b8 dark-violet-row vyv-row e-flex e-con-boxed e-con e-parent\" data-id=\"ce893b8\" data-element_type=\"container\" data-e-type=\"container\">\n\t\t\t\t\t<div class=\"e-con-inner\">\n\t\t<div class=\"elementor-element elementor-element-3ad533f e-con-full e-flex elementor-invisible e-con e-child\" data-id=\"3ad533f\" data-element_type=\"container\" data-e-type=\"container\" data-settings=\"{&quot;animation&quot;:&quot;fadeInUp&quot;}\">\n\t\t\t\t<div class=\"elementor-element elementor-element-50eaeb4 elementor-widget elementor-widget-image\" data-id=\"50eaeb4\" data-element_type=\"widget\" data-e-type=\"widget\" data-widget_type=\"image.default\">\n\t\t\t\t\t\t\t\t\t\t\t\t\t\t\t<img decoding=\"async\" src=\"https:\/\/code.insmed.com\/wp-content\/uploads\/2025\/09\/vov-white.svg\" class=\"attachment-full size-full wp-image-888\" alt=\"Voice Our Values\" \/>\t\t\t\t\t\t\t\t\t\t\t\t\t\t\t<\/div>\n\t\t\t\t<\/div>\n\t\t<div class=\"elementor-element elementor-element-334224b e-con-full e-flex elementor-invisible e-con e-child\" data-id=\"334224b\" data-element_type=\"container\" data-e-type=\"container\" data-settings=\"{&quot;animation&quot;:&quot;fadeInUp&quot;,&quot;animation_delay&quot;:150}\">\n\t\t\t\t<div class=\"elementor-element elementor-element-50d2226 elementor-widget elementor-widget-text-editor\" data-id=\"50d2226\" data-element_type=\"widget\" data-e-type=\"widget\" data-widget_type=\"text-editor.default\">\n\t\t\t\t\t\t\t\t\t<p>Unser globales Speak-up-Programm hilft Ihnen, die Werte und die Kultur von Insmed zu verteidigen und zu sch\u00fctzen, indem Sie Ihre Stimme nutzen Insmed verfolgt einen Ansatz der offenen T\u00fcr, und ermutigt Sie, sich zu melden, wenn Sie etwas sehen, das nicht im Einklang mit unseren Werten und unserer Kultur ist.  <\/p><p><a class=\"text-link\" href=\"https:\/\/code.insmed.com\/de\/bringen-sie-unsere-werte-zum-ausdruck\/\">Erfahren Sie, wie Sie unsere Werte zum Ausdruck bringen<\/a><\/p>\t\t\t\t\t\t\t\t<\/div>\n\t\t\t\t<\/div>\n\t\t\t\t\t<\/div>\n\t\t\t\t<\/div>\n\t\t\t\t<\/div>\n\t\t","protected":false},"excerpt":{"rendered":"<p>Wichtige Ressourcen Wenn Sie Fragen oder Bedenken haben, sind wir f\u00fcr Sie da. Nur f\u00fcr mitarbeiter Polly: Ihr Compliance-Informationszentrum Besuchen Sie Polly Veeva: Richtlinien von Insmed Besuchen Sie Veeva Das INN Besuchen Sie das INN Insmed -Integrityline Geb\u00fchrenfrei: +1-844-539-2347 Internationale Anrufer: W\u00e4hlen Sie Ihren l\u00e4nderspezifischen Zugangscode und w\u00e4hlen Sie nach Aufforderung die Integrity Line-Nummer 844-539-2347 [&hellip;]<\/p>\n","protected":false},"author":1,"featured_media":0,"parent":0,"menu_order":10,"comment_status":"closed","ping_status":"closed","template":"","meta":{"_genesis_hide_title":false,"_genesis_hide_breadcrumbs":false,"_genesis_hide_singular_image":false,"_genesis_hide_footer_widgets":false,"_genesis_custom_body_class":"","_genesis_custom_post_class":"","_genesis_layout":"","footnotes":""},"class_list":{"0":"post-1137","1":"page","2":"type-page","3":"status-publish","5":"entry"},"_links":{"self":[{"href":"https:\/\/code.insmed.com\/de\/wp-json\/wp\/v2\/pages\/1137","targetHints":{"allow":["GET"]}}],"collection":[{"href":"https:\/\/code.insmed.com\/de\/wp-json\/wp\/v2\/pages"}],"about":[{"href":"https:\/\/code.insmed.com\/de\/wp-json\/wp\/v2\/types\/page"}],"author":[{"embeddable":true,"href":"https:\/\/code.insmed.com\/de\/wp-json\/wp\/v2\/users\/1"}],"replies":[{"embeddable":true,"href":"https:\/\/code.insmed.com\/de\/wp-json\/wp\/v2\/comments?post=1137"}],"version-history":[{"count":0,"href":"https:\/\/code.insmed.com\/de\/wp-json\/wp\/v2\/pages\/1137\/revisions"}],"wp:attachment":[{"href":"https:\/\/code.insmed.com\/de\/wp-json\/wp\/v2\/media?parent=1137"}],"curies":[{"name":"wp","href":"https:\/\/api.w.org\/{rel}","templated":true}]}}