{"id":1178,"date":"2025-08-28T20:58:23","date_gmt":"2025-08-29T00:58:23","guid":{"rendered":"https:\/\/codeofconduct1.wpenginepowered.com\/unser-versprechen-an-patienten\/klinische-studien\/"},"modified":"2025-10-24T15:37:58","modified_gmt":"2025-10-24T19:37:58","slug":"klinische-studien","status":"publish","type":"page","link":"https:\/\/code.insmed.com\/de\/unser-versprechen-an-patienten\/klinische-studien\/","title":{"rendered":"Klinische Studien"},"content":{"rendered":"\t\t<div data-elementor-type=\"wp-page\" data-elementor-id=\"1178\" class=\"elementor elementor-1178 elementor-21\" data-elementor-post-type=\"page\">\n\t\t\t\t<div class=\"elementor-element elementor-element-5cf2ffb subpage-header lightest-gray-row e-flex e-con-boxed e-con e-parent\" data-id=\"5cf2ffb\" data-element_type=\"container\" data-e-type=\"container\">\n\t\t\t\t\t<div class=\"e-con-inner\">\n\t\t<div class=\"elementor-element elementor-element-d0abafc e-con-full e-flex e-con e-child\" data-id=\"d0abafc\" data-element_type=\"container\" data-e-type=\"container\">\n\t\t\t\t<div class=\"elementor-element elementor-element-a145805 rainbow-h1 elementor-widget elementor-widget-text-editor\" data-id=\"a145805\" data-element_type=\"widget\" data-e-type=\"widget\" data-widget_type=\"text-editor.default\">\n\t\t\t\t\t\t\t\t\t<h1 style=\"text-align: center;\">Klinische Studien<\/h1><p style=\"text-align: center;\">Wir konzipieren und f\u00fchren klinische Studien sorgf\u00e4ltig durch, um die Sicherheit und Wirksamkeit unserer Therapien zu untersuchen. Dabei arbeiten wir funktions\u00fcbergreifend und zusammenarbeiten, um sicherzustellen, dass unsere Studien mit einem Schwerpunkt auf die Therapietreue konzipiert und durchgef\u00fchrt werden Wir f\u00fchren Studien auf ethische Weise durch und halten die h\u00f6chsten Qualit\u00e4tsstandards f\u00fcr klinische Studien ein, um die Integrit\u00e4t unserer klinischen Daten sicherzustellen Dar\u00fcber hinaus halten wir alle Gesetze, Vorschriften und Branchenkodizes ein und bleiben unserer Verpflichtung zur Einhaltung einer guten klinischen Praxis treu.  <\/p><p style=\"text-align: center;\">Wichtig ist, dass wir sicherstellen, dass die Patienten, die an unseren klinischen Studien teilnehmen, dies auf freiwilliger und informierter Basis tun und dass die potenziellen Risiken und Vorteile unserer Studien als angemessen betrachtet werden Das bedeutet, dass wir sicherstellen, dass unsere Studien, einschlie\u00dflich Protokolle und Einwilligungserkl\u00e4rungen, von institutionellen Pr\u00fcfungsaussch\u00fcssen\/unabh\u00e4ngigen Ethikaussch\u00fcssen \u00fcberpr\u00fcft und genehmigt werden, bevor die Teilnehmerf\u00fcr eine potenzielle Aufnahme untersucht werden  <\/p>\t\t\t\t\t\t\t\t<\/div>\n\t\t\t\t<div class=\"elementor-element elementor-element-9e5d27d scroll-down-indicator elementor-invisible elementor-widget elementor-widget-html\" data-id=\"9e5d27d\" data-element_type=\"widget\" data-e-type=\"widget\" data-settings=\"{&quot;_animation&quot;:&quot;fadeIn&quot;,&quot;_animation_delay&quot;:150}\" data-widget_type=\"html.default\">\n\t\t\t\t\t<i class=\"fa-sharp fa-regular fa-arrow-down-long\"><\/i>\t\t\t\t<\/div>\n\t\t\t\t<\/div>\n\t\t\t\t\t<\/div>\n\t\t\t\t<\/div>\n\t\t<div class=\"elementor-element elementor-element-0943491 how-we-do-it-row e-flex e-con-boxed e-con e-parent\" data-id=\"0943491\" data-element_type=\"container\" data-e-type=\"container\">\n\t\t\t\t\t<div class=\"e-con-inner\">\n\t\t<div class=\"elementor-element elementor-element-2797f20 e-con-full how-we-do-it-list-col e-flex elementor-invisible e-con e-child\" data-id=\"2797f20\" data-element_type=\"container\" data-e-type=\"container\" data-settings=\"{&quot;animation&quot;:&quot;fadeIn&quot;,&quot;animation_delay&quot;:150}\">\n\t\t\t\t<div class=\"elementor-element elementor-element-10e4ea7 elementor-widget elementor-widget-text-editor\" data-id=\"10e4ea7\" data-element_type=\"widget\" data-e-type=\"widget\" data-widget_type=\"text-editor.default\">\n\t\t\t\t\t\t\t\t\t<h2>Wie wir das machen<\/h2><ul><li>Bei der Auswahl von Pr\u00fcf\u00e4rzten und Pr\u00fcfzentren f\u00fcr klinische Studien pr\u00fcfen wir deren medizinische Fachkenntnisse und Erfahrung in der klinischen Forschung, um sicherzustellen, dass es keine Voreingenommenheit oder den Eindruck von Voreingenommenheit gibt<\/li><li>Wir geben die Ergebnisse klinischer Studien zeitnah und korrekt und in \u00dcbereinstimmung mit den relevanten Regeln, Vorschriften und Branchenkodizes an Pr\u00fcf\u00e4rzte, medizinische Fachkr\u00e4fte und die breite \u00d6ffentlichkeit weiter.<\/li><li>Wir stellen die Integrit\u00e4t der w\u00e4hrend der Studie erfassten klinischen Daten sicher und \u00fcberwachen die Datengenerierung und -erfassung, um uns vor betr\u00fcgerischen Daten oder unangemessenen Praktiken an den klinischen Pr\u00fcfzentren zu sch\u00fctzen<\/li><\/ul>\t\t\t\t\t\t\t\t<\/div>\n\t\t\t\t<\/div>\n\t\t<div class=\"elementor-element elementor-element-c48817e e-con-full how-we-do-it-img-col elementor-hidden-tablet elementor-hidden-mobile e-flex elementor-invisible e-con e-child\" data-id=\"c48817e\" data-element_type=\"container\" data-e-type=\"container\" data-settings=\"{&quot;animation&quot;:&quot;fadeIn&quot;,&quot;animation_delay&quot;:300}\">\n\t\t\t\t<div class=\"elementor-element elementor-element-eae8a07 rounded-img elementor-widget elementor-widget-image\" data-id=\"eae8a07\" data-element_type=\"widget\" data-e-type=\"widget\" data-widget_type=\"image.default\">\n\t\t\t\t\t\t\t\t\t\t\t\t\t\t\t<img fetchpriority=\"high\" decoding=\"async\" width=\"550\" height=\"640\" src=\"https:\/\/code.insmed.com\/wp-content\/uploads\/2025\/10\/iStock-163523637.webp\" class=\"attachment-full size-full wp-image-1177\" alt=\"\" srcset=\"https:\/\/code.insmed.com\/wp-content\/uploads\/2025\/10\/iStock-163523637.webp 550w, https:\/\/code.insmed.com\/wp-content\/uploads\/2025\/10\/iStock-163523637-258x300.webp 258w\" sizes=\"(max-width: 550px) 100vw, 550px\" \/>\t\t\t\t\t\t\t\t\t\t\t\t\t\t\t<\/div>\n\t\t\t\t<\/div>\n\t\t\t\t\t<\/div>\n\t\t\t\t<\/div>\n\t\t<div class=\"elementor-element elementor-element-9df5ff1 did-you-know-row e-flex e-con-boxed e-con e-parent\" data-id=\"9df5ff1\" data-element_type=\"container\" data-e-type=\"container\">\n\t\t\t\t\t<div class=\"e-con-inner\">\n\t\t<div class=\"elementor-element elementor-element-0976014 e-con-full callout-card e-flex elementor-invisible e-con e-child\" data-id=\"0976014\" data-element_type=\"container\" data-e-type=\"container\" data-settings=\"{&quot;animation&quot;:&quot;fadeInUp&quot;}\">\n\t\t<div class=\"elementor-element elementor-element-4c1e4db e-con-full callout-icon e-flex e-con e-child\" data-id=\"4c1e4db\" data-element_type=\"container\" data-e-type=\"container\">\n\t\t\t\t<div class=\"elementor-element elementor-element-301716e elementor-widget elementor-widget-image\" data-id=\"301716e\" data-element_type=\"widget\" data-e-type=\"widget\" data-widget_type=\"image.default\">\n\t\t\t\t\t\t\t\t\t\t\t\t\t\t\t<img decoding=\"async\" width=\"40\" height=\"40\" src=\"https:\/\/code.insmed.com\/wp-content\/uploads\/2025\/09\/did-you-know-icon.svg\" class=\"attachment-full size-full wp-image-1171\" alt=\"\" \/>\t\t\t\t\t\t\t\t\t\t\t\t\t\t\t<\/div>\n\t\t\t\t<\/div>\n\t\t<div class=\"elementor-element elementor-element-5e55924 e-con-full callout-header e-flex e-con e-child\" data-id=\"5e55924\" data-element_type=\"container\" data-e-type=\"container\">\n\t\t\t\t<div class=\"elementor-element elementor-element-4349685 elementor-widget elementor-widget-text-editor\" data-id=\"4349685\" data-element_type=\"widget\" data-e-type=\"widget\" data-widget_type=\"text-editor.default\">\n\t\t\t\t\t\t\t\t\t<h2>Wussten Sie, dass&#8230;<\/h2>\t\t\t\t\t\t\t\t<\/div>\n\t\t\t\t<\/div>\n\t\t<div class=\"elementor-element elementor-element-b2dd155 e-con-full callout-body e-flex e-con e-child\" data-id=\"b2dd155\" data-element_type=\"container\" data-e-type=\"container\">\n\t\t\t\t<div class=\"elementor-element elementor-element-3f48259 elementor-widget elementor-widget-text-editor\" data-id=\"3f48259\" data-element_type=\"widget\" data-e-type=\"widget\" data-widget_type=\"text-editor.default\">\n\t\t\t\t\t\t\t\t\t<p>Insmed nimmt seine Verantwortung f\u00fcr den Schutz der Gesundheitsinformationen, die uns von Teilnehmern klinischer Studien zur Verf\u00fcgung gestellt werden, ernst Die Drittanbieter, die unsere klinischen Studien unterst\u00fctzen, m\u00fcssen sich der gleichen Verantwortung stellen Insmed und unsere Lieferanten gehen bei der Erfassung, \u00dcberpr\u00fcfung oder Verwendung von Gesundheitsinformationen mit Sorgfalt vor, verwenden sie nur f\u00fcr Zwecke, die mit der Studie in Zusammenhang stehen, und sch\u00fctzen jederzeit deren Sicherheit  <\/p>\t\t\t\t\t\t\t\t<\/div>\n\t\t\t\t<\/div>\n\t\t\t\t<\/div>\n\t\t\t\t\t<\/div>\n\t\t\t\t<\/div>\n\t\t<div class=\"elementor-element elementor-element-fdce424 continue-exploring-row dark-violet-row e-flex e-con-boxed e-con e-parent\" data-id=\"fdce424\" data-element_type=\"container\" data-e-type=\"container\">\n\t\t\t\t\t<div class=\"e-con-inner\">\n\t\t<div class=\"elementor-element elementor-element-08d88f8 e-con-full continue-exploring-header e-flex elementor-invisible e-con e-child\" data-id=\"08d88f8\" data-element_type=\"container\" data-e-type=\"container\" data-settings=\"{&quot;animation&quot;:&quot;fadeInUp&quot;}\">\n\t\t\t\t<div class=\"elementor-element elementor-element-b88b069 elementor-widget elementor-widget-text-editor\" data-id=\"b88b069\" data-element_type=\"widget\" data-e-type=\"widget\" data-widget_type=\"text-editor.default\">\n\t\t\t\t\t\t\t\t\t<p>Erkunden Sie weiter<\/p><h2>Unser Versprechen an Patienten<\/h2>\t\t\t\t\t\t\t\t<\/div>\n\t\t\t\t<\/div>\n\t\t<div class=\"elementor-element elementor-element-39dc231 e-con-full card e-flex elementor-invisible e-con e-child\" data-id=\"39dc231\" data-element_type=\"container\" data-e-type=\"container\" data-settings=\"{&quot;animation&quot;:&quot;fadeInUp&quot;,&quot;animation_delay&quot;:150}\">\n\t\t\t\t<div class=\"elementor-element elementor-element-737e69e elementor-widget elementor-widget-text-editor\" data-id=\"737e69e\" data-element_type=\"widget\" data-e-type=\"widget\" data-widget_type=\"text-editor.default\">\n\t\t\t\t\t\t\t\t\t<h3><a href=\"https:\/\/code.insmed.com\/de\/unser-versprechen-an-patienten\/patientensicherheit-und-produktqualitaet\/\">Patientensicherheit und Produktqualit\u00e4t<\/a><\/h3>\t\t\t\t\t\t\t\t<\/div>\n\t\t\t\t<\/div>\n\t\t\t\t\t<\/div>\n\t\t\t\t<\/div>\n\t\t\t\t<\/div>\n\t\t","protected":false},"excerpt":{"rendered":"<p>Klinische Studien Wir konzipieren und f\u00fchren klinische Studien sorgf\u00e4ltig durch, um die Sicherheit und Wirksamkeit unserer Therapien zu untersuchen. Dabei arbeiten wir funktions\u00fcbergreifend und zusammenarbeiten, um sicherzustellen, dass unsere Studien mit einem Schwerpunkt auf die Therapietreue konzipiert und durchgef\u00fchrt werden Wir f\u00fchren Studien auf ethische Weise durch und halten die h\u00f6chsten Qualit\u00e4tsstandards f\u00fcr klinische Studien [&hellip;]<\/p>\n","protected":false},"author":1,"featured_media":0,"parent":1165,"menu_order":10,"comment_status":"closed","ping_status":"closed","template":"","meta":{"_genesis_hide_title":false,"_genesis_hide_breadcrumbs":false,"_genesis_hide_singular_image":false,"_genesis_hide_footer_widgets":false,"_genesis_custom_body_class":"","_genesis_custom_post_class":"","_genesis_layout":"","footnotes":""},"class_list":{"0":"post-1178","1":"page","2":"type-page","3":"status-publish","5":"entry"},"_links":{"self":[{"href":"https:\/\/code.insmed.com\/de\/wp-json\/wp\/v2\/pages\/1178","targetHints":{"allow":["GET"]}}],"collection":[{"href":"https:\/\/code.insmed.com\/de\/wp-json\/wp\/v2\/pages"}],"about":[{"href":"https:\/\/code.insmed.com\/de\/wp-json\/wp\/v2\/types\/page"}],"author":[{"embeddable":true,"href":"https:\/\/code.insmed.com\/de\/wp-json\/wp\/v2\/users\/1"}],"replies":[{"embeddable":true,"href":"https:\/\/code.insmed.com\/de\/wp-json\/wp\/v2\/comments?post=1178"}],"version-history":[{"count":0,"href":"https:\/\/code.insmed.com\/de\/wp-json\/wp\/v2\/pages\/1178\/revisions"}],"up":[{"embeddable":true,"href":"https:\/\/code.insmed.com\/de\/wp-json\/wp\/v2\/pages\/1165"}],"wp:attachment":[{"href":"https:\/\/code.insmed.com\/de\/wp-json\/wp\/v2\/media?parent=1178"}],"curies":[{"name":"wp","href":"https:\/\/api.w.org\/{rel}","templated":true}]}}