{"id":1185,"date":"2025-08-28T20:58:23","date_gmt":"2025-08-29T00:58:23","guid":{"rendered":"https:\/\/codeofconduct1.wpenginepowered.com\/vertrauen-und-transparenz-gegenueber-medizinischen-fachkraeften\/interaktionen-mit-medizinischen-fachkraeften\/"},"modified":"2025-10-24T15:40:23","modified_gmt":"2025-10-24T19:40:23","slug":"interaktionen-mit-medizinischen-fachkraeften","status":"publish","type":"page","link":"https:\/\/code.insmed.com\/de\/vertrauen-und-transparenz-gegenueber-medizinischen-fachkraeften\/interaktionen-mit-medizinischen-fachkraeften\/","title":{"rendered":"Interaktionen mit medizinischen Fachkr\u00e4ften"},"content":{"rendered":"\t\t<div data-elementor-type=\"wp-page\" data-elementor-id=\"1185\" class=\"elementor elementor-1185 elementor-25\" data-elementor-post-type=\"page\">\n\t\t\t\t<div class=\"elementor-element elementor-element-0d08f5d subpage-header lightest-gray-row e-flex e-con-boxed e-con e-parent\" data-id=\"0d08f5d\" data-element_type=\"container\" data-e-type=\"container\">\n\t\t\t\t\t<div class=\"e-con-inner\">\n\t\t<div class=\"elementor-element elementor-element-41592da e-con-full e-flex e-con e-child\" data-id=\"41592da\" data-element_type=\"container\" data-e-type=\"container\">\n\t\t\t\t<div class=\"elementor-element elementor-element-c96e0f0 rainbow-h1 elementor-widget elementor-widget-text-editor\" data-id=\"c96e0f0\" data-element_type=\"widget\" data-e-type=\"widget\" data-widget_type=\"text-editor.default\">\n\t\t\t\t\t\t\t\t\t<h1 style=\"text-align: center;\">Interaktionen mit medizinischen Fachkr\u00e4ften<\/h1><p style=\"text-align: center;\">Bei Insmed kommunizieren wir h\u00e4ufig mit medizinischen Fachkr\u00e4ften (Healthcare Professionals, HCPs), um Informationen \u00fcber unsere Therapien und damit verbundene Krankheitszust\u00e4nde auszutauschen Unser Ziel ist es, sicherzustellen, dass diese Personen \u00fcber genaue und aktuelle Informationen verf\u00fcgen, damit sie die besten Entscheidungen f\u00fcr ihre Patienten treffen k\u00f6nnen <\/p><p style=\"text-align: center;\">Jeder bei Insmed hat ein gemeinsames Ziel: Patienten zu dienen. Obwohl unsere Mission die gleiche ist, interagieren verschiedene Funktionen auf unterschiedliche Weise mit HCPs, und oft besteht die Notwendigkeit, diese Interaktionen getrennt zu halten Unabh\u00e4ngig von unserer Funktion ist es von entscheidender Bedeutung, dass wir die Regeln, Vorschriften und Branchenstandards f\u00fcr den Umgang mit medizinischen Fachkr\u00e4ften einhalten Unsere internen Richtlinien und Leitlinien helfen uns sicherzustellen, dass die richtigen Personen zur richtigen Zeit an den richtigen Aktivit\u00e4ten beteiligt sind   <\/p>\t\t\t\t\t\t\t\t<\/div>\n\t\t\t\t<div class=\"elementor-element elementor-element-881ee20 scroll-down-indicator elementor-invisible elementor-widget elementor-widget-html\" data-id=\"881ee20\" data-element_type=\"widget\" data-e-type=\"widget\" data-settings=\"{&quot;_animation&quot;:&quot;fadeIn&quot;,&quot;_animation_delay&quot;:150}\" data-widget_type=\"html.default\">\n\t\t\t\t\t<i class=\"fa-sharp fa-regular fa-arrow-down-long\"><\/i>\t\t\t\t<\/div>\n\t\t\t\t<\/div>\n\t\t\t\t\t<\/div>\n\t\t\t\t<\/div>\n\t\t<div class=\"elementor-element elementor-element-be9b9cb how-we-do-it-row e-flex e-con-boxed e-con e-parent\" data-id=\"be9b9cb\" data-element_type=\"container\" data-e-type=\"container\">\n\t\t\t\t\t<div class=\"e-con-inner\">\n\t\t<div class=\"elementor-element elementor-element-5c4f9ee e-con-full how-we-do-it-list-col e-flex elementor-invisible e-con e-child\" data-id=\"5c4f9ee\" data-element_type=\"container\" data-e-type=\"container\" data-settings=\"{&quot;animation&quot;:&quot;fadeIn&quot;,&quot;animation_delay&quot;:150}\">\n\t\t\t\t<div class=\"elementor-element elementor-element-5512036 elementor-widget elementor-widget-text-editor\" data-id=\"5512036\" data-element_type=\"widget\" data-e-type=\"widget\" data-widget_type=\"text-editor.default\">\n\t\t\t\t\t\t\t\t\t<h2>Wie wir das machen<\/h2><ul><li>Wir stellen sicher, dass die Mitarbeiter die Regeln und Vorschriften, die f\u00fcr unsere Interaktionen mit medizinischen Fachkr\u00e4ften gelten, kennen und diese jederzeit einhalten<\/li><li>Wir kommunizieren nur mit medizinischen Fachkr\u00e4ften, um vollst\u00e4ndige und genaue Informationen \u00fcber unsere Produkte auszutauschen<\/li><li>Wir versuchen niemals, das unabh\u00e4ngige medizinische Urteil eines HCP zum Wohle von Insmed (oder des pers\u00f6nlichen Nutzens eines Mitarbeiters) zu beeinflussen<\/li><li>Wir f\u00f6rdern niemals die Verwendung von nicht zugelassenen oder in der Erprobung befindlichen Produkten.<\/li><li>Wir halten die Regeln des wissenschaftlichen Austauschs bei jeglicher Off-Label-Kommunikation ein.<\/li><li>Wir verf\u00fcgen \u00fcber strenge Richtlinien und Prozesse, um sicherzustellen, dass Materialien und Mitteilungen, die sich an HCPs richten, wahrheitsgem\u00e4\u00df, fair und ausgewogen sind und durch eine genehmigte Kennzeichnung oder angemessene Daten gest\u00fctzt werden<\/li><li>Wir halten die vielen Branchenkodizes, Gesetze und Vorschriften ein, die den Austausch von Geschenken und Unterhaltung zwischen unseren Mitarbeitern und den HCPs, mit denen wir zusammenarbeiten, verbieten oder einschr\u00e4nken<\/li><\/ul>\t\t\t\t\t\t\t\t<\/div>\n\t\t\t\t<\/div>\n\t\t<div class=\"elementor-element elementor-element-463c7e9 e-con-full how-we-do-it-img-col elementor-hidden-tablet elementor-hidden-mobile e-flex elementor-invisible e-con e-child\" data-id=\"463c7e9\" data-element_type=\"container\" data-e-type=\"container\" data-settings=\"{&quot;animation&quot;:&quot;fadeIn&quot;,&quot;animation_delay&quot;:300}\">\n\t\t\t\t<div class=\"elementor-element elementor-element-cdf771b rounded-img elementor-widget elementor-widget-image\" data-id=\"cdf771b\" data-element_type=\"widget\" data-e-type=\"widget\" data-widget_type=\"image.default\">\n\t\t\t\t\t\t\t\t\t\t\t\t\t\t\t<img fetchpriority=\"high\" decoding=\"async\" width=\"550\" height=\"640\" src=\"https:\/\/code.insmed.com\/wp-content\/uploads\/2025\/09\/2022_Insmed-16.webp\" class=\"attachment-full size-full wp-image-1184\" alt=\"\" srcset=\"https:\/\/code.insmed.com\/wp-content\/uploads\/2025\/09\/2022_Insmed-16.webp 550w, https:\/\/code.insmed.com\/wp-content\/uploads\/2025\/09\/2022_Insmed-16-258x300.webp 258w\" sizes=\"(max-width: 550px) 100vw, 550px\" \/>\t\t\t\t\t\t\t\t\t\t\t\t\t\t\t<\/div>\n\t\t\t\t<\/div>\n\t\t\t\t\t<\/div>\n\t\t\t\t<\/div>\n\t\t<div class=\"elementor-element elementor-element-e6c6288 did-you-know-row e-flex e-con-boxed e-con e-parent\" data-id=\"e6c6288\" data-element_type=\"container\" data-e-type=\"container\">\n\t\t\t\t\t<div class=\"e-con-inner\">\n\t\t<div class=\"elementor-element elementor-element-4d0a8b8 e-con-full callout-card e-flex elementor-invisible e-con e-child\" data-id=\"4d0a8b8\" data-element_type=\"container\" data-e-type=\"container\" data-settings=\"{&quot;animation&quot;:&quot;fadeInUp&quot;}\">\n\t\t<div class=\"elementor-element elementor-element-31e1753 e-con-full callout-icon e-flex e-con e-child\" data-id=\"31e1753\" data-element_type=\"container\" data-e-type=\"container\">\n\t\t\t\t<div class=\"elementor-element elementor-element-2fe4c0a elementor-widget elementor-widget-image\" data-id=\"2fe4c0a\" data-element_type=\"widget\" data-e-type=\"widget\" data-widget_type=\"image.default\">\n\t\t\t\t\t\t\t\t\t\t\t\t\t\t\t<img decoding=\"async\" width=\"40\" height=\"40\" src=\"https:\/\/code.insmed.com\/wp-content\/uploads\/2025\/09\/did-you-know-icon.svg\" class=\"attachment-full size-full wp-image-1171\" alt=\"\" \/>\t\t\t\t\t\t\t\t\t\t\t\t\t\t\t<\/div>\n\t\t\t\t<\/div>\n\t\t<div class=\"elementor-element elementor-element-e37e87f e-con-full callout-header e-flex e-con e-child\" data-id=\"e37e87f\" data-element_type=\"container\" data-e-type=\"container\">\n\t\t\t\t<div class=\"elementor-element elementor-element-854d069 elementor-widget elementor-widget-text-editor\" data-id=\"854d069\" data-element_type=\"widget\" data-e-type=\"widget\" data-widget_type=\"text-editor.default\">\n\t\t\t\t\t\t\t\t\t<h2>Wussten Sie, dass&#8230;<\/h2>\t\t\t\t\t\t\t\t<\/div>\n\t\t\t\t<\/div>\n\t\t<div class=\"elementor-element elementor-element-7024dc2 e-con-full callout-body e-flex e-con e-child\" data-id=\"7024dc2\" data-element_type=\"container\" data-e-type=\"container\">\n\t\t\t\t<div class=\"elementor-element elementor-element-3488b78 elementor-widget elementor-widget-text-editor\" data-id=\"3488b78\" data-element_type=\"widget\" data-e-type=\"widget\" data-widget_type=\"text-editor.default\">\n\t\t\t\t\t\t\t\t\t<p>Zu den HCPs geh\u00f6ren \u00c4rzte, Arzthelfer, Krankenpflegepersonal, Pflegekr\u00e4fte, Apotheker und alle anderen Anbieter, die medizinische Produkte oder Dienstleistungen verschreiben, verabreichen, kaufen oder empfehlen k\u00f6nnen<\/p>\t\t\t\t\t\t\t\t<\/div>\n\t\t\t\t<\/div>\n\t\t\t\t<\/div>\n\t\t\t\t\t<\/div>\n\t\t\t\t<\/div>\n\t\t<div class=\"elementor-element elementor-element-613603f continue-exploring-row dark-violet-row e-flex e-con-boxed e-con e-parent\" data-id=\"613603f\" data-element_type=\"container\" data-e-type=\"container\">\n\t\t\t\t\t<div class=\"e-con-inner\">\n\t\t<div class=\"elementor-element elementor-element-59d6052 e-con-full continue-exploring-header e-flex elementor-invisible e-con e-child\" data-id=\"59d6052\" data-element_type=\"container\" data-e-type=\"container\" data-settings=\"{&quot;animation&quot;:&quot;fadeInUp&quot;}\">\n\t\t\t\t<div class=\"elementor-element elementor-element-8cb16d6 elementor-widget elementor-widget-text-editor\" data-id=\"8cb16d6\" data-element_type=\"widget\" data-e-type=\"widget\" data-widget_type=\"text-editor.default\">\n\t\t\t\t\t\t\t\t\tErkunden Sie weiter\n<h2>Vertrauen und Transparenz gegen\u00fcber medizinischen Fachkr\u00e4ften<\/h2>\t\t\t\t\t\t\t\t<\/div>\n\t\t\t\t<\/div>\n\t\t<div class=\"elementor-element elementor-element-7c97975 e-con-full card e-flex elementor-invisible e-con e-child\" data-id=\"7c97975\" data-element_type=\"container\" data-e-type=\"container\" data-settings=\"{&quot;animation&quot;:&quot;fadeInUp&quot;,&quot;animation_delay&quot;:150}\">\n\t\t\t\t<div class=\"elementor-element elementor-element-525a9f4 elementor-widget elementor-widget-text-editor\" data-id=\"525a9f4\" data-element_type=\"widget\" data-e-type=\"widget\" data-widget_type=\"text-editor.default\">\n\t\t\t\t\t\t\t\t\t<h3><a href=\"https:\/\/code.insmed.com\/de\/vertrauen-und-transparenz-gegenueber-medizinischen-fachkraeften\/marketing-und-werbepraktiken\/\">Marketing- und Werbepraktiken<\/a><\/h3>\t\t\t\t\t\t\t\t<\/div>\n\t\t\t\t<\/div>\n\t\t<div class=\"elementor-element elementor-element-6bab6cf e-con-full card e-flex elementor-invisible e-con e-child\" data-id=\"6bab6cf\" data-element_type=\"container\" data-e-type=\"container\" data-settings=\"{&quot;animation&quot;:&quot;fadeInUp&quot;,&quot;animation_delay&quot;:150}\">\n\t\t\t\t<div class=\"elementor-element elementor-element-7c0f1cc elementor-widget elementor-widget-text-editor\" data-id=\"7c0f1cc\" data-element_type=\"widget\" data-e-type=\"widget\" data-widget_type=\"text-editor.default\">\n\t\t\t\t\t\t\t\t\t<h3><a href=\"https:\/\/code.insmed.com\/de\/vertrauen-und-transparenz-gegenueber-medizinischen-fachkraeften\/bewirtungen-fortbildungsmaterialien-und-geschenke\/\">Mahlzeiten, Bildungsartikel und Geschenke<\/a><\/h3>\t\t\t\t\t\t\t\t<\/div>\n\t\t\t\t<\/div>\n\t\t\t\t\t<\/div>\n\t\t\t\t<\/div>\n\t\t\t\t<\/div>\n\t\t","protected":false},"excerpt":{"rendered":"<p>Interaktionen mit medizinischen Fachkr\u00e4ften Bei Insmed kommunizieren wir h\u00e4ufig mit medizinischen Fachkr\u00e4ften (Healthcare Professionals, HCPs), um Informationen \u00fcber unsere Therapien und damit verbundene Krankheitszust\u00e4nde auszutauschen Unser Ziel ist es, sicherzustellen, dass diese Personen \u00fcber genaue und aktuelle Informationen verf\u00fcgen, damit sie die besten Entscheidungen f\u00fcr ihre Patienten treffen k\u00f6nnen Jeder bei Insmed hat ein gemeinsames [&hellip;]<\/p>\n","protected":false},"author":1,"featured_media":0,"parent":1181,"menu_order":10,"comment_status":"closed","ping_status":"closed","template":"","meta":{"_genesis_hide_title":false,"_genesis_hide_breadcrumbs":false,"_genesis_hide_singular_image":false,"_genesis_hide_footer_widgets":false,"_genesis_custom_body_class":"","_genesis_custom_post_class":"","_genesis_layout":"","footnotes":""},"class_list":{"0":"post-1185","1":"page","2":"type-page","3":"status-publish","5":"entry"},"_links":{"self":[{"href":"https:\/\/code.insmed.com\/de\/wp-json\/wp\/v2\/pages\/1185","targetHints":{"allow":["GET"]}}],"collection":[{"href":"https:\/\/code.insmed.com\/de\/wp-json\/wp\/v2\/pages"}],"about":[{"href":"https:\/\/code.insmed.com\/de\/wp-json\/wp\/v2\/types\/page"}],"author":[{"embeddable":true,"href":"https:\/\/code.insmed.com\/de\/wp-json\/wp\/v2\/users\/1"}],"replies":[{"embeddable":true,"href":"https:\/\/code.insmed.com\/de\/wp-json\/wp\/v2\/comments?post=1185"}],"version-history":[{"count":0,"href":"https:\/\/code.insmed.com\/de\/wp-json\/wp\/v2\/pages\/1185\/revisions"}],"up":[{"embeddable":true,"href":"https:\/\/code.insmed.com\/de\/wp-json\/wp\/v2\/pages\/1181"}],"wp:attachment":[{"href":"https:\/\/code.insmed.com\/de\/wp-json\/wp\/v2\/media?parent=1185"}],"curies":[{"name":"wp","href":"https:\/\/api.w.org\/{rel}","templated":true}]}}