{"id":1189,"date":"2025-08-28T20:58:23","date_gmt":"2025-08-29T00:58:23","guid":{"rendered":"https:\/\/codeofconduct1.wpenginepowered.com\/vertrauen-und-transparenz-gegenueber-medizinischen-fachkraeften\/marketing-und-werbepraktiken\/"},"modified":"2025-10-24T15:54:29","modified_gmt":"2025-10-24T19:54:29","slug":"marketing-und-werbepraktiken","status":"publish","type":"page","link":"https:\/\/code.insmed.com\/de\/vertrauen-und-transparenz-gegenueber-medizinischen-fachkraeften\/marketing-und-werbepraktiken\/","title":{"rendered":"Marketing- und Werbepraktiken"},"content":{"rendered":"\t\t<div data-elementor-type=\"wp-page\" data-elementor-id=\"1189\" class=\"elementor elementor-1189 elementor-27\" data-elementor-post-type=\"page\">\n\t\t\t\t<div class=\"elementor-element elementor-element-c8a3610 subpage-header lightest-gray-row e-flex e-con-boxed e-con e-parent\" data-id=\"c8a3610\" data-element_type=\"container\" data-e-type=\"container\">\n\t\t\t\t\t<div class=\"e-con-inner\">\n\t\t<div class=\"elementor-element elementor-element-10f5cf6 e-con-full e-flex e-con e-child\" data-id=\"10f5cf6\" data-element_type=\"container\" data-e-type=\"container\">\n\t\t\t\t<div class=\"elementor-element elementor-element-4e94052 rainbow-h1 elementor-widget elementor-widget-text-editor\" data-id=\"4e94052\" data-element_type=\"widget\" data-e-type=\"widget\" data-widget_type=\"text-editor.default\">\n\t\t\t\t\t\t\t\t\t<h1 style=\"text-align: center;\">Marketing- und Werbepraktiken<\/h1><p style=\"text-align: center;\">Die Gesundheit und Sicherheit unserer Patienten h\u00e4ngt von unserer Verpflichtung ab, unsere Produkte stets korrekt und vollst\u00e4ndig zu vermarkten, zu kennzeichnen und zu bewerben Dies erm\u00f6glicht es medizinischen Fachkr\u00e4ften (Healthcare Professionals, HCPs) und Patienten, informierte und sichere Entscheidungen \u00fcber die Anwendung unserer Produkte zu treffen. Es gibt weltweit viele Gesetze, die die Art und Weise, wie wir unsere Produkte bewerben und vermarkten, streng regeln; Wir nehmen diese Gesetze sehr ernst und halten sie jederzeit ein.  <\/p>\t\t\t\t\t\t\t\t<\/div>\n\t\t\t\t<div class=\"elementor-element elementor-element-8d394ba scroll-down-indicator elementor-invisible elementor-widget elementor-widget-html\" data-id=\"8d394ba\" data-element_type=\"widget\" data-e-type=\"widget\" data-settings=\"{&quot;_animation&quot;:&quot;fadeIn&quot;,&quot;_animation_delay&quot;:150}\" data-widget_type=\"html.default\">\n\t\t\t\t\t<i class=\"fa-sharp fa-regular fa-arrow-down-long\"><\/i>\t\t\t\t<\/div>\n\t\t\t\t<\/div>\n\t\t\t\t\t<\/div>\n\t\t\t\t<\/div>\n\t\t<div class=\"elementor-element elementor-element-166aa0a how-we-do-it-row e-flex e-con-boxed e-con e-parent\" data-id=\"166aa0a\" data-element_type=\"container\" data-e-type=\"container\">\n\t\t\t\t\t<div class=\"e-con-inner\">\n\t\t<div class=\"elementor-element elementor-element-9f91248 e-con-full how-we-do-it-list-col e-flex elementor-invisible e-con e-child\" data-id=\"9f91248\" data-element_type=\"container\" data-e-type=\"container\" data-settings=\"{&quot;animation&quot;:&quot;fadeIn&quot;,&quot;animation_delay&quot;:150}\">\n\t\t\t\t<div class=\"elementor-element elementor-element-0d2b790 elementor-widget elementor-widget-text-editor\" data-id=\"0d2b790\" data-element_type=\"widget\" data-e-type=\"widget\" data-widget_type=\"text-editor.default\">\n\t\t\t\t\t\t\t\t\t<h2>Wie machen wir es<\/h2><ul><li><strong>F\u00fcr Mitarbeiter, zu deren Rolle die Werbung f\u00fcr unsere Produkte geh\u00f6rt, schulen wir nach den folgenden Richtlinien:<\/strong><ul><li>Verstehen Sie, wie unsere Richtlinien und Standardbetriebsverfahren, die auf den Gesetzen, Vorschriften und Kodizes basieren, die die Bewerbung unserer Produkte regeln, f\u00fcr Ihre Arbeit gelten, und lassen Sie sich beraten, wenn Sie Fragen haben<\/li><li>Verwenden Sie nur genehmigte Diskussionspunkte und Materialien, die geeignete \u00dcberpr\u00fcfungsprozesse durchlaufen haben, um Informationen \u00fcber unsere Produkte zu beschreiben und zu kommunizieren<\/li><li>Verbreiten Sie nur Werbematerialien, die f\u00fcr die Verwendung in dem spezifischen Umfeld genehmigt wurden, in dem Sie sie verwenden<\/li><li>Kommunizieren Sie niemals auf eine Weise \u00fcber unsere Produkte, die \u00fcber Ihre Rolle bei Insmed hinausgeht<\/li><\/ul><\/li><li><strong>Wir stellen sicher, dass unsere Werbematerialien:<\/strong><ul><li>\u00dcbereinstimmen mit dem von der staatlichen Beh\u00f6rde zugelassenen Anwendungsbereich des Produkts<\/li><li>Freigegeben sind vom kommerziellen Pr\u00fcfungsausschuss (Commercial Review Committee) f\u00fcr bestimmte Mitarbeitergruppen zur Verwendung bei bestimmten Zielgruppen.<\/li><li>Wahrheitsgem\u00e4ss, genau und nicht irref\u00fchrend sind.<\/li><li>Gest\u00fctzt durch wissenschaftliche Daten.<\/li><li>Ausgewogen sind, da sowohl die Risiken als auch die Vorteile des Produkts offengelegt werden.<\/li><\/ul><\/li><\/ul>\t\t\t\t\t\t\t\t<\/div>\n\t\t\t\t<\/div>\n\t\t<div class=\"elementor-element elementor-element-90e8ac0 e-con-full how-we-do-it-img-col elementor-hidden-tablet elementor-hidden-mobile e-flex elementor-invisible e-con e-child\" data-id=\"90e8ac0\" data-element_type=\"container\" data-e-type=\"container\" data-settings=\"{&quot;animation&quot;:&quot;fadeIn&quot;,&quot;animation_delay&quot;:300}\">\n\t\t\t\t<div class=\"elementor-element elementor-element-30e6bd5 rounded-img elementor-widget elementor-widget-image\" data-id=\"30e6bd5\" data-element_type=\"widget\" data-e-type=\"widget\" data-widget_type=\"image.default\">\n\t\t\t\t\t\t\t\t\t\t\t\t\t\t\t<img fetchpriority=\"high\" decoding=\"async\" width=\"1100\" height=\"1280\" src=\"https:\/\/code.insmed.com\/wp-content\/uploads\/2025\/09\/250407_INSMED_0621-2.webp\" class=\"attachment-full size-full wp-image-1187\" alt=\"\" srcset=\"https:\/\/code.insmed.com\/wp-content\/uploads\/2025\/09\/250407_INSMED_0621-2.webp 1100w, https:\/\/code.insmed.com\/wp-content\/uploads\/2025\/09\/250407_INSMED_0621-2-258x300.webp 258w, https:\/\/code.insmed.com\/wp-content\/uploads\/2025\/09\/250407_INSMED_0621-2-880x1024.webp 880w, https:\/\/code.insmed.com\/wp-content\/uploads\/2025\/09\/250407_INSMED_0621-2-768x894.webp 768w\" sizes=\"(max-width: 1100px) 100vw, 1100px\" \/>\t\t\t\t\t\t\t\t\t\t\t\t\t\t\t<\/div>\n\t\t\t\t<\/div>\n\t\t\t\t\t<\/div>\n\t\t\t\t<\/div>\n\t\t<div class=\"elementor-element elementor-element-2a9734b did-you-know-row e-flex e-con-boxed e-con e-parent\" data-id=\"2a9734b\" data-element_type=\"container\" data-e-type=\"container\">\n\t\t\t\t\t<div class=\"e-con-inner\">\n\t\t<div class=\"elementor-element elementor-element-159a1cf e-con-full callout-card e-flex elementor-invisible e-con e-child\" data-id=\"159a1cf\" data-element_type=\"container\" data-e-type=\"container\" data-settings=\"{&quot;animation&quot;:&quot;fadeInUp&quot;}\">\n\t\t<div class=\"elementor-element elementor-element-732daa9 e-con-full callout-icon e-flex e-con e-child\" data-id=\"732daa9\" data-element_type=\"container\" data-e-type=\"container\">\n\t\t\t\t<div class=\"elementor-element elementor-element-b887e5b elementor-widget elementor-widget-image\" data-id=\"b887e5b\" data-element_type=\"widget\" data-e-type=\"widget\" data-widget_type=\"image.default\">\n\t\t\t\t\t\t\t\t\t\t\t\t\t\t\t<img decoding=\"async\" width=\"30\" height=\"40\" src=\"https:\/\/code.insmed.com\/wp-content\/uploads\/2025\/09\/med-info-icon.svg\" class=\"attachment-full size-full wp-image-1188\" alt=\"\" \/>\t\t\t\t\t\t\t\t\t\t\t\t\t\t\t<\/div>\n\t\t\t\t<\/div>\n\t\t<div class=\"elementor-element elementor-element-ffaf1c6 e-con-full callout-header e-flex e-con e-child\" data-id=\"ffaf1c6\" data-element_type=\"container\" data-e-type=\"container\">\n\t\t\t\t<div class=\"elementor-element elementor-element-521df02 elementor-widget elementor-widget-text-editor\" data-id=\"521df02\" data-element_type=\"widget\" data-e-type=\"widget\" data-widget_type=\"text-editor.default\">\n\t\t\t\t\t\t\t\t\t<h2>Verwaltung von Anfragen zu medizinischen Informationen<\/h2>\t\t\t\t\t\t\t\t<\/div>\n\t\t\t\t<\/div>\n\t\t<div class=\"elementor-element elementor-element-6ec5fb8 e-con-full callout-body e-flex e-con e-child\" data-id=\"6ec5fb8\" data-element_type=\"container\" data-e-type=\"container\">\n\t\t\t\t<div class=\"elementor-element elementor-element-a0a8b73 elementor-widget elementor-widget-text-editor\" data-id=\"a0a8b73\" data-element_type=\"widget\" data-e-type=\"widget\" data-widget_type=\"text-editor.default\">\n\t\t\t\t\t\t\t\t\t<p>Die Abteilung f\u00fcr medizinische Informationen von Insmed besteht aus einem qualifizierten Team, das auf unaufgeforderte Anfragen von Patienten und medizinischen Fachkr\u00e4ften zu Insmed -Produkten, einschlie\u00dflich nicht zugelassener Anwendung oder Off-Label-Gebrauch, reagieren kann Wenn Sie eine unaufgeforderte externe Informationsanfrage erhalten, m\u00fcssen Sie eine Anfrage nach medizinischen Informationen entweder \u00fcber <a href=\"mailto:medicalinformation@insmed.com\" target=\"_blank\" rel=\"noopener\">medicalinformation@insmed<\/a> , das Medical Information Call Center oder das Au\u00dfendienstsystem f\u00fcr Kundenbeziehungen stellen <\/p>\t\t\t\t\t\t\t\t<\/div>\n\t\t\t\t<\/div>\n\t\t\t\t<\/div>\n\t\t\t\t\t<\/div>\n\t\t\t\t<\/div>\n\t\t<div class=\"elementor-element elementor-element-2066016 continue-exploring-row dark-violet-row e-flex e-con-boxed e-con e-parent\" data-id=\"2066016\" data-element_type=\"container\" data-e-type=\"container\">\n\t\t\t\t\t<div class=\"e-con-inner\">\n\t\t<div class=\"elementor-element elementor-element-d9bb3ad e-con-full continue-exploring-header e-flex elementor-invisible e-con e-child\" data-id=\"d9bb3ad\" data-element_type=\"container\" data-e-type=\"container\" data-settings=\"{&quot;animation&quot;:&quot;fadeInUp&quot;}\">\n\t\t\t\t<div class=\"elementor-element elementor-element-a956b0a elementor-widget elementor-widget-text-editor\" data-id=\"a956b0a\" data-element_type=\"widget\" data-e-type=\"widget\" data-widget_type=\"text-editor.default\">\n\t\t\t\t\t\t\t\t\tErkunden Sie weiter\n<h2>Vertrauen und Transparenz gegen\u00fcber medizinischen Fachkr\u00e4ften<\/h2>\t\t\t\t\t\t\t\t<\/div>\n\t\t\t\t<\/div>\n\t\t<div class=\"elementor-element elementor-element-c5cc396 e-con-full card e-flex elementor-invisible e-con e-child\" data-id=\"c5cc396\" data-element_type=\"container\" data-e-type=\"container\" data-settings=\"{&quot;animation&quot;:&quot;fadeInUp&quot;,&quot;animation_delay&quot;:150}\">\n\t\t\t\t<div class=\"elementor-element elementor-element-8bc3e9c elementor-widget elementor-widget-text-editor\" data-id=\"8bc3e9c\" data-element_type=\"widget\" data-e-type=\"widget\" data-widget_type=\"text-editor.default\">\n\t\t\t\t\t\t\t\t\t<h3><a href=\"https:\/\/code.insmed.com\/de\/vertrauen-und-transparenz-gegenueber-medizinischen-fachkraeften\/interaktionen-mit-medizinischen-fachkraeften\/\">Interaktionen mit medizinischen Fachkr\u00e4ften<\/a><\/h3>\t\t\t\t\t\t\t\t<\/div>\n\t\t\t\t<\/div>\n\t\t<div class=\"elementor-element elementor-element-b7f577f e-con-full card e-flex elementor-invisible e-con e-child\" data-id=\"b7f577f\" data-element_type=\"container\" data-e-type=\"container\" data-settings=\"{&quot;animation&quot;:&quot;fadeInUp&quot;,&quot;animation_delay&quot;:150}\">\n\t\t\t\t<div class=\"elementor-element elementor-element-3c48ba0 elementor-widget elementor-widget-text-editor\" data-id=\"3c48ba0\" data-element_type=\"widget\" data-e-type=\"widget\" data-widget_type=\"text-editor.default\">\n\t\t\t\t\t\t\t\t\t<h3><a href=\"https:\/\/code.insmed.com\/de\/vertrauen-und-transparenz-gegenueber-medizinischen-fachkraeften\/bewirtungen-fortbildungsmaterialien-und-geschenke\/\">Mahlzeiten, Bildungsartikel und Geschenke<\/a><\/h3>\t\t\t\t\t\t\t\t<\/div>\n\t\t\t\t<\/div>\n\t\t\t\t\t<\/div>\n\t\t\t\t<\/div>\n\t\t\t\t<\/div>\n\t\t","protected":false},"excerpt":{"rendered":"<p>Marketing- und Werbepraktiken Die Gesundheit und Sicherheit unserer Patienten h\u00e4ngt von unserer Verpflichtung ab, unsere Produkte stets korrekt und vollst\u00e4ndig zu vermarkten, zu kennzeichnen und zu bewerben Dies erm\u00f6glicht es medizinischen Fachkr\u00e4ften (Healthcare Professionals, HCPs) und Patienten, informierte und sichere Entscheidungen \u00fcber die Anwendung unserer Produkte zu treffen. Es gibt weltweit viele Gesetze, die die [&hellip;]<\/p>\n","protected":false},"author":1,"featured_media":0,"parent":1181,"menu_order":10,"comment_status":"closed","ping_status":"closed","template":"","meta":{"_genesis_hide_title":false,"_genesis_hide_breadcrumbs":false,"_genesis_hide_singular_image":false,"_genesis_hide_footer_widgets":false,"_genesis_custom_body_class":"","_genesis_custom_post_class":"","_genesis_layout":"","footnotes":""},"class_list":{"0":"post-1189","1":"page","2":"type-page","3":"status-publish","5":"entry"},"_links":{"self":[{"href":"https:\/\/code.insmed.com\/de\/wp-json\/wp\/v2\/pages\/1189","targetHints":{"allow":["GET"]}}],"collection":[{"href":"https:\/\/code.insmed.com\/de\/wp-json\/wp\/v2\/pages"}],"about":[{"href":"https:\/\/code.insmed.com\/de\/wp-json\/wp\/v2\/types\/page"}],"author":[{"embeddable":true,"href":"https:\/\/code.insmed.com\/de\/wp-json\/wp\/v2\/users\/1"}],"replies":[{"embeddable":true,"href":"https:\/\/code.insmed.com\/de\/wp-json\/wp\/v2\/comments?post=1189"}],"version-history":[{"count":0,"href":"https:\/\/code.insmed.com\/de\/wp-json\/wp\/v2\/pages\/1189\/revisions"}],"up":[{"embeddable":true,"href":"https:\/\/code.insmed.com\/de\/wp-json\/wp\/v2\/pages\/1181"}],"wp:attachment":[{"href":"https:\/\/code.insmed.com\/de\/wp-json\/wp\/v2\/media?parent=1189"}],"curies":[{"name":"wp","href":"https:\/\/api.w.org\/{rel}","templated":true}]}}