{"id":1263,"date":"2025-08-28T20:58:23","date_gmt":"2025-08-29T00:58:23","guid":{"rendered":"https:\/\/codeofconduct1.wpenginepowered.com\/unsere-mitarbeiter-und-kultur\/datenschutz\/"},"modified":"2025-10-27T12:04:27","modified_gmt":"2025-10-27T16:04:27","slug":"datenschutz","status":"publish","type":"page","link":"https:\/\/code.insmed.com\/de\/unsere-mitarbeiter-und-kultur\/datenschutz\/","title":{"rendered":"Datenschutz"},"content":{"rendered":"\t\t<div data-elementor-type=\"wp-page\" data-elementor-id=\"1263\" class=\"elementor elementor-1263 elementor-35\" data-elementor-post-type=\"page\">\n\t\t\t\t<div class=\"elementor-element elementor-element-0b4a773 subpage-header lightest-gray-row e-flex e-con-boxed e-con e-parent\" data-id=\"0b4a773\" data-element_type=\"container\" data-e-type=\"container\">\n\t\t\t\t\t<div class=\"e-con-inner\">\n\t\t<div class=\"elementor-element elementor-element-b87734c e-con-full e-flex e-con e-child\" data-id=\"b87734c\" data-element_type=\"container\" data-e-type=\"container\">\n\t\t\t\t<div class=\"elementor-element elementor-element-006e8b6 rainbow-h1 elementor-widget elementor-widget-text-editor\" data-id=\"006e8b6\" data-element_type=\"widget\" data-e-type=\"widget\" data-widget_type=\"text-editor.default\">\n\t\t\t\t\t\t\t\t\t<h1 style=\"text-align: center;\">Datenschutz<\/h1><p style=\"text-align: center;\">Es ist unsere Verantwortung, die personenbezogenen Daten, auf die wir zugreifen, die wir sammeln und verwenden, vor unbefugtem Zugriff, Verwendung oder Offenlegung sicher aufzubewahren Dazu geh\u00f6ren Informationen, die wir \u00fcber unsere Mitarbeiter, Patienten, HCPs und die \u00d6ffentlichkeit aufbewahren Wir verlangen die Einhaltung aller geltenden Gesetze, Regeln und Vorschriften zum Schutz personenbezogener Daten und befolgen alle Systeme, Richtlinien und Verfahren zu ihrem Schutz. Wir entscheiden uns auch f\u00fcr die Zusammenarbeit mit Gesch\u00e4ftspartnern, die unser Engagement f\u00fcr den Schutz personenbezogener Daten teilen   <\/p>\t\t\t\t\t\t\t\t<\/div>\n\t\t\t\t<div class=\"elementor-element elementor-element-6b2823a scroll-down-indicator elementor-invisible elementor-widget elementor-widget-html\" data-id=\"6b2823a\" data-element_type=\"widget\" data-e-type=\"widget\" data-settings=\"{&quot;_animation&quot;:&quot;fadeIn&quot;,&quot;_animation_delay&quot;:150}\" data-widget_type=\"html.default\">\n\t\t\t\t\t<i class=\"fa-sharp fa-regular fa-arrow-down-long\"><\/i>\t\t\t\t<\/div>\n\t\t\t\t<\/div>\n\t\t\t\t\t<\/div>\n\t\t\t\t<\/div>\n\t\t<div class=\"elementor-element elementor-element-2f91572 how-we-do-it-row e-flex e-con-boxed e-con e-parent\" data-id=\"2f91572\" data-element_type=\"container\" data-e-type=\"container\">\n\t\t\t\t\t<div class=\"e-con-inner\">\n\t\t<div class=\"elementor-element elementor-element-62f0fea e-con-full how-we-do-it-list-col e-flex elementor-invisible e-con e-child\" data-id=\"62f0fea\" data-element_type=\"container\" data-e-type=\"container\" data-settings=\"{&quot;animation&quot;:&quot;fadeIn&quot;,&quot;animation_delay&quot;:150}\">\n\t\t\t\t<div class=\"elementor-element elementor-element-c18bed1 elementor-widget elementor-widget-text-editor\" data-id=\"c18bed1\" data-element_type=\"widget\" data-e-type=\"widget\" data-widget_type=\"text-editor.default\">\n\t\t\t\t\t\t\t\t\t<h2>Wie wir das machen<\/h2><ul><li>Wir erfassen und verwenden personenbezogene Daten nur, wenn ein angemessener gesch\u00e4ftlicher Grund daf\u00fcr vorliegt<\/li><li>Wir geben keine Informationen \u00fcber einen Patienten ohne die Zustimmung des Patienten weiter, es sei denn, dies ist gesetzlich zul\u00e4ssig oder vorgeschrieben<\/li><li>Wir sch\u00fctzen personenbezogene Daten und geben sie nur an Personen weiter, die die Genehmigung haben, darauf zuzugreifen<\/li><\/ul>\t\t\t\t\t\t\t\t<\/div>\n\t\t\t\t<\/div>\n\t\t<div class=\"elementor-element elementor-element-50c0bfe e-con-full how-we-do-it-img-col elementor-hidden-tablet elementor-hidden-mobile e-flex elementor-invisible e-con e-child\" data-id=\"50c0bfe\" data-element_type=\"container\" data-e-type=\"container\" data-settings=\"{&quot;animation&quot;:&quot;fadeIn&quot;,&quot;animation_delay&quot;:300}\">\n\t\t\t\t<div class=\"elementor-element elementor-element-59e7419 rounded-img elementor-widget elementor-widget-image\" data-id=\"59e7419\" data-element_type=\"widget\" data-e-type=\"widget\" data-widget_type=\"image.default\">\n\t\t\t\t\t\t\t\t\t\t\t\t\t\t\t<img fetchpriority=\"high\" decoding=\"async\" width=\"550\" height=\"640\" src=\"https:\/\/code.insmed.com\/wp-content\/uploads\/2025\/09\/250407_INSMED_0848.webp\" class=\"attachment-full size-full wp-image-1262\" alt=\"\" srcset=\"https:\/\/code.insmed.com\/wp-content\/uploads\/2025\/09\/250407_INSMED_0848.webp 550w, https:\/\/code.insmed.com\/wp-content\/uploads\/2025\/09\/250407_INSMED_0848-258x300.webp 258w\" sizes=\"(max-width: 550px) 100vw, 550px\" \/>\t\t\t\t\t\t\t\t\t\t\t\t\t\t\t<\/div>\n\t\t\t\t<\/div>\n\t\t\t\t\t<\/div>\n\t\t\t\t<\/div>\n\t\t<div class=\"elementor-element elementor-element-1bd022b did-you-know-row e-flex e-con-boxed e-con e-parent\" data-id=\"1bd022b\" data-element_type=\"container\" data-e-type=\"container\">\n\t\t\t\t\t<div class=\"e-con-inner\">\n\t\t<div class=\"elementor-element elementor-element-0148820 e-con-full callout-card e-flex elementor-invisible e-con e-child\" data-id=\"0148820\" data-element_type=\"container\" data-e-type=\"container\" data-settings=\"{&quot;animation&quot;:&quot;fadeInUp&quot;}\">\n\t\t<div class=\"elementor-element elementor-element-2ecae06 e-con-full callout-icon e-flex e-con e-child\" data-id=\"2ecae06\" data-element_type=\"container\" data-e-type=\"container\">\n\t\t\t\t<div class=\"elementor-element elementor-element-6d35648 elementor-widget elementor-widget-image\" data-id=\"6d35648\" data-element_type=\"widget\" data-e-type=\"widget\" data-widget_type=\"image.default\">\n\t\t\t\t\t\t\t\t\t\t\t\t\t\t\t<img decoding=\"async\" width=\"40\" height=\"40\" src=\"https:\/\/code.insmed.com\/wp-content\/uploads\/2025\/09\/did-you-know-icon.svg\" class=\"attachment-full size-full wp-image-1171\" alt=\"\" \/>\t\t\t\t\t\t\t\t\t\t\t\t\t\t\t<\/div>\n\t\t\t\t<\/div>\n\t\t<div class=\"elementor-element elementor-element-f838977 e-con-full callout-header e-flex e-con e-child\" data-id=\"f838977\" data-element_type=\"container\" data-e-type=\"container\">\n\t\t\t\t<div class=\"elementor-element elementor-element-a9315a7 elementor-widget elementor-widget-text-editor\" data-id=\"a9315a7\" data-element_type=\"widget\" data-e-type=\"widget\" data-widget_type=\"text-editor.default\">\n\t\t\t\t\t\t\t\t\t<h2>Wussten Sie, dass&#8230;<\/h2>\t\t\t\t\t\t\t\t<\/div>\n\t\t\t\t<\/div>\n\t\t<div class=\"elementor-element elementor-element-a94677f e-con-full callout-body e-flex e-con e-child\" data-id=\"a94677f\" data-element_type=\"container\" data-e-type=\"container\">\n\t\t\t\t<div class=\"elementor-element elementor-element-2616f44 elementor-widget elementor-widget-text-editor\" data-id=\"2616f44\" data-element_type=\"widget\" data-e-type=\"widget\" data-widget_type=\"text-editor.default\">\n\t\t\t\t\t\t\t\t\t<p>Personenbezogene Daten sind Informationen, die allein oder in Kombination mit anderen Informationen zur Identifizierung einer Person verwendet werden k\u00f6nnen Zu den personenbezogenen Daten, die zur direkten Identifizierung einer Person verwendet werden k\u00f6nnen, geh\u00f6ren der Name der Person, pers\u00f6nliche Identifikationsnummern (z. B. Sozialversicherungsnummer), Gesundheitsinformationen, F\u00fchrerscheinnummer, Telefonnummer, E-Mail-Adresse, Postanschrift und alle anderen Informationen oder Identifikatoren, die einzigartig f\u00fcr diese Person sind. Indirekte Identifikatoren sind nicht eindeutig f\u00fcr eine Person und umfassen allgemeinere personenbezogene Daten wie ethnische Herkunft und Geburtsort. W\u00e4hrend ein einzelner indirekter Identifikator eine Person nicht identifizieren kann, kann eine Kombination indirekter Identifikatoren ausreichende Informationen liefern, um eine Person zu identifizieren   <\/p>\t\t\t\t\t\t\t\t<\/div>\n\t\t\t\t<\/div>\n\t\t\t\t<\/div>\n\t\t\t\t\t<\/div>\n\t\t\t\t<\/div>\n\t\t<div class=\"elementor-element elementor-element-fb089ad continue-exploring-row dark-violet-row e-flex e-con-boxed e-con e-parent\" data-id=\"fb089ad\" data-element_type=\"container\" data-e-type=\"container\">\n\t\t\t\t\t<div class=\"e-con-inner\">\n\t\t<div class=\"elementor-element elementor-element-82ca5b9 e-con-full continue-exploring-header e-flex elementor-invisible e-con e-child\" data-id=\"82ca5b9\" data-element_type=\"container\" data-e-type=\"container\" data-settings=\"{&quot;animation&quot;:&quot;fadeInUp&quot;}\">\n\t\t\t\t<div class=\"elementor-element elementor-element-ab0795a elementor-widget elementor-widget-text-editor\" data-id=\"ab0795a\" data-element_type=\"widget\" data-e-type=\"widget\" data-widget_type=\"text-editor.default\">\n\t\t\t\t\t\t\t\t\t<p>Erkunden Sie weiter<\/p><h2>Unsere Mitarbeiter und Kultur<\/h2>\t\t\t\t\t\t\t\t<\/div>\n\t\t\t\t<\/div>\n\t\t<div class=\"elementor-element elementor-element-1ac9cc6 e-con-full card e-flex elementor-invisible e-con e-child\" data-id=\"1ac9cc6\" data-element_type=\"container\" data-e-type=\"container\" data-settings=\"{&quot;animation&quot;:&quot;fadeInUp&quot;,&quot;animation_delay&quot;:150}\">\n\t\t\t\t<div class=\"elementor-element elementor-element-f860ce9 elementor-widget elementor-widget-text-editor\" data-id=\"f860ce9\" data-element_type=\"widget\" data-e-type=\"widget\" data-widget_type=\"text-editor.default\">\n\t\t\t\t\t\t\t\t\t<h3><a href=\"https:\/\/code.insmed.com\/de\/unsere-mitarbeiter-und-kultur\/inklusion-und-respekt\/\">Inklusion und Respekt<\/a><\/h3>\t\t\t\t\t\t\t\t<\/div>\n\t\t\t\t<\/div>\n\t\t<div class=\"elementor-element elementor-element-ac73949 e-con-full card e-flex elementor-invisible e-con e-child\" data-id=\"ac73949\" data-element_type=\"container\" data-e-type=\"container\" data-settings=\"{&quot;animation&quot;:&quot;fadeInUp&quot;,&quot;animation_delay&quot;:150}\">\n\t\t\t\t<div class=\"elementor-element elementor-element-dbec211 elementor-widget elementor-widget-text-editor\" data-id=\"dbec211\" data-element_type=\"widget\" data-e-type=\"widget\" data-widget_type=\"text-editor.default\">\n\t\t\t\t\t\t\t\t\t<h3><a href=\"https:\/\/code.insmed.com\/de\/unsere-mitarbeiter-und-kultur\/sicherheit-am-arbeitsplatz\/\">Sicherheit am Arbeitsplatz<\/a><\/h3>\t\t\t\t\t\t\t\t<\/div>\n\t\t\t\t<\/div>\n\t\t<div class=\"elementor-element elementor-element-2dc922b e-con-full card e-flex elementor-invisible e-con e-child\" data-id=\"2dc922b\" data-element_type=\"container\" data-e-type=\"container\" data-settings=\"{&quot;animation&quot;:&quot;fadeInUp&quot;,&quot;animation_delay&quot;:150}\">\n\t\t\t\t<div class=\"elementor-element elementor-element-86f6f38 elementor-widget elementor-widget-text-editor\" data-id=\"86f6f38\" data-element_type=\"widget\" data-e-type=\"widget\" data-widget_type=\"text-editor.default\">\n\t\t\t\t\t\t\t\t\t<h3><a href=\"https:\/\/code.insmed.com\/de\/unsere-mitarbeiter-und-kultur\/unternehmen\/\">Unternehmen<\/a><\/h3>\t\t\t\t\t\t\t\t<\/div>\n\t\t\t\t<\/div>\n\t\t<div class=\"elementor-element elementor-element-170cffc e-con-full card e-flex elementor-invisible e-con e-child\" data-id=\"170cffc\" data-element_type=\"container\" data-e-type=\"container\" data-settings=\"{&quot;animation&quot;:&quot;fadeInUp&quot;,&quot;animation_delay&quot;:150}\">\n\t\t\t\t<div class=\"elementor-element elementor-element-bbcd045 elementor-widget elementor-widget-text-editor\" data-id=\"bbcd045\" data-element_type=\"widget\" data-e-type=\"widget\" data-widget_type=\"text-editor.default\">\n\t\t\t\t\t\t\t\t\t<h3><a href=\"https:\/\/code.insmed.com\/de\/unsere-mitarbeiter-und-kultur\/interessenkonflikte\/\">Interessenkonflikte<\/a><\/h3>\t\t\t\t\t\t\t\t<\/div>\n\t\t\t\t<\/div>\n\t\t<div class=\"elementor-element elementor-element-fa9da8a e-con-full card e-flex elementor-invisible e-con e-child\" data-id=\"fa9da8a\" data-element_type=\"container\" data-e-type=\"container\" data-settings=\"{&quot;animation&quot;:&quot;fadeInUp&quot;,&quot;animation_delay&quot;:150}\">\n\t\t\t\t<div class=\"elementor-element elementor-element-f5ab676 elementor-widget elementor-widget-text-editor\" data-id=\"f5ab676\" data-element_type=\"widget\" data-e-type=\"widget\" data-widget_type=\"text-editor.default\">\n\t\t\t\t\t\t\t\t\t<h3><a href=\"https:\/\/code.insmed.com\/de\/unsere-mitarbeiter-und-kultur\/kommunikation-und-nutzung-sozialer-medien\/\">Kommunikation und Nutzung der sozialen Medien<\/a><\/h3>\t\t\t\t\t\t\t\t<\/div>\n\t\t\t\t<\/div>\n\t\t<div class=\"elementor-element elementor-element-1b8a122 e-con-full card e-flex elementor-invisible e-con e-child\" data-id=\"1b8a122\" data-element_type=\"container\" data-e-type=\"container\" data-settings=\"{&quot;animation&quot;:&quot;fadeInUp&quot;,&quot;animation_delay&quot;:150}\">\n\t\t\t\t<div class=\"elementor-element elementor-element-9c85a4e elementor-widget elementor-widget-text-editor\" data-id=\"9c85a4e\" data-element_type=\"widget\" data-e-type=\"widget\" data-widget_type=\"text-editor.default\">\n\t\t\t\t\t\t\t\t\t<h3><a href=\"https:\/\/code.insmed.com\/de\/unsere-mitarbeiter-und-kultur\/politische-aktivitaet\/\">Politische Aktivit\u00e4t<\/a><\/h3>\t\t\t\t\t\t\t\t<\/div>\n\t\t\t\t<\/div>\n\t\t\t\t\t<\/div>\n\t\t\t\t<\/div>\n\t\t\t\t<\/div>\n\t\t","protected":false},"excerpt":{"rendered":"<p>Datenschutz Es ist unsere Verantwortung, die personenbezogenen Daten, auf die wir zugreifen, die wir sammeln und verwenden, vor unbefugtem Zugriff, Verwendung oder Offenlegung sicher aufzubewahren Dazu geh\u00f6ren Informationen, die wir \u00fcber unsere Mitarbeiter, Patienten, HCPs und die \u00d6ffentlichkeit aufbewahren Wir verlangen die Einhaltung aller geltenden Gesetze, Regeln und Vorschriften zum Schutz personenbezogener Daten und befolgen [&hellip;]<\/p>\n","protected":false},"author":1,"featured_media":0,"parent":1199,"menu_order":10,"comment_status":"closed","ping_status":"closed","template":"","meta":{"_genesis_hide_title":false,"_genesis_hide_breadcrumbs":false,"_genesis_hide_singular_image":false,"_genesis_hide_footer_widgets":false,"_genesis_custom_body_class":"","_genesis_custom_post_class":"","_genesis_layout":"","footnotes":""},"class_list":{"0":"post-1263","1":"page","2":"type-page","3":"status-publish","5":"entry"},"_links":{"self":[{"href":"https:\/\/code.insmed.com\/de\/wp-json\/wp\/v2\/pages\/1263","targetHints":{"allow":["GET"]}}],"collection":[{"href":"https:\/\/code.insmed.com\/de\/wp-json\/wp\/v2\/pages"}],"about":[{"href":"https:\/\/code.insmed.com\/de\/wp-json\/wp\/v2\/types\/page"}],"author":[{"embeddable":true,"href":"https:\/\/code.insmed.com\/de\/wp-json\/wp\/v2\/users\/1"}],"replies":[{"embeddable":true,"href":"https:\/\/code.insmed.com\/de\/wp-json\/wp\/v2\/comments?post=1263"}],"version-history":[{"count":0,"href":"https:\/\/code.insmed.com\/de\/wp-json\/wp\/v2\/pages\/1263\/revisions"}],"up":[{"embeddable":true,"href":"https:\/\/code.insmed.com\/de\/wp-json\/wp\/v2\/pages\/1199"}],"wp:attachment":[{"href":"https:\/\/code.insmed.com\/de\/wp-json\/wp\/v2\/media?parent=1263"}],"curies":[{"name":"wp","href":"https:\/\/api.w.org\/{rel}","templated":true}]}}