{"id":1265,"date":"2025-08-28T20:58:23","date_gmt":"2025-08-29T00:58:23","guid":{"rendered":"https:\/\/codeofconduct1.wpenginepowered.com\/unsere-mitarbeiter-und-kultur\/sicherheit-am-arbeitsplatz\/"},"modified":"2025-10-27T12:12:34","modified_gmt":"2025-10-27T16:12:34","slug":"sicherheit-am-arbeitsplatz","status":"publish","type":"page","link":"https:\/\/code.insmed.com\/de\/unsere-mitarbeiter-und-kultur\/sicherheit-am-arbeitsplatz\/","title":{"rendered":"Sicherheit am Arbeitsplatz"},"content":{"rendered":"\t\t<div data-elementor-type=\"wp-page\" data-elementor-id=\"1265\" class=\"elementor elementor-1265 elementor-37\" data-elementor-post-type=\"page\">\n\t\t\t\t<div class=\"elementor-element elementor-element-a0ddf38 subpage-header lightest-gray-row e-flex e-con-boxed e-con e-parent\" data-id=\"a0ddf38\" data-element_type=\"container\" data-e-type=\"container\">\n\t\t\t\t\t<div class=\"e-con-inner\">\n\t\t<div class=\"elementor-element elementor-element-0729e28 e-con-full e-flex e-con e-child\" data-id=\"0729e28\" data-element_type=\"container\" data-e-type=\"container\">\n\t\t\t\t<div class=\"elementor-element elementor-element-0aa8535 rainbow-h1 elementor-widget elementor-widget-text-editor\" data-id=\"0aa8535\" data-element_type=\"widget\" data-e-type=\"widget\" data-widget_type=\"text-editor.default\">\n\t\t\t\t\t\t\t\t\t<h1 style=\"text-align: center;\">Sicherheit am Arbeitsplatz<\/h1><p style=\"text-align: center;\">Es hat f\u00fcr Insmed h\u00f6chste Priorit\u00e4t, unseren Mitarbeitern einen sicheren und gesunden Arbeitsplatz zu bieten und ist entscheidend f\u00fcr die Erhaltung einer florierenden und innovativen Kultur. Wir verbessern regelm\u00e4\u00dfig unsere Gesundheits- und Sicherheitsprogramme, die so konzipiert sind, dass sie den Vorschriften in unseren Einsatzregionen entsprechen <\/p>\t\t\t\t\t\t\t\t<\/div>\n\t\t\t\t<div class=\"elementor-element elementor-element-6fd02cc scroll-down-indicator elementor-invisible elementor-widget elementor-widget-html\" data-id=\"6fd02cc\" data-element_type=\"widget\" data-e-type=\"widget\" data-settings=\"{&quot;_animation&quot;:&quot;fadeIn&quot;,&quot;_animation_delay&quot;:150}\" data-widget_type=\"html.default\">\n\t\t\t\t\t<i class=\"fa-sharp fa-regular fa-arrow-down-long\"><\/i>\t\t\t\t<\/div>\n\t\t\t\t<\/div>\n\t\t\t\t\t<\/div>\n\t\t\t\t<\/div>\n\t\t<div class=\"elementor-element elementor-element-8811152 how-we-do-it-row e-flex e-con-boxed e-con e-parent\" data-id=\"8811152\" data-element_type=\"container\" data-e-type=\"container\">\n\t\t\t\t\t<div class=\"e-con-inner\">\n\t\t<div class=\"elementor-element elementor-element-e6e709b e-con-full how-we-do-it-list-col e-flex elementor-invisible e-con e-child\" data-id=\"e6e709b\" data-element_type=\"container\" data-e-type=\"container\" data-settings=\"{&quot;animation&quot;:&quot;fadeIn&quot;,&quot;animation_delay&quot;:150}\">\n\t\t\t\t<div class=\"elementor-element elementor-element-29c7928 elementor-widget elementor-widget-text-editor\" data-id=\"29c7928\" data-element_type=\"widget\" data-e-type=\"widget\" data-widget_type=\"text-editor.default\">\n\t\t\t\t\t\t\t\t\t<h2>Wie wir das machen<\/h2><ul><li>Wir unterhalten rauchfreie und waffenfreie Einrichtungen an allen Insmed Standorten.<\/li><li>Wir verlangen von den Mitarbeitern, dass sie jederzeit alle Sicherheitsverfahren des Geb\u00e4udes einhalten<\/li><li>Wir gestatten den Gebrauch von Alkohol bei der Arbeit nicht, au\u00dfer bei von Insmed genehmigten Veranstaltungen, bei denen Alkohol zur Verf\u00fcgung gestellt werden kann; In solchen F\u00e4llen ermutigen wir die Mitarbeiter, ein gesundes Urteilsverm\u00f6gen zu zeigen und verantwortungsbewusst zu handeln.<\/li><li>Wir verbieten den Gebrauch, den Besitz, den Verkauf, den Konsum oder das Leben unter dem Einfluss von illegalen Drogen oder Marihuana auf dem Firmengel\u00e4nde, w\u00e4hrend der Nutzung eines Firmenfahrzeugs und w\u00e4hrend der Arbeitszeit.<\/li><\/ul>\t\t\t\t\t\t\t\t<\/div>\n\t\t\t\t<\/div>\n\t\t<div class=\"elementor-element elementor-element-98f8a8a e-con-full how-we-do-it-img-col elementor-hidden-tablet elementor-hidden-mobile e-flex elementor-invisible e-con e-child\" data-id=\"98f8a8a\" data-element_type=\"container\" data-e-type=\"container\" data-settings=\"{&quot;animation&quot;:&quot;fadeIn&quot;,&quot;animation_delay&quot;:300}\">\n\t\t\t\t<div class=\"elementor-element elementor-element-d3c37cc rounded-img elementor-widget elementor-widget-image\" data-id=\"d3c37cc\" data-element_type=\"widget\" data-e-type=\"widget\" data-widget_type=\"image.default\">\n\t\t\t\t\t\t\t\t\t\t\t\t\t\t\t<img fetchpriority=\"high\" decoding=\"async\" width=\"550\" height=\"640\" src=\"https:\/\/code.insmed.com\/wp-content\/uploads\/2025\/09\/2023_insmed_sandiego5623.webp\" class=\"attachment-full size-full wp-image-1264\" alt=\"\" srcset=\"https:\/\/code.insmed.com\/wp-content\/uploads\/2025\/09\/2023_insmed_sandiego5623.webp 550w, https:\/\/code.insmed.com\/wp-content\/uploads\/2025\/09\/2023_insmed_sandiego5623-258x300.webp 258w\" sizes=\"(max-width: 550px) 100vw, 550px\" \/>\t\t\t\t\t\t\t\t\t\t\t\t\t\t\t<\/div>\n\t\t\t\t<\/div>\n\t\t\t\t\t<\/div>\n\t\t\t\t<\/div>\n\t\t<div class=\"elementor-element elementor-element-e34689b lightest-gray-row reporting-row e-flex e-con-boxed e-con e-parent\" data-id=\"e34689b\" data-element_type=\"container\" data-e-type=\"container\">\n\t\t\t\t\t<div class=\"e-con-inner\">\n\t\t<div class=\"elementor-element elementor-element-6c6c2ab e-con-full e-flex e-con e-child\" data-id=\"6c6c2ab\" data-element_type=\"container\" data-e-type=\"container\">\n\t\t<div class=\"elementor-element elementor-element-d0946cb e-con-full callout-icon e-flex elementor-invisible e-con e-child\" data-id=\"d0946cb\" data-element_type=\"container\" data-e-type=\"container\" data-settings=\"{&quot;animation_delay&quot;:300,&quot;animation&quot;:&quot;fadeInUp&quot;}\">\n\t\t\t\t<div class=\"elementor-element elementor-element-7919cb8 elementor-widget elementor-widget-image\" data-id=\"7919cb8\" data-element_type=\"widget\" data-e-type=\"widget\" data-widget_type=\"image.default\">\n\t\t\t\t\t\t\t\t\t\t\t\t\t\t\t<img decoding=\"async\" width=\"16\" height=\"42\" src=\"https:\/\/code.insmed.com\/wp-content\/uploads\/2025\/09\/reporting-icon.svg\" class=\"attachment-full size-full wp-image-1172\" alt=\"\" \/>\t\t\t\t\t\t\t\t\t\t\t\t\t\t\t<\/div>\n\t\t\t\t<\/div>\n\t\t\t\t<\/div>\n\t\t<div class=\"elementor-element elementor-element-d236946 e-con-full e-flex e-con e-child\" data-id=\"d236946\" data-element_type=\"container\" data-e-type=\"container\">\n\t\t\t\t<div class=\"elementor-element elementor-element-9d57aa6 large-text elementor-invisible elementor-widget elementor-widget-text-editor\" data-id=\"9d57aa6\" data-element_type=\"widget\" data-e-type=\"widget\" data-settings=\"{&quot;_animation&quot;:&quot;fadeInUp&quot;}\" data-widget_type=\"text-editor.default\">\n\t\t\t\t\t\t\t\t\t<p>Melden Sie verd\u00e4chtige Aktivit\u00e4ten, Sicherheitsprobleme oder Verletzungen sofort Ihrem Vorgesetzten, Ihrem HR Business Partner oder den Einrichtungen unter <a href=\"mailto:Facilities@insmed.com\" target=\"_blank\" rel=\"noopener\">Facilities@insmed<\/a>.<\/p>\t\t\t\t\t\t\t\t<\/div>\n\t\t\t\t<\/div>\n\t\t\t\t\t<\/div>\n\t\t\t\t<\/div>\n\t\t<div class=\"elementor-element elementor-element-81bc360 continue-exploring-row dark-violet-row e-flex e-con-boxed e-con e-parent\" data-id=\"81bc360\" data-element_type=\"container\" data-e-type=\"container\">\n\t\t\t\t\t<div class=\"e-con-inner\">\n\t\t<div class=\"elementor-element elementor-element-a572d00 e-con-full continue-exploring-header e-flex elementor-invisible e-con e-child\" data-id=\"a572d00\" data-element_type=\"container\" data-e-type=\"container\" data-settings=\"{&quot;animation&quot;:&quot;fadeInUp&quot;}\">\n\t\t\t\t<div class=\"elementor-element elementor-element-9ec3cd7 elementor-widget elementor-widget-text-editor\" data-id=\"9ec3cd7\" data-element_type=\"widget\" data-e-type=\"widget\" data-widget_type=\"text-editor.default\">\n\t\t\t\t\t\t\t\t\t<p>Erkunden Sie weiter<\/p><h2>Unsere Mitarbeiter und Kultur<\/h2>\t\t\t\t\t\t\t\t<\/div>\n\t\t\t\t<\/div>\n\t\t<div class=\"elementor-element elementor-element-269734f e-con-full card e-flex elementor-invisible e-con e-child\" data-id=\"269734f\" data-element_type=\"container\" data-e-type=\"container\" data-settings=\"{&quot;animation&quot;:&quot;fadeInUp&quot;,&quot;animation_delay&quot;:150}\">\n\t\t\t\t<div class=\"elementor-element elementor-element-771f8ad elementor-widget elementor-widget-text-editor\" data-id=\"771f8ad\" data-element_type=\"widget\" data-e-type=\"widget\" data-widget_type=\"text-editor.default\">\n\t\t\t\t\t\t\t\t\t<h3><a href=\"https:\/\/code.insmed.com\/de\/unsere-mitarbeiter-und-kultur\/inklusion-und-respekt\/\">Inklusion und Respekt<\/a><\/h3>\t\t\t\t\t\t\t\t<\/div>\n\t\t\t\t<\/div>\n\t\t<div class=\"elementor-element elementor-element-640a1cb e-con-full card e-flex elementor-invisible e-con e-child\" data-id=\"640a1cb\" data-element_type=\"container\" data-e-type=\"container\" data-settings=\"{&quot;animation&quot;:&quot;fadeInUp&quot;,&quot;animation_delay&quot;:150}\">\n\t\t\t\t<div class=\"elementor-element elementor-element-3eb1678 elementor-widget elementor-widget-text-editor\" data-id=\"3eb1678\" data-element_type=\"widget\" data-e-type=\"widget\" data-widget_type=\"text-editor.default\">\n\t\t\t\t\t\t\t\t\t<h3><a href=\"https:\/\/code.insmed.com\/de\/unsere-mitarbeiter-und-kultur\/datenschutz\/\">Datenschutz<\/a><\/h3>\t\t\t\t\t\t\t\t<\/div>\n\t\t\t\t<\/div>\n\t\t<div class=\"elementor-element elementor-element-e3866f6 e-con-full card e-flex elementor-invisible e-con e-child\" data-id=\"e3866f6\" data-element_type=\"container\" data-e-type=\"container\" data-settings=\"{&quot;animation&quot;:&quot;fadeInUp&quot;,&quot;animation_delay&quot;:150}\">\n\t\t\t\t<div class=\"elementor-element elementor-element-610d3f2 elementor-widget elementor-widget-text-editor\" data-id=\"610d3f2\" data-element_type=\"widget\" data-e-type=\"widget\" data-widget_type=\"text-editor.default\">\n\t\t\t\t\t\t\t\t\t<h3><a href=\"https:\/\/code.insmed.com\/de\/unsere-mitarbeiter-und-kultur\/unternehmen\/\">Unternehmen<\/a><\/h3>\t\t\t\t\t\t\t\t<\/div>\n\t\t\t\t<\/div>\n\t\t<div class=\"elementor-element elementor-element-c350187 e-con-full card e-flex elementor-invisible e-con e-child\" data-id=\"c350187\" data-element_type=\"container\" data-e-type=\"container\" data-settings=\"{&quot;animation&quot;:&quot;fadeInUp&quot;,&quot;animation_delay&quot;:150}\">\n\t\t\t\t<div class=\"elementor-element elementor-element-47d895c elementor-widget elementor-widget-text-editor\" data-id=\"47d895c\" data-element_type=\"widget\" data-e-type=\"widget\" data-widget_type=\"text-editor.default\">\n\t\t\t\t\t\t\t\t\t<h3><a href=\"https:\/\/code.insmed.com\/de\/unsere-mitarbeiter-und-kultur\/interessenkonflikte\/\">Interessenkonflikte<\/a><\/h3>\t\t\t\t\t\t\t\t<\/div>\n\t\t\t\t<\/div>\n\t\t<div class=\"elementor-element elementor-element-08ba6f1 e-con-full card e-flex elementor-invisible e-con e-child\" data-id=\"08ba6f1\" data-element_type=\"container\" data-e-type=\"container\" data-settings=\"{&quot;animation&quot;:&quot;fadeInUp&quot;,&quot;animation_delay&quot;:150}\">\n\t\t\t\t<div class=\"elementor-element elementor-element-b349cbf elementor-widget elementor-widget-text-editor\" data-id=\"b349cbf\" data-element_type=\"widget\" data-e-type=\"widget\" data-widget_type=\"text-editor.default\">\n\t\t\t\t\t\t\t\t\t<h3><a href=\"https:\/\/code.insmed.com\/de\/unsere-mitarbeiter-und-kultur\/kommunikation-und-nutzung-sozialer-medien\/\">Kommunikation und Nutzung der sozialen Medien<\/a><\/h3>\t\t\t\t\t\t\t\t<\/div>\n\t\t\t\t<\/div>\n\t\t<div class=\"elementor-element elementor-element-0d5bfb6 e-con-full card e-flex elementor-invisible e-con e-child\" data-id=\"0d5bfb6\" data-element_type=\"container\" data-e-type=\"container\" data-settings=\"{&quot;animation&quot;:&quot;fadeInUp&quot;,&quot;animation_delay&quot;:150}\">\n\t\t\t\t<div class=\"elementor-element elementor-element-4b8d63e elementor-widget elementor-widget-text-editor\" data-id=\"4b8d63e\" data-element_type=\"widget\" data-e-type=\"widget\" data-widget_type=\"text-editor.default\">\n\t\t\t\t\t\t\t\t\t<h3><a href=\"https:\/\/code.insmed.com\/de\/unsere-mitarbeiter-und-kultur\/politische-aktivitaet\/\">Politische Aktivit\u00e4t<\/a><\/h3>\t\t\t\t\t\t\t\t<\/div>\n\t\t\t\t<\/div>\n\t\t\t\t\t<\/div>\n\t\t\t\t<\/div>\n\t\t\t\t<\/div>\n\t\t","protected":false},"excerpt":{"rendered":"<p>Sicherheit am Arbeitsplatz Es hat f\u00fcr Insmed h\u00f6chste Priorit\u00e4t, unseren Mitarbeitern einen sicheren und gesunden Arbeitsplatz zu bieten und ist entscheidend f\u00fcr die Erhaltung einer florierenden und innovativen Kultur. Wir verbessern regelm\u00e4\u00dfig unsere Gesundheits- und Sicherheitsprogramme, die so konzipiert sind, dass sie den Vorschriften in unseren Einsatzregionen entsprechen Wie wir das machen Wir unterhalten rauchfreie [&hellip;]<\/p>\n","protected":false},"author":1,"featured_media":0,"parent":1199,"menu_order":10,"comment_status":"closed","ping_status":"closed","template":"","meta":{"_genesis_hide_title":false,"_genesis_hide_breadcrumbs":false,"_genesis_hide_singular_image":false,"_genesis_hide_footer_widgets":false,"_genesis_custom_body_class":"","_genesis_custom_post_class":"","_genesis_layout":"","footnotes":""},"class_list":{"0":"post-1265","1":"page","2":"type-page","3":"status-publish","5":"entry"},"_links":{"self":[{"href":"https:\/\/code.insmed.com\/de\/wp-json\/wp\/v2\/pages\/1265","targetHints":{"allow":["GET"]}}],"collection":[{"href":"https:\/\/code.insmed.com\/de\/wp-json\/wp\/v2\/pages"}],"about":[{"href":"https:\/\/code.insmed.com\/de\/wp-json\/wp\/v2\/types\/page"}],"author":[{"embeddable":true,"href":"https:\/\/code.insmed.com\/de\/wp-json\/wp\/v2\/users\/1"}],"replies":[{"embeddable":true,"href":"https:\/\/code.insmed.com\/de\/wp-json\/wp\/v2\/comments?post=1265"}],"version-history":[{"count":0,"href":"https:\/\/code.insmed.com\/de\/wp-json\/wp\/v2\/pages\/1265\/revisions"}],"up":[{"embeddable":true,"href":"https:\/\/code.insmed.com\/de\/wp-json\/wp\/v2\/pages\/1199"}],"wp:attachment":[{"href":"https:\/\/code.insmed.com\/de\/wp-json\/wp\/v2\/media?parent=1265"}],"curies":[{"name":"wp","href":"https:\/\/api.w.org\/{rel}","templated":true}]}}