{"id":1267,"date":"2025-08-28T20:58:23","date_gmt":"2025-08-29T00:58:23","guid":{"rendered":"https:\/\/codeofconduct1.wpenginepowered.com\/unsere-mitarbeiter-und-kultur\/unternehmen\/"},"modified":"2025-10-27T12:15:38","modified_gmt":"2025-10-27T16:15:38","slug":"unternehmen","status":"publish","type":"page","link":"https:\/\/code.insmed.com\/de\/unsere-mitarbeiter-und-kultur\/unternehmen\/","title":{"rendered":"Unternehmen"},"content":{"rendered":"\t\t<div data-elementor-type=\"wp-page\" data-elementor-id=\"1267\" class=\"elementor elementor-1267 elementor-39\" data-elementor-post-type=\"page\">\n\t\t\t\t<div class=\"elementor-element elementor-element-1795e5d subpage-header lightest-gray-row e-flex e-con-boxed e-con e-parent\" data-id=\"1795e5d\" data-element_type=\"container\" data-e-type=\"container\">\n\t\t\t\t\t<div class=\"e-con-inner\">\n\t\t<div class=\"elementor-element elementor-element-b1cb3da e-con-full e-flex e-con e-child\" data-id=\"b1cb3da\" data-element_type=\"container\" data-e-type=\"container\">\n\t\t\t\t<div class=\"elementor-element elementor-element-be0cea3 rainbow-h1 elementor-widget elementor-widget-text-editor\" data-id=\"be0cea3\" data-element_type=\"widget\" data-e-type=\"widget\" data-widget_type=\"text-editor.default\">\n\t\t\t\t\t\t\t\t\t<h1 style=\"text-align: center;\">Unternehmen<\/h1><p style=\"text-align: center;\">Unsere Verpflichtung, ein verantwortungsbewusstes Unternehmen zu sein, beginnt bei den Patienten, die wir betreuen, und erstreckt sich auf alle Aspekte unseres Gesch\u00e4fts, einschlie\u00dflich unserer Gemeinschaften und des Umfelds, in dem wir t\u00e4tig sind Wir legen hohe Standards an unsere Mitarbeiter, leitenden Angestellten und Direktoren fest, damit sie ethisch handeln und einen positiven Beitrag zur Gesellschaft leisten. Diese Bem\u00fchungen sind zu einem festen Bestandteil unserer Kultur geworden. Sie unterstreichen unsere Investition in die Welt um uns herum und f\u00f6rdern die Verbindung und das Engagement unserer Teammitglieder . Am wichtigsten ist, dass wir glauben, dass eine gute Corporate Citizenship untrennbar mit unseren Grundwerten und unserem patientenorientierten Zweck verbunden ist   <\/p>\t\t\t\t\t\t\t\t<\/div>\n\t\t\t\t<div class=\"elementor-element elementor-element-0508b21 scroll-down-indicator elementor-invisible elementor-widget elementor-widget-html\" data-id=\"0508b21\" data-element_type=\"widget\" data-e-type=\"widget\" data-settings=\"{&quot;_animation&quot;:&quot;fadeIn&quot;,&quot;_animation_delay&quot;:150}\" data-widget_type=\"html.default\">\n\t\t\t\t\t<i class=\"fa-sharp fa-regular fa-arrow-down-long\"><\/i>\t\t\t\t<\/div>\n\t\t\t\t<\/div>\n\t\t\t\t\t<\/div>\n\t\t\t\t<\/div>\n\t\t<div class=\"elementor-element elementor-element-211750e how-we-do-it-row e-flex e-con-boxed e-con e-parent\" data-id=\"211750e\" data-element_type=\"container\" data-e-type=\"container\">\n\t\t\t\t\t<div class=\"e-con-inner\">\n\t\t<div class=\"elementor-element elementor-element-052b343 e-con-full how-we-do-it-list-col e-flex elementor-invisible e-con e-child\" data-id=\"052b343\" data-element_type=\"container\" data-e-type=\"container\" data-settings=\"{&quot;animation&quot;:&quot;fadeIn&quot;,&quot;animation_delay&quot;:150}\">\n\t\t\t\t<div class=\"elementor-element elementor-element-5a725ef elementor-widget elementor-widget-text-editor\" data-id=\"5a725ef\" data-element_type=\"widget\" data-e-type=\"widget\" data-widget_type=\"text-editor.default\">\n\t\t\t\t\t\t\t\t\t<h2>Wie wir das machen<\/h2><ul><li>Wir beziehen die Wirkung auf die Gemeinschaft in unser Tagesgesch\u00e4ft mit ein, indem wir Spendenaktivit\u00e4ten regelm\u00e4\u00dfig in Unternehmensmeetings und -veranstaltungen integrieren<\/li><li>Wir ermutigen Mitarbeiter, an von Insmed geleiteten ehrenamtlichen Aktivit\u00e4ten wie dem Global Day of Good und von Mitarbeitern geleiteten Aktivit\u00e4ten wie Insmed Cares-Veranstaltungen teilzunehmen.<\/li><li>Wir bieten ein passendes Geschenkprogramm an, das es Mitarbeitern erm\u00f6glicht, ihre Spenden f\u00fcr wohlt\u00e4tige Zwecke zu verdoppeln.<\/li><li>Wir f\u00f6rdern die Bedeutung der Menschenrechte untereinander und gegen\u00fcber allen Gesch\u00e4ftspartnern, mit denen wir interagieren<\/li><li>Wir respektieren faire Arbeitsgesetze, einschlie\u00dflich der Verbote von Kinderarbeit.<\/li><li>Wir halten alle geltenden Umweltgesetze, -vorschriften und Genehmigungsanforderungen ein und bem\u00fchen uns, nach M\u00f6glichkeit \u00fcber die Einhaltung der Vorschriften hinauszugehen <\/li><li>Wir arbeiten daran, toxische und gef\u00e4hrliche Emissionen, Freisetzungen und Abf\u00e4lle zu reduzieren oder zu eliminieren, um die Energieeffizienz in unseren Betrieben zu verbessern und unsere Auswirkungen auf die Wasserressourcen so gering wie m\u00f6glich zu halten.<\/li><li>Wir arbeiten daran, toxische und gef\u00e4hrliche Emissionen, Freisetzungen und Abf\u00e4lle zu reduzieren oder zu eliminieren, um die Energieeffizienz in unseren Betrieben zu verbessern und unsere Auswirkungen auf die Wasserressourcen so gering wie m\u00f6glich zu halten.<\/li><\/ul>\t\t\t\t\t\t\t\t<\/div>\n\t\t\t\t<\/div>\n\t\t<div class=\"elementor-element elementor-element-d5c4c71 e-con-full how-we-do-it-img-col elementor-hidden-tablet elementor-hidden-mobile e-flex elementor-invisible e-con e-child\" data-id=\"d5c4c71\" data-element_type=\"container\" data-e-type=\"container\" data-settings=\"{&quot;animation&quot;:&quot;fadeIn&quot;,&quot;animation_delay&quot;:300}\">\n\t\t\t\t<div class=\"elementor-element elementor-element-20e56d5 rounded-img elementor-widget elementor-widget-image\" data-id=\"20e56d5\" data-element_type=\"widget\" data-e-type=\"widget\" data-widget_type=\"image.default\">\n\t\t\t\t\t\t\t\t\t\t\t\t\t\t\t<img fetchpriority=\"high\" decoding=\"async\" width=\"550\" height=\"640\" src=\"https:\/\/code.insmed.com\/wp-content\/uploads\/2025\/09\/DSC_0821.webp\" class=\"attachment-full size-full wp-image-1266\" alt=\"\" srcset=\"https:\/\/code.insmed.com\/wp-content\/uploads\/2025\/09\/DSC_0821.webp 550w, https:\/\/code.insmed.com\/wp-content\/uploads\/2025\/09\/DSC_0821-258x300.webp 258w\" sizes=\"(max-width: 550px) 100vw, 550px\" \/>\t\t\t\t\t\t\t\t\t\t\t\t\t\t\t<\/div>\n\t\t\t\t<\/div>\n\t\t\t\t\t<\/div>\n\t\t\t\t<\/div>\n\t\t<div class=\"elementor-element elementor-element-4b894da did-you-know-row e-flex e-con-boxed e-con e-parent\" data-id=\"4b894da\" data-element_type=\"container\" data-e-type=\"container\">\n\t\t\t\t\t<div class=\"e-con-inner\">\n\t\t<div class=\"elementor-element elementor-element-28ac6db e-con-full callout-card e-flex elementor-invisible e-con e-child\" data-id=\"28ac6db\" data-element_type=\"container\" data-e-type=\"container\" data-settings=\"{&quot;animation&quot;:&quot;fadeInUp&quot;}\">\n\t\t<div class=\"elementor-element elementor-element-cb1c4b5 e-con-full callout-icon e-flex e-con e-child\" data-id=\"cb1c4b5\" data-element_type=\"container\" data-e-type=\"container\">\n\t\t\t\t<div class=\"elementor-element elementor-element-883a26d elementor-widget elementor-widget-image\" data-id=\"883a26d\" data-element_type=\"widget\" data-e-type=\"widget\" data-widget_type=\"image.default\">\n\t\t\t\t\t\t\t\t\t\t\t\t\t\t\t<img decoding=\"async\" width=\"40\" height=\"40\" src=\"https:\/\/code.insmed.com\/wp-content\/uploads\/2025\/09\/did-you-know-icon.svg\" class=\"attachment-full size-full wp-image-1171\" alt=\"\" \/>\t\t\t\t\t\t\t\t\t\t\t\t\t\t\t<\/div>\n\t\t\t\t<\/div>\n\t\t<div class=\"elementor-element elementor-element-7d186e7 e-con-full callout-header e-flex e-con e-child\" data-id=\"7d186e7\" data-element_type=\"container\" data-e-type=\"container\">\n\t\t\t\t<div class=\"elementor-element elementor-element-6e03a53 elementor-widget elementor-widget-text-editor\" data-id=\"6e03a53\" data-element_type=\"widget\" data-e-type=\"widget\" data-widget_type=\"text-editor.default\">\n\t\t\t\t\t\t\t\t\t<h2>Wussten Sie, dass&#8230;<\/h2>\t\t\t\t\t\t\t\t<\/div>\n\t\t\t\t<\/div>\n\t\t<div class=\"elementor-element elementor-element-092e343 e-con-full callout-body e-flex e-con e-child\" data-id=\"092e343\" data-element_type=\"container\" data-e-type=\"container\">\n\t\t\t\t<div class=\"elementor-element elementor-element-44d2604 elementor-widget elementor-widget-text-editor\" data-id=\"44d2604\" data-element_type=\"widget\" data-e-type=\"widget\" data-widget_type=\"text-editor.default\">\n\t\t\t\t\t\t\t\t\t<p>Wir ver\u00f6ffentlichen allj\u00e4hrlich einen Verantwortungsbericht, der unseren Ansatz und unser Engagement in Bezug auf Umwelt-, Sozial- und Governance-Faktoren in allen Aspekten unseres Gesch\u00e4fts beschreibt, einschlie\u00dflich der Art und Weise, wie wir unsere Gemeinschaften unterst\u00fctzen und an der Minimierung unseres \u00f6kologischen Fu\u00dfabdrucks arbeiten Erfahren Sie mehr \u00fcber unsere Bem\u00fchungen, indem Sie <a href=\"https:\/\/insmed.com\/responsibility-report\/2024\/Insmed-2024-ResponsibilityReport.pdf\" target=\"_blank\" rel=\"noopener\">den neuesten Bericht lesen<\/a> . <\/p>\t\t\t\t\t\t\t\t<\/div>\n\t\t\t\t<\/div>\n\t\t\t\t<\/div>\n\t\t\t\t\t<\/div>\n\t\t\t\t<\/div>\n\t\t<div class=\"elementor-element elementor-element-98cc02a continue-exploring-row dark-violet-row e-flex e-con-boxed e-con e-parent\" data-id=\"98cc02a\" data-element_type=\"container\" data-e-type=\"container\">\n\t\t\t\t\t<div class=\"e-con-inner\">\n\t\t<div class=\"elementor-element elementor-element-a713816 e-con-full continue-exploring-header e-flex elementor-invisible e-con e-child\" data-id=\"a713816\" data-element_type=\"container\" data-e-type=\"container\" data-settings=\"{&quot;animation&quot;:&quot;fadeInUp&quot;}\">\n\t\t\t\t<div class=\"elementor-element elementor-element-8921636 elementor-widget elementor-widget-text-editor\" data-id=\"8921636\" data-element_type=\"widget\" data-e-type=\"widget\" data-widget_type=\"text-editor.default\">\n\t\t\t\t\t\t\t\t\t<p>Erkunden Sie weiter<\/p><h2>Unsere Mitarbeiter und Kultur<\/h2>\t\t\t\t\t\t\t\t<\/div>\n\t\t\t\t<\/div>\n\t\t<div class=\"elementor-element elementor-element-533742e e-con-full card e-flex elementor-invisible e-con e-child\" data-id=\"533742e\" data-element_type=\"container\" data-e-type=\"container\" data-settings=\"{&quot;animation&quot;:&quot;fadeInUp&quot;,&quot;animation_delay&quot;:150}\">\n\t\t\t\t<div class=\"elementor-element elementor-element-fa1301f elementor-widget elementor-widget-text-editor\" data-id=\"fa1301f\" data-element_type=\"widget\" data-e-type=\"widget\" data-widget_type=\"text-editor.default\">\n\t\t\t\t\t\t\t\t\t<h3><a href=\"https:\/\/code.insmed.com\/de\/unsere-mitarbeiter-und-kultur\/inklusion-und-respekt\/\">Inklusion und Respekt<\/a><\/h3>\t\t\t\t\t\t\t\t<\/div>\n\t\t\t\t<\/div>\n\t\t<div class=\"elementor-element elementor-element-1a4c4e6 e-con-full card e-flex elementor-invisible e-con e-child\" data-id=\"1a4c4e6\" data-element_type=\"container\" data-e-type=\"container\" data-settings=\"{&quot;animation&quot;:&quot;fadeInUp&quot;,&quot;animation_delay&quot;:150}\">\n\t\t\t\t<div class=\"elementor-element elementor-element-95f2040 elementor-widget elementor-widget-text-editor\" data-id=\"95f2040\" data-element_type=\"widget\" data-e-type=\"widget\" data-widget_type=\"text-editor.default\">\n\t\t\t\t\t\t\t\t\t<h3><a href=\"https:\/\/code.insmed.com\/de\/unsere-mitarbeiter-und-kultur\/datenschutz\/\">Datenschutz<\/a><\/h3>\t\t\t\t\t\t\t\t<\/div>\n\t\t\t\t<\/div>\n\t\t<div class=\"elementor-element elementor-element-0303f11 e-con-full card e-flex elementor-invisible e-con e-child\" data-id=\"0303f11\" data-element_type=\"container\" data-e-type=\"container\" data-settings=\"{&quot;animation&quot;:&quot;fadeInUp&quot;,&quot;animation_delay&quot;:150}\">\n\t\t\t\t<div class=\"elementor-element elementor-element-257b876 elementor-widget elementor-widget-text-editor\" data-id=\"257b876\" data-element_type=\"widget\" data-e-type=\"widget\" data-widget_type=\"text-editor.default\">\n\t\t\t\t\t\t\t\t\t<h3><a href=\"https:\/\/code.insmed.com\/de\/unsere-mitarbeiter-und-kultur\/sicherheit-am-arbeitsplatz\/\">Sicherheit am Arbeitsplatz<\/a><\/h3>\t\t\t\t\t\t\t\t<\/div>\n\t\t\t\t<\/div>\n\t\t<div class=\"elementor-element elementor-element-c2d2d99 e-con-full card e-flex elementor-invisible e-con e-child\" data-id=\"c2d2d99\" data-element_type=\"container\" data-e-type=\"container\" data-settings=\"{&quot;animation&quot;:&quot;fadeInUp&quot;,&quot;animation_delay&quot;:150}\">\n\t\t\t\t<div class=\"elementor-element elementor-element-c5493ff elementor-widget elementor-widget-text-editor\" data-id=\"c5493ff\" data-element_type=\"widget\" data-e-type=\"widget\" data-widget_type=\"text-editor.default\">\n\t\t\t\t\t\t\t\t\t<h3><a href=\"https:\/\/code.insmed.com\/de\/unsere-mitarbeiter-und-kultur\/interessenkonflikte\/\">Interessenkonflikte<\/a><\/h3>\t\t\t\t\t\t\t\t<\/div>\n\t\t\t\t<\/div>\n\t\t<div class=\"elementor-element elementor-element-149b662 e-con-full card e-flex elementor-invisible e-con e-child\" data-id=\"149b662\" data-element_type=\"container\" data-e-type=\"container\" data-settings=\"{&quot;animation&quot;:&quot;fadeInUp&quot;,&quot;animation_delay&quot;:150}\">\n\t\t\t\t<div class=\"elementor-element elementor-element-3370e9c elementor-widget elementor-widget-text-editor\" data-id=\"3370e9c\" data-element_type=\"widget\" data-e-type=\"widget\" data-widget_type=\"text-editor.default\">\n\t\t\t\t\t\t\t\t\t<h3><a href=\"https:\/\/code.insmed.com\/de\/unsere-mitarbeiter-und-kultur\/kommunikation-und-nutzung-sozialer-medien\/\">Kommunikation und Nutzung der sozialen Medien<\/a><\/h3>\t\t\t\t\t\t\t\t<\/div>\n\t\t\t\t<\/div>\n\t\t<div class=\"elementor-element elementor-element-5b0b5cf e-con-full card e-flex elementor-invisible e-con e-child\" data-id=\"5b0b5cf\" data-element_type=\"container\" data-e-type=\"container\" data-settings=\"{&quot;animation&quot;:&quot;fadeInUp&quot;,&quot;animation_delay&quot;:150}\">\n\t\t\t\t<div class=\"elementor-element elementor-element-d717377 elementor-widget elementor-widget-text-editor\" data-id=\"d717377\" data-element_type=\"widget\" data-e-type=\"widget\" data-widget_type=\"text-editor.default\">\n\t\t\t\t\t\t\t\t\t<h3><a href=\"https:\/\/code.insmed.com\/de\/unsere-mitarbeiter-und-kultur\/politische-aktivitaet\/\">Politische Aktivit\u00e4t<\/a><\/h3>\t\t\t\t\t\t\t\t<\/div>\n\t\t\t\t<\/div>\n\t\t\t\t\t<\/div>\n\t\t\t\t<\/div>\n\t\t\t\t<\/div>\n\t\t","protected":false},"excerpt":{"rendered":"<p>Unternehmen Unsere Verpflichtung, ein verantwortungsbewusstes Unternehmen zu sein, beginnt bei den Patienten, die wir betreuen, und erstreckt sich auf alle Aspekte unseres Gesch\u00e4fts, einschlie\u00dflich unserer Gemeinschaften und des Umfelds, in dem wir t\u00e4tig sind Wir legen hohe Standards an unsere Mitarbeiter, leitenden Angestellten und Direktoren fest, damit sie ethisch handeln und einen positiven Beitrag zur [&hellip;]<\/p>\n","protected":false},"author":1,"featured_media":0,"parent":1199,"menu_order":10,"comment_status":"closed","ping_status":"closed","template":"","meta":{"_genesis_hide_title":false,"_genesis_hide_breadcrumbs":false,"_genesis_hide_singular_image":false,"_genesis_hide_footer_widgets":false,"_genesis_custom_body_class":"","_genesis_custom_post_class":"","_genesis_layout":"","footnotes":""},"class_list":{"0":"post-1267","1":"page","2":"type-page","3":"status-publish","5":"entry"},"_links":{"self":[{"href":"https:\/\/code.insmed.com\/de\/wp-json\/wp\/v2\/pages\/1267","targetHints":{"allow":["GET"]}}],"collection":[{"href":"https:\/\/code.insmed.com\/de\/wp-json\/wp\/v2\/pages"}],"about":[{"href":"https:\/\/code.insmed.com\/de\/wp-json\/wp\/v2\/types\/page"}],"author":[{"embeddable":true,"href":"https:\/\/code.insmed.com\/de\/wp-json\/wp\/v2\/users\/1"}],"replies":[{"embeddable":true,"href":"https:\/\/code.insmed.com\/de\/wp-json\/wp\/v2\/comments?post=1267"}],"version-history":[{"count":0,"href":"https:\/\/code.insmed.com\/de\/wp-json\/wp\/v2\/pages\/1267\/revisions"}],"up":[{"embeddable":true,"href":"https:\/\/code.insmed.com\/de\/wp-json\/wp\/v2\/pages\/1199"}],"wp:attachment":[{"href":"https:\/\/code.insmed.com\/de\/wp-json\/wp\/v2\/media?parent=1267"}],"curies":[{"name":"wp","href":"https:\/\/api.w.org\/{rel}","templated":true}]}}