{"id":1270,"date":"2025-08-28T20:58:23","date_gmt":"2025-08-29T00:58:23","guid":{"rendered":"https:\/\/codeofconduct1.wpenginepowered.com\/unsere-mitarbeiter-und-kultur\/interessenkonflikte\/"},"modified":"2025-10-27T12:18:30","modified_gmt":"2025-10-27T16:18:30","slug":"interessenkonflikte","status":"publish","type":"page","link":"https:\/\/code.insmed.com\/de\/unsere-mitarbeiter-und-kultur\/interessenkonflikte\/","title":{"rendered":"Interessenkonflikte"},"content":{"rendered":"\t\t<div data-elementor-type=\"wp-page\" data-elementor-id=\"1270\" class=\"elementor elementor-1270 elementor-41\" data-elementor-post-type=\"page\">\n\t\t\t\t<div class=\"elementor-element elementor-element-d560583 subpage-header lightest-gray-row e-flex e-con-boxed e-con e-parent\" data-id=\"d560583\" data-element_type=\"container\" data-e-type=\"container\">\n\t\t\t\t\t<div class=\"e-con-inner\">\n\t\t<div class=\"elementor-element elementor-element-bba231c e-con-full e-flex e-con e-child\" data-id=\"bba231c\" data-element_type=\"container\" data-e-type=\"container\">\n\t\t\t\t<div class=\"elementor-element elementor-element-e621a91 rainbow-h1 elementor-widget elementor-widget-text-editor\" data-id=\"e621a91\" data-element_type=\"widget\" data-e-type=\"widget\" data-widget_type=\"text-editor.default\">\n\t\t\t\t\t\t\t\t\t<h1 style=\"text-align: center;\">Interessenkonflikte<\/h1><p style=\"text-align: center;\">Interessenkonflikte liegen vor, wenn pers\u00f6nliche Interessen mit dem, was f\u00fcr Insmed das Beste sein k\u00f6nnte, in Konflikt stehen oder den Anschein erwecken, dass dies das Beste ist Unabh\u00e4ngig davon, ob der Konflikt oder potenzielle Konflikt ein finanzielles Interesse, eine pers\u00f6nliche Beziehung oder eine externe Aktivit\u00e4t beinhaltet, m\u00fcssen wir dies unverz\u00fcglich offenlegen <\/p><p style=\"text-align: center;\">Manchmal sind Interessenkonflikte offensichtlich, w\u00e4hrend andere weniger klar sind. Wir verf\u00fcgen \u00fcber Richtlinien, Prozesse, Schulungen und andere Ressourcen, die unseren Mitarbeitern helfen zu verstehen, ob eine Beziehung, ein Interesse oder eine Aktivit\u00e4t angemessen ist und wann sie einen potenziellen Interessenkonflikt offenlegen sollten <\/p>\t\t\t\t\t\t\t\t<\/div>\n\t\t\t\t<div class=\"elementor-element elementor-element-b3d809d scroll-down-indicator elementor-invisible elementor-widget elementor-widget-html\" data-id=\"b3d809d\" data-element_type=\"widget\" data-e-type=\"widget\" data-settings=\"{&quot;_animation&quot;:&quot;fadeIn&quot;,&quot;_animation_delay&quot;:150}\" data-widget_type=\"html.default\">\n\t\t\t\t\t<i class=\"fa-sharp fa-regular fa-arrow-down-long\"><\/i>\t\t\t\t<\/div>\n\t\t\t\t<\/div>\n\t\t\t\t\t<\/div>\n\t\t\t\t<\/div>\n\t\t<div class=\"elementor-element elementor-element-ba1aa7a how-we-do-it-row e-flex e-con-boxed e-con e-parent\" data-id=\"ba1aa7a\" data-element_type=\"container\" data-e-type=\"container\">\n\t\t\t\t\t<div class=\"e-con-inner\">\n\t\t<div class=\"elementor-element elementor-element-9675ffa e-con-full how-we-do-it-list-col e-flex elementor-invisible e-con e-child\" data-id=\"9675ffa\" data-element_type=\"container\" data-e-type=\"container\" data-settings=\"{&quot;animation&quot;:&quot;fadeIn&quot;,&quot;animation_delay&quot;:150}\">\n\t\t\t\t<div class=\"elementor-element elementor-element-5df14ce elementor-widget elementor-widget-text-editor\" data-id=\"5df14ce\" data-element_type=\"widget\" data-e-type=\"widget\" data-widget_type=\"text-editor.default\">\n\t\t\t\t\t\t\t\t\t<h2>Wie wir das machen<\/h2><ul><li>Wir schulen unsere Mitarbeiter darin, einen Interessenkonflikt zu erkennen und ihn gem\u00e4\u00df unseren Richtlinien offenzulegen, sobald er auftritt<\/li><li>Wir beteiligen uns nicht an Interessen, Aktivit\u00e4ten oder Beziehungen, die unsere F\u00e4higkeit, die beste und objektivste Entscheidung f\u00fcr Insmed zu treffen, beeintr\u00e4chtigen k\u00f6nnten<\/li><li>Wir nutzen niemals pers\u00f6nlich Gelegenheiten aus, die wir im Laufe unserer Arbeit f\u00fcr Insmed kennengelernt haben<\/li><\/ul>\t\t\t\t\t\t\t\t<\/div>\n\t\t\t\t<\/div>\n\t\t<div class=\"elementor-element elementor-element-58e5cf2 e-con-full how-we-do-it-img-col elementor-hidden-tablet elementor-hidden-mobile e-flex elementor-invisible e-con e-child\" data-id=\"58e5cf2\" data-element_type=\"container\" data-e-type=\"container\" data-settings=\"{&quot;animation&quot;:&quot;fadeIn&quot;,&quot;animation_delay&quot;:300}\">\n\t\t\t\t<div class=\"elementor-element elementor-element-cfd5359 rounded-img elementor-widget elementor-widget-image\" data-id=\"cfd5359\" data-element_type=\"widget\" data-e-type=\"widget\" data-widget_type=\"image.default\">\n\t\t\t\t\t\t\t\t\t\t\t\t\t\t\t<img fetchpriority=\"high\" decoding=\"async\" width=\"550\" height=\"640\" src=\"https:\/\/code.insmed.com\/wp-content\/uploads\/2025\/09\/Insmed_042.webp\" class=\"attachment-full size-full wp-image-1269\" alt=\"\" srcset=\"https:\/\/code.insmed.com\/wp-content\/uploads\/2025\/09\/Insmed_042.webp 550w, https:\/\/code.insmed.com\/wp-content\/uploads\/2025\/09\/Insmed_042-258x300.webp 258w\" sizes=\"(max-width: 550px) 100vw, 550px\" \/>\t\t\t\t\t\t\t\t\t\t\t\t\t\t\t<\/div>\n\t\t\t\t<\/div>\n\t\t\t\t\t<\/div>\n\t\t\t\t<\/div>\n\t\t<div class=\"elementor-element elementor-element-4da9a2c did-you-know-row e-flex e-con-boxed e-con e-parent\" data-id=\"4da9a2c\" data-element_type=\"container\" data-e-type=\"container\">\n\t\t\t\t\t<div class=\"e-con-inner\">\n\t\t<div class=\"elementor-element elementor-element-e018ee9 e-con-full callout-card e-flex elementor-invisible e-con e-child\" data-id=\"e018ee9\" data-element_type=\"container\" data-e-type=\"container\" data-settings=\"{&quot;animation&quot;:&quot;fadeInUp&quot;}\">\n\t\t<div class=\"elementor-element elementor-element-f2b2b2b e-con-full callout-icon e-flex e-con e-child\" data-id=\"f2b2b2b\" data-element_type=\"container\" data-e-type=\"container\">\n\t\t\t\t<div class=\"elementor-element elementor-element-38e81e5 elementor-widget elementor-widget-image\" data-id=\"38e81e5\" data-element_type=\"widget\" data-e-type=\"widget\" data-widget_type=\"image.default\">\n\t\t\t\t\t\t\t\t\t\t\t\t\t\t\t<img decoding=\"async\" width=\"40\" height=\"40\" src=\"https:\/\/code.insmed.com\/wp-content\/uploads\/2025\/09\/did-you-know-icon.svg\" class=\"attachment-full size-full wp-image-1171\" alt=\"\" \/>\t\t\t\t\t\t\t\t\t\t\t\t\t\t\t<\/div>\n\t\t\t\t<\/div>\n\t\t<div class=\"elementor-element elementor-element-7a275b6 e-con-full callout-header e-flex e-con e-child\" data-id=\"7a275b6\" data-element_type=\"container\" data-e-type=\"container\">\n\t\t\t\t<div class=\"elementor-element elementor-element-a48dc5c elementor-widget elementor-widget-text-editor\" data-id=\"a48dc5c\" data-element_type=\"widget\" data-e-type=\"widget\" data-widget_type=\"text-editor.default\">\n\t\t\t\t\t\t\t\t\t<h2>Wussten Sie, dass&#8230;<\/h2>\t\t\t\t\t\t\t\t<\/div>\n\t\t\t\t<\/div>\n\t\t<div class=\"elementor-element elementor-element-fabc0e4 e-con-full callout-body e-flex e-con e-child\" data-id=\"fabc0e4\" data-element_type=\"container\" data-e-type=\"container\">\n\t\t\t\t<div class=\"elementor-element elementor-element-b99093c elementor-widget elementor-widget-text-editor\" data-id=\"b99093c\" data-element_type=\"widget\" data-e-type=\"widget\" data-widget_type=\"text-editor.default\">\n\t\t\t\t\t\t\t\t\t<p>Mitarbeiter sind verpflichtet, tats\u00e4chliche oder potenzielle Interessenkonflikte unverz\u00fcglich \u00fcber Arbeitstag offenzulegen und bestehende Offenlegungen in Workdaybei Arbeitstag zu aktualisieren, wenn sich die Details des Interessenkonflikts \u00e4ndern<\/p><p>Auch wenn es unm\u00f6glich ist, alle verschiedenen Arten von Interessenkonflikten aufzulisten, sind hier einige Beispiele aufgef\u00fchrt, die auftreten k\u00f6nnen:<\/p><ul><li>Beeinflussung der Beschaffung eines Produkts oder einer Dienstleistung von einem Anbieter, an dem Sie ein finanzielles Interesse haben<\/li><li>T\u00e4tigkeit als Mitarbeiter, Berater, leitender Angestellter oder Direktor eines Lieferanten, Wettbewerbers oder Kunden von Insmed<\/li><li>In irgendeiner Weise mit Insmed in Wettbewerb zu stehen, sei es durch den Kauf von Eigentum oder die Entwicklung eines Produkts<\/li><li>Handlungen im Namen von Insmed , wenn sich ein Familienmitglied oder enger Freund auf der anderen Seite der Transaktion befindet<\/li><\/ul>\t\t\t\t\t\t\t\t<\/div>\n\t\t\t\t<\/div>\n\t\t\t\t<\/div>\n\t\t\t\t\t<\/div>\n\t\t\t\t<\/div>\n\t\t<div class=\"elementor-element elementor-element-cdd0770 continue-exploring-row dark-violet-row e-flex e-con-boxed e-con e-parent\" data-id=\"cdd0770\" data-element_type=\"container\" data-e-type=\"container\">\n\t\t\t\t\t<div class=\"e-con-inner\">\n\t\t<div class=\"elementor-element elementor-element-2c651e2 e-con-full continue-exploring-header e-flex elementor-invisible e-con e-child\" data-id=\"2c651e2\" data-element_type=\"container\" data-e-type=\"container\" data-settings=\"{&quot;animation&quot;:&quot;fadeInUp&quot;}\">\n\t\t\t\t<div class=\"elementor-element elementor-element-50f7336 elementor-widget elementor-widget-text-editor\" data-id=\"50f7336\" data-element_type=\"widget\" data-e-type=\"widget\" data-widget_type=\"text-editor.default\">\n\t\t\t\t\t\t\t\t\t<p>Erkunden Sie weiter<\/p><h2>Unsere Mitarbeiter und Kultur<\/h2>\t\t\t\t\t\t\t\t<\/div>\n\t\t\t\t<\/div>\n\t\t<div class=\"elementor-element elementor-element-ec17782 e-con-full card e-flex elementor-invisible e-con e-child\" data-id=\"ec17782\" data-element_type=\"container\" data-e-type=\"container\" data-settings=\"{&quot;animation&quot;:&quot;fadeInUp&quot;,&quot;animation_delay&quot;:150}\">\n\t\t\t\t<div class=\"elementor-element elementor-element-e6a7ab0 elementor-widget elementor-widget-text-editor\" data-id=\"e6a7ab0\" data-element_type=\"widget\" data-e-type=\"widget\" data-widget_type=\"text-editor.default\">\n\t\t\t\t\t\t\t\t\t<h3><a href=\"https:\/\/code.insmed.com\/de\/unsere-mitarbeiter-und-kultur\/inklusion-und-respekt\/\">Inklusion und Respekt<\/a><\/h3>\t\t\t\t\t\t\t\t<\/div>\n\t\t\t\t<\/div>\n\t\t<div class=\"elementor-element elementor-element-588c064 e-con-full card e-flex elementor-invisible e-con e-child\" data-id=\"588c064\" data-element_type=\"container\" data-e-type=\"container\" data-settings=\"{&quot;animation&quot;:&quot;fadeInUp&quot;,&quot;animation_delay&quot;:150}\">\n\t\t\t\t<div class=\"elementor-element elementor-element-2a000e4 elementor-widget elementor-widget-text-editor\" data-id=\"2a000e4\" data-element_type=\"widget\" data-e-type=\"widget\" data-widget_type=\"text-editor.default\">\n\t\t\t\t\t\t\t\t\t<h3><a href=\"https:\/\/code.insmed.com\/de\/unsere-mitarbeiter-und-kultur\/datenschutz\/\">Datenschutz<\/a><\/h3>\t\t\t\t\t\t\t\t<\/div>\n\t\t\t\t<\/div>\n\t\t<div class=\"elementor-element elementor-element-34358a8 e-con-full card e-flex elementor-invisible e-con e-child\" data-id=\"34358a8\" data-element_type=\"container\" data-e-type=\"container\" data-settings=\"{&quot;animation&quot;:&quot;fadeInUp&quot;,&quot;animation_delay&quot;:150}\">\n\t\t\t\t<div class=\"elementor-element elementor-element-d41ec99 elementor-widget elementor-widget-text-editor\" data-id=\"d41ec99\" data-element_type=\"widget\" data-e-type=\"widget\" data-widget_type=\"text-editor.default\">\n\t\t\t\t\t\t\t\t\t<h3><a href=\"https:\/\/code.insmed.com\/de\/unsere-mitarbeiter-und-kultur\/sicherheit-am-arbeitsplatz\/\">Sicherheit am Arbeitsplatz<\/a><\/h3>\t\t\t\t\t\t\t\t<\/div>\n\t\t\t\t<\/div>\n\t\t<div class=\"elementor-element elementor-element-11555de e-con-full card e-flex elementor-invisible e-con e-child\" data-id=\"11555de\" data-element_type=\"container\" data-e-type=\"container\" data-settings=\"{&quot;animation&quot;:&quot;fadeInUp&quot;,&quot;animation_delay&quot;:150}\">\n\t\t\t\t<div class=\"elementor-element elementor-element-8a682f2 elementor-widget elementor-widget-text-editor\" data-id=\"8a682f2\" data-element_type=\"widget\" data-e-type=\"widget\" data-widget_type=\"text-editor.default\">\n\t\t\t\t\t\t\t\t\t<h3><a href=\"https:\/\/code.insmed.com\/de\/unsere-mitarbeiter-und-kultur\/unternehmen\/\">Unternehmen<\/a><\/h3>\t\t\t\t\t\t\t\t<\/div>\n\t\t\t\t<\/div>\n\t\t<div class=\"elementor-element elementor-element-24040a5 e-con-full card e-flex elementor-invisible e-con e-child\" data-id=\"24040a5\" data-element_type=\"container\" data-e-type=\"container\" data-settings=\"{&quot;animation&quot;:&quot;fadeInUp&quot;,&quot;animation_delay&quot;:150}\">\n\t\t\t\t<div class=\"elementor-element elementor-element-692d935 elementor-widget elementor-widget-text-editor\" data-id=\"692d935\" data-element_type=\"widget\" data-e-type=\"widget\" data-widget_type=\"text-editor.default\">\n\t\t\t\t\t\t\t\t\t<h3><a href=\"https:\/\/code.insmed.com\/de\/unsere-mitarbeiter-und-kultur\/kommunikation-und-nutzung-sozialer-medien\/\">Kommunikation und Nutzung der sozialen Medien<\/a><\/h3>\t\t\t\t\t\t\t\t<\/div>\n\t\t\t\t<\/div>\n\t\t<div class=\"elementor-element elementor-element-840da39 e-con-full card e-flex elementor-invisible e-con e-child\" data-id=\"840da39\" data-element_type=\"container\" data-e-type=\"container\" data-settings=\"{&quot;animation&quot;:&quot;fadeInUp&quot;,&quot;animation_delay&quot;:150}\">\n\t\t\t\t<div class=\"elementor-element elementor-element-c261205 elementor-widget elementor-widget-text-editor\" data-id=\"c261205\" data-element_type=\"widget\" data-e-type=\"widget\" data-widget_type=\"text-editor.default\">\n\t\t\t\t\t\t\t\t\t<h3><a href=\"https:\/\/code.insmed.com\/de\/unsere-mitarbeiter-und-kultur\/politische-aktivitaet\/\">Politische Aktivit\u00e4t<\/a><\/h3>\t\t\t\t\t\t\t\t<\/div>\n\t\t\t\t<\/div>\n\t\t\t\t\t<\/div>\n\t\t\t\t<\/div>\n\t\t\t\t<\/div>\n\t\t","protected":false},"excerpt":{"rendered":"<p>Interessenkonflikte Interessenkonflikte liegen vor, wenn pers\u00f6nliche Interessen mit dem, was f\u00fcr Insmed das Beste sein k\u00f6nnte, in Konflikt stehen oder den Anschein erwecken, dass dies das Beste ist Unabh\u00e4ngig davon, ob der Konflikt oder potenzielle Konflikt ein finanzielles Interesse, eine pers\u00f6nliche Beziehung oder eine externe Aktivit\u00e4t beinhaltet, m\u00fcssen wir dies unverz\u00fcglich offenlegen Manchmal sind Interessenkonflikte [&hellip;]<\/p>\n","protected":false},"author":1,"featured_media":0,"parent":1199,"menu_order":10,"comment_status":"closed","ping_status":"closed","template":"","meta":{"_genesis_hide_title":false,"_genesis_hide_breadcrumbs":false,"_genesis_hide_singular_image":false,"_genesis_hide_footer_widgets":false,"_genesis_custom_body_class":"","_genesis_custom_post_class":"","_genesis_layout":"","footnotes":""},"class_list":{"0":"post-1270","1":"page","2":"type-page","3":"status-publish","5":"entry"},"_links":{"self":[{"href":"https:\/\/code.insmed.com\/de\/wp-json\/wp\/v2\/pages\/1270","targetHints":{"allow":["GET"]}}],"collection":[{"href":"https:\/\/code.insmed.com\/de\/wp-json\/wp\/v2\/pages"}],"about":[{"href":"https:\/\/code.insmed.com\/de\/wp-json\/wp\/v2\/types\/page"}],"author":[{"embeddable":true,"href":"https:\/\/code.insmed.com\/de\/wp-json\/wp\/v2\/users\/1"}],"replies":[{"embeddable":true,"href":"https:\/\/code.insmed.com\/de\/wp-json\/wp\/v2\/comments?post=1270"}],"version-history":[{"count":0,"href":"https:\/\/code.insmed.com\/de\/wp-json\/wp\/v2\/pages\/1270\/revisions"}],"up":[{"embeddable":true,"href":"https:\/\/code.insmed.com\/de\/wp-json\/wp\/v2\/pages\/1199"}],"wp:attachment":[{"href":"https:\/\/code.insmed.com\/de\/wp-json\/wp\/v2\/media?parent=1270"}],"curies":[{"name":"wp","href":"https:\/\/api.w.org\/{rel}","templated":true}]}}