{"id":1274,"date":"2025-08-28T20:58:23","date_gmt":"2025-08-29T00:58:23","guid":{"rendered":"https:\/\/codeofconduct1.wpenginepowered.com\/unsere-mitarbeiter-und-kultur\/politische-aktivitaet\/"},"modified":"2025-10-27T12:26:01","modified_gmt":"2025-10-27T16:26:01","slug":"politische-aktivitaet","status":"publish","type":"page","link":"https:\/\/code.insmed.com\/de\/unsere-mitarbeiter-und-kultur\/politische-aktivitaet\/","title":{"rendered":"Politische Aktivit\u00e4t"},"content":{"rendered":"\t\t<div data-elementor-type=\"wp-page\" data-elementor-id=\"1274\" class=\"elementor elementor-1274 elementor-45\" data-elementor-post-type=\"page\">\n\t\t\t\t<div class=\"elementor-element elementor-element-764b959 subpage-header lightest-gray-row e-flex e-con-boxed e-con e-parent\" data-id=\"764b959\" data-element_type=\"container\" data-e-type=\"container\">\n\t\t\t\t\t<div class=\"e-con-inner\">\n\t\t<div class=\"elementor-element elementor-element-7d8e86f e-con-full e-flex e-con e-child\" data-id=\"7d8e86f\" data-element_type=\"container\" data-e-type=\"container\">\n\t\t\t\t<div class=\"elementor-element elementor-element-4800288 rainbow-h1 elementor-widget elementor-widget-text-editor\" data-id=\"4800288\" data-element_type=\"widget\" data-e-type=\"widget\" data-widget_type=\"text-editor.default\">\n\t\t\t\t\t\t\t\t\t<h1 style=\"text-align: center;\">Politische Aktivit\u00e4t<\/h1><p style=\"text-align: center;\">Insmed unterst\u00fctzt die politische Beteiligung einzelner Personen, solange diese politische Beteiligung von den Gesch\u00e4ften von Insmed getrennt bleibt Insmed befolgt alle Gesetze und Vorschriften, die f\u00fcr die Teilnahme von Unternehmen am politischen Prozess gelten. <\/p>\t\t\t\t\t\t\t\t<\/div>\n\t\t\t\t<div class=\"elementor-element elementor-element-d93e59d scroll-down-indicator elementor-invisible elementor-widget elementor-widget-html\" data-id=\"d93e59d\" data-element_type=\"widget\" data-e-type=\"widget\" data-settings=\"{&quot;_animation&quot;:&quot;fadeIn&quot;,&quot;_animation_delay&quot;:150}\" data-widget_type=\"html.default\">\n\t\t\t\t\t<i class=\"fa-sharp fa-regular fa-arrow-down-long\"><\/i>\t\t\t\t<\/div>\n\t\t\t\t<\/div>\n\t\t\t\t\t<\/div>\n\t\t\t\t<\/div>\n\t\t<div class=\"elementor-element elementor-element-0e3fc13 how-we-do-it-row e-flex e-con-boxed e-con e-parent\" data-id=\"0e3fc13\" data-element_type=\"container\" data-e-type=\"container\">\n\t\t\t\t\t<div class=\"e-con-inner\">\n\t\t<div class=\"elementor-element elementor-element-c288874 e-con-full how-we-do-it-list-col e-flex elementor-invisible e-con e-child\" data-id=\"c288874\" data-element_type=\"container\" data-e-type=\"container\" data-settings=\"{&quot;animation&quot;:&quot;fadeIn&quot;,&quot;animation_delay&quot;:150}\">\n\t\t\t\t<div class=\"elementor-element elementor-element-ef7e744 elementor-widget elementor-widget-text-editor\" data-id=\"ef7e744\" data-element_type=\"widget\" data-e-type=\"widget\" data-widget_type=\"text-editor.default\">\n\t\t\t\t\t\t\t\t\t<h2>Wie wir das machen<\/h2><ul><li>Wir verwenden niemals Gelder oder andere Ressourcen von Insmed zur Unterst\u00fctzung politischer Kandidaten, Parteien, Organisationen oder anderer politischer Anliegen.<\/li><li>Wir fordern w\u00e4hrend der Gesch\u00e4ftszeiten keine politische Unterst\u00fctzung oder Spenden von Personen, mit denen wir zusammenarbeiten<\/li><li>Wenn wir uns au\u00dferhalb der Arbeit am politischen Prozess beteiligen, machen wir deutlich, dass unsere politischen Ansichten unsere eigenen sind und nicht die Ansichten von Insmed<\/li><li>Wir teilen unsere politischen Meinungen mit den Mitarbeitern von Insmed r\u00fccksichtsvoll und respektvoll und sehen von politisch motivierten Gespr\u00e4chen am Arbeitsplatz ab.<\/li><\/ul>\t\t\t\t\t\t\t\t<\/div>\n\t\t\t\t<\/div>\n\t\t<div class=\"elementor-element elementor-element-7e0e30a e-con-full how-we-do-it-img-col elementor-hidden-tablet elementor-hidden-mobile e-flex elementor-invisible e-con e-child\" data-id=\"7e0e30a\" data-element_type=\"container\" data-e-type=\"container\" data-settings=\"{&quot;animation&quot;:&quot;fadeIn&quot;,&quot;animation_delay&quot;:300}\">\n\t\t\t\t<div class=\"elementor-element elementor-element-d8bc5a9 rounded-img elementor-widget elementor-widget-image\" data-id=\"d8bc5a9\" data-element_type=\"widget\" data-e-type=\"widget\" data-widget_type=\"image.default\">\n\t\t\t\t\t\t\t\t\t\t\t\t\t\t\t<img fetchpriority=\"high\" decoding=\"async\" width=\"550\" height=\"640\" src=\"https:\/\/code.insmed.com\/wp-content\/uploads\/2025\/09\/250407_INSMED_0635.webp\" class=\"attachment-full size-full wp-image-1273\" alt=\"\" srcset=\"https:\/\/code.insmed.com\/wp-content\/uploads\/2025\/09\/250407_INSMED_0635.webp 550w, https:\/\/code.insmed.com\/wp-content\/uploads\/2025\/09\/250407_INSMED_0635-258x300.webp 258w\" sizes=\"(max-width: 550px) 100vw, 550px\" \/>\t\t\t\t\t\t\t\t\t\t\t\t\t\t\t<\/div>\n\t\t\t\t<\/div>\n\t\t\t\t\t<\/div>\n\t\t\t\t<\/div>\n\t\t<div class=\"elementor-element elementor-element-4811cf4 continue-exploring-row dark-violet-row e-flex e-con-boxed e-con e-parent\" data-id=\"4811cf4\" data-element_type=\"container\" data-e-type=\"container\">\n\t\t\t\t\t<div class=\"e-con-inner\">\n\t\t<div class=\"elementor-element elementor-element-01e852a e-con-full continue-exploring-header e-flex elementor-invisible e-con e-child\" data-id=\"01e852a\" data-element_type=\"container\" data-e-type=\"container\" data-settings=\"{&quot;animation&quot;:&quot;fadeInUp&quot;}\">\n\t\t\t\t<div class=\"elementor-element elementor-element-bc3eefe elementor-widget elementor-widget-text-editor\" data-id=\"bc3eefe\" data-element_type=\"widget\" data-e-type=\"widget\" data-widget_type=\"text-editor.default\">\n\t\t\t\t\t\t\t\t\t<p>Erkunden Sie weiter<\/p><h2>Unsere Mitarbeiter und Kultur<\/h2>\t\t\t\t\t\t\t\t<\/div>\n\t\t\t\t<\/div>\n\t\t<div class=\"elementor-element elementor-element-e01fe06 e-con-full card e-flex elementor-invisible e-con e-child\" data-id=\"e01fe06\" data-element_type=\"container\" data-e-type=\"container\" data-settings=\"{&quot;animation&quot;:&quot;fadeInUp&quot;,&quot;animation_delay&quot;:150}\">\n\t\t\t\t<div class=\"elementor-element elementor-element-fc01c40 elementor-widget elementor-widget-text-editor\" data-id=\"fc01c40\" data-element_type=\"widget\" data-e-type=\"widget\" data-widget_type=\"text-editor.default\">\n\t\t\t\t\t\t\t\t\t<h3><a href=\"https:\/\/code.insmed.com\/de\/unsere-mitarbeiter-und-kultur\/inklusion-und-respekt\/\">Inklusion und Respekt<\/a><\/h3>\t\t\t\t\t\t\t\t<\/div>\n\t\t\t\t<\/div>\n\t\t<div class=\"elementor-element elementor-element-d1865ed e-con-full card e-flex elementor-invisible e-con e-child\" data-id=\"d1865ed\" data-element_type=\"container\" data-e-type=\"container\" data-settings=\"{&quot;animation&quot;:&quot;fadeInUp&quot;,&quot;animation_delay&quot;:150}\">\n\t\t\t\t<div class=\"elementor-element elementor-element-dea2d16 elementor-widget elementor-widget-text-editor\" data-id=\"dea2d16\" data-element_type=\"widget\" data-e-type=\"widget\" data-widget_type=\"text-editor.default\">\n\t\t\t\t\t\t\t\t\t<h3><a href=\"https:\/\/code.insmed.com\/de\/unsere-mitarbeiter-und-kultur\/datenschutz\/\">Datenschutz<\/a><\/h3>\t\t\t\t\t\t\t\t<\/div>\n\t\t\t\t<\/div>\n\t\t<div class=\"elementor-element elementor-element-8fad3f0 e-con-full card e-flex elementor-invisible e-con e-child\" data-id=\"8fad3f0\" data-element_type=\"container\" data-e-type=\"container\" data-settings=\"{&quot;animation&quot;:&quot;fadeInUp&quot;,&quot;animation_delay&quot;:150}\">\n\t\t\t\t<div class=\"elementor-element elementor-element-76dd304 elementor-widget elementor-widget-text-editor\" data-id=\"76dd304\" data-element_type=\"widget\" data-e-type=\"widget\" data-widget_type=\"text-editor.default\">\n\t\t\t\t\t\t\t\t\t<h3><a href=\"https:\/\/code.insmed.com\/de\/unsere-mitarbeiter-und-kultur\/sicherheit-am-arbeitsplatz\/\">Sicherheit am Arbeitsplatz<\/a><\/h3>\t\t\t\t\t\t\t\t<\/div>\n\t\t\t\t<\/div>\n\t\t<div class=\"elementor-element elementor-element-a4616eb e-con-full card e-flex elementor-invisible e-con e-child\" data-id=\"a4616eb\" data-element_type=\"container\" data-e-type=\"container\" data-settings=\"{&quot;animation&quot;:&quot;fadeInUp&quot;,&quot;animation_delay&quot;:150}\">\n\t\t\t\t<div class=\"elementor-element elementor-element-e6b799d elementor-widget elementor-widget-text-editor\" data-id=\"e6b799d\" data-element_type=\"widget\" data-e-type=\"widget\" data-widget_type=\"text-editor.default\">\n\t\t\t\t\t\t\t\t\t<h3><a href=\"https:\/\/code.insmed.com\/de\/unsere-mitarbeiter-und-kultur\/unternehmen\/\">Unternehmen<\/a><\/h3>\t\t\t\t\t\t\t\t<\/div>\n\t\t\t\t<\/div>\n\t\t<div class=\"elementor-element elementor-element-525b4c8 e-con-full card e-flex elementor-invisible e-con e-child\" data-id=\"525b4c8\" data-element_type=\"container\" data-e-type=\"container\" data-settings=\"{&quot;animation&quot;:&quot;fadeInUp&quot;,&quot;animation_delay&quot;:150}\">\n\t\t\t\t<div class=\"elementor-element elementor-element-a467dc2 elementor-widget elementor-widget-text-editor\" data-id=\"a467dc2\" data-element_type=\"widget\" data-e-type=\"widget\" data-widget_type=\"text-editor.default\">\n\t\t\t\t\t\t\t\t\t<h3><a href=\"https:\/\/code.insmed.com\/de\/unsere-mitarbeiter-und-kultur\/interessenkonflikte\/\">Interessenkonflikte<\/a><\/h3>\t\t\t\t\t\t\t\t<\/div>\n\t\t\t\t<\/div>\n\t\t<div class=\"elementor-element elementor-element-c9f3c87 e-con-full card e-flex elementor-invisible e-con e-child\" data-id=\"c9f3c87\" data-element_type=\"container\" data-e-type=\"container\" data-settings=\"{&quot;animation&quot;:&quot;fadeInUp&quot;,&quot;animation_delay&quot;:150}\">\n\t\t\t\t<div class=\"elementor-element elementor-element-195982e elementor-widget elementor-widget-text-editor\" data-id=\"195982e\" data-element_type=\"widget\" data-e-type=\"widget\" data-widget_type=\"text-editor.default\">\n\t\t\t\t\t\t\t\t\t<h3><a href=\"https:\/\/code.insmed.com\/de\/unsere-mitarbeiter-und-kultur\/kommunikation-und-nutzung-sozialer-medien\/\">Kommunikation und Nutzung sozialer Medien<\/a><\/h3>\t\t\t\t\t\t\t\t<\/div>\n\t\t\t\t<\/div>\n\t\t\t\t\t<\/div>\n\t\t\t\t<\/div>\n\t\t\t\t<\/div>\n\t\t","protected":false},"excerpt":{"rendered":"<p>Politische Aktivit\u00e4t Insmed unterst\u00fctzt die politische Beteiligung einzelner Personen, solange diese politische Beteiligung von den Gesch\u00e4ften von Insmed getrennt bleibt Insmed befolgt alle Gesetze und Vorschriften, die f\u00fcr die Teilnahme von Unternehmen am politischen Prozess gelten. Wie wir das machen Wir verwenden niemals Gelder oder andere Ressourcen von Insmed zur Unterst\u00fctzung politischer Kandidaten, Parteien, Organisationen [&hellip;]<\/p>\n","protected":false},"author":1,"featured_media":0,"parent":1199,"menu_order":10,"comment_status":"closed","ping_status":"closed","template":"","meta":{"_genesis_hide_title":false,"_genesis_hide_breadcrumbs":false,"_genesis_hide_singular_image":false,"_genesis_hide_footer_widgets":false,"_genesis_custom_body_class":"","_genesis_custom_post_class":"","_genesis_layout":"","footnotes":""},"class_list":{"0":"post-1274","1":"page","2":"type-page","3":"status-publish","5":"entry"},"_links":{"self":[{"href":"https:\/\/code.insmed.com\/de\/wp-json\/wp\/v2\/pages\/1274","targetHints":{"allow":["GET"]}}],"collection":[{"href":"https:\/\/code.insmed.com\/de\/wp-json\/wp\/v2\/pages"}],"about":[{"href":"https:\/\/code.insmed.com\/de\/wp-json\/wp\/v2\/types\/page"}],"author":[{"embeddable":true,"href":"https:\/\/code.insmed.com\/de\/wp-json\/wp\/v2\/users\/1"}],"replies":[{"embeddable":true,"href":"https:\/\/code.insmed.com\/de\/wp-json\/wp\/v2\/comments?post=1274"}],"version-history":[{"count":0,"href":"https:\/\/code.insmed.com\/de\/wp-json\/wp\/v2\/pages\/1274\/revisions"}],"up":[{"embeddable":true,"href":"https:\/\/code.insmed.com\/de\/wp-json\/wp\/v2\/pages\/1199"}],"wp:attachment":[{"href":"https:\/\/code.insmed.com\/de\/wp-json\/wp\/v2\/media?parent=1274"}],"curies":[{"name":"wp","href":"https:\/\/api.w.org\/{rel}","templated":true}]}}