{"id":1277,"date":"2025-08-28T20:58:23","date_gmt":"2025-08-29T00:58:23","guid":{"rendered":"https:\/\/codeofconduct1.wpenginepowered.com\/verantwortungsvolle-geschaeftstaetigkeit\/verhinderung-von-korruption\/"},"modified":"2025-10-27T12:38:41","modified_gmt":"2025-10-27T16:38:41","slug":"verhinderung-von-korruption","status":"publish","type":"page","link":"https:\/\/code.insmed.com\/de\/verantwortungsvolle-geschaeftstaetigkeit\/verhinderung-von-korruption\/","title":{"rendered":"Verhinderung von Korruption"},"content":{"rendered":"\t\t<div data-elementor-type=\"wp-page\" data-elementor-id=\"1277\" class=\"elementor elementor-1277 elementor-49\" data-elementor-post-type=\"page\">\n\t\t\t\t<div class=\"elementor-element elementor-element-4a8f687 subpage-header lightest-gray-row e-flex e-con-boxed e-con e-parent\" data-id=\"4a8f687\" data-element_type=\"container\" data-e-type=\"container\">\n\t\t\t\t\t<div class=\"e-con-inner\">\n\t\t<div class=\"elementor-element elementor-element-f270924 e-con-full e-flex e-con e-child\" data-id=\"f270924\" data-element_type=\"container\" data-e-type=\"container\">\n\t\t\t\t<div class=\"elementor-element elementor-element-023bb17 rainbow-h1 elementor-widget elementor-widget-text-editor\" data-id=\"023bb17\" data-element_type=\"widget\" data-e-type=\"widget\" data-widget_type=\"text-editor.default\">\n\t\t\t\t\t\t\t\t\t<h1 style=\"text-align: center;\">Verhinderung von Korruption<\/h1><p style=\"text-align: center;\">Insmedverbietet Bestechung und Korruption in jeglicher Form \u00fcberall auf der Welt. Wir bieten Regierungsbeamten, medizinischen Fachkr\u00e4ften (Healthcare Professionals, HCPs) oder anderen Personen keine Bestechungsgelder an und wir nehmen auch keine Bestechungsgelder an. Das gilt nicht nur f\u00fcr alle Personen, die bei Insmed arbeiten, sondern auch f\u00fcr Personen, die im Namen oder im Auftrag von Insmed auftreten, einschlie\u00dflich aller Vertreter oder Gesch\u00e4ftspartner, wie in unserem Verhaltenskodex f\u00fcr Lieferanten beschrieben.  <\/p>\t\t\t\t\t\t\t\t<\/div>\n\t\t\t\t<div class=\"elementor-element elementor-element-7c3ed51 scroll-down-indicator elementor-invisible elementor-widget elementor-widget-html\" data-id=\"7c3ed51\" data-element_type=\"widget\" data-e-type=\"widget\" data-settings=\"{&quot;_animation&quot;:&quot;fadeIn&quot;,&quot;_animation_delay&quot;:150}\" data-widget_type=\"html.default\">\n\t\t\t\t\t<i class=\"fa-sharp fa-regular fa-arrow-down-long\"><\/i>\t\t\t\t<\/div>\n\t\t\t\t<\/div>\n\t\t\t\t\t<\/div>\n\t\t\t\t<\/div>\n\t\t<div class=\"elementor-element elementor-element-74e786a how-we-do-it-row e-flex e-con-boxed e-con e-parent\" data-id=\"74e786a\" data-element_type=\"container\" data-e-type=\"container\">\n\t\t\t\t\t<div class=\"e-con-inner\">\n\t\t<div class=\"elementor-element elementor-element-fe4d1dd e-con-full how-we-do-it-list-col e-flex elementor-invisible e-con e-child\" data-id=\"fe4d1dd\" data-element_type=\"container\" data-e-type=\"container\" data-settings=\"{&quot;animation&quot;:&quot;fadeIn&quot;,&quot;animation_delay&quot;:150}\">\n\t\t\t\t<div class=\"elementor-element elementor-element-b3788e7 elementor-widget elementor-widget-text-editor\" data-id=\"b3788e7\" data-element_type=\"widget\" data-e-type=\"widget\" data-widget_type=\"text-editor.default\">\n\t\t\t\t\t\t\t\t\t<h2>Wie wir das machen<\/h2><ul><li>Wir schulen unsere Mitarbeiter, niemals Bestechungsgelder anzubieten oder von jemandem Bestechungsgelder anzunehmen und niemals eine Zahlung zu verheimlichen oder versuchen zu verheimlichen<\/li><li>Wir befolgen die Due-Diligence-Richtlinien von Insmed, bevor wir mit Dritten zusammenarbeiten<\/li><li>Wir \u00fcberwachen Drittparteien sorgf\u00e4ltig und stellen sicher, dass ihre Handlungen mit unseren Richtlinien \u00fcbereinstimmen<\/li><li>Wir zeichnen alle Transaktionen und Zahlungen zeitnah und korrekt auf.<\/li><li>Bei der Zusammenarbeit mit HCPs, die als Regierungsbeamte gelten, halten wir die strengen Regeln ein, die f\u00fcr solche Interaktionen gelten<\/li><\/ul>\t\t\t\t\t\t\t\t<\/div>\n\t\t\t\t<\/div>\n\t\t<div class=\"elementor-element elementor-element-bbecc7e e-con-full how-we-do-it-img-col elementor-hidden-tablet elementor-hidden-mobile e-flex elementor-invisible e-con e-child\" data-id=\"bbecc7e\" data-element_type=\"container\" data-e-type=\"container\" data-settings=\"{&quot;animation&quot;:&quot;fadeIn&quot;,&quot;animation_delay&quot;:300}\">\n\t\t\t\t<div class=\"elementor-element elementor-element-9f68492 rounded-img elementor-widget elementor-widget-image\" data-id=\"9f68492\" data-element_type=\"widget\" data-e-type=\"widget\" data-widget_type=\"image.default\">\n\t\t\t\t\t\t\t\t\t\t\t\t\t\t\t<img fetchpriority=\"high\" decoding=\"async\" width=\"550\" height=\"640\" src=\"https:\/\/code.insmed.com\/wp-content\/uploads\/2025\/09\/Insmed_031.webp\" class=\"attachment-full size-full wp-image-1276\" alt=\"\" srcset=\"https:\/\/code.insmed.com\/wp-content\/uploads\/2025\/09\/Insmed_031.webp 550w, https:\/\/code.insmed.com\/wp-content\/uploads\/2025\/09\/Insmed_031-258x300.webp 258w\" sizes=\"(max-width: 550px) 100vw, 550px\" \/>\t\t\t\t\t\t\t\t\t\t\t\t\t\t\t<\/div>\n\t\t\t\t<\/div>\n\t\t\t\t\t<\/div>\n\t\t\t\t<\/div>\n\t\t<div class=\"elementor-element elementor-element-2c22997 did-you-know-row e-flex e-con-boxed e-con e-parent\" data-id=\"2c22997\" data-element_type=\"container\" data-e-type=\"container\">\n\t\t\t\t\t<div class=\"e-con-inner\">\n\t\t<div class=\"elementor-element elementor-element-5b66b2f e-con-full callout-card e-flex elementor-invisible e-con e-child\" data-id=\"5b66b2f\" data-element_type=\"container\" data-e-type=\"container\" data-settings=\"{&quot;animation&quot;:&quot;fadeInUp&quot;}\">\n\t\t<div class=\"elementor-element elementor-element-e29ceb2 e-con-full callout-icon e-flex e-con e-child\" data-id=\"e29ceb2\" data-element_type=\"container\" data-e-type=\"container\">\n\t\t\t\t<div class=\"elementor-element elementor-element-fe9b948 elementor-widget elementor-widget-image\" data-id=\"fe9b948\" data-element_type=\"widget\" data-e-type=\"widget\" data-widget_type=\"image.default\">\n\t\t\t\t\t\t\t\t\t\t\t\t\t\t\t<img decoding=\"async\" width=\"40\" height=\"40\" src=\"https:\/\/code.insmed.com\/wp-content\/uploads\/2025\/09\/did-you-know-icon.svg\" class=\"attachment-full size-full wp-image-1171\" alt=\"\" \/>\t\t\t\t\t\t\t\t\t\t\t\t\t\t\t<\/div>\n\t\t\t\t<\/div>\n\t\t<div class=\"elementor-element elementor-element-f2054fd e-con-full callout-header e-flex e-con e-child\" data-id=\"f2054fd\" data-element_type=\"container\" data-e-type=\"container\">\n\t\t\t\t<div class=\"elementor-element elementor-element-aa14534 elementor-widget elementor-widget-text-editor\" data-id=\"aa14534\" data-element_type=\"widget\" data-e-type=\"widget\" data-widget_type=\"text-editor.default\">\n\t\t\t\t\t\t\t\t\t<h2>Wussten Sie, dass&#8230;<\/h2>\t\t\t\t\t\t\t\t<\/div>\n\t\t\t\t<\/div>\n\t\t<div class=\"elementor-element elementor-element-4069663 e-con-full callout-body e-flex e-con e-child\" data-id=\"4069663\" data-element_type=\"container\" data-e-type=\"container\">\n\t\t\t\t<div class=\"elementor-element elementor-element-bcc520a elementor-widget elementor-widget-text-editor\" data-id=\"bcc520a\" data-element_type=\"widget\" data-e-type=\"widget\" data-widget_type=\"text-editor.default\">\n\t\t\t\t\t\t\t\t\t<p>Eine Bestechung liegt vor, wenn eine Person als Gegenleistung f\u00fcr ein g\u00fcnstiges Ergebnis etwas Wertvolles anbietet Wenn wir den Begriff \u201eWertgegenst\u00e4nde\u201c verwenden, meinen wir mehr als nur Bargeld. Bestechungsgelder k\u00f6nnen auch in Form von bargeldlosen Transaktionen erfolgen, wie z. B. die Zahlung eines HCPs \u00fcber dem fairen Marktwert hinaus, das Hinzuf\u00fcgen eines HCPs als Autor einer Ver\u00f6ffentlichung ohne Autorenleistung Ver, die Bereitstellung von kostenlosen Produkten oder das Anbieten von Freizeitausfl\u00fcgen oder Unterhaltung Wir verf\u00fcgen \u00fcber viele interne Ressourcen, die unseren Mitarbeitern helfen zu verstehen, welche Wert\u00fcbertragungen akzeptabel sind und welche nicht   <\/p>\t\t\t\t\t\t\t\t<\/div>\n\t\t\t\t<\/div>\n\t\t\t\t<\/div>\n\t\t\t\t\t<\/div>\n\t\t\t\t<\/div>\n\t\t<div class=\"elementor-element elementor-element-0d8b876 continue-exploring-row dark-violet-row e-flex e-con-boxed e-con e-parent\" data-id=\"0d8b876\" data-element_type=\"container\" data-e-type=\"container\">\n\t\t\t\t\t<div class=\"e-con-inner\">\n\t\t<div class=\"elementor-element elementor-element-23c6b8f e-con-full continue-exploring-header e-flex elementor-invisible e-con e-child\" data-id=\"23c6b8f\" data-element_type=\"container\" data-e-type=\"container\" data-settings=\"{&quot;animation&quot;:&quot;fadeInUp&quot;}\">\n\t\t\t\t<div class=\"elementor-element elementor-element-4a54d35 elementor-widget elementor-widget-text-editor\" data-id=\"4a54d35\" data-element_type=\"widget\" data-e-type=\"widget\" data-widget_type=\"text-editor.default\">\n\t\t\t\t\t\t\t\t\t<p>Erkunden Sie weiter<\/p><h2>Verantwortungsvolle Gesch\u00e4ftst\u00e4tigkeit<\/h2>\t\t\t\t\t\t\t\t<\/div>\n\t\t\t\t<\/div>\n\t\t<div class=\"elementor-element elementor-element-74459d2 e-con-full card e-flex elementor-invisible e-con e-child\" data-id=\"74459d2\" data-element_type=\"container\" data-e-type=\"container\" data-settings=\"{&quot;animation&quot;:&quot;fadeInUp&quot;,&quot;animation_delay&quot;:150}\">\n\t\t\t\t<div class=\"elementor-element elementor-element-9e7b71e elementor-widget elementor-widget-text-editor\" data-id=\"9e7b71e\" data-element_type=\"widget\" data-e-type=\"widget\" data-widget_type=\"text-editor.default\">\n\t\t\t\t\t\t\t\t\t<h3><a href=\"https:\/\/code.insmed.com\/de\/verantwortungsvolle-geschaeftstaetigkeit\/wettbewerbs-und-kartellrecht\/\">Wettbewerbs- und Kartellrecht<\/a><\/h3>\t\t\t\t\t\t\t\t<\/div>\n\t\t\t\t<\/div>\n\t\t<div class=\"elementor-element elementor-element-0d98a1c e-con-full card e-flex elementor-invisible e-con e-child\" data-id=\"0d98a1c\" data-element_type=\"container\" data-e-type=\"container\" data-settings=\"{&quot;animation&quot;:&quot;fadeInUp&quot;,&quot;animation_delay&quot;:150}\">\n\t\t\t\t<div class=\"elementor-element elementor-element-5fe20d9 elementor-widget elementor-widget-text-editor\" data-id=\"5fe20d9\" data-element_type=\"widget\" data-e-type=\"widget\" data-widget_type=\"text-editor.default\">\n\t\t\t\t\t\t\t\t\t<h3><a href=\"https:\/\/code.insmed.com\/de\/verantwortungsvolle-geschaeftstaetigkeit\/handelskontrollen\/\">Handelskontrollen<\/a><\/h3>\t\t\t\t\t\t\t\t<\/div>\n\t\t\t\t<\/div>\n\t\t<div class=\"elementor-element elementor-element-b08ef7c e-con-full card e-flex elementor-invisible e-con e-child\" data-id=\"b08ef7c\" data-element_type=\"container\" data-e-type=\"container\" data-settings=\"{&quot;animation&quot;:&quot;fadeInUp&quot;,&quot;animation_delay&quot;:150}\">\n\t\t\t\t<div class=\"elementor-element elementor-element-f966442 elementor-widget elementor-widget-text-editor\" data-id=\"f966442\" data-element_type=\"widget\" data-e-type=\"widget\" data-widget_type=\"text-editor.default\">\n\t\t\t\t\t\t\t\t\t<h3><a href=\"https:\/\/code.insmed.com\/de\/verantwortungsvolle-geschaeftstaetigkeit\/finanzielle-integritaet-und-aufzeichnungsfuehrung\/\">Finanzielle Integrit\u00e4t und Aufzeichnungen<\/a><\/h3>\t\t\t\t\t\t\t\t<\/div>\n\t\t\t\t<\/div>\n\t\t<div class=\"elementor-element elementor-element-4ef3ec0 e-con-full card e-flex elementor-invisible e-con e-child\" data-id=\"4ef3ec0\" data-element_type=\"container\" data-e-type=\"container\" data-settings=\"{&quot;animation&quot;:&quot;fadeInUp&quot;,&quot;animation_delay&quot;:150}\">\n\t\t\t\t<div class=\"elementor-element elementor-element-8528826 elementor-widget elementor-widget-text-editor\" data-id=\"8528826\" data-element_type=\"widget\" data-e-type=\"widget\" data-widget_type=\"text-editor.default\">\n\t\t\t\t\t\t\t\t\t<h3><a href=\"https:\/\/code.insmed.com\/de\/verantwortungsvolle-geschaeftstaetigkeit\/cybersicherheit\/\">Cybersicherheit<\/a><\/h3>\t\t\t\t\t\t\t\t<\/div>\n\t\t\t\t<\/div>\n\t\t<div class=\"elementor-element elementor-element-97d338b e-con-full card e-flex elementor-invisible e-con e-child\" data-id=\"97d338b\" data-element_type=\"container\" data-e-type=\"container\" data-settings=\"{&quot;animation&quot;:&quot;fadeInUp&quot;,&quot;animation_delay&quot;:150}\">\n\t\t\t\t<div class=\"elementor-element elementor-element-b3eff74 elementor-widget elementor-widget-text-editor\" data-id=\"b3eff74\" data-element_type=\"widget\" data-e-type=\"widget\" data-widget_type=\"text-editor.default\">\n\t\t\t\t\t\t\t\t\t<h3><a href=\"https:\/\/code.insmed.com\/de\/verantwortungsvolle-geschaeftstaetigkeit\/ki-systeme-und-tools\/\">KI-Systeme und -tools<\/a><\/h3>\t\t\t\t\t\t\t\t<\/div>\n\t\t\t\t<\/div>\n\t\t<div class=\"elementor-element elementor-element-4d8826d e-con-full card e-flex elementor-invisible e-con e-child\" data-id=\"4d8826d\" data-element_type=\"container\" data-e-type=\"container\" data-settings=\"{&quot;animation&quot;:&quot;fadeInUp&quot;,&quot;animation_delay&quot;:150}\">\n\t\t\t\t<div class=\"elementor-element elementor-element-1b7b79c elementor-widget elementor-widget-text-editor\" data-id=\"1b7b79c\" data-element_type=\"widget\" data-e-type=\"widget\" data-widget_type=\"text-editor.default\">\n\t\t\t\t\t\t\t\t\t<h3><a href=\"https:\/\/code.insmed.com\/de\/verantwortungsvolle-geschaeftstaetigkeit\/geistiges-eigentum\/\"> Geistiges Eigentum <\/a><\/h3>\t\t\t\t\t\t\t\t<\/div>\n\t\t\t\t<\/div>\n\t\t<div class=\"elementor-element elementor-element-0fd8eeb e-con-full card e-flex elementor-invisible e-con e-child\" data-id=\"0fd8eeb\" data-element_type=\"container\" data-e-type=\"container\" data-settings=\"{&quot;animation&quot;:&quot;fadeInUp&quot;,&quot;animation_delay&quot;:150}\">\n\t\t\t\t<div class=\"elementor-element elementor-element-f7bc47c elementor-widget elementor-widget-text-editor\" data-id=\"f7bc47c\" data-element_type=\"widget\" data-e-type=\"widget\" data-widget_type=\"text-editor.default\">\n\t\t\t\t\t\t\t\t\t<h3><a href=\"https:\/\/code.insmed.com\/de\/verantwortungsvolle-geschaeftstaetigkeit\/insiderhandel\/\">Insider-Handel<\/a><\/h3>\t\t\t\t\t\t\t\t<\/div>\n\t\t\t\t<\/div>\n\t\t<div class=\"elementor-element elementor-element-5851034 e-con-full card e-flex elementor-invisible e-con e-child\" data-id=\"5851034\" data-element_type=\"container\" data-e-type=\"container\" data-settings=\"{&quot;animation&quot;:&quot;fadeInUp&quot;,&quot;animation_delay&quot;:150}\">\n\t\t\t\t<div class=\"elementor-element elementor-element-9a45a66 elementor-widget elementor-widget-text-editor\" data-id=\"9a45a66\" data-element_type=\"widget\" data-e-type=\"widget\" data-widget_type=\"text-editor.default\">\n\t\t\t\t\t\t\t\t\t<h3><a href=\"https:\/\/code.insmed.com\/de\/verantwortungsvolle-geschaeftstaetigkeit\/geschaeftsbeziehungen-mit-externen-organisationen\/\">Gesch\u00e4ftsbeziehungen mit externen Organisationen<\/a><\/h3>\t\t\t\t\t\t\t\t<\/div>\n\t\t\t\t<\/div>\n\t\t\t\t\t<\/div>\n\t\t\t\t<\/div>\n\t\t\t\t<\/div>\n\t\t","protected":false},"excerpt":{"rendered":"<p>Verhinderung von Korruption Insmedverbietet Bestechung und Korruption in jeglicher Form \u00fcberall auf der Welt. Wir bieten Regierungsbeamten, medizinischen Fachkr\u00e4ften (Healthcare Professionals, HCPs) oder anderen Personen keine Bestechungsgelder an und wir nehmen auch keine Bestechungsgelder an. Das gilt nicht nur f\u00fcr alle Personen, die bei Insmed arbeiten, sondern auch f\u00fcr Personen, die im Namen oder im [&hellip;]<\/p>\n","protected":false},"author":1,"featured_media":0,"parent":1275,"menu_order":10,"comment_status":"closed","ping_status":"closed","template":"","meta":{"_genesis_hide_title":false,"_genesis_hide_breadcrumbs":false,"_genesis_hide_singular_image":false,"_genesis_hide_footer_widgets":false,"_genesis_custom_body_class":"","_genesis_custom_post_class":"","_genesis_layout":"","footnotes":""},"class_list":{"0":"post-1277","1":"page","2":"type-page","3":"status-publish","5":"entry"},"_links":{"self":[{"href":"https:\/\/code.insmed.com\/de\/wp-json\/wp\/v2\/pages\/1277","targetHints":{"allow":["GET"]}}],"collection":[{"href":"https:\/\/code.insmed.com\/de\/wp-json\/wp\/v2\/pages"}],"about":[{"href":"https:\/\/code.insmed.com\/de\/wp-json\/wp\/v2\/types\/page"}],"author":[{"embeddable":true,"href":"https:\/\/code.insmed.com\/de\/wp-json\/wp\/v2\/users\/1"}],"replies":[{"embeddable":true,"href":"https:\/\/code.insmed.com\/de\/wp-json\/wp\/v2\/comments?post=1277"}],"version-history":[{"count":0,"href":"https:\/\/code.insmed.com\/de\/wp-json\/wp\/v2\/pages\/1277\/revisions"}],"up":[{"embeddable":true,"href":"https:\/\/code.insmed.com\/de\/wp-json\/wp\/v2\/pages\/1275"}],"wp:attachment":[{"href":"https:\/\/code.insmed.com\/de\/wp-json\/wp\/v2\/media?parent=1277"}],"curies":[{"name":"wp","href":"https:\/\/api.w.org\/{rel}","templated":true}]}}