{"id":1279,"date":"2025-08-28T20:58:23","date_gmt":"2025-08-29T00:58:23","guid":{"rendered":"https:\/\/codeofconduct1.wpenginepowered.com\/verantwortungsvolle-geschaeftstaetigkeit\/wettbewerbs-und-kartellrecht\/"},"modified":"2025-10-27T12:41:57","modified_gmt":"2025-10-27T16:41:57","slug":"wettbewerbs-und-kartellrecht","status":"publish","type":"page","link":"https:\/\/code.insmed.com\/de\/verantwortungsvolle-geschaeftstaetigkeit\/wettbewerbs-und-kartellrecht\/","title":{"rendered":"Wettbewerbs- und Kartellrecht"},"content":{"rendered":"\t\t<div data-elementor-type=\"wp-page\" data-elementor-id=\"1279\" class=\"elementor elementor-1279 elementor-51\" data-elementor-post-type=\"page\">\n\t\t\t\t<div class=\"elementor-element elementor-element-677d450 subpage-header lightest-gray-row e-flex e-con-boxed e-con e-parent\" data-id=\"677d450\" data-element_type=\"container\" data-e-type=\"container\">\n\t\t\t\t\t<div class=\"e-con-inner\">\n\t\t<div class=\"elementor-element elementor-element-0ae6d88 e-con-full e-flex e-con e-child\" data-id=\"0ae6d88\" data-element_type=\"container\" data-e-type=\"container\">\n\t\t\t\t<div class=\"elementor-element elementor-element-62e8fa1 rainbow-h1 elementor-widget elementor-widget-text-editor\" data-id=\"62e8fa1\" data-element_type=\"widget\" data-e-type=\"widget\" data-widget_type=\"text-editor.default\">\n\t\t\t\t\t\t\t\t\t<h1 style=\"text-align: center;\">Wettbewerbs- und Kartellrecht<\/h1><p style=\"text-align: center;\">Bei Insmed verpflichten wir uns, unsere Produkte allen geeigneten Patienten zur Verf\u00fcgung zu stellen. Wir erreichen dieses Ziel, indem wir unsere Gesch\u00e4fte in \u00dcbereinstimmung mit den geltenden Wettbewerbs- und Kartellgesetzen f\u00fchren, die einen fairen Markt gew\u00e4hrleisten sollen <\/p><p style=\"text-align: center;\">Wenn wir integer handeln, \u00fcbertreffen wir unsere Wettbewerber durch unsere \u00fcberlegene Leistung und die Wirksamkeit unserer Produkte. Wir sind stolz auf unsere Verpflichtung, immer fair zu handeln und niemals jemanden durch Bestechung, Manipulation, Verschleierung, Missbrauch vertraulicher Informationen, falsche Darstellung wesentlicher Tatsachen oder andere unfaire Handelspraktiken auszunutzen <\/p>\t\t\t\t\t\t\t\t<\/div>\n\t\t\t\t<div class=\"elementor-element elementor-element-df41e56 scroll-down-indicator elementor-invisible elementor-widget elementor-widget-html\" data-id=\"df41e56\" data-element_type=\"widget\" data-e-type=\"widget\" data-settings=\"{&quot;_animation&quot;:&quot;fadeIn&quot;,&quot;_animation_delay&quot;:150}\" data-widget_type=\"html.default\">\n\t\t\t\t\t<i class=\"fa-sharp fa-regular fa-arrow-down-long\"><\/i>\t\t\t\t<\/div>\n\t\t\t\t<\/div>\n\t\t\t\t\t<\/div>\n\t\t\t\t<\/div>\n\t\t<div class=\"elementor-element elementor-element-3c430ff how-we-do-it-row e-flex e-con-boxed e-con e-parent\" data-id=\"3c430ff\" data-element_type=\"container\" data-e-type=\"container\">\n\t\t\t\t\t<div class=\"e-con-inner\">\n\t\t<div class=\"elementor-element elementor-element-fedb37b e-con-full how-we-do-it-list-col e-flex elementor-invisible e-con e-child\" data-id=\"fedb37b\" data-element_type=\"container\" data-e-type=\"container\" data-settings=\"{&quot;animation&quot;:&quot;fadeIn&quot;,&quot;animation_delay&quot;:150}\">\n\t\t\t\t<div class=\"elementor-element elementor-element-9b63d0b elementor-widget elementor-widget-text-editor\" data-id=\"9b63d0b\" data-element_type=\"widget\" data-e-type=\"widget\" data-widget_type=\"text-editor.default\">\n\t\t\t\t\t\t\t\t\t<h2>Wie wir das machen<\/h2><ul><li>Wir schulen Mitarbeiter darin, wie die geltenden Wettbewerbsgesetze auf ihre Rolle bei Insmed gelten<\/li><li>Wir treffen niemals unbelegte oder negative Aussagen \u00fcber unsere Wettbewerber, um Auftr\u00e4ge f\u00fcr uns zu gewinnen<\/li><li>Wir treffen keine wettbewerbsbeschr\u00e4nkenden Vereinbarungen mit Wettbewerbern.<\/li><li>Wir besprechen keine Preisgestaltung, Preisstrategien, Verkaufsstrategien oder andere vertrauliche Informationen mit Wettbewerbern.<\/li><li>Wir sammeln Informationen \u00fcber Wettbewerber auf faire Weise und nur mit \u00f6ffentlich zug\u00e4nglichen Mitteln. Wir bieten niemals die Bezahlung eines Mitarbeiters oder Vertreters eines Wettbewerbers als Gegenleistung f\u00fcr vertrauliche Informationen dieses Wettbewerbers an oder stimmen einer solchen Bezahlung zu. <\/li><\/ul>\t\t\t\t\t\t\t\t<\/div>\n\t\t\t\t<\/div>\n\t\t<div class=\"elementor-element elementor-element-4cc4885 e-con-full how-we-do-it-img-col elementor-hidden-tablet elementor-hidden-mobile e-flex elementor-invisible e-con e-child\" data-id=\"4cc4885\" data-element_type=\"container\" data-e-type=\"container\" data-settings=\"{&quot;animation&quot;:&quot;fadeIn&quot;,&quot;animation_delay&quot;:300}\">\n\t\t\t\t<div class=\"elementor-element elementor-element-e6b6be6 rounded-img elementor-widget elementor-widget-image\" data-id=\"e6b6be6\" data-element_type=\"widget\" data-e-type=\"widget\" data-widget_type=\"image.default\">\n\t\t\t\t\t\t\t\t\t\t\t\t\t\t\t<img fetchpriority=\"high\" decoding=\"async\" width=\"550\" height=\"640\" src=\"https:\/\/code.insmed.com\/wp-content\/uploads\/2025\/09\/250407_INSMED_0419-1.webp\" class=\"attachment-full size-full wp-image-1278\" alt=\"\" srcset=\"https:\/\/code.insmed.com\/wp-content\/uploads\/2025\/09\/250407_INSMED_0419-1.webp 550w, https:\/\/code.insmed.com\/wp-content\/uploads\/2025\/09\/250407_INSMED_0419-1-258x300.webp 258w\" sizes=\"(max-width: 550px) 100vw, 550px\" \/>\t\t\t\t\t\t\t\t\t\t\t\t\t\t\t<\/div>\n\t\t\t\t<\/div>\n\t\t\t\t\t<\/div>\n\t\t\t\t<\/div>\n\t\t<div class=\"elementor-element elementor-element-b68fdbf did-you-know-row e-flex e-con-boxed e-con e-parent\" data-id=\"b68fdbf\" data-element_type=\"container\" data-e-type=\"container\">\n\t\t\t\t\t<div class=\"e-con-inner\">\n\t\t<div class=\"elementor-element elementor-element-c6129db e-con-full callout-card e-flex elementor-invisible e-con e-child\" data-id=\"c6129db\" data-element_type=\"container\" data-e-type=\"container\" data-settings=\"{&quot;animation&quot;:&quot;fadeInUp&quot;}\">\n\t\t<div class=\"elementor-element elementor-element-9a2d29d e-con-full callout-icon e-flex e-con e-child\" data-id=\"9a2d29d\" data-element_type=\"container\" data-e-type=\"container\">\n\t\t\t\t<div class=\"elementor-element elementor-element-2e171ee elementor-widget elementor-widget-image\" data-id=\"2e171ee\" data-element_type=\"widget\" data-e-type=\"widget\" data-widget_type=\"image.default\">\n\t\t\t\t\t\t\t\t\t\t\t\t\t\t\t<img decoding=\"async\" width=\"40\" height=\"40\" src=\"https:\/\/code.insmed.com\/wp-content\/uploads\/2025\/09\/did-you-know-icon.svg\" class=\"attachment-full size-full wp-image-1171\" alt=\"\" \/>\t\t\t\t\t\t\t\t\t\t\t\t\t\t\t<\/div>\n\t\t\t\t<\/div>\n\t\t<div class=\"elementor-element elementor-element-942ed44 e-con-full callout-header e-flex e-con e-child\" data-id=\"942ed44\" data-element_type=\"container\" data-e-type=\"container\">\n\t\t\t\t<div class=\"elementor-element elementor-element-6c75d7a elementor-widget elementor-widget-text-editor\" data-id=\"6c75d7a\" data-element_type=\"widget\" data-e-type=\"widget\" data-widget_type=\"text-editor.default\">\n\t\t\t\t\t\t\t\t\t<h2>Wussten Sie, dass&#8230;<\/h2>\t\t\t\t\t\t\t\t<\/div>\n\t\t\t\t<\/div>\n\t\t<div class=\"elementor-element elementor-element-86b38af e-con-full callout-body e-flex e-con e-child\" data-id=\"86b38af\" data-element_type=\"container\" data-e-type=\"container\">\n\t\t\t\t<div class=\"elementor-element elementor-element-b9a2e8a elementor-widget elementor-widget-text-editor\" data-id=\"b9a2e8a\" data-element_type=\"widget\" data-e-type=\"widget\" data-widget_type=\"text-editor.default\">\n\t\t\t\t\t\t\t\t\t<p>Absprachen mit Wettbewerbern, die den Markt sch\u00e4digen, sind stets verboten. Beispiele f\u00fcr verbotene Vereinbarungen sind: <\/p><ul><li>Vereinbarungen zur Preisbindung.<\/li><li>Vereinbarungen zur Aufteilung von Kunden oder M\u00e4rkten.<\/li><li>Vereinbarungen, um andere Wettbewerber vom Markt auszuschlie\u00dfen<\/li><li>Vereinbarungen dar\u00fcber, wer f\u00fcr ein bestimmtes Projekt das niedrigste und wer das h\u00f6chste Angebot abgibt<\/li><li>Vereinbarungen, den Umgang mit oder den Kauf von Waren oder Dienstleistungen von einem bestimmten Lieferanten oder Anbieter zu verweigern<\/li><\/ul><p>Vereinbarungen m\u00fcssen nicht schriftlich erfolgen, um als Vereinbarungen zu gelten Ein einfaches Gespr\u00e4ch zwischen zwei Wettbewerbern kann ausreichen, um als Vereinbarung zu gelten Holen Sie immer die rechtliche Pr\u00fcfung und Genehmigung ein, bevor Sie eine Vereinbarung mit Wettbewerbern, Lieferanten oder Kunden \u00fcber Alleinvertrieb, Vorzugsbehandlung oder Beschr\u00e4nkungen des Weiterverkaufspreises abschlie\u00dfen  <\/p>\t\t\t\t\t\t\t\t<\/div>\n\t\t\t\t<\/div>\n\t\t\t\t<\/div>\n\t\t\t\t\t<\/div>\n\t\t\t\t<\/div>\n\t\t<div class=\"elementor-element elementor-element-b95dc2d lightest-gray-row reporting-row e-flex e-con-boxed e-con e-parent\" data-id=\"b95dc2d\" data-element_type=\"container\" data-e-type=\"container\">\n\t\t\t\t\t<div class=\"e-con-inner\">\n\t\t<div class=\"elementor-element elementor-element-1e85cff e-con-full e-flex e-con e-child\" data-id=\"1e85cff\" data-element_type=\"container\" data-e-type=\"container\">\n\t\t<div class=\"elementor-element elementor-element-b1f6202 e-con-full callout-icon e-flex elementor-invisible e-con e-child\" data-id=\"b1f6202\" data-element_type=\"container\" data-e-type=\"container\" data-settings=\"{&quot;animation_delay&quot;:300,&quot;animation&quot;:&quot;fadeInUp&quot;}\">\n\t\t\t\t<div class=\"elementor-element elementor-element-33dd313 elementor-widget elementor-widget-image\" data-id=\"33dd313\" data-element_type=\"widget\" data-e-type=\"widget\" data-widget_type=\"image.default\">\n\t\t\t\t\t\t\t\t\t\t\t\t\t\t\t<img decoding=\"async\" width=\"16\" height=\"42\" src=\"https:\/\/code.insmed.com\/wp-content\/uploads\/2025\/09\/reporting-icon.svg\" class=\"attachment-full size-full wp-image-1172\" alt=\"\" \/>\t\t\t\t\t\t\t\t\t\t\t\t\t\t\t<\/div>\n\t\t\t\t<\/div>\n\t\t\t\t<\/div>\n\t\t<div class=\"elementor-element elementor-element-d6d482a e-con-full e-flex e-con e-child\" data-id=\"d6d482a\" data-element_type=\"container\" data-e-type=\"container\">\n\t\t\t\t<div class=\"elementor-element elementor-element-89e002d large-text elementor-invisible elementor-widget elementor-widget-text-editor\" data-id=\"89e002d\" data-element_type=\"widget\" data-e-type=\"widget\" data-settings=\"{&quot;_animation&quot;:&quot;fadeInUp&quot;}\" data-widget_type=\"text-editor.default\">\n\t\t\t\t\t\t\t\t\t<p>Falls jemand vorschl\u00e4gt, sich auf ein wettbewerbsf\u00e4higes Verhalten einzulassen, beenden Sie das Gespr\u00e4ch sofort und wenden Sie sich an ein Mitglied der Rechtsabteilung oder <a href=\"mailto:InsmedLegal@insmed.com\" target=\"_blank\" rel=\"noopener\">InsmedLegal@insmed<\/a><\/p>\t\t\t\t\t\t\t\t<\/div>\n\t\t\t\t<\/div>\n\t\t\t\t\t<\/div>\n\t\t\t\t<\/div>\n\t\t<div class=\"elementor-element elementor-element-729561e continue-exploring-row dark-violet-row e-flex e-con-boxed e-con e-parent\" data-id=\"729561e\" data-element_type=\"container\" data-e-type=\"container\">\n\t\t\t\t\t<div class=\"e-con-inner\">\n\t\t<div class=\"elementor-element elementor-element-d53c3d3 e-con-full continue-exploring-header e-flex elementor-invisible e-con e-child\" data-id=\"d53c3d3\" data-element_type=\"container\" data-e-type=\"container\" data-settings=\"{&quot;animation&quot;:&quot;fadeInUp&quot;}\">\n\t\t\t\t<div class=\"elementor-element elementor-element-fddef6b elementor-widget elementor-widget-text-editor\" data-id=\"fddef6b\" data-element_type=\"widget\" data-e-type=\"widget\" data-widget_type=\"text-editor.default\">\n\t\t\t\t\t\t\t\t\t<p>Erkunden Sie weiter<\/p><h2>Verantwortungsvolle Gesch\u00e4ftst\u00e4tigkeit<\/h2>\t\t\t\t\t\t\t\t<\/div>\n\t\t\t\t<\/div>\n\t\t<div class=\"elementor-element elementor-element-13545a7 e-con-full card e-flex elementor-invisible e-con e-child\" data-id=\"13545a7\" data-element_type=\"container\" data-e-type=\"container\" data-settings=\"{&quot;animation&quot;:&quot;fadeInUp&quot;}\">\n\t\t\t\t<div class=\"elementor-element elementor-element-d3ef8c7 elementor-widget elementor-widget-text-editor\" data-id=\"d3ef8c7\" data-element_type=\"widget\" data-e-type=\"widget\" data-widget_type=\"text-editor.default\">\n\t\t\t\t\t\t\t\t\t<h3><a href=\"https:\/\/code.insmed.com\/de\/verantwortungsvolle-geschaeftstaetigkeit\/verhinderung-von-korruption\/\">Verhinderung von Korruption<\/a><\/h3>\t\t\t\t\t\t\t\t<\/div>\n\t\t\t\t<\/div>\n\t\t<div class=\"elementor-element elementor-element-5d9ee71 e-con-full card e-flex elementor-invisible e-con e-child\" data-id=\"5d9ee71\" data-element_type=\"container\" data-e-type=\"container\" data-settings=\"{&quot;animation&quot;:&quot;fadeInUp&quot;,&quot;animation_delay&quot;:150}\">\n\t\t\t\t<div class=\"elementor-element elementor-element-8d94230 elementor-widget elementor-widget-text-editor\" data-id=\"8d94230\" data-element_type=\"widget\" data-e-type=\"widget\" data-widget_type=\"text-editor.default\">\n\t\t\t\t\t\t\t\t\t<h3><a href=\"https:\/\/code.insmed.com\/de\/verantwortungsvolle-geschaeftstaetigkeit\/handelskontrollen\/\">Handelskontrollen<\/a><\/h3>\t\t\t\t\t\t\t\t<\/div>\n\t\t\t\t<\/div>\n\t\t<div class=\"elementor-element elementor-element-fa8ae65 e-con-full card e-flex elementor-invisible e-con e-child\" data-id=\"fa8ae65\" data-element_type=\"container\" data-e-type=\"container\" data-settings=\"{&quot;animation&quot;:&quot;fadeInUp&quot;,&quot;animation_delay&quot;:150}\">\n\t\t\t\t<div class=\"elementor-element elementor-element-acc82db elementor-widget elementor-widget-text-editor\" data-id=\"acc82db\" data-element_type=\"widget\" data-e-type=\"widget\" data-widget_type=\"text-editor.default\">\n\t\t\t\t\t\t\t\t\t<h3><a href=\"https:\/\/code.insmed.com\/de\/verantwortungsvolle-geschaeftstaetigkeit\/finanzielle-integritaet-und-aufzeichnungsfuehrung\/\">Finanzielle Integrit\u00e4t und Aufzeichnungen<\/a><\/h3>\t\t\t\t\t\t\t\t<\/div>\n\t\t\t\t<\/div>\n\t\t<div class=\"elementor-element elementor-element-7b40c65 e-con-full card e-flex elementor-invisible e-con e-child\" data-id=\"7b40c65\" data-element_type=\"container\" data-e-type=\"container\" data-settings=\"{&quot;animation&quot;:&quot;fadeInUp&quot;,&quot;animation_delay&quot;:150}\">\n\t\t\t\t<div class=\"elementor-element elementor-element-bf96e0d elementor-widget elementor-widget-text-editor\" data-id=\"bf96e0d\" data-element_type=\"widget\" data-e-type=\"widget\" data-widget_type=\"text-editor.default\">\n\t\t\t\t\t\t\t\t\t<h3><a href=\"https:\/\/code.insmed.com\/de\/verantwortungsvolle-geschaeftstaetigkeit\/cybersicherheit\/\">Cybersicherheit<\/a><\/h3>\t\t\t\t\t\t\t\t<\/div>\n\t\t\t\t<\/div>\n\t\t<div class=\"elementor-element elementor-element-5bb76d3 e-con-full card e-flex elementor-invisible e-con e-child\" data-id=\"5bb76d3\" data-element_type=\"container\" data-e-type=\"container\" data-settings=\"{&quot;animation&quot;:&quot;fadeInUp&quot;,&quot;animation_delay&quot;:150}\">\n\t\t\t\t<div class=\"elementor-element elementor-element-55b0216 elementor-widget elementor-widget-text-editor\" data-id=\"55b0216\" data-element_type=\"widget\" data-e-type=\"widget\" data-widget_type=\"text-editor.default\">\n\t\t\t\t\t\t\t\t\t<h3><a href=\"https:\/\/code.insmed.com\/de\/verantwortungsvolle-geschaeftstaetigkeit\/ki-systeme-und-tools\/\">KI-Systeme und -tools<\/a><\/h3>\t\t\t\t\t\t\t\t<\/div>\n\t\t\t\t<\/div>\n\t\t<div class=\"elementor-element elementor-element-65502ad e-con-full card e-flex elementor-invisible e-con e-child\" data-id=\"65502ad\" data-element_type=\"container\" data-e-type=\"container\" data-settings=\"{&quot;animation&quot;:&quot;fadeInUp&quot;,&quot;animation_delay&quot;:150}\">\n\t\t\t\t<div class=\"elementor-element elementor-element-62d51ea elementor-widget elementor-widget-text-editor\" data-id=\"62d51ea\" data-element_type=\"widget\" data-e-type=\"widget\" data-widget_type=\"text-editor.default\">\n\t\t\t\t\t\t\t\t\t<h3><a href=\"https:\/\/code.insmed.com\/de\/verantwortungsvolle-geschaeftstaetigkeit\/geistiges-eigentum\/\"> Geistiges Eigentum <\/a><\/h3>\t\t\t\t\t\t\t\t<\/div>\n\t\t\t\t<\/div>\n\t\t<div class=\"elementor-element elementor-element-5661d2a e-con-full card e-flex elementor-invisible e-con e-child\" data-id=\"5661d2a\" data-element_type=\"container\" data-e-type=\"container\" data-settings=\"{&quot;animation&quot;:&quot;fadeInUp&quot;,&quot;animation_delay&quot;:150}\">\n\t\t\t\t<div class=\"elementor-element elementor-element-097c967 elementor-widget elementor-widget-text-editor\" data-id=\"097c967\" data-element_type=\"widget\" data-e-type=\"widget\" data-widget_type=\"text-editor.default\">\n\t\t\t\t\t\t\t\t\t<h3><a href=\"https:\/\/code.insmed.com\/de\/verantwortungsvolle-geschaeftstaetigkeit\/insiderhandel\/\">Insider-Handel<\/a><\/h3>\t\t\t\t\t\t\t\t<\/div>\n\t\t\t\t<\/div>\n\t\t<div class=\"elementor-element elementor-element-98f4c98 e-con-full card e-flex elementor-invisible e-con e-child\" data-id=\"98f4c98\" data-element_type=\"container\" data-e-type=\"container\" data-settings=\"{&quot;animation&quot;:&quot;fadeInUp&quot;,&quot;animation_delay&quot;:150}\">\n\t\t\t\t<div class=\"elementor-element elementor-element-38b0695 elementor-widget elementor-widget-text-editor\" data-id=\"38b0695\" data-element_type=\"widget\" data-e-type=\"widget\" data-widget_type=\"text-editor.default\">\n\t\t\t\t\t\t\t\t\t<h3><a href=\"https:\/\/code.insmed.com\/de\/verantwortungsvolle-geschaeftstaetigkeit\/geschaeftsbeziehungen-mit-externen-organisationen\/\">Gesch\u00e4ftsbeziehungen mit externen Organisationen<\/a><\/h3>\t\t\t\t\t\t\t\t<\/div>\n\t\t\t\t<\/div>\n\t\t\t\t\t<\/div>\n\t\t\t\t<\/div>\n\t\t\t\t<\/div>\n\t\t","protected":false},"excerpt":{"rendered":"<p>Wettbewerbs- und Kartellrecht Bei Insmed verpflichten wir uns, unsere Produkte allen geeigneten Patienten zur Verf\u00fcgung zu stellen. Wir erreichen dieses Ziel, indem wir unsere Gesch\u00e4fte in \u00dcbereinstimmung mit den geltenden Wettbewerbs- und Kartellgesetzen f\u00fchren, die einen fairen Markt gew\u00e4hrleisten sollen Wenn wir integer handeln, \u00fcbertreffen wir unsere Wettbewerber durch unsere \u00fcberlegene Leistung und die Wirksamkeit [&hellip;]<\/p>\n","protected":false},"author":1,"featured_media":0,"parent":1275,"menu_order":10,"comment_status":"closed","ping_status":"closed","template":"","meta":{"_genesis_hide_title":false,"_genesis_hide_breadcrumbs":false,"_genesis_hide_singular_image":false,"_genesis_hide_footer_widgets":false,"_genesis_custom_body_class":"","_genesis_custom_post_class":"","_genesis_layout":"","footnotes":""},"class_list":{"0":"post-1279","1":"page","2":"type-page","3":"status-publish","5":"entry"},"_links":{"self":[{"href":"https:\/\/code.insmed.com\/de\/wp-json\/wp\/v2\/pages\/1279","targetHints":{"allow":["GET"]}}],"collection":[{"href":"https:\/\/code.insmed.com\/de\/wp-json\/wp\/v2\/pages"}],"about":[{"href":"https:\/\/code.insmed.com\/de\/wp-json\/wp\/v2\/types\/page"}],"author":[{"embeddable":true,"href":"https:\/\/code.insmed.com\/de\/wp-json\/wp\/v2\/users\/1"}],"replies":[{"embeddable":true,"href":"https:\/\/code.insmed.com\/de\/wp-json\/wp\/v2\/comments?post=1279"}],"version-history":[{"count":0,"href":"https:\/\/code.insmed.com\/de\/wp-json\/wp\/v2\/pages\/1279\/revisions"}],"up":[{"embeddable":true,"href":"https:\/\/code.insmed.com\/de\/wp-json\/wp\/v2\/pages\/1275"}],"wp:attachment":[{"href":"https:\/\/code.insmed.com\/de\/wp-json\/wp\/v2\/media?parent=1279"}],"curies":[{"name":"wp","href":"https:\/\/api.w.org\/{rel}","templated":true}]}}