{"id":1285,"date":"2025-08-28T20:58:23","date_gmt":"2025-08-29T00:58:23","guid":{"rendered":"https:\/\/codeofconduct1.wpenginepowered.com\/verantwortungsvolle-geschaeftstaetigkeit\/finanzielle-integritaet-und-aufzeichnungsfuehrung\/"},"modified":"2025-10-27T12:49:01","modified_gmt":"2025-10-27T16:49:01","slug":"finanzielle-integritaet-und-aufzeichnungsfuehrung","status":"publish","type":"page","link":"https:\/\/code.insmed.com\/de\/verantwortungsvolle-geschaeftstaetigkeit\/finanzielle-integritaet-und-aufzeichnungsfuehrung\/","title":{"rendered":"Finanzielle Integrit\u00e4t und Aufzeichnungsf\u00fchrung"},"content":{"rendered":"\t\t<div data-elementor-type=\"wp-page\" data-elementor-id=\"1285\" class=\"elementor elementor-1285 elementor-55\" data-elementor-post-type=\"page\">\n\t\t\t\t<div class=\"elementor-element elementor-element-71b8b6e subpage-header lightest-gray-row e-flex e-con-boxed e-con e-parent\" data-id=\"71b8b6e\" data-element_type=\"container\" data-e-type=\"container\">\n\t\t\t\t\t<div class=\"e-con-inner\">\n\t\t<div class=\"elementor-element elementor-element-06516b8 e-con-full e-flex e-con e-child\" data-id=\"06516b8\" data-element_type=\"container\" data-e-type=\"container\">\n\t\t\t\t<div class=\"elementor-element elementor-element-c86a6b7 rainbow-h1 elementor-widget elementor-widget-text-editor\" data-id=\"c86a6b7\" data-element_type=\"widget\" data-e-type=\"widget\" data-widget_type=\"text-editor.default\">\n\t\t\t\t\t\t\t\t\t<h1 style=\"text-align: center;\">Finanzielle Integrit\u00e4t und Aufzeichnungsf\u00fchrung<\/h1><p style=\"text-align: center;\">Unsere Verpflichtung zur Integrit\u00e4t umfasst die Verantwortung, die Finanzergebnisse von Insmed in \u00dcbereinstimmung mit den internen und externen Berichtspflichten zu berichten Die Korrektheit und finanzielle Integrit\u00e4t unserer B\u00fccher und Aufzeichnungen sind entscheidend f\u00fcr gesch\u00e4ftliche Entscheidungen, die sich auf unsere Patienten und Anteilseigner auswirken Dies geht \u00fcber die Einhaltung von Gesetzen und Vorschriften hinaus und umfasst unsere Verpflichtung zur Transparenz.  <\/p>\t\t\t\t\t\t\t\t<\/div>\n\t\t\t\t<div class=\"elementor-element elementor-element-6e0aa34 scroll-down-indicator elementor-invisible elementor-widget elementor-widget-html\" data-id=\"6e0aa34\" data-element_type=\"widget\" data-e-type=\"widget\" data-settings=\"{&quot;_animation&quot;:&quot;fadeIn&quot;,&quot;_animation_delay&quot;:150}\" data-widget_type=\"html.default\">\n\t\t\t\t\t<i class=\"fa-sharp fa-regular fa-arrow-down-long\"><\/i>\t\t\t\t<\/div>\n\t\t\t\t<\/div>\n\t\t\t\t\t<\/div>\n\t\t\t\t<\/div>\n\t\t<div class=\"elementor-element elementor-element-078054b how-we-do-it-row e-flex e-con-boxed e-con e-parent\" data-id=\"078054b\" data-element_type=\"container\" data-e-type=\"container\">\n\t\t\t\t\t<div class=\"e-con-inner\">\n\t\t<div class=\"elementor-element elementor-element-7e89fc9 e-con-full how-we-do-it-list-col e-flex elementor-invisible e-con e-child\" data-id=\"7e89fc9\" data-element_type=\"container\" data-e-type=\"container\" data-settings=\"{&quot;animation&quot;:&quot;fadeIn&quot;,&quot;animation_delay&quot;:150}\">\n\t\t\t\t<div class=\"elementor-element elementor-element-28c86ea elementor-widget elementor-widget-text-editor\" data-id=\"28c86ea\" data-element_type=\"widget\" data-e-type=\"widget\" data-widget_type=\"text-editor.default\">\n\t\t\t\t\t\t\t\t\t<h2>Wie wir das machen<\/h2><ul><li>Wir stellen sicher, dass die Finanzberichterstattung im Wesentlichen korrekt, vollst\u00e4ndig und zeitnah ist<\/li><li>Wir helfen den Mitarbeitern, die Finanzrichtlinien und ihre Rolle bei der Einhaltung interner Kontrollen der Finanzberichterstattung zu verstehen.<\/li><li>Wir arbeiten mit internen und externen Pr\u00fcfern zusammen.<\/li><li>Spesen verbuchen wir verantwortungsbewusst, sorgf\u00e4ltig und korrekt. Mitarbeiter, die Spesenabrechnungen genehmigen, haben die Aufgabe, sicherzustellen, dass diese gerechtfertigt und angemessen sind <\/li><li>Wir bewahren Dokumente in \u00dcbereinstimmung mit den Aufbewahrungsrichtlinien von Insmed f\u00fcr Unterlagen auf und kommen Antr\u00e4gen auf Aufbewahrung von Dokumenten nach, wenn sie auftreten<\/li><\/ul>\t\t\t\t\t\t\t\t<\/div>\n\t\t\t\t<\/div>\n\t\t<div class=\"elementor-element elementor-element-34f038c e-con-full how-we-do-it-img-col elementor-hidden-tablet elementor-hidden-mobile e-flex elementor-invisible e-con e-child\" data-id=\"34f038c\" data-element_type=\"container\" data-e-type=\"container\" data-settings=\"{&quot;animation&quot;:&quot;fadeIn&quot;,&quot;animation_delay&quot;:300}\">\n\t\t\t\t<div class=\"elementor-element elementor-element-b307f95 rounded-img elementor-widget elementor-widget-image\" data-id=\"b307f95\" data-element_type=\"widget\" data-e-type=\"widget\" data-widget_type=\"image.default\">\n\t\t\t\t\t\t\t\t\t\t\t\t\t\t\t<img fetchpriority=\"high\" decoding=\"async\" width=\"550\" height=\"640\" src=\"https:\/\/code.insmed.com\/wp-content\/uploads\/2025\/10\/IV_4188.webp\" class=\"attachment-full size-full wp-image-1284\" alt=\"\" srcset=\"https:\/\/code.insmed.com\/wp-content\/uploads\/2025\/10\/IV_4188.webp 550w, https:\/\/code.insmed.com\/wp-content\/uploads\/2025\/10\/IV_4188-258x300.webp 258w\" sizes=\"(max-width: 550px) 100vw, 550px\" \/>\t\t\t\t\t\t\t\t\t\t\t\t\t\t\t<\/div>\n\t\t\t\t<\/div>\n\t\t\t\t\t<\/div>\n\t\t\t\t<\/div>\n\t\t<div class=\"elementor-element elementor-element-91238e3 lightest-gray-row reporting-row e-flex e-con-boxed e-con e-parent\" data-id=\"91238e3\" data-element_type=\"container\" data-e-type=\"container\">\n\t\t\t\t\t<div class=\"e-con-inner\">\n\t\t<div class=\"elementor-element elementor-element-68b5dda e-con-full e-flex e-con e-child\" data-id=\"68b5dda\" data-element_type=\"container\" data-e-type=\"container\">\n\t\t<div class=\"elementor-element elementor-element-0429bdf e-con-full callout-icon e-flex elementor-invisible e-con e-child\" data-id=\"0429bdf\" data-element_type=\"container\" data-e-type=\"container\" data-settings=\"{&quot;animation_delay&quot;:300,&quot;animation&quot;:&quot;fadeInUp&quot;}\">\n\t\t\t\t<div class=\"elementor-element elementor-element-fc25e12 elementor-widget elementor-widget-image\" data-id=\"fc25e12\" data-element_type=\"widget\" data-e-type=\"widget\" data-widget_type=\"image.default\">\n\t\t\t\t\t\t\t\t\t\t\t\t\t\t\t<img decoding=\"async\" width=\"16\" height=\"42\" src=\"https:\/\/code.insmed.com\/wp-content\/uploads\/2025\/09\/reporting-icon.svg\" class=\"attachment-full size-full wp-image-1172\" alt=\"\" \/>\t\t\t\t\t\t\t\t\t\t\t\t\t\t\t<\/div>\n\t\t\t\t<\/div>\n\t\t\t\t<\/div>\n\t\t<div class=\"elementor-element elementor-element-39d4018 e-con-full e-flex e-con e-child\" data-id=\"39d4018\" data-element_type=\"container\" data-e-type=\"container\">\n\t\t\t\t<div class=\"elementor-element elementor-element-57a2c12 large-text elementor-invisible elementor-widget elementor-widget-text-editor\" data-id=\"57a2c12\" data-element_type=\"widget\" data-e-type=\"widget\" data-settings=\"{&quot;_animation&quot;:&quot;fadeInUp&quot;}\" data-widget_type=\"text-editor.default\">\n\t\t\t\t\t\t\t\t\t<p>Bitte teilen Sie alle Bedenken hinsichtlich der Finanzberichterstattung unverz\u00fcglich dem Chief Compliance Officer oder dem Finanzvorstand von Insmed mit.<\/p>\t\t\t\t\t\t\t\t<\/div>\n\t\t\t\t<\/div>\n\t\t\t\t\t<\/div>\n\t\t\t\t<\/div>\n\t\t<div class=\"elementor-element elementor-element-1c09ea9 continue-exploring-row dark-violet-row e-flex e-con-boxed e-con e-parent\" data-id=\"1c09ea9\" data-element_type=\"container\" data-e-type=\"container\">\n\t\t\t\t\t<div class=\"e-con-inner\">\n\t\t<div class=\"elementor-element elementor-element-94e8017 e-con-full continue-exploring-header e-flex elementor-invisible e-con e-child\" data-id=\"94e8017\" data-element_type=\"container\" data-e-type=\"container\" data-settings=\"{&quot;animation&quot;:&quot;fadeInUp&quot;}\">\n\t\t\t\t<div class=\"elementor-element elementor-element-c257849 elementor-widget elementor-widget-text-editor\" data-id=\"c257849\" data-element_type=\"widget\" data-e-type=\"widget\" data-widget_type=\"text-editor.default\">\n\t\t\t\t\t\t\t\t\t<p>Erkunden Sie weiter<\/p><h2>Verantwortungsvolle Gesch\u00e4ftst\u00e4tigkeit<\/h2>\t\t\t\t\t\t\t\t<\/div>\n\t\t\t\t<\/div>\n\t\t<div class=\"elementor-element elementor-element-dcd1d11 e-con-full card e-flex elementor-invisible e-con e-child\" data-id=\"dcd1d11\" data-element_type=\"container\" data-e-type=\"container\" data-settings=\"{&quot;animation&quot;:&quot;fadeInUp&quot;}\">\n\t\t\t\t<div class=\"elementor-element elementor-element-9a47090 elementor-widget elementor-widget-text-editor\" data-id=\"9a47090\" data-element_type=\"widget\" data-e-type=\"widget\" data-widget_type=\"text-editor.default\">\n\t\t\t\t\t\t\t\t\t<h3><a href=\"https:\/\/code.insmed.com\/de\/verantwortungsvolle-geschaeftstaetigkeit\/verhinderung-von-korruption\/\">Verhinderung von Korruption<\/a><\/h3>\t\t\t\t\t\t\t\t<\/div>\n\t\t\t\t<\/div>\n\t\t<div class=\"elementor-element elementor-element-4e30ea1 e-con-full card e-flex elementor-invisible e-con e-child\" data-id=\"4e30ea1\" data-element_type=\"container\" data-e-type=\"container\" data-settings=\"{&quot;animation&quot;:&quot;fadeInUp&quot;,&quot;animation_delay&quot;:150}\">\n\t\t\t\t<div class=\"elementor-element elementor-element-b30e1ac elementor-widget elementor-widget-text-editor\" data-id=\"b30e1ac\" data-element_type=\"widget\" data-e-type=\"widget\" data-widget_type=\"text-editor.default\">\n\t\t\t\t\t\t\t\t\t<h3><a href=\"https:\/\/code.insmed.com\/de\/verantwortungsvolle-geschaeftstaetigkeit\/wettbewerbs-und-kartellrecht\/\">Wettbewerbs- und Kartellrecht<\/a><\/h3>\t\t\t\t\t\t\t\t<\/div>\n\t\t\t\t<\/div>\n\t\t<div class=\"elementor-element elementor-element-af7f54a e-con-full card e-flex elementor-invisible e-con e-child\" data-id=\"af7f54a\" data-element_type=\"container\" data-e-type=\"container\" data-settings=\"{&quot;animation&quot;:&quot;fadeInUp&quot;,&quot;animation_delay&quot;:150}\">\n\t\t\t\t<div class=\"elementor-element elementor-element-d0373d9 elementor-widget elementor-widget-text-editor\" data-id=\"d0373d9\" data-element_type=\"widget\" data-e-type=\"widget\" data-widget_type=\"text-editor.default\">\n\t\t\t\t\t\t\t\t\t<h3><a href=\"https:\/\/code.insmed.com\/de\/verantwortungsvolle-geschaeftstaetigkeit\/handelskontrollen\/\">Handelskontrollen<\/a><\/h3>\t\t\t\t\t\t\t\t<\/div>\n\t\t\t\t<\/div>\n\t\t<div class=\"elementor-element elementor-element-10c03fc e-con-full card e-flex elementor-invisible e-con e-child\" data-id=\"10c03fc\" data-element_type=\"container\" data-e-type=\"container\" data-settings=\"{&quot;animation&quot;:&quot;fadeInUp&quot;,&quot;animation_delay&quot;:150}\">\n\t\t\t\t<div class=\"elementor-element elementor-element-f07cc28 elementor-widget elementor-widget-text-editor\" data-id=\"f07cc28\" data-element_type=\"widget\" data-e-type=\"widget\" data-widget_type=\"text-editor.default\">\n\t\t\t\t\t\t\t\t\t<h3><a href=\"https:\/\/code.insmed.com\/de\/verantwortungsvolle-geschaeftstaetigkeit\/cybersicherheit\/\">Cybersicherheit<\/a><\/h3>\t\t\t\t\t\t\t\t<\/div>\n\t\t\t\t<\/div>\n\t\t<div class=\"elementor-element elementor-element-bad83f2 e-con-full card e-flex elementor-invisible e-con e-child\" data-id=\"bad83f2\" data-element_type=\"container\" data-e-type=\"container\" data-settings=\"{&quot;animation&quot;:&quot;fadeInUp&quot;,&quot;animation_delay&quot;:150}\">\n\t\t\t\t<div class=\"elementor-element elementor-element-9ea069a elementor-widget elementor-widget-text-editor\" data-id=\"9ea069a\" data-element_type=\"widget\" data-e-type=\"widget\" data-widget_type=\"text-editor.default\">\n\t\t\t\t\t\t\t\t\t<h3><a href=\"https:\/\/code.insmed.com\/de\/verantwortungsvolle-geschaeftstaetigkeit\/ki-systeme-und-tools\/\">KI-Systeme und -tools<\/a><\/h3>\t\t\t\t\t\t\t\t<\/div>\n\t\t\t\t<\/div>\n\t\t<div class=\"elementor-element elementor-element-be145d3 e-con-full card e-flex elementor-invisible e-con e-child\" data-id=\"be145d3\" data-element_type=\"container\" data-e-type=\"container\" data-settings=\"{&quot;animation&quot;:&quot;fadeInUp&quot;,&quot;animation_delay&quot;:150}\">\n\t\t\t\t<div class=\"elementor-element elementor-element-c273bdc elementor-widget elementor-widget-text-editor\" data-id=\"c273bdc\" data-element_type=\"widget\" data-e-type=\"widget\" data-widget_type=\"text-editor.default\">\n\t\t\t\t\t\t\t\t\t<h3><a href=\"https:\/\/code.insmed.com\/de\/verantwortungsvolle-geschaeftstaetigkeit\/geistiges-eigentum\/\"> Geistiges Eigentum <\/a><\/h3>\t\t\t\t\t\t\t\t<\/div>\n\t\t\t\t<\/div>\n\t\t<div class=\"elementor-element elementor-element-db2d554 e-con-full card e-flex elementor-invisible e-con e-child\" data-id=\"db2d554\" data-element_type=\"container\" data-e-type=\"container\" data-settings=\"{&quot;animation&quot;:&quot;fadeInUp&quot;,&quot;animation_delay&quot;:150}\">\n\t\t\t\t<div class=\"elementor-element elementor-element-58b5588 elementor-widget elementor-widget-text-editor\" data-id=\"58b5588\" data-element_type=\"widget\" data-e-type=\"widget\" data-widget_type=\"text-editor.default\">\n\t\t\t\t\t\t\t\t\t<h3><a href=\"https:\/\/code.insmed.com\/de\/verantwortungsvolle-geschaeftstaetigkeit\/insiderhandel\/\">Insider-Handel<\/a><\/h3>\t\t\t\t\t\t\t\t<\/div>\n\t\t\t\t<\/div>\n\t\t<div class=\"elementor-element elementor-element-7fc515f e-con-full card e-flex elementor-invisible e-con e-child\" data-id=\"7fc515f\" data-element_type=\"container\" data-e-type=\"container\" data-settings=\"{&quot;animation&quot;:&quot;fadeInUp&quot;,&quot;animation_delay&quot;:150}\">\n\t\t\t\t<div class=\"elementor-element elementor-element-3f9dee3 elementor-widget elementor-widget-text-editor\" data-id=\"3f9dee3\" data-element_type=\"widget\" data-e-type=\"widget\" data-widget_type=\"text-editor.default\">\n\t\t\t\t\t\t\t\t\t<h3><a href=\"https:\/\/code.insmed.com\/de\/verantwortungsvolle-geschaeftstaetigkeit\/geschaeftsbeziehungen-mit-externen-organisationen\/\">Gesch\u00e4ftsbeziehungen mit externen Organisationen<\/a><\/h3>\t\t\t\t\t\t\t\t<\/div>\n\t\t\t\t<\/div>\n\t\t\t\t\t<\/div>\n\t\t\t\t<\/div>\n\t\t\t\t<\/div>\n\t\t","protected":false},"excerpt":{"rendered":"<p>Finanzielle Integrit\u00e4t und Aufzeichnungsf\u00fchrung Unsere Verpflichtung zur Integrit\u00e4t umfasst die Verantwortung, die Finanzergebnisse von Insmed in \u00dcbereinstimmung mit den internen und externen Berichtspflichten zu berichten Die Korrektheit und finanzielle Integrit\u00e4t unserer B\u00fccher und Aufzeichnungen sind entscheidend f\u00fcr gesch\u00e4ftliche Entscheidungen, die sich auf unsere Patienten und Anteilseigner auswirken Dies geht \u00fcber die Einhaltung von Gesetzen und [&hellip;]<\/p>\n","protected":false},"author":1,"featured_media":0,"parent":1275,"menu_order":10,"comment_status":"closed","ping_status":"closed","template":"","meta":{"_genesis_hide_title":false,"_genesis_hide_breadcrumbs":false,"_genesis_hide_singular_image":false,"_genesis_hide_footer_widgets":false,"_genesis_custom_body_class":"","_genesis_custom_post_class":"","_genesis_layout":"","footnotes":""},"class_list":{"0":"post-1285","1":"page","2":"type-page","3":"status-publish","5":"entry"},"_links":{"self":[{"href":"https:\/\/code.insmed.com\/de\/wp-json\/wp\/v2\/pages\/1285","targetHints":{"allow":["GET"]}}],"collection":[{"href":"https:\/\/code.insmed.com\/de\/wp-json\/wp\/v2\/pages"}],"about":[{"href":"https:\/\/code.insmed.com\/de\/wp-json\/wp\/v2\/types\/page"}],"author":[{"embeddable":true,"href":"https:\/\/code.insmed.com\/de\/wp-json\/wp\/v2\/users\/1"}],"replies":[{"embeddable":true,"href":"https:\/\/code.insmed.com\/de\/wp-json\/wp\/v2\/comments?post=1285"}],"version-history":[{"count":0,"href":"https:\/\/code.insmed.com\/de\/wp-json\/wp\/v2\/pages\/1285\/revisions"}],"up":[{"embeddable":true,"href":"https:\/\/code.insmed.com\/de\/wp-json\/wp\/v2\/pages\/1275"}],"wp:attachment":[{"href":"https:\/\/code.insmed.com\/de\/wp-json\/wp\/v2\/media?parent=1285"}],"curies":[{"name":"wp","href":"https:\/\/api.w.org\/{rel}","templated":true}]}}