{"id":1288,"date":"2025-08-28T20:58:23","date_gmt":"2025-08-29T00:58:23","guid":{"rendered":"https:\/\/codeofconduct1.wpenginepowered.com\/verantwortungsvolle-geschaeftstaetigkeit\/cybersicherheit\/"},"modified":"2025-10-27T12:51:24","modified_gmt":"2025-10-27T16:51:24","slug":"cybersicherheit","status":"publish","type":"page","link":"https:\/\/code.insmed.com\/de\/verantwortungsvolle-geschaeftstaetigkeit\/cybersicherheit\/","title":{"rendered":"Cybersicherheit"},"content":{"rendered":"\t\t<div data-elementor-type=\"wp-page\" data-elementor-id=\"1288\" class=\"elementor elementor-1288 elementor-57\" data-elementor-post-type=\"page\">\n\t\t\t\t<div class=\"elementor-element elementor-element-a297ee8 subpage-header lightest-gray-row e-flex e-con-boxed e-con e-parent\" data-id=\"a297ee8\" data-element_type=\"container\" data-e-type=\"container\">\n\t\t\t\t\t<div class=\"e-con-inner\">\n\t\t<div class=\"elementor-element elementor-element-e1a5541 e-con-full e-flex e-con e-child\" data-id=\"e1a5541\" data-element_type=\"container\" data-e-type=\"container\">\n\t\t\t\t<div class=\"elementor-element elementor-element-09d6641 scroll-down-indicator elementor-invisible elementor-widget elementor-widget-html\" data-id=\"09d6641\" data-element_type=\"widget\" data-e-type=\"widget\" data-settings=\"{&quot;_animation&quot;:&quot;fadeIn&quot;,&quot;_animation_delay&quot;:150}\" data-widget_type=\"html.default\">\n\t\t\t\t\t<i class=\"fa-sharp fa-regular fa-arrow-down-long\"><\/i>\t\t\t\t<\/div>\n\t\t\t\t<div class=\"elementor-element elementor-element-e5a4014 rainbow-h1 elementor-widget elementor-widget-text-editor\" data-id=\"e5a4014\" data-element_type=\"widget\" data-e-type=\"widget\" data-widget_type=\"text-editor.default\">\n\t\t\t\t\t\t\t\t\t<h1 style=\"text-align: center;\">Cybersicherheit<\/h1><p style=\"text-align: center;\">Unser umfassendes Cybersicherheitsprogramm integriert robuste Prozesse, Technologien und Kontrollen zum Schutz vor neuen Bedrohungen im Gesundheitswesen und im Biopharma-Sektor. Dieser Ansatz tr\u00e4gt zum Schutz unserer physischen, informationellen und finanziellen Verm\u00f6genswerte bei und ist entscheidend f\u00fcr den Schutz unserer Patienten, medizinischer Fachkr\u00e4fte und Mitarbeiter. Eine wesentliche St\u00e4rke unserer Cybersicherheitsstrategie liegt in dem Ansatz, dass Sicherheit in der Verantwortung eines jeden liegt Wir arbeiten kontinuierlich an der F\u00f6rderung einer sicherheitsbewussten Kultur, in der jedes Teammitglied sich aktiv am Schutz des geistigen Eigentums, der Kundendaten und der Patienteninformationen des Unternehmens beteiligt   <\/p>\t\t\t\t\t\t\t\t<\/div>\n\t\t\t\t<\/div>\n\t\t\t\t\t<\/div>\n\t\t\t\t<\/div>\n\t\t<div class=\"elementor-element elementor-element-60b4cc9 how-we-do-it-row e-flex e-con-boxed e-con e-parent\" data-id=\"60b4cc9\" data-element_type=\"container\" data-e-type=\"container\">\n\t\t\t\t\t<div class=\"e-con-inner\">\n\t\t<div class=\"elementor-element elementor-element-73d2046 e-con-full how-we-do-it-list-col e-flex elementor-invisible e-con e-child\" data-id=\"73d2046\" data-element_type=\"container\" data-e-type=\"container\" data-settings=\"{&quot;animation&quot;:&quot;fadeIn&quot;,&quot;animation_delay&quot;:150}\">\n\t\t\t\t<div class=\"elementor-element elementor-element-e25983e elementor-widget elementor-widget-text-editor\" data-id=\"e25983e\" data-element_type=\"widget\" data-e-type=\"widget\" data-widget_type=\"text-editor.default\">\n\t\t\t\t\t\t\t\t\t<h2>Wie wir das machen<\/h2><ul><li>Wir fordern die Mitarbeiter auf, vertrauliche Informationen sicher und von der \u00d6ffentlichkeit gesch\u00fctzt aufzubewahren und das Eigentum von Insmed , einschlie\u00dflich Smart-Ger\u00e4te und Laptops, jederzeit zu sch\u00fctzen<\/li><li>Wir f\u00fchren ein verbindliches Cybersicherheits-Schulungsprogramm f\u00fcr alle Mitarbeiter durch, das wesentliche Themen wie die globale Datenschutzrichtlinie von Insmed , IT-Nutzung, Datenhandhabung, Phishing-Pr\u00e4vention und Sicherheitsbewusstsein abdeckt<\/li><li>Wir bewerten unsere Cybersicherheitspraktiken anhand der Standards des Center for Internet Security, die uns helfen, Cybersicherheitsrisiken zu identifizieren und zu mindern<\/li><li>Wir machen unsere Mitarbeiter durch unsere laufende Phishing-Kampagne und Cybersicherheitshinweise in unserem Intranet kontinuierlich auf sich entwickelnde Bedrohungen aufmerksam.<\/li><li>Wir schulen Mitarbeiter in Informationssicherheitsverfahren, einschlie\u00dflich der Sperrung von Ger\u00e4ten , deren angemessener Aufbewahrung, der strikten Befolgung von Passwortanweisungen und -verfahren, der F\u00fchrung der gesch\u00e4ftlichen Kommunikation auf Unternehmenskan\u00e4len und der Meldung verd\u00e4chtiger E-Mails oder anderer elektronischer Kommunikation<\/li><\/ul>\t\t\t\t\t\t\t\t<\/div>\n\t\t\t\t<\/div>\n\t\t<div class=\"elementor-element elementor-element-e0b666e e-con-full how-we-do-it-img-col elementor-hidden-tablet elementor-hidden-mobile e-flex elementor-invisible e-con e-child\" data-id=\"e0b666e\" data-element_type=\"container\" data-e-type=\"container\" data-settings=\"{&quot;animation&quot;:&quot;fadeIn&quot;,&quot;animation_delay&quot;:300}\">\n\t\t\t\t<div class=\"elementor-element elementor-element-2648904 rounded-img elementor-widget elementor-widget-image\" data-id=\"2648904\" data-element_type=\"widget\" data-e-type=\"widget\" data-widget_type=\"image.default\">\n\t\t\t\t\t\t\t\t\t\t\t\t\t\t\t<img fetchpriority=\"high\" decoding=\"async\" width=\"550\" height=\"640\" src=\"https:\/\/code.insmed.com\/wp-content\/uploads\/2025\/09\/Insmed_019.webp\" class=\"attachment-full size-full wp-image-1287\" alt=\"\" srcset=\"https:\/\/code.insmed.com\/wp-content\/uploads\/2025\/09\/Insmed_019.webp 550w, https:\/\/code.insmed.com\/wp-content\/uploads\/2025\/09\/Insmed_019-258x300.webp 258w\" sizes=\"(max-width: 550px) 100vw, 550px\" \/>\t\t\t\t\t\t\t\t\t\t\t\t\t\t\t<\/div>\n\t\t\t\t<\/div>\n\t\t\t\t\t<\/div>\n\t\t\t\t<\/div>\n\t\t<div class=\"elementor-element elementor-element-b21c679 did-you-know-row e-flex e-con-boxed e-con e-parent\" data-id=\"b21c679\" data-element_type=\"container\" data-e-type=\"container\">\n\t\t\t\t\t<div class=\"e-con-inner\">\n\t\t<div class=\"elementor-element elementor-element-a2dc5a9 e-con-full callout-card e-flex elementor-invisible e-con e-child\" data-id=\"a2dc5a9\" data-element_type=\"container\" data-e-type=\"container\" data-settings=\"{&quot;animation&quot;:&quot;fadeInUp&quot;}\">\n\t\t<div class=\"elementor-element elementor-element-4d2e2eb e-con-full callout-icon e-flex e-con e-child\" data-id=\"4d2e2eb\" data-element_type=\"container\" data-e-type=\"container\">\n\t\t\t\t<div class=\"elementor-element elementor-element-909c48f elementor-widget elementor-widget-image\" data-id=\"909c48f\" data-element_type=\"widget\" data-e-type=\"widget\" data-widget_type=\"image.default\">\n\t\t\t\t\t\t\t\t\t\t\t\t\t\t\t<img decoding=\"async\" width=\"40\" height=\"40\" src=\"https:\/\/code.insmed.com\/wp-content\/uploads\/2025\/09\/did-you-know-icon.svg\" class=\"attachment-full size-full wp-image-1171\" alt=\"\" \/>\t\t\t\t\t\t\t\t\t\t\t\t\t\t\t<\/div>\n\t\t\t\t<\/div>\n\t\t<div class=\"elementor-element elementor-element-68d3ff6 e-con-full callout-header e-flex e-con e-child\" data-id=\"68d3ff6\" data-element_type=\"container\" data-e-type=\"container\">\n\t\t\t\t<div class=\"elementor-element elementor-element-9572e2d elementor-widget elementor-widget-text-editor\" data-id=\"9572e2d\" data-element_type=\"widget\" data-e-type=\"widget\" data-widget_type=\"text-editor.default\">\n\t\t\t\t\t\t\t\t\t<h2>Wussten Sie, dass&#8230;<\/h2>\t\t\t\t\t\t\t\t<\/div>\n\t\t\t\t<\/div>\n\t\t<div class=\"elementor-element elementor-element-889270e e-con-full callout-body e-flex e-con e-child\" data-id=\"889270e\" data-element_type=\"container\" data-e-type=\"container\">\n\t\t\t\t<div class=\"elementor-element elementor-element-42edd0b elementor-widget elementor-widget-text-editor\" data-id=\"42edd0b\" data-element_type=\"widget\" data-e-type=\"widget\" data-widget_type=\"text-editor.default\">\n\t\t\t\t\t\t\t\t\t<p>Jeder von uns ist daf\u00fcr verantwortlich, die Informationssysteme von Insmed jederzeit verantwortungsbewusst zu nutzen. Beachten Sie, dass Insmed vorbehaltlich der Landes- und lokalen Gesetze das Recht hat, Ihre Nutzung der Informationssysteme von Insmed bei Bedarf zu \u00fcberpr\u00fcfen Begrenzen Sie die Verwendung der von Insmed bereitgestellten Ger\u00e4ten f\u00fcr private Zewcke und stellen Sie sicher, dass Ihre Verwendung sich nicht negativ auf Insmed auswirkt und auch nicht Ihre F\u00e4higkeit, Ihre Arbeit zu erf\u00fcllen, beeintr\u00e4chtigt  <\/p>\t\t\t\t\t\t\t\t<\/div>\n\t\t\t\t<\/div>\n\t\t\t\t<\/div>\n\t\t\t\t\t<\/div>\n\t\t\t\t<\/div>\n\t\t<div class=\"elementor-element elementor-element-765d2fa continue-exploring-row dark-violet-row e-flex e-con-boxed e-con e-parent\" data-id=\"765d2fa\" data-element_type=\"container\" data-e-type=\"container\">\n\t\t\t\t\t<div class=\"e-con-inner\">\n\t\t<div class=\"elementor-element elementor-element-9a4e861 e-con-full continue-exploring-header e-flex elementor-invisible e-con e-child\" data-id=\"9a4e861\" data-element_type=\"container\" data-e-type=\"container\" data-settings=\"{&quot;animation&quot;:&quot;fadeInUp&quot;}\">\n\t\t\t\t<div class=\"elementor-element elementor-element-e933240 elementor-widget elementor-widget-text-editor\" data-id=\"e933240\" data-element_type=\"widget\" data-e-type=\"widget\" data-widget_type=\"text-editor.default\">\n\t\t\t\t\t\t\t\t\t<p>Erkunden Sie weiter<\/p><h2>Verantwortungsvolle Gesch\u00e4ftst\u00e4tigkeit<\/h2>\t\t\t\t\t\t\t\t<\/div>\n\t\t\t\t<\/div>\n\t\t<div class=\"elementor-element elementor-element-853fbde e-con-full card e-flex elementor-invisible e-con e-child\" data-id=\"853fbde\" data-element_type=\"container\" data-e-type=\"container\" data-settings=\"{&quot;animation&quot;:&quot;fadeInUp&quot;}\">\n\t\t\t\t<div class=\"elementor-element elementor-element-9f9df5e elementor-widget elementor-widget-text-editor\" data-id=\"9f9df5e\" data-element_type=\"widget\" data-e-type=\"widget\" data-widget_type=\"text-editor.default\">\n\t\t\t\t\t\t\t\t\t<h3><a href=\"https:\/\/code.insmed.com\/de\/verantwortungsvolle-geschaeftstaetigkeit\/verhinderung-von-korruption\/\">Verhinderung von Korruption<\/a><\/h3>\t\t\t\t\t\t\t\t<\/div>\n\t\t\t\t<\/div>\n\t\t<div class=\"elementor-element elementor-element-7945d8c e-con-full card e-flex elementor-invisible e-con e-child\" data-id=\"7945d8c\" data-element_type=\"container\" data-e-type=\"container\" data-settings=\"{&quot;animation&quot;:&quot;fadeInUp&quot;,&quot;animation_delay&quot;:150}\">\n\t\t\t\t<div class=\"elementor-element elementor-element-dfbef67 elementor-widget elementor-widget-text-editor\" data-id=\"dfbef67\" data-element_type=\"widget\" data-e-type=\"widget\" data-widget_type=\"text-editor.default\">\n\t\t\t\t\t\t\t\t\t<h3><a href=\"https:\/\/code.insmed.com\/de\/verantwortungsvolle-geschaeftstaetigkeit\/wettbewerbs-und-kartellrecht\/\">Wettbewerbs- und Kartellrecht<\/a><\/h3>\t\t\t\t\t\t\t\t<\/div>\n\t\t\t\t<\/div>\n\t\t<div class=\"elementor-element elementor-element-1962697 e-con-full card e-flex elementor-invisible e-con e-child\" data-id=\"1962697\" data-element_type=\"container\" data-e-type=\"container\" data-settings=\"{&quot;animation&quot;:&quot;fadeInUp&quot;,&quot;animation_delay&quot;:150}\">\n\t\t\t\t<div class=\"elementor-element elementor-element-88e6d49 elementor-widget elementor-widget-text-editor\" data-id=\"88e6d49\" data-element_type=\"widget\" data-e-type=\"widget\" data-widget_type=\"text-editor.default\">\n\t\t\t\t\t\t\t\t\t<h3><a href=\"https:\/\/code.insmed.com\/de\/verantwortungsvolle-geschaeftstaetigkeit\/handelskontrollen\/\">Handelskontrollen<\/a><\/h3>\t\t\t\t\t\t\t\t<\/div>\n\t\t\t\t<\/div>\n\t\t<div class=\"elementor-element elementor-element-058ed32 e-con-full card e-flex elementor-invisible e-con e-child\" data-id=\"058ed32\" data-element_type=\"container\" data-e-type=\"container\" data-settings=\"{&quot;animation&quot;:&quot;fadeInUp&quot;,&quot;animation_delay&quot;:150}\">\n\t\t\t\t<div class=\"elementor-element elementor-element-7243d5f elementor-widget elementor-widget-text-editor\" data-id=\"7243d5f\" data-element_type=\"widget\" data-e-type=\"widget\" data-widget_type=\"text-editor.default\">\n\t\t\t\t\t\t\t\t\t<h3><a href=\"https:\/\/code.insmed.com\/de\/verantwortungsvolle-geschaeftstaetigkeit\/finanzielle-integritaet-und-aufzeichnungsfuehrung\/\">Finanzielle Integrit\u00e4t und Aufzeichnungsf\u00fchrung<\/a><\/h3>\t\t\t\t\t\t\t\t<\/div>\n\t\t\t\t<\/div>\n\t\t<div class=\"elementor-element elementor-element-5fd89ee e-con-full card e-flex elementor-invisible e-con e-child\" data-id=\"5fd89ee\" data-element_type=\"container\" data-e-type=\"container\" data-settings=\"{&quot;animation&quot;:&quot;fadeInUp&quot;,&quot;animation_delay&quot;:150}\">\n\t\t\t\t<div class=\"elementor-element elementor-element-196b266 elementor-widget elementor-widget-text-editor\" data-id=\"196b266\" data-element_type=\"widget\" data-e-type=\"widget\" data-widget_type=\"text-editor.default\">\n\t\t\t\t\t\t\t\t\t<h3><a href=\"https:\/\/code.insmed.com\/de\/verantwortungsvolle-geschaeftstaetigkeit\/ki-systeme-und-tools\/\">KI-Systeme und -tools<\/a><\/h3>\t\t\t\t\t\t\t\t<\/div>\n\t\t\t\t<\/div>\n\t\t<div class=\"elementor-element elementor-element-564a362 e-con-full card e-flex elementor-invisible e-con e-child\" data-id=\"564a362\" data-element_type=\"container\" data-e-type=\"container\" data-settings=\"{&quot;animation&quot;:&quot;fadeInUp&quot;,&quot;animation_delay&quot;:150}\">\n\t\t\t\t<div class=\"elementor-element elementor-element-b4d565f elementor-widget elementor-widget-text-editor\" data-id=\"b4d565f\" data-element_type=\"widget\" data-e-type=\"widget\" data-widget_type=\"text-editor.default\">\n\t\t\t\t\t\t\t\t\t<h3><a href=\"https:\/\/code.insmed.com\/de\/verantwortungsvolle-geschaeftstaetigkeit\/geistiges-eigentum\/\"> Geistiges Eigentum <\/a><\/h3>\t\t\t\t\t\t\t\t<\/div>\n\t\t\t\t<\/div>\n\t\t<div class=\"elementor-element elementor-element-93ac5ce e-con-full card e-flex elementor-invisible e-con e-child\" data-id=\"93ac5ce\" data-element_type=\"container\" data-e-type=\"container\" data-settings=\"{&quot;animation&quot;:&quot;fadeInUp&quot;,&quot;animation_delay&quot;:150}\">\n\t\t\t\t<div class=\"elementor-element elementor-element-275dae0 elementor-widget elementor-widget-text-editor\" data-id=\"275dae0\" data-element_type=\"widget\" data-e-type=\"widget\" data-widget_type=\"text-editor.default\">\n\t\t\t\t\t\t\t\t\t<h3><a href=\"https:\/\/code.insmed.com\/de\/verantwortungsvolle-geschaeftstaetigkeit\/insiderhandel\/\">Insider-Handel<\/a><\/h3>\t\t\t\t\t\t\t\t<\/div>\n\t\t\t\t<\/div>\n\t\t<div class=\"elementor-element elementor-element-1549834 e-con-full card e-flex elementor-invisible e-con e-child\" data-id=\"1549834\" data-element_type=\"container\" data-e-type=\"container\" data-settings=\"{&quot;animation&quot;:&quot;fadeInUp&quot;,&quot;animation_delay&quot;:150}\">\n\t\t\t\t<div class=\"elementor-element elementor-element-00ca786 elementor-widget elementor-widget-text-editor\" data-id=\"00ca786\" data-element_type=\"widget\" data-e-type=\"widget\" data-widget_type=\"text-editor.default\">\n\t\t\t\t\t\t\t\t\t<h3><a href=\"https:\/\/code.insmed.com\/de\/verantwortungsvolle-geschaeftstaetigkeit\/geschaeftsbeziehungen-mit-externen-organisationen\/\">Gesch\u00e4ftsbeziehungen mit externen Organisationen<\/a><\/h3>\t\t\t\t\t\t\t\t<\/div>\n\t\t\t\t<\/div>\n\t\t\t\t\t<\/div>\n\t\t\t\t<\/div>\n\t\t\t\t<\/div>\n\t\t","protected":false},"excerpt":{"rendered":"<p>Cybersicherheit Unser umfassendes Cybersicherheitsprogramm integriert robuste Prozesse, Technologien und Kontrollen zum Schutz vor neuen Bedrohungen im Gesundheitswesen und im Biopharma-Sektor. Dieser Ansatz tr\u00e4gt zum Schutz unserer physischen, informationellen und finanziellen Verm\u00f6genswerte bei und ist entscheidend f\u00fcr den Schutz unserer Patienten, medizinischer Fachkr\u00e4fte und Mitarbeiter. Eine wesentliche St\u00e4rke unserer Cybersicherheitsstrategie liegt in dem Ansatz, dass Sicherheit [&hellip;]<\/p>\n","protected":false},"author":1,"featured_media":0,"parent":1275,"menu_order":10,"comment_status":"closed","ping_status":"closed","template":"","meta":{"_genesis_hide_title":false,"_genesis_hide_breadcrumbs":false,"_genesis_hide_singular_image":false,"_genesis_hide_footer_widgets":false,"_genesis_custom_body_class":"","_genesis_custom_post_class":"","_genesis_layout":"","footnotes":""},"class_list":{"0":"post-1288","1":"page","2":"type-page","3":"status-publish","5":"entry"},"_links":{"self":[{"href":"https:\/\/code.insmed.com\/de\/wp-json\/wp\/v2\/pages\/1288","targetHints":{"allow":["GET"]}}],"collection":[{"href":"https:\/\/code.insmed.com\/de\/wp-json\/wp\/v2\/pages"}],"about":[{"href":"https:\/\/code.insmed.com\/de\/wp-json\/wp\/v2\/types\/page"}],"author":[{"embeddable":true,"href":"https:\/\/code.insmed.com\/de\/wp-json\/wp\/v2\/users\/1"}],"replies":[{"embeddable":true,"href":"https:\/\/code.insmed.com\/de\/wp-json\/wp\/v2\/comments?post=1288"}],"version-history":[{"count":0,"href":"https:\/\/code.insmed.com\/de\/wp-json\/wp\/v2\/pages\/1288\/revisions"}],"up":[{"embeddable":true,"href":"https:\/\/code.insmed.com\/de\/wp-json\/wp\/v2\/pages\/1275"}],"wp:attachment":[{"href":"https:\/\/code.insmed.com\/de\/wp-json\/wp\/v2\/media?parent=1288"}],"curies":[{"name":"wp","href":"https:\/\/api.w.org\/{rel}","templated":true}]}}