{"id":1293,"date":"2025-08-28T20:58:23","date_gmt":"2025-08-29T00:58:23","guid":{"rendered":"https:\/\/codeofconduct1.wpenginepowered.com\/verantwortungsvolle-geschaeftstaetigkeit\/geistiges-eigentum\/"},"modified":"2025-10-27T12:56:37","modified_gmt":"2025-10-27T16:56:37","slug":"geistiges-eigentum","status":"publish","type":"page","link":"https:\/\/code.insmed.com\/de\/verantwortungsvolle-geschaeftstaetigkeit\/geistiges-eigentum\/","title":{"rendered":"Geistiges Eigentum"},"content":{"rendered":"\t\t<div data-elementor-type=\"wp-page\" data-elementor-id=\"1293\" class=\"elementor elementor-1293 elementor-61\" data-elementor-post-type=\"page\">\n\t\t\t\t<div class=\"elementor-element elementor-element-cd142df subpage-header lightest-gray-row e-flex e-con-boxed e-con e-parent\" data-id=\"cd142df\" data-element_type=\"container\" data-e-type=\"container\">\n\t\t\t\t\t<div class=\"e-con-inner\">\n\t\t<div class=\"elementor-element elementor-element-2403e68 e-con-full e-flex e-con e-child\" data-id=\"2403e68\" data-element_type=\"container\" data-e-type=\"container\">\n\t\t\t\t<div class=\"elementor-element elementor-element-0f170fc rainbow-h1 elementor-widget elementor-widget-text-editor\" data-id=\"0f170fc\" data-element_type=\"widget\" data-e-type=\"widget\" data-widget_type=\"text-editor.default\">\n\t\t\t\t\t\t\t\t\t<h1 style=\"text-align: center;\"> Geistiges Eigentum <\/h1><p style=\"text-align: center;\">Wir sind alle f\u00fcr den Schutz unseres geistigen Eigentums (IP) und des geistigen Eigentums anderer verantwortlich, die wir im Rahmen unserer Arbeit lizenzieren Dar\u00fcber hinaus liegt es in unserer Verantwortung, das geistige Eigentum, das sich im Besitz oder unter der Kontrolle Dritter befindet, nicht zweckentfremdet zu verwenden <\/p>\t\t\t\t\t\t\t\t<\/div>\n\t\t\t\t<div class=\"elementor-element elementor-element-0d5a484 scroll-down-indicator elementor-invisible elementor-widget elementor-widget-html\" data-id=\"0d5a484\" data-element_type=\"widget\" data-e-type=\"widget\" data-settings=\"{&quot;_animation&quot;:&quot;fadeIn&quot;,&quot;_animation_delay&quot;:150}\" data-widget_type=\"html.default\">\n\t\t\t\t\t<i class=\"fa-sharp fa-regular fa-arrow-down-long\"><\/i>\t\t\t\t<\/div>\n\t\t\t\t<\/div>\n\t\t\t\t\t<\/div>\n\t\t\t\t<\/div>\n\t\t<div class=\"elementor-element elementor-element-6b7b7e8 how-we-do-it-row e-flex e-con-boxed e-con e-parent\" data-id=\"6b7b7e8\" data-element_type=\"container\" data-e-type=\"container\">\n\t\t\t\t\t<div class=\"e-con-inner\">\n\t\t<div class=\"elementor-element elementor-element-3767fef e-con-full how-we-do-it-list-col e-flex elementor-invisible e-con e-child\" data-id=\"3767fef\" data-element_type=\"container\" data-e-type=\"container\" data-settings=\"{&quot;animation&quot;:&quot;fadeIn&quot;,&quot;animation_delay&quot;:150}\">\n\t\t\t\t<div class=\"elementor-element elementor-element-af0b49e elementor-widget elementor-widget-text-editor\" data-id=\"af0b49e\" data-element_type=\"widget\" data-e-type=\"widget\" data-widget_type=\"text-editor.default\">\n\t\t\t\t\t\t\t\t\t<h2>Wie wir das machen<\/h2><ul><li><strong>Wir schulen unsere Mitarbeiter, damit sie Folgendes verstehen<\/strong><ul><li>Wie erkennen wir geistiges Eigentum und unsere Verantwortung f\u00fcr seinen Schutz, einschlie\u00dflich der Frage, ob es angemessen ist, das Vorhandensein von geistigem Eigentum und\/oder seinem Inhalt \u00f6ffentlich offenzulegen<\/li><li>Unsere Verantwortlichkeiten f\u00fcr den Schutz von geistigem Eigentum, das w\u00e4hrend einer Honorarvereinbarung oder einer gemeinsame Zusammenarbeit mit einem Dritten (z. B. einer Forschungseinrichtung) entdeckt oder verwendet wird<\/li><li>Unsere Verantwortung f\u00fcr den Schutz von materiellem geistigem Eigentum von Insmed , wie z. B. Forschungsproben, wenn sie zur Analyse an Dritte gesendet werden<\/li><li>Unsere Verantwortlichkeiten f\u00fcr die Genehmigung, den Zeitpunkt und die Pr\u00fcfung von Ver\u00f6ffentlichungen, in denen Sie als Autor aufgef\u00fchrt sind oder zu denen Sie beigetragen haben<\/li><li>Der Prozess zum Erhalt und zur Verwendung von urheberrechtlich gesch\u00fctztem Material in Ihren eigenen Pr\u00e4sentationen oder, allgemeiner, w\u00e4hrend des normalen Gesch\u00e4ftsablaufs<\/li><\/ul><\/li><\/ul>\t\t\t\t\t\t\t\t<\/div>\n\t\t\t\t<\/div>\n\t\t<div class=\"elementor-element elementor-element-f1c432d e-con-full how-we-do-it-img-col elementor-hidden-tablet elementor-hidden-mobile e-flex elementor-invisible e-con e-child\" data-id=\"f1c432d\" data-element_type=\"container\" data-e-type=\"container\" data-settings=\"{&quot;animation&quot;:&quot;fadeIn&quot;,&quot;animation_delay&quot;:300}\">\n\t\t\t\t<div class=\"elementor-element elementor-element-b23e67d rounded-img elementor-widget elementor-widget-image\" data-id=\"b23e67d\" data-element_type=\"widget\" data-e-type=\"widget\" data-widget_type=\"image.default\">\n\t\t\t\t\t\t\t\t\t\t\t\t\t\t\t<img fetchpriority=\"high\" decoding=\"async\" width=\"550\" height=\"640\" src=\"https:\/\/code.insmed.com\/wp-content\/uploads\/2025\/09\/2022_insmed_nh111000_2.webp\" class=\"attachment-full size-full wp-image-1292\" alt=\"\" srcset=\"https:\/\/code.insmed.com\/wp-content\/uploads\/2025\/09\/2022_insmed_nh111000_2.webp 550w, https:\/\/code.insmed.com\/wp-content\/uploads\/2025\/09\/2022_insmed_nh111000_2-258x300.webp 258w\" sizes=\"(max-width: 550px) 100vw, 550px\" \/>\t\t\t\t\t\t\t\t\t\t\t\t\t\t\t<\/div>\n\t\t\t\t<\/div>\n\t\t\t\t\t<\/div>\n\t\t\t\t<\/div>\n\t\t<div class=\"elementor-element elementor-element-25b6152 did-you-know-row e-flex e-con-boxed e-con e-parent\" data-id=\"25b6152\" data-element_type=\"container\" data-e-type=\"container\">\n\t\t\t\t\t<div class=\"e-con-inner\">\n\t\t<div class=\"elementor-element elementor-element-3975fa3 e-con-full callout-card e-flex elementor-invisible e-con e-child\" data-id=\"3975fa3\" data-element_type=\"container\" data-e-type=\"container\" data-settings=\"{&quot;animation&quot;:&quot;fadeInUp&quot;}\">\n\t\t<div class=\"elementor-element elementor-element-3052965 e-con-full callout-icon e-flex e-con e-child\" data-id=\"3052965\" data-element_type=\"container\" data-e-type=\"container\">\n\t\t\t\t<div class=\"elementor-element elementor-element-c204fb9 elementor-widget elementor-widget-image\" data-id=\"c204fb9\" data-element_type=\"widget\" data-e-type=\"widget\" data-widget_type=\"image.default\">\n\t\t\t\t\t\t\t\t\t\t\t\t\t\t\t<img decoding=\"async\" width=\"40\" height=\"40\" src=\"https:\/\/code.insmed.com\/wp-content\/uploads\/2025\/09\/did-you-know-icon.svg\" class=\"attachment-full size-full wp-image-1171\" alt=\"\" \/>\t\t\t\t\t\t\t\t\t\t\t\t\t\t\t<\/div>\n\t\t\t\t<\/div>\n\t\t<div class=\"elementor-element elementor-element-9a681ad e-con-full callout-header e-flex e-con e-child\" data-id=\"9a681ad\" data-element_type=\"container\" data-e-type=\"container\">\n\t\t\t\t<div class=\"elementor-element elementor-element-324186d elementor-widget elementor-widget-text-editor\" data-id=\"324186d\" data-element_type=\"widget\" data-e-type=\"widget\" data-widget_type=\"text-editor.default\">\n\t\t\t\t\t\t\t\t\t<h2>Wussten Sie, dass<\/h2>\t\t\t\t\t\t\t\t<\/div>\n\t\t\t\t<\/div>\n\t\t<div class=\"elementor-element elementor-element-821e7a5 e-con-full callout-body e-flex e-con e-child\" data-id=\"821e7a5\" data-element_type=\"container\" data-e-type=\"container\">\n\t\t\t\t<div class=\"elementor-element elementor-element-5bfc71d elementor-widget elementor-widget-text-editor\" data-id=\"5bfc71d\" data-element_type=\"widget\" data-e-type=\"widget\" data-widget_type=\"text-editor.default\">\n\t\t\t\t\t\t\t\t\t<p>Das geistige Eigentum umfasst von Insmed generierte Daten, Erfindungen (unabh\u00e4ngig davon, ob sie patentierbar sind oder nicht), Entdeckungen, Patente, Urheberrechte und urheberrechtlich gesch\u00fctztes Material, wie z. B. Kongressver\u00f6ffentlichungen und Marketingmaterialien, Marken und Gesch\u00e4ftsgeheimnisse.<\/p>\t\t\t\t\t\t\t\t<\/div>\n\t\t\t\t<\/div>\n\t\t\t\t<\/div>\n\t\t\t\t\t<\/div>\n\t\t\t\t<\/div>\n\t\t<div class=\"elementor-element elementor-element-f966020 lightest-gray-row reporting-row e-flex e-con-boxed e-con e-parent\" data-id=\"f966020\" data-element_type=\"container\" data-e-type=\"container\">\n\t\t\t\t\t<div class=\"e-con-inner\">\n\t\t<div class=\"elementor-element elementor-element-d1895b2 e-con-full e-flex e-con e-child\" data-id=\"d1895b2\" data-element_type=\"container\" data-e-type=\"container\">\n\t\t<div class=\"elementor-element elementor-element-d274a7f e-con-full callout-icon e-flex elementor-invisible e-con e-child\" data-id=\"d274a7f\" data-element_type=\"container\" data-e-type=\"container\" data-settings=\"{&quot;animation_delay&quot;:300,&quot;animation&quot;:&quot;fadeInUp&quot;}\">\n\t\t\t\t<div class=\"elementor-element elementor-element-bdc1297 elementor-widget elementor-widget-image\" data-id=\"bdc1297\" data-element_type=\"widget\" data-e-type=\"widget\" data-widget_type=\"image.default\">\n\t\t\t\t\t\t\t\t\t\t\t\t\t\t\t<img decoding=\"async\" width=\"16\" height=\"42\" src=\"https:\/\/code.insmed.com\/wp-content\/uploads\/2025\/09\/reporting-icon.svg\" class=\"attachment-full size-full wp-image-1172\" alt=\"\" \/>\t\t\t\t\t\t\t\t\t\t\t\t\t\t\t<\/div>\n\t\t\t\t<\/div>\n\t\t\t\t<\/div>\n\t\t<div class=\"elementor-element elementor-element-a29d7d9 e-con-full e-flex e-con e-child\" data-id=\"a29d7d9\" data-element_type=\"container\" data-e-type=\"container\">\n\t\t\t\t<div class=\"elementor-element elementor-element-272b7c7 large-text elementor-invisible elementor-widget elementor-widget-text-editor\" data-id=\"272b7c7\" data-element_type=\"widget\" data-e-type=\"widget\" data-settings=\"{&quot;_animation&quot;:&quot;fadeInUp&quot;}\" data-widget_type=\"text-editor.default\">\n\t\t\t\t\t\t\t\t\t<p>Wenn Sie Bedenken hinsichtlich eines Risikos f\u00fcr das geistige Eigentum von Insmed oder der Verwendung von geistigem Eigentum Dritter haben, oder wenn Sie unsicher sind, ob etwas geistiges Eigentum ist oder als geistiges Eigentum behandelt werden sollte, melden Sie sich zu Wort und stellen Sie Fragen Kontaktieren Sie unseren Chief IP Counsel, ein Mitglied der Rechtsabteilung oder <a href=\"mailto:InsmedLegal@insmed.com\" target=\"_blank\" rel=\"noopener\">InsmedLegal@insmed.com.<\/a> <\/p>\t\t\t\t\t\t\t\t<\/div>\n\t\t\t\t<\/div>\n\t\t\t\t\t<\/div>\n\t\t\t\t<\/div>\n\t\t<div class=\"elementor-element elementor-element-5c9f20c continue-exploring-row dark-violet-row e-flex e-con-boxed e-con e-parent\" data-id=\"5c9f20c\" data-element_type=\"container\" data-e-type=\"container\">\n\t\t\t\t\t<div class=\"e-con-inner\">\n\t\t<div class=\"elementor-element elementor-element-e93953a e-con-full continue-exploring-header e-flex elementor-invisible e-con e-child\" data-id=\"e93953a\" data-element_type=\"container\" data-e-type=\"container\" data-settings=\"{&quot;animation&quot;:&quot;fadeInUp&quot;}\">\n\t\t\t\t<div class=\"elementor-element elementor-element-3047410 elementor-widget elementor-widget-text-editor\" data-id=\"3047410\" data-element_type=\"widget\" data-e-type=\"widget\" data-widget_type=\"text-editor.default\">\n\t\t\t\t\t\t\t\t\t<p>Erkunden Sie weiter<\/p><h2>Verantwortungsvolle Gesch\u00e4ftst\u00e4tigkeit<\/h2>\t\t\t\t\t\t\t\t<\/div>\n\t\t\t\t<\/div>\n\t\t<div class=\"elementor-element elementor-element-d0fa001 e-con-full card e-flex elementor-invisible e-con e-child\" data-id=\"d0fa001\" data-element_type=\"container\" data-e-type=\"container\" data-settings=\"{&quot;animation&quot;:&quot;fadeInUp&quot;}\">\n\t\t\t\t<div class=\"elementor-element elementor-element-54813b6 elementor-widget elementor-widget-text-editor\" data-id=\"54813b6\" data-element_type=\"widget\" data-e-type=\"widget\" data-widget_type=\"text-editor.default\">\n\t\t\t\t\t\t\t\t\t<h3><a href=\"https:\/\/code.insmed.com\/de\/verantwortungsvolle-geschaeftstaetigkeit\/verhinderung-von-korruption\/\">Verhinderung von Korruption<\/a><\/h3>\t\t\t\t\t\t\t\t<\/div>\n\t\t\t\t<\/div>\n\t\t<div class=\"elementor-element elementor-element-e9b03ed e-con-full card e-flex elementor-invisible e-con e-child\" data-id=\"e9b03ed\" data-element_type=\"container\" data-e-type=\"container\" data-settings=\"{&quot;animation&quot;:&quot;fadeInUp&quot;,&quot;animation_delay&quot;:150}\">\n\t\t\t\t<div class=\"elementor-element elementor-element-34cb551 elementor-widget elementor-widget-text-editor\" data-id=\"34cb551\" data-element_type=\"widget\" data-e-type=\"widget\" data-widget_type=\"text-editor.default\">\n\t\t\t\t\t\t\t\t\t<h3><a href=\"https:\/\/code.insmed.com\/de\/verantwortungsvolle-geschaeftstaetigkeit\/wettbewerbs-und-kartellrecht\/\">Wettbewerbs- und Kartellrecht<\/a><\/h3>\t\t\t\t\t\t\t\t<\/div>\n\t\t\t\t<\/div>\n\t\t<div class=\"elementor-element elementor-element-ef22b86 e-con-full card e-flex elementor-invisible e-con e-child\" data-id=\"ef22b86\" data-element_type=\"container\" data-e-type=\"container\" data-settings=\"{&quot;animation&quot;:&quot;fadeInUp&quot;,&quot;animation_delay&quot;:150}\">\n\t\t\t\t<div class=\"elementor-element elementor-element-872a8ab elementor-widget elementor-widget-text-editor\" data-id=\"872a8ab\" data-element_type=\"widget\" data-e-type=\"widget\" data-widget_type=\"text-editor.default\">\n\t\t\t\t\t\t\t\t\t<h3><a href=\"https:\/\/code.insmed.com\/de\/verantwortungsvolle-geschaeftstaetigkeit\/handelskontrollen\/\">Handelskontrollen<\/a><\/h3>\t\t\t\t\t\t\t\t<\/div>\n\t\t\t\t<\/div>\n\t\t<div class=\"elementor-element elementor-element-2eac1e8 e-con-full card e-flex elementor-invisible e-con e-child\" data-id=\"2eac1e8\" data-element_type=\"container\" data-e-type=\"container\" data-settings=\"{&quot;animation&quot;:&quot;fadeInUp&quot;,&quot;animation_delay&quot;:150}\">\n\t\t\t\t<div class=\"elementor-element elementor-element-85c5ee5 elementor-widget elementor-widget-text-editor\" data-id=\"85c5ee5\" data-element_type=\"widget\" data-e-type=\"widget\" data-widget_type=\"text-editor.default\">\n\t\t\t\t\t\t\t\t\t<h3><a href=\"https:\/\/code.insmed.com\/de\/verantwortungsvolle-geschaeftstaetigkeit\/finanzielle-integritaet-und-aufzeichnungsfuehrung\/\">Finanzielle Integrit\u00e4t und Aufzeichnungsf\u00fchrung<\/a><\/h3>\t\t\t\t\t\t\t\t<\/div>\n\t\t\t\t<\/div>\n\t\t<div class=\"elementor-element elementor-element-8bfa3e4 e-con-full card e-flex elementor-invisible e-con e-child\" data-id=\"8bfa3e4\" data-element_type=\"container\" data-e-type=\"container\" data-settings=\"{&quot;animation&quot;:&quot;fadeInUp&quot;,&quot;animation_delay&quot;:150}\">\n\t\t\t\t<div class=\"elementor-element elementor-element-b45a651 elementor-widget elementor-widget-text-editor\" data-id=\"b45a651\" data-element_type=\"widget\" data-e-type=\"widget\" data-widget_type=\"text-editor.default\">\n\t\t\t\t\t\t\t\t\t<h3><a href=\"https:\/\/code.insmed.com\/de\/verantwortungsvolle-geschaeftstaetigkeit\/cybersicherheit\/\">Cybersicherheit<\/a><\/h3>\t\t\t\t\t\t\t\t<\/div>\n\t\t\t\t<\/div>\n\t\t<div class=\"elementor-element elementor-element-6238f0a e-con-full card e-flex elementor-invisible e-con e-child\" data-id=\"6238f0a\" data-element_type=\"container\" data-e-type=\"container\" data-settings=\"{&quot;animation&quot;:&quot;fadeInUp&quot;,&quot;animation_delay&quot;:150}\">\n\t\t\t\t<div class=\"elementor-element elementor-element-c1b8fc2 elementor-widget elementor-widget-text-editor\" data-id=\"c1b8fc2\" data-element_type=\"widget\" data-e-type=\"widget\" data-widget_type=\"text-editor.default\">\n\t\t\t\t\t\t\t\t\t<h3><a href=\"https:\/\/code.insmed.com\/de\/verantwortungsvolle-geschaeftstaetigkeit\/ki-systeme-und-tools\/\">KI-Systeme und -tools<\/a><\/h3>\t\t\t\t\t\t\t\t<\/div>\n\t\t\t\t<\/div>\n\t\t<div class=\"elementor-element elementor-element-5b7ad96 e-con-full card e-flex elementor-invisible e-con e-child\" data-id=\"5b7ad96\" data-element_type=\"container\" data-e-type=\"container\" data-settings=\"{&quot;animation&quot;:&quot;fadeInUp&quot;,&quot;animation_delay&quot;:150}\">\n\t\t\t\t<div class=\"elementor-element elementor-element-0cd7033 elementor-widget elementor-widget-text-editor\" data-id=\"0cd7033\" data-element_type=\"widget\" data-e-type=\"widget\" data-widget_type=\"text-editor.default\">\n\t\t\t\t\t\t\t\t\t<h3><a href=\"https:\/\/code.insmed.com\/de\/verantwortungsvolle-geschaeftstaetigkeit\/insiderhandel\/\">Insider-Handel<\/a><\/h3>\t\t\t\t\t\t\t\t<\/div>\n\t\t\t\t<\/div>\n\t\t<div class=\"elementor-element elementor-element-fcb86f5 e-con-full card e-flex elementor-invisible e-con e-child\" data-id=\"fcb86f5\" data-element_type=\"container\" data-e-type=\"container\" data-settings=\"{&quot;animation&quot;:&quot;fadeInUp&quot;,&quot;animation_delay&quot;:150}\">\n\t\t\t\t<div class=\"elementor-element elementor-element-b1910a8 elementor-widget elementor-widget-text-editor\" data-id=\"b1910a8\" data-element_type=\"widget\" data-e-type=\"widget\" data-widget_type=\"text-editor.default\">\n\t\t\t\t\t\t\t\t\t<h3><a href=\"https:\/\/code.insmed.com\/de\/verantwortungsvolle-geschaeftstaetigkeit\/geschaeftsbeziehungen-mit-externen-organisationen\/\">Gesch\u00e4ftsbeziehungen mit externen Organisationen<\/a><\/h3>\t\t\t\t\t\t\t\t<\/div>\n\t\t\t\t<\/div>\n\t\t\t\t\t<\/div>\n\t\t\t\t<\/div>\n\t\t\t\t<\/div>\n\t\t","protected":false},"excerpt":{"rendered":"<p>Geistiges Eigentum Wir sind alle f\u00fcr den Schutz unseres geistigen Eigentums (IP) und des geistigen Eigentums anderer verantwortlich, die wir im Rahmen unserer Arbeit lizenzieren Dar\u00fcber hinaus liegt es in unserer Verantwortung, das geistige Eigentum, das sich im Besitz oder unter der Kontrolle Dritter befindet, nicht zweckentfremdet zu verwenden Wie wir das machen Wir schulen [&hellip;]<\/p>\n","protected":false},"author":1,"featured_media":0,"parent":1275,"menu_order":10,"comment_status":"closed","ping_status":"closed","template":"","meta":{"_genesis_hide_title":false,"_genesis_hide_breadcrumbs":false,"_genesis_hide_singular_image":false,"_genesis_hide_footer_widgets":false,"_genesis_custom_body_class":"","_genesis_custom_post_class":"","_genesis_layout":"","footnotes":""},"class_list":{"0":"post-1293","1":"page","2":"type-page","3":"status-publish","5":"entry"},"_links":{"self":[{"href":"https:\/\/code.insmed.com\/de\/wp-json\/wp\/v2\/pages\/1293","targetHints":{"allow":["GET"]}}],"collection":[{"href":"https:\/\/code.insmed.com\/de\/wp-json\/wp\/v2\/pages"}],"about":[{"href":"https:\/\/code.insmed.com\/de\/wp-json\/wp\/v2\/types\/page"}],"author":[{"embeddable":true,"href":"https:\/\/code.insmed.com\/de\/wp-json\/wp\/v2\/users\/1"}],"replies":[{"embeddable":true,"href":"https:\/\/code.insmed.com\/de\/wp-json\/wp\/v2\/comments?post=1293"}],"version-history":[{"count":0,"href":"https:\/\/code.insmed.com\/de\/wp-json\/wp\/v2\/pages\/1293\/revisions"}],"up":[{"embeddable":true,"href":"https:\/\/code.insmed.com\/de\/wp-json\/wp\/v2\/pages\/1275"}],"wp:attachment":[{"href":"https:\/\/code.insmed.com\/de\/wp-json\/wp\/v2\/media?parent=1293"}],"curies":[{"name":"wp","href":"https:\/\/api.w.org\/{rel}","templated":true}]}}