{"id":1295,"date":"2025-08-28T20:58:23","date_gmt":"2025-08-29T00:58:23","guid":{"rendered":"https:\/\/codeofconduct1.wpenginepowered.com\/verantwortungsvolle-geschaeftstaetigkeit\/insiderhandel\/"},"modified":"2025-10-27T12:58:18","modified_gmt":"2025-10-27T16:58:18","slug":"insiderhandel","status":"publish","type":"page","link":"https:\/\/code.insmed.com\/de\/verantwortungsvolle-geschaeftstaetigkeit\/insiderhandel\/","title":{"rendered":"Insiderhandel"},"content":{"rendered":"\t\t<div data-elementor-type=\"wp-page\" data-elementor-id=\"1295\" class=\"elementor elementor-1295 elementor-63\" data-elementor-post-type=\"page\">\n\t\t\t\t<div class=\"elementor-element elementor-element-b351075 subpage-header lightest-gray-row e-flex e-con-boxed e-con e-parent\" data-id=\"b351075\" data-element_type=\"container\" data-e-type=\"container\">\n\t\t\t\t\t<div class=\"e-con-inner\">\n\t\t<div class=\"elementor-element elementor-element-17aa328 e-con-full e-flex e-con e-child\" data-id=\"17aa328\" data-element_type=\"container\" data-e-type=\"container\">\n\t\t\t\t<div class=\"elementor-element elementor-element-ebb4ee9 rainbow-h1 elementor-widget elementor-widget-text-editor\" data-id=\"ebb4ee9\" data-element_type=\"widget\" data-e-type=\"widget\" data-widget_type=\"text-editor.default\">\n\t\t\t\t\t\t\t\t\t<h1 style=\"text-align: center;\">Insiderhandel<\/h1><p style=\"text-align: center;\">Bei Insmed sind die Mitarbeiter verpflichtet, alle Gesetze zum Insiderhandel einzuhalten. Es verst\u00f6\u00dft gegen das Gesetz und stellt einen Versto\u00df gegen die Richtlinie zum Insiderhandel von Insmed dar, wenn Sie:<br>1. Handel mit Wertpapieren von Insmed oder einem unserer Gesch\u00e4ftspartner betreiben, sofern Ihre Entscheidung f\u00fcr den Handel auf wesentlichen nicht \u00f6ffentlichen Informationen beruht oder<br>2. anderen Tipps geben f\u00fcr den Handel auf der Grundlage wesentlicher nicht \u00f6ffentlicher Informationen oder wenn Sie solche Informationen anderweitig zweckentfremden Verst\u00f6\u00dfe gegen die Gesetze zum Insiderhandel k\u00f6nnen schwerwiegende Bu\u00dfgelder und Strafen sowohl f\u00fcr Einzelpersonen als auch f\u00fcr Insmed nach sich ziehen.  <\/p>\t\t\t\t\t\t\t\t<\/div>\n\t\t\t\t<div class=\"elementor-element elementor-element-9bb686c scroll-down-indicator elementor-invisible elementor-widget elementor-widget-html\" data-id=\"9bb686c\" data-element_type=\"widget\" data-e-type=\"widget\" data-settings=\"{&quot;_animation&quot;:&quot;fadeIn&quot;,&quot;_animation_delay&quot;:150}\" data-widget_type=\"html.default\">\n\t\t\t\t\t<i class=\"fa-sharp fa-regular fa-arrow-down-long\"><\/i>\t\t\t\t<\/div>\n\t\t\t\t<\/div>\n\t\t\t\t\t<\/div>\n\t\t\t\t<\/div>\n\t\t<div class=\"elementor-element elementor-element-bc2cfc5 how-we-do-it-row e-flex e-con-boxed e-con e-parent\" data-id=\"bc2cfc5\" data-element_type=\"container\" data-e-type=\"container\">\n\t\t\t\t\t<div class=\"e-con-inner\">\n\t\t<div class=\"elementor-element elementor-element-437367e e-con-full how-we-do-it-list-col e-flex elementor-invisible e-con e-child\" data-id=\"437367e\" data-element_type=\"container\" data-e-type=\"container\" data-settings=\"{&quot;animation&quot;:&quot;fadeIn&quot;,&quot;animation_delay&quot;:150}\">\n\t\t\t\t<div class=\"elementor-element elementor-element-33eb799 elementor-widget elementor-widget-text-editor\" data-id=\"33eb799\" data-element_type=\"widget\" data-e-type=\"widget\" data-widget_type=\"text-editor.default\">\n\t\t\t\t\t\t\t\t\t<h2>Wie wir das machen<\/h2><ul><li>Wir verbieten die Verwendung wesentlicher, nicht \u00f6ffentlicher Informationen zum pers\u00f6nlichen Vorteil oder die Weitergabe dieser Informationen an Dritte, auch an Familienmitglieder.<\/li><li>Wir schulen unsere Mitarbeiter in Bezug auf die Insiderhandelsrichtlinie von Insmed.<\/li><\/ul>\t\t\t\t\t\t\t\t<\/div>\n\t\t\t\t<\/div>\n\t\t<div class=\"elementor-element elementor-element-62f3282 e-con-full how-we-do-it-img-col elementor-hidden-tablet elementor-hidden-mobile e-flex elementor-invisible e-con e-child\" data-id=\"62f3282\" data-element_type=\"container\" data-e-type=\"container\" data-settings=\"{&quot;animation&quot;:&quot;fadeIn&quot;,&quot;animation_delay&quot;:300}\">\n\t\t\t\t<div class=\"elementor-element elementor-element-a37585e rounded-img elementor-widget elementor-widget-image\" data-id=\"a37585e\" data-element_type=\"widget\" data-e-type=\"widget\" data-widget_type=\"image.default\">\n\t\t\t\t\t\t\t\t\t\t\t\t\t\t\t<img fetchpriority=\"high\" decoding=\"async\" width=\"550\" height=\"404\" src=\"https:\/\/code.insmed.com\/wp-content\/uploads\/2025\/09\/250407_INSMED_0328.webp\" class=\"attachment-full size-full wp-image-1294\" alt=\"\" srcset=\"https:\/\/code.insmed.com\/wp-content\/uploads\/2025\/09\/250407_INSMED_0328.webp 550w, https:\/\/code.insmed.com\/wp-content\/uploads\/2025\/09\/250407_INSMED_0328-300x220.webp 300w\" sizes=\"(max-width: 550px) 100vw, 550px\" \/>\t\t\t\t\t\t\t\t\t\t\t\t\t\t\t<\/div>\n\t\t\t\t<\/div>\n\t\t\t\t\t<\/div>\n\t\t\t\t<\/div>\n\t\t<div class=\"elementor-element elementor-element-6617c1a did-you-know-row e-flex e-con-boxed e-con e-parent\" data-id=\"6617c1a\" data-element_type=\"container\" data-e-type=\"container\">\n\t\t\t\t\t<div class=\"e-con-inner\">\n\t\t<div class=\"elementor-element elementor-element-9aaf83d e-con-full callout-card e-flex elementor-invisible e-con e-child\" data-id=\"9aaf83d\" data-element_type=\"container\" data-e-type=\"container\" data-settings=\"{&quot;animation&quot;:&quot;fadeInUp&quot;}\">\n\t\t<div class=\"elementor-element elementor-element-af82eaa e-con-full callout-icon e-flex e-con e-child\" data-id=\"af82eaa\" data-element_type=\"container\" data-e-type=\"container\">\n\t\t\t\t<div class=\"elementor-element elementor-element-033e746 elementor-widget elementor-widget-image\" data-id=\"033e746\" data-element_type=\"widget\" data-e-type=\"widget\" data-widget_type=\"image.default\">\n\t\t\t\t\t\t\t\t\t\t\t\t\t\t\t<img decoding=\"async\" width=\"40\" height=\"40\" src=\"https:\/\/code.insmed.com\/wp-content\/uploads\/2025\/09\/did-you-know-icon.svg\" class=\"attachment-full size-full wp-image-1171\" alt=\"\" \/>\t\t\t\t\t\t\t\t\t\t\t\t\t\t\t<\/div>\n\t\t\t\t<\/div>\n\t\t<div class=\"elementor-element elementor-element-bd1d722 e-con-full callout-header e-flex e-con e-child\" data-id=\"bd1d722\" data-element_type=\"container\" data-e-type=\"container\">\n\t\t\t\t<div class=\"elementor-element elementor-element-9b75564 elementor-widget elementor-widget-text-editor\" data-id=\"9b75564\" data-element_type=\"widget\" data-e-type=\"widget\" data-widget_type=\"text-editor.default\">\n\t\t\t\t\t\t\t\t\t<h2>Wussten Sie, dass&#8230;<\/h2>\t\t\t\t\t\t\t\t<\/div>\n\t\t\t\t<\/div>\n\t\t<div class=\"elementor-element elementor-element-5c2ab6f e-con-full callout-body e-flex e-con e-child\" data-id=\"5c2ab6f\" data-element_type=\"container\" data-e-type=\"container\">\n\t\t\t\t<div class=\"elementor-element elementor-element-ad679ad elementor-widget elementor-widget-text-editor\" data-id=\"ad679ad\" data-element_type=\"widget\" data-e-type=\"widget\" data-widget_type=\"text-editor.default\">\n\t\t\t\t\t\t\t\t\t<p>Informationen gelten als wesentlich, wenn eine erhebliche Wahrscheinlichkeit besteht, dass ein umsichtiger Investor sie bei seiner Entscheidung \u00fcber den Kauf, das Halten oder den Verkauf von Wertpapieren als wichtig erachten w\u00fcrde, oder wenn die Tatsachen vom umsichtigen Investor als wesentlich f\u00fcr die \u201eGesamtheit\u201c angesehen worden w\u00e4ren Mischung\u201c der zur Verf\u00fcgung gestellten Informationen. Sowohl positive als auch negative Informationen k\u00f6nnen wesentlich sein. Wesentliche Informationen sind \u201enicht \u00f6ffentlich\u201c, wenn sie nicht allgemein bekannt oder der \u00d6ffentlichkeit zug\u00e4nglich sind Zu den Kategorien von Informationen, die besonders vertraulich sind und bei denen eine begr\u00fcndete Wahrscheinlichkeit besteht, dass sie als wesentlich betrachtet werden, geh\u00f6ren:   <\/p><ul><li>Quartals- oder Jahresabschlussinformationen und Anleitung<\/li><li>Bedeutsame Entwicklungen in Bezug auf Produkte oder Produktkandidaten, einschlie\u00dflich bedeutsamer Ergebnisse klinischer Studien oder regulatorischer Entwicklungen<\/li><li>Ver\u00e4nderungen in der Gesch\u00e4ftsf\u00fchrung<\/li><li>Neue strategische Ausrichtung f\u00fcr Insmed<\/li><li>Nachrichten \u00fcber eine Fusion oder \u00dcbernahme oder Finanzierungsereignisse<\/li><\/ul>\t\t\t\t\t\t\t\t<\/div>\n\t\t\t\t<\/div>\n\t\t\t\t<\/div>\n\t\t\t\t\t<\/div>\n\t\t\t\t<\/div>\n\t\t<div class=\"elementor-element elementor-element-952f9d0 lightest-gray-row reporting-row e-flex e-con-boxed e-con e-parent\" data-id=\"952f9d0\" data-element_type=\"container\" data-e-type=\"container\">\n\t\t\t\t\t<div class=\"e-con-inner\">\n\t\t<div class=\"elementor-element elementor-element-c06e314 e-con-full e-flex e-con e-child\" data-id=\"c06e314\" data-element_type=\"container\" data-e-type=\"container\">\n\t\t<div class=\"elementor-element elementor-element-03e31ea e-con-full callout-icon e-flex elementor-invisible e-con e-child\" data-id=\"03e31ea\" data-element_type=\"container\" data-e-type=\"container\" data-settings=\"{&quot;animation_delay&quot;:300,&quot;animation&quot;:&quot;fadeInUp&quot;}\">\n\t\t\t\t<div class=\"elementor-element elementor-element-8ca7cc9 elementor-widget elementor-widget-image\" data-id=\"8ca7cc9\" data-element_type=\"widget\" data-e-type=\"widget\" data-widget_type=\"image.default\">\n\t\t\t\t\t\t\t\t\t\t\t\t\t\t\t<img decoding=\"async\" width=\"16\" height=\"42\" src=\"https:\/\/code.insmed.com\/wp-content\/uploads\/2025\/09\/reporting-icon.svg\" class=\"attachment-full size-full wp-image-1172\" alt=\"\" \/>\t\t\t\t\t\t\t\t\t\t\t\t\t\t\t<\/div>\n\t\t\t\t<\/div>\n\t\t\t\t<\/div>\n\t\t<div class=\"elementor-element elementor-element-b2d99a7 e-con-full e-flex e-con e-child\" data-id=\"b2d99a7\" data-element_type=\"container\" data-e-type=\"container\">\n\t\t\t\t<div class=\"elementor-element elementor-element-07338a7 large-text elementor-invisible elementor-widget elementor-widget-text-editor\" data-id=\"07338a7\" data-element_type=\"widget\" data-e-type=\"widget\" data-settings=\"{&quot;_animation&quot;:&quot;fadeInUp&quot;}\" data-widget_type=\"text-editor.default\">\n\t\t\t\t\t\t\t\t\t<p>Wenn Sie Fragen oder Bedenken haben, lesen Sie bitte die Richtlinie zum Insiderhandel oder wenden Sie sich an ein Mitglied der Rechtsabteilung.<\/p>\t\t\t\t\t\t\t\t<\/div>\n\t\t\t\t<\/div>\n\t\t\t\t\t<\/div>\n\t\t\t\t<\/div>\n\t\t<div class=\"elementor-element elementor-element-1d54ba6 continue-exploring-row dark-violet-row e-flex e-con-boxed e-con e-parent\" data-id=\"1d54ba6\" data-element_type=\"container\" data-e-type=\"container\">\n\t\t\t\t\t<div class=\"e-con-inner\">\n\t\t<div class=\"elementor-element elementor-element-f6c906d e-con-full continue-exploring-header e-flex elementor-invisible e-con e-child\" data-id=\"f6c906d\" data-element_type=\"container\" data-e-type=\"container\" data-settings=\"{&quot;animation&quot;:&quot;fadeInUp&quot;}\">\n\t\t\t\t<div class=\"elementor-element elementor-element-bf91bca elementor-widget elementor-widget-text-editor\" data-id=\"bf91bca\" data-element_type=\"widget\" data-e-type=\"widget\" data-widget_type=\"text-editor.default\">\n\t\t\t\t\t\t\t\t\t<p>Erkunden Sie weiter<\/p><h2>Verantwortungsvolle Gesch\u00e4ftst\u00e4tigkeit<\/h2>\t\t\t\t\t\t\t\t<\/div>\n\t\t\t\t<\/div>\n\t\t<div class=\"elementor-element elementor-element-e6e3855 e-con-full card e-flex elementor-invisible e-con e-child\" data-id=\"e6e3855\" data-element_type=\"container\" data-e-type=\"container\" data-settings=\"{&quot;animation&quot;:&quot;fadeInUp&quot;}\">\n\t\t\t\t<div class=\"elementor-element elementor-element-6fcb566 elementor-widget elementor-widget-text-editor\" data-id=\"6fcb566\" data-element_type=\"widget\" data-e-type=\"widget\" data-widget_type=\"text-editor.default\">\n\t\t\t\t\t\t\t\t\t<h3><a href=\"https:\/\/code.insmed.com\/de\/verantwortungsvolle-geschaeftstaetigkeit\/verhinderung-von-korruption\/\">Verhinderung von Korruption<\/a><\/h3>\t\t\t\t\t\t\t\t<\/div>\n\t\t\t\t<\/div>\n\t\t<div class=\"elementor-element elementor-element-def84aa e-con-full card e-flex elementor-invisible e-con e-child\" data-id=\"def84aa\" data-element_type=\"container\" data-e-type=\"container\" data-settings=\"{&quot;animation&quot;:&quot;fadeInUp&quot;,&quot;animation_delay&quot;:150}\">\n\t\t\t\t<div class=\"elementor-element elementor-element-b014c80 elementor-widget elementor-widget-text-editor\" data-id=\"b014c80\" data-element_type=\"widget\" data-e-type=\"widget\" data-widget_type=\"text-editor.default\">\n\t\t\t\t\t\t\t\t\t<h3><a href=\"https:\/\/code.insmed.com\/de\/verantwortungsvolle-geschaeftstaetigkeit\/wettbewerbs-und-kartellrecht\/\">Wettbewerbs- und Kartellrecht<\/a><\/h3>\t\t\t\t\t\t\t\t<\/div>\n\t\t\t\t<\/div>\n\t\t<div class=\"elementor-element elementor-element-5d73806 e-con-full card e-flex elementor-invisible e-con e-child\" data-id=\"5d73806\" data-element_type=\"container\" data-e-type=\"container\" data-settings=\"{&quot;animation&quot;:&quot;fadeInUp&quot;,&quot;animation_delay&quot;:150}\">\n\t\t\t\t<div class=\"elementor-element elementor-element-4294475 elementor-widget elementor-widget-text-editor\" data-id=\"4294475\" data-element_type=\"widget\" data-e-type=\"widget\" data-widget_type=\"text-editor.default\">\n\t\t\t\t\t\t\t\t\t<h3><a href=\"https:\/\/code.insmed.com\/de\/verantwortungsvolle-geschaeftstaetigkeit\/handelskontrollen\/\">Handelskontrollen<\/a><\/h3>\t\t\t\t\t\t\t\t<\/div>\n\t\t\t\t<\/div>\n\t\t<div class=\"elementor-element elementor-element-73847ad e-con-full card e-flex elementor-invisible e-con e-child\" data-id=\"73847ad\" data-element_type=\"container\" data-e-type=\"container\" data-settings=\"{&quot;animation&quot;:&quot;fadeInUp&quot;,&quot;animation_delay&quot;:150}\">\n\t\t\t\t<div class=\"elementor-element elementor-element-a1b0252 elementor-widget elementor-widget-text-editor\" data-id=\"a1b0252\" data-element_type=\"widget\" data-e-type=\"widget\" data-widget_type=\"text-editor.default\">\n\t\t\t\t\t\t\t\t\t<h3><a href=\"https:\/\/code.insmed.com\/de\/verantwortungsvolle-geschaeftstaetigkeit\/finanzielle-integritaet-und-aufzeichnungsfuehrung\/\">Finanzielle Integrit\u00e4t und Aufzeichnungsf\u00fchrung<\/a><\/h3>\t\t\t\t\t\t\t\t<\/div>\n\t\t\t\t<\/div>\n\t\t<div class=\"elementor-element elementor-element-833f72a e-con-full card e-flex elementor-invisible e-con e-child\" data-id=\"833f72a\" data-element_type=\"container\" data-e-type=\"container\" data-settings=\"{&quot;animation&quot;:&quot;fadeInUp&quot;,&quot;animation_delay&quot;:150}\">\n\t\t\t\t<div class=\"elementor-element elementor-element-8a6ceb2 elementor-widget elementor-widget-text-editor\" data-id=\"8a6ceb2\" data-element_type=\"widget\" data-e-type=\"widget\" data-widget_type=\"text-editor.default\">\n\t\t\t\t\t\t\t\t\t<h3><a href=\"https:\/\/code.insmed.com\/de\/verantwortungsvolle-geschaeftstaetigkeit\/cybersicherheit\/\">Cybersicherheit<\/a><\/h3>\t\t\t\t\t\t\t\t<\/div>\n\t\t\t\t<\/div>\n\t\t<div class=\"elementor-element elementor-element-96c9237 e-con-full card e-flex elementor-invisible e-con e-child\" data-id=\"96c9237\" data-element_type=\"container\" data-e-type=\"container\" data-settings=\"{&quot;animation&quot;:&quot;fadeInUp&quot;,&quot;animation_delay&quot;:150}\">\n\t\t\t\t<div class=\"elementor-element elementor-element-5fd7a68 elementor-widget elementor-widget-text-editor\" data-id=\"5fd7a68\" data-element_type=\"widget\" data-e-type=\"widget\" data-widget_type=\"text-editor.default\">\n\t\t\t\t\t\t\t\t\t<h3><a href=\"https:\/\/code.insmed.com\/de\/verantwortungsvolle-geschaeftstaetigkeit\/ki-systeme-und-tools\/\">KI-Systeme und -tools<\/a><\/h3>\t\t\t\t\t\t\t\t<\/div>\n\t\t\t\t<\/div>\n\t\t<div class=\"elementor-element elementor-element-13581db e-con-full card e-flex elementor-invisible e-con e-child\" data-id=\"13581db\" data-element_type=\"container\" data-e-type=\"container\" data-settings=\"{&quot;animation&quot;:&quot;fadeInUp&quot;,&quot;animation_delay&quot;:150}\">\n\t\t\t\t<div class=\"elementor-element elementor-element-39c15ee elementor-widget elementor-widget-text-editor\" data-id=\"39c15ee\" data-element_type=\"widget\" data-e-type=\"widget\" data-widget_type=\"text-editor.default\">\n\t\t\t\t\t\t\t\t\t<h3><a href=\"https:\/\/code.insmed.com\/de\/verantwortungsvolle-geschaeftstaetigkeit\/geistiges-eigentum\/\"> Geistiges Eigentum <\/a><\/h3>\t\t\t\t\t\t\t\t<\/div>\n\t\t\t\t<\/div>\n\t\t<div class=\"elementor-element elementor-element-4fda9b9 e-con-full card e-flex elementor-invisible e-con e-child\" data-id=\"4fda9b9\" data-element_type=\"container\" data-e-type=\"container\" data-settings=\"{&quot;animation&quot;:&quot;fadeInUp&quot;,&quot;animation_delay&quot;:150}\">\n\t\t\t\t<div class=\"elementor-element elementor-element-1ffb584 elementor-widget elementor-widget-text-editor\" data-id=\"1ffb584\" data-element_type=\"widget\" data-e-type=\"widget\" data-widget_type=\"text-editor.default\">\n\t\t\t\t\t\t\t\t\t<h3><a href=\"https:\/\/code.insmed.com\/de\/verantwortungsvolle-geschaeftstaetigkeit\/geschaeftsbeziehungen-mit-externen-organisationen\/\">Gesch\u00e4ftsbeziehungen mit externen Organisationen<\/a><\/h3>\t\t\t\t\t\t\t\t<\/div>\n\t\t\t\t<\/div>\n\t\t\t\t\t<\/div>\n\t\t\t\t<\/div>\n\t\t\t\t<\/div>\n\t\t","protected":false},"excerpt":{"rendered":"<p>Insiderhandel Bei Insmed sind die Mitarbeiter verpflichtet, alle Gesetze zum Insiderhandel einzuhalten. Es verst\u00f6\u00dft gegen das Gesetz und stellt einen Versto\u00df gegen die Richtlinie zum Insiderhandel von Insmed dar, wenn Sie:1. Handel mit Wertpapieren von Insmed oder einem unserer Gesch\u00e4ftspartner betreiben, sofern Ihre Entscheidung f\u00fcr den Handel auf wesentlichen nicht \u00f6ffentlichen Informationen beruht oder2. anderen [&hellip;]<\/p>\n","protected":false},"author":1,"featured_media":0,"parent":1275,"menu_order":10,"comment_status":"closed","ping_status":"closed","template":"","meta":{"_genesis_hide_title":false,"_genesis_hide_breadcrumbs":false,"_genesis_hide_singular_image":false,"_genesis_hide_footer_widgets":false,"_genesis_custom_body_class":"","_genesis_custom_post_class":"","_genesis_layout":"","footnotes":""},"class_list":{"0":"post-1295","1":"page","2":"type-page","3":"status-publish","5":"entry"},"_links":{"self":[{"href":"https:\/\/code.insmed.com\/de\/wp-json\/wp\/v2\/pages\/1295","targetHints":{"allow":["GET"]}}],"collection":[{"href":"https:\/\/code.insmed.com\/de\/wp-json\/wp\/v2\/pages"}],"about":[{"href":"https:\/\/code.insmed.com\/de\/wp-json\/wp\/v2\/types\/page"}],"author":[{"embeddable":true,"href":"https:\/\/code.insmed.com\/de\/wp-json\/wp\/v2\/users\/1"}],"replies":[{"embeddable":true,"href":"https:\/\/code.insmed.com\/de\/wp-json\/wp\/v2\/comments?post=1295"}],"version-history":[{"count":0,"href":"https:\/\/code.insmed.com\/de\/wp-json\/wp\/v2\/pages\/1295\/revisions"}],"up":[{"embeddable":true,"href":"https:\/\/code.insmed.com\/de\/wp-json\/wp\/v2\/pages\/1275"}],"wp:attachment":[{"href":"https:\/\/code.insmed.com\/de\/wp-json\/wp\/v2\/media?parent=1295"}],"curies":[{"name":"wp","href":"https:\/\/api.w.org\/{rel}","templated":true}]}}