{"id":1297,"date":"2025-08-28T20:58:23","date_gmt":"2025-08-29T00:58:23","guid":{"rendered":"https:\/\/codeofconduct1.wpenginepowered.com\/verantwortungsvolle-geschaeftstaetigkeit\/geschaeftsbeziehungen-mit-externen-organisationen\/"},"modified":"2025-10-24T17:04:45","modified_gmt":"2025-10-24T21:04:45","slug":"geschaeftsbeziehungen-mit-externen-organisationen","status":"publish","type":"page","link":"https:\/\/code.insmed.com\/de\/verantwortungsvolle-geschaeftstaetigkeit\/geschaeftsbeziehungen-mit-externen-organisationen\/","title":{"rendered":"Beauftragungen vonexternen Organisationen"},"content":{"rendered":"\t\t<div data-elementor-type=\"wp-page\" data-elementor-id=\"1297\" class=\"elementor elementor-1297 elementor-65\" data-elementor-post-type=\"page\">\n\t\t\t\t<div class=\"elementor-element elementor-element-173150c subpage-header lightest-gray-row e-flex e-con-boxed e-con e-parent\" data-id=\"173150c\" data-element_type=\"container\" data-e-type=\"container\">\n\t\t\t\t\t<div class=\"e-con-inner\">\n\t\t<div class=\"elementor-element elementor-element-d4472e0 e-con-full e-flex e-con e-child\" data-id=\"d4472e0\" data-element_type=\"container\" data-e-type=\"container\">\n\t\t\t\t<div class=\"elementor-element elementor-element-8d0da69 rainbow-h1 elementor-widget elementor-widget-text-editor\" data-id=\"8d0da69\" data-element_type=\"widget\" data-e-type=\"widget\" data-widget_type=\"text-editor.default\">\n\t\t\t\t\t\t\t\t\t<h1 style=\"text-align: center;\">Gesch\u00e4ftsbeziehungen mit externen Organisationen<\/h1><p style=\"text-align: center;\">Um das Leben der Patienten, die wir betreuen, zu verbessern, arbeitet Insmed h\u00e4ufig mit externen Organisationen zusammen , die unserer Mission und Werte teilen, und unterst\u00fctzt diese Dazu geh\u00f6ren Organisationen wie Patientenvertretungsgruppen (Patient Advocacy Groups, PAGs), medizinische Gesellschaften und Institutionen, die wichtige Ressourcen f\u00fcr medizinische Fachkr\u00e4fte und Patienten sein k\u00f6nnen <\/p><p style=\"text-align: center;\">Die enge Zusammenarbeit mit solchen Gruppen erm\u00f6glicht es uns, die Wissenschaft voranzutreiben und m\u00f6glicherweise Informationen auszutauschen und zusammenzuarbeiten, wie wir Patienten am besten unterst\u00fctzen k\u00f6nnen Wir m\u00fcssen bei diesen Beauftragungen jedoch so vorgehen, dass deutlich wird, dass wir nicht erwarten, durch unsere Unterst\u00fctzung einen unfairen Gesch\u00e4ftsvorteil zu erlangen oder auch nur den Anschein eines unfairen Gesch\u00e4ftsvorteils zu erwecken <\/p>\t\t\t\t\t\t\t\t<\/div>\n\t\t\t\t<div class=\"elementor-element elementor-element-004beab scroll-down-indicator elementor-invisible elementor-widget elementor-widget-html\" data-id=\"004beab\" data-element_type=\"widget\" data-e-type=\"widget\" data-settings=\"{&quot;_animation&quot;:&quot;fadeIn&quot;,&quot;_animation_delay&quot;:150}\" data-widget_type=\"html.default\">\n\t\t\t\t\t<i class=\"fa-sharp fa-regular fa-arrow-down-long\"><\/i>\t\t\t\t<\/div>\n\t\t\t\t<\/div>\n\t\t\t\t\t<\/div>\n\t\t\t\t<\/div>\n\t\t<div class=\"elementor-element elementor-element-f2606f2 how-we-do-it-row e-flex e-con-boxed e-con e-parent\" data-id=\"f2606f2\" data-element_type=\"container\" data-e-type=\"container\">\n\t\t\t\t\t<div class=\"e-con-inner\">\n\t\t<div class=\"elementor-element elementor-element-0e0df33 e-con-full how-we-do-it-list-col e-flex elementor-invisible e-con e-child\" data-id=\"0e0df33\" data-element_type=\"container\" data-e-type=\"container\" data-settings=\"{&quot;animation&quot;:&quot;fadeIn&quot;,&quot;animation_delay&quot;:150}\">\n\t\t\t\t<div class=\"elementor-element elementor-element-bad1768 elementor-widget elementor-widget-text-editor\" data-id=\"bad1768\" data-element_type=\"widget\" data-e-type=\"widget\" data-widget_type=\"text-editor.default\">\n\t\t\t\t\t\t\t\t\t<h2>Wie wir das machen<\/h2><ul><li>Wir befolgen alle Richtlinien und Verfahren bei der Vergabe von Finanzierungen, wie z. B. extern gesponserte Forschung, Zusch\u00fcsse zu medizinischen Fortbildungen und wohlt\u00e4tige Spenden<\/li><li>Wir versprechen niemals eine Finanzierung und beraten oder beeinflussen eine Einzelperson, Gruppe oder ein Unternehmen, das eine Finanzierung beantragt<\/li><li>Wir missbrauchen unsere Beziehungen niemals, um unsere Produkte zu bewerben oder die Handlungen einer Gruppe zu beeinflussen<\/li><li>Wir befolgen alle Richtlinien und Verfahren bei der Interaktion mit PAGs, Patienten, Pr\u00fcf\u00e4rzten, medizinischen Gesellschaften und Institutionen.<\/li><\/ul>\t\t\t\t\t\t\t\t<\/div>\n\t\t\t\t<\/div>\n\t\t<div class=\"elementor-element elementor-element-be952e1 e-con-full how-we-do-it-img-col elementor-hidden-tablet elementor-hidden-mobile e-flex elementor-invisible e-con e-child\" data-id=\"be952e1\" data-element_type=\"container\" data-e-type=\"container\" data-settings=\"{&quot;animation&quot;:&quot;fadeIn&quot;,&quot;animation_delay&quot;:300}\">\n\t\t\t\t<div class=\"elementor-element elementor-element-82173f0 rounded-img elementor-widget elementor-widget-image\" data-id=\"82173f0\" data-element_type=\"widget\" data-e-type=\"widget\" data-widget_type=\"image.default\">\n\t\t\t\t\t\t\t\t\t\t\t\t\t\t\t<img fetchpriority=\"high\" decoding=\"async\" width=\"550\" height=\"640\" src=\"https:\/\/code.insmed.com\/wp-content\/uploads\/2025\/10\/1_Jenga_Images.webp\" class=\"attachment-full size-full wp-image-1296\" alt=\"\" srcset=\"https:\/\/code.insmed.com\/wp-content\/uploads\/2025\/10\/1_Jenga_Images.webp 550w, https:\/\/code.insmed.com\/wp-content\/uploads\/2025\/10\/1_Jenga_Images-258x300.webp 258w\" sizes=\"(max-width: 550px) 100vw, 550px\" \/>\t\t\t\t\t\t\t\t\t\t\t\t\t\t\t<\/div>\n\t\t\t\t<\/div>\n\t\t\t\t\t<\/div>\n\t\t\t\t<\/div>\n\t\t<div class=\"elementor-element elementor-element-e64ae80 continue-exploring-row dark-violet-row e-flex e-con-boxed e-con e-parent\" data-id=\"e64ae80\" data-element_type=\"container\" data-e-type=\"container\">\n\t\t\t\t\t<div class=\"e-con-inner\">\n\t\t<div class=\"elementor-element elementor-element-95817d6 e-con-full continue-exploring-header e-flex elementor-invisible e-con e-child\" data-id=\"95817d6\" data-element_type=\"container\" data-e-type=\"container\" data-settings=\"{&quot;animation&quot;:&quot;fadeInUp&quot;}\">\n\t\t\t\t<div class=\"elementor-element elementor-element-10ab90c elementor-widget elementor-widget-text-editor\" data-id=\"10ab90c\" data-element_type=\"widget\" data-e-type=\"widget\" data-widget_type=\"text-editor.default\">\n\t\t\t\t\t\t\t\t\t<p>Erkunden Sie weiter<\/p><h2>Verantwortungsvolle Gesch\u00e4ftst\u00e4tigkeit<\/h2>\t\t\t\t\t\t\t\t<\/div>\n\t\t\t\t<\/div>\n\t\t<div class=\"elementor-element elementor-element-1b26013 e-con-full card e-flex elementor-invisible e-con e-child\" data-id=\"1b26013\" data-element_type=\"container\" data-e-type=\"container\" data-settings=\"{&quot;animation&quot;:&quot;fadeInUp&quot;}\">\n\t\t\t\t<div class=\"elementor-element elementor-element-6b6988c elementor-widget elementor-widget-text-editor\" data-id=\"6b6988c\" data-element_type=\"widget\" data-e-type=\"widget\" data-widget_type=\"text-editor.default\">\n\t\t\t\t\t\t\t\t\t<h3><a href=\"https:\/\/code.insmed.com\/de\/verantwortungsvolle-geschaeftstaetigkeit\/verhinderung-von-korruption\/\">Verhinderung von Korruption<\/a><\/h3>\t\t\t\t\t\t\t\t<\/div>\n\t\t\t\t<\/div>\n\t\t<div class=\"elementor-element elementor-element-7b28421 e-con-full card e-flex elementor-invisible e-con e-child\" data-id=\"7b28421\" data-element_type=\"container\" data-e-type=\"container\" data-settings=\"{&quot;animation&quot;:&quot;fadeInUp&quot;,&quot;animation_delay&quot;:150}\">\n\t\t\t\t<div class=\"elementor-element elementor-element-f6ab5fc elementor-widget elementor-widget-text-editor\" data-id=\"f6ab5fc\" data-element_type=\"widget\" data-e-type=\"widget\" data-widget_type=\"text-editor.default\">\n\t\t\t\t\t\t\t\t\t<h3><a href=\"https:\/\/code.insmed.com\/de\/verantwortungsvolle-geschaeftstaetigkeit\/wettbewerbs-und-kartellrecht\/\">Wettbewerbs- und Kartellrecht<\/a><\/h3>\t\t\t\t\t\t\t\t<\/div>\n\t\t\t\t<\/div>\n\t\t<div class=\"elementor-element elementor-element-781117e e-con-full card e-flex elementor-invisible e-con e-child\" data-id=\"781117e\" data-element_type=\"container\" data-e-type=\"container\" data-settings=\"{&quot;animation&quot;:&quot;fadeInUp&quot;,&quot;animation_delay&quot;:150}\">\n\t\t\t\t<div class=\"elementor-element elementor-element-08dba50 elementor-widget elementor-widget-text-editor\" data-id=\"08dba50\" data-element_type=\"widget\" data-e-type=\"widget\" data-widget_type=\"text-editor.default\">\n\t\t\t\t\t\t\t\t\t<h3><a href=\"https:\/\/code.insmed.com\/de\/verantwortungsvolle-geschaeftstaetigkeit\/handelskontrollen\/\">Handelskontrollen<\/a><\/h3>\t\t\t\t\t\t\t\t<\/div>\n\t\t\t\t<\/div>\n\t\t<div class=\"elementor-element elementor-element-204438a e-con-full card e-flex elementor-invisible e-con e-child\" data-id=\"204438a\" data-element_type=\"container\" data-e-type=\"container\" data-settings=\"{&quot;animation&quot;:&quot;fadeInUp&quot;,&quot;animation_delay&quot;:150}\">\n\t\t\t\t<div class=\"elementor-element elementor-element-32aeec3 elementor-widget elementor-widget-text-editor\" data-id=\"32aeec3\" data-element_type=\"widget\" data-e-type=\"widget\" data-widget_type=\"text-editor.default\">\n\t\t\t\t\t\t\t\t\t<h3><a href=\"https:\/\/code.insmed.com\/de\/verantwortungsvolle-geschaeftstaetigkeit\/finanzielle-integritaet-und-aufzeichnungsfuehrung\/\">Finanzielle Integrit\u00e4t und Aufzeichnungsf\u00fchrung<\/a><\/h3>\t\t\t\t\t\t\t\t<\/div>\n\t\t\t\t<\/div>\n\t\t<div class=\"elementor-element elementor-element-4f5decb e-con-full card e-flex elementor-invisible e-con e-child\" data-id=\"4f5decb\" data-element_type=\"container\" data-e-type=\"container\" data-settings=\"{&quot;animation&quot;:&quot;fadeInUp&quot;,&quot;animation_delay&quot;:150}\">\n\t\t\t\t<div class=\"elementor-element elementor-element-be91ac7 elementor-widget elementor-widget-text-editor\" data-id=\"be91ac7\" data-element_type=\"widget\" data-e-type=\"widget\" data-widget_type=\"text-editor.default\">\n\t\t\t\t\t\t\t\t\t<h3><a href=\"https:\/\/code.insmed.com\/de\/verantwortungsvolle-geschaeftstaetigkeit\/cybersicherheit\/\">Cybersicherheit<\/a><\/h3>\t\t\t\t\t\t\t\t<\/div>\n\t\t\t\t<\/div>\n\t\t<div class=\"elementor-element elementor-element-b397f9a e-con-full card e-flex elementor-invisible e-con e-child\" data-id=\"b397f9a\" data-element_type=\"container\" data-e-type=\"container\" data-settings=\"{&quot;animation&quot;:&quot;fadeInUp&quot;,&quot;animation_delay&quot;:150}\">\n\t\t\t\t<div class=\"elementor-element elementor-element-a3bb795 elementor-widget elementor-widget-text-editor\" data-id=\"a3bb795\" data-element_type=\"widget\" data-e-type=\"widget\" data-widget_type=\"text-editor.default\">\n\t\t\t\t\t\t\t\t\t<h3><a href=\"https:\/\/code.insmed.com\/de\/verantwortungsvolle-geschaeftstaetigkeit\/ki-systeme-und-tools\/\">KI-Systeme und -tools<\/a><\/h3>\t\t\t\t\t\t\t\t<\/div>\n\t\t\t\t<\/div>\n\t\t<div class=\"elementor-element elementor-element-3568024 e-con-full card e-flex elementor-invisible e-con e-child\" data-id=\"3568024\" data-element_type=\"container\" data-e-type=\"container\" data-settings=\"{&quot;animation&quot;:&quot;fadeInUp&quot;,&quot;animation_delay&quot;:150}\">\n\t\t\t\t<div class=\"elementor-element elementor-element-b8380c5 elementor-widget elementor-widget-text-editor\" data-id=\"b8380c5\" data-element_type=\"widget\" data-e-type=\"widget\" data-widget_type=\"text-editor.default\">\n\t\t\t\t\t\t\t\t\t<h3><a href=\"https:\/\/code.insmed.com\/de\/verantwortungsvolle-geschaeftstaetigkeit\/geistiges-eigentum\/\"> Geistiges Eigentum <\/a><\/h3>\t\t\t\t\t\t\t\t<\/div>\n\t\t\t\t<\/div>\n\t\t<div class=\"elementor-element elementor-element-7b575be e-con-full card e-flex elementor-invisible e-con e-child\" data-id=\"7b575be\" data-element_type=\"container\" data-e-type=\"container\" data-settings=\"{&quot;animation&quot;:&quot;fadeInUp&quot;,&quot;animation_delay&quot;:150}\">\n\t\t\t\t<div class=\"elementor-element elementor-element-cafa341 elementor-widget elementor-widget-text-editor\" data-id=\"cafa341\" data-element_type=\"widget\" data-e-type=\"widget\" data-widget_type=\"text-editor.default\">\n\t\t\t\t\t\t\t\t\t<h3><a href=\"https:\/\/code.insmed.com\/de\/verantwortungsvolle-geschaeftstaetigkeit\/insiderhandel\/\">Insiderhandel<\/a><\/h3>\t\t\t\t\t\t\t\t<\/div>\n\t\t\t\t<\/div>\n\t\t\t\t\t<\/div>\n\t\t\t\t<\/div>\n\t\t\t\t<\/div>\n\t\t","protected":false},"excerpt":{"rendered":"<p>Gesch\u00e4ftsbeziehungen mit externen Organisationen Um das Leben der Patienten, die wir betreuen, zu verbessern, arbeitet Insmed h\u00e4ufig mit externen Organisationen zusammen , die unserer Mission und Werte teilen, und unterst\u00fctzt diese Dazu geh\u00f6ren Organisationen wie Patientenvertretungsgruppen (Patient Advocacy Groups, PAGs), medizinische Gesellschaften und Institutionen, die wichtige Ressourcen f\u00fcr medizinische Fachkr\u00e4fte und Patienten sein k\u00f6nnen Die [&hellip;]<\/p>\n","protected":false},"author":1,"featured_media":0,"parent":1275,"menu_order":10,"comment_status":"closed","ping_status":"closed","template":"","meta":{"_genesis_hide_title":false,"_genesis_hide_breadcrumbs":false,"_genesis_hide_singular_image":false,"_genesis_hide_footer_widgets":false,"_genesis_custom_body_class":"","_genesis_custom_post_class":"","_genesis_layout":"","footnotes":""},"class_list":{"0":"post-1297","1":"page","2":"type-page","3":"status-publish","5":"entry"},"_links":{"self":[{"href":"https:\/\/code.insmed.com\/de\/wp-json\/wp\/v2\/pages\/1297","targetHints":{"allow":["GET"]}}],"collection":[{"href":"https:\/\/code.insmed.com\/de\/wp-json\/wp\/v2\/pages"}],"about":[{"href":"https:\/\/code.insmed.com\/de\/wp-json\/wp\/v2\/types\/page"}],"author":[{"embeddable":true,"href":"https:\/\/code.insmed.com\/de\/wp-json\/wp\/v2\/users\/1"}],"replies":[{"embeddable":true,"href":"https:\/\/code.insmed.com\/de\/wp-json\/wp\/v2\/comments?post=1297"}],"version-history":[{"count":0,"href":"https:\/\/code.insmed.com\/de\/wp-json\/wp\/v2\/pages\/1297\/revisions"}],"up":[{"embeddable":true,"href":"https:\/\/code.insmed.com\/de\/wp-json\/wp\/v2\/pages\/1275"}],"wp:attachment":[{"href":"https:\/\/code.insmed.com\/de\/wp-json\/wp\/v2\/media?parent=1297"}],"curies":[{"name":"wp","href":"https:\/\/api.w.org\/{rel}","templated":true}]}}