{"id":922,"date":"2025-08-28T20:58:23","date_gmt":"2025-08-29T00:58:23","guid":{"rendered":"https:\/\/codeofconduct1.wpenginepowered.com\/hero\/"},"modified":"2025-10-27T11:33:58","modified_gmt":"2025-10-27T15:33:58","slug":"hero","status":"publish","type":"page","link":"https:\/\/code.insmed.com\/de\/","title":{"rendered":"Hero"},"content":{"rendered":"\t\t<div data-elementor-type=\"wp-page\" data-elementor-id=\"922\" class=\"elementor elementor-922 elementor-13\" data-elementor-post-type=\"page\">\n\t\t\t\t<div class=\"elementor-element elementor-element-4d72f95 hero-row e-flex e-con-boxed e-con e-parent\" data-id=\"4d72f95\" data-element_type=\"container\" data-e-type=\"container\" data-settings=\"{&quot;background_background&quot;:&quot;classic&quot;}\">\n\t\t\t\t\t<div class=\"e-con-inner\">\n\t\t<div class=\"elementor-element elementor-element-d87d74c e-con-full card e-flex elementor-invisible e-con e-child\" data-id=\"d87d74c\" data-element_type=\"container\" data-e-type=\"container\" data-settings=\"{&quot;animation&quot;:&quot;fadeInUp&quot;}\">\n\t\t\t\t<div class=\"elementor-element elementor-element-54ddcce rainbow-h2 large-h2 elementor-widget elementor-widget-text-editor\" data-id=\"54ddcce\" data-element_type=\"widget\" data-e-type=\"widget\" data-widget_type=\"text-editor.default\">\n\t\t\t\t\t\t\t\t\t<p>Kodex f\u00fcr Gesch\u00e4ftsverhalten und Ethik<\/p><h2>Wir sind dabei. F\u00fcr Integrit\u00e4t. <\/h2><p>Der Kodex ist unser Kompass f\u00fcr eine integre Gesch\u00e4ftst\u00e4tigkeit, wenn wir unsere Mission verfolgen, das Leben von Patienten mit schweren und seltenen Krankheiten zu verbessern<\/p>\t\t\t\t\t\t\t\t<\/div>\n\t\t\t\t<\/div>\n\t\t\t\t\t<\/div>\n\t\t\t\t<\/div>\n\t\t<div class=\"elementor-element elementor-element-dbe4536 e-flex e-con-boxed e-con e-parent\" data-id=\"dbe4536\" data-element_type=\"container\" data-e-type=\"container\">\n\t\t\t\t\t<div class=\"e-con-inner\">\n\t\t<div class=\"elementor-element elementor-element-0a6710c e-con-full e-flex elementor-invisible e-con e-child\" data-id=\"0a6710c\" data-element_type=\"container\" data-e-type=\"container\" data-settings=\"{&quot;animation&quot;:&quot;fadeInUp&quot;}\">\n\t\t\t\t<div class=\"elementor-element elementor-element-53514b5 elementor-widget elementor-widget-text-editor\" data-id=\"53514b5\" data-element_type=\"widget\" data-e-type=\"widget\" data-widget_type=\"text-editor.default\">\n\t\t\t\t\t\t\t\t\t<h2>Erkunden Sie den Kodex<\/h2><p>Unser Kodex veranlasst uns, immer die richtigen Entscheidungen zu treffen. Er enth\u00e4lt Leitlinien, die uns helfen, die Gesetze, Vorschriften und Branchenkodizes einzuhalten, die f\u00fcr unsere Gesch\u00e4ftst\u00e4tigkeit gelten<\/p><p><a class=\"text-link\" href=\"https:\/\/code.insmed.com\/de\/einfuehrung-in-den-kodex\/\">Erhalten Sie eine Einf\u00fchrung in den Kodex<\/a><\/p>\t\t\t\t\t\t\t\t<\/div>\n\t\t\t\t<\/div>\n\t\t<div class=\"elementor-element elementor-element-910b3c3 e-con-full card e-flex elementor-invisible e-con e-child\" data-id=\"910b3c3\" data-element_type=\"container\" data-e-type=\"container\" data-settings=\"{&quot;animation&quot;:&quot;fadeInUp&quot;}\">\n\t\t\t\t<div class=\"elementor-element elementor-element-8dd5eb1 elementor-widget elementor-widget-image\" data-id=\"8dd5eb1\" data-element_type=\"widget\" data-e-type=\"widget\" data-widget_type=\"image.default\">\n\t\t\t\t\t\t\t\t\t\t\t\t\t\t\t<img decoding=\"async\" width=\"57\" height=\"42\" src=\"https:\/\/code.insmed.com\/wp-content\/uploads\/2025\/09\/promise-to-patients-icon.svg\" class=\"attachment-full size-full wp-image-879\" alt=\"\" \/>\t\t\t\t\t\t\t\t\t\t\t\t\t\t\t<\/div>\n\t\t\t\t<div class=\"elementor-element elementor-element-f1a4db7 elementor-widget elementor-widget-text-editor\" data-id=\"f1a4db7\" data-element_type=\"widget\" data-e-type=\"widget\" data-widget_type=\"text-editor.default\">\n\t\t\t\t\t\t\t\t\t<h3>Unser Versprechen an die Patienten<\/h3><p>Die Gesundheit und Sicherheit der Patienten stehen f\u00fcr uns an erster Stelle. Wir stellen sicher, dass unser Handeln ihr Wohlergehen f\u00f6rdert und Vertrauen aufbaut.<\/p>\t\t\t\t\t\t\t\t<\/div>\n\t\t\t\t<div class=\"elementor-element elementor-element-d52fd04 elementor-widget elementor-widget-text-editor\" data-id=\"d52fd04\" data-element_type=\"widget\" data-e-type=\"widget\" data-widget_type=\"text-editor.default\">\n\t\t\t\t\t\t\t\t\t<p><a class=\"text-link\" href=\"https:\/\/code.insmed.com\/de\/unser-versprechen-an-patienten\/\">Erfahren Sie mehr<\/a><\/p>\t\t\t\t\t\t\t\t<\/div>\n\t\t\t\t<\/div>\n\t\t<div class=\"elementor-element elementor-element-e88bfe6 e-con-full card e-flex elementor-invisible e-con e-child\" data-id=\"e88bfe6\" data-element_type=\"container\" data-e-type=\"container\" data-settings=\"{&quot;animation&quot;:&quot;fadeInUp&quot;,&quot;animation_delay&quot;:150}\">\n\t\t\t\t<div class=\"elementor-element elementor-element-0c5306c elementor-widget elementor-widget-image\" data-id=\"0c5306c\" data-element_type=\"widget\" data-e-type=\"widget\" data-widget_type=\"image.default\">\n\t\t\t\t\t\t\t\t\t\t\t\t\t\t\t<img decoding=\"async\" width=\"45\" height=\"40\" src=\"https:\/\/code.insmed.com\/wp-content\/uploads\/2025\/09\/trust-transparency-icon.svg\" class=\"attachment-full size-full wp-image-880\" alt=\"\" \/>\t\t\t\t\t\t\t\t\t\t\t\t\t\t\t<\/div>\n\t\t\t\t<div class=\"elementor-element elementor-element-697a211 elementor-widget elementor-widget-text-editor\" data-id=\"697a211\" data-element_type=\"widget\" data-e-type=\"widget\" data-widget_type=\"text-editor.default\">\n\t\t\t\t\t\t\t\t\t<h3>Vertrauen und Transparenz bei medizinischen Fachkr\u00e4ften<\/h3><p>Wir stellen medizinischen Fachkr\u00e4ften korrekte Informationen zur Verf\u00fcgung, damit sie die besten Entscheidungen treffen k\u00f6nnen<\/p>\t\t\t\t\t\t\t\t<\/div>\n\t\t\t\t<div class=\"elementor-element elementor-element-e1f1ed0 elementor-widget elementor-widget-text-editor\" data-id=\"e1f1ed0\" data-element_type=\"widget\" data-e-type=\"widget\" data-widget_type=\"text-editor.default\">\n\t\t\t\t\t\t\t\t\t<p><a class=\"text-link\" href=\"https:\/\/code.insmed.com\/de\/vertrauen-und-transparenz-gegenueber-medizinischen-fachkraeften\/\">Erfahren Sie mehr<\/a><\/p>\t\t\t\t\t\t\t\t<\/div>\n\t\t\t\t<\/div>\n\t\t<div class=\"elementor-element elementor-element-83f65ed e-con-full card e-flex elementor-invisible e-con e-child\" data-id=\"83f65ed\" data-element_type=\"container\" data-e-type=\"container\" data-settings=\"{&quot;animation&quot;:&quot;fadeInUp&quot;}\">\n\t\t\t\t<div class=\"elementor-element elementor-element-c5beb9d elementor-widget elementor-widget-image\" data-id=\"c5beb9d\" data-element_type=\"widget\" data-e-type=\"widget\" data-widget_type=\"image.default\">\n\t\t\t\t\t\t\t\t\t\t\t\t\t\t\t<img decoding=\"async\" width=\"41\" height=\"40\" src=\"https:\/\/code.insmed.com\/wp-content\/uploads\/2025\/09\/people-culture-icon.svg\" class=\"attachment-full size-full wp-image-881\" alt=\"\" \/>\t\t\t\t\t\t\t\t\t\t\t\t\t\t\t<\/div>\n\t\t\t\t<div class=\"elementor-element elementor-element-24e4d0c elementor-widget elementor-widget-text-editor\" data-id=\"24e4d0c\" data-element_type=\"widget\" data-e-type=\"widget\" data-widget_type=\"text-editor.default\">\n\t\t\t\t\t\t\t\t\t<h3>Unsere Mitarbeiter und Kultur<\/h3><p>Wir f\u00f6rdern einen integrativen, sicheren Arbeitsplatz, an dem von jedem erwartet wird, dass er f\u00fcreinander und f\u00fcr die Gemeinschaft r\u00fccksichtsvoll handelt<\/p>\t\t\t\t\t\t\t\t<\/div>\n\t\t\t\t<div class=\"elementor-element elementor-element-bd4328b elementor-widget elementor-widget-text-editor\" data-id=\"bd4328b\" data-element_type=\"widget\" data-e-type=\"widget\" data-widget_type=\"text-editor.default\">\n\t\t\t\t\t\t\t\t\t<p><a class=\"text-link\" href=\"https:\/\/code.insmed.com\/de\/unsere-mitarbeiter-und-kultur\/\">Erfahren Sie mehr<\/a><\/p>\t\t\t\t\t\t\t\t<\/div>\n\t\t\t\t<\/div>\n\t\t<div class=\"elementor-element elementor-element-ecbcaa9 e-con-full card e-flex elementor-invisible e-con e-child\" data-id=\"ecbcaa9\" data-element_type=\"container\" data-e-type=\"container\" data-settings=\"{&quot;animation&quot;:&quot;fadeInUp&quot;,&quot;animation_delay&quot;:150}\">\n\t\t\t\t<div class=\"elementor-element elementor-element-b456443 elementor-widget elementor-widget-image\" data-id=\"b456443\" data-element_type=\"widget\" data-e-type=\"widget\" data-widget_type=\"image.default\">\n\t\t\t\t\t\t\t\t\t\t\t\t\t\t\t<img loading=\"lazy\" decoding=\"async\" width=\"57\" height=\"42\" src=\"https:\/\/code.insmed.com\/wp-content\/uploads\/2025\/09\/responsible-business-operations-icon.svg\" class=\"attachment-full size-full wp-image-882\" alt=\"\" \/>\t\t\t\t\t\t\t\t\t\t\t\t\t\t\t<\/div>\n\t\t\t\t<div class=\"elementor-element elementor-element-db4c590 elementor-widget elementor-widget-text-editor\" data-id=\"db4c590\" data-element_type=\"widget\" data-e-type=\"widget\" data-widget_type=\"text-editor.default\">\n\t\t\t\t\t\t\t\t\t<h3>Verantwortungsvolle Gesch\u00e4ftst\u00e4tigkeit<\/h3><p>Wir handeln integer, um sicherzustellen, dass wir mit Patienten, HCPs und anderen Stakeholdern korrekt umgehen<\/p>\t\t\t\t\t\t\t\t<\/div>\n\t\t\t\t<div class=\"elementor-element elementor-element-47bc5c5 elementor-widget elementor-widget-text-editor\" data-id=\"47bc5c5\" data-element_type=\"widget\" data-e-type=\"widget\" data-widget_type=\"text-editor.default\">\n\t\t\t\t\t\t\t\t\t<p><a class=\"text-link\" href=\"https:\/\/code.insmed.com\/de\/verantwortungsvolle-geschaeftstaetigkeit\/\">Erfahren Sie mehr<\/a><\/p>\t\t\t\t\t\t\t\t<\/div>\n\t\t\t\t<\/div>\n\t\t\t\t\t<\/div>\n\t\t\t\t<\/div>\n\t\t<div class=\"elementor-element elementor-element-3eb499e lightest-gray-row e-flex e-con-boxed e-con e-parent\" data-id=\"3eb499e\" data-element_type=\"container\" data-e-type=\"container\">\n\t\t\t\t\t<div class=\"e-con-inner\">\n\t\t<div class=\"elementor-element elementor-element-426f0b2 e-con-full e-flex elementor-invisible e-con e-child\" data-id=\"426f0b2\" data-element_type=\"container\" data-e-type=\"container\" data-settings=\"{&quot;animation&quot;:&quot;fadeInUp&quot;}\">\n\t\t\t\t<div class=\"elementor-element elementor-element-7083d6e rainbow-h2 large-h2 elementor-widget elementor-widget-text-editor\" data-id=\"7083d6e\" data-element_type=\"widget\" data-e-type=\"widget\" data-widget_type=\"text-editor.default\">\n\t\t\t\t\t\t\t\t\t<h2>Bereit f\u00fcr Momente, die wichtig sind.<\/h2><p>Wir verlassen uns auf unsere Werte und Leitprinzipien, um unsere Kultur aufrechtzuerhalten, zu definieren, wer wir sind, und unser Versprechen an Patienten einzul\u00f6sen<\/p>\t\t\t\t\t\t\t\t<\/div>\n\t\t\t\t<\/div>\n\t\t<div class=\"elementor-element elementor-element-38aeb51 e-con-full e-flex e-con e-child\" data-id=\"38aeb51\" data-element_type=\"container\" data-e-type=\"container\">\n\t\t\t\t<div class=\"elementor-element elementor-element-4fcffa7 rounded-img elementor-invisible elementor-widget elementor-widget-image\" data-id=\"4fcffa7\" data-element_type=\"widget\" data-e-type=\"widget\" data-settings=\"{&quot;_animation&quot;:&quot;fadeIn&quot;,&quot;_animation_delay&quot;:150}\" data-widget_type=\"image.default\">\n\t\t\t\t\t\t\t\t\t\t\t\t\t\t\t<img loading=\"lazy\" decoding=\"async\" width=\"1100\" height=\"500\" src=\"https:\/\/code.insmed.com\/wp-content\/uploads\/2025\/09\/mvv-img.webp\" class=\"attachment-full size-full wp-image-883\" alt=\"\" srcset=\"https:\/\/code.insmed.com\/wp-content\/uploads\/2025\/09\/mvv-img.webp 1100w, https:\/\/code.insmed.com\/wp-content\/uploads\/2025\/09\/mvv-img-300x136.webp 300w, https:\/\/code.insmed.com\/wp-content\/uploads\/2025\/09\/mvv-img-1024x465.webp 1024w, https:\/\/code.insmed.com\/wp-content\/uploads\/2025\/09\/mvv-img-768x349.webp 768w\" sizes=\"(max-width: 1100px) 100vw, 1100px\" \/>\t\t\t\t\t\t\t\t\t\t\t\t\t\t\t<\/div>\n\t\t\t\t<div class=\"elementor-element elementor-element-2b3a4ba indented-text-col elementor-invisible elementor-widget elementor-widget-text-editor\" data-id=\"2b3a4ba\" data-element_type=\"widget\" data-e-type=\"widget\" data-settings=\"{&quot;_animation&quot;:&quot;fadeInUp&quot;}\" data-widget_type=\"text-editor.default\">\n\t\t\t\t\t\t\t\t\t<h3>Mission, Vision und Werte<\/h3><p>Wir bei Insmed glauben, dass Erfolg nicht nur dadurch definiert wird, was wir erreichen, sondern auch dadurch, wie wir es erreichen Unsere Mission und Vision geben unsere Richtung vor, und unsere Werte helfen uns, die richtigen Entscheidungen zu treffen \u2013 f\u00fcr einander, f\u00fcr unsere Patienten und f\u00fcr die Gesellschaft<\/p><p><a class=\"text-link\" href=\"https:\/\/code.insmed.com\/de\/wer-wir-sind\/\/#mission-vision\">Erfahren Sie mehr \u00fcber unsere Mission, Vision und Werte<\/a><\/p>\t\t\t\t\t\t\t\t<\/div>\n\t\t\t\t<\/div>\n\t\t<div class=\"elementor-element elementor-element-fe3aa0c e-con-full e-flex e-con e-child\" data-id=\"fe3aa0c\" data-element_type=\"container\" data-e-type=\"container\">\n\t\t\t\t<div class=\"elementor-element elementor-element-4001db3 rounded-img elementor-invisible elementor-widget elementor-widget-image\" data-id=\"4001db3\" data-element_type=\"widget\" data-e-type=\"widget\" data-settings=\"{&quot;_animation&quot;:&quot;fadeIn&quot;,&quot;_animation_delay&quot;:300}\" data-widget_type=\"image.default\">\n\t\t\t\t\t\t\t\t\t\t\t\t\t\t\t<img loading=\"lazy\" decoding=\"async\" width=\"1100\" height=\"500\" src=\"https:\/\/code.insmed.com\/wp-content\/uploads\/2025\/09\/gp-img.webp\" class=\"attachment-full size-full wp-image-884\" alt=\"\" srcset=\"https:\/\/code.insmed.com\/wp-content\/uploads\/2025\/09\/gp-img.webp 1100w, https:\/\/code.insmed.com\/wp-content\/uploads\/2025\/09\/gp-img-300x136.webp 300w, https:\/\/code.insmed.com\/wp-content\/uploads\/2025\/09\/gp-img-1024x465.webp 1024w, https:\/\/code.insmed.com\/wp-content\/uploads\/2025\/09\/gp-img-768x349.webp 768w\" sizes=\"(max-width: 1100px) 100vw, 1100px\" \/>\t\t\t\t\t\t\t\t\t\t\t\t\t\t\t<\/div>\n\t\t\t\t<div class=\"elementor-element elementor-element-5bf909c indented-text-col elementor-invisible elementor-widget elementor-widget-text-editor\" data-id=\"5bf909c\" data-element_type=\"widget\" data-e-type=\"widget\" data-settings=\"{&quot;_animation&quot;:&quot;fadeInUp&quot;,&quot;_animation_delay&quot;:150}\" data-widget_type=\"text-editor.default\">\n\t\t\t\t\t\t\t\t\t<h3>Unsere To-Be-Liste<\/h3><p>Unsere To-Be-Liste, die auf unseren Werten basiert, ist ein praktischer Leitfaden, der unser Verhalten und unsere Entscheidungen best\u00e4tigt Von t\u00e4glichen Interaktionen bis hin zu gr\u00f6\u00dferen Herausforderungen helfen uns diese Leitprinzipien, auf einer Linie zu bleiben, uns gegenseitig zu unterst\u00fctzen und unser Bestes f\u00fcr die Patienten zu geben, die auf uns z\u00e4hlen<\/p><p><a class=\"text-link\" href=\"https:\/\/code.insmed.com\/de\/wer-wir-sind\/\/#to-be-list\">Erfahren Sie mehr \u00fcber unsere To-Be-Liste<\/a><\/p>\t\t\t\t\t\t\t\t<\/div>\n\t\t\t\t<\/div>\n\t\t\t\t\t<\/div>\n\t\t\t\t<\/div>\n\t\t<div class=\"elementor-element elementor-element-8212576 e-flex e-con-boxed e-con e-parent\" data-id=\"8212576\" data-element_type=\"container\" data-e-type=\"container\">\n\t\t\t\t\t<div class=\"e-con-inner\">\n\t\t<div class=\"elementor-element elementor-element-9b0a715 e-con-full e-flex elementor-invisible e-con e-child\" data-id=\"9b0a715\" data-element_type=\"container\" data-e-type=\"container\" data-settings=\"{&quot;animation&quot;:&quot;fadeInUp&quot;}\">\n\t\t\t\t<div class=\"elementor-element elementor-element-2d6f937 elementor-widget elementor-widget-text-editor\" data-id=\"2d6f937\" data-element_type=\"widget\" data-e-type=\"widget\" data-widget_type=\"text-editor.default\">\n\t\t\t\t\t\t\t\t\t<h2>Eine Nachricht unseres VorstandsVorsitzenden und CEO<\/h2>\t\t\t\t\t\t\t\t<\/div>\n\t\t\t\t<\/div>\n\t\t<div class=\"elementor-element elementor-element-40ebb03 e-con-full elementor-hidden-tablet elementor-hidden-mobile e-flex e-con e-child\" data-id=\"40ebb03\" data-element_type=\"container\" data-e-type=\"container\">\n\t\t\t\t<\/div>\n\t\t<div class=\"elementor-element elementor-element-1422f81 e-con-full e-flex e-con e-child\" data-id=\"1422f81\" data-element_type=\"container\" data-e-type=\"container\">\n\t\t\t\t<div class=\"elementor-element elementor-element-5a61190 rounded-img elementor-hidden-tablet elementor-hidden-mobile elementor-invisible elementor-widget elementor-widget-image\" data-id=\"5a61190\" data-element_type=\"widget\" data-e-type=\"widget\" data-settings=\"{&quot;_animation&quot;:&quot;fadeIn&quot;,&quot;_animation_delay&quot;:150}\" data-widget_type=\"image.default\">\n\t\t\t\t\t\t\t\t\t\t\t\t\t\t\t<img loading=\"lazy\" decoding=\"async\" width=\"708\" height=\"1392\" src=\"https:\/\/code.insmed.com\/wp-content\/uploads\/2025\/09\/will.webp\" class=\"attachment-full size-full wp-image-885\" alt=\"\" srcset=\"https:\/\/code.insmed.com\/wp-content\/uploads\/2025\/09\/will.webp 708w, https:\/\/code.insmed.com\/wp-content\/uploads\/2025\/09\/will-153x300.webp 153w, https:\/\/code.insmed.com\/wp-content\/uploads\/2025\/09\/will-521x1024.webp 521w\" sizes=\"(max-width: 708px) 100vw, 708px\" \/>\t\t\t\t\t\t\t\t\t\t\t\t\t\t\t<\/div>\n\t\t\t\t<div class=\"elementor-element elementor-element-1e5b88b rounded-img elementor-hidden-desktop elementor-invisible elementor-widget elementor-widget-image\" data-id=\"1e5b88b\" data-element_type=\"widget\" data-e-type=\"widget\" data-settings=\"{&quot;_animation&quot;:&quot;fadeIn&quot;,&quot;_animation_delay&quot;:150}\" data-widget_type=\"image.default\">\n\t\t\t\t\t\t\t\t\t\t\t\t\t\t\t<img loading=\"lazy\" decoding=\"async\" width=\"1100\" height=\"700\" src=\"https:\/\/code.insmed.com\/wp-content\/uploads\/2025\/09\/will-mobile.webp\" class=\"attachment-full size-full wp-image-886\" alt=\"\" srcset=\"https:\/\/code.insmed.com\/wp-content\/uploads\/2025\/09\/will-mobile.webp 1100w, https:\/\/code.insmed.com\/wp-content\/uploads\/2025\/09\/will-mobile-300x191.webp 300w, https:\/\/code.insmed.com\/wp-content\/uploads\/2025\/09\/will-mobile-1024x652.webp 1024w, https:\/\/code.insmed.com\/wp-content\/uploads\/2025\/09\/will-mobile-768x489.webp 768w\" sizes=\"(max-width: 1100px) 100vw, 1100px\" \/>\t\t\t\t\t\t\t\t\t\t\t\t\t\t\t<\/div>\n\t\t\t\t<\/div>\n\t\t<div class=\"elementor-element elementor-element-5f33156 e-con-full e-flex e-con e-child\" data-id=\"5f33156\" data-element_type=\"container\" data-e-type=\"container\">\n\t\t\t\t<div class=\"elementor-element elementor-element-ed0caa7 elementor-invisible elementor-widget elementor-widget-text-editor\" data-id=\"ed0caa7\" data-element_type=\"widget\" data-e-type=\"widget\" data-settings=\"{&quot;_animation&quot;:&quot;fadeInUp&quot;}\" data-widget_type=\"text-editor.default\">\n\t\t\t\t\t\t\t\t\t<p>Wir bei Insmed glauben, dass es f\u00fcr die Verwirklichung unserer ehrgeizigen Vision genauso wichtig ist, wie wir dies tun wie das, was wir tun Jeder von uns spielt eine Rolle bei der Ver\u00e4nderung des Lebens der Patienten, und jeder von uns ist daf\u00fcr verantwortlich, wie wir auftreten und unsere Gesch\u00e4fte f\u00fchren Die Werte und Leitprinzipien, die wir als Organisation entwickelt haben, bilden den Rahmen f\u00fcr unsere Arbeitsweise, der in dem Gedanken verankert ist, dass wir uns immer so verhalten m\u00fcssen, als ob jedes Gespr\u00e4ch mit einem Patienten stattfindet  <\/p><p>Insmed w\u00e4chst rasant, und mit dem Wachstum gehen auch Komplexit\u00e4t und Risiko einher. Unsere F\u00fchrungskr\u00e4fte und der Vorstand verpflichten sich, diese Risiken auf Unternehmensebene zu steuern und jedem von Ihnen die Tools und Ressourcen zur Verf\u00fcgung zu stellen, die Sie ben\u00f6tigen, um bei Ihrer t\u00e4glichen Arbeit die richtigen Entscheidungen zu treffen Unser Kodex legt die Grundlage f\u00fcr unser Handeln und ist eine entscheidende Ressource, die Ihnen hilft, gesch\u00e4ftliche Entscheidungen auf der Grundlage von Integrit\u00e4t zu treffen  <\/p><p>W\u00e4hrend wir diese au\u00dfergew\u00f6hnlichen Zeit in der Geschichte unseres Unternehmens erleben, glaube ich, dass das Wichtigste f\u00fcr Patienten ist, dass wir, aufrichtig und authentisch in unseren Bestrebungen sind und dass wir uns verpflichten auf ethisch korrekte Weise erfolgreich zu sein. Ich m\u00f6chte Sie dazu ermutigen, sich mit dem Kodex vertraut zu machen, ihn h\u00e4ufig zu lesen und ihn bei Ihrer Arbeit zu ber\u00fccksichtigen Unsere F\u00e4higkeit, Patienten, die auf uns z\u00e4hlen, dringend ben\u00f6tigte Medikamente zur Verf\u00fcgung zu stellen, h\u00e4ngt von diesem Engagement ab  <\/p>\t\t\t\t\t\t\t\t<\/div>\n\t\t<div class=\"elementor-element elementor-element-b7061a7 e-con-full quote-sig-wrap e-flex e-con e-child\" data-id=\"b7061a7\" data-element_type=\"container\" data-e-type=\"container\">\n\t\t<div class=\"elementor-element elementor-element-5020466 e-con-full card quote-card e-flex elementor-invisible e-con e-child\" data-id=\"5020466\" data-element_type=\"container\" data-e-type=\"container\" data-settings=\"{&quot;animation&quot;:&quot;fadeInUp&quot;,&quot;animation_delay&quot;:150}\">\n\t\t\t\t<div class=\"elementor-element elementor-element-9bcf4b6 elementor-widget elementor-widget-text-editor\" data-id=\"9bcf4b6\" data-element_type=\"widget\" data-e-type=\"widget\" data-widget_type=\"text-editor.default\">\n\t\t\t\t\t\t\t\t\t<p>\u201eDie Werte und Leitprinzipien, die wir als Organisation entwickelt haben, bilden den Rahmen f\u00fcr unsere Arbeitsweise, der in dem Gedanken verankert ist, dass wir uns immer so verhalten m\u00fcssen, als ob ein Patient in jedes Gespr\u00e4ch einbezogen w\u00fcrde<\/p>\t\t\t\t\t\t\t\t<\/div>\n\t\t\t\t<\/div>\n\t\t<div class=\"elementor-element elementor-element-ce1afe5 e-con-full e-flex elementor-invisible e-con e-child\" data-id=\"ce1afe5\" data-element_type=\"container\" data-e-type=\"container\" data-settings=\"{&quot;animation&quot;:&quot;fadeInUp&quot;}\">\n\t\t\t\t<div class=\"elementor-element elementor-element-321425f elementor-widget elementor-widget-image\" data-id=\"321425f\" data-element_type=\"widget\" data-e-type=\"widget\" data-widget_type=\"image.default\">\n\t\t\t\t\t\t\t\t\t\t\t\t\t\t\t<img loading=\"lazy\" decoding=\"async\" width=\"590\" height=\"174\" src=\"https:\/\/code.insmed.com\/wp-content\/uploads\/2025\/09\/will_lewis_ceo_signature.webp\" class=\"attachment-full size-full wp-image-887\" alt=\"\" srcset=\"https:\/\/code.insmed.com\/wp-content\/uploads\/2025\/09\/will_lewis_ceo_signature.webp 590w, https:\/\/code.insmed.com\/wp-content\/uploads\/2025\/09\/will_lewis_ceo_signature-300x88.webp 300w\" sizes=\"(max-width: 590px) 100vw, 590px\" \/>\t\t\t\t\t\t\t\t\t\t\t\t\t\t\t<\/div>\n\t\t\t\t<div class=\"elementor-element elementor-element-4a77e1c elementor-widget elementor-widget-text-editor\" data-id=\"4a77e1c\" data-element_type=\"widget\" data-e-type=\"widget\" data-widget_type=\"text-editor.default\">\n\t\t\t\t\t\t\t\t\t<p><strong>Will Lewis<\/strong><br>Chair and CEO<\/p>\t\t\t\t\t\t\t\t<\/div>\n\t\t\t\t<\/div>\n\t\t\t\t<\/div>\n\t\t\t\t<\/div>\n\t\t\t\t\t<\/div>\n\t\t\t\t<\/div>\n\t\t<div class=\"elementor-element elementor-element-28ecb02 dark-violet-row vyv-row e-flex e-con-boxed e-con e-parent\" data-id=\"28ecb02\" data-element_type=\"container\" data-e-type=\"container\">\n\t\t\t\t\t<div class=\"e-con-inner\">\n\t\t<div class=\"elementor-element elementor-element-1245bbf e-con-full e-flex elementor-invisible e-con e-child\" data-id=\"1245bbf\" data-element_type=\"container\" data-e-type=\"container\" data-settings=\"{&quot;animation&quot;:&quot;fadeInUp&quot;}\">\n\t\t\t\t<div class=\"elementor-element elementor-element-ff81b8b elementor-widget elementor-widget-image\" data-id=\"ff81b8b\" data-element_type=\"widget\" data-e-type=\"widget\" data-widget_type=\"image.default\">\n\t\t\t\t\t\t\t\t\t\t\t\t\t\t\t<img decoding=\"async\" src=\"https:\/\/code.insmed.com\/wp-content\/uploads\/2025\/09\/vov-white.svg\" class=\"attachment-full size-full wp-image-888\" alt=\"Voice Our Values\" \/>\t\t\t\t\t\t\t\t\t\t\t\t\t\t\t<\/div>\n\t\t\t\t<\/div>\n\t\t<div class=\"elementor-element elementor-element-d0472d7 e-con-full e-flex elementor-invisible e-con e-child\" data-id=\"d0472d7\" data-element_type=\"container\" data-e-type=\"container\" data-settings=\"{&quot;animation&quot;:&quot;fadeInUp&quot;,&quot;animation_delay&quot;:150}\">\n\t\t\t\t<div class=\"elementor-element elementor-element-709000a elementor-widget elementor-widget-text-editor\" data-id=\"709000a\" data-element_type=\"widget\" data-e-type=\"widget\" data-widget_type=\"text-editor.default\">\n\t\t\t\t\t\t\t\t\t<p>Unser globales Speak-up-Programm hilft Ihnen, die Werte und die Kultur von Insmed zu verteidigen und zu sch\u00fctzen, indem Sie Ihre Stimme nutzen Insmed verfolgt einen Ansatz der offenen T\u00fcr, und ermutigt Sie, sich zu melden, wenn Sie etwas sehen, das nicht im Einklang mit unserer Kultur und unseren Werten ist.<\/p><p><a class=\"text-link\" href=\"https:\/\/code.insmed.com\/de\/bringen-sie-unsere-werte-zum-ausdruck\/\">Erfahren Sie, wie Sie unsere Werte zum Ausdruck bringen<\/a><\/p>\t\t\t\t\t\t\t\t<\/div>\n\t\t\t\t<\/div>\n\t\t\t\t\t<\/div>\n\t\t\t\t<\/div>\n\t\t\t\t<\/div>\n\t\t","protected":false},"excerpt":{"rendered":"<p>Kodex f\u00fcr Gesch\u00e4ftsverhalten und Ethik Wir sind dabei. F\u00fcr Integrit\u00e4t. Der Kodex ist unser Kompass f\u00fcr eine integre Gesch\u00e4ftst\u00e4tigkeit, wenn wir unsere Mission verfolgen, das Leben von Patienten mit schweren und seltenen Krankheiten zu verbessern Erkunden Sie den Kodex Unser Kodex veranlasst uns, immer die richtigen Entscheidungen zu treffen. Er enth\u00e4lt Leitlinien, die uns helfen, [&hellip;]<\/p>\n","protected":false},"author":1,"featured_media":889,"parent":0,"menu_order":10,"comment_status":"closed","ping_status":"closed","template":"","meta":{"_genesis_hide_title":false,"_genesis_hide_breadcrumbs":false,"_genesis_hide_singular_image":false,"_genesis_hide_footer_widgets":false,"_genesis_custom_body_class":"","_genesis_custom_post_class":"","_genesis_layout":"","footnotes":""},"class_list":{"0":"post-922","1":"page","2":"type-page","3":"status-publish","4":"has-post-thumbnail","6":"entry"},"_links":{"self":[{"href":"https:\/\/code.insmed.com\/de\/wp-json\/wp\/v2\/pages\/922","targetHints":{"allow":["GET"]}}],"collection":[{"href":"https:\/\/code.insmed.com\/de\/wp-json\/wp\/v2\/pages"}],"about":[{"href":"https:\/\/code.insmed.com\/de\/wp-json\/wp\/v2\/types\/page"}],"author":[{"embeddable":true,"href":"https:\/\/code.insmed.com\/de\/wp-json\/wp\/v2\/users\/1"}],"replies":[{"embeddable":true,"href":"https:\/\/code.insmed.com\/de\/wp-json\/wp\/v2\/comments?post=922"}],"version-history":[{"count":0,"href":"https:\/\/code.insmed.com\/de\/wp-json\/wp\/v2\/pages\/922\/revisions"}],"wp:featuredmedia":[{"embeddable":true,"href":"https:\/\/code.insmed.com\/de\/wp-json\/wp\/v2\/media\/889"}],"wp:attachment":[{"href":"https:\/\/code.insmed.com\/de\/wp-json\/wp\/v2\/media?parent=922"}],"curies":[{"name":"wp","href":"https:\/\/api.w.org\/{rel}","templated":true}]}}