{"id":763,"date":"2025-08-28T20:58:23","date_gmt":"2025-08-29T00:58:23","guid":{"rendered":"https:\/\/codeofconduct1.wpenginepowered.com\/home\/"},"modified":"2025-10-27T14:35:16","modified_gmt":"2025-10-27T18:35:16","slug":"home","status":"publish","type":"page","link":"https:\/\/code.insmed.com\/fr\/","title":{"rendered":"Home"},"content":{"rendered":"\t\t<div data-elementor-type=\"wp-page\" data-elementor-id=\"763\" class=\"elementor elementor-763 elementor-13\" data-elementor-post-type=\"page\">\n\t\t\t\t<div class=\"elementor-element elementor-element-4d72f95 hero-row e-flex e-con-boxed e-con e-parent\" data-id=\"4d72f95\" data-element_type=\"container\" data-e-type=\"container\" data-settings=\"{&quot;background_background&quot;:&quot;classic&quot;}\">\n\t\t\t\t\t<div class=\"e-con-inner\">\n\t\t<div class=\"elementor-element elementor-element-d87d74c e-con-full card e-flex elementor-invisible e-con e-child\" data-id=\"d87d74c\" data-element_type=\"container\" data-e-type=\"container\" data-settings=\"{&quot;animation&quot;:&quot;fadeInUp&quot;}\">\n\t\t\t\t<div class=\"elementor-element elementor-element-54ddcce rainbow-h2 large-h2 elementor-widget elementor-widget-text-editor\" data-id=\"54ddcce\" data-element_type=\"widget\" data-e-type=\"widget\" data-widget_type=\"text-editor.default\">\n\t\t\t\t\t\t\t\t\t<p>Code d\u2019\u00e9thique et de conduite professionnelle<\/p><h2>Nous y sommes. Pour l\u2019int\u00e9grit\u00e9. <\/h2><p>Le Code est notre boussole pour savoir comment op\u00e9rer avec int\u00e9grit\u00e9 dans la poursuite de notre mission qui consiste \u00e0 transformer la vie des patients atteints de maladies rares et graves.<\/p>\t\t\t\t\t\t\t\t<\/div>\n\t\t\t\t<\/div>\n\t\t\t\t\t<\/div>\n\t\t\t\t<\/div>\n\t\t<div class=\"elementor-element elementor-element-dbe4536 e-flex e-con-boxed e-con e-parent\" data-id=\"dbe4536\" data-element_type=\"container\" data-e-type=\"container\">\n\t\t\t\t\t<div class=\"e-con-inner\">\n\t\t<div class=\"elementor-element elementor-element-0a6710c e-con-full e-flex elementor-invisible e-con e-child\" data-id=\"0a6710c\" data-element_type=\"container\" data-e-type=\"container\" data-settings=\"{&quot;animation&quot;:&quot;fadeInUp&quot;}\">\n\t\t\t\t<div class=\"elementor-element elementor-element-53514b5 elementor-widget elementor-widget-text-editor\" data-id=\"53514b5\" data-element_type=\"widget\" data-e-type=\"widget\" data-widget_type=\"text-editor.default\">\n\t\t\t\t\t\t\t\t\t<h2>Explorer le Code<\/h2><p>Notre Code nous am\u00e8ne \u00e0 faire de bons choix, toujours. Il fournit des conseils pour nous aider \u00e0 nous conformer aux lois, r\u00e9glementations et codes de l\u2019industrie qui s\u2019appliquent \u00e0 nos activit\u00e9s.<\/p><p><a class=\"text-link\" href=\"https:\/\/code.insmed.com\/fr\/presentation-du-code\/\">Obtenez une introduction au Code<\/a><\/p>\t\t\t\t\t\t\t\t<\/div>\n\t\t\t\t<\/div>\n\t\t<div class=\"elementor-element elementor-element-910b3c3 e-con-full card e-flex elementor-invisible e-con e-child\" data-id=\"910b3c3\" data-element_type=\"container\" data-e-type=\"container\" data-settings=\"{&quot;animation&quot;:&quot;fadeInUp&quot;}\">\n\t\t\t\t<div class=\"elementor-element elementor-element-8dd5eb1 elementor-widget elementor-widget-image\" data-id=\"8dd5eb1\" data-element_type=\"widget\" data-e-type=\"widget\" data-widget_type=\"image.default\">\n\t\t\t\t\t\t\t\t\t\t\t\t\t\t\t<img decoding=\"async\" width=\"57\" height=\"42\" src=\"https:\/\/code.insmed.com\/wp-content\/uploads\/2025\/09\/promise-to-patients-icon.svg\" class=\"attachment-full size-full wp-image-752\" alt=\"\" \/>\t\t\t\t\t\t\t\t\t\t\t\t\t\t\t<\/div>\n\t\t\t\t<div class=\"elementor-element elementor-element-f1a4db7 elementor-widget elementor-widget-text-editor\" data-id=\"f1a4db7\" data-element_type=\"widget\" data-e-type=\"widget\" data-widget_type=\"text-editor.default\">\n\t\t\t\t\t\t\t\t\t<h3>Notre promesse aux patients<\/h3><p>Nous accordons la priorit\u00e9 \u00e0 la sant\u00e9 et \u00e0 la s\u00e9curit\u00e9 des patients, en veillant \u00e0 ce que nos actions soutiennent leur bien-\u00eatre et inspirent la confiance.<\/p>\t\t\t\t\t\t\t\t<\/div>\n\t\t\t\t<div class=\"elementor-element elementor-element-d52fd04 elementor-widget elementor-widget-text-editor\" data-id=\"d52fd04\" data-element_type=\"widget\" data-e-type=\"widget\" data-widget_type=\"text-editor.default\">\n\t\t\t\t\t\t\t\t\t<p><a class=\"text-link\" href=\"https:\/\/code.insmed.com\/fr\/notre-promesse-aux-patients\/\">En savoir plus<\/a><\/p>\t\t\t\t\t\t\t\t<\/div>\n\t\t\t\t<\/div>\n\t\t<div class=\"elementor-element elementor-element-e88bfe6 e-con-full card e-flex elementor-invisible e-con e-child\" data-id=\"e88bfe6\" data-element_type=\"container\" data-e-type=\"container\" data-settings=\"{&quot;animation&quot;:&quot;fadeInUp&quot;,&quot;animation_delay&quot;:150}\">\n\t\t\t\t<div class=\"elementor-element elementor-element-0c5306c elementor-widget elementor-widget-image\" data-id=\"0c5306c\" data-element_type=\"widget\" data-e-type=\"widget\" data-widget_type=\"image.default\">\n\t\t\t\t\t\t\t\t\t\t\t\t\t\t\t<img decoding=\"async\" width=\"45\" height=\"40\" src=\"https:\/\/code.insmed.com\/wp-content\/uploads\/2025\/09\/trust-transparency-icon.svg\" class=\"attachment-full size-full wp-image-753\" alt=\"\" \/>\t\t\t\t\t\t\t\t\t\t\t\t\t\t\t<\/div>\n\t\t\t\t<div class=\"elementor-element elementor-element-697a211 elementor-widget elementor-widget-text-editor\" data-id=\"697a211\" data-element_type=\"widget\" data-e-type=\"widget\" data-widget_type=\"text-editor.default\">\n\t\t\t\t\t\t\t\t\t<h3>Confiance et transparence avec les professionnels de sant\u00e9<\/h3><p>Nous fournissons aux professionnels de sant\u00e9 des informations pr\u00e9cises pour qu\u2019ils prennent les meilleures d\u00e9cisions.<\/p>\t\t\t\t\t\t\t\t<\/div>\n\t\t\t\t<div class=\"elementor-element elementor-element-e1f1ed0 elementor-widget elementor-widget-text-editor\" data-id=\"e1f1ed0\" data-element_type=\"widget\" data-e-type=\"widget\" data-widget_type=\"text-editor.default\">\n\t\t\t\t\t\t\t\t\t<p><a class=\"text-link\" href=\"https:\/\/code.insmed.com\/fr\/confiance-et-transparence-avec-les-professionnels-de-sante\/\">En savoir plus<\/a><\/p>\t\t\t\t\t\t\t\t<\/div>\n\t\t\t\t<\/div>\n\t\t<div class=\"elementor-element elementor-element-83f65ed e-con-full card e-flex elementor-invisible e-con e-child\" data-id=\"83f65ed\" data-element_type=\"container\" data-e-type=\"container\" data-settings=\"{&quot;animation&quot;:&quot;fadeInUp&quot;}\">\n\t\t\t\t<div class=\"elementor-element elementor-element-c5beb9d elementor-widget elementor-widget-image\" data-id=\"c5beb9d\" data-element_type=\"widget\" data-e-type=\"widget\" data-widget_type=\"image.default\">\n\t\t\t\t\t\t\t\t\t\t\t\t\t\t\t<img decoding=\"async\" width=\"41\" height=\"40\" src=\"https:\/\/code.insmed.com\/wp-content\/uploads\/2025\/09\/people-culture-icon.svg\" class=\"attachment-full size-full wp-image-754\" alt=\"\" \/>\t\t\t\t\t\t\t\t\t\t\t\t\t\t\t<\/div>\n\t\t\t\t<div class=\"elementor-element elementor-element-24e4d0c elementor-widget elementor-widget-text-editor\" data-id=\"24e4d0c\" data-element_type=\"widget\" data-e-type=\"widget\" data-widget_type=\"text-editor.default\">\n\t\t\t\t\t\t\t\t\t<h3>Nos collaborateurs et notre culture<\/h3><p>Nous favorisons un lieu de travail inclusif et s\u00fbr, o\u00f9 chacun doit agir avec attention les uns envers les autres et envers la communaut\u00e9.<\/p>\t\t\t\t\t\t\t\t<\/div>\n\t\t\t\t<div class=\"elementor-element elementor-element-bd4328b elementor-widget elementor-widget-text-editor\" data-id=\"bd4328b\" data-element_type=\"widget\" data-e-type=\"widget\" data-widget_type=\"text-editor.default\">\n\t\t\t\t\t\t\t\t\t<p><a class=\"text-link\" href=\"https:\/\/code.insmed.com\/fr\/nos-collaborateurs-et-notre-culture\/\">En savoir plus<\/a><\/p>\t\t\t\t\t\t\t\t<\/div>\n\t\t\t\t<\/div>\n\t\t<div class=\"elementor-element elementor-element-ecbcaa9 e-con-full card e-flex elementor-invisible e-con e-child\" data-id=\"ecbcaa9\" data-element_type=\"container\" data-e-type=\"container\" data-settings=\"{&quot;animation&quot;:&quot;fadeInUp&quot;,&quot;animation_delay&quot;:150}\">\n\t\t\t\t<div class=\"elementor-element elementor-element-b456443 elementor-widget elementor-widget-image\" data-id=\"b456443\" data-element_type=\"widget\" data-e-type=\"widget\" data-widget_type=\"image.default\">\n\t\t\t\t\t\t\t\t\t\t\t\t\t\t\t<img loading=\"lazy\" decoding=\"async\" width=\"57\" height=\"42\" src=\"https:\/\/code.insmed.com\/wp-content\/uploads\/2025\/09\/responsible-business-operations-icon.svg\" class=\"attachment-full size-full wp-image-755\" alt=\"\" \/>\t\t\t\t\t\t\t\t\t\t\t\t\t\t\t<\/div>\n\t\t\t\t<div class=\"elementor-element elementor-element-db4c590 elementor-widget elementor-widget-text-editor\" data-id=\"db4c590\" data-element_type=\"widget\" data-e-type=\"widget\" data-widget_type=\"text-editor.default\">\n\t\t\t\t\t\t\t\t\t<h3>Op\u00e9rations commerciales responsables<\/h3><p>Nous agissons avec int\u00e9grit\u00e9 pour nous assurer que nous servons les patients, les professionnels de sant\u00e9 et les autres parties prenantes de la bonne mani\u00e8re.<\/p>\t\t\t\t\t\t\t\t<\/div>\n\t\t\t\t<div class=\"elementor-element elementor-element-47bc5c5 elementor-widget elementor-widget-text-editor\" data-id=\"47bc5c5\" data-element_type=\"widget\" data-e-type=\"widget\" data-widget_type=\"text-editor.default\">\n\t\t\t\t\t\t\t\t\t<p><a class=\"text-link\" href=\"https:\/\/code.insmed.com\/fr\/operations-commerciales-responsables\/\">En savoir plus<\/a><\/p>\t\t\t\t\t\t\t\t<\/div>\n\t\t\t\t<\/div>\n\t\t\t\t\t<\/div>\n\t\t\t\t<\/div>\n\t\t<div class=\"elementor-element elementor-element-3eb499e lightest-gray-row e-flex e-con-boxed e-con e-parent\" data-id=\"3eb499e\" data-element_type=\"container\" data-e-type=\"container\">\n\t\t\t\t\t<div class=\"e-con-inner\">\n\t\t<div class=\"elementor-element elementor-element-426f0b2 e-con-full e-flex elementor-invisible e-con e-child\" data-id=\"426f0b2\" data-element_type=\"container\" data-e-type=\"container\" data-settings=\"{&quot;animation&quot;:&quot;fadeInUp&quot;}\">\n\t\t\t\t<div class=\"elementor-element elementor-element-7083d6e rainbow-h2 large-h2 elementor-widget elementor-widget-text-editor\" data-id=\"7083d6e\" data-element_type=\"widget\" data-e-type=\"widget\" data-widget_type=\"text-editor.default\">\n\t\t\t\t\t\t\t\t\t<h2>Pr\u00eat Pour Les Moments Qui Comptent.<\/h2><p>Nous nous appuyons sur nos valeurs et nos principes directeurs pour d\u00e9fendre notre culture, d\u00e9finir qui nous sommes et tenir la promesse que nous faisons aux patients.<\/p>\t\t\t\t\t\t\t\t<\/div>\n\t\t\t\t<\/div>\n\t\t<div class=\"elementor-element elementor-element-38aeb51 e-con-full e-flex e-con e-child\" data-id=\"38aeb51\" data-element_type=\"container\" data-e-type=\"container\">\n\t\t\t\t<div class=\"elementor-element elementor-element-4fcffa7 rounded-img elementor-invisible elementor-widget elementor-widget-image\" data-id=\"4fcffa7\" data-element_type=\"widget\" data-e-type=\"widget\" data-settings=\"{&quot;_animation&quot;:&quot;fadeIn&quot;,&quot;_animation_delay&quot;:150}\" data-widget_type=\"image.default\">\n\t\t\t\t\t\t\t\t\t\t\t\t\t\t\t<img loading=\"lazy\" decoding=\"async\" width=\"1100\" height=\"500\" src=\"https:\/\/code.insmed.com\/wp-content\/uploads\/2025\/09\/mvv-img.webp\" class=\"attachment-full size-full wp-image-756\" alt=\"\" srcset=\"https:\/\/code.insmed.com\/wp-content\/uploads\/2025\/09\/mvv-img.webp 1100w, https:\/\/code.insmed.com\/wp-content\/uploads\/2025\/09\/mvv-img-300x136.webp 300w, https:\/\/code.insmed.com\/wp-content\/uploads\/2025\/09\/mvv-img-1024x465.webp 1024w, https:\/\/code.insmed.com\/wp-content\/uploads\/2025\/09\/mvv-img-768x349.webp 768w\" sizes=\"(max-width: 1100px) 100vw, 1100px\" \/>\t\t\t\t\t\t\t\t\t\t\t\t\t\t\t<\/div>\n\t\t\t\t<div class=\"elementor-element elementor-element-2b3a4ba indented-text-col elementor-invisible elementor-widget elementor-widget-text-editor\" data-id=\"2b3a4ba\" data-element_type=\"widget\" data-e-type=\"widget\" data-settings=\"{&quot;_animation&quot;:&quot;fadeInUp&quot;}\" data-widget_type=\"text-editor.default\">\n\t\t\t\t\t\t\t\t\t<h3>Mission, vision et valeurs<\/h3><p>Chez Insmed, nous pensons que le succ\u00e8s se d\u00e9finit non seulement par ce que nous r\u00e9alisons, mais \u00e9galement par la mani\u00e8re dont nous y parvenons. Notre mission et notre vision d\u00e9finissent notre orientation, et nos valeurs nous guident pour faire les bons choix, les uns pour les autres, pour nos patients et pour la soci\u00e9t\u00e9.<\/p><p><a class=\"text-link\" href=\"https:\/\/code.insmed.com\/fr\/qui-sommes-nous\/#mission-vision\">En savoir plus sur notre mission, notre vision et nos valeurs<\/a><\/p>\t\t\t\t\t\t\t\t<\/div>\n\t\t\t\t<\/div>\n\t\t<div class=\"elementor-element elementor-element-fe3aa0c e-con-full e-flex e-con e-child\" data-id=\"fe3aa0c\" data-element_type=\"container\" data-e-type=\"container\">\n\t\t\t\t<div class=\"elementor-element elementor-element-4001db3 rounded-img elementor-invisible elementor-widget elementor-widget-image\" data-id=\"4001db3\" data-element_type=\"widget\" data-e-type=\"widget\" data-settings=\"{&quot;_animation&quot;:&quot;fadeIn&quot;,&quot;_animation_delay&quot;:300}\" data-widget_type=\"image.default\">\n\t\t\t\t\t\t\t\t\t\t\t\t\t\t\t<img loading=\"lazy\" decoding=\"async\" width=\"1100\" height=\"500\" src=\"https:\/\/code.insmed.com\/wp-content\/uploads\/2025\/09\/gp-img.webp\" class=\"attachment-full size-full wp-image-757\" alt=\"\" srcset=\"https:\/\/code.insmed.com\/wp-content\/uploads\/2025\/09\/gp-img.webp 1100w, https:\/\/code.insmed.com\/wp-content\/uploads\/2025\/09\/gp-img-300x136.webp 300w, https:\/\/code.insmed.com\/wp-content\/uploads\/2025\/09\/gp-img-1024x465.webp 1024w, https:\/\/code.insmed.com\/wp-content\/uploads\/2025\/09\/gp-img-768x349.webp 768w\" sizes=\"(max-width: 1100px) 100vw, 1100px\" \/>\t\t\t\t\t\t\t\t\t\t\t\t\t\t\t<\/div>\n\t\t\t\t<div class=\"elementor-element elementor-element-5bf909c indented-text-col elementor-invisible elementor-widget elementor-widget-text-editor\" data-id=\"5bf909c\" data-element_type=\"widget\" data-e-type=\"widget\" data-settings=\"{&quot;_animation&quot;:&quot;fadeInUp&quot;,&quot;_animation_delay&quot;:150}\" data-widget_type=\"text-editor.default\">\n\t\t\t\t\t\t\t\t\t<h3>Notre liste de choses \u00e0 \u00eatre<\/h3><p>Notre liste des choses \u00e0 \u00eatre, ancr\u00e9e dans nos valeurs, est un guide pratique qui renforce la fa\u00e7on dont nous agissons et prenons des d\u00e9cisions. Des interactions quotidiennes aux d\u00e9fis plus importants, cet ensemble de principes directeurs nous aide \u00e0 rester align\u00e9s, \u00e0 se soutenir mutuellement et \u00e0 faire de notre mieux pour les patients qui comptent sur nous.<\/p><p><a class=\"text-link\" href=\"https:\/\/code.insmed.com\/fr\/qui-sommes-nous\/#to-be-list\">En savoir plus sur notre liste des choses \u00e0<\/a><\/p>\t\t\t\t\t\t\t\t<\/div>\n\t\t\t\t<\/div>\n\t\t\t\t\t<\/div>\n\t\t\t\t<\/div>\n\t\t<div class=\"elementor-element elementor-element-8212576 e-flex e-con-boxed e-con e-parent\" data-id=\"8212576\" data-element_type=\"container\" data-e-type=\"container\">\n\t\t\t\t\t<div class=\"e-con-inner\">\n\t\t<div class=\"elementor-element elementor-element-9b0a715 e-con-full e-flex elementor-invisible e-con e-child\" data-id=\"9b0a715\" data-element_type=\"container\" data-e-type=\"container\" data-settings=\"{&quot;animation&quot;:&quot;fadeInUp&quot;}\">\n\t\t\t\t<div class=\"elementor-element elementor-element-2d6f937 elementor-widget elementor-widget-text-editor\" data-id=\"2d6f937\" data-element_type=\"widget\" data-e-type=\"widget\" data-widget_type=\"text-editor.default\">\n\t\t\t\t\t\t\t\t\t<h2>Un message de notre pr\u00e9sident-directeur g\u00e9n\u00e9ral<\/h2>\t\t\t\t\t\t\t\t<\/div>\n\t\t\t\t<\/div>\n\t\t<div class=\"elementor-element elementor-element-40ebb03 e-con-full elementor-hidden-tablet elementor-hidden-mobile e-flex e-con e-child\" data-id=\"40ebb03\" data-element_type=\"container\" data-e-type=\"container\">\n\t\t\t\t<\/div>\n\t\t<div class=\"elementor-element elementor-element-1422f81 e-con-full e-flex e-con e-child\" data-id=\"1422f81\" data-element_type=\"container\" data-e-type=\"container\">\n\t\t\t\t<div class=\"elementor-element elementor-element-5a61190 rounded-img elementor-hidden-tablet elementor-hidden-mobile elementor-invisible elementor-widget elementor-widget-image\" data-id=\"5a61190\" data-element_type=\"widget\" data-e-type=\"widget\" data-settings=\"{&quot;_animation&quot;:&quot;fadeIn&quot;,&quot;_animation_delay&quot;:150}\" data-widget_type=\"image.default\">\n\t\t\t\t\t\t\t\t\t\t\t\t\t\t\t<img loading=\"lazy\" decoding=\"async\" width=\"708\" height=\"1392\" src=\"https:\/\/code.insmed.com\/wp-content\/uploads\/2025\/09\/will.webp\" class=\"attachment-full size-full wp-image-758\" alt=\"\" srcset=\"https:\/\/code.insmed.com\/wp-content\/uploads\/2025\/09\/will.webp 708w, https:\/\/code.insmed.com\/wp-content\/uploads\/2025\/09\/will-153x300.webp 153w, https:\/\/code.insmed.com\/wp-content\/uploads\/2025\/09\/will-521x1024.webp 521w\" sizes=\"(max-width: 708px) 100vw, 708px\" \/>\t\t\t\t\t\t\t\t\t\t\t\t\t\t\t<\/div>\n\t\t\t\t<div class=\"elementor-element elementor-element-1e5b88b rounded-img elementor-hidden-desktop elementor-invisible elementor-widget elementor-widget-image\" data-id=\"1e5b88b\" data-element_type=\"widget\" data-e-type=\"widget\" data-settings=\"{&quot;_animation&quot;:&quot;fadeIn&quot;,&quot;_animation_delay&quot;:150}\" data-widget_type=\"image.default\">\n\t\t\t\t\t\t\t\t\t\t\t\t\t\t\t<img loading=\"lazy\" decoding=\"async\" width=\"1100\" height=\"700\" src=\"https:\/\/code.insmed.com\/wp-content\/uploads\/2025\/09\/will-mobile.webp\" class=\"attachment-full size-full wp-image-759\" alt=\"\" srcset=\"https:\/\/code.insmed.com\/wp-content\/uploads\/2025\/09\/will-mobile.webp 1100w, https:\/\/code.insmed.com\/wp-content\/uploads\/2025\/09\/will-mobile-300x191.webp 300w, https:\/\/code.insmed.com\/wp-content\/uploads\/2025\/09\/will-mobile-1024x652.webp 1024w, https:\/\/code.insmed.com\/wp-content\/uploads\/2025\/09\/will-mobile-768x489.webp 768w\" sizes=\"(max-width: 1100px) 100vw, 1100px\" \/>\t\t\t\t\t\t\t\t\t\t\t\t\t\t\t<\/div>\n\t\t\t\t<\/div>\n\t\t<div class=\"elementor-element elementor-element-5f33156 e-con-full e-flex e-con e-child\" data-id=\"5f33156\" data-element_type=\"container\" data-e-type=\"container\">\n\t\t\t\t<div class=\"elementor-element elementor-element-ed0caa7 elementor-invisible elementor-widget elementor-widget-text-editor\" data-id=\"ed0caa7\" data-element_type=\"widget\" data-e-type=\"widget\" data-settings=\"{&quot;_animation&quot;:&quot;fadeInUp&quot;}\" data-widget_type=\"text-editor.default\">\n\t\t\t\t\t\t\t\t\t<p>Chez Insmed, nous estimons que, lorsqu\u2019il s\u2019agit de r\u00e9aliser notre vision ambitieuse, la mani\u00e8re dont nous le faisons est tout aussi importante que ce que nous faisons. Nous jouons chacun un r\u00f4le dans la transformation de la vie des patients, et nous sommes chacun responsables de la mani\u00e8re dont nous nous pr\u00e9sentons et menons nos activit\u00e9s. Les valeurs et les principes directeurs que nous avons d\u00e9velopp\u00e9s en tant qu\u2019organisation fournissent un cadre pour nos op\u00e9rations, ancr\u00e9 dans le principe que nous devons toujours nous comporter comme s\u2019il y avait un patient dans chaque conversation.  <\/p><p>Insmed conna\u00eet une croissance rapide et cette croissance s\u2019accompagne de complexit\u00e9 et de risques. Nos dirigeants et notre conseil d\u2019administration s\u2019engagent \u00e0 g\u00e9rer ces risques au niveau de l\u2019entreprise et \u00e0 fournir \u00e0 chacun d\u2019entre vous les outils et les ressources dont vous avez besoin pour prendre les bonnes d\u00e9cisions dans votre travail quotidien. Notre Code fixe les fondements de nos actions et constitue une ressource essentielle pour vous aider \u00e0 prendre des d\u00e9cisions commerciales fond\u00e9es sur l\u2019int\u00e9grit\u00e9.  <\/p><p>Alors que nous traversons cette p\u00e9riode extraordinaire de l\u2019histoire de notre entreprise, je crois que la chose la plus importante que nous puissions \u00eatre pour les patients est d\u2019\u00eatre sinc\u00e8res et authentiques dans nos efforts, en respectant notre engagement \u00e0 r\u00e9ussir de la bonne fa\u00e7on. Je vous encourage \u00e0 vous familiariser avec le Code, \u00e0 le consulter souvent et \u00e0 l\u2019int\u00e9grer dans votre travail. Notre capacit\u00e9 \u00e0 fournir des m\u00e9dicaments indispensables aux patients qui comptent sur nous d\u00e9pend de cet engagement.  <\/p>\t\t\t\t\t\t\t\t<\/div>\n\t\t<div class=\"elementor-element elementor-element-b7061a7 e-con-full quote-sig-wrap e-flex e-con e-child\" data-id=\"b7061a7\" data-element_type=\"container\" data-e-type=\"container\">\n\t\t<div class=\"elementor-element elementor-element-5020466 e-con-full card quote-card e-flex elementor-invisible e-con e-child\" data-id=\"5020466\" data-element_type=\"container\" data-e-type=\"container\" data-settings=\"{&quot;animation&quot;:&quot;fadeInUp&quot;,&quot;animation_delay&quot;:150}\">\n\t\t\t\t<div class=\"elementor-element elementor-element-9bcf4b6 elementor-widget elementor-widget-text-editor\" data-id=\"9bcf4b6\" data-element_type=\"widget\" data-e-type=\"widget\" data-widget_type=\"text-editor.default\">\n\t\t\t\t\t\t\t\t\t<p>Les valeurs et les principes directeurs que nous avons d\u00e9velopp\u00e9s en tant qu\u2019organisation fournissent un cadre pour nos op\u00e9rations, ancr\u00e9 dans le principe que nous devons toujours nous comporter comme s\u2019il y avait un patient dans chaque conversation.<\/p>\t\t\t\t\t\t\t\t<\/div>\n\t\t\t\t<\/div>\n\t\t<div class=\"elementor-element elementor-element-ce1afe5 e-con-full e-flex elementor-invisible e-con e-child\" data-id=\"ce1afe5\" data-element_type=\"container\" data-e-type=\"container\" data-settings=\"{&quot;animation&quot;:&quot;fadeInUp&quot;}\">\n\t\t\t\t<div class=\"elementor-element elementor-element-321425f elementor-widget elementor-widget-image\" data-id=\"321425f\" data-element_type=\"widget\" data-e-type=\"widget\" data-widget_type=\"image.default\">\n\t\t\t\t\t\t\t\t\t\t\t\t\t\t\t<img loading=\"lazy\" decoding=\"async\" width=\"590\" height=\"174\" src=\"https:\/\/code.insmed.com\/wp-content\/uploads\/2025\/09\/will_lewis_ceo_signature.webp\" class=\"attachment-full size-full wp-image-760\" alt=\"\" srcset=\"https:\/\/code.insmed.com\/wp-content\/uploads\/2025\/09\/will_lewis_ceo_signature.webp 590w, https:\/\/code.insmed.com\/wp-content\/uploads\/2025\/09\/will_lewis_ceo_signature-300x88.webp 300w\" sizes=\"(max-width: 590px) 100vw, 590px\" \/>\t\t\t\t\t\t\t\t\t\t\t\t\t\t\t<\/div>\n\t\t\t\t<div class=\"elementor-element elementor-element-4a77e1c elementor-widget elementor-widget-text-editor\" data-id=\"4a77e1c\" data-element_type=\"widget\" data-e-type=\"widget\" data-widget_type=\"text-editor.default\">\n\t\t\t\t\t\t\t\t\t<p><strong>Will Lewis\u2028<\/strong><br>Chair &amp; CEO<\/p>\t\t\t\t\t\t\t\t<\/div>\n\t\t\t\t<\/div>\n\t\t\t\t<\/div>\n\t\t\t\t<\/div>\n\t\t\t\t\t<\/div>\n\t\t\t\t<\/div>\n\t\t<div class=\"elementor-element elementor-element-28ecb02 dark-violet-row vyv-row e-flex e-con-boxed e-con e-parent\" data-id=\"28ecb02\" data-element_type=\"container\" data-e-type=\"container\">\n\t\t\t\t\t<div class=\"e-con-inner\">\n\t\t<div class=\"elementor-element elementor-element-1245bbf e-con-full e-flex elementor-invisible e-con e-child\" data-id=\"1245bbf\" data-element_type=\"container\" data-e-type=\"container\" data-settings=\"{&quot;animation&quot;:&quot;fadeInUp&quot;}\">\n\t\t\t\t<div class=\"elementor-element elementor-element-ff81b8b elementor-widget elementor-widget-image\" data-id=\"ff81b8b\" data-element_type=\"widget\" data-e-type=\"widget\" data-widget_type=\"image.default\">\n\t\t\t\t\t\t\t\t\t\t\t\t\t\t\t<img decoding=\"async\" src=\"https:\/\/code.insmed.com\/wp-content\/uploads\/2025\/09\/vov-white.svg\" class=\"attachment-full size-full wp-image-761\" alt=\"Voici Nos Valeurs\" \/>\t\t\t\t\t\t\t\t\t\t\t\t\t\t\t<\/div>\n\t\t\t\t<\/div>\n\t\t<div class=\"elementor-element elementor-element-d0472d7 e-con-full e-flex elementor-invisible e-con e-child\" data-id=\"d0472d7\" data-element_type=\"container\" data-e-type=\"container\" data-settings=\"{&quot;animation&quot;:&quot;fadeInUp&quot;,&quot;animation_delay&quot;:150}\">\n\t\t\t\t<div class=\"elementor-element elementor-element-709000a elementor-widget elementor-widget-text-editor\" data-id=\"709000a\" data-element_type=\"widget\" data-e-type=\"widget\" data-widget_type=\"text-editor.default\">\n\t\t\t\t\t\t\t\t\t<p>Notre programme mondial de prise de parole aide \u00e0 d\u00e9fendre et prot\u00e9ger les valeurs et la culture d\u2019Insmed en utilisant votre voix. Insmed a une approche ouverte lorsqu\u2019il s\u2019agit de prendre la parole. Si vous voyez quelque chose, dites-le.<\/p><p><a class=\"text-link\" href=\"https:\/\/code.insmed.com\/fr\/voici-nos-valeurs\/\">Apprenez \u00e0 exprimer nos valeurs<\/a><\/p>\t\t\t\t\t\t\t\t<\/div>\n\t\t\t\t<\/div>\n\t\t\t\t\t<\/div>\n\t\t\t\t<\/div>\n\t\t\t\t<\/div>\n\t\t","protected":false},"excerpt":{"rendered":"<p>Code d\u2019\u00e9thique et de conduite professionnelle Nous y sommes. Pour l\u2019int\u00e9grit\u00e9. Le Code est notre boussole pour savoir comment op\u00e9rer avec int\u00e9grit\u00e9 dans la poursuite de notre mission qui consiste \u00e0 transformer la vie des patients atteints de maladies rares et graves. Explorer le Code Notre Code nous am\u00e8ne \u00e0 faire de bons choix, toujours. [&hellip;]<\/p>\n","protected":false},"author":1,"featured_media":762,"parent":0,"menu_order":10,"comment_status":"closed","ping_status":"closed","template":"","meta":{"_genesis_hide_title":false,"_genesis_hide_breadcrumbs":false,"_genesis_hide_singular_image":false,"_genesis_hide_footer_widgets":false,"_genesis_custom_body_class":"","_genesis_custom_post_class":"","_genesis_layout":"","footnotes":""},"class_list":{"0":"post-763","1":"page","2":"type-page","3":"status-publish","4":"has-post-thumbnail","6":"entry"},"_links":{"self":[{"href":"https:\/\/code.insmed.com\/fr\/wp-json\/wp\/v2\/pages\/763","targetHints":{"allow":["GET"]}}],"collection":[{"href":"https:\/\/code.insmed.com\/fr\/wp-json\/wp\/v2\/pages"}],"about":[{"href":"https:\/\/code.insmed.com\/fr\/wp-json\/wp\/v2\/types\/page"}],"author":[{"embeddable":true,"href":"https:\/\/code.insmed.com\/fr\/wp-json\/wp\/v2\/users\/1"}],"replies":[{"embeddable":true,"href":"https:\/\/code.insmed.com\/fr\/wp-json\/wp\/v2\/comments?post=763"}],"version-history":[{"count":0,"href":"https:\/\/code.insmed.com\/fr\/wp-json\/wp\/v2\/pages\/763\/revisions"}],"wp:featuredmedia":[{"embeddable":true,"href":"https:\/\/code.insmed.com\/fr\/wp-json\/wp\/v2\/media\/762"}],"wp:attachment":[{"href":"https:\/\/code.insmed.com\/fr\/wp-json\/wp\/v2\/media?parent=763"}],"curies":[{"name":"wp","href":"https:\/\/api.w.org\/{rel}","templated":true}]}}