{"id":772,"date":"2025-08-28T20:58:23","date_gmt":"2025-08-29T00:58:23","guid":{"rendered":"https:\/\/codeofconduct1.wpenginepowered.com\/presentation-du-code\/"},"modified":"2026-01-09T14:13:59","modified_gmt":"2026-01-09T19:13:59","slug":"presentation-du-code","status":"publish","type":"page","link":"https:\/\/code.insmed.com\/fr\/presentation-du-code\/","title":{"rendered":"Introduction au Code"},"content":{"rendered":"\t\t<div data-elementor-type=\"wp-page\" data-elementor-id=\"772\" class=\"elementor elementor-772 elementor-15\" data-elementor-post-type=\"page\">\n\t\t\t\t<div class=\"elementor-element elementor-element-4f61711 subpage-header lightest-gray-row e-flex e-con-boxed e-con e-parent\" data-id=\"4f61711\" data-element_type=\"container\" data-e-type=\"container\">\n\t\t\t\t\t<div class=\"e-con-inner\">\n\t\t<div class=\"elementor-element elementor-element-62a94a2 e-con-full e-flex e-con e-child\" data-id=\"62a94a2\" data-element_type=\"container\" data-e-type=\"container\">\n\t\t\t\t<div class=\"elementor-element elementor-element-81215c2 rainbow-h1 elementor-widget elementor-widget-text-editor\" data-id=\"81215c2\" data-element_type=\"widget\" data-e-type=\"widget\" data-widget_type=\"text-editor.default\">\n\t\t\t\t\t\t\t\t\t<h1 style=\"text-align: center;\">Introduction au Code<\/h1>\t\t\t\t\t\t\t\t<\/div>\n\t\t\t\t<div class=\"elementor-element elementor-element-1736038 scroll-down-indicator elementor-invisible elementor-widget elementor-widget-html\" data-id=\"1736038\" data-element_type=\"widget\" data-e-type=\"widget\" data-settings=\"{&quot;_animation&quot;:&quot;fadeIn&quot;,&quot;_animation_delay&quot;:150}\" data-widget_type=\"html.default\">\n\t\t\t\t\t<i class=\"fa-sharp fa-regular fa-arrow-down-long\"><\/i>\t\t\t\t<\/div>\n\t\t\t\t<\/div>\n\t\t\t\t\t<\/div>\n\t\t\t\t<\/div>\n\t\t<div class=\"elementor-element elementor-element-3b20c6f e-flex e-con-boxed e-con e-parent\" data-id=\"3b20c6f\" data-element_type=\"container\" data-e-type=\"container\" id=\"what-is-the-code\">\n\t\t\t\t\t<div class=\"e-con-inner\">\n\t\t<div class=\"elementor-element elementor-element-ef10dc3 e-con-full e-flex elementor-invisible e-con e-child\" data-id=\"ef10dc3\" data-element_type=\"container\" data-e-type=\"container\" data-settings=\"{&quot;animation&quot;:&quot;fadeInUp&quot;}\">\n\t\t\t\t<div class=\"elementor-element elementor-element-73d019c large-text elementor-widget elementor-widget-text-editor\" data-id=\"73d019c\" data-element_type=\"widget\" data-e-type=\"widget\" data-widget_type=\"text-editor.default\">\n\t\t\t\t\t\t\t\t\t<h2>Qu\u2019est-ce que le code ?<\/h2><p>Chez Insmed, nous sommes guid\u00e9s par un engagement d\u2019int\u00e9grit\u00e9 dans tout ce que nous faisons, depuis les premi\u00e8res \u00e9tapes de la recherche jusqu\u2019\u00e0 la mani\u00e8re dont nous soutenons les patients qui suivent nos traitements.<\/p><p>Le Code est notre boussole pour savoir comment op\u00e9rer avec int\u00e9grit\u00e9 dans la poursuite de notre mission qui consiste \u00e0 transformer la vie des patients atteints de maladies rares et graves. Il fournit des conseils pour nous aider \u00e0 nous conformer aux lois, r\u00e9glementations et codes de l\u2019industrie qui s\u2019appliquent \u00e0 nos activit\u00e9s, et il sert de r\u00e9f\u00e9rence si nous avons des questions ou sommes confront\u00e9s \u00e0 un dilemme et ne savons pas comment proc\u00e9der. Il est important de comprendre que le Code ne couvrira pas toutes les situations auxquelles nous pourrions \u00eatre confront\u00e9s ; il nous donne plut\u00f4t une compr\u00e9hension de base de nombreux sujets cl\u00e9s li\u00e9s \u00e0 l\u2019\u00e9thique et \u00e0 l\u2019int\u00e9grit\u00e9, et de la fa\u00e7on dont nous les abordons en tant qu\u2019organisation. <\/p>\t\t\t\t\t\t\t\t<\/div>\n\t\t\t\t<\/div>\n\t\t\t\t\t<\/div>\n\t\t\t\t<\/div>\n\t\t<div class=\"elementor-element elementor-element-1d3fbf0 code-responsibility-row e-flex e-con-boxed elementor-invisible e-con e-parent\" data-id=\"1d3fbf0\" data-element_type=\"container\" data-e-type=\"container\" data-settings=\"{&quot;animation&quot;:&quot;fadeIn&quot;,&quot;animation_delay&quot;:150}\">\n\t\t\t\t\t<div class=\"e-con-inner\">\n\t\t<div class=\"elementor-element elementor-element-0dbc447 e-con-full code-responsibility-card employees-responsibility-card e-flex elementor-invisible e-con e-child\" data-id=\"0dbc447\" data-element_type=\"container\" data-e-type=\"container\" id=\"every-employees-responsibility\" data-settings=\"{&quot;animation&quot;:&quot;fadeIn&quot;,&quot;animation_delay&quot;:150}\">\n\t\t<div class=\"elementor-element elementor-element-2b13402 e-con-full e-flex e-con e-child\" data-id=\"2b13402\" data-element_type=\"container\" data-e-type=\"container\">\n\t\t\t\t<div class=\"elementor-element elementor-element-38e6203 elementor-widget elementor-widget-text-editor\" data-id=\"38e6203\" data-element_type=\"widget\" data-e-type=\"widget\" data-widget_type=\"text-editor.default\">\n\t\t\t\t\t\t\t\t\t<h2>La responsabilit\u00e9 de chaque employ\u00e9<\/h2><p>Chaque employ\u00e9 joue un r\u00f4le vital dans le respect des normes les plus \u00e9lev\u00e9es d\u2019\u00e9thique professionnelle. Nous comptons sur chacun d\u2019entre vous, au sein Insmed et de nos filiales, pour respecter notre Code et prot\u00e9ger la confiance qui nous est accord\u00e9e.<\/p><ul><li>Lire et revisiter r\u00e9guli\u00e8rement le Code<\/li><li>G\u00e9rez vos affaires de la bonne fa\u00e7on, tous les jours<\/li><li>Posez des questions en cas de doute<\/li><li>Signalez rapidement les pr\u00e9occupations<\/li><li>N\u2019exercez jamais de repr\u00e9sailles \u00e0 l\u2019encontre d\u2019une personne qui soul\u00e8ve une pr\u00e9occupation<\/li><\/ul><p>Parce que nous avons pour mission de transformer la vie des patients, Insmed prend tr\u00e8s au s\u00e9rieux les violations du Code. Ceux qui ne le respectent pas s\u2019exposeront \u00e0 des cons\u00e9quences pouvant aller jusqu\u2019au licenciement.<\/p>\t\t\t\t\t\t\t\t<\/div>\n\t\t\t\t<\/div>\n\t\t<div class=\"elementor-element elementor-element-44ce88a e-con-full rounded-img-col elementor-hidden-mobile e-flex e-con e-child\" data-id=\"44ce88a\" data-element_type=\"container\" data-e-type=\"container\" data-settings=\"{&quot;background_background&quot;:&quot;classic&quot;}\">\n\t\t\t\t<\/div>\n\t\t\t\t<\/div>\n\t\t<div class=\"elementor-element elementor-element-64dde46 e-con-full code-responsibility-card managers-responsibility-card e-flex elementor-invisible e-con e-child\" data-id=\"64dde46\" data-element_type=\"container\" data-e-type=\"container\" id=\"every-managers-responsibility\" data-settings=\"{&quot;animation&quot;:&quot;fadeIn&quot;,&quot;animation_delay&quot;:150}\">\n\t\t<div class=\"elementor-element elementor-element-6a3d51e e-con-full e-flex e-con e-child\" data-id=\"6a3d51e\" data-element_type=\"container\" data-e-type=\"container\">\n\t\t\t\t<div class=\"elementor-element elementor-element-e71aa9d elementor-widget elementor-widget-text-editor\" data-id=\"e71aa9d\" data-element_type=\"widget\" data-e-type=\"widget\" data-widget_type=\"text-editor.default\">\n\t\t\t\t\t\t\t\t\t<h2>Responsabilit\u00e9 de chaque manageur<\/h2><p>En tant que manageur du personnel, vous avez la responsabilit\u00e9 suppl\u00e9mentaire de montrer l\u2019exemple et de donner le ton en mati\u00e8re de conduite \u00e9thique. Les manageurs sont tenus d\u2019instaurer la confiance et de cr\u00e9er un environnement dans lequel les employ\u00e9s se sentent soutenus et entendus.<\/p><ul><li>\u00catre un ambassadeur de notre culture et de nos valeurs<\/li><li>Adopter un \u00e9tat d\u2019esprit de gestion des risques<\/li><li>Prendre des d\u00e9cisions objectives et ax\u00e9es sur l\u2019entreprise<\/li><li>Tenir les employ\u00e9s responsables vis-\u00e0-vis du Code<\/li><li>Favoriser un dialogue ouvert<\/li><\/ul><p>Il vous incombe d\u2019\u00e9couter attentivement, de r\u00e9pondre de mani\u00e8re appropri\u00e9e et de souligner les probl\u00e8mes de mani\u00e8re transparente pour vous assurer qu\u2019ils soient r\u00e9solus.<\/p>\t\t\t\t\t\t\t\t<\/div>\n\t\t\t\t<\/div>\n\t\t<div class=\"elementor-element elementor-element-0723db1 e-con-full rounded-img-col elementor-hidden-mobile e-flex e-con e-child\" data-id=\"0723db1\" data-element_type=\"container\" data-e-type=\"container\" data-settings=\"{&quot;background_background&quot;:&quot;classic&quot;}\">\n\t\t\t\t<\/div>\n\t\t\t\t<\/div>\n\t\t<div class=\"elementor-element elementor-element-55acb2e e-con-full code-responsibility-card supplier-coc-card e-flex elementor-invisible e-con e-child\" data-id=\"55acb2e\" data-element_type=\"container\" data-e-type=\"container\" id=\"supplier-code-of-conduct\" data-settings=\"{&quot;animation&quot;:&quot;fadeIn&quot;,&quot;animation_delay&quot;:150}\">\n\t\t<div class=\"elementor-element elementor-element-a9d0b75 e-con-full e-flex e-con e-child\" data-id=\"a9d0b75\" data-element_type=\"container\" data-e-type=\"container\">\n\t\t\t\t<div class=\"elementor-element elementor-element-6e85952 elementor-widget elementor-widget-text-editor\" data-id=\"6e85952\" data-element_type=\"widget\" data-e-type=\"widget\" data-widget_type=\"text-editor.default\">\n\t\t\t\t\t\t\t\t\t<h2>Code de conduite des fournisseurs<\/h2><p>Insmed dispose \u00e9galement d\u2019un Code de conduite des fournisseurs qui \u00e9nonce les attentes de nos partenaires commerciaux et de leurs employ\u00e9s concernant le respect de normes \u00e9lev\u00e9es d\u2019int\u00e9grit\u00e9 et d\u2019\u00e9thique dans la conduite des affaires d\u2019 Insmed. Le Code de conduite des fournisseurs est coh\u00e9rent avec le pr\u00e9sent Code et nous adapterons nos relations commerciales si nous estimons qu\u2019un partenaire n\u2019a pas respect\u00e9 ces normes. <\/p>\t\t\t\t\t\t\t\t<\/div>\n\t\t\t\t<\/div>\n\t\t<div class=\"elementor-element elementor-element-6f1ffb5 e-con-full rounded-img-col elementor-hidden-mobile e-flex e-con e-child\" data-id=\"6f1ffb5\" data-element_type=\"container\" data-e-type=\"container\" data-settings=\"{&quot;background_background&quot;:&quot;classic&quot;}\">\n\t\t\t\t<\/div>\n\t\t\t\t<\/div>\n\t\t\t\t\t<\/div>\n\t\t\t\t<\/div>\n\t\t<div class=\"elementor-element elementor-element-9f864b1 e-flex e-con-boxed e-con e-parent\" data-id=\"9f864b1\" data-element_type=\"container\" data-e-type=\"container\">\n\t\t\t\t\t<div class=\"e-con-inner\">\n\t\t<div class=\"elementor-element elementor-element-a71e1d1 e-con-full callout-card e-flex elementor-invisible e-con e-child\" data-id=\"a71e1d1\" data-element_type=\"container\" data-e-type=\"container\" data-settings=\"{&quot;animation&quot;:&quot;fadeInUp&quot;}\">\n\t\t<div class=\"elementor-element elementor-element-e05e27b e-con-full callout-icon e-flex e-con e-child\" data-id=\"e05e27b\" data-element_type=\"container\" data-e-type=\"container\">\n\t\t\t\t<div class=\"elementor-element elementor-element-5651019 elementor-widget elementor-widget-image\" data-id=\"5651019\" data-element_type=\"widget\" data-e-type=\"widget\" data-widget_type=\"image.default\">\n\t\t\t\t\t\t\t\t\t\t\t\t\t\t\t<img decoding=\"async\" width=\"38\" height=\"48\" src=\"https:\/\/code.insmed.com\/wp-content\/uploads\/2025\/09\/resources-icon.svg\" class=\"attachment-full size-full wp-image-770\" alt=\"\" \/>\t\t\t\t\t\t\t\t\t\t\t\t\t\t\t<\/div>\n\t\t\t\t<\/div>\n\t\t<div class=\"elementor-element elementor-element-1e5a6ab e-con-full callout-header e-flex e-con e-child\" data-id=\"1e5a6ab\" data-element_type=\"container\" data-e-type=\"container\">\n\t\t\t\t<div class=\"elementor-element elementor-element-bce0208 elementor-widget elementor-widget-text-editor\" data-id=\"bce0208\" data-element_type=\"widget\" data-e-type=\"widget\" data-widget_type=\"text-editor.default\">\n\t\t\t\t\t\t\t\t\t<h2>Ressources et recommandations<\/h2>\t\t\t\t\t\t\t\t<\/div>\n\t\t\t\t<\/div>\n\t\t<div class=\"elementor-element elementor-element-3518af2 e-con-full callout-body e-flex e-con e-child\" data-id=\"3518af2\" data-element_type=\"container\" data-e-type=\"container\">\n\t\t\t\t<div class=\"elementor-element elementor-element-d7bb6eb elementor-widget elementor-widget-text-editor\" data-id=\"d7bb6eb\" data-element_type=\"widget\" data-e-type=\"widget\" data-widget_type=\"text-editor.default\">\n\t\t\t\t\t\t\t\t\t<p>Au-del\u00e0 du Code, nous proposons de nombreuses ressources, notamment des politiques, des proc\u00e9dures op\u00e9rationnelles standard et des formations, qui approfondissent certains sujets sp\u00e9cifiques. La formation que vous recevrez chez Insmed sera adapt\u00e9e \u00e0 votre r\u00f4le et votre fonction, dans le but de vous donner les outils n\u00e9cessaires pour faire votre travail de mani\u00e8re appropri\u00e9e et conforme.<\/p><p><a class=\"text-link\" href=\"https:\/\/code.insmed.com\/fr\/ressources\/\">Trouvez des ressources utiles ici<\/a><\/p>\t\t\t\t\t\t\t\t<\/div>\n\t\t\t\t<\/div>\n\t\t\t\t<\/div>\n\t\t\t\t\t<\/div>\n\t\t\t\t<\/div>\n\t\t<div class=\"elementor-element elementor-element-7d6f1bf e-flex e-con-boxed e-con e-parent\" data-id=\"7d6f1bf\" data-element_type=\"container\" data-e-type=\"container\">\n\t\t\t\t\t<div class=\"e-con-inner\">\n\t\t<div class=\"elementor-element elementor-element-a74f117 e-con-full e-flex elementor-invisible e-con e-child\" data-id=\"a74f117\" data-element_type=\"container\" data-e-type=\"container\" data-settings=\"{&quot;animation&quot;:&quot;fadeInUp&quot;}\">\n\t\t\t\t<div class=\"elementor-element elementor-element-91cfa89 elementor-widget elementor-widget-text-editor\" data-id=\"91cfa89\" data-element_type=\"widget\" data-e-type=\"widget\" data-widget_type=\"text-editor.default\">\n\t\t\t\t\t\t\t\t\t<h2>Un message de notre responsable de la conformit\u00e9<\/h2>\t\t\t\t\t\t\t\t<\/div>\n\t\t\t\t<\/div>\n\t\t<div class=\"elementor-element elementor-element-c1dd3de e-con-full elementor-hidden-tablet elementor-hidden-mobile e-flex e-con e-child\" data-id=\"c1dd3de\" data-element_type=\"container\" data-e-type=\"container\">\n\t\t\t\t<\/div>\n\t\t<div class=\"elementor-element elementor-element-06919aa e-con-full e-flex e-con e-child\" data-id=\"06919aa\" data-element_type=\"container\" data-e-type=\"container\">\n\t\t\t\t<div class=\"elementor-element elementor-element-d634b62 rounded-img elementor-hidden-tablet elementor-hidden-mobile elementor-invisible elementor-widget elementor-widget-image\" data-id=\"d634b62\" data-element_type=\"widget\" data-e-type=\"widget\" data-settings=\"{&quot;_animation&quot;:&quot;fadeIn&quot;,&quot;_animation_delay&quot;:150}\" data-widget_type=\"image.default\">\n\t\t\t\t\t\t\t\t\t\t\t\t\t\t\t<img fetchpriority=\"high\" decoding=\"async\" width=\"708\" height=\"1296\" src=\"https:\/\/code.insmed.com\/wp-content\/uploads\/2026\/01\/Christie_vert-2.webp\" class=\"attachment-full size-full wp-image-1496\" alt=\"\" srcset=\"https:\/\/code.insmed.com\/wp-content\/uploads\/2026\/01\/Christie_vert-2.webp 708w, https:\/\/code.insmed.com\/wp-content\/uploads\/2026\/01\/Christie_vert-2-164x300.webp 164w, https:\/\/code.insmed.com\/wp-content\/uploads\/2026\/01\/Christie_vert-2-559x1024.webp 559w\" sizes=\"(max-width: 708px) 100vw, 708px\" \/>\t\t\t\t\t\t\t\t\t\t\t\t\t\t\t<\/div>\n\t\t\t\t<div class=\"elementor-element elementor-element-825210b rounded-img elementor-hidden-desktop elementor-invisible elementor-widget elementor-widget-image\" data-id=\"825210b\" data-element_type=\"widget\" data-e-type=\"widget\" data-settings=\"{&quot;_animation&quot;:&quot;fadeIn&quot;,&quot;_animation_delay&quot;:150}\" data-widget_type=\"image.default\">\n\t\t\t\t\t\t\t\t\t\t\t\t\t\t\t<img decoding=\"async\" width=\"1100\" height=\"700\" src=\"https:\/\/code.insmed.com\/wp-content\/uploads\/2026\/01\/Christie_horz-2.webp\" class=\"attachment-full size-full wp-image-1497\" alt=\"\" srcset=\"https:\/\/code.insmed.com\/wp-content\/uploads\/2026\/01\/Christie_horz-2.webp 1100w, https:\/\/code.insmed.com\/wp-content\/uploads\/2026\/01\/Christie_horz-2-300x191.webp 300w, https:\/\/code.insmed.com\/wp-content\/uploads\/2026\/01\/Christie_horz-2-1024x652.webp 1024w, https:\/\/code.insmed.com\/wp-content\/uploads\/2026\/01\/Christie_horz-2-768x489.webp 768w\" sizes=\"(max-width: 1100px) 100vw, 1100px\" \/>\t\t\t\t\t\t\t\t\t\t\t\t\t\t\t<\/div>\n\t\t\t\t<\/div>\n\t\t<div class=\"elementor-element elementor-element-4838bd3 e-con-full e-flex e-con e-child\" data-id=\"4838bd3\" data-element_type=\"container\" data-e-type=\"container\">\n\t\t\t\t<div class=\"elementor-element elementor-element-3dbfd94 elementor-invisible elementor-widget elementor-widget-text-editor\" data-id=\"3dbfd94\" data-element_type=\"widget\" data-e-type=\"widget\" data-settings=\"{&quot;_animation&quot;:&quot;fadeInUp&quot;}\" data-widget_type=\"text-editor.default\">\n\t\t\t\t\t\t\t\t\t<p>Merci d\u2019avoir pris le temps de lire et de vous familiariser avec notre Code. C\u2019est une p\u00e9riode passionnante pour faire partie d\u2019Insmed, et je suis incroyablement fier de la fa\u00e7on dont chacun d\u2019entre vous travaille avec int\u00e9grit\u00e9 chaque jour. Voir notre organisation grandir et \u00e9voluer pour aider plus de patients que jamais est vraiment inspirant !<\/p><p>Nous nous effor\u00e7ons de cr\u00e9er des m\u00e9dicaments qui transforment la vie, et cela s\u2019accompagne d\u2019une \u00e9norme responsabilit\u00e9 \u2013 cela peut m\u00eame parfois sembler un peu intimidant. Nous sommes tous tenus de faire ce qui est juste pour les patients qui comptent sur nous et d\u2019\u00e9valuer soigneusement chaque d\u00e9cision commerciale par rapport \u00e0 notre mission, nos valeurs et nos principes directeurs. Mais voici la chose la plus importante dont je veux que vous vous souveniez : <strong>vous n\u2019\u00eates jamais seul face \u00e0 une d\u00e9cision difficile.<\/strong><\/p><p>Ce Code est l\u00e0 pour vous servir de guide de confiance lorsque vous rencontrez un dilemme, que vous avez une question ou que vous ressentez une pr\u00e9occupation. Et sachez que de nombreuses autres ressources sont \u00e0 votre disposition si vous avez besoin de conseils, si vous souhaitez signaler quelque chose ou simplement si vous avez une question.<\/p><p>En cas de doute, vous pouvez toujours me contacter, contacter l\u2019un des membres de mon \u00e9quipe, le membre de votre Comit\u00e9 ex\u00e9cutif, le service juridique ou votre partenaire commercial RH. Nos collaborateurs sont notre plus grande force et nous sommes tous ici pour nous soutenir les uns les autres.<\/p><p><strong>Christie Camelio<\/strong><br \/>Chief Compliance Officer<\/p>\t\t\t\t\t\t\t\t<\/div>\n\t\t<div class=\"elementor-element elementor-element-a3826fa e-con-full quote-sig-wrap e-flex e-con e-child\" data-id=\"a3826fa\" data-element_type=\"container\" data-e-type=\"container\">\n\t\t<div class=\"elementor-element elementor-element-0f6b6f2 e-con-full card quote-card e-flex elementor-invisible e-con e-child\" data-id=\"0f6b6f2\" data-element_type=\"container\" data-e-type=\"container\" data-settings=\"{&quot;animation&quot;:&quot;fadeInUp&quot;,&quot;animation_delay&quot;:150}\">\n\t\t\t\t<div class=\"elementor-element elementor-element-ec50e28 elementor-widget elementor-widget-text-editor\" data-id=\"ec50e28\" data-element_type=\"widget\" data-e-type=\"widget\" data-widget_type=\"text-editor.default\">\n\t\t\t\t\t\t\t\t\t<p>Voici la chose la plus importante dont je veux que vous vous souveniez : <strong>vous n\u2019\u00eates jamais seul face \u00e0 une d\u00e9cision difficile.<\/strong><\/p>\t\t\t\t\t\t\t\t<\/div>\n\t\t\t\t<\/div>\n\t\t\t\t<\/div>\n\t\t\t\t<\/div>\n\t\t\t\t\t<\/div>\n\t\t\t\t<\/div>\n\t\t<div class=\"elementor-element elementor-element-d3ee94f dark-violet-row vyv-row e-flex e-con-boxed e-con e-parent\" data-id=\"d3ee94f\" data-element_type=\"container\" data-e-type=\"container\">\n\t\t\t\t\t<div class=\"e-con-inner\">\n\t\t<div class=\"elementor-element elementor-element-e5a5439 e-con-full e-flex elementor-invisible e-con e-child\" data-id=\"e5a5439\" data-element_type=\"container\" data-e-type=\"container\" data-settings=\"{&quot;animation&quot;:&quot;fadeInUp&quot;}\">\n\t\t\t\t<div class=\"elementor-element elementor-element-3043480 elementor-widget elementor-widget-image\" data-id=\"3043480\" data-element_type=\"widget\" data-e-type=\"widget\" data-widget_type=\"image.default\">\n\t\t\t\t\t\t\t\t\t\t\t\t\t\t\t<img decoding=\"async\" src=\"https:\/\/code.insmed.com\/wp-content\/uploads\/2025\/09\/vov-white.svg\" class=\"attachment-full size-full wp-image-761\" alt=\"Voici Nos Valeurs\" \/>\t\t\t\t\t\t\t\t\t\t\t\t\t\t\t<\/div>\n\t\t\t\t<\/div>\n\t\t<div class=\"elementor-element elementor-element-d5847e0 e-con-full e-flex elementor-invisible e-con e-child\" data-id=\"d5847e0\" data-element_type=\"container\" data-e-type=\"container\" data-settings=\"{&quot;animation&quot;:&quot;fadeInUp&quot;,&quot;animation_delay&quot;:150}\">\n\t\t\t\t<div class=\"elementor-element elementor-element-a523668 elementor-widget elementor-widget-text-editor\" data-id=\"a523668\" data-element_type=\"widget\" data-e-type=\"widget\" data-widget_type=\"text-editor.default\">\n\t\t\t\t\t\t\t\t\t<p>Notre programme mondial de prise de parole aide \u00e0 d\u00e9fendre et prot\u00e9ger les valeurs et la culture d\u2019Insmed en utilisant votre voix. Insmed a une approche ouverte lorsqu\u2019il s\u2019agit de prendre la parole. Si vous voyez quelque chose, dites-le.<\/p><p><a class=\"text-link\" href=\"https:\/\/code.insmed.com\/fr\/voici-nos-valeurs\/\">Apprenez \u00e0 exprimer nos valeurs<\/a><\/p>\t\t\t\t\t\t\t\t<\/div>\n\t\t\t\t<\/div>\n\t\t\t\t\t<\/div>\n\t\t\t\t<\/div>\n\t\t\t\t<\/div>\n\t\t","protected":false},"excerpt":{"rendered":"<p>Introduction au Code Qu\u2019est-ce que le code ? Chez Insmed, nous sommes guid\u00e9s par un engagement d\u2019int\u00e9grit\u00e9 dans tout ce que nous faisons, depuis les premi\u00e8res \u00e9tapes de la recherche jusqu\u2019\u00e0 la mani\u00e8re dont nous soutenons les patients qui suivent nos traitements. Le Code est notre boussole pour savoir comment op\u00e9rer avec int\u00e9grit\u00e9 dans la [&hellip;]<\/p>\n","protected":false},"author":1,"featured_media":0,"parent":0,"menu_order":10,"comment_status":"closed","ping_status":"closed","template":"","meta":{"_genesis_hide_title":false,"_genesis_hide_breadcrumbs":false,"_genesis_hide_singular_image":false,"_genesis_hide_footer_widgets":false,"_genesis_custom_body_class":"","_genesis_custom_post_class":"","_genesis_layout":"","footnotes":""},"class_list":{"0":"post-772","1":"page","2":"type-page","3":"status-publish","5":"entry"},"_links":{"self":[{"href":"https:\/\/code.insmed.com\/fr\/wp-json\/wp\/v2\/pages\/772","targetHints":{"allow":["GET"]}}],"collection":[{"href":"https:\/\/code.insmed.com\/fr\/wp-json\/wp\/v2\/pages"}],"about":[{"href":"https:\/\/code.insmed.com\/fr\/wp-json\/wp\/v2\/types\/page"}],"author":[{"embeddable":true,"href":"https:\/\/code.insmed.com\/fr\/wp-json\/wp\/v2\/users\/1"}],"replies":[{"embeddable":true,"href":"https:\/\/code.insmed.com\/fr\/wp-json\/wp\/v2\/comments?post=772"}],"version-history":[{"count":0,"href":"https:\/\/code.insmed.com\/fr\/wp-json\/wp\/v2\/pages\/772\/revisions"}],"wp:attachment":[{"href":"https:\/\/code.insmed.com\/fr\/wp-json\/wp\/v2\/media?parent=772"}],"curies":[{"name":"wp","href":"https:\/\/api.w.org\/{rel}","templated":true}]}}