{"id":776,"date":"2025-08-28T20:58:23","date_gmt":"2025-08-29T00:58:23","guid":{"rendered":"https:\/\/codeofconduct1.wpenginepowered.com\/ressources\/"},"modified":"2025-11-04T10:56:12","modified_gmt":"2025-11-04T15:56:12","slug":"ressources","status":"publish","type":"page","link":"https:\/\/code.insmed.com\/fr\/ressources\/","title":{"rendered":"Ressources"},"content":{"rendered":"\t\t<div data-elementor-type=\"wp-page\" data-elementor-id=\"776\" class=\"elementor elementor-776 elementor-67\" data-elementor-post-type=\"page\">\n\t\t\t\t<div class=\"elementor-element elementor-element-410e4f8 subpage-header lightest-gray-row e-flex e-con-boxed e-con e-parent\" data-id=\"410e4f8\" data-element_type=\"container\" data-e-type=\"container\">\n\t\t\t\t\t<div class=\"e-con-inner\">\n\t\t<div class=\"elementor-element elementor-element-dd7670c e-con-full e-flex e-con e-child\" data-id=\"dd7670c\" data-element_type=\"container\" data-e-type=\"container\">\n\t\t\t\t<div class=\"elementor-element elementor-element-7a3573c rainbow-h1 elementor-widget elementor-widget-text-editor\" data-id=\"7a3573c\" data-element_type=\"widget\" data-e-type=\"widget\" data-widget_type=\"text-editor.default\">\n\t\t\t\t\t\t\t\t\t<h1 style=\"text-align: center;\">Ressources Importantes<\/h1><p style=\"text-align: center;\">Si vous avez des questions ou des pr\u00e9occupations, nous sommes l\u00e0 pour vous aider.<\/p>\t\t\t\t\t\t\t\t<\/div>\n\t\t\t\t<div class=\"elementor-element elementor-element-89a60c5 scroll-down-indicator elementor-invisible elementor-widget elementor-widget-html\" data-id=\"89a60c5\" data-element_type=\"widget\" data-e-type=\"widget\" data-settings=\"{&quot;_animation&quot;:&quot;fadeIn&quot;,&quot;_animation_delay&quot;:150}\" data-widget_type=\"html.default\">\n\t\t\t\t\t<i class=\"fa-sharp fa-regular fa-arrow-down-long\"><\/i>\t\t\t\t<\/div>\n\t\t\t\t<\/div>\n\t\t\t\t\t<\/div>\n\t\t\t\t<\/div>\n\t\t<div class=\"elementor-element elementor-element-6875c73 resources-row e-flex e-con-boxed e-con e-parent\" data-id=\"6875c73\" data-element_type=\"container\" data-e-type=\"container\">\n\t\t\t\t\t<div class=\"e-con-inner\">\n\t\t<div class=\"elementor-element elementor-element-9bd7d3d e-con-full e-flex e-con e-child\" data-id=\"9bd7d3d\" data-element_type=\"container\" data-e-type=\"container\">\n\t\t<div class=\"elementor-element elementor-element-1cad8e5 e-con-full e-flex e-con e-child\" data-id=\"1cad8e5\" data-element_type=\"container\" data-e-type=\"container\">\n\t\t\t\t<div class=\"elementor-element elementor-element-e4c7e65 elementor-invisible elementor-widget elementor-widget-text-editor\" data-id=\"e4c7e65\" data-element_type=\"widget\" data-e-type=\"widget\" data-settings=\"{&quot;_animation&quot;:&quot;fadeInUp&quot;}\" data-widget_type=\"text-editor.default\">\n\t\t\t\t\t\t\t\t\t<h2 style=\"text-align: center;\">Pour les salari\u00e9s uniquement<\/h2>\t\t\t\t\t\t\t\t<\/div>\n\t\t\t\t<\/div>\n\t\t<div class=\"elementor-element elementor-element-2d58090 e-con-full card magenta-card e-flex e-con e-child\" data-id=\"2d58090\" data-element_type=\"container\" data-e-type=\"container\">\n\t\t\t\t<div class=\"elementor-element elementor-element-23d1dce elementor-widget elementor-widget-image\" data-id=\"23d1dce\" data-element_type=\"widget\" data-e-type=\"widget\" data-widget_type=\"image.default\">\n\t\t\t\t\t\t\t\t\t\t\t\t\t\t\t<img decoding=\"async\" width=\"93\" height=\"40\" src=\"https:\/\/code.insmed.com\/wp-content\/uploads\/2025\/09\/polly-logo.svg\" class=\"attachment-full size-full wp-image-773\" alt=\"Polly\" \/>\t\t\t\t\t\t\t\t\t\t\t\t\t\t\t<\/div>\n\t\t\t\t<div class=\"elementor-element elementor-element-2a61067 elementor-widget elementor-widget-text-editor\" data-id=\"2a61067\" data-element_type=\"widget\" data-e-type=\"widget\" data-widget_type=\"text-editor.default\">\n\t\t\t\t\t\t\t\t\t<h3>Polly : votre centre d\u2019information sur la conformit\u00e9<\/h3><p><a class=\"noExitNotifier\" href=\"https:\/\/polly.insmed.com\/\" target=\"_blank\" rel=\"noopener\">Consultez Polly<\/a><\/p>\t\t\t\t\t\t\t\t<\/div>\n\t\t\t\t<\/div>\n\t\t<div class=\"elementor-element elementor-element-3400b64 e-con-full card blue-card e-flex e-con e-child\" data-id=\"3400b64\" data-element_type=\"container\" data-e-type=\"container\">\n\t\t\t\t<div class=\"elementor-element elementor-element-2424e2f elementor-widget elementor-widget-image\" data-id=\"2424e2f\" data-element_type=\"widget\" data-e-type=\"widget\" data-widget_type=\"image.default\">\n\t\t\t\t\t\t\t\t\t\t\t\t\t\t\t<img decoding=\"async\" width=\"172\" height=\"40\" src=\"https:\/\/code.insmed.com\/wp-content\/uploads\/2025\/09\/veeva-logo.svg\" class=\"attachment-full size-full wp-image-774\" alt=\"Veeva\" \/>\t\t\t\t\t\t\t\t\t\t\t\t\t\t\t<\/div>\n\t\t\t\t<div class=\"elementor-element elementor-element-623dbe3 elementor-widget elementor-widget-text-editor\" data-id=\"623dbe3\" data-element_type=\"widget\" data-e-type=\"widget\" data-widget_type=\"text-editor.default\">\n\t\t\t\t\t\t\t\t\t<h3>Veeva : Politiques Insmed<\/h3>\n<a class=\"noExitNotifier\" href=\"https:\/\/insmed-quality-production.veevavault.com\/\" target=\"_blank\" rel=\"noopener\">Consultez Veeva<\/a>\t\t\t\t\t\t\t\t<\/div>\n\t\t\t\t<\/div>\n\t\t<div class=\"elementor-element elementor-element-f58d9b5 e-con-full card violet-card e-flex e-con e-child\" data-id=\"f58d9b5\" data-element_type=\"container\" data-e-type=\"container\">\n\t\t\t\t<div class=\"elementor-element elementor-element-532f24a elementor-widget elementor-widget-image\" data-id=\"532f24a\" data-element_type=\"widget\" data-e-type=\"widget\" data-widget_type=\"image.default\">\n\t\t\t\t\t\t\t\t\t\t\t\t\t\t\t<img decoding=\"async\" width=\"55\" height=\"40\" src=\"https:\/\/code.insmed.com\/wp-content\/uploads\/2025\/09\/inn.svg\" class=\"attachment-full size-full wp-image-775\" alt=\"Inn\" \/>\t\t\t\t\t\t\t\t\t\t\t\t\t\t\t<\/div>\n\t\t\t\t<div class=\"elementor-element elementor-element-77d0f3a elementor-widget elementor-widget-text-editor\" data-id=\"77d0f3a\" data-element_type=\"widget\" data-e-type=\"widget\" data-widget_type=\"text-editor.default\">\n\t\t\t\t\t\t\t\t\t<h3>The INN<\/h3><p><a class=\"noExitNotifier\" href=\"https:\/\/insmedinc.sharepoint.com\/sites\/inn\" target=\"_blank\" rel=\"noopener\">Visit the INN<\/a><\/p>\t\t\t\t\t\t\t\t<\/div>\n\t\t\t\t<\/div>\n\t\t\t\t<\/div>\n\t\t<div class=\"elementor-element elementor-element-100c45b e-con-full e-flex e-con e-child\" data-id=\"100c45b\" data-element_type=\"container\" data-e-type=\"container\">\n\t\t<div class=\"elementor-element elementor-element-7a2ebe2 e-con-full e-flex e-con e-child\" data-id=\"7a2ebe2\" data-element_type=\"container\" data-e-type=\"container\">\n\t\t\t\t<div class=\"elementor-element elementor-element-85320dd elementor-invisible elementor-widget elementor-widget-text-editor\" data-id=\"85320dd\" data-element_type=\"widget\" data-e-type=\"widget\" data-settings=\"{&quot;_animation&quot;:&quot;fadeInUp&quot;}\" data-widget_type=\"text-editor.default\">\n\t\t\t\t\t\t\t\t\t<h2 style=\"text-align: left;\">Ligne d\u2019int\u00e9grit\u00e9 insmed<\/h2>\t\t\t\t\t\t\t\t<\/div>\n\t\t\t\t<\/div>\n\t\t<div class=\"elementor-element elementor-element-25157ca e-con-full card e-flex e-con e-child\" data-id=\"25157ca\" data-element_type=\"container\" data-e-type=\"container\">\n\t\t\t\t<div class=\"elementor-element elementor-element-8e69d97 elementor-widget elementor-widget-text-editor\" data-id=\"8e69d97\" data-element_type=\"widget\" data-e-type=\"widget\" data-widget_type=\"text-editor.default\">\n\t\t\t\t\t\t\t\t\t<p><a href=\"tel:18445392347\">Sans frais : +1-844-539-2347<\/a><\/p><p><strong>Appels internationaux : <\/strong> <a href=\"https:\/\/www.business.att.com\/collateral\/access.html\" target=\"_blank\" rel=\"noopener\">composez le code d\u2019acc\u00e8s sp\u00e9cifique \u00e0 votre pays<\/a> et, lorsque vous y \u00eates invit\u00e9, composez le num\u00e9ro de la ligne d\u2019int\u00e9grit\u00e9 <a href=\"tel:18445392347\">+1-844-539-2347<\/a><\/p><p><strong>Web:<\/strong> <a class=\"noExitNotifier\" href=\"https:\/\/insmed.ethicspoint.com\/\" target=\"_blank\" rel=\"noopener\">insmed.ethicspoint.com<\/a><strong><br \/><\/strong><\/p><p><strong>Mobile: <\/strong><a class=\"noExitNotifier\" href=\"https:\/\/insmedmobile.ethicspoint.com\/\" target=\"_blank\" rel=\"noopener\">insmedmobile.ethicspoint.com<\/a><\/p>\t\t\t\t\t\t\t\t<\/div>\n\t\t\t\t<\/div>\n\t\t\t\t<\/div>\n\t\t<div class=\"elementor-element elementor-element-c9829ad e-con-full e-flex e-con e-child\" data-id=\"c9829ad\" data-element_type=\"container\" data-e-type=\"container\">\n\t\t<div class=\"elementor-element elementor-element-84861ac e-con-full e-flex e-con e-child\" data-id=\"84861ac\" data-element_type=\"container\" data-e-type=\"container\">\n\t\t\t\t<div class=\"elementor-element elementor-element-5233a83 elementor-invisible elementor-widget elementor-widget-text-editor\" data-id=\"5233a83\" data-element_type=\"widget\" data-e-type=\"widget\" data-settings=\"{&quot;_animation&quot;:&quot;fadeInUp&quot;}\" data-widget_type=\"text-editor.default\">\n\t\t\t\t\t\t\t\t\t<h2 style=\"text-align: left;\">D\u00e9claration des \u00e9v\u00e9nements ind\u00e9sirables<\/h2>\t\t\t\t\t\t\t\t<\/div>\n\t\t\t\t<\/div>\n\t\t<div class=\"elementor-element elementor-element-7cd1f95 e-con-full card e-flex e-con e-child\" data-id=\"7cd1f95\" data-element_type=\"container\" data-e-type=\"container\">\n\t\t\t\t<div class=\"elementor-element elementor-element-1cb3166 elementor-widget elementor-widget-text-editor\" data-id=\"1cb3166\" data-element_type=\"widget\" data-e-type=\"widget\" data-widget_type=\"text-editor.default\">\n\t\t\t\t\t\t\t\t\t<h3>\u00c9tats-Unis<\/h3><p><a href=\"tel:18444467633\">1-844-4-INSMED (1-844-446-7633)<\/a><\/p><p><a href=\"mailto:Safety@insmed.com\" target=\"_blank\" rel=\"noopener\">Safety@insmed.com<\/a><\/p>\t\t\t\t\t\t\t\t<\/div>\n\t\t\t\t<\/div>\n\t\t<div class=\"elementor-element elementor-element-da907a8 e-con-full card e-flex e-con e-child\" data-id=\"da907a8\" data-element_type=\"container\" data-e-type=\"container\">\n\t\t\t\t<div class=\"elementor-element elementor-element-4983ab3 elementor-widget elementor-widget-text-editor\" data-id=\"4983ab3\" data-element_type=\"widget\" data-e-type=\"widget\" data-widget_type=\"text-editor.default\">\n\t\t\t\t\t\t\t\t\t<h3>Europe<\/h3><p><a href=\"mailto:Safety@insmed.com\" target=\"_blank\" rel=\"noopener\">Safety@insmed.com<\/a><\/p>\t\t\t\t\t\t\t\t<\/div>\n\t\t\t\t<\/div>\n\t\t<div class=\"elementor-element elementor-element-cf67c1f e-con-full card e-flex e-con e-child\" data-id=\"cf67c1f\" data-element_type=\"container\" data-e-type=\"container\">\n\t\t\t\t<div class=\"elementor-element elementor-element-fd21109 elementor-widget elementor-widget-text-editor\" data-id=\"fd21109\" data-element_type=\"widget\" data-e-type=\"widget\" data-widget_type=\"text-editor.default\">\n\t\t\t\t\t\t\t\t\t<h3>Japon<\/h3><p><a href=\"mailto:insmed_j.safety@insmed.com\" target=\"_blank\" rel=\"noopener\">insmed_j.safety@insmed.com<\/a><\/p><p> <\/p>\t\t\t\t\t\t\t\t<\/div>\n\t\t\t\t<\/div>\n\t\t<div class=\"elementor-element elementor-element-c434384 e-con-full card e-flex e-con e-child\" data-id=\"c434384\" data-element_type=\"container\" data-e-type=\"container\">\n\t\t\t\t<div class=\"elementor-element elementor-element-147640d elementor-widget elementor-widget-text-editor\" data-id=\"147640d\" data-element_type=\"widget\" data-e-type=\"widget\" data-widget_type=\"text-editor.default\">\n\t\t\t\t\t\t\t\t\t<h3>Tous les autres pays<\/h3><p>Visitez <a href=\"https:\/\/insmed.com\/med-info\" target=\"_blank\" rel=\"noopener\">insmed.com\/med-info<\/a> pour obtenir une liste de contacts sp\u00e9cifique par pays o\u00f9 vous pouvez signaler un \u00e9v\u00e9nement ind\u00e9sirable.<\/p>\t\t\t\t\t\t\t\t<\/div>\n\t\t\t\t<\/div>\n\t\t\t\t<\/div>\n\t\t<div class=\"elementor-element elementor-element-9d11dc9 e-con-full e-flex e-con e-child\" data-id=\"9d11dc9\" data-element_type=\"container\" data-e-type=\"container\">\n\t\t<div class=\"elementor-element elementor-element-4e7e550 e-con-full e-flex e-con e-child\" data-id=\"4e7e550\" data-element_type=\"container\" data-e-type=\"container\">\n\t\t\t\t<div class=\"elementor-element elementor-element-0c7b5fb elementor-invisible elementor-widget elementor-widget-text-editor\" data-id=\"0c7b5fb\" data-element_type=\"widget\" data-e-type=\"widget\" data-settings=\"{&quot;_animation&quot;:&quot;fadeInUp&quot;}\" data-widget_type=\"text-editor.default\">\n\t\t\t\t\t\t\t\t\t<h2 style=\"text-align: left;\">Notification des r\u00e9clamations relatives aux produits<\/h2>\t\t\t\t\t\t\t\t<\/div>\n\t\t\t\t<\/div>\n\t\t<div class=\"elementor-element elementor-element-5a645a3 e-con-full card e-flex e-con e-child\" data-id=\"5a645a3\" data-element_type=\"container\" data-e-type=\"container\">\n\t\t\t\t<div class=\"elementor-element elementor-element-474e4e2 elementor-widget elementor-widget-text-editor\" data-id=\"474e4e2\" data-element_type=\"widget\" data-e-type=\"widget\" data-widget_type=\"text-editor.default\">\n\t\t\t\t\t\t\t\t\t<h3>\u00c9tats-Unis<\/h3><p><a href=\"tel:18444467633\">1-844-4-INSMED (1-844-446-7633)<\/a><\/p><p><a href=\"mailto:productcomplaints@insmed.com\" target=\"_blank\" rel=\"noopener\">productcomplaints@insmed.com<\/a><\/p>\t\t\t\t\t\t\t\t<\/div>\n\t\t\t\t<\/div>\n\t\t<div class=\"elementor-element elementor-element-fd8667c e-con-full card e-flex e-con e-child\" data-id=\"fd8667c\" data-element_type=\"container\" data-e-type=\"container\">\n\t\t\t\t<div class=\"elementor-element elementor-element-7fe24b8 elementor-widget elementor-widget-text-editor\" data-id=\"7fe24b8\" data-element_type=\"widget\" data-e-type=\"widget\" data-widget_type=\"text-editor.default\">\n\t\t\t\t\t\t\t\t\t<h3>Japon<\/h3><p><a href=\"mailto:gkcomplaints@insmed.com\" target=\"_blank\" rel=\"noopener\">gkcomplaints@insmed.com<\/a><\/p>\t\t\t\t\t\t\t\t<\/div>\n\t\t\t\t<\/div>\n\t\t<div class=\"elementor-element elementor-element-637d3fc e-con-full card e-flex e-con e-child\" data-id=\"637d3fc\" data-element_type=\"container\" data-e-type=\"container\">\n\t\t\t\t<div class=\"elementor-element elementor-element-c4afb7b elementor-widget elementor-widget-text-editor\" data-id=\"c4afb7b\" data-element_type=\"widget\" data-e-type=\"widget\" data-widget_type=\"text-editor.default\">\n\t\t\t\t\t\t\t\t\t<h3>Tous les autres pays<\/h3><p>Visitez <a href=\"https:\/\/insmed.com\/med-info\" target=\"_blank\" rel=\"noopener\">insmed.com\/med-info<\/a> pour obtenir une liste de contacts sp\u00e9cifique par pays o\u00f9 vous pouvez soumettre une r\u00e9clamation relative aux produits.<\/p>\t\t\t\t\t\t\t\t<\/div>\n\t\t\t\t<\/div>\n\t\t\t\t<\/div>\n\t\t<div class=\"elementor-element elementor-element-efbb0c5 e-con-full e-flex e-con e-child\" data-id=\"efbb0c5\" data-element_type=\"container\" data-e-type=\"container\">\n\t\t<div class=\"elementor-element elementor-element-94550d5 e-con-full e-flex e-con e-child\" data-id=\"94550d5\" data-element_type=\"container\" data-e-type=\"container\">\n\t\t\t\t<div class=\"elementor-element elementor-element-b80b598 elementor-invisible elementor-widget elementor-widget-text-editor\" data-id=\"b80b598\" data-element_type=\"widget\" data-e-type=\"widget\" data-settings=\"{&quot;_animation&quot;:&quot;fadeInUp&quot;}\" data-widget_type=\"text-editor.default\">\n\t\t\t\t\t\t\t\t\t<h2 style=\"text-align: left;\">Autres demandes de renseignements<\/h2>\t\t\t\t\t\t\t\t<\/div>\n\t\t\t\t<\/div>\n\t\t<div class=\"elementor-element elementor-element-564e98f e-con-full card e-flex e-con e-child\" data-id=\"564e98f\" data-element_type=\"container\" data-e-type=\"container\">\n\t\t\t\t<div class=\"elementor-element elementor-element-6d4dcb0 elementor-widget elementor-widget-text-editor\" data-id=\"6d4dcb0\" data-element_type=\"widget\" data-e-type=\"widget\" data-widget_type=\"text-editor.default\">\n\t\t\t\t\t\t\t\t\t<h3>Conformit\u00e9<\/h3><p><a href=\"mailto:Compliance@insmed.com\" target=\"_blank\" rel=\"noopener\">Compliance@insmed.com<\/a><\/p>\t\t\t\t\t\t\t\t<\/div>\n\t\t\t\t<\/div>\n\t\t<div class=\"elementor-element elementor-element-165f4a5 e-con-full card e-flex e-con e-child\" data-id=\"165f4a5\" data-element_type=\"container\" data-e-type=\"container\">\n\t\t\t\t<div class=\"elementor-element elementor-element-02c798f elementor-widget elementor-widget-text-editor\" data-id=\"02c798f\" data-element_type=\"widget\" data-e-type=\"widget\" data-widget_type=\"text-editor.default\">\n\t\t\t\t\t\t\t\t\t<h3>L\u00e9gal<\/h3><p><a href=\"mailto:InsmedLegal@insmed.com\">InsmedLegal@insmed.com<\/a><\/p>\t\t\t\t\t\t\t\t<\/div>\n\t\t\t\t<\/div>\n\t\t<div class=\"elementor-element elementor-element-6a67bfe e-con-full card e-flex e-con e-child\" data-id=\"6a67bfe\" data-element_type=\"container\" data-e-type=\"container\">\n\t\t\t\t<div class=\"elementor-element elementor-element-b316a32 elementor-widget elementor-widget-text-editor\" data-id=\"b316a32\" data-element_type=\"widget\" data-e-type=\"widget\" data-widget_type=\"text-editor.default\">\n\t\t\t\t\t\t\t\t\t<h3>Relations avec les investisseurs<\/h3><p><a href=\"mailto:Investor.Relations@insmed.com\">Investor.Relations@insmed.com<\/a><\/p>\t\t\t\t\t\t\t\t<\/div>\n\t\t\t\t<\/div>\n\t\t<div class=\"elementor-element elementor-element-1f655f6 e-con-full card e-flex e-con e-child\" data-id=\"1f655f6\" data-element_type=\"container\" data-e-type=\"container\">\n\t\t\t\t<div class=\"elementor-element elementor-element-d41e6f8 elementor-widget elementor-widget-text-editor\" data-id=\"d41e6f8\" data-element_type=\"widget\" data-e-type=\"widget\" data-widget_type=\"text-editor.default\">\n\t\t\t\t\t\t\t\t\t<h3>M\u00e9dia<\/h3><p><a href=\"mailto:Media@insmed.com\">Media@insmed.com<\/a><\/p>\t\t\t\t\t\t\t\t<\/div>\n\t\t\t\t<\/div>\n\t\t<div class=\"elementor-element elementor-element-9338423 e-con-full card e-flex e-con e-child\" data-id=\"9338423\" data-element_type=\"container\" data-e-type=\"container\">\n\t\t\t\t<div class=\"elementor-element elementor-element-a2a76f8 elementor-widget elementor-widget-text-editor\" data-id=\"a2a76f8\" data-element_type=\"widget\" data-e-type=\"widget\" data-widget_type=\"text-editor.default\">\n\t\t\t\t\t\t\t\t\t<h3>Informations m\u00e9dicales<\/h3><p><a href=\"mailto:medicalinformation@insmed.com\">medicalinformation@insmed.com<\/a><\/p>\t\t\t\t\t\t\t\t<\/div>\n\t\t\t\t<\/div>\n\t\t\t\t<\/div>\n\t\t\t\t\t<\/div>\n\t\t\t\t<\/div>\n\t\t<div class=\"elementor-element elementor-element-ce893b8 dark-violet-row vyv-row e-flex e-con-boxed e-con e-parent\" data-id=\"ce893b8\" data-element_type=\"container\" data-e-type=\"container\">\n\t\t\t\t\t<div class=\"e-con-inner\">\n\t\t<div class=\"elementor-element elementor-element-3ad533f e-con-full e-flex elementor-invisible e-con e-child\" data-id=\"3ad533f\" data-element_type=\"container\" data-e-type=\"container\" data-settings=\"{&quot;animation&quot;:&quot;fadeInUp&quot;}\">\n\t\t\t\t<div class=\"elementor-element elementor-element-50eaeb4 elementor-widget elementor-widget-image\" data-id=\"50eaeb4\" data-element_type=\"widget\" data-e-type=\"widget\" data-widget_type=\"image.default\">\n\t\t\t\t\t\t\t\t\t\t\t\t\t\t\t<img decoding=\"async\" src=\"https:\/\/code.insmed.com\/wp-content\/uploads\/2025\/09\/vov-white.svg\" class=\"attachment-full size-full wp-image-761\" alt=\"Voici Nos Valeurs\" \/>\t\t\t\t\t\t\t\t\t\t\t\t\t\t\t<\/div>\n\t\t\t\t<\/div>\n\t\t<div class=\"elementor-element elementor-element-334224b e-con-full e-flex elementor-invisible e-con e-child\" data-id=\"334224b\" data-element_type=\"container\" data-e-type=\"container\" data-settings=\"{&quot;animation&quot;:&quot;fadeInUp&quot;,&quot;animation_delay&quot;:150}\">\n\t\t\t\t<div class=\"elementor-element elementor-element-50d2226 elementor-widget elementor-widget-text-editor\" data-id=\"50d2226\" data-element_type=\"widget\" data-e-type=\"widget\" data-widget_type=\"text-editor.default\">\n\t\t\t\t\t\t\t\t\t<p>Notre programme mondial de prise de parole aide \u00e0 d\u00e9fendre et prot\u00e9ger les valeurs et la culture d\u2019Insmed en utilisant votre voix. Insmed a une approche ouverte lorsqu\u2019il s\u2019agit de prendre la parole. Si vous voyez quelque chose, dites-le.<\/p><p><a class=\"text-link\" href=\"https:\/\/code.insmed.com\/fr\/voici-nos-valeurs\/\">Apprenez \u00e0 exprimer nos valeurs<\/a><\/p>\t\t\t\t\t\t\t\t<\/div>\n\t\t\t\t<\/div>\n\t\t\t\t\t<\/div>\n\t\t\t\t<\/div>\n\t\t\t\t<\/div>\n\t\t","protected":false},"excerpt":{"rendered":"<p>Ressources Importantes Si vous avez des questions ou des pr\u00e9occupations, nous sommes l\u00e0 pour vous aider. Pour les salari\u00e9s uniquement Polly : votre centre d\u2019information sur la conformit\u00e9 Consultez Polly Veeva : Politiques Insmed Consultez Veeva The INN Visit the INN Ligne d\u2019int\u00e9grit\u00e9 insmed Sans frais : +1-844-539-2347 Appels internationaux : composez le code d\u2019acc\u00e8s [&hellip;]<\/p>\n","protected":false},"author":1,"featured_media":0,"parent":0,"menu_order":10,"comment_status":"closed","ping_status":"closed","template":"","meta":{"_genesis_hide_title":false,"_genesis_hide_breadcrumbs":false,"_genesis_hide_singular_image":false,"_genesis_hide_footer_widgets":false,"_genesis_custom_body_class":"","_genesis_custom_post_class":"","_genesis_layout":"","footnotes":""},"class_list":{"0":"post-776","1":"page","2":"type-page","3":"status-publish","5":"entry"},"_links":{"self":[{"href":"https:\/\/code.insmed.com\/fr\/wp-json\/wp\/v2\/pages\/776","targetHints":{"allow":["GET"]}}],"collection":[{"href":"https:\/\/code.insmed.com\/fr\/wp-json\/wp\/v2\/pages"}],"about":[{"href":"https:\/\/code.insmed.com\/fr\/wp-json\/wp\/v2\/types\/page"}],"author":[{"embeddable":true,"href":"https:\/\/code.insmed.com\/fr\/wp-json\/wp\/v2\/users\/1"}],"replies":[{"embeddable":true,"href":"https:\/\/code.insmed.com\/fr\/wp-json\/wp\/v2\/comments?post=776"}],"version-history":[{"count":0,"href":"https:\/\/code.insmed.com\/fr\/wp-json\/wp\/v2\/pages\/776\/revisions"}],"wp:attachment":[{"href":"https:\/\/code.insmed.com\/fr\/wp-json\/wp\/v2\/media?parent=776"}],"curies":[{"name":"wp","href":"https:\/\/api.w.org\/{rel}","templated":true}]}}