{"id":831,"date":"2025-08-28T20:58:23","date_gmt":"2025-08-29T00:58:23","guid":{"rendered":"https:\/\/codeofconduct1.wpenginepowered.com\/notre-promesse-aux-patients\/"},"modified":"2025-10-27T14:39:21","modified_gmt":"2025-10-27T18:39:21","slug":"notre-promesse-aux-patients","status":"publish","type":"page","link":"https:\/\/code.insmed.com\/fr\/notre-promesse-aux-patients\/","title":{"rendered":"Notre promesse aux patients"},"content":{"rendered":"\t\t<div data-elementor-type=\"wp-page\" data-elementor-id=\"831\" class=\"elementor elementor-831 elementor-17\" data-elementor-post-type=\"page\">\n\t\t\t\t<div class=\"elementor-element elementor-element-0e4b755 subpage-header top-level-header promise-to-patients-header e-flex e-con-boxed e-con e-parent\" data-id=\"0e4b755\" data-element_type=\"container\" data-e-type=\"container\">\n\t\t\t\t\t<div class=\"e-con-inner\">\n\t\t<div class=\"elementor-element elementor-element-b80f247 e-con-full e-flex e-con e-child\" data-id=\"b80f247\" data-element_type=\"container\" data-e-type=\"container\">\n\t\t\t\t<div class=\"elementor-element elementor-element-4bd3127 elementor-view-default elementor-invisible elementor-widget elementor-widget-icon\" data-id=\"4bd3127\" data-element_type=\"widget\" data-e-type=\"widget\" data-settings=\"{&quot;_animation&quot;:&quot;fadeIn&quot;,&quot;_animation_delay&quot;:150}\" data-widget_type=\"icon.default\">\n\t\t\t\t\t\t\t<div class=\"elementor-icon-wrapper\">\n\t\t\t<div class=\"elementor-icon\">\n\t\t\t<svg xmlns=\"http:\/\/www.w3.org\/2000\/svg\" width=\"57\" height=\"42\" viewBox=\"0 0 57 42\" fill=\"none\"><path d=\"M50.5359 28.6107V31.3662C50.5359 31.6173 50.3336 31.8196 50.0825 31.8196H46.8736V35.0355C46.8736 35.2867 46.6713 35.489 46.4201 35.489H43.6646C43.4135 35.489 43.2112 35.2867 43.2112 35.0355V31.8266H40.0023C39.7511 31.8266 39.5488 31.6243 39.5488 31.3732V28.6177C39.5488 28.3666 39.7511 28.1643 40.0023 28.1643H43.2112V24.9553C43.2112 24.7042 43.4135 24.5019 43.6646 24.5019H46.4201C46.6713 24.5019 46.8736 24.7042 46.8736 24.9553V28.1643H50.0825C50.3336 28.1573 50.5359 28.3596 50.5359 28.6107Z\" stroke=\"#26005A\" stroke-linecap=\"round\" stroke-linejoin=\"round\"><\/path><path d=\"M2.37402 12.0987C2.37402 8.29684 5.46436 5.22046 9.25229 5.22046C13.0402 5.22046 16.1306 8.31079 16.1306 12.0987C16.1306 15.8867 13.0402 18.977 9.25229 18.977C5.46436 18.977 2.37402 15.8867 2.37402 12.0987Z\" stroke=\"#26005A\" stroke-linecap=\"round\" stroke-linejoin=\"round\"><\/path><path d=\"M36.8631 40.9999H16.1306C13.8495 40.9999 12.0078 39.1443 12.0078 36.8772V33.0195C12.0078 33.0195 12.0148 32.9985 12.0148 32.9916C12.0148 30.9546 12.6356 29.0641 13.696 27.4876C15.4749 24.8437 18.5164 23.4555 21.6346 23.4555C24.5087 23.4555 25.2202 24.4879 28.5198 24.4879C30.5777 24.4879 31.6241 24.0903 32.824 23.7833\" stroke=\"#26005A\" stroke-linecap=\"round\" stroke-linejoin=\"round\"><\/path><path d=\"M28.52 20.2745C23.2113 20.2745 18.8862 15.9634 18.8862 10.6407C18.8862 5.31809 23.2043 1 28.52 1C33.8357 1 38.1538 5.3181 38.1538 10.6338C38.1538 15.9494 33.8426 20.2745 28.52 20.2745Z\" stroke=\"#26005A\" stroke-linecap=\"round\" stroke-linejoin=\"round\"><\/path><path d=\"M56.0402 29.985C56.0402 36.0541 51.1083 40.986 45.0252 40.986C38.9422 40.986 34.0103 36.0541 34.0103 29.985C34.0103 23.9159 38.9422 18.97 45.0252 18.97C51.1083 18.977 56.0402 23.909 56.0402 29.985Z\" stroke=\"#26005A\" stroke-linecap=\"round\" stroke-linejoin=\"round\"><\/path><path d=\"M10.2501 29.971H2.37426C1.62086 29.971 1 29.3502 1 28.5968C1 24.8018 3.92989 21.7185 7.53645 21.7185H10.9756C12.2801 21.7255 13.5078 22.137 14.5054 22.8276\" stroke=\"#26005A\" stroke-linecap=\"round\" stroke-linejoin=\"round\"><\/path><\/svg>\t\t\t<\/div>\n\t\t<\/div>\n\t\t\t\t\t\t<\/div>\n\t\t\t\t<div class=\"elementor-element elementor-element-2012244 elementor-invisible elementor-widget elementor-widget-text-editor\" data-id=\"2012244\" data-element_type=\"widget\" data-e-type=\"widget\" data-settings=\"{&quot;_animation&quot;:&quot;fadeIn&quot;,&quot;_animation_delay&quot;:300}\" data-widget_type=\"text-editor.default\">\n\t\t\t\t\t\t\t\t\t<h1>Notre promesse aux patients<\/h1><p>La sant\u00e9 et la s\u00e9curit\u00e9 de nos patients guident nos d\u00e9cisions. Nous \u00e9coutons, apprenons et agissons de leur point de vue, en veillant \u00e0 ce que la qualit\u00e9 et la s\u00e9curit\u00e9 d\u2019emploi soient int\u00e9gr\u00e9es \u00e0 chaque \u00e9tape de notre travail, de la recherche aux essais cliniques en passant par les th\u00e9rapies que nous mettons sur le march\u00e9. Nous prenons des d\u00e9cisions avec int\u00e9grit\u00e9, sachant que chaque action compte lorsque les patients et leurs familles comptent sur nous.  <\/p>\t\t\t\t\t\t\t\t<\/div>\n\t\t\t\t<\/div>\n\t\t<div class=\"elementor-element elementor-element-a724cd8 e-con-full header-img-col e-flex elementor-invisible e-con e-child\" data-id=\"a724cd8\" data-element_type=\"container\" data-e-type=\"container\" data-settings=\"{&quot;animation&quot;:&quot;fadeIn&quot;,&quot;animation_delay&quot;:450}\">\n\t\t\t\t<div class=\"elementor-element elementor-element-b0714d1 rounded-img elementor-widget elementor-widget-image\" data-id=\"b0714d1\" data-element_type=\"widget\" data-e-type=\"widget\" data-widget_type=\"image.default\">\n\t\t\t\t\t\t\t\t\t\t\t\t\t\t\t<img fetchpriority=\"high\" decoding=\"async\" width=\"880\" height=\"1120\" src=\"https:\/\/code.insmed.com\/wp-content\/uploads\/2025\/10\/promis-to-patients-1.webp\" class=\"attachment-full size-full wp-image-830\" alt=\"\" srcset=\"https:\/\/code.insmed.com\/wp-content\/uploads\/2025\/10\/promis-to-patients-1.webp 880w, https:\/\/code.insmed.com\/wp-content\/uploads\/2025\/10\/promis-to-patients-1-236x300.webp 236w, https:\/\/code.insmed.com\/wp-content\/uploads\/2025\/10\/promis-to-patients-1-805x1024.webp 805w, https:\/\/code.insmed.com\/wp-content\/uploads\/2025\/10\/promis-to-patients-1-768x977.webp 768w\" sizes=\"(max-width: 880px) 100vw, 880px\" \/>\t\t\t\t\t\t\t\t\t\t\t\t\t\t\t<\/div>\n\t\t\t\t<\/div>\n\t\t\t\t\t<\/div>\n\t\t\t\t<\/div>\n\t\t<div class=\"elementor-element elementor-element-6447129 start-exploring-row e-flex e-con-boxed e-con e-parent\" data-id=\"6447129\" data-element_type=\"container\" data-e-type=\"container\">\n\t\t\t\t\t<div class=\"e-con-inner\">\n\t\t<div class=\"elementor-element elementor-element-20669c3 e-con-full e-flex elementor-invisible e-con e-child\" data-id=\"20669c3\" data-element_type=\"container\" data-e-type=\"container\" data-settings=\"{&quot;animation&quot;:&quot;fadeInUp&quot;}\">\n\t\t\t\t<div class=\"elementor-element elementor-element-75833b5 elementor-widget elementor-widget-text-editor\" data-id=\"75833b5\" data-element_type=\"widget\" data-e-type=\"widget\" data-widget_type=\"text-editor.default\">\n\t\t\t\t\t\t\t\t\t<h2>Commencer \u00e0 explorer<\/h2>\t\t\t\t\t\t\t\t<\/div>\n\t\t\t\t<\/div>\n\t\t<div class=\"elementor-element elementor-element-68f87c5 e-con-full card e-flex elementor-invisible e-con e-child\" data-id=\"68f87c5\" data-element_type=\"container\" data-e-type=\"container\" data-settings=\"{&quot;animation&quot;:&quot;fadeInUp&quot;}\">\n\t\t\t\t<div class=\"elementor-element elementor-element-20e1a4f elementor-widget elementor-widget-text-editor\" data-id=\"20e1a4f\" data-element_type=\"widget\" data-e-type=\"widget\" data-widget_type=\"text-editor.default\">\n\t\t\t\t\t\t\t\t\t<h3><a href=\"https:\/\/code.insmed.com\/fr\/notre-promesse-aux-patients\/securite-des-patients-et-qualite-des-produits\/\">S\u00e9curit\u00e9 des patients et qualit\u00e9 des produits<\/a><\/h3><p><strong>Les sujets abord\u00e9s comprennent :<\/strong> la fa\u00e7on dont nous prot\u00e9geons nos patients, la qualit\u00e9 des produits, les \u00e9v\u00e9nements ind\u00e9sirables<\/p>\t\t\t\t\t\t\t\t<\/div>\n\t\t\t\t<\/div>\n\t\t<div class=\"elementor-element elementor-element-8f4ba47 e-con-full card e-flex elementor-invisible e-con e-child\" data-id=\"8f4ba47\" data-element_type=\"container\" data-e-type=\"container\" data-settings=\"{&quot;animation&quot;:&quot;fadeInUp&quot;,&quot;animation_delay&quot;:150}\">\n\t\t\t\t<div class=\"elementor-element elementor-element-27f9bb6 elementor-widget elementor-widget-text-editor\" data-id=\"27f9bb6\" data-element_type=\"widget\" data-e-type=\"widget\" data-widget_type=\"text-editor.default\">\n\t\t\t\t\t\t\t\t\t<h3><a href=\"https:\/\/code.insmed.com\/fr\/notre-promesse-aux-patients\/essais-cliniques\/\">Essais cliniques<\/a><\/h3><p><strong>Les sujets abord\u00e9s comprennent :<\/strong> la qualit\u00e9 des essais cliniques, la protection des donn\u00e9es<\/p>\t\t\t\t\t\t\t\t<\/div>\n\t\t\t\t<\/div>\n\t\t\t\t\t<\/div>\n\t\t\t\t<\/div>\n\t\t<div class=\"elementor-element elementor-element-9c5714d dark-violet-row vyv-row e-flex e-con-boxed e-con e-parent\" data-id=\"9c5714d\" data-element_type=\"container\" data-e-type=\"container\">\n\t\t\t\t\t<div class=\"e-con-inner\">\n\t\t<div class=\"elementor-element elementor-element-b402647 e-con-full e-flex elementor-invisible e-con e-child\" data-id=\"b402647\" data-element_type=\"container\" data-e-type=\"container\" data-settings=\"{&quot;animation&quot;:&quot;fadeInUp&quot;}\">\n\t\t\t\t<div class=\"elementor-element elementor-element-04fb565 elementor-widget elementor-widget-image\" data-id=\"04fb565\" data-element_type=\"widget\" data-e-type=\"widget\" data-widget_type=\"image.default\">\n\t\t\t\t\t\t\t\t\t\t\t\t\t\t\t<img decoding=\"async\" src=\"https:\/\/code.insmed.com\/wp-content\/uploads\/2025\/09\/vov-white.svg\" class=\"attachment-full size-full wp-image-761\" alt=\"Voici Nos Valeurs\" \/>\t\t\t\t\t\t\t\t\t\t\t\t\t\t\t<\/div>\n\t\t\t\t<\/div>\n\t\t<div class=\"elementor-element elementor-element-ce53f8f e-con-full e-flex elementor-invisible e-con e-child\" data-id=\"ce53f8f\" data-element_type=\"container\" data-e-type=\"container\" data-settings=\"{&quot;animation&quot;:&quot;fadeInUp&quot;,&quot;animation_delay&quot;:150}\">\n\t\t\t\t<div class=\"elementor-element elementor-element-f7fce47 elementor-widget elementor-widget-text-editor\" data-id=\"f7fce47\" data-element_type=\"widget\" data-e-type=\"widget\" data-widget_type=\"text-editor.default\">\n\t\t\t\t\t\t\t\t\t<p>Notre programme mondial de prise de parole aide \u00e0 d\u00e9fendre et prot\u00e9ger les valeurs et la culture d\u2019Insmed en utilisant votre voix. Insmed a une approche ouverte lorsqu\u2019il s\u2019agit de prendre la parole. Si vous voyez quelque chose, dites-le.  <\/p><p><a class=\"text-link\" href=\"https:\/\/code.insmed.com\/fr\/voici-nos-valeurs\/\">Apprenez \u00e0 exprimer nos valeurs<\/a><\/p>\t\t\t\t\t\t\t\t<\/div>\n\t\t\t\t<\/div>\n\t\t\t\t\t<\/div>\n\t\t\t\t<\/div>\n\t\t\t\t<\/div>\n\t\t","protected":false},"excerpt":{"rendered":"<p>Notre promesse aux patients La sant\u00e9 et la s\u00e9curit\u00e9 de nos patients guident nos d\u00e9cisions. Nous \u00e9coutons, apprenons et agissons de leur point de vue, en veillant \u00e0 ce que la qualit\u00e9 et la s\u00e9curit\u00e9 d\u2019emploi soient int\u00e9gr\u00e9es \u00e0 chaque \u00e9tape de notre travail, de la recherche aux essais cliniques en passant par les th\u00e9rapies [&hellip;]<\/p>\n","protected":false},"author":1,"featured_media":0,"parent":0,"menu_order":10,"comment_status":"closed","ping_status":"closed","template":"","meta":{"_genesis_hide_title":false,"_genesis_hide_breadcrumbs":false,"_genesis_hide_singular_image":false,"_genesis_hide_footer_widgets":false,"_genesis_custom_body_class":"","_genesis_custom_post_class":"","_genesis_layout":"","footnotes":""},"class_list":{"0":"post-831","1":"page","2":"type-page","3":"status-publish","5":"entry"},"_links":{"self":[{"href":"https:\/\/code.insmed.com\/fr\/wp-json\/wp\/v2\/pages\/831","targetHints":{"allow":["GET"]}}],"collection":[{"href":"https:\/\/code.insmed.com\/fr\/wp-json\/wp\/v2\/pages"}],"about":[{"href":"https:\/\/code.insmed.com\/fr\/wp-json\/wp\/v2\/types\/page"}],"author":[{"embeddable":true,"href":"https:\/\/code.insmed.com\/fr\/wp-json\/wp\/v2\/users\/1"}],"replies":[{"embeddable":true,"href":"https:\/\/code.insmed.com\/fr\/wp-json\/wp\/v2\/comments?post=831"}],"version-history":[{"count":0,"href":"https:\/\/code.insmed.com\/fr\/wp-json\/wp\/v2\/pages\/831\/revisions"}],"wp:attachment":[{"href":"https:\/\/code.insmed.com\/fr\/wp-json\/wp\/v2\/media?parent=831"}],"curies":[{"name":"wp","href":"https:\/\/api.w.org\/{rel}","templated":true}]}}