{"id":839,"date":"2025-08-28T20:58:23","date_gmt":"2025-08-29T00:58:23","guid":{"rendered":"https:\/\/codeofconduct1.wpenginepowered.com\/notre-promesse-aux-patients\/essais-cliniques\/"},"modified":"2025-10-27T14:40:03","modified_gmt":"2025-10-27T18:40:03","slug":"essais-cliniques","status":"publish","type":"page","link":"https:\/\/code.insmed.com\/fr\/notre-promesse-aux-patients\/essais-cliniques\/","title":{"rendered":"Essais cliniques"},"content":{"rendered":"\t\t<div data-elementor-type=\"wp-page\" data-elementor-id=\"839\" class=\"elementor elementor-839 elementor-21\" data-elementor-post-type=\"page\">\n\t\t\t\t<div class=\"elementor-element elementor-element-5cf2ffb subpage-header lightest-gray-row e-flex e-con-boxed e-con e-parent\" data-id=\"5cf2ffb\" data-element_type=\"container\" data-e-type=\"container\">\n\t\t\t\t\t<div class=\"e-con-inner\">\n\t\t<div class=\"elementor-element elementor-element-d0abafc e-con-full e-flex e-con e-child\" data-id=\"d0abafc\" data-element_type=\"container\" data-e-type=\"container\">\n\t\t\t\t<div class=\"elementor-element elementor-element-a145805 rainbow-h1 elementor-widget elementor-widget-text-editor\" data-id=\"a145805\" data-element_type=\"widget\" data-e-type=\"widget\" data-widget_type=\"text-editor.default\">\n\t\t\t\t\t\t\t\t\t<h1 style=\"text-align: center;\">Essais cliniques<\/h1><p style=\"text-align: center;\">Nous concevons et menons des essais cliniques de mani\u00e8re r\u00e9fl\u00e9chie pour \u00e9valuer la s\u00e9curit\u00e9 d\u2019emploi et l\u2019efficacit\u00e9 de nos th\u00e9rapies, en travaillant de mani\u00e8re interfonctionnelle et collaborative pour nous assurer que nos essais soient con\u00e7us et ex\u00e9cut\u00e9s en mettant l\u2019accent sur la conformit\u00e9. Nous menons les essais de mani\u00e8re \u00e9thique et maintenons les normes les plus \u00e9lev\u00e9es en mati\u00e8re de qualit\u00e9 des essais cliniques pour garantir l\u2019int\u00e9grit\u00e9 de nos donn\u00e9es cliniques. Nous nous conformons \u00e9galement \u00e0 l\u2019ensemble des lois, r\u00e9glementations et codes de l\u2019industrie, et restons d\u00e9termin\u00e9s dans notre engagement \u00e0 respecter les bonnes pratiques cliniques.  <\/p><p style=\"text-align: center;\">Surtout, nous veillons \u00e0 ce que les patients qui participent \u00e0 nos essais cliniques le fassent de mani\u00e8re volontaire et \u00e9clair\u00e9e et que les risques et b\u00e9n\u00e9fices potentiels de nos essais soient consid\u00e9r\u00e9s comme appropri\u00e9s. Cela signifie que nous nous assurons que nos essais, y compris les protocoles et les formulaires de consentement \u00e9clair\u00e9, sont examin\u00e9s et approuv\u00e9s par les comit\u00e9s de revue institutionnels\/comit\u00e9s d\u2019\u00e9thique ind\u00e9pendants avant la s\u00e9lection des participants en vue d\u2019une inclusion potentielle.  <\/p>\t\t\t\t\t\t\t\t<\/div>\n\t\t\t\t<div class=\"elementor-element elementor-element-9e5d27d scroll-down-indicator elementor-invisible elementor-widget elementor-widget-html\" data-id=\"9e5d27d\" data-element_type=\"widget\" data-e-type=\"widget\" data-settings=\"{&quot;_animation&quot;:&quot;fadeIn&quot;,&quot;_animation_delay&quot;:150}\" data-widget_type=\"html.default\">\n\t\t\t\t\t<i class=\"fa-sharp fa-regular fa-arrow-down-long\"><\/i>\t\t\t\t<\/div>\n\t\t\t\t<\/div>\n\t\t\t\t\t<\/div>\n\t\t\t\t<\/div>\n\t\t<div class=\"elementor-element elementor-element-0943491 how-we-do-it-row e-flex e-con-boxed e-con e-parent\" data-id=\"0943491\" data-element_type=\"container\" data-e-type=\"container\">\n\t\t\t\t\t<div class=\"e-con-inner\">\n\t\t<div class=\"elementor-element elementor-element-2797f20 e-con-full how-we-do-it-list-col e-flex elementor-invisible e-con e-child\" data-id=\"2797f20\" data-element_type=\"container\" data-e-type=\"container\" data-settings=\"{&quot;animation&quot;:&quot;fadeIn&quot;,&quot;animation_delay&quot;:150}\">\n\t\t\t\t<div class=\"elementor-element elementor-element-10e4ea7 elementor-widget elementor-widget-text-editor\" data-id=\"10e4ea7\" data-element_type=\"widget\" data-e-type=\"widget\" data-widget_type=\"text-editor.default\">\n\t\t\t\t\t\t\t\t\t<h2>Comment nous <br \/>le faisons<\/h2><ul><li>Lors du choix des investigateurs et des centres d\u2019essai clinique, nous justifions de leur expertise m\u00e9dicale et de leur exp\u00e9rience de la recherche clinique pour nous assurer qu\u2019il n\u2019y a pas de biais ou de perception de biais.<\/li><li>Nous partageons les r\u00e9sultats des essais cliniques avec les investigateurs des essais, les professionnels de sant\u00e9 et le grand public en temps opportun et de mani\u00e8re pr\u00e9cise, et conform\u00e9ment aux r\u00e8gles, r\u00e9glementations et codes de l\u2019industrie pertinents.<\/li><li>Nous assurons l\u2019int\u00e9grit\u00e9 des donn\u00e9es des essais cliniques recueillies pendant l\u2019\u00e9tude et supervisons la g\u00e9n\u00e9ration et la collecte des donn\u00e9es pour nous prot\u00e9ger contre les donn\u00e9es frauduleuses ou les pratiques inappropri\u00e9es des centres cliniques.<\/li><\/ul>\t\t\t\t\t\t\t\t<\/div>\n\t\t\t\t<\/div>\n\t\t<div class=\"elementor-element elementor-element-c48817e e-con-full how-we-do-it-img-col elementor-hidden-tablet elementor-hidden-mobile e-flex elementor-invisible e-con e-child\" data-id=\"c48817e\" data-element_type=\"container\" data-e-type=\"container\" data-settings=\"{&quot;animation&quot;:&quot;fadeIn&quot;,&quot;animation_delay&quot;:300}\">\n\t\t\t\t<div class=\"elementor-element elementor-element-eae8a07 rounded-img elementor-widget elementor-widget-image\" data-id=\"eae8a07\" data-element_type=\"widget\" data-e-type=\"widget\" data-widget_type=\"image.default\">\n\t\t\t\t\t\t\t\t\t\t\t\t\t\t\t<img fetchpriority=\"high\" decoding=\"async\" width=\"550\" height=\"640\" src=\"https:\/\/code.insmed.com\/wp-content\/uploads\/2025\/10\/iStock-163523637.webp\" class=\"attachment-full size-full wp-image-838\" alt=\"\" srcset=\"https:\/\/code.insmed.com\/wp-content\/uploads\/2025\/10\/iStock-163523637.webp 550w, https:\/\/code.insmed.com\/wp-content\/uploads\/2025\/10\/iStock-163523637-258x300.webp 258w\" sizes=\"(max-width: 550px) 100vw, 550px\" \/>\t\t\t\t\t\t\t\t\t\t\t\t\t\t\t<\/div>\n\t\t\t\t<\/div>\n\t\t\t\t\t<\/div>\n\t\t\t\t<\/div>\n\t\t<div class=\"elementor-element elementor-element-9df5ff1 did-you-know-row e-flex e-con-boxed e-con e-parent\" data-id=\"9df5ff1\" data-element_type=\"container\" data-e-type=\"container\">\n\t\t\t\t\t<div class=\"e-con-inner\">\n\t\t<div class=\"elementor-element elementor-element-0976014 e-con-full callout-card e-flex elementor-invisible e-con e-child\" data-id=\"0976014\" data-element_type=\"container\" data-e-type=\"container\" data-settings=\"{&quot;animation&quot;:&quot;fadeInUp&quot;}\">\n\t\t<div class=\"elementor-element elementor-element-4c1e4db e-con-full callout-icon e-flex e-con e-child\" data-id=\"4c1e4db\" data-element_type=\"container\" data-e-type=\"container\">\n\t\t\t\t<div class=\"elementor-element elementor-element-301716e elementor-widget elementor-widget-image\" data-id=\"301716e\" data-element_type=\"widget\" data-e-type=\"widget\" data-widget_type=\"image.default\">\n\t\t\t\t\t\t\t\t\t\t\t\t\t\t\t<img decoding=\"async\" width=\"40\" height=\"40\" src=\"https:\/\/code.insmed.com\/wp-content\/uploads\/2025\/09\/did-you-know-icon.svg\" class=\"attachment-full size-full wp-image-835\" alt=\"\" \/>\t\t\t\t\t\t\t\t\t\t\t\t\t\t\t<\/div>\n\t\t\t\t<\/div>\n\t\t<div class=\"elementor-element elementor-element-5e55924 e-con-full callout-header e-flex e-con e-child\" data-id=\"5e55924\" data-element_type=\"container\" data-e-type=\"container\">\n\t\t\t\t<div class=\"elementor-element elementor-element-4349685 elementor-widget elementor-widget-text-editor\" data-id=\"4349685\" data-element_type=\"widget\" data-e-type=\"widget\" data-widget_type=\"text-editor.default\">\n\t\t\t\t\t\t\t\t\t<h2>Le saviez-vous ?<\/h2>\t\t\t\t\t\t\t\t<\/div>\n\t\t\t\t<\/div>\n\t\t<div class=\"elementor-element elementor-element-b2dd155 e-con-full callout-body e-flex e-con e-child\" data-id=\"b2dd155\" data-element_type=\"container\" data-e-type=\"container\">\n\t\t\t\t<div class=\"elementor-element elementor-element-3f48259 elementor-widget elementor-widget-text-editor\" data-id=\"3f48259\" data-element_type=\"widget\" data-e-type=\"widget\" data-widget_type=\"text-editor.default\">\n\t\t\t\t\t\t\t\t\t<p>Insmed prend au s\u00e9rieux sa responsabilit\u00e9 quant \u00e0 la sauvegarde des informations m\u00e9dicales que partagent avec nous les participants aux essais cliniques. Les fournisseurs tiers qui soutiennent nos essais cliniques doivent assumer la m\u00eame responsabilit\u00e9. Insmed et ses fournisseurs sont prudents lors de la collecte, de l\u2019examen ou de l\u2019utilisation des informations m\u00e9dicales, ne les utilisent qu\u2019\u00e0 des fins li\u00e9es \u00e0 l\u2019essai et prot\u00e8gent en permanence leur s\u00e9curit\u00e9.  <\/p>\t\t\t\t\t\t\t\t<\/div>\n\t\t\t\t<\/div>\n\t\t\t\t<\/div>\n\t\t\t\t\t<\/div>\n\t\t\t\t<\/div>\n\t\t<div class=\"elementor-element elementor-element-fdce424 continue-exploring-row dark-violet-row e-flex e-con-boxed e-con e-parent\" data-id=\"fdce424\" data-element_type=\"container\" data-e-type=\"container\">\n\t\t\t\t\t<div class=\"e-con-inner\">\n\t\t<div class=\"elementor-element elementor-element-08d88f8 e-con-full continue-exploring-header e-flex elementor-invisible e-con e-child\" data-id=\"08d88f8\" data-element_type=\"container\" data-e-type=\"container\" data-settings=\"{&quot;animation&quot;:&quot;fadeInUp&quot;}\">\n\t\t\t\t<div class=\"elementor-element elementor-element-b88b069 elementor-widget elementor-widget-text-editor\" data-id=\"b88b069\" data-element_type=\"widget\" data-e-type=\"widget\" data-widget_type=\"text-editor.default\">\n\t\t\t\t\t\t\t\t\t<p>Commencer \u00e0 explorer<\/p><h2>Notre promesse aux patients<\/h2>\t\t\t\t\t\t\t\t<\/div>\n\t\t\t\t<\/div>\n\t\t<div class=\"elementor-element elementor-element-39dc231 e-con-full card e-flex elementor-invisible e-con e-child\" data-id=\"39dc231\" data-element_type=\"container\" data-e-type=\"container\" data-settings=\"{&quot;animation&quot;:&quot;fadeInUp&quot;,&quot;animation_delay&quot;:150}\">\n\t\t\t\t<div class=\"elementor-element elementor-element-737e69e elementor-widget elementor-widget-text-editor\" data-id=\"737e69e\" data-element_type=\"widget\" data-e-type=\"widget\" data-widget_type=\"text-editor.default\">\n\t\t\t\t\t\t\t\t\t<h3><a href=\"https:\/\/code.insmed.com\/fr\/notre-promesse-aux-patients\/securite-des-patients-et-qualite-des-produits\/\">S\u00e9curit\u00e9 des patients et qualit\u00e9 des produits<\/a><\/h3>\t\t\t\t\t\t\t\t<\/div>\n\t\t\t\t<\/div>\n\t\t\t\t\t<\/div>\n\t\t\t\t<\/div>\n\t\t\t\t<\/div>\n\t\t","protected":false},"excerpt":{"rendered":"<p>Essais cliniques Nous concevons et menons des essais cliniques de mani\u00e8re r\u00e9fl\u00e9chie pour \u00e9valuer la s\u00e9curit\u00e9 d\u2019emploi et l\u2019efficacit\u00e9 de nos th\u00e9rapies, en travaillant de mani\u00e8re interfonctionnelle et collaborative pour nous assurer que nos essais soient con\u00e7us et ex\u00e9cut\u00e9s en mettant l\u2019accent sur la conformit\u00e9. Nous menons les essais de mani\u00e8re \u00e9thique et maintenons les [&hellip;]<\/p>\n","protected":false},"author":1,"featured_media":0,"parent":831,"menu_order":10,"comment_status":"closed","ping_status":"closed","template":"","meta":{"_genesis_hide_title":false,"_genesis_hide_breadcrumbs":false,"_genesis_hide_singular_image":false,"_genesis_hide_footer_widgets":false,"_genesis_custom_body_class":"","_genesis_custom_post_class":"","_genesis_layout":"","footnotes":""},"class_list":{"0":"post-839","1":"page","2":"type-page","3":"status-publish","5":"entry"},"_links":{"self":[{"href":"https:\/\/code.insmed.com\/fr\/wp-json\/wp\/v2\/pages\/839","targetHints":{"allow":["GET"]}}],"collection":[{"href":"https:\/\/code.insmed.com\/fr\/wp-json\/wp\/v2\/pages"}],"about":[{"href":"https:\/\/code.insmed.com\/fr\/wp-json\/wp\/v2\/types\/page"}],"author":[{"embeddable":true,"href":"https:\/\/code.insmed.com\/fr\/wp-json\/wp\/v2\/users\/1"}],"replies":[{"embeddable":true,"href":"https:\/\/code.insmed.com\/fr\/wp-json\/wp\/v2\/comments?post=839"}],"version-history":[{"count":0,"href":"https:\/\/code.insmed.com\/fr\/wp-json\/wp\/v2\/pages\/839\/revisions"}],"up":[{"embeddable":true,"href":"https:\/\/code.insmed.com\/fr\/wp-json\/wp\/v2\/pages\/831"}],"wp:attachment":[{"href":"https:\/\/code.insmed.com\/fr\/wp-json\/wp\/v2\/media?parent=839"}],"curies":[{"name":"wp","href":"https:\/\/api.w.org\/{rel}","templated":true}]}}