{"id":842,"date":"2025-08-28T20:58:23","date_gmt":"2025-08-29T00:58:23","guid":{"rendered":"https:\/\/codeofconduct1.wpenginepowered.com\/confiance-et-transparence-avec-les-professionnels-de-sante\/"},"modified":"2025-10-27T14:40:31","modified_gmt":"2025-10-27T18:40:31","slug":"confiance-et-transparence-avec-les-professionnels-de-sante","status":"publish","type":"page","link":"https:\/\/code.insmed.com\/fr\/confiance-et-transparence-avec-les-professionnels-de-sante\/","title":{"rendered":"Confiance et transparence avec les professionnels de sant\u00e9"},"content":{"rendered":"\t\t<div data-elementor-type=\"wp-page\" data-elementor-id=\"842\" class=\"elementor elementor-842 elementor-23\" data-elementor-post-type=\"page\">\n\t\t\t\t<div class=\"elementor-element elementor-element-7d41aa1 subpage-header top-level-header trust-transparency-header e-flex e-con-boxed e-con e-parent\" data-id=\"7d41aa1\" data-element_type=\"container\" data-e-type=\"container\">\n\t\t\t\t\t<div class=\"e-con-inner\">\n\t\t<div class=\"elementor-element elementor-element-c0fd187 e-con-full e-flex e-con e-child\" data-id=\"c0fd187\" data-element_type=\"container\" data-e-type=\"container\">\n\t\t\t\t<div class=\"elementor-element elementor-element-c48e82f elementor-view-default elementor-invisible elementor-widget elementor-widget-icon\" data-id=\"c48e82f\" data-element_type=\"widget\" data-e-type=\"widget\" data-settings=\"{&quot;_animation&quot;:&quot;fadeIn&quot;,&quot;_animation_delay&quot;:150}\" data-widget_type=\"icon.default\">\n\t\t\t\t\t\t\t<div class=\"elementor-icon-wrapper\">\n\t\t\t<div class=\"elementor-icon\">\n\t\t\t<svg xmlns=\"http:\/\/www.w3.org\/2000\/svg\" width=\"45\" height=\"40\" viewBox=\"0 0 45 40\" fill=\"none\"><path d=\"M22.3804 1.00341C23.0129 1.00341 23.5964 1.22699 24.0545 1.59781L43.5828 17.3251C43.6973 17.4233 43.7682 17.5651 43.7682 17.7341C43.7682 17.8541 43.73 17.9577 43.6646 18.045L42.6066 19.3429C42.5085 19.4574 42.3722 19.5283 42.214 19.5283C42.094 19.5283 41.9795 19.4901 41.8923 19.4138L39.0129 17.0907V37.8187C39.0129 38.4731 38.4785 39.002 37.8296 39.002H6.93659C6.28219 39.002 5.75323 38.4676 5.75323 37.8187V17.0852L2.87933 19.4083C2.79207 19.4792 2.67757 19.5228 2.5576 19.5228C2.39946 19.5228 2.2522 19.4519 2.16495 19.3374L1.107 18.0395C1.03611 17.9523 0.992472 17.8378 0.992472 17.7287C0.992472 17.5706 1.06338 17.4342 1.1779 17.3361L20.6953 1.60327C21.1533 1.23245 21.7423 1.00886 22.3749 1.00886M22.3804 0.0109006C21.5405 0.0109006 20.7226 0.299937 20.0736 0.823454L0.556215 16.5562C0.556215 16.5562 0.539867 16.5671 0.534413 16.578C0.196308 16.8671 0 17.287 0 17.7287C0 18.0723 0.11997 18.4049 0.338102 18.6721L1.39059 19.9645C1.6578 20.3027 2.09952 20.5153 2.5576 20.5153C2.90661 20.5153 3.24471 20.3954 3.50647 20.1772L4.75527 19.1684V37.8187C4.75527 39.0239 5.73141 40 6.93659 40H37.8296C39.0348 40 40.0109 39.0239 40.0109 37.8187V19.1738L41.2706 20.1881C41.5324 20.4008 41.8705 20.5208 42.214 20.5208C42.6557 20.5208 43.0756 20.3245 43.3647 19.9864L44.4335 18.6721C44.4335 18.6721 44.4553 18.6449 44.4662 18.6285C44.6571 18.3613 44.7607 18.0504 44.7607 17.7287C44.7607 17.2761 44.5644 16.8562 44.2263 16.5617C44.2208 16.5562 44.2099 16.5508 44.2045 16.5399L24.6762 0.812537C24.0273 0.28902 23.2093 0 22.3804 0V0.0109006Z\" fill=\"#26005A\"><\/path><path d=\"M20.2755 14.6367H24.4909C24.8726 14.6367 25.1943 14.9476 25.1943 15.3402V20.2536H30.1078C30.4895 20.2536 30.8113 20.5645 30.8113 20.9571V25.1725C30.8113 25.5542 30.5004 25.876 30.1078 25.876H25.1943V30.7894C25.1943 31.1711 24.8835 31.4929 24.4909 31.4929H20.2755C19.8937 31.4929 19.572 31.182 19.572 30.7894V25.876H14.6585C14.2768 25.876 13.9551 25.5651 13.9551 25.1725V20.9571C13.9551 20.5754 14.2659 20.2536 14.6585 20.2536H19.572V15.3402C19.572 14.9585 19.8828 14.6367 20.2755 14.6367Z\" stroke=\"#26005A\" stroke-linecap=\"round\" stroke-linejoin=\"round\"><\/path><\/svg>\t\t\t<\/div>\n\t\t<\/div>\n\t\t\t\t\t\t<\/div>\n\t\t\t\t<div class=\"elementor-element elementor-element-e5fc1dc elementor-invisible elementor-widget elementor-widget-text-editor\" data-id=\"e5fc1dc\" data-element_type=\"widget\" data-e-type=\"widget\" data-settings=\"{&quot;_animation&quot;:&quot;fadeIn&quot;,&quot;_animation_delay&quot;:300}\" data-widget_type=\"text-editor.default\">\n\t\t\t\t\t\t\t\t\t<h1>Confiance et transparence avec les professionnels de sant\u00e9<\/h1><p>Nous veillons \u00e0 ce que les professionnels de sant\u00e9 (PS) et les patients puissent prendre des d\u00e9cisions \u00e9clair\u00e9es et s\u00fbres concernant l\u2019utilisation de nos produits. Pour ce faire, nous nous conformons aux r\u00e8gles, r\u00e9glementations, codes et normes du secteur pour nos interactions avec les professionnels de sant\u00e9.<\/p>\t\t\t\t\t\t\t\t<\/div>\n\t\t\t\t<\/div>\n\t\t<div class=\"elementor-element elementor-element-97c08b6 e-con-full header-img-col e-flex elementor-invisible e-con e-child\" data-id=\"97c08b6\" data-element_type=\"container\" data-e-type=\"container\" data-settings=\"{&quot;animation&quot;:&quot;fadeIn&quot;,&quot;animation_delay&quot;:450}\">\n\t\t\t\t<div class=\"elementor-element elementor-element-780ada1 rounded-img elementor-widget elementor-widget-image\" data-id=\"780ada1\" data-element_type=\"widget\" data-e-type=\"widget\" data-widget_type=\"image.default\">\n\t\t\t\t\t\t\t\t\t\t\t\t\t\t\t<img fetchpriority=\"high\" decoding=\"async\" width=\"880\" height=\"1120\" src=\"https:\/\/code.insmed.com\/wp-content\/uploads\/2025\/09\/iStock-1414091143-1.webp\" class=\"attachment-full size-full wp-image-841\" alt=\"\" srcset=\"https:\/\/code.insmed.com\/wp-content\/uploads\/2025\/09\/iStock-1414091143-1.webp 880w, https:\/\/code.insmed.com\/wp-content\/uploads\/2025\/09\/iStock-1414091143-1-236x300.webp 236w, https:\/\/code.insmed.com\/wp-content\/uploads\/2025\/09\/iStock-1414091143-1-805x1024.webp 805w, https:\/\/code.insmed.com\/wp-content\/uploads\/2025\/09\/iStock-1414091143-1-768x977.webp 768w\" sizes=\"(max-width: 880px) 100vw, 880px\" \/>\t\t\t\t\t\t\t\t\t\t\t\t\t\t\t<\/div>\n\t\t\t\t<\/div>\n\t\t\t\t\t<\/div>\n\t\t\t\t<\/div>\n\t\t<div class=\"elementor-element elementor-element-9d32680 start-exploring-row e-flex e-con-boxed e-con e-parent\" data-id=\"9d32680\" data-element_type=\"container\" data-e-type=\"container\">\n\t\t\t\t\t<div class=\"e-con-inner\">\n\t\t<div class=\"elementor-element elementor-element-1e6f08c e-con-full e-flex elementor-invisible e-con e-child\" data-id=\"1e6f08c\" data-element_type=\"container\" data-e-type=\"container\" data-settings=\"{&quot;animation&quot;:&quot;fadeInUp&quot;}\">\n\t\t\t\t<div class=\"elementor-element elementor-element-2f44b95 elementor-widget elementor-widget-text-editor\" data-id=\"2f44b95\" data-element_type=\"widget\" data-e-type=\"widget\" data-widget_type=\"text-editor.default\">\n\t\t\t\t\t\t\t\t\t<h2>Commencer \u00e0 explorer<\/h2>\t\t\t\t\t\t\t\t<\/div>\n\t\t\t\t<\/div>\n\t\t<div class=\"elementor-element elementor-element-1d0f545 e-con-full card e-flex elementor-invisible e-con e-child\" data-id=\"1d0f545\" data-element_type=\"container\" data-e-type=\"container\" data-settings=\"{&quot;animation&quot;:&quot;fadeInUp&quot;}\">\n\t\t\t\t<div class=\"elementor-element elementor-element-8e3d337 elementor-widget elementor-widget-text-editor\" data-id=\"8e3d337\" data-element_type=\"widget\" data-e-type=\"widget\" data-widget_type=\"text-editor.default\">\n\t\t\t\t\t\t\t\t\t<h3><a href=\"https:\/\/code.insmed.com\/fr\/confiance-et-transparence-avec-les-professionnels-de-sante\/interactions-avec-les-professionnels-de-sante\/\">Interactions avec les professionnels de sant\u00e9<\/a><\/h3><p><strong>Les sujets abord\u00e9s comprennent :<\/strong> une communication transparente, des informations objectives et exactes<\/p>\t\t\t\t\t\t\t\t<\/div>\n\t\t\t\t<\/div>\n\t\t<div class=\"elementor-element elementor-element-ad30947 e-con-full card e-flex elementor-invisible e-con e-child\" data-id=\"ad30947\" data-element_type=\"container\" data-e-type=\"container\" data-settings=\"{&quot;animation&quot;:&quot;fadeInUp&quot;,&quot;animation_delay&quot;:150}\">\n\t\t\t\t<div class=\"elementor-element elementor-element-c188b3c elementor-widget elementor-widget-text-editor\" data-id=\"c188b3c\" data-element_type=\"widget\" data-e-type=\"widget\" data-widget_type=\"text-editor.default\">\n\t\t\t\t\t\t\t\t\t<h3><a href=\"https:\/\/code.insmed.com\/fr\/confiance-et-transparence-avec-les-professionnels-de-sante\/pratiques-marketing-et-promotionnelles\/\">Pratiques marketing et promotionnelles<\/a><\/h3><p><strong>Les sujets abord\u00e9s comprennent :<\/strong> les politiques et la formation relatives \u00e0 la promotion des produits, les demandes d\u2019informations m\u00e9dicales<\/p>\t\t\t\t\t\t\t\t<\/div>\n\t\t\t\t<\/div>\n\t\t<div class=\"elementor-element elementor-element-fbd7dfc e-con-full card e-flex elementor-invisible e-con e-child\" data-id=\"fbd7dfc\" data-element_type=\"container\" data-e-type=\"container\" data-settings=\"{&quot;animation&quot;:&quot;fadeInUp&quot;,&quot;animation_delay&quot;:150}\">\n\t\t\t\t<div class=\"elementor-element elementor-element-1dec23d elementor-widget elementor-widget-text-editor\" data-id=\"1dec23d\" data-element_type=\"widget\" data-e-type=\"widget\" data-widget_type=\"text-editor.default\">\n\t\t\t\t\t\t\t\t\t<h3><a href=\"https:\/\/code.insmed.com\/fr\/confiance-et-transparence-avec-les-professionnels-de-sante\/repas-articles-educatifs-et-cadeaux\/\">Repas, articles \u00e9ducatifs et cadeaux<\/a><\/h3><p>Les sujets abord\u00e9s comprennent : les politiques relatives aux cadeaux et aux courtoisies<\/p>\t\t\t\t\t\t\t\t<\/div>\n\t\t\t\t<\/div>\n\t\t\t\t\t<\/div>\n\t\t\t\t<\/div>\n\t\t<div class=\"elementor-element elementor-element-7f20eab dark-violet-row vyv-row e-flex e-con-boxed e-con e-parent\" data-id=\"7f20eab\" data-element_type=\"container\" data-e-type=\"container\">\n\t\t\t\t\t<div class=\"e-con-inner\">\n\t\t<div class=\"elementor-element elementor-element-a033150 e-con-full e-flex elementor-invisible e-con e-child\" data-id=\"a033150\" data-element_type=\"container\" data-e-type=\"container\" data-settings=\"{&quot;animation&quot;:&quot;fadeInUp&quot;}\">\n\t\t\t\t<div class=\"elementor-element elementor-element-51f7e11 elementor-widget elementor-widget-image\" data-id=\"51f7e11\" data-element_type=\"widget\" data-e-type=\"widget\" data-widget_type=\"image.default\">\n\t\t\t\t\t\t\t\t\t\t\t\t\t\t\t<img decoding=\"async\" src=\"https:\/\/code.insmed.com\/wp-content\/uploads\/2025\/09\/vov-white.svg\" class=\"attachment-full size-full wp-image-761\" alt=\"Voici Nos Valeurs\" \/>\t\t\t\t\t\t\t\t\t\t\t\t\t\t\t<\/div>\n\t\t\t\t<\/div>\n\t\t<div class=\"elementor-element elementor-element-5e9a415 e-con-full e-flex elementor-invisible e-con e-child\" data-id=\"5e9a415\" data-element_type=\"container\" data-e-type=\"container\" data-settings=\"{&quot;animation&quot;:&quot;fadeInUp&quot;,&quot;animation_delay&quot;:150}\">\n\t\t\t\t<div class=\"elementor-element elementor-element-f481abf elementor-widget elementor-widget-text-editor\" data-id=\"f481abf\" data-element_type=\"widget\" data-e-type=\"widget\" data-widget_type=\"text-editor.default\">\n\t\t\t\t\t\t\t\t\t<p>Notre programme mondial de prise de parole aide \u00e0 d\u00e9fendre et prot\u00e9ger les valeurs et la culture d\u2019Insmed en utilisant votre voix. Insmed a une approche ouverte lorsqu\u2019il s\u2019agit de prendre la parole. Si vous voyez quelque chose, dites-le. Insmed has an open-door approach when it comes to speaking up. If you see something, say something.<\/p><p><a class=\"text-link\" href=\"https:\/\/code.insmed.com\/fr\/voici-nos-valeurs\/\">Apprenez \u00e0 exprimer nos valeurs<\/a><\/p>\t\t\t\t\t\t\t\t<\/div>\n\t\t\t\t<\/div>\n\t\t\t\t\t<\/div>\n\t\t\t\t<\/div>\n\t\t\t\t<\/div>\n\t\t","protected":false},"excerpt":{"rendered":"<p>Confiance et transparence avec les professionnels de sant\u00e9 Nous veillons \u00e0 ce que les professionnels de sant\u00e9 (PS) et les patients puissent prendre des d\u00e9cisions \u00e9clair\u00e9es et s\u00fbres concernant l\u2019utilisation de nos produits. Pour ce faire, nous nous conformons aux r\u00e8gles, r\u00e9glementations, codes et normes du secteur pour nos interactions avec les professionnels de sant\u00e9. [&hellip;]<\/p>\n","protected":false},"author":1,"featured_media":0,"parent":0,"menu_order":10,"comment_status":"closed","ping_status":"closed","template":"","meta":{"_genesis_hide_title":false,"_genesis_hide_breadcrumbs":false,"_genesis_hide_singular_image":false,"_genesis_hide_footer_widgets":false,"_genesis_custom_body_class":"","_genesis_custom_post_class":"","_genesis_layout":"","footnotes":""},"class_list":{"0":"post-842","1":"page","2":"type-page","3":"status-publish","5":"entry"},"_links":{"self":[{"href":"https:\/\/code.insmed.com\/fr\/wp-json\/wp\/v2\/pages\/842","targetHints":{"allow":["GET"]}}],"collection":[{"href":"https:\/\/code.insmed.com\/fr\/wp-json\/wp\/v2\/pages"}],"about":[{"href":"https:\/\/code.insmed.com\/fr\/wp-json\/wp\/v2\/types\/page"}],"author":[{"embeddable":true,"href":"https:\/\/code.insmed.com\/fr\/wp-json\/wp\/v2\/users\/1"}],"replies":[{"embeddable":true,"href":"https:\/\/code.insmed.com\/fr\/wp-json\/wp\/v2\/comments?post=842"}],"version-history":[{"count":0,"href":"https:\/\/code.insmed.com\/fr\/wp-json\/wp\/v2\/pages\/842\/revisions"}],"wp:attachment":[{"href":"https:\/\/code.insmed.com\/fr\/wp-json\/wp\/v2\/media?parent=842"}],"curies":[{"name":"wp","href":"https:\/\/api.w.org\/{rel}","templated":true}]}}