{"id":846,"date":"2025-08-28T20:58:23","date_gmt":"2025-08-29T00:58:23","guid":{"rendered":"https:\/\/codeofconduct1.wpenginepowered.com\/confiance-et-transparence-avec-les-professionnels-de-sante\/interactions-avec-les-professionnels-de-sante\/"},"modified":"2025-10-27T14:40:58","modified_gmt":"2025-10-27T18:40:58","slug":"interactions-avec-les-professionnels-de-sante","status":"publish","type":"page","link":"https:\/\/code.insmed.com\/fr\/confiance-et-transparence-avec-les-professionnels-de-sante\/interactions-avec-les-professionnels-de-sante\/","title":{"rendered":"Interactions avec les professionnels de sant\u00e9"},"content":{"rendered":"\t\t<div data-elementor-type=\"wp-page\" data-elementor-id=\"846\" class=\"elementor elementor-846 elementor-25\" data-elementor-post-type=\"page\">\n\t\t\t\t<div class=\"elementor-element elementor-element-0d08f5d subpage-header lightest-gray-row e-flex e-con-boxed e-con e-parent\" data-id=\"0d08f5d\" data-element_type=\"container\" data-e-type=\"container\">\n\t\t\t\t\t<div class=\"e-con-inner\">\n\t\t<div class=\"elementor-element elementor-element-41592da e-con-full e-flex e-con e-child\" data-id=\"41592da\" data-element_type=\"container\" data-e-type=\"container\">\n\t\t\t\t<div class=\"elementor-element elementor-element-c96e0f0 rainbow-h1 elementor-widget elementor-widget-text-editor\" data-id=\"c96e0f0\" data-element_type=\"widget\" data-e-type=\"widget\" data-widget_type=\"text-editor.default\">\n\t\t\t\t\t\t\t\t\t<h1 style=\"text-align: center;\">Interactions avec les professionnels de sant\u00e9<\/h1><p style=\"text-align: center;\">Chez Insmed, nous communiquons souvent avec des professionnels de sant\u00e9 (PS) pour partager des informations sur nos th\u00e9rapies et les pathologies li\u00e9es. Notre objectif est de veiller \u00e0 ce que ces personnes disposent d\u2019informations exactes et \u00e0 jour afin qu\u2019elles puissent prendre les meilleures d\u00e9cisions pour leurs patients. <\/p><p style=\"text-align: center;\">Tout le monde chez Insmed a un objectif commun : servir les patients. Bien que notre mission soit la m\u00eame, diff\u00e9rentes fonctions interagissent avec les PS de diff\u00e9rentes mani\u00e8res, et il est souvent n\u00e9cessaire de garder ces interactions distinctes. Quel que soit notre r\u00f4le, il est extr\u00eamement important que nous respections les r\u00e8gles, r\u00e9glementations et normes du secteur r\u00e9gissant la mani\u00e8re dont nous interagissons avec les PS. Nos politiques et directives internes nous aident \u00e0 nous assurer que les bonnes personnes sont impliqu\u00e9es dans les bonnes activit\u00e9s au bon moment.   <\/p>\t\t\t\t\t\t\t\t<\/div>\n\t\t\t\t<div class=\"elementor-element elementor-element-881ee20 scroll-down-indicator elementor-invisible elementor-widget elementor-widget-html\" data-id=\"881ee20\" data-element_type=\"widget\" data-e-type=\"widget\" data-settings=\"{&quot;_animation&quot;:&quot;fadeIn&quot;,&quot;_animation_delay&quot;:150}\" data-widget_type=\"html.default\">\n\t\t\t\t\t<i class=\"fa-sharp fa-regular fa-arrow-down-long\"><\/i>\t\t\t\t<\/div>\n\t\t\t\t<\/div>\n\t\t\t\t\t<\/div>\n\t\t\t\t<\/div>\n\t\t<div class=\"elementor-element elementor-element-be9b9cb how-we-do-it-row e-flex e-con-boxed e-con e-parent\" data-id=\"be9b9cb\" data-element_type=\"container\" data-e-type=\"container\">\n\t\t\t\t\t<div class=\"e-con-inner\">\n\t\t<div class=\"elementor-element elementor-element-5c4f9ee e-con-full how-we-do-it-list-col e-flex elementor-invisible e-con e-child\" data-id=\"5c4f9ee\" data-element_type=\"container\" data-e-type=\"container\" data-settings=\"{&quot;animation&quot;:&quot;fadeIn&quot;,&quot;animation_delay&quot;:150}\">\n\t\t\t\t<div class=\"elementor-element elementor-element-5512036 elementor-widget elementor-widget-text-editor\" data-id=\"5512036\" data-element_type=\"widget\" data-e-type=\"widget\" data-widget_type=\"text-editor.default\">\n\t\t\t\t\t\t\t\t\t<h2>Comment nous <br \/>le faisons<\/h2><ul><li>Nous veillons \u00e0 ce que les employ\u00e9s connaissent les r\u00e8gles et r\u00e9glementations qui s\u2019appliquent \u00e0 nos interactions avec les PS et les respectent en tout temps.<\/li><li>Nous communiquons avec les professionnels de sant\u00e9 uniquement pour partager des informations compl\u00e8tes et exactes sur nos produits.<\/li><li>Nous n\u2019essayons jamais d\u2019influencer le jugement m\u00e9dical ind\u00e9pendant d\u2019un PS au profit d\u2019Insmed (ou d\u2019un employ\u00e9).<\/li><li>Nous ne promouvons jamais les utilisations non approuv\u00e9es ou exp\u00e9rimentales des produits.<\/li><li>Nous respectons les r\u00e8gles r\u00e9gissant l&rsquo;\u00e9change scientifique pour toute communication hors indication.<\/li><li>Nous avons mis en place des politiques et des processus rigoureux pour nous assurer que les documents et communications destin\u00e9s aux PS sont sinc\u00e8res, justes, objectifs et \u00e9tay\u00e9s par une labellisation approuv\u00e9e ou des donn\u00e9es appropri\u00e9es.<\/li><li>Nous respectons les nombreux codes, lois et r\u00e9glementations de l\u2019industrie qui interdisent ou restreignent l\u2019\u00e9change de cadeaux et de divertissements entre nos employ\u00e9s et les professionnels de sant\u00e9 avec lesquels nous travaillons.<\/li><\/ul>\t\t\t\t\t\t\t\t<\/div>\n\t\t\t\t<\/div>\n\t\t<div class=\"elementor-element elementor-element-463c7e9 e-con-full how-we-do-it-img-col elementor-hidden-tablet elementor-hidden-mobile e-flex elementor-invisible e-con e-child\" data-id=\"463c7e9\" data-element_type=\"container\" data-e-type=\"container\" data-settings=\"{&quot;animation&quot;:&quot;fadeIn&quot;,&quot;animation_delay&quot;:300}\">\n\t\t\t\t<div class=\"elementor-element elementor-element-cdf771b rounded-img elementor-widget elementor-widget-image\" data-id=\"cdf771b\" data-element_type=\"widget\" data-e-type=\"widget\" data-widget_type=\"image.default\">\n\t\t\t\t\t\t\t\t\t\t\t\t\t\t\t<img fetchpriority=\"high\" decoding=\"async\" width=\"550\" height=\"640\" src=\"https:\/\/code.insmed.com\/wp-content\/uploads\/2025\/09\/2022_Insmed-16.webp\" class=\"attachment-full size-full wp-image-845\" alt=\"\" srcset=\"https:\/\/code.insmed.com\/wp-content\/uploads\/2025\/09\/2022_Insmed-16.webp 550w, https:\/\/code.insmed.com\/wp-content\/uploads\/2025\/09\/2022_Insmed-16-258x300.webp 258w\" sizes=\"(max-width: 550px) 100vw, 550px\" \/>\t\t\t\t\t\t\t\t\t\t\t\t\t\t\t<\/div>\n\t\t\t\t<\/div>\n\t\t\t\t\t<\/div>\n\t\t\t\t<\/div>\n\t\t<div class=\"elementor-element elementor-element-e6c6288 did-you-know-row e-flex e-con-boxed e-con e-parent\" data-id=\"e6c6288\" data-element_type=\"container\" data-e-type=\"container\">\n\t\t\t\t\t<div class=\"e-con-inner\">\n\t\t<div class=\"elementor-element elementor-element-4d0a8b8 e-con-full callout-card e-flex elementor-invisible e-con e-child\" data-id=\"4d0a8b8\" data-element_type=\"container\" data-e-type=\"container\" data-settings=\"{&quot;animation&quot;:&quot;fadeInUp&quot;}\">\n\t\t<div class=\"elementor-element elementor-element-31e1753 e-con-full callout-icon e-flex e-con e-child\" data-id=\"31e1753\" data-element_type=\"container\" data-e-type=\"container\">\n\t\t\t\t<div class=\"elementor-element elementor-element-2fe4c0a elementor-widget elementor-widget-image\" data-id=\"2fe4c0a\" data-element_type=\"widget\" data-e-type=\"widget\" data-widget_type=\"image.default\">\n\t\t\t\t\t\t\t\t\t\t\t\t\t\t\t<img decoding=\"async\" width=\"40\" height=\"40\" src=\"https:\/\/code.insmed.com\/wp-content\/uploads\/2025\/09\/did-you-know-icon.svg\" class=\"attachment-full size-full wp-image-835\" alt=\"\" \/>\t\t\t\t\t\t\t\t\t\t\t\t\t\t\t<\/div>\n\t\t\t\t<\/div>\n\t\t<div class=\"elementor-element elementor-element-e37e87f e-con-full callout-header e-flex e-con e-child\" data-id=\"e37e87f\" data-element_type=\"container\" data-e-type=\"container\">\n\t\t\t\t<div class=\"elementor-element elementor-element-854d069 elementor-widget elementor-widget-text-editor\" data-id=\"854d069\" data-element_type=\"widget\" data-e-type=\"widget\" data-widget_type=\"text-editor.default\">\n\t\t\t\t\t\t\t\t\t<h2>Le saviez-vous ?<\/h2>\t\t\t\t\t\t\t\t<\/div>\n\t\t\t\t<\/div>\n\t\t<div class=\"elementor-element elementor-element-7024dc2 e-con-full callout-body e-flex e-con e-child\" data-id=\"7024dc2\" data-element_type=\"container\" data-e-type=\"container\">\n\t\t\t\t<div class=\"elementor-element elementor-element-3488b78 elementor-widget elementor-widget-text-editor\" data-id=\"3488b78\" data-element_type=\"widget\" data-e-type=\"widget\" data-widget_type=\"text-editor.default\">\n\t\t\t\t\t\t\t\t\t<p>Les PS comprennent les m\u00e9decins, les assistants m\u00e9dicaux, les infirmiers praticiens, les infirmiers, les pharmaciens et tout autre prestataire capable de prescrire, administrer, acheter ou recommander des produits ou services m\u00e9dicamenteux.<\/p>\t\t\t\t\t\t\t\t<\/div>\n\t\t\t\t<\/div>\n\t\t\t\t<\/div>\n\t\t\t\t\t<\/div>\n\t\t\t\t<\/div>\n\t\t<div class=\"elementor-element elementor-element-613603f continue-exploring-row dark-violet-row e-flex e-con-boxed e-con e-parent\" data-id=\"613603f\" data-element_type=\"container\" data-e-type=\"container\">\n\t\t\t\t\t<div class=\"e-con-inner\">\n\t\t<div class=\"elementor-element elementor-element-59d6052 e-con-full continue-exploring-header e-flex elementor-invisible e-con e-child\" data-id=\"59d6052\" data-element_type=\"container\" data-e-type=\"container\" data-settings=\"{&quot;animation&quot;:&quot;fadeInUp&quot;}\">\n\t\t\t\t<div class=\"elementor-element elementor-element-8cb16d6 elementor-widget elementor-widget-text-editor\" data-id=\"8cb16d6\" data-element_type=\"widget\" data-e-type=\"widget\" data-widget_type=\"text-editor.default\">\n\t\t\t\t\t\t\t\t\tCommencer \u00e0 explorer\n<h2>Confiance et transparence avec les professionnels de sant\u00e9<\/h2>\t\t\t\t\t\t\t\t<\/div>\n\t\t\t\t<\/div>\n\t\t<div class=\"elementor-element elementor-element-7c97975 e-con-full card e-flex elementor-invisible e-con e-child\" data-id=\"7c97975\" data-element_type=\"container\" data-e-type=\"container\" data-settings=\"{&quot;animation&quot;:&quot;fadeInUp&quot;,&quot;animation_delay&quot;:150}\">\n\t\t\t\t<div class=\"elementor-element elementor-element-525a9f4 elementor-widget elementor-widget-text-editor\" data-id=\"525a9f4\" data-element_type=\"widget\" data-e-type=\"widget\" data-widget_type=\"text-editor.default\">\n\t\t\t\t\t\t\t\t\t<h3><a href=\"https:\/\/code.insmed.com\/fr\/confiance-et-transparence-avec-les-professionnels-de-sante\/pratiques-marketing-et-promotionnelles\/\">Pratiques marketing et promotionnelles<\/a><\/h3>\t\t\t\t\t\t\t\t<\/div>\n\t\t\t\t<\/div>\n\t\t<div class=\"elementor-element elementor-element-6bab6cf e-con-full card e-flex elementor-invisible e-con e-child\" data-id=\"6bab6cf\" data-element_type=\"container\" data-e-type=\"container\" data-settings=\"{&quot;animation&quot;:&quot;fadeInUp&quot;,&quot;animation_delay&quot;:150}\">\n\t\t\t\t<div class=\"elementor-element elementor-element-7c0f1cc elementor-widget elementor-widget-text-editor\" data-id=\"7c0f1cc\" data-element_type=\"widget\" data-e-type=\"widget\" data-widget_type=\"text-editor.default\">\n\t\t\t\t\t\t\t\t\t<h3><a href=\"https:\/\/code.insmed.com\/fr\/confiance-et-transparence-avec-les-professionnels-de-sante\/repas-articles-educatifs-et-cadeaux\/\">Repas, articles \u00e9ducatifs et cadeaux<\/a><\/h3>\t\t\t\t\t\t\t\t<\/div>\n\t\t\t\t<\/div>\n\t\t\t\t\t<\/div>\n\t\t\t\t<\/div>\n\t\t\t\t<\/div>\n\t\t","protected":false},"excerpt":{"rendered":"<p>Interactions avec les professionnels de sant\u00e9 Chez Insmed, nous communiquons souvent avec des professionnels de sant\u00e9 (PS) pour partager des informations sur nos th\u00e9rapies et les pathologies li\u00e9es. Notre objectif est de veiller \u00e0 ce que ces personnes disposent d\u2019informations exactes et \u00e0 jour afin qu\u2019elles puissent prendre les meilleures d\u00e9cisions pour leurs patients. Tout [&hellip;]<\/p>\n","protected":false},"author":1,"featured_media":0,"parent":842,"menu_order":10,"comment_status":"closed","ping_status":"closed","template":"","meta":{"_genesis_hide_title":false,"_genesis_hide_breadcrumbs":false,"_genesis_hide_singular_image":false,"_genesis_hide_footer_widgets":false,"_genesis_custom_body_class":"","_genesis_custom_post_class":"","_genesis_layout":"","footnotes":""},"class_list":{"0":"post-846","1":"page","2":"type-page","3":"status-publish","5":"entry"},"_links":{"self":[{"href":"https:\/\/code.insmed.com\/fr\/wp-json\/wp\/v2\/pages\/846","targetHints":{"allow":["GET"]}}],"collection":[{"href":"https:\/\/code.insmed.com\/fr\/wp-json\/wp\/v2\/pages"}],"about":[{"href":"https:\/\/code.insmed.com\/fr\/wp-json\/wp\/v2\/types\/page"}],"author":[{"embeddable":true,"href":"https:\/\/code.insmed.com\/fr\/wp-json\/wp\/v2\/users\/1"}],"replies":[{"embeddable":true,"href":"https:\/\/code.insmed.com\/fr\/wp-json\/wp\/v2\/comments?post=846"}],"version-history":[{"count":0,"href":"https:\/\/code.insmed.com\/fr\/wp-json\/wp\/v2\/pages\/846\/revisions"}],"up":[{"embeddable":true,"href":"https:\/\/code.insmed.com\/fr\/wp-json\/wp\/v2\/pages\/842"}],"wp:attachment":[{"href":"https:\/\/code.insmed.com\/fr\/wp-json\/wp\/v2\/media?parent=846"}],"curies":[{"name":"wp","href":"https:\/\/api.w.org\/{rel}","templated":true}]}}