{"id":863,"date":"2025-08-28T20:58:23","date_gmt":"2025-08-29T00:58:23","guid":{"rendered":"https:\/\/codeofconduct1.wpenginepowered.com\/nos-collaborateurs-et-notre-culture\/confidentialite\/"},"modified":"2025-10-27T14:47:39","modified_gmt":"2025-10-27T18:47:39","slug":"confidentialite","status":"publish","type":"page","link":"https:\/\/code.insmed.com\/fr\/nos-collaborateurs-et-notre-culture\/confidentialite\/","title":{"rendered":"Confidentialit\u00e9"},"content":{"rendered":"\t\t<div data-elementor-type=\"wp-page\" data-elementor-id=\"863\" class=\"elementor elementor-863 elementor-35\" data-elementor-post-type=\"page\">\n\t\t\t\t<div class=\"elementor-element elementor-element-0b4a773 subpage-header lightest-gray-row e-flex e-con-boxed e-con e-parent\" data-id=\"0b4a773\" data-element_type=\"container\" data-e-type=\"container\">\n\t\t\t\t\t<div class=\"e-con-inner\">\n\t\t<div class=\"elementor-element elementor-element-b87734c e-con-full e-flex e-con e-child\" data-id=\"b87734c\" data-element_type=\"container\" data-e-type=\"container\">\n\t\t\t\t<div class=\"elementor-element elementor-element-006e8b6 rainbow-h1 elementor-widget elementor-widget-text-editor\" data-id=\"006e8b6\" data-element_type=\"widget\" data-e-type=\"widget\" data-widget_type=\"text-editor.default\">\n\t\t\t\t\t\t\t\t\t<h1 style=\"text-align: center;\">Confidentialit\u00e9<\/h1><p style=\"text-align: center;\">Il nous incombe de prot\u00e9ger les donn\u00e9es \u00e0 caract\u00e8re personnel auxquelles nous acc\u00e9dons, que nous recueillons et que nous utilisons contre tout acc\u00e8s, utilisation ou divulgation non autoris\u00e9(e). Cela comprend les informations que nous conservons sur nos employ\u00e9s, nos patients, nos professionnels de sant\u00e9 et le public. Nous exigeons le respect de toutes les lois, r\u00e8gles et r\u00e9glementations applicables prot\u00e9geant les donn\u00e9es \u00e0 caract\u00e8re personnel, et suivons tous les syst\u00e8mes, politiques et proc\u00e9dures en place pour les prot\u00e9ger. Nous choisissons \u00e9galement de travailler avec des partenaires commerciaux qui partagent notre engagement \u00e0 prot\u00e9ger la confidentialit\u00e9 des donn\u00e9es \u00e0 caract\u00e8re personnel.   <\/p>\t\t\t\t\t\t\t\t<\/div>\n\t\t\t\t<div class=\"elementor-element elementor-element-6b2823a scroll-down-indicator elementor-invisible elementor-widget elementor-widget-html\" data-id=\"6b2823a\" data-element_type=\"widget\" data-e-type=\"widget\" data-settings=\"{&quot;_animation&quot;:&quot;fadeIn&quot;,&quot;_animation_delay&quot;:150}\" data-widget_type=\"html.default\">\n\t\t\t\t\t<i class=\"fa-sharp fa-regular fa-arrow-down-long\"><\/i>\t\t\t\t<\/div>\n\t\t\t\t<\/div>\n\t\t\t\t\t<\/div>\n\t\t\t\t<\/div>\n\t\t<div class=\"elementor-element elementor-element-2f91572 how-we-do-it-row e-flex e-con-boxed e-con e-parent\" data-id=\"2f91572\" data-element_type=\"container\" data-e-type=\"container\">\n\t\t\t\t\t<div class=\"e-con-inner\">\n\t\t<div class=\"elementor-element elementor-element-62f0fea e-con-full how-we-do-it-list-col e-flex elementor-invisible e-con e-child\" data-id=\"62f0fea\" data-element_type=\"container\" data-e-type=\"container\" data-settings=\"{&quot;animation&quot;:&quot;fadeIn&quot;,&quot;animation_delay&quot;:150}\">\n\t\t\t\t<div class=\"elementor-element elementor-element-c18bed1 elementor-widget elementor-widget-text-editor\" data-id=\"c18bed1\" data-element_type=\"widget\" data-e-type=\"widget\" data-widget_type=\"text-editor.default\">\n\t\t\t\t\t\t\t\t\t<h2>Comment nous <br \/>le faisons<\/h2><ul><li>Nous recueillons, acc\u00e9dons et utilisons les donn\u00e9es \u00e0 caract\u00e8re personnel uniquement pour une raison commerciale appropri\u00e9e.<\/li><li>Nous ne partageons pas les informations sur un patient sans le consentement du patient, \u00e0 moins que la loi ne l\u2019autorise ou ne l\u2019exige.<\/li><li>Nous prot\u00e9geons les donn\u00e9es \u00e0 caract\u00e8re personnel et ne les partageons qu&rsquo;avec les personnes autoris\u00e9es \u00e0 y acc\u00e9der.<\/li><\/ul>\t\t\t\t\t\t\t\t<\/div>\n\t\t\t\t<\/div>\n\t\t<div class=\"elementor-element elementor-element-50c0bfe e-con-full how-we-do-it-img-col elementor-hidden-tablet elementor-hidden-mobile e-flex elementor-invisible e-con e-child\" data-id=\"50c0bfe\" data-element_type=\"container\" data-e-type=\"container\" data-settings=\"{&quot;animation&quot;:&quot;fadeIn&quot;,&quot;animation_delay&quot;:300}\">\n\t\t\t\t<div class=\"elementor-element elementor-element-59e7419 rounded-img elementor-widget elementor-widget-image\" data-id=\"59e7419\" data-element_type=\"widget\" data-e-type=\"widget\" data-widget_type=\"image.default\">\n\t\t\t\t\t\t\t\t\t\t\t\t\t\t\t<img fetchpriority=\"high\" decoding=\"async\" width=\"550\" height=\"640\" src=\"https:\/\/code.insmed.com\/wp-content\/uploads\/2025\/09\/250407_INSMED_0848.webp\" class=\"attachment-full size-full wp-image-862\" alt=\"\" srcset=\"https:\/\/code.insmed.com\/wp-content\/uploads\/2025\/09\/250407_INSMED_0848.webp 550w, https:\/\/code.insmed.com\/wp-content\/uploads\/2025\/09\/250407_INSMED_0848-258x300.webp 258w\" sizes=\"(max-width: 550px) 100vw, 550px\" \/>\t\t\t\t\t\t\t\t\t\t\t\t\t\t\t<\/div>\n\t\t\t\t<\/div>\n\t\t\t\t\t<\/div>\n\t\t\t\t<\/div>\n\t\t<div class=\"elementor-element elementor-element-1bd022b did-you-know-row e-flex e-con-boxed e-con e-parent\" data-id=\"1bd022b\" data-element_type=\"container\" data-e-type=\"container\">\n\t\t\t\t\t<div class=\"e-con-inner\">\n\t\t<div class=\"elementor-element elementor-element-0148820 e-con-full callout-card e-flex elementor-invisible e-con e-child\" data-id=\"0148820\" data-element_type=\"container\" data-e-type=\"container\" data-settings=\"{&quot;animation&quot;:&quot;fadeInUp&quot;}\">\n\t\t<div class=\"elementor-element elementor-element-2ecae06 e-con-full callout-icon e-flex e-con e-child\" data-id=\"2ecae06\" data-element_type=\"container\" data-e-type=\"container\">\n\t\t\t\t<div class=\"elementor-element elementor-element-6d35648 elementor-widget elementor-widget-image\" data-id=\"6d35648\" data-element_type=\"widget\" data-e-type=\"widget\" data-widget_type=\"image.default\">\n\t\t\t\t\t\t\t\t\t\t\t\t\t\t\t<img decoding=\"async\" width=\"40\" height=\"40\" src=\"https:\/\/code.insmed.com\/wp-content\/uploads\/2025\/09\/did-you-know-icon.svg\" class=\"attachment-full size-full wp-image-835\" alt=\"\" \/>\t\t\t\t\t\t\t\t\t\t\t\t\t\t\t<\/div>\n\t\t\t\t<\/div>\n\t\t<div class=\"elementor-element elementor-element-f838977 e-con-full callout-header e-flex e-con e-child\" data-id=\"f838977\" data-element_type=\"container\" data-e-type=\"container\">\n\t\t\t\t<div class=\"elementor-element elementor-element-a9315a7 elementor-widget elementor-widget-text-editor\" data-id=\"a9315a7\" data-element_type=\"widget\" data-e-type=\"widget\" data-widget_type=\"text-editor.default\">\n\t\t\t\t\t\t\t\t\t<h2>Le saviez-vous ?<\/h2>\t\t\t\t\t\t\t\t<\/div>\n\t\t\t\t<\/div>\n\t\t<div class=\"elementor-element elementor-element-a94677f e-con-full callout-body e-flex e-con e-child\" data-id=\"a94677f\" data-element_type=\"container\" data-e-type=\"container\">\n\t\t\t\t<div class=\"elementor-element elementor-element-2616f44 elementor-widget elementor-widget-text-editor\" data-id=\"2616f44\" data-element_type=\"widget\" data-e-type=\"widget\" data-widget_type=\"text-editor.default\">\n\t\t\t\t\t\t\t\t\t<p>Les donn\u00e9es \u00e0 caract\u00e8re personnel sont des informations qui, seules ou en combinaison avec d\u2019autres informations, peuvent \u00eatre utilis\u00e9es pour identifier une personne. Les donn\u00e9es \u00e0 caract\u00e8re personnel qui peuvent \u00eatre utilis\u00e9es pour identifier directement une personne comprennent le nom de la personne, ses num\u00e9ros d\u2019identification personnels (par exemple, le num\u00e9ro de s\u00e9curit\u00e9 sociale), les informations m\u00e9dicales, le num\u00e9ro de permis de conduire, le num\u00e9ro de t\u00e9l\u00e9phone, l\u2019adresse \u00e9lectronique, l\u2019adresse postale et toute autre information ou identifiant qui leur sont propres. Les identifiants indirects ne sont pas uniques \u00e0 l\u2019individu et comprennent des d\u00e9tails personnels plus g\u00e9n\u00e9raux comme la race et le lieu de naissance. Bien qu\u2019un identifiant indirect unique ne puisse pas identifier une personne, une combinaison d\u2019identifiants indirects peut fournir des informations suffisantes pour identifier une personne.   <\/p>\t\t\t\t\t\t\t\t<\/div>\n\t\t\t\t<\/div>\n\t\t\t\t<\/div>\n\t\t\t\t\t<\/div>\n\t\t\t\t<\/div>\n\t\t<div class=\"elementor-element elementor-element-fb089ad continue-exploring-row dark-violet-row e-flex e-con-boxed e-con e-parent\" data-id=\"fb089ad\" data-element_type=\"container\" data-e-type=\"container\">\n\t\t\t\t\t<div class=\"e-con-inner\">\n\t\t<div class=\"elementor-element elementor-element-82ca5b9 e-con-full continue-exploring-header e-flex elementor-invisible e-con e-child\" data-id=\"82ca5b9\" data-element_type=\"container\" data-e-type=\"container\" data-settings=\"{&quot;animation&quot;:&quot;fadeInUp&quot;}\">\n\t\t\t\t<div class=\"elementor-element elementor-element-ab0795a elementor-widget elementor-widget-text-editor\" data-id=\"ab0795a\" data-element_type=\"widget\" data-e-type=\"widget\" data-widget_type=\"text-editor.default\">\n\t\t\t\t\t\t\t\t\t<p>Commencer \u00e0 explorer<\/p><h2>Nos collaborateurs et notre culture<\/h2>\t\t\t\t\t\t\t\t<\/div>\n\t\t\t\t<\/div>\n\t\t<div class=\"elementor-element elementor-element-1ac9cc6 e-con-full card e-flex elementor-invisible e-con e-child\" data-id=\"1ac9cc6\" data-element_type=\"container\" data-e-type=\"container\" data-settings=\"{&quot;animation&quot;:&quot;fadeInUp&quot;,&quot;animation_delay&quot;:150}\">\n\t\t\t\t<div class=\"elementor-element elementor-element-f860ce9 elementor-widget elementor-widget-text-editor\" data-id=\"f860ce9\" data-element_type=\"widget\" data-e-type=\"widget\" data-widget_type=\"text-editor.default\">\n\t\t\t\t\t\t\t\t\t<h3><a href=\"https:\/\/code.insmed.com\/fr\/nos-collaborateurs-et-notre-culture\/inclusion-et-respect\/\">Inclusion et respect<\/a><\/h3>\t\t\t\t\t\t\t\t<\/div>\n\t\t\t\t<\/div>\n\t\t<div class=\"elementor-element elementor-element-ac73949 e-con-full card e-flex elementor-invisible e-con e-child\" data-id=\"ac73949\" data-element_type=\"container\" data-e-type=\"container\" data-settings=\"{&quot;animation&quot;:&quot;fadeInUp&quot;,&quot;animation_delay&quot;:150}\">\n\t\t\t\t<div class=\"elementor-element elementor-element-dbec211 elementor-widget elementor-widget-text-editor\" data-id=\"dbec211\" data-element_type=\"widget\" data-e-type=\"widget\" data-widget_type=\"text-editor.default\">\n\t\t\t\t\t\t\t\t\t<h3><a href=\"https:\/\/code.insmed.com\/fr\/nos-collaborateurs-et-notre-culture\/securite-au-travail\/\">S\u00e9curit\u00e9 au travail<\/a><\/h3>\t\t\t\t\t\t\t\t<\/div>\n\t\t\t\t<\/div>\n\t\t<div class=\"elementor-element elementor-element-2dc922b e-con-full card e-flex elementor-invisible e-con e-child\" data-id=\"2dc922b\" data-element_type=\"container\" data-e-type=\"container\" data-settings=\"{&quot;animation&quot;:&quot;fadeInUp&quot;,&quot;animation_delay&quot;:150}\">\n\t\t\t\t<div class=\"elementor-element elementor-element-86f6f38 elementor-widget elementor-widget-text-editor\" data-id=\"86f6f38\" data-element_type=\"widget\" data-e-type=\"widget\" data-widget_type=\"text-editor.default\">\n\t\t\t\t\t\t\t\t\t<h3><a href=\"https:\/\/code.insmed.com\/fr\/nos-collaborateurs-et-notre-culture\/citoyennete-dentreprise\/\">Citoyennet\u00e9 d\u2019entreprise<\/a><\/h3>\t\t\t\t\t\t\t\t<\/div>\n\t\t\t\t<\/div>\n\t\t<div class=\"elementor-element elementor-element-170cffc e-con-full card e-flex elementor-invisible e-con e-child\" data-id=\"170cffc\" data-element_type=\"container\" data-e-type=\"container\" data-settings=\"{&quot;animation&quot;:&quot;fadeInUp&quot;,&quot;animation_delay&quot;:150}\">\n\t\t\t\t<div class=\"elementor-element elementor-element-bbcd045 elementor-widget elementor-widget-text-editor\" data-id=\"bbcd045\" data-element_type=\"widget\" data-e-type=\"widget\" data-widget_type=\"text-editor.default\">\n\t\t\t\t\t\t\t\t\t<h3><a href=\"https:\/\/code.insmed.com\/fr\/nos-collaborateurs-et-notre-culture\/conflits-dinterets\/\">Conflits d\u2019int\u00e9r\u00eats<\/a><\/h3>\t\t\t\t\t\t\t\t<\/div>\n\t\t\t\t<\/div>\n\t\t<div class=\"elementor-element elementor-element-fa9da8a e-con-full card e-flex elementor-invisible e-con e-child\" data-id=\"fa9da8a\" data-element_type=\"container\" data-e-type=\"container\" data-settings=\"{&quot;animation&quot;:&quot;fadeInUp&quot;,&quot;animation_delay&quot;:150}\">\n\t\t\t\t<div class=\"elementor-element elementor-element-f5ab676 elementor-widget elementor-widget-text-editor\" data-id=\"f5ab676\" data-element_type=\"widget\" data-e-type=\"widget\" data-widget_type=\"text-editor.default\">\n\t\t\t\t\t\t\t\t\t<h3><a href=\"https:\/\/code.insmed.com\/fr\/nos-collaborateurs-et-notre-culture\/communication-et-utilisation-des-reseaux-sociaux\/\">Communication et utilisation des r\u00e9seaux sociaux<\/a><\/h3>\t\t\t\t\t\t\t\t<\/div>\n\t\t\t\t<\/div>\n\t\t<div class=\"elementor-element elementor-element-1b8a122 e-con-full card e-flex elementor-invisible e-con e-child\" data-id=\"1b8a122\" data-element_type=\"container\" data-e-type=\"container\" data-settings=\"{&quot;animation&quot;:&quot;fadeInUp&quot;,&quot;animation_delay&quot;:150}\">\n\t\t\t\t<div class=\"elementor-element elementor-element-9c85a4e elementor-widget elementor-widget-text-editor\" data-id=\"9c85a4e\" data-element_type=\"widget\" data-e-type=\"widget\" data-widget_type=\"text-editor.default\">\n\t\t\t\t\t\t\t\t\t<h3><a href=\"https:\/\/code.insmed.com\/fr\/nos-collaborateurs-et-notre-culture\/activite-politique\/\">Activit\u00e9 politique<\/a><\/h3>\t\t\t\t\t\t\t\t<\/div>\n\t\t\t\t<\/div>\n\t\t\t\t\t<\/div>\n\t\t\t\t<\/div>\n\t\t\t\t<\/div>\n\t\t","protected":false},"excerpt":{"rendered":"<p>Confidentialit\u00e9 Il nous incombe de prot\u00e9ger les donn\u00e9es \u00e0 caract\u00e8re personnel auxquelles nous acc\u00e9dons, que nous recueillons et que nous utilisons contre tout acc\u00e8s, utilisation ou divulgation non autoris\u00e9(e). Cela comprend les informations que nous conservons sur nos employ\u00e9s, nos patients, nos professionnels de sant\u00e9 et le public. Nous exigeons le respect de toutes les [&hellip;]<\/p>\n","protected":false},"author":1,"featured_media":0,"parent":859,"menu_order":10,"comment_status":"closed","ping_status":"closed","template":"","meta":{"_genesis_hide_title":false,"_genesis_hide_breadcrumbs":false,"_genesis_hide_singular_image":false,"_genesis_hide_footer_widgets":false,"_genesis_custom_body_class":"","_genesis_custom_post_class":"","_genesis_layout":"","footnotes":""},"class_list":{"0":"post-863","1":"page","2":"type-page","3":"status-publish","5":"entry"},"_links":{"self":[{"href":"https:\/\/code.insmed.com\/fr\/wp-json\/wp\/v2\/pages\/863","targetHints":{"allow":["GET"]}}],"collection":[{"href":"https:\/\/code.insmed.com\/fr\/wp-json\/wp\/v2\/pages"}],"about":[{"href":"https:\/\/code.insmed.com\/fr\/wp-json\/wp\/v2\/types\/page"}],"author":[{"embeddable":true,"href":"https:\/\/code.insmed.com\/fr\/wp-json\/wp\/v2\/users\/1"}],"replies":[{"embeddable":true,"href":"https:\/\/code.insmed.com\/fr\/wp-json\/wp\/v2\/comments?post=863"}],"version-history":[{"count":0,"href":"https:\/\/code.insmed.com\/fr\/wp-json\/wp\/v2\/pages\/863\/revisions"}],"up":[{"embeddable":true,"href":"https:\/\/code.insmed.com\/fr\/wp-json\/wp\/v2\/pages\/859"}],"wp:attachment":[{"href":"https:\/\/code.insmed.com\/fr\/wp-json\/wp\/v2\/media?parent=863"}],"curies":[{"name":"wp","href":"https:\/\/api.w.org\/{rel}","templated":true}]}}