{"id":865,"date":"2025-08-28T20:58:23","date_gmt":"2025-08-29T00:58:23","guid":{"rendered":"https:\/\/codeofconduct1.wpenginepowered.com\/nos-collaborateurs-et-notre-culture\/securite-au-travail\/"},"modified":"2025-10-27T14:51:03","modified_gmt":"2025-10-27T18:51:03","slug":"securite-au-travail","status":"publish","type":"page","link":"https:\/\/code.insmed.com\/fr\/nos-collaborateurs-et-notre-culture\/securite-au-travail\/","title":{"rendered":"S\u00e9curit\u00e9 au travail"},"content":{"rendered":"\t\t<div data-elementor-type=\"wp-page\" data-elementor-id=\"865\" class=\"elementor elementor-865 elementor-37\" data-elementor-post-type=\"page\">\n\t\t\t\t<div class=\"elementor-element elementor-element-a0ddf38 subpage-header lightest-gray-row e-flex e-con-boxed e-con e-parent\" data-id=\"a0ddf38\" data-element_type=\"container\" data-e-type=\"container\">\n\t\t\t\t\t<div class=\"e-con-inner\">\n\t\t<div class=\"elementor-element elementor-element-0729e28 e-con-full e-flex e-con e-child\" data-id=\"0729e28\" data-element_type=\"container\" data-e-type=\"container\">\n\t\t\t\t<div class=\"elementor-element elementor-element-0aa8535 rainbow-h1 elementor-widget elementor-widget-text-editor\" data-id=\"0aa8535\" data-element_type=\"widget\" data-e-type=\"widget\" data-widget_type=\"text-editor.default\">\n\t\t\t\t\t\t\t\t\t<h1 style=\"text-align: center;\">S\u00e9curit\u00e9 au travail<\/h1><p style=\"text-align: center;\">Offrir \u00e0 nos employ\u00e9s un lieu de travail s\u00fbr et sain est une priorit\u00e9 absolue pour Insmed et est essentiel au maintien d\u2019une culture florissante et innovante. Nous am\u00e9liorons r\u00e9guli\u00e8rement nos programmes de sant\u00e9 et de s\u00e9curit\u00e9, qui sont con\u00e7us pour se conformer aux r\u00e9glementations en vigueur dans nos zones g\u00e9ographiques. <\/p>\t\t\t\t\t\t\t\t<\/div>\n\t\t\t\t<div class=\"elementor-element elementor-element-6fd02cc scroll-down-indicator elementor-invisible elementor-widget elementor-widget-html\" data-id=\"6fd02cc\" data-element_type=\"widget\" data-e-type=\"widget\" data-settings=\"{&quot;_animation&quot;:&quot;fadeIn&quot;,&quot;_animation_delay&quot;:150}\" data-widget_type=\"html.default\">\n\t\t\t\t\t<i class=\"fa-sharp fa-regular fa-arrow-down-long\"><\/i>\t\t\t\t<\/div>\n\t\t\t\t<\/div>\n\t\t\t\t\t<\/div>\n\t\t\t\t<\/div>\n\t\t<div class=\"elementor-element elementor-element-8811152 how-we-do-it-row e-flex e-con-boxed e-con e-parent\" data-id=\"8811152\" data-element_type=\"container\" data-e-type=\"container\">\n\t\t\t\t\t<div class=\"e-con-inner\">\n\t\t<div class=\"elementor-element elementor-element-e6e709b e-con-full how-we-do-it-list-col e-flex elementor-invisible e-con e-child\" data-id=\"e6e709b\" data-element_type=\"container\" data-e-type=\"container\" data-settings=\"{&quot;animation&quot;:&quot;fadeIn&quot;,&quot;animation_delay&quot;:150}\">\n\t\t\t\t<div class=\"elementor-element elementor-element-29c7928 elementor-widget elementor-widget-text-editor\" data-id=\"29c7928\" data-element_type=\"widget\" data-e-type=\"widget\" data-widget_type=\"text-editor.default\">\n\t\t\t\t\t\t\t\t\t<h2>Comment nous <br \/>le faisons<\/h2><ul><li>Nous maintenons des installations sans fum\u00e9e et sans armes pour tous les sites Insmed.<\/li><li>Nous exigeons de nos employ\u00e9s qu\u2019ils respectent en permanence toutes les proc\u00e9dures de s\u00e9curit\u00e9 du b\u00e2timent.<\/li><li>Nous n\u2019autorisons pas la consommation d\u2019alcool au travail, sauf lors d\u2019\u00e9v\u00e8nements autoris\u00e9s par Insmed o\u00f9 de l\u2019alcool peut \u00eatre fourni ; dans de tels cas, nous encourageons les employ\u00e9s \u00e0 faire preuve de jugement et \u00e0 agir de mani\u00e8re responsable.<\/li><li>Nous interdisons l\u2019utilisation, la possession, la vente, la consommation ou le fait d\u2019\u00eatre sous l\u2019influence de drogues ill\u00e9gales ou de marijuana dans les locaux de l\u2019entreprise, lors de l\u2019utilisation d\u2019un v\u00e9hicule de l\u2019entreprise et pendant les heures de travail.<\/li><\/ul>\t\t\t\t\t\t\t\t<\/div>\n\t\t\t\t<\/div>\n\t\t<div class=\"elementor-element elementor-element-98f8a8a e-con-full how-we-do-it-img-col elementor-hidden-tablet elementor-hidden-mobile e-flex elementor-invisible e-con e-child\" data-id=\"98f8a8a\" data-element_type=\"container\" data-e-type=\"container\" data-settings=\"{&quot;animation&quot;:&quot;fadeIn&quot;,&quot;animation_delay&quot;:300}\">\n\t\t\t\t<div class=\"elementor-element elementor-element-d3c37cc rounded-img elementor-widget elementor-widget-image\" data-id=\"d3c37cc\" data-element_type=\"widget\" data-e-type=\"widget\" data-widget_type=\"image.default\">\n\t\t\t\t\t\t\t\t\t\t\t\t\t\t\t<img fetchpriority=\"high\" decoding=\"async\" width=\"550\" height=\"640\" src=\"https:\/\/code.insmed.com\/wp-content\/uploads\/2025\/09\/2023_insmed_sandiego5623.webp\" class=\"attachment-full size-full wp-image-864\" alt=\"\" srcset=\"https:\/\/code.insmed.com\/wp-content\/uploads\/2025\/09\/2023_insmed_sandiego5623.webp 550w, https:\/\/code.insmed.com\/wp-content\/uploads\/2025\/09\/2023_insmed_sandiego5623-258x300.webp 258w\" sizes=\"(max-width: 550px) 100vw, 550px\" \/>\t\t\t\t\t\t\t\t\t\t\t\t\t\t\t<\/div>\n\t\t\t\t<\/div>\n\t\t\t\t\t<\/div>\n\t\t\t\t<\/div>\n\t\t<div class=\"elementor-element elementor-element-e34689b lightest-gray-row reporting-row e-flex e-con-boxed e-con e-parent\" data-id=\"e34689b\" data-element_type=\"container\" data-e-type=\"container\">\n\t\t\t\t\t<div class=\"e-con-inner\">\n\t\t<div class=\"elementor-element elementor-element-6c6c2ab e-con-full e-flex e-con e-child\" data-id=\"6c6c2ab\" data-element_type=\"container\" data-e-type=\"container\">\n\t\t<div class=\"elementor-element elementor-element-d0946cb e-con-full callout-icon e-flex elementor-invisible e-con e-child\" data-id=\"d0946cb\" data-element_type=\"container\" data-e-type=\"container\" data-settings=\"{&quot;animation_delay&quot;:300,&quot;animation&quot;:&quot;fadeInUp&quot;}\">\n\t\t\t\t<div class=\"elementor-element elementor-element-7919cb8 elementor-widget elementor-widget-image\" data-id=\"7919cb8\" data-element_type=\"widget\" data-e-type=\"widget\" data-widget_type=\"image.default\">\n\t\t\t\t\t\t\t\t\t\t\t\t\t\t\t<img decoding=\"async\" width=\"16\" height=\"42\" src=\"https:\/\/code.insmed.com\/wp-content\/uploads\/2025\/09\/reporting-icon.svg\" class=\"attachment-full size-full wp-image-836\" alt=\"\" \/>\t\t\t\t\t\t\t\t\t\t\t\t\t\t\t<\/div>\n\t\t\t\t<\/div>\n\t\t\t\t<\/div>\n\t\t<div class=\"elementor-element elementor-element-d236946 e-con-full e-flex e-con e-child\" data-id=\"d236946\" data-element_type=\"container\" data-e-type=\"container\">\n\t\t\t\t<div class=\"elementor-element elementor-element-9d57aa6 large-text elementor-invisible elementor-widget elementor-widget-text-editor\" data-id=\"9d57aa6\" data-element_type=\"widget\" data-e-type=\"widget\" data-settings=\"{&quot;_animation&quot;:&quot;fadeInUp&quot;}\" data-widget_type=\"text-editor.default\">\n\t\t\t\t\t\t\t\t\t<p>Signalez imm\u00e9diatement toute activit\u00e9 suspecte, tout probl\u00e8me de s\u00e9curit\u00e9 ou tout dommage corporel \u00e0 votre superviseur, votre point de contact RH ou <a href=\"mailto:Facilities@insmed.com\" target=\"_blank\" rel=\"noopener\">aux Services G\u00e9n\u00e9raux<\/a>.<\/p>\t\t\t\t\t\t\t\t<\/div>\n\t\t\t\t<\/div>\n\t\t\t\t\t<\/div>\n\t\t\t\t<\/div>\n\t\t<div class=\"elementor-element elementor-element-81bc360 continue-exploring-row dark-violet-row e-flex e-con-boxed e-con e-parent\" data-id=\"81bc360\" data-element_type=\"container\" data-e-type=\"container\">\n\t\t\t\t\t<div class=\"e-con-inner\">\n\t\t<div class=\"elementor-element elementor-element-a572d00 e-con-full continue-exploring-header e-flex elementor-invisible e-con e-child\" data-id=\"a572d00\" data-element_type=\"container\" data-e-type=\"container\" data-settings=\"{&quot;animation&quot;:&quot;fadeInUp&quot;}\">\n\t\t\t\t<div class=\"elementor-element elementor-element-9ec3cd7 elementor-widget elementor-widget-text-editor\" data-id=\"9ec3cd7\" data-element_type=\"widget\" data-e-type=\"widget\" data-widget_type=\"text-editor.default\">\n\t\t\t\t\t\t\t\t\t<p>Commencer \u00e0 explorer<\/p><h2>Nos collaborateurs et notre culture<\/h2>\t\t\t\t\t\t\t\t<\/div>\n\t\t\t\t<\/div>\n\t\t<div class=\"elementor-element elementor-element-269734f e-con-full card e-flex elementor-invisible e-con e-child\" data-id=\"269734f\" data-element_type=\"container\" data-e-type=\"container\" data-settings=\"{&quot;animation&quot;:&quot;fadeInUp&quot;,&quot;animation_delay&quot;:150}\">\n\t\t\t\t<div class=\"elementor-element elementor-element-771f8ad elementor-widget elementor-widget-text-editor\" data-id=\"771f8ad\" data-element_type=\"widget\" data-e-type=\"widget\" data-widget_type=\"text-editor.default\">\n\t\t\t\t\t\t\t\t\t<h3><a href=\"https:\/\/code.insmed.com\/fr\/nos-collaborateurs-et-notre-culture\/inclusion-et-respect\/\">Inclusion et respect<\/a><\/h3>\t\t\t\t\t\t\t\t<\/div>\n\t\t\t\t<\/div>\n\t\t<div class=\"elementor-element elementor-element-640a1cb e-con-full card e-flex elementor-invisible e-con e-child\" data-id=\"640a1cb\" data-element_type=\"container\" data-e-type=\"container\" data-settings=\"{&quot;animation&quot;:&quot;fadeInUp&quot;,&quot;animation_delay&quot;:150}\">\n\t\t\t\t<div class=\"elementor-element elementor-element-3eb1678 elementor-widget elementor-widget-text-editor\" data-id=\"3eb1678\" data-element_type=\"widget\" data-e-type=\"widget\" data-widget_type=\"text-editor.default\">\n\t\t\t\t\t\t\t\t\t<h3><a href=\"https:\/\/code.insmed.com\/fr\/nos-collaborateurs-et-notre-culture\/confidentialite\/\">Confidentialit\u00e9<\/a><\/h3>\t\t\t\t\t\t\t\t<\/div>\n\t\t\t\t<\/div>\n\t\t<div class=\"elementor-element elementor-element-e3866f6 e-con-full card e-flex elementor-invisible e-con e-child\" data-id=\"e3866f6\" data-element_type=\"container\" data-e-type=\"container\" data-settings=\"{&quot;animation&quot;:&quot;fadeInUp&quot;,&quot;animation_delay&quot;:150}\">\n\t\t\t\t<div class=\"elementor-element elementor-element-610d3f2 elementor-widget elementor-widget-text-editor\" data-id=\"610d3f2\" data-element_type=\"widget\" data-e-type=\"widget\" data-widget_type=\"text-editor.default\">\n\t\t\t\t\t\t\t\t\t<h3><a href=\"https:\/\/code.insmed.com\/fr\/nos-collaborateurs-et-notre-culture\/citoyennete-dentreprise\/\">Citoyennet\u00e9 d\u2019entreprise<\/a><\/h3>\t\t\t\t\t\t\t\t<\/div>\n\t\t\t\t<\/div>\n\t\t<div class=\"elementor-element elementor-element-c350187 e-con-full card e-flex elementor-invisible e-con e-child\" data-id=\"c350187\" data-element_type=\"container\" data-e-type=\"container\" data-settings=\"{&quot;animation&quot;:&quot;fadeInUp&quot;,&quot;animation_delay&quot;:150}\">\n\t\t\t\t<div class=\"elementor-element elementor-element-47d895c elementor-widget elementor-widget-text-editor\" data-id=\"47d895c\" data-element_type=\"widget\" data-e-type=\"widget\" data-widget_type=\"text-editor.default\">\n\t\t\t\t\t\t\t\t\t<h3><a href=\"https:\/\/code.insmed.com\/fr\/nos-collaborateurs-et-notre-culture\/conflits-dinterets\/\">Conflits d\u2019int\u00e9r\u00eats<\/a><\/h3>\t\t\t\t\t\t\t\t<\/div>\n\t\t\t\t<\/div>\n\t\t<div class=\"elementor-element elementor-element-08ba6f1 e-con-full card e-flex elementor-invisible e-con e-child\" data-id=\"08ba6f1\" data-element_type=\"container\" data-e-type=\"container\" data-settings=\"{&quot;animation&quot;:&quot;fadeInUp&quot;,&quot;animation_delay&quot;:150}\">\n\t\t\t\t<div class=\"elementor-element elementor-element-b349cbf elementor-widget elementor-widget-text-editor\" data-id=\"b349cbf\" data-element_type=\"widget\" data-e-type=\"widget\" data-widget_type=\"text-editor.default\">\n\t\t\t\t\t\t\t\t\t<h3><a href=\"https:\/\/code.insmed.com\/fr\/nos-collaborateurs-et-notre-culture\/communication-et-utilisation-des-reseaux-sociaux\/\">Communication et utilisation des r\u00e9seaux sociaux<\/a><\/h3>\t\t\t\t\t\t\t\t<\/div>\n\t\t\t\t<\/div>\n\t\t<div class=\"elementor-element elementor-element-0d5bfb6 e-con-full card e-flex elementor-invisible e-con e-child\" data-id=\"0d5bfb6\" data-element_type=\"container\" data-e-type=\"container\" data-settings=\"{&quot;animation&quot;:&quot;fadeInUp&quot;,&quot;animation_delay&quot;:150}\">\n\t\t\t\t<div class=\"elementor-element elementor-element-4b8d63e elementor-widget elementor-widget-text-editor\" data-id=\"4b8d63e\" data-element_type=\"widget\" data-e-type=\"widget\" data-widget_type=\"text-editor.default\">\n\t\t\t\t\t\t\t\t\t<h3><a href=\"https:\/\/code.insmed.com\/fr\/nos-collaborateurs-et-notre-culture\/activite-politique\/\">Activit\u00e9 politique<\/a><\/h3>\t\t\t\t\t\t\t\t<\/div>\n\t\t\t\t<\/div>\n\t\t\t\t\t<\/div>\n\t\t\t\t<\/div>\n\t\t\t\t<\/div>\n\t\t","protected":false},"excerpt":{"rendered":"<p>S\u00e9curit\u00e9 au travail Offrir \u00e0 nos employ\u00e9s un lieu de travail s\u00fbr et sain est une priorit\u00e9 absolue pour Insmed et est essentiel au maintien d\u2019une culture florissante et innovante. Nous am\u00e9liorons r\u00e9guli\u00e8rement nos programmes de sant\u00e9 et de s\u00e9curit\u00e9, qui sont con\u00e7us pour se conformer aux r\u00e9glementations en vigueur dans nos zones g\u00e9ographiques. Comment [&hellip;]<\/p>\n","protected":false},"author":1,"featured_media":0,"parent":859,"menu_order":10,"comment_status":"closed","ping_status":"closed","template":"","meta":{"_genesis_hide_title":false,"_genesis_hide_breadcrumbs":false,"_genesis_hide_singular_image":false,"_genesis_hide_footer_widgets":false,"_genesis_custom_body_class":"","_genesis_custom_post_class":"","_genesis_layout":"","footnotes":""},"class_list":{"0":"post-865","1":"page","2":"type-page","3":"status-publish","5":"entry"},"_links":{"self":[{"href":"https:\/\/code.insmed.com\/fr\/wp-json\/wp\/v2\/pages\/865","targetHints":{"allow":["GET"]}}],"collection":[{"href":"https:\/\/code.insmed.com\/fr\/wp-json\/wp\/v2\/pages"}],"about":[{"href":"https:\/\/code.insmed.com\/fr\/wp-json\/wp\/v2\/types\/page"}],"author":[{"embeddable":true,"href":"https:\/\/code.insmed.com\/fr\/wp-json\/wp\/v2\/users\/1"}],"replies":[{"embeddable":true,"href":"https:\/\/code.insmed.com\/fr\/wp-json\/wp\/v2\/comments?post=865"}],"version-history":[{"count":0,"href":"https:\/\/code.insmed.com\/fr\/wp-json\/wp\/v2\/pages\/865\/revisions"}],"up":[{"embeddable":true,"href":"https:\/\/code.insmed.com\/fr\/wp-json\/wp\/v2\/pages\/859"}],"wp:attachment":[{"href":"https:\/\/code.insmed.com\/fr\/wp-json\/wp\/v2\/media?parent=865"}],"curies":[{"name":"wp","href":"https:\/\/api.w.org\/{rel}","templated":true}]}}