{"id":867,"date":"2025-08-28T20:58:23","date_gmt":"2025-08-29T00:58:23","guid":{"rendered":"https:\/\/codeofconduct1.wpenginepowered.com\/nos-collaborateurs-et-notre-culture\/citoyennete-dentreprise\/"},"modified":"2025-10-27T14:51:16","modified_gmt":"2025-10-27T18:51:16","slug":"citoyennete-dentreprise","status":"publish","type":"page","link":"https:\/\/code.insmed.com\/fr\/nos-collaborateurs-et-notre-culture\/citoyennete-dentreprise\/","title":{"rendered":"Citoyennet\u00e9 d\u2019entreprise"},"content":{"rendered":"\t\t<div data-elementor-type=\"wp-page\" data-elementor-id=\"867\" class=\"elementor elementor-867 elementor-39\" data-elementor-post-type=\"page\">\n\t\t\t\t<div class=\"elementor-element elementor-element-1795e5d subpage-header lightest-gray-row e-flex e-con-boxed e-con e-parent\" data-id=\"1795e5d\" data-element_type=\"container\" data-e-type=\"container\">\n\t\t\t\t\t<div class=\"e-con-inner\">\n\t\t<div class=\"elementor-element elementor-element-b1cb3da e-con-full e-flex e-con e-child\" data-id=\"b1cb3da\" data-element_type=\"container\" data-e-type=\"container\">\n\t\t\t\t<div class=\"elementor-element elementor-element-be0cea3 rainbow-h1 elementor-widget elementor-widget-text-editor\" data-id=\"be0cea3\" data-element_type=\"widget\" data-e-type=\"widget\" data-widget_type=\"text-editor.default\">\n\t\t\t\t\t\t\t\t\t<h1 style=\"text-align: center;\">Citoyennet\u00e9 d\u2019entreprise<\/h1><p style=\"text-align: center;\">Notre engagement \u00e0 \u00eatre une entreprise citoyenne responsable commence par les patients que nous servons et s\u2019\u00e9tend \u00e0 tous les aspects de nos activit\u00e9s, y compris nos communaut\u00e9s et l\u2019environnement dans lequel nous exer\u00e7ons nos activit\u00e9s. Nous imposons \u00e0 nos employ\u00e9s, dirigeants et administrateurs des normes \u00e9lev\u00e9es pour qu\u2019ils agissent de mani\u00e8re \u00e9thique et contribuent de mani\u00e8re positive \u00e0 la soci\u00e9t\u00e9. Ces efforts font d\u00e9sormais partie int\u00e9grante de notre culture, soulignant notre investissement dans le monde qui nous entoure et favorisant les liens et l\u2019engagement parmi les membres de notre \u00e9quipe. Plus important encore, nous estimons que la citoyennet\u00e9 est intrins\u00e8quement li\u00e9e \u00e0 nos valeurs fondamentales et \u00e0 notre objectif centr\u00e9 sur le patient.   <\/p>\t\t\t\t\t\t\t\t<\/div>\n\t\t\t\t<div class=\"elementor-element elementor-element-0508b21 scroll-down-indicator elementor-invisible elementor-widget elementor-widget-html\" data-id=\"0508b21\" data-element_type=\"widget\" data-e-type=\"widget\" data-settings=\"{&quot;_animation&quot;:&quot;fadeIn&quot;,&quot;_animation_delay&quot;:150}\" data-widget_type=\"html.default\">\n\t\t\t\t\t<i class=\"fa-sharp fa-regular fa-arrow-down-long\"><\/i>\t\t\t\t<\/div>\n\t\t\t\t<\/div>\n\t\t\t\t\t<\/div>\n\t\t\t\t<\/div>\n\t\t<div class=\"elementor-element elementor-element-211750e how-we-do-it-row e-flex e-con-boxed e-con e-parent\" data-id=\"211750e\" data-element_type=\"container\" data-e-type=\"container\">\n\t\t\t\t\t<div class=\"e-con-inner\">\n\t\t<div class=\"elementor-element elementor-element-052b343 e-con-full how-we-do-it-list-col e-flex elementor-invisible e-con e-child\" data-id=\"052b343\" data-element_type=\"container\" data-e-type=\"container\" data-settings=\"{&quot;animation&quot;:&quot;fadeIn&quot;,&quot;animation_delay&quot;:150}\">\n\t\t\t\t<div class=\"elementor-element elementor-element-5a725ef elementor-widget elementor-widget-text-editor\" data-id=\"5a725ef\" data-element_type=\"widget\" data-e-type=\"widget\" data-widget_type=\"text-editor.default\">\n\t\t\t\t\t\t\t\t\t<h2>Comment nous <br \/>le faisons<\/h2><ul><li>Nous int\u00e9grons l\u2019impact sur la communaut\u00e9 dans nos op\u00e9rations quotidiennes, avec des activit\u00e9s de don r\u00e9guli\u00e8rement int\u00e9gr\u00e9es dans les r\u00e9unions et \u00e9v\u00e9nements de l\u2019entreprise.<\/li><li>Nous encourageons les employ\u00e9s \u00e0 participer aux activit\u00e9s b\u00e9n\u00e9voles men\u00e9es par Insmed, telles que la Global Day of Good, et aux activit\u00e9s men\u00e9es par les employ\u00e9s telles que les \u00e9v\u00e9nements Insmed Cares.<\/li><li>Nous proposons un programme de dons de contrepartie qui permet aux employ\u00e9s de doubler leurs contributions aux causes qui leur sont ch\u00e8res.<\/li><li>Nous promouvons l\u2019importance des droits de l\u2019homme entre nous et avec tous les partenaires commerciaux avec lesquels nous interagissons.<\/li><li>Nous respectons la l\u00e9gislation du travail \u00e9quitable, y compris l\u2019interdiction du travail des enfants.<\/li><li>Nous respectons toutes les lois, r\u00e9glementations et exigences environnementales applicables, et nous nous effor\u00e7ons d\u2019aller au-del\u00e0 de la conformit\u00e9 dans la mesure du possible.<\/li><li>Nous nous effor\u00e7ons de r\u00e9duire ou d&rsquo;\u00e9liminer les \u00e9missions, les rejets et les d\u00e9chets toxiques et dangereux ; am\u00e9liorer l&rsquo;efficacit\u00e9 \u00e9nerg\u00e9tique dans l&rsquo;ensemble de nos op\u00e9rations ; et r\u00e9duire au minimum notre impact sur les ressources en eau.<\/li><li>Nous exposons nos attentes \u00e0 l\u2019\u00e9gard de nos fournisseurs en mati\u00e8re de conduite \u00e9thique des affaires, de droits de l\u2019homme et de pratiques de travail responsables, de sant\u00e9 et de s\u00e9curit\u00e9 environnementales, de qualit\u00e9 et de gestion des risques dans notre Code de conduite des fournisseurs.<\/li><\/ul>\t\t\t\t\t\t\t\t<\/div>\n\t\t\t\t<\/div>\n\t\t<div class=\"elementor-element elementor-element-d5c4c71 e-con-full how-we-do-it-img-col elementor-hidden-tablet elementor-hidden-mobile e-flex elementor-invisible e-con e-child\" data-id=\"d5c4c71\" data-element_type=\"container\" data-e-type=\"container\" data-settings=\"{&quot;animation&quot;:&quot;fadeIn&quot;,&quot;animation_delay&quot;:300}\">\n\t\t\t\t<div class=\"elementor-element elementor-element-20e56d5 rounded-img elementor-widget elementor-widget-image\" data-id=\"20e56d5\" data-element_type=\"widget\" data-e-type=\"widget\" data-widget_type=\"image.default\">\n\t\t\t\t\t\t\t\t\t\t\t\t\t\t\t<img fetchpriority=\"high\" decoding=\"async\" width=\"550\" height=\"640\" src=\"https:\/\/code.insmed.com\/wp-content\/uploads\/2025\/09\/DSC_0821.webp\" class=\"attachment-full size-full wp-image-866\" alt=\"\" srcset=\"https:\/\/code.insmed.com\/wp-content\/uploads\/2025\/09\/DSC_0821.webp 550w, https:\/\/code.insmed.com\/wp-content\/uploads\/2025\/09\/DSC_0821-258x300.webp 258w\" sizes=\"(max-width: 550px) 100vw, 550px\" \/>\t\t\t\t\t\t\t\t\t\t\t\t\t\t\t<\/div>\n\t\t\t\t<\/div>\n\t\t\t\t\t<\/div>\n\t\t\t\t<\/div>\n\t\t<div class=\"elementor-element elementor-element-4b894da did-you-know-row e-flex e-con-boxed e-con e-parent\" data-id=\"4b894da\" data-element_type=\"container\" data-e-type=\"container\">\n\t\t\t\t\t<div class=\"e-con-inner\">\n\t\t<div class=\"elementor-element elementor-element-28ac6db e-con-full callout-card e-flex elementor-invisible e-con e-child\" data-id=\"28ac6db\" data-element_type=\"container\" data-e-type=\"container\" data-settings=\"{&quot;animation&quot;:&quot;fadeInUp&quot;}\">\n\t\t<div class=\"elementor-element elementor-element-cb1c4b5 e-con-full callout-icon e-flex e-con e-child\" data-id=\"cb1c4b5\" data-element_type=\"container\" data-e-type=\"container\">\n\t\t\t\t<div class=\"elementor-element elementor-element-883a26d elementor-widget elementor-widget-image\" data-id=\"883a26d\" data-element_type=\"widget\" data-e-type=\"widget\" data-widget_type=\"image.default\">\n\t\t\t\t\t\t\t\t\t\t\t\t\t\t\t<img decoding=\"async\" width=\"40\" height=\"40\" src=\"https:\/\/code.insmed.com\/wp-content\/uploads\/2025\/09\/did-you-know-icon.svg\" class=\"attachment-full size-full wp-image-835\" alt=\"\" \/>\t\t\t\t\t\t\t\t\t\t\t\t\t\t\t<\/div>\n\t\t\t\t<\/div>\n\t\t<div class=\"elementor-element elementor-element-7d186e7 e-con-full callout-header e-flex e-con e-child\" data-id=\"7d186e7\" data-element_type=\"container\" data-e-type=\"container\">\n\t\t\t\t<div class=\"elementor-element elementor-element-6e03a53 elementor-widget elementor-widget-text-editor\" data-id=\"6e03a53\" data-element_type=\"widget\" data-e-type=\"widget\" data-widget_type=\"text-editor.default\">\n\t\t\t\t\t\t\t\t\t<h2>Le saviez-vous ?<\/h2>\t\t\t\t\t\t\t\t<\/div>\n\t\t\t\t<\/div>\n\t\t<div class=\"elementor-element elementor-element-092e343 e-con-full callout-body e-flex e-con e-child\" data-id=\"092e343\" data-element_type=\"container\" data-e-type=\"container\">\n\t\t\t\t<div class=\"elementor-element elementor-element-44d2604 elementor-widget elementor-widget-text-editor\" data-id=\"44d2604\" data-element_type=\"widget\" data-e-type=\"widget\" data-widget_type=\"text-editor.default\">\n\t\t\t\t\t\t\t\t\t<p>Nous publions chaque ann\u00e9e un rapport de responsabilit\u00e9 d\u00e9crivant notre approche et nos engagements en mati\u00e8re de facteurs environnementaux, sociaux et de gouvernance dans tous les aspects de notre activit\u00e9, y compris la mani\u00e8re dont nous soutenons nos communaut\u00e9s et nous effor\u00e7ons de minimiser notre empreinte environnementale. Pour en savoir plus sur nos efforts, <a href=\"https:\/\/insmed.com\/responsibility-report\/2024\/Insmed-2024-ResponsibilityReport.pdf\" target=\"_blank\" rel=\"noopener\">lisez le rapport le plus r\u00e9cent<\/a> . <\/p>\t\t\t\t\t\t\t\t<\/div>\n\t\t\t\t<\/div>\n\t\t\t\t<\/div>\n\t\t\t\t\t<\/div>\n\t\t\t\t<\/div>\n\t\t<div class=\"elementor-element elementor-element-98cc02a continue-exploring-row dark-violet-row e-flex e-con-boxed e-con e-parent\" data-id=\"98cc02a\" data-element_type=\"container\" data-e-type=\"container\">\n\t\t\t\t\t<div class=\"e-con-inner\">\n\t\t<div class=\"elementor-element elementor-element-a713816 e-con-full continue-exploring-header e-flex elementor-invisible e-con e-child\" data-id=\"a713816\" data-element_type=\"container\" data-e-type=\"container\" data-settings=\"{&quot;animation&quot;:&quot;fadeInUp&quot;}\">\n\t\t\t\t<div class=\"elementor-element elementor-element-8921636 elementor-widget elementor-widget-text-editor\" data-id=\"8921636\" data-element_type=\"widget\" data-e-type=\"widget\" data-widget_type=\"text-editor.default\">\n\t\t\t\t\t\t\t\t\t<p>Commencer \u00e0 explorer<\/p><h2>Nos collaborateurs et notre culture<\/h2>\t\t\t\t\t\t\t\t<\/div>\n\t\t\t\t<\/div>\n\t\t<div class=\"elementor-element elementor-element-533742e e-con-full card e-flex elementor-invisible e-con e-child\" data-id=\"533742e\" data-element_type=\"container\" data-e-type=\"container\" data-settings=\"{&quot;animation&quot;:&quot;fadeInUp&quot;,&quot;animation_delay&quot;:150}\">\n\t\t\t\t<div class=\"elementor-element elementor-element-fa1301f elementor-widget elementor-widget-text-editor\" data-id=\"fa1301f\" data-element_type=\"widget\" data-e-type=\"widget\" data-widget_type=\"text-editor.default\">\n\t\t\t\t\t\t\t\t\t<h3><a href=\"https:\/\/code.insmed.com\/fr\/nos-collaborateurs-et-notre-culture\/inclusion-et-respect\/\">Inclusion et respect<\/a><\/h3>\t\t\t\t\t\t\t\t<\/div>\n\t\t\t\t<\/div>\n\t\t<div class=\"elementor-element elementor-element-1a4c4e6 e-con-full card e-flex elementor-invisible e-con e-child\" data-id=\"1a4c4e6\" data-element_type=\"container\" data-e-type=\"container\" data-settings=\"{&quot;animation&quot;:&quot;fadeInUp&quot;,&quot;animation_delay&quot;:150}\">\n\t\t\t\t<div class=\"elementor-element elementor-element-95f2040 elementor-widget elementor-widget-text-editor\" data-id=\"95f2040\" data-element_type=\"widget\" data-e-type=\"widget\" data-widget_type=\"text-editor.default\">\n\t\t\t\t\t\t\t\t\t<h3><a href=\"https:\/\/code.insmed.com\/fr\/nos-collaborateurs-et-notre-culture\/confidentialite\/\">Confidentialit\u00e9<\/a><\/h3>\t\t\t\t\t\t\t\t<\/div>\n\t\t\t\t<\/div>\n\t\t<div class=\"elementor-element elementor-element-0303f11 e-con-full card e-flex elementor-invisible e-con e-child\" data-id=\"0303f11\" data-element_type=\"container\" data-e-type=\"container\" data-settings=\"{&quot;animation&quot;:&quot;fadeInUp&quot;,&quot;animation_delay&quot;:150}\">\n\t\t\t\t<div class=\"elementor-element elementor-element-257b876 elementor-widget elementor-widget-text-editor\" data-id=\"257b876\" data-element_type=\"widget\" data-e-type=\"widget\" data-widget_type=\"text-editor.default\">\n\t\t\t\t\t\t\t\t\t<h3><a href=\"https:\/\/code.insmed.com\/fr\/nos-collaborateurs-et-notre-culture\/securite-au-travail\/\">S\u00e9curit\u00e9 au travail<\/a><\/h3>\t\t\t\t\t\t\t\t<\/div>\n\t\t\t\t<\/div>\n\t\t<div class=\"elementor-element elementor-element-c2d2d99 e-con-full card e-flex elementor-invisible e-con e-child\" data-id=\"c2d2d99\" data-element_type=\"container\" data-e-type=\"container\" data-settings=\"{&quot;animation&quot;:&quot;fadeInUp&quot;,&quot;animation_delay&quot;:150}\">\n\t\t\t\t<div class=\"elementor-element elementor-element-c5493ff elementor-widget elementor-widget-text-editor\" data-id=\"c5493ff\" data-element_type=\"widget\" data-e-type=\"widget\" data-widget_type=\"text-editor.default\">\n\t\t\t\t\t\t\t\t\t<h3><a href=\"https:\/\/code.insmed.com\/fr\/nos-collaborateurs-et-notre-culture\/conflits-dinterets\/\">Conflits d\u2019int\u00e9r\u00eats<\/a><\/h3>\t\t\t\t\t\t\t\t<\/div>\n\t\t\t\t<\/div>\n\t\t<div class=\"elementor-element elementor-element-149b662 e-con-full card e-flex elementor-invisible e-con e-child\" data-id=\"149b662\" data-element_type=\"container\" data-e-type=\"container\" data-settings=\"{&quot;animation&quot;:&quot;fadeInUp&quot;,&quot;animation_delay&quot;:150}\">\n\t\t\t\t<div class=\"elementor-element elementor-element-3370e9c elementor-widget elementor-widget-text-editor\" data-id=\"3370e9c\" data-element_type=\"widget\" data-e-type=\"widget\" data-widget_type=\"text-editor.default\">\n\t\t\t\t\t\t\t\t\t<h3><a href=\"https:\/\/code.insmed.com\/fr\/nos-collaborateurs-et-notre-culture\/communication-et-utilisation-des-reseaux-sociaux\/\">Communication et utilisation des r\u00e9seaux sociaux<\/a><\/h3>\t\t\t\t\t\t\t\t<\/div>\n\t\t\t\t<\/div>\n\t\t<div class=\"elementor-element elementor-element-5b0b5cf e-con-full card e-flex elementor-invisible e-con e-child\" data-id=\"5b0b5cf\" data-element_type=\"container\" data-e-type=\"container\" data-settings=\"{&quot;animation&quot;:&quot;fadeInUp&quot;,&quot;animation_delay&quot;:150}\">\n\t\t\t\t<div class=\"elementor-element elementor-element-d717377 elementor-widget elementor-widget-text-editor\" data-id=\"d717377\" data-element_type=\"widget\" data-e-type=\"widget\" data-widget_type=\"text-editor.default\">\n\t\t\t\t\t\t\t\t\t<h3><a href=\"https:\/\/code.insmed.com\/fr\/nos-collaborateurs-et-notre-culture\/activite-politique\/\">Activit\u00e9 politique<\/a><\/h3>\t\t\t\t\t\t\t\t<\/div>\n\t\t\t\t<\/div>\n\t\t\t\t\t<\/div>\n\t\t\t\t<\/div>\n\t\t\t\t<\/div>\n\t\t","protected":false},"excerpt":{"rendered":"<p>Citoyennet\u00e9 d\u2019entreprise Notre engagement \u00e0 \u00eatre une entreprise citoyenne responsable commence par les patients que nous servons et s\u2019\u00e9tend \u00e0 tous les aspects de nos activit\u00e9s, y compris nos communaut\u00e9s et l\u2019environnement dans lequel nous exer\u00e7ons nos activit\u00e9s. Nous imposons \u00e0 nos employ\u00e9s, dirigeants et administrateurs des normes \u00e9lev\u00e9es pour qu\u2019ils agissent de mani\u00e8re \u00e9thique [&hellip;]<\/p>\n","protected":false},"author":1,"featured_media":0,"parent":859,"menu_order":10,"comment_status":"closed","ping_status":"closed","template":"","meta":{"_genesis_hide_title":false,"_genesis_hide_breadcrumbs":false,"_genesis_hide_singular_image":false,"_genesis_hide_footer_widgets":false,"_genesis_custom_body_class":"","_genesis_custom_post_class":"","_genesis_layout":"","footnotes":""},"class_list":{"0":"post-867","1":"page","2":"type-page","3":"status-publish","5":"entry"},"_links":{"self":[{"href":"https:\/\/code.insmed.com\/fr\/wp-json\/wp\/v2\/pages\/867","targetHints":{"allow":["GET"]}}],"collection":[{"href":"https:\/\/code.insmed.com\/fr\/wp-json\/wp\/v2\/pages"}],"about":[{"href":"https:\/\/code.insmed.com\/fr\/wp-json\/wp\/v2\/types\/page"}],"author":[{"embeddable":true,"href":"https:\/\/code.insmed.com\/fr\/wp-json\/wp\/v2\/users\/1"}],"replies":[{"embeddable":true,"href":"https:\/\/code.insmed.com\/fr\/wp-json\/wp\/v2\/comments?post=867"}],"version-history":[{"count":0,"href":"https:\/\/code.insmed.com\/fr\/wp-json\/wp\/v2\/pages\/867\/revisions"}],"up":[{"embeddable":true,"href":"https:\/\/code.insmed.com\/fr\/wp-json\/wp\/v2\/pages\/859"}],"wp:attachment":[{"href":"https:\/\/code.insmed.com\/fr\/wp-json\/wp\/v2\/media?parent=867"}],"curies":[{"name":"wp","href":"https:\/\/api.w.org\/{rel}","templated":true}]}}