{"id":905,"date":"2025-08-28T20:58:23","date_gmt":"2025-08-29T00:58:23","guid":{"rendered":"https:\/\/codeofconduct1.wpenginepowered.com\/operations-commerciales-responsables\/prevention-de-la-corruption\/"},"modified":"2025-10-27T14:59:52","modified_gmt":"2025-10-27T18:59:52","slug":"prevention-de-la-corruption","status":"publish","type":"page","link":"https:\/\/code.insmed.com\/fr\/operations-commerciales-responsables\/prevention-de-la-corruption\/","title":{"rendered":"Pr\u00e9vention de la corruption"},"content":{"rendered":"\t\t<div data-elementor-type=\"wp-page\" data-elementor-id=\"905\" class=\"elementor elementor-905 elementor-49\" data-elementor-post-type=\"page\">\n\t\t\t\t<div class=\"elementor-element elementor-element-4a8f687 subpage-header lightest-gray-row e-flex e-con-boxed e-con e-parent\" data-id=\"4a8f687\" data-element_type=\"container\" data-e-type=\"container\">\n\t\t\t\t\t<div class=\"e-con-inner\">\n\t\t<div class=\"elementor-element elementor-element-f270924 e-con-full e-flex e-con e-child\" data-id=\"f270924\" data-element_type=\"container\" data-e-type=\"container\">\n\t\t\t\t<div class=\"elementor-element elementor-element-023bb17 rainbow-h1 elementor-widget elementor-widget-text-editor\" data-id=\"023bb17\" data-element_type=\"widget\" data-e-type=\"widget\" data-widget_type=\"text-editor.default\">\n\t\t\t\t\t\t\t\t\t<h1 style=\"text-align: center;\">Pr\u00e9vention de la corruption<\/h1><p style=\"text-align: center;\">Chez Insmed, nous interdisons toute forme de corruption, n\u2019importe o\u00f9 dans le monde. Nous n\u2019offrons ni n\u2019acceptons de pots-de-vin de la part de fonctionnaires, de professionnels de sant\u00e9 (PS) ou de toute autre personne. Cela s\u2019applique non seulement \u00e0 toute personne travaillant chez Insmed, mais aussi pour n\u2019importe travaillant en notre nom, y compris tout agent ou partenaire commercial, tel que d\u00e9crit dans notre Code de conduite des fournisseurs.  <\/p>\t\t\t\t\t\t\t\t<\/div>\n\t\t\t\t<div class=\"elementor-element elementor-element-7c3ed51 scroll-down-indicator elementor-invisible elementor-widget elementor-widget-html\" data-id=\"7c3ed51\" data-element_type=\"widget\" data-e-type=\"widget\" data-settings=\"{&quot;_animation&quot;:&quot;fadeIn&quot;,&quot;_animation_delay&quot;:150}\" data-widget_type=\"html.default\">\n\t\t\t\t\t<i class=\"fa-sharp fa-regular fa-arrow-down-long\"><\/i>\t\t\t\t<\/div>\n\t\t\t\t<\/div>\n\t\t\t\t\t<\/div>\n\t\t\t\t<\/div>\n\t\t<div class=\"elementor-element elementor-element-74e786a how-we-do-it-row e-flex e-con-boxed e-con e-parent\" data-id=\"74e786a\" data-element_type=\"container\" data-e-type=\"container\">\n\t\t\t\t\t<div class=\"e-con-inner\">\n\t\t<div class=\"elementor-element elementor-element-fe4d1dd e-con-full how-we-do-it-list-col e-flex elementor-invisible e-con e-child\" data-id=\"fe4d1dd\" data-element_type=\"container\" data-e-type=\"container\" data-settings=\"{&quot;animation&quot;:&quot;fadeIn&quot;,&quot;animation_delay&quot;:150}\">\n\t\t\t\t<div class=\"elementor-element elementor-element-b3788e7 elementor-widget elementor-widget-text-editor\" data-id=\"b3788e7\" data-element_type=\"widget\" data-e-type=\"widget\" data-widget_type=\"text-editor.default\">\n\t\t\t\t\t\t\t\t\t<h2>Comment nous <br \/>le faisons<\/h2><ul><li>Nous formons nos employ\u00e9s \u00e0 ne jamais offrir ou accepter de pots-de-vin de quiconque, et \u00e0 ne jamais dissimuler ou tenter de dissimuler un paiement.<\/li><li>Nous suivons les politiques de diligence raisonnable d\u2019Insmed avant de nous engager avec des tiers.<\/li><li>Nous surveillons attentivement les tiers, en veillant \u00e0 ce que leurs actions soient conformes \u00e0 nos politiques.<\/li><li>Nous enregistrons toutes les transactions et tous les paiements rapidement et correctement.<\/li><li>Lorsque nous travaillons avec des PS qui sont consid\u00e9r\u00e9s comme des fonctionnaires, nous respectons les r\u00e8gles strictes en place qui r\u00e9gissent ces interactions.<\/li><\/ul>\t\t\t\t\t\t\t\t<\/div>\n\t\t\t\t<\/div>\n\t\t<div class=\"elementor-element elementor-element-bbecc7e e-con-full how-we-do-it-img-col elementor-hidden-tablet elementor-hidden-mobile e-flex elementor-invisible e-con e-child\" data-id=\"bbecc7e\" data-element_type=\"container\" data-e-type=\"container\" data-settings=\"{&quot;animation&quot;:&quot;fadeIn&quot;,&quot;animation_delay&quot;:300}\">\n\t\t\t\t<div class=\"elementor-element elementor-element-9f68492 rounded-img elementor-widget elementor-widget-image\" data-id=\"9f68492\" data-element_type=\"widget\" data-e-type=\"widget\" data-widget_type=\"image.default\">\n\t\t\t\t\t\t\t\t\t\t\t\t\t\t\t<img fetchpriority=\"high\" decoding=\"async\" width=\"550\" height=\"640\" src=\"https:\/\/code.insmed.com\/wp-content\/uploads\/2025\/09\/Insmed_031.webp\" class=\"attachment-full size-full wp-image-900\" alt=\"\" srcset=\"https:\/\/code.insmed.com\/wp-content\/uploads\/2025\/09\/Insmed_031.webp 550w, https:\/\/code.insmed.com\/wp-content\/uploads\/2025\/09\/Insmed_031-258x300.webp 258w\" sizes=\"(max-width: 550px) 100vw, 550px\" \/>\t\t\t\t\t\t\t\t\t\t\t\t\t\t\t<\/div>\n\t\t\t\t<\/div>\n\t\t\t\t\t<\/div>\n\t\t\t\t<\/div>\n\t\t<div class=\"elementor-element elementor-element-2c22997 did-you-know-row e-flex e-con-boxed e-con e-parent\" data-id=\"2c22997\" data-element_type=\"container\" data-e-type=\"container\">\n\t\t\t\t\t<div class=\"e-con-inner\">\n\t\t<div class=\"elementor-element elementor-element-5b66b2f e-con-full callout-card e-flex elementor-invisible e-con e-child\" data-id=\"5b66b2f\" data-element_type=\"container\" data-e-type=\"container\" data-settings=\"{&quot;animation&quot;:&quot;fadeInUp&quot;}\">\n\t\t<div class=\"elementor-element elementor-element-e29ceb2 e-con-full callout-icon e-flex e-con e-child\" data-id=\"e29ceb2\" data-element_type=\"container\" data-e-type=\"container\">\n\t\t\t\t<div class=\"elementor-element elementor-element-fe9b948 elementor-widget elementor-widget-image\" data-id=\"fe9b948\" data-element_type=\"widget\" data-e-type=\"widget\" data-widget_type=\"image.default\">\n\t\t\t\t\t\t\t\t\t\t\t\t\t\t\t<img decoding=\"async\" width=\"40\" height=\"40\" src=\"https:\/\/code.insmed.com\/wp-content\/uploads\/2025\/09\/did-you-know-icon.svg\" class=\"attachment-full size-full wp-image-835\" alt=\"\" \/>\t\t\t\t\t\t\t\t\t\t\t\t\t\t\t<\/div>\n\t\t\t\t<\/div>\n\t\t<div class=\"elementor-element elementor-element-f2054fd e-con-full callout-header e-flex e-con e-child\" data-id=\"f2054fd\" data-element_type=\"container\" data-e-type=\"container\">\n\t\t\t\t<div class=\"elementor-element elementor-element-aa14534 elementor-widget elementor-widget-text-editor\" data-id=\"aa14534\" data-element_type=\"widget\" data-e-type=\"widget\" data-widget_type=\"text-editor.default\">\n\t\t\t\t\t\t\t\t\t<h2>Le saviez-vous ?<\/h2>\t\t\t\t\t\t\t\t<\/div>\n\t\t\t\t<\/div>\n\t\t<div class=\"elementor-element elementor-element-4069663 e-con-full callout-body e-flex e-con e-child\" data-id=\"4069663\" data-element_type=\"container\" data-e-type=\"container\">\n\t\t\t\t<div class=\"elementor-element elementor-element-bcc520a elementor-widget elementor-widget-text-editor\" data-id=\"bcc520a\" data-element_type=\"widget\" data-e-type=\"widget\" data-widget_type=\"text-editor.default\">\n\t\t\t\t\t\t\t\t\t<p>Il y a corruption lorsqu\u2019une personne offre quelque chose de valeur en \u00e9change d\u2019un r\u00e9sultat favorable. Lorsque nous utilisons le terme \u00ab quelque chose de valeur \u00bb, nous entendons plus que de l\u2019esp\u00e8ce. Les pots-de-vin peuvent \u00e9galement prendre la forme d\u2019articles non mon\u00e9taires, comme le paiement d\u2019un PS au-dessus de la valeur marchande \u00e9quitable, l\u2019ajout d\u2019un PS en tant qu\u2019auteur d\u2019une publication sans fondement, la fourniture de produits gratuits, ou l\u2019offre d\u2019activit\u00e9s r\u00e9cr\u00e9atives ou de divertissements. Nous disposons de nombreuses ressources internes pour aider les employ\u00e9s \u00e0 comprendre quels transferts de valeur sont acceptables et lesquels ne le sont pas.   <\/p>\t\t\t\t\t\t\t\t<\/div>\n\t\t\t\t<\/div>\n\t\t\t\t<\/div>\n\t\t\t\t\t<\/div>\n\t\t\t\t<\/div>\n\t\t<div class=\"elementor-element elementor-element-0d8b876 continue-exploring-row dark-violet-row e-flex e-con-boxed e-con e-parent\" data-id=\"0d8b876\" data-element_type=\"container\" data-e-type=\"container\">\n\t\t\t\t\t<div class=\"e-con-inner\">\n\t\t<div class=\"elementor-element elementor-element-23c6b8f e-con-full continue-exploring-header e-flex elementor-invisible e-con e-child\" data-id=\"23c6b8f\" data-element_type=\"container\" data-e-type=\"container\" data-settings=\"{&quot;animation&quot;:&quot;fadeInUp&quot;}\">\n\t\t\t\t<div class=\"elementor-element elementor-element-4a54d35 elementor-widget elementor-widget-text-editor\" data-id=\"4a54d35\" data-element_type=\"widget\" data-e-type=\"widget\" data-widget_type=\"text-editor.default\">\n\t\t\t\t\t\t\t\t\t<p>Commencer \u00e0 explorer<\/p><h2>Op\u00e9rations commerciales responsables<\/h2>\t\t\t\t\t\t\t\t<\/div>\n\t\t\t\t<\/div>\n\t\t<div class=\"elementor-element elementor-element-74459d2 e-con-full card e-flex elementor-invisible e-con e-child\" data-id=\"74459d2\" data-element_type=\"container\" data-e-type=\"container\" data-settings=\"{&quot;animation&quot;:&quot;fadeInUp&quot;,&quot;animation_delay&quot;:150}\">\n\t\t\t\t<div class=\"elementor-element elementor-element-9e7b71e elementor-widget elementor-widget-text-editor\" data-id=\"9e7b71e\" data-element_type=\"widget\" data-e-type=\"widget\" data-widget_type=\"text-editor.default\">\n\t\t\t\t\t\t\t\t\t<h3><a href=\"https:\/\/code.insmed.com\/fr\/operations-commerciales-responsables\/lois-sur-la-concurrence-et-antitrust\/\">Lois sur la concurrence et antitrust<\/a><\/h3>\t\t\t\t\t\t\t\t<\/div>\n\t\t\t\t<\/div>\n\t\t<div class=\"elementor-element elementor-element-0d98a1c e-con-full card e-flex elementor-invisible e-con e-child\" data-id=\"0d98a1c\" data-element_type=\"container\" data-e-type=\"container\" data-settings=\"{&quot;animation&quot;:&quot;fadeInUp&quot;,&quot;animation_delay&quot;:150}\">\n\t\t\t\t<div class=\"elementor-element elementor-element-5fe20d9 elementor-widget elementor-widget-text-editor\" data-id=\"5fe20d9\" data-element_type=\"widget\" data-e-type=\"widget\" data-widget_type=\"text-editor.default\">\n\t\t\t\t\t\t\t\t\t<h3><a href=\"https:\/\/code.insmed.com\/fr\/operations-commerciales-responsables\/controles-du-commerce\/\">Contr\u00f4les du commerce<\/a><\/h3>\t\t\t\t\t\t\t\t<\/div>\n\t\t\t\t<\/div>\n\t\t<div class=\"elementor-element elementor-element-b08ef7c e-con-full card e-flex elementor-invisible e-con e-child\" data-id=\"b08ef7c\" data-element_type=\"container\" data-e-type=\"container\" data-settings=\"{&quot;animation&quot;:&quot;fadeInUp&quot;,&quot;animation_delay&quot;:150}\">\n\t\t\t\t<div class=\"elementor-element elementor-element-f966442 elementor-widget elementor-widget-text-editor\" data-id=\"f966442\" data-element_type=\"widget\" data-e-type=\"widget\" data-widget_type=\"text-editor.default\">\n\t\t\t\t\t\t\t\t\t<h3><a href=\"https:\/\/code.insmed.com\/fr\/operations-commerciales-responsables\/integrite-financiere-et-tenue-de-dossiers\/\">Int\u00e9grit\u00e9 financi\u00e8re et tenue de dossiers<\/a><\/h3>\t\t\t\t\t\t\t\t<\/div>\n\t\t\t\t<\/div>\n\t\t<div class=\"elementor-element elementor-element-4ef3ec0 e-con-full card e-flex elementor-invisible e-con e-child\" data-id=\"4ef3ec0\" data-element_type=\"container\" data-e-type=\"container\" data-settings=\"{&quot;animation&quot;:&quot;fadeInUp&quot;,&quot;animation_delay&quot;:150}\">\n\t\t\t\t<div class=\"elementor-element elementor-element-8528826 elementor-widget elementor-widget-text-editor\" data-id=\"8528826\" data-element_type=\"widget\" data-e-type=\"widget\" data-widget_type=\"text-editor.default\">\n\t\t\t\t\t\t\t\t\t<h3><a href=\"https:\/\/code.insmed.com\/fr\/operations-commerciales-responsables\/cybersecurite\/\">Cybers\u00e9curit\u00e9<\/a><\/h3>\t\t\t\t\t\t\t\t<\/div>\n\t\t\t\t<\/div>\n\t\t<div class=\"elementor-element elementor-element-97d338b e-con-full card e-flex elementor-invisible e-con e-child\" data-id=\"97d338b\" data-element_type=\"container\" data-e-type=\"container\" data-settings=\"{&quot;animation&quot;:&quot;fadeInUp&quot;,&quot;animation_delay&quot;:150}\">\n\t\t\t\t<div class=\"elementor-element elementor-element-b3eff74 elementor-widget elementor-widget-text-editor\" data-id=\"b3eff74\" data-element_type=\"widget\" data-e-type=\"widget\" data-widget_type=\"text-editor.default\">\n\t\t\t\t\t\t\t\t\t<h3><a href=\"https:\/\/code.insmed.com\/fr\/operations-commerciales-responsables\/systemes-et-outils-dia\/\">Syst\u00e8mes et outils d\u2019IA<\/a><\/h3>\t\t\t\t\t\t\t\t<\/div>\n\t\t\t\t<\/div>\n\t\t<div class=\"elementor-element elementor-element-4d8826d e-con-full card e-flex elementor-invisible e-con e-child\" data-id=\"4d8826d\" data-element_type=\"container\" data-e-type=\"container\" data-settings=\"{&quot;animation&quot;:&quot;fadeInUp&quot;,&quot;animation_delay&quot;:150}\">\n\t\t\t\t<div class=\"elementor-element elementor-element-1b7b79c elementor-widget elementor-widget-text-editor\" data-id=\"1b7b79c\" data-element_type=\"widget\" data-e-type=\"widget\" data-widget_type=\"text-editor.default\">\n\t\t\t\t\t\t\t\t\t<h3><a href=\"https:\/\/code.insmed.com\/fr\/operations-commerciales-responsables\/propriete-intellectuelle\/\">Propri\u00e9t\u00e9 intellectuelle<\/a><\/h3>\t\t\t\t\t\t\t\t<\/div>\n\t\t\t\t<\/div>\n\t\t<div class=\"elementor-element elementor-element-0fd8eeb e-con-full card e-flex elementor-invisible e-con e-child\" data-id=\"0fd8eeb\" data-element_type=\"container\" data-e-type=\"container\" data-settings=\"{&quot;animation&quot;:&quot;fadeInUp&quot;,&quot;animation_delay&quot;:150}\">\n\t\t\t\t<div class=\"elementor-element elementor-element-f7bc47c elementor-widget elementor-widget-text-editor\" data-id=\"f7bc47c\" data-element_type=\"widget\" data-e-type=\"widget\" data-widget_type=\"text-editor.default\">\n\t\t\t\t\t\t\t\t\t<h3><a href=\"https:\/\/code.insmed.com\/fr\/operations-commerciales-responsables\/delit-dinitie\/\">D\u00e9lit d\u2019initi\u00e9<\/a><\/h3>\t\t\t\t\t\t\t\t<\/div>\n\t\t\t\t<\/div>\n\t\t<div class=\"elementor-element elementor-element-5851034 e-con-full card e-flex elementor-invisible e-con e-child\" data-id=\"5851034\" data-element_type=\"container\" data-e-type=\"container\" data-settings=\"{&quot;animation&quot;:&quot;fadeInUp&quot;,&quot;animation_delay&quot;:150}\">\n\t\t\t\t<div class=\"elementor-element elementor-element-9a45a66 elementor-widget elementor-widget-text-editor\" data-id=\"9a45a66\" data-element_type=\"widget\" data-e-type=\"widget\" data-widget_type=\"text-editor.default\">\n\t\t\t\t\t\t\t\t\t<h3><a href=\"https:\/\/code.insmed.com\/fr\/operations-commerciales-responsables\/engagements-avec-des-organisations-exterieures\/\">Engagements avec des organisations ext\u00e9rieures<\/a><\/h3>\t\t\t\t\t\t\t\t<\/div>\n\t\t\t\t<\/div>\n\t\t\t\t\t<\/div>\n\t\t\t\t<\/div>\n\t\t\t\t<\/div>\n\t\t","protected":false},"excerpt":{"rendered":"<p>Pr\u00e9vention de la corruption Chez Insmed, nous interdisons toute forme de corruption, n\u2019importe o\u00f9 dans le monde. Nous n\u2019offrons ni n\u2019acceptons de pots-de-vin de la part de fonctionnaires, de professionnels de sant\u00e9 (PS) ou de toute autre personne. Cela s\u2019applique non seulement \u00e0 toute personne travaillant chez Insmed, mais aussi pour n\u2019importe travaillant en notre [&hellip;]<\/p>\n","protected":false},"author":1,"featured_media":0,"parent":899,"menu_order":10,"comment_status":"closed","ping_status":"closed","template":"","meta":{"_genesis_hide_title":false,"_genesis_hide_breadcrumbs":false,"_genesis_hide_singular_image":false,"_genesis_hide_footer_widgets":false,"_genesis_custom_body_class":"","_genesis_custom_post_class":"","_genesis_layout":"","footnotes":""},"class_list":{"0":"post-905","1":"page","2":"type-page","3":"status-publish","5":"entry"},"_links":{"self":[{"href":"https:\/\/code.insmed.com\/fr\/wp-json\/wp\/v2\/pages\/905","targetHints":{"allow":["GET"]}}],"collection":[{"href":"https:\/\/code.insmed.com\/fr\/wp-json\/wp\/v2\/pages"}],"about":[{"href":"https:\/\/code.insmed.com\/fr\/wp-json\/wp\/v2\/types\/page"}],"author":[{"embeddable":true,"href":"https:\/\/code.insmed.com\/fr\/wp-json\/wp\/v2\/users\/1"}],"replies":[{"embeddable":true,"href":"https:\/\/code.insmed.com\/fr\/wp-json\/wp\/v2\/comments?post=905"}],"version-history":[{"count":0,"href":"https:\/\/code.insmed.com\/fr\/wp-json\/wp\/v2\/pages\/905\/revisions"}],"up":[{"embeddable":true,"href":"https:\/\/code.insmed.com\/fr\/wp-json\/wp\/v2\/pages\/899"}],"wp:attachment":[{"href":"https:\/\/code.insmed.com\/fr\/wp-json\/wp\/v2\/media?parent=905"}],"curies":[{"name":"wp","href":"https:\/\/api.w.org\/{rel}","templated":true}]}}