{"id":907,"date":"2025-08-28T20:58:23","date_gmt":"2025-08-29T00:58:23","guid":{"rendered":"https:\/\/codeofconduct1.wpenginepowered.com\/operations-commerciales-responsables\/lois-sur-la-concurrence-et-antitrust\/"},"modified":"2025-10-27T14:59:59","modified_gmt":"2025-10-27T18:59:59","slug":"lois-sur-la-concurrence-et-antitrust","status":"publish","type":"page","link":"https:\/\/code.insmed.com\/fr\/operations-commerciales-responsables\/lois-sur-la-concurrence-et-antitrust\/","title":{"rendered":"Lois sur la concurrence et antitrust"},"content":{"rendered":"\t\t<div data-elementor-type=\"wp-page\" data-elementor-id=\"907\" class=\"elementor elementor-907 elementor-51\" data-elementor-post-type=\"page\">\n\t\t\t\t<div class=\"elementor-element elementor-element-677d450 subpage-header lightest-gray-row e-flex e-con-boxed e-con e-parent\" data-id=\"677d450\" data-element_type=\"container\" data-e-type=\"container\">\n\t\t\t\t\t<div class=\"e-con-inner\">\n\t\t<div class=\"elementor-element elementor-element-0ae6d88 e-con-full e-flex e-con e-child\" data-id=\"0ae6d88\" data-element_type=\"container\" data-e-type=\"container\">\n\t\t\t\t<div class=\"elementor-element elementor-element-62e8fa1 rainbow-h1 elementor-widget elementor-widget-text-editor\" data-id=\"62e8fa1\" data-element_type=\"widget\" data-e-type=\"widget\" data-widget_type=\"text-editor.default\">\n\t\t\t\t\t\t\t\t\t<h1 style=\"text-align: center;\">Lois sur la concurrence et antitrust<\/h1><p style=\"text-align: center;\">Chez Insmed, nous nous engageons \u00e0 rendre nos produits disponibles pour tous les patients concern\u00e9s. Nous atteignons cet objectif en exer\u00e7ant nos activit\u00e9s conform\u00e9ment aux lois applicables en mati\u00e8re de concurrence et aux ententes, con\u00e7ues pour garantir un march\u00e9 \u00e9quitable. <\/p><p style=\"text-align: center;\">Lorsque nous agissons avec int\u00e9grit\u00e9, nous surpassons nos concurrents par le biais de nos performances sup\u00e9rieures et de l\u2019efficacit\u00e9 de nos produits. Nous sommes fiers de notre engagement \u00e0 toujours traiter \u00e9quitablement et \u00e0 ne jamais profiter de quiconque par la corruption, la manipulation, la dissimulation, l\u2019abus d\u2019informations privil\u00e9gi\u00e9es, la d\u00e9formation de faits importants ou toute autre pratique commerciale d\u00e9loyale. <\/p>\t\t\t\t\t\t\t\t<\/div>\n\t\t\t\t<div class=\"elementor-element elementor-element-df41e56 scroll-down-indicator elementor-invisible elementor-widget elementor-widget-html\" data-id=\"df41e56\" data-element_type=\"widget\" data-e-type=\"widget\" data-settings=\"{&quot;_animation&quot;:&quot;fadeIn&quot;,&quot;_animation_delay&quot;:150}\" data-widget_type=\"html.default\">\n\t\t\t\t\t<i class=\"fa-sharp fa-regular fa-arrow-down-long\"><\/i>\t\t\t\t<\/div>\n\t\t\t\t<\/div>\n\t\t\t\t\t<\/div>\n\t\t\t\t<\/div>\n\t\t<div class=\"elementor-element elementor-element-3c430ff how-we-do-it-row e-flex e-con-boxed e-con e-parent\" data-id=\"3c430ff\" data-element_type=\"container\" data-e-type=\"container\">\n\t\t\t\t\t<div class=\"e-con-inner\">\n\t\t<div class=\"elementor-element elementor-element-fedb37b e-con-full how-we-do-it-list-col e-flex elementor-invisible e-con e-child\" data-id=\"fedb37b\" data-element_type=\"container\" data-e-type=\"container\" data-settings=\"{&quot;animation&quot;:&quot;fadeIn&quot;,&quot;animation_delay&quot;:150}\">\n\t\t\t\t<div class=\"elementor-element elementor-element-9b63d0b elementor-widget elementor-widget-text-editor\" data-id=\"9b63d0b\" data-element_type=\"widget\" data-e-type=\"widget\" data-widget_type=\"text-editor.default\">\n\t\t\t\t\t\t\t\t\t<h2>Comment nous le faisons<\/h2><ul><li>Nous formons les employ\u00e9s sur la mani\u00e8re dont les lois sur la concurrence applicables s\u2019appliquent \u00e0 leur poste chez Insmed.<\/li><li>Nous ne faisons jamais de d\u00e9clarations non \u00e9tay\u00e9es ou n\u00e9gatives \u00e0 propos de nos concurrents dans le but de remporter un march\u00e9.<\/li><li>Nous ne concluons pas d\u2019accords restrictifs de concurrence avec des concurrents.<\/li><li>Nous ne discutons pas des prix, des strat\u00e9gies de tarification, des strat\u00e9gies de vente ou d\u2019autres informations sensibles avec les concurrents.<\/li><li>Nous recueillons des informations sur nos concurrents de mani\u00e8re loyale et uniquement par le biais de moyens accessibles au public. Nous n\u2019offrons ni n\u2019acceptons jamais de r\u00e9mun\u00e9rer un employ\u00e9 ou un agent d\u2019un concurrent en \u00e9change des informations confidentielles de ce concurrent. <\/li><\/ul>\t\t\t\t\t\t\t\t<\/div>\n\t\t\t\t<\/div>\n\t\t<div class=\"elementor-element elementor-element-4cc4885 e-con-full how-we-do-it-img-col elementor-hidden-tablet elementor-hidden-mobile e-flex elementor-invisible e-con e-child\" data-id=\"4cc4885\" data-element_type=\"container\" data-e-type=\"container\" data-settings=\"{&quot;animation&quot;:&quot;fadeIn&quot;,&quot;animation_delay&quot;:300}\">\n\t\t\t\t<div class=\"elementor-element elementor-element-e6b6be6 rounded-img elementor-widget elementor-widget-image\" data-id=\"e6b6be6\" data-element_type=\"widget\" data-e-type=\"widget\" data-widget_type=\"image.default\">\n\t\t\t\t\t\t\t\t\t\t\t\t\t\t\t<img fetchpriority=\"high\" decoding=\"async\" width=\"550\" height=\"640\" src=\"https:\/\/code.insmed.com\/wp-content\/uploads\/2025\/09\/250407_INSMED_0419-1.webp\" class=\"attachment-full size-full wp-image-906\" alt=\"\" srcset=\"https:\/\/code.insmed.com\/wp-content\/uploads\/2025\/09\/250407_INSMED_0419-1.webp 550w, https:\/\/code.insmed.com\/wp-content\/uploads\/2025\/09\/250407_INSMED_0419-1-258x300.webp 258w\" sizes=\"(max-width: 550px) 100vw, 550px\" \/>\t\t\t\t\t\t\t\t\t\t\t\t\t\t\t<\/div>\n\t\t\t\t<\/div>\n\t\t\t\t\t<\/div>\n\t\t\t\t<\/div>\n\t\t<div class=\"elementor-element elementor-element-b68fdbf did-you-know-row e-flex e-con-boxed e-con e-parent\" data-id=\"b68fdbf\" data-element_type=\"container\" data-e-type=\"container\">\n\t\t\t\t\t<div class=\"e-con-inner\">\n\t\t<div class=\"elementor-element elementor-element-c6129db e-con-full callout-card e-flex elementor-invisible e-con e-child\" data-id=\"c6129db\" data-element_type=\"container\" data-e-type=\"container\" data-settings=\"{&quot;animation&quot;:&quot;fadeInUp&quot;}\">\n\t\t<div class=\"elementor-element elementor-element-9a2d29d e-con-full callout-icon e-flex e-con e-child\" data-id=\"9a2d29d\" data-element_type=\"container\" data-e-type=\"container\">\n\t\t\t\t<div class=\"elementor-element elementor-element-2e171ee elementor-widget elementor-widget-image\" data-id=\"2e171ee\" data-element_type=\"widget\" data-e-type=\"widget\" data-widget_type=\"image.default\">\n\t\t\t\t\t\t\t\t\t\t\t\t\t\t\t<img decoding=\"async\" width=\"40\" height=\"40\" src=\"https:\/\/code.insmed.com\/wp-content\/uploads\/2025\/09\/did-you-know-icon.svg\" class=\"attachment-full size-full wp-image-835\" alt=\"\" \/>\t\t\t\t\t\t\t\t\t\t\t\t\t\t\t<\/div>\n\t\t\t\t<\/div>\n\t\t<div class=\"elementor-element elementor-element-942ed44 e-con-full callout-header e-flex e-con e-child\" data-id=\"942ed44\" data-element_type=\"container\" data-e-type=\"container\">\n\t\t\t\t<div class=\"elementor-element elementor-element-6c75d7a elementor-widget elementor-widget-text-editor\" data-id=\"6c75d7a\" data-element_type=\"widget\" data-e-type=\"widget\" data-widget_type=\"text-editor.default\">\n\t\t\t\t\t\t\t\t\t<h2>Le saviez-vous ?<\/h2>\t\t\t\t\t\t\t\t<\/div>\n\t\t\t\t<\/div>\n\t\t<div class=\"elementor-element elementor-element-86b38af e-con-full callout-body e-flex e-con e-child\" data-id=\"86b38af\" data-element_type=\"container\" data-e-type=\"container\">\n\t\t\t\t<div class=\"elementor-element elementor-element-b9a2e8a elementor-widget elementor-widget-text-editor\" data-id=\"b9a2e8a\" data-element_type=\"widget\" data-e-type=\"widget\" data-widget_type=\"text-editor.default\">\n\t\t\t\t\t\t\t\t\t<p>Les accords avec des concurrents qui nuisent au march\u00e9 sont toujours interdits. Voici des exemples d\u2019accords interdits : <\/p><ul><li>Accords pour fixer les prix.<\/li><li>Accords pour r\u00e9partir les clients ou les march\u00e9s.<\/li><li>Accords visant \u00e0 exclure d\u2019autres concurrents du march\u00e9.<\/li><li>Accords qui proposera une offre la plus basse et une offre plus \u00e9lev\u00e9e pour un projet particulier.<\/li><li>Accords pour refuser de traiter avec ou acheter des biens ou des services aupr\u00e8s d\u2019un fournisseur ou d\u2019un vendeur particulier.<\/li><\/ul><p>Les accords n\u2019ont pas besoin d\u2019\u00eatre \u00e9crits pour \u00eatre consid\u00e9r\u00e9s comme des accords. Une simple conversation entre deux concurrents peut suffire pour \u00eatre consid\u00e9r\u00e9e comme un accord. Demandez toujours un examen et une approbation juridiques avant de conclure un accord avec des concurrents, des fournisseurs ou des clients concernant l\u2019exclusivit\u00e9, le traitement pr\u00e9f\u00e9rentiel ou les restrictions sur les prix de revente.  <\/p>\t\t\t\t\t\t\t\t<\/div>\n\t\t\t\t<\/div>\n\t\t\t\t<\/div>\n\t\t\t\t\t<\/div>\n\t\t\t\t<\/div>\n\t\t<div class=\"elementor-element elementor-element-b95dc2d lightest-gray-row reporting-row e-flex e-con-boxed e-con e-parent\" data-id=\"b95dc2d\" data-element_type=\"container\" data-e-type=\"container\">\n\t\t\t\t\t<div class=\"e-con-inner\">\n\t\t<div class=\"elementor-element elementor-element-1e85cff e-con-full e-flex e-con e-child\" data-id=\"1e85cff\" data-element_type=\"container\" data-e-type=\"container\">\n\t\t<div class=\"elementor-element elementor-element-b1f6202 e-con-full callout-icon e-flex elementor-invisible e-con e-child\" data-id=\"b1f6202\" data-element_type=\"container\" data-e-type=\"container\" data-settings=\"{&quot;animation_delay&quot;:300,&quot;animation&quot;:&quot;fadeInUp&quot;}\">\n\t\t\t\t<div class=\"elementor-element elementor-element-33dd313 elementor-widget elementor-widget-image\" data-id=\"33dd313\" data-element_type=\"widget\" data-e-type=\"widget\" data-widget_type=\"image.default\">\n\t\t\t\t\t\t\t\t\t\t\t\t\t\t\t<img decoding=\"async\" width=\"16\" height=\"42\" src=\"https:\/\/code.insmed.com\/wp-content\/uploads\/2025\/09\/reporting-icon.svg\" class=\"attachment-full size-full wp-image-836\" alt=\"\" \/>\t\t\t\t\t\t\t\t\t\t\t\t\t\t\t<\/div>\n\t\t\t\t<\/div>\n\t\t\t\t<\/div>\n\t\t<div class=\"elementor-element elementor-element-d6d482a e-con-full e-flex e-con e-child\" data-id=\"d6d482a\" data-element_type=\"container\" data-e-type=\"container\">\n\t\t\t\t<div class=\"elementor-element elementor-element-89e002d large-text elementor-invisible elementor-widget elementor-widget-text-editor\" data-id=\"89e002d\" data-element_type=\"widget\" data-e-type=\"widget\" data-settings=\"{&quot;_animation&quot;:&quot;fadeInUp&quot;}\" data-widget_type=\"text-editor.default\">\n\t\t\t\t\t\t\t\t\t<p>Si quelqu\u2019un sugg\u00e8re de vous livrer \u00e0 un comportement anticoncurrentiel, arr\u00eatez imm\u00e9diatement la conversation et contactez un membre du service juridique ou <a href=\"mailto:InsmedLegal@insmed.com\" target=\"_blank\" rel=\"noopener\">Insmed<\/a>.<\/p>\t\t\t\t\t\t\t\t<\/div>\n\t\t\t\t<\/div>\n\t\t\t\t\t<\/div>\n\t\t\t\t<\/div>\n\t\t<div class=\"elementor-element elementor-element-729561e continue-exploring-row dark-violet-row e-flex e-con-boxed e-con e-parent\" data-id=\"729561e\" data-element_type=\"container\" data-e-type=\"container\">\n\t\t\t\t\t<div class=\"e-con-inner\">\n\t\t<div class=\"elementor-element elementor-element-d53c3d3 e-con-full continue-exploring-header e-flex elementor-invisible e-con e-child\" data-id=\"d53c3d3\" data-element_type=\"container\" data-e-type=\"container\" data-settings=\"{&quot;animation&quot;:&quot;fadeInUp&quot;}\">\n\t\t\t\t<div class=\"elementor-element elementor-element-fddef6b elementor-widget elementor-widget-text-editor\" data-id=\"fddef6b\" data-element_type=\"widget\" data-e-type=\"widget\" data-widget_type=\"text-editor.default\">\n\t\t\t\t\t\t\t\t\t<p>Commencer \u00e0 explorer<\/p><h2>Op\u00e9rations commerciales responsables<\/h2>\t\t\t\t\t\t\t\t<\/div>\n\t\t\t\t<\/div>\n\t\t<div class=\"elementor-element elementor-element-13545a7 e-con-full card e-flex elementor-invisible e-con e-child\" data-id=\"13545a7\" data-element_type=\"container\" data-e-type=\"container\" data-settings=\"{&quot;animation&quot;:&quot;fadeInUp&quot;}\">\n\t\t\t\t<div class=\"elementor-element elementor-element-d3ef8c7 elementor-widget elementor-widget-text-editor\" data-id=\"d3ef8c7\" data-element_type=\"widget\" data-e-type=\"widget\" data-widget_type=\"text-editor.default\">\n\t\t\t\t\t\t\t\t\t<h3><a href=\"https:\/\/code.insmed.com\/fr\/operations-commerciales-responsables\/prevention-de-la-corruption\/\">Pr\u00e9vention de la corruption<\/a><\/h3>\t\t\t\t\t\t\t\t<\/div>\n\t\t\t\t<\/div>\n\t\t<div class=\"elementor-element elementor-element-5d9ee71 e-con-full card e-flex elementor-invisible e-con e-child\" data-id=\"5d9ee71\" data-element_type=\"container\" data-e-type=\"container\" data-settings=\"{&quot;animation&quot;:&quot;fadeInUp&quot;,&quot;animation_delay&quot;:150}\">\n\t\t\t\t<div class=\"elementor-element elementor-element-8d94230 elementor-widget elementor-widget-text-editor\" data-id=\"8d94230\" data-element_type=\"widget\" data-e-type=\"widget\" data-widget_type=\"text-editor.default\">\n\t\t\t\t\t\t\t\t\t<h3><a href=\"https:\/\/code.insmed.com\/fr\/operations-commerciales-responsables\/controles-du-commerce\/\">Contr\u00f4les du commerce<\/a><\/h3>\t\t\t\t\t\t\t\t<\/div>\n\t\t\t\t<\/div>\n\t\t<div class=\"elementor-element elementor-element-fa8ae65 e-con-full card e-flex elementor-invisible e-con e-child\" data-id=\"fa8ae65\" data-element_type=\"container\" data-e-type=\"container\" data-settings=\"{&quot;animation&quot;:&quot;fadeInUp&quot;,&quot;animation_delay&quot;:150}\">\n\t\t\t\t<div class=\"elementor-element elementor-element-acc82db elementor-widget elementor-widget-text-editor\" data-id=\"acc82db\" data-element_type=\"widget\" data-e-type=\"widget\" data-widget_type=\"text-editor.default\">\n\t\t\t\t\t\t\t\t\t<h3><a href=\"https:\/\/code.insmed.com\/fr\/operations-commerciales-responsables\/integrite-financiere-et-tenue-de-dossiers\/\">Int\u00e9grit\u00e9 financi\u00e8re et tenue de dossiers<\/a><\/h3>\t\t\t\t\t\t\t\t<\/div>\n\t\t\t\t<\/div>\n\t\t<div class=\"elementor-element elementor-element-7b40c65 e-con-full card e-flex elementor-invisible e-con e-child\" data-id=\"7b40c65\" data-element_type=\"container\" data-e-type=\"container\" data-settings=\"{&quot;animation&quot;:&quot;fadeInUp&quot;,&quot;animation_delay&quot;:150}\">\n\t\t\t\t<div class=\"elementor-element elementor-element-bf96e0d elementor-widget elementor-widget-text-editor\" data-id=\"bf96e0d\" data-element_type=\"widget\" data-e-type=\"widget\" data-widget_type=\"text-editor.default\">\n\t\t\t\t\t\t\t\t\t<h3><a href=\"https:\/\/code.insmed.com\/fr\/operations-commerciales-responsables\/cybersecurite\/\">Cybers\u00e9curit\u00e9<\/a><\/h3>\t\t\t\t\t\t\t\t<\/div>\n\t\t\t\t<\/div>\n\t\t<div class=\"elementor-element elementor-element-5bb76d3 e-con-full card e-flex elementor-invisible e-con e-child\" data-id=\"5bb76d3\" data-element_type=\"container\" data-e-type=\"container\" data-settings=\"{&quot;animation&quot;:&quot;fadeInUp&quot;,&quot;animation_delay&quot;:150}\">\n\t\t\t\t<div class=\"elementor-element elementor-element-55b0216 elementor-widget elementor-widget-text-editor\" data-id=\"55b0216\" data-element_type=\"widget\" data-e-type=\"widget\" data-widget_type=\"text-editor.default\">\n\t\t\t\t\t\t\t\t\t<h3><a href=\"https:\/\/code.insmed.com\/fr\/operations-commerciales-responsables\/systemes-et-outils-dia\/\">Syst\u00e8mes et outils d\u2019IA<\/a><\/h3>\t\t\t\t\t\t\t\t<\/div>\n\t\t\t\t<\/div>\n\t\t<div class=\"elementor-element elementor-element-65502ad e-con-full card e-flex elementor-invisible e-con e-child\" data-id=\"65502ad\" data-element_type=\"container\" data-e-type=\"container\" data-settings=\"{&quot;animation&quot;:&quot;fadeInUp&quot;,&quot;animation_delay&quot;:150}\">\n\t\t\t\t<div class=\"elementor-element elementor-element-62d51ea elementor-widget elementor-widget-text-editor\" data-id=\"62d51ea\" data-element_type=\"widget\" data-e-type=\"widget\" data-widget_type=\"text-editor.default\">\n\t\t\t\t\t\t\t\t\t<h3><a href=\"https:\/\/code.insmed.com\/fr\/operations-commerciales-responsables\/propriete-intellectuelle\/\">Propri\u00e9t\u00e9 intellectuelle<\/a><\/h3>\t\t\t\t\t\t\t\t<\/div>\n\t\t\t\t<\/div>\n\t\t<div class=\"elementor-element elementor-element-5661d2a e-con-full card e-flex elementor-invisible e-con e-child\" data-id=\"5661d2a\" data-element_type=\"container\" data-e-type=\"container\" data-settings=\"{&quot;animation&quot;:&quot;fadeInUp&quot;,&quot;animation_delay&quot;:150}\">\n\t\t\t\t<div class=\"elementor-element elementor-element-097c967 elementor-widget elementor-widget-text-editor\" data-id=\"097c967\" data-element_type=\"widget\" data-e-type=\"widget\" data-widget_type=\"text-editor.default\">\n\t\t\t\t\t\t\t\t\t<h3><a href=\"https:\/\/code.insmed.com\/fr\/operations-commerciales-responsables\/delit-dinitie\/\">D\u00e9lit d\u2019initi\u00e9<\/a><\/h3>\t\t\t\t\t\t\t\t<\/div>\n\t\t\t\t<\/div>\n\t\t<div class=\"elementor-element elementor-element-98f4c98 e-con-full card e-flex elementor-invisible e-con e-child\" data-id=\"98f4c98\" data-element_type=\"container\" data-e-type=\"container\" data-settings=\"{&quot;animation&quot;:&quot;fadeInUp&quot;,&quot;animation_delay&quot;:150}\">\n\t\t\t\t<div class=\"elementor-element elementor-element-38b0695 elementor-widget elementor-widget-text-editor\" data-id=\"38b0695\" data-element_type=\"widget\" data-e-type=\"widget\" data-widget_type=\"text-editor.default\">\n\t\t\t\t\t\t\t\t\t<h3><a href=\"https:\/\/code.insmed.com\/fr\/operations-commerciales-responsables\/engagements-avec-des-organisations-exterieures\/\">Engagements avec des organisations ext\u00e9rieures<\/a><\/h3>\t\t\t\t\t\t\t\t<\/div>\n\t\t\t\t<\/div>\n\t\t\t\t\t<\/div>\n\t\t\t\t<\/div>\n\t\t\t\t<\/div>\n\t\t","protected":false},"excerpt":{"rendered":"<p>Lois sur la concurrence et antitrust Chez Insmed, nous nous engageons \u00e0 rendre nos produits disponibles pour tous les patients concern\u00e9s. Nous atteignons cet objectif en exer\u00e7ant nos activit\u00e9s conform\u00e9ment aux lois applicables en mati\u00e8re de concurrence et aux ententes, con\u00e7ues pour garantir un march\u00e9 \u00e9quitable. Lorsque nous agissons avec int\u00e9grit\u00e9, nous surpassons nos concurrents [&hellip;]<\/p>\n","protected":false},"author":1,"featured_media":0,"parent":899,"menu_order":10,"comment_status":"closed","ping_status":"closed","template":"","meta":{"_genesis_hide_title":false,"_genesis_hide_breadcrumbs":false,"_genesis_hide_singular_image":false,"_genesis_hide_footer_widgets":false,"_genesis_custom_body_class":"","_genesis_custom_post_class":"","_genesis_layout":"","footnotes":""},"class_list":{"0":"post-907","1":"page","2":"type-page","3":"status-publish","5":"entry"},"_links":{"self":[{"href":"https:\/\/code.insmed.com\/fr\/wp-json\/wp\/v2\/pages\/907","targetHints":{"allow":["GET"]}}],"collection":[{"href":"https:\/\/code.insmed.com\/fr\/wp-json\/wp\/v2\/pages"}],"about":[{"href":"https:\/\/code.insmed.com\/fr\/wp-json\/wp\/v2\/types\/page"}],"author":[{"embeddable":true,"href":"https:\/\/code.insmed.com\/fr\/wp-json\/wp\/v2\/users\/1"}],"replies":[{"embeddable":true,"href":"https:\/\/code.insmed.com\/fr\/wp-json\/wp\/v2\/comments?post=907"}],"version-history":[{"count":0,"href":"https:\/\/code.insmed.com\/fr\/wp-json\/wp\/v2\/pages\/907\/revisions"}],"up":[{"embeddable":true,"href":"https:\/\/code.insmed.com\/fr\/wp-json\/wp\/v2\/pages\/899"}],"wp:attachment":[{"href":"https:\/\/code.insmed.com\/fr\/wp-json\/wp\/v2\/media?parent=907"}],"curies":[{"name":"wp","href":"https:\/\/api.w.org\/{rel}","templated":true}]}}