{"id":920,"date":"2025-08-28T20:58:23","date_gmt":"2025-08-29T00:58:23","guid":{"rendered":"https:\/\/codeofconduct1.wpenginepowered.com\/operations-commerciales-responsables\/cybersecurite\/"},"modified":"2025-10-27T15:00:22","modified_gmt":"2025-10-27T19:00:22","slug":"cybersecurite","status":"publish","type":"page","link":"https:\/\/code.insmed.com\/fr\/operations-commerciales-responsables\/cybersecurite\/","title":{"rendered":"Cybers\u00e9curit\u00e9"},"content":{"rendered":"\t\t<div data-elementor-type=\"wp-page\" data-elementor-id=\"920\" class=\"elementor elementor-920 elementor-57\" data-elementor-post-type=\"page\">\n\t\t\t\t<div class=\"elementor-element elementor-element-a297ee8 subpage-header lightest-gray-row e-flex e-con-boxed e-con e-parent\" data-id=\"a297ee8\" data-element_type=\"container\" data-e-type=\"container\">\n\t\t\t\t\t<div class=\"e-con-inner\">\n\t\t<div class=\"elementor-element elementor-element-e1a5541 e-con-full e-flex e-con e-child\" data-id=\"e1a5541\" data-element_type=\"container\" data-e-type=\"container\">\n\t\t\t\t<div class=\"elementor-element elementor-element-09d6641 scroll-down-indicator elementor-invisible elementor-widget elementor-widget-html\" data-id=\"09d6641\" data-element_type=\"widget\" data-e-type=\"widget\" data-settings=\"{&quot;_animation&quot;:&quot;fadeIn&quot;,&quot;_animation_delay&quot;:150}\" data-widget_type=\"html.default\">\n\t\t\t\t\t<i class=\"fa-sharp fa-regular fa-arrow-down-long\"><\/i>\t\t\t\t<\/div>\n\t\t\t\t<div class=\"elementor-element elementor-element-e5a4014 rainbow-h1 elementor-widget elementor-widget-text-editor\" data-id=\"e5a4014\" data-element_type=\"widget\" data-e-type=\"widget\" data-widget_type=\"text-editor.default\">\n\t\t\t\t\t\t\t\t\t<h1 style=\"text-align: center;\">Cybers\u00e9curit\u00e9<\/h1><p style=\"text-align: center;\">Notre programme complet de cybers\u00e9curit\u00e9 int\u00e8gre des processus, des technologies et des contr\u00f4les robustes pour nous prot\u00e9ger contre les menaces \u00e9volutives dans le secteur de la sant\u00e9 et de la biopharmacie. Cette approche contribue \u00e0 prot\u00e9ger nos actifs physiques, informatifs et financiers et est essentielle \u00e0 la protection de nos patients, professionnels de sant\u00e9 et employ\u00e9s. L\u2019un des principaux atouts de notre strat\u00e9gie de cybers\u00e9curit\u00e9 r\u00e9side dans le postulat selon lequel la s\u00e9curit\u00e9 rel\u00e8ve de la responsabilit\u00e9 de chacun. Nous nous effor\u00e7ons en permanence de favoriser une culture soucieuse de la s\u00e9curit\u00e9, dans laquelle chaque membre de l\u2019\u00e9quipe participe activement \u00e0 la protection de la propri\u00e9t\u00e9 intellectuelle, des donn\u00e9es des clients et des informations des patients de l\u2019entreprise.   <\/p>\t\t\t\t\t\t\t\t<\/div>\n\t\t\t\t<\/div>\n\t\t\t\t\t<\/div>\n\t\t\t\t<\/div>\n\t\t<div class=\"elementor-element elementor-element-60b4cc9 how-we-do-it-row e-flex e-con-boxed e-con e-parent\" data-id=\"60b4cc9\" data-element_type=\"container\" data-e-type=\"container\">\n\t\t\t\t\t<div class=\"e-con-inner\">\n\t\t<div class=\"elementor-element elementor-element-73d2046 e-con-full how-we-do-it-list-col e-flex elementor-invisible e-con e-child\" data-id=\"73d2046\" data-element_type=\"container\" data-e-type=\"container\" data-settings=\"{&quot;animation&quot;:&quot;fadeIn&quot;,&quot;animation_delay&quot;:150}\">\n\t\t\t\t<div class=\"elementor-element elementor-element-e25983e elementor-widget elementor-widget-text-editor\" data-id=\"e25983e\" data-element_type=\"widget\" data-e-type=\"widget\" data-widget_type=\"text-editor.default\">\n\t\t\t\t\t\t\t\t\t<h2>Comment nous <br \/>le faisons<\/h2><ul><li>Nous exhortons les employ\u00e9s \u00e0 conserver les informations confidentielles en s\u00e9curit\u00e9 et hors de la vue du public et \u00e0 prot\u00e9ger la propri\u00e9t\u00e9 d\u2019Insmed, y compris les appareils intelligents et les ordinateurs portables, en tout temps.<\/li><li>Nous d\u00e9ployons un programme de formation obligatoire sur la cybers\u00e9curit\u00e9 pour tous les employ\u00e9s, couvrant des sujets essentiels tels que la Politique mondiale de confidentialit\u00e9 d\u2019Insmed, l\u2019utilisation de l\u2019informatique, le traitement des donn\u00e9es, la pr\u00e9vention de l\u2019hame\u00e7onnage et la sensibilisation \u00e0 la s\u00e9curit\u00e9.<\/li><li>Nous \u00e9valuons nos pratiques de cybers\u00e9curit\u00e9 par rapport aux normes \u00e9tablies par le Centre pour la S\u00e9curit\u00e9 Internet, ce qui nous aide \u00e0 identifier et \u00e0 att\u00e9nuer les risques de cybers\u00e9curit\u00e9.<\/li><li>Nous alertons en permanence nos employ\u00e9s de l\u2019\u00e9volution des menaces par le biais de notre campagne d\u2019hame\u00e7onnage en cours et des avis de cybers\u00e9curit\u00e9 publi\u00e9s sur notre intranet.<\/li><li>Nous formons les employ\u00e9s aux proc\u00e9dures de s\u00e9curit\u00e9 des informations, notamment en verrouillant les dispositifs, en les stockant de mani\u00e8re appropri\u00e9e, en suivant de pr\u00e8s les instructions et les proc\u00e9dures relatives aux mots de passe, en gardant les communications professionnelles sur les canaux de l\u2019entreprise et en signalant les courriels ou autres communications suspectes.<\/li><\/ul>\t\t\t\t\t\t\t\t<\/div>\n\t\t\t\t<\/div>\n\t\t<div class=\"elementor-element elementor-element-e0b666e e-con-full how-we-do-it-img-col elementor-hidden-tablet elementor-hidden-mobile e-flex elementor-invisible e-con e-child\" data-id=\"e0b666e\" data-element_type=\"container\" data-e-type=\"container\" data-settings=\"{&quot;animation&quot;:&quot;fadeIn&quot;,&quot;animation_delay&quot;:300}\">\n\t\t\t\t<div class=\"elementor-element elementor-element-2648904 rounded-img elementor-widget elementor-widget-image\" data-id=\"2648904\" data-element_type=\"widget\" data-e-type=\"widget\" data-widget_type=\"image.default\">\n\t\t\t\t\t\t\t\t\t\t\t\t\t\t\t<img fetchpriority=\"high\" decoding=\"async\" width=\"550\" height=\"640\" src=\"https:\/\/code.insmed.com\/wp-content\/uploads\/2025\/09\/Insmed_019.webp\" class=\"attachment-full size-full wp-image-917\" alt=\"\" srcset=\"https:\/\/code.insmed.com\/wp-content\/uploads\/2025\/09\/Insmed_019.webp 550w, https:\/\/code.insmed.com\/wp-content\/uploads\/2025\/09\/Insmed_019-258x300.webp 258w\" sizes=\"(max-width: 550px) 100vw, 550px\" \/>\t\t\t\t\t\t\t\t\t\t\t\t\t\t\t<\/div>\n\t\t\t\t<\/div>\n\t\t\t\t\t<\/div>\n\t\t\t\t<\/div>\n\t\t<div class=\"elementor-element elementor-element-b21c679 did-you-know-row e-flex e-con-boxed e-con e-parent\" data-id=\"b21c679\" data-element_type=\"container\" data-e-type=\"container\">\n\t\t\t\t\t<div class=\"e-con-inner\">\n\t\t<div class=\"elementor-element elementor-element-a2dc5a9 e-con-full callout-card e-flex elementor-invisible e-con e-child\" data-id=\"a2dc5a9\" data-element_type=\"container\" data-e-type=\"container\" data-settings=\"{&quot;animation&quot;:&quot;fadeInUp&quot;}\">\n\t\t<div class=\"elementor-element elementor-element-4d2e2eb e-con-full callout-icon e-flex e-con e-child\" data-id=\"4d2e2eb\" data-element_type=\"container\" data-e-type=\"container\">\n\t\t\t\t<div class=\"elementor-element elementor-element-909c48f elementor-widget elementor-widget-image\" data-id=\"909c48f\" data-element_type=\"widget\" data-e-type=\"widget\" data-widget_type=\"image.default\">\n\t\t\t\t\t\t\t\t\t\t\t\t\t\t\t<img decoding=\"async\" width=\"40\" height=\"40\" src=\"https:\/\/code.insmed.com\/wp-content\/uploads\/2025\/09\/did-you-know-icon.svg\" class=\"attachment-full size-full wp-image-835\" alt=\"\" \/>\t\t\t\t\t\t\t\t\t\t\t\t\t\t\t<\/div>\n\t\t\t\t<\/div>\n\t\t<div class=\"elementor-element elementor-element-68d3ff6 e-con-full callout-header e-flex e-con e-child\" data-id=\"68d3ff6\" data-element_type=\"container\" data-e-type=\"container\">\n\t\t\t\t<div class=\"elementor-element elementor-element-9572e2d elementor-widget elementor-widget-text-editor\" data-id=\"9572e2d\" data-element_type=\"widget\" data-e-type=\"widget\" data-widget_type=\"text-editor.default\">\n\t\t\t\t\t\t\t\t\t<h2>Le saviez-vous ?<\/h2>\t\t\t\t\t\t\t\t<\/div>\n\t\t\t\t<\/div>\n\t\t<div class=\"elementor-element elementor-element-889270e e-con-full callout-body e-flex e-con e-child\" data-id=\"889270e\" data-element_type=\"container\" data-e-type=\"container\">\n\t\t\t\t<div class=\"elementor-element elementor-element-42edd0b elementor-widget elementor-widget-text-editor\" data-id=\"42edd0b\" data-element_type=\"widget\" data-e-type=\"widget\" data-widget_type=\"text-editor.default\">\n\t\t\t\t\t\t\t\t\t<p>Nous sommes chacun responsables de l&rsquo;utilisation des syst\u00e8mes d&rsquo;information d&rsquo;Insmed \u00e0 tout moment. N\u2019oubliez pas que, sous r\u00e9serve de la l\u00e9gislation nationale et locale, Insmed a le droit d\u2019examiner votre utilisation des syst\u00e8mes d\u2019information d\u2019Insmed si n\u00e9cessaire. Limitez votre utilisation des dispositifs d\u00e9livr\u00e9s par Insmed \u00e0 des fins personnelles et assurez-vous que votre utilisation n\u2019a pas et ne peut pas avoir d\u2019effet n\u00e9gatif sur Insmed ou n\u2019interf\u00e8re pas avec votre capacit\u00e9 \u00e0 effectuer votre travail.  <\/p>\t\t\t\t\t\t\t\t<\/div>\n\t\t\t\t<\/div>\n\t\t\t\t<\/div>\n\t\t\t\t\t<\/div>\n\t\t\t\t<\/div>\n\t\t<div class=\"elementor-element elementor-element-765d2fa continue-exploring-row dark-violet-row e-flex e-con-boxed e-con e-parent\" data-id=\"765d2fa\" data-element_type=\"container\" data-e-type=\"container\">\n\t\t\t\t\t<div class=\"e-con-inner\">\n\t\t<div class=\"elementor-element elementor-element-9a4e861 e-con-full continue-exploring-header e-flex elementor-invisible e-con e-child\" data-id=\"9a4e861\" data-element_type=\"container\" data-e-type=\"container\" data-settings=\"{&quot;animation&quot;:&quot;fadeInUp&quot;}\">\n\t\t\t\t<div class=\"elementor-element elementor-element-e933240 elementor-widget elementor-widget-text-editor\" data-id=\"e933240\" data-element_type=\"widget\" data-e-type=\"widget\" data-widget_type=\"text-editor.default\">\n\t\t\t\t\t\t\t\t\t<p>Commencer \u00e0 explorer<\/p><h2>Op\u00e9rations commerciales responsables<\/h2>\t\t\t\t\t\t\t\t<\/div>\n\t\t\t\t<\/div>\n\t\t<div class=\"elementor-element elementor-element-853fbde e-con-full card e-flex elementor-invisible e-con e-child\" data-id=\"853fbde\" data-element_type=\"container\" data-e-type=\"container\" data-settings=\"{&quot;animation&quot;:&quot;fadeInUp&quot;}\">\n\t\t\t\t<div class=\"elementor-element elementor-element-9f9df5e elementor-widget elementor-widget-text-editor\" data-id=\"9f9df5e\" data-element_type=\"widget\" data-e-type=\"widget\" data-widget_type=\"text-editor.default\">\n\t\t\t\t\t\t\t\t\t<h3><a href=\"https:\/\/code.insmed.com\/fr\/operations-commerciales-responsables\/prevention-de-la-corruption\/\">Pr\u00e9vention de la corruption<\/a><\/h3>\t\t\t\t\t\t\t\t<\/div>\n\t\t\t\t<\/div>\n\t\t<div class=\"elementor-element elementor-element-7945d8c e-con-full card e-flex elementor-invisible e-con e-child\" data-id=\"7945d8c\" data-element_type=\"container\" data-e-type=\"container\" data-settings=\"{&quot;animation&quot;:&quot;fadeInUp&quot;,&quot;animation_delay&quot;:150}\">\n\t\t\t\t<div class=\"elementor-element elementor-element-dfbef67 elementor-widget elementor-widget-text-editor\" data-id=\"dfbef67\" data-element_type=\"widget\" data-e-type=\"widget\" data-widget_type=\"text-editor.default\">\n\t\t\t\t\t\t\t\t\t<h3><a href=\"https:\/\/code.insmed.com\/fr\/operations-commerciales-responsables\/lois-sur-la-concurrence-et-antitrust\/\">Lois sur la concurrence et antitrust<\/a><\/h3>\t\t\t\t\t\t\t\t<\/div>\n\t\t\t\t<\/div>\n\t\t<div class=\"elementor-element elementor-element-1962697 e-con-full card e-flex elementor-invisible e-con e-child\" data-id=\"1962697\" data-element_type=\"container\" data-e-type=\"container\" data-settings=\"{&quot;animation&quot;:&quot;fadeInUp&quot;,&quot;animation_delay&quot;:150}\">\n\t\t\t\t<div class=\"elementor-element elementor-element-88e6d49 elementor-widget elementor-widget-text-editor\" data-id=\"88e6d49\" data-element_type=\"widget\" data-e-type=\"widget\" data-widget_type=\"text-editor.default\">\n\t\t\t\t\t\t\t\t\t<h3><a href=\"https:\/\/code.insmed.com\/fr\/operations-commerciales-responsables\/controles-du-commerce\/\">Contr\u00f4les du commerce<\/a><\/h3>\t\t\t\t\t\t\t\t<\/div>\n\t\t\t\t<\/div>\n\t\t<div class=\"elementor-element elementor-element-058ed32 e-con-full card e-flex elementor-invisible e-con e-child\" data-id=\"058ed32\" data-element_type=\"container\" data-e-type=\"container\" data-settings=\"{&quot;animation&quot;:&quot;fadeInUp&quot;,&quot;animation_delay&quot;:150}\">\n\t\t\t\t<div class=\"elementor-element elementor-element-7243d5f elementor-widget elementor-widget-text-editor\" data-id=\"7243d5f\" data-element_type=\"widget\" data-e-type=\"widget\" data-widget_type=\"text-editor.default\">\n\t\t\t\t\t\t\t\t\t<h3><a href=\"https:\/\/code.insmed.com\/fr\/operations-commerciales-responsables\/integrite-financiere-et-tenue-de-dossiers\/\">Int\u00e9grit\u00e9 financi\u00e8re et tenue de dossiers<\/a><\/h3>\t\t\t\t\t\t\t\t<\/div>\n\t\t\t\t<\/div>\n\t\t<div class=\"elementor-element elementor-element-5fd89ee e-con-full card e-flex elementor-invisible e-con e-child\" data-id=\"5fd89ee\" data-element_type=\"container\" data-e-type=\"container\" data-settings=\"{&quot;animation&quot;:&quot;fadeInUp&quot;,&quot;animation_delay&quot;:150}\">\n\t\t\t\t<div class=\"elementor-element elementor-element-196b266 elementor-widget elementor-widget-text-editor\" data-id=\"196b266\" data-element_type=\"widget\" data-e-type=\"widget\" data-widget_type=\"text-editor.default\">\n\t\t\t\t\t\t\t\t\t<h3><a href=\"https:\/\/code.insmed.com\/fr\/operations-commerciales-responsables\/systemes-et-outils-dia\/\">Syst\u00e8mes et outils d\u2019IA<\/a><\/h3>\t\t\t\t\t\t\t\t<\/div>\n\t\t\t\t<\/div>\n\t\t<div class=\"elementor-element elementor-element-564a362 e-con-full card e-flex elementor-invisible e-con e-child\" data-id=\"564a362\" data-element_type=\"container\" data-e-type=\"container\" data-settings=\"{&quot;animation&quot;:&quot;fadeInUp&quot;,&quot;animation_delay&quot;:150}\">\n\t\t\t\t<div class=\"elementor-element elementor-element-b4d565f elementor-widget elementor-widget-text-editor\" data-id=\"b4d565f\" data-element_type=\"widget\" data-e-type=\"widget\" data-widget_type=\"text-editor.default\">\n\t\t\t\t\t\t\t\t\t<h3><a href=\"https:\/\/code.insmed.com\/fr\/operations-commerciales-responsables\/propriete-intellectuelle\/\">Propri\u00e9t\u00e9 intellectuelle<\/a><\/h3>\t\t\t\t\t\t\t\t<\/div>\n\t\t\t\t<\/div>\n\t\t<div class=\"elementor-element elementor-element-93ac5ce e-con-full card e-flex elementor-invisible e-con e-child\" data-id=\"93ac5ce\" data-element_type=\"container\" data-e-type=\"container\" data-settings=\"{&quot;animation&quot;:&quot;fadeInUp&quot;,&quot;animation_delay&quot;:150}\">\n\t\t\t\t<div class=\"elementor-element elementor-element-275dae0 elementor-widget elementor-widget-text-editor\" data-id=\"275dae0\" data-element_type=\"widget\" data-e-type=\"widget\" data-widget_type=\"text-editor.default\">\n\t\t\t\t\t\t\t\t\t<h3><a href=\"https:\/\/code.insmed.com\/fr\/operations-commerciales-responsables\/delit-dinitie\/\">D\u00e9lit d\u2019initi\u00e9<\/a><\/h3>\t\t\t\t\t\t\t\t<\/div>\n\t\t\t\t<\/div>\n\t\t<div class=\"elementor-element elementor-element-1549834 e-con-full card e-flex elementor-invisible e-con e-child\" data-id=\"1549834\" data-element_type=\"container\" data-e-type=\"container\" data-settings=\"{&quot;animation&quot;:&quot;fadeInUp&quot;,&quot;animation_delay&quot;:150}\">\n\t\t\t\t<div class=\"elementor-element elementor-element-00ca786 elementor-widget elementor-widget-text-editor\" data-id=\"00ca786\" data-element_type=\"widget\" data-e-type=\"widget\" data-widget_type=\"text-editor.default\">\n\t\t\t\t\t\t\t\t\t<h3><a href=\"https:\/\/code.insmed.com\/fr\/operations-commerciales-responsables\/engagements-avec-des-organisations-exterieures\/\">Engagements avec des organisations ext\u00e9rieures<\/a><\/h3>\t\t\t\t\t\t\t\t<\/div>\n\t\t\t\t<\/div>\n\t\t\t\t\t<\/div>\n\t\t\t\t<\/div>\n\t\t\t\t<\/div>\n\t\t","protected":false},"excerpt":{"rendered":"<p>Cybers\u00e9curit\u00e9 Notre programme complet de cybers\u00e9curit\u00e9 int\u00e8gre des processus, des technologies et des contr\u00f4les robustes pour nous prot\u00e9ger contre les menaces \u00e9volutives dans le secteur de la sant\u00e9 et de la biopharmacie. Cette approche contribue \u00e0 prot\u00e9ger nos actifs physiques, informatifs et financiers et est essentielle \u00e0 la protection de nos patients, professionnels de sant\u00e9 [&hellip;]<\/p>\n","protected":false},"author":1,"featured_media":0,"parent":899,"menu_order":10,"comment_status":"closed","ping_status":"closed","template":"","meta":{"_genesis_hide_title":false,"_genesis_hide_breadcrumbs":false,"_genesis_hide_singular_image":false,"_genesis_hide_footer_widgets":false,"_genesis_custom_body_class":"","_genesis_custom_post_class":"","_genesis_layout":"","footnotes":""},"class_list":{"0":"post-920","1":"page","2":"type-page","3":"status-publish","5":"entry"},"_links":{"self":[{"href":"https:\/\/code.insmed.com\/fr\/wp-json\/wp\/v2\/pages\/920","targetHints":{"allow":["GET"]}}],"collection":[{"href":"https:\/\/code.insmed.com\/fr\/wp-json\/wp\/v2\/pages"}],"about":[{"href":"https:\/\/code.insmed.com\/fr\/wp-json\/wp\/v2\/types\/page"}],"author":[{"embeddable":true,"href":"https:\/\/code.insmed.com\/fr\/wp-json\/wp\/v2\/users\/1"}],"replies":[{"embeddable":true,"href":"https:\/\/code.insmed.com\/fr\/wp-json\/wp\/v2\/comments?post=920"}],"version-history":[{"count":0,"href":"https:\/\/code.insmed.com\/fr\/wp-json\/wp\/v2\/pages\/920\/revisions"}],"up":[{"embeddable":true,"href":"https:\/\/code.insmed.com\/fr\/wp-json\/wp\/v2\/pages\/899"}],"wp:attachment":[{"href":"https:\/\/code.insmed.com\/fr\/wp-json\/wp\/v2\/media?parent=920"}],"curies":[{"name":"wp","href":"https:\/\/api.w.org\/{rel}","templated":true}]}}