{"id":929,"date":"2025-08-28T20:58:23","date_gmt":"2025-08-29T00:58:23","guid":{"rendered":"https:\/\/codeofconduct1.wpenginepowered.com\/operations-commerciales-responsables\/systemes-et-outils-dia\/"},"modified":"2025-10-27T15:00:31","modified_gmt":"2025-10-27T19:00:31","slug":"systemes-et-outils-dia","status":"publish","type":"page","link":"https:\/\/code.insmed.com\/fr\/operations-commerciales-responsables\/systemes-et-outils-dia\/","title":{"rendered":"Syst\u00e8mes et outils d\u2019IA"},"content":{"rendered":"\t\t<div data-elementor-type=\"wp-page\" data-elementor-id=\"929\" class=\"elementor elementor-929 elementor-59\" data-elementor-post-type=\"page\">\n\t\t\t\t<div class=\"elementor-element elementor-element-c9bdf4b subpage-header lightest-gray-row e-flex e-con-boxed e-con e-parent\" data-id=\"c9bdf4b\" data-element_type=\"container\" data-e-type=\"container\">\n\t\t\t\t\t<div class=\"e-con-inner\">\n\t\t<div class=\"elementor-element elementor-element-7f22c45 e-con-full e-flex e-con e-child\" data-id=\"7f22c45\" data-element_type=\"container\" data-e-type=\"container\">\n\t\t\t\t<div class=\"elementor-element elementor-element-da8e02d rainbow-h1 elementor-widget elementor-widget-text-editor\" data-id=\"da8e02d\" data-element_type=\"widget\" data-e-type=\"widget\" data-widget_type=\"text-editor.default\">\n\t\t\t\t\t\t\t\t\t<h1 style=\"text-align: center;\">Syst\u00e8mes et outils d\u2019intelligence artificielle<\/h1><p style=\"text-align: center;\">Insmed s\u2019engage \u00e0 utiliser de fa\u00e7on responsable et \u00e9thique les syst\u00e8mes et outils d\u2019intelligence artificielle (IA), guid\u00e9 par notre mission de transformer la vie des patients atteints de maladies rares et graves. Nous pensons que l\u2019IA a un vaste potentiel pour permettre des gains d\u2019efficacit\u00e9 dans tout le spectre du d\u00e9veloppement de m\u00e9dicaments, de la recherche \u00e0 un stade pr\u00e9coce jusqu\u2019\u00e0 la commercialisation, ainsi que dans nos fonctions habilitantes. Nous nous attendons \u00e0 ce que l\u2019IA \u00e9volue au fil du temps et nous nous engageons \u00e0 naviguer dans cette \u00e9volution de mani\u00e8re responsable, \u00e9thique, l\u00e9gale et conform\u00e9ment \u00e0 nos valeurs et \u00e0 notre mission.  <\/p>\t\t\t\t\t\t\t\t<\/div>\n\t\t\t\t<div class=\"elementor-element elementor-element-383c513 scroll-down-indicator elementor-invisible elementor-widget elementor-widget-html\" data-id=\"383c513\" data-element_type=\"widget\" data-e-type=\"widget\" data-settings=\"{&quot;_animation&quot;:&quot;fadeIn&quot;,&quot;_animation_delay&quot;:150}\" data-widget_type=\"html.default\">\n\t\t\t\t\t<i class=\"fa-sharp fa-regular fa-arrow-down-long\"><\/i>\t\t\t\t<\/div>\n\t\t\t\t<\/div>\n\t\t\t\t\t<\/div>\n\t\t\t\t<\/div>\n\t\t<div class=\"elementor-element elementor-element-8029d71 how-we-do-it-row e-flex e-con-boxed e-con e-parent\" data-id=\"8029d71\" data-element_type=\"container\" data-e-type=\"container\">\n\t\t\t\t\t<div class=\"e-con-inner\">\n\t\t<div class=\"elementor-element elementor-element-05b2bf6 e-con-full how-we-do-it-list-col e-flex elementor-invisible e-con e-child\" data-id=\"05b2bf6\" data-element_type=\"container\" data-e-type=\"container\" data-settings=\"{&quot;animation&quot;:&quot;fadeIn&quot;,&quot;animation_delay&quot;:150}\">\n\t\t\t\t<div class=\"elementor-element elementor-element-ee2f62d elementor-widget elementor-widget-text-editor\" data-id=\"ee2f62d\" data-element_type=\"widget\" data-e-type=\"widget\" data-widget_type=\"text-editor.default\">\n\t\t\t\t\t\t\t\t\t<h2>Comment nous <br \/>le faisons<\/h2><ul><li>Notre Conseil de direction de l\u2019IA contribue \u00e0 garantir que notre utilisation des syst\u00e8mes et outils d\u2019IA est conforme \u00e0 nos valeurs et que nos politiques sont appliqu\u00e9es.<\/li><li>Nous prenons tr\u00e8s au s\u00e9rieux la conformit\u00e9 avec les lois et r\u00e9glementations applicables dans le cadre du d\u00e9veloppement et du d\u00e9ploiement de nos syst\u00e8mes et outils d\u2019IA.<\/li><li>Nous accordons la priorit\u00e9 \u00e0 la protection des donn\u00e9es et \u00e0 la vie priv\u00e9e. Les informations confidentielles, exclusives et priv\u00e9es ne doivent pas \u00eatre utilis\u00e9es comme entr\u00e9es lors de l\u2019utilisation de syst\u00e8mes ou d\u2019outils d\u2019IA accessibles au public.<\/li><li>Nous attribuons toujours la responsabilit\u00e9 \u00e0 une personne d\u2019examiner les r\u00e9sultats des syst\u00e8mes et outils d\u2019IA que nous utilisons avant de prendre toute mesure en fonction de ces r\u00e9sultats.<\/li><li>Nous utilisons et d\u00e9veloppons des syst\u00e8mes et outils d\u2019IA justes et transparents et attendons de nos partenaires tiers qu\u2019ils respectent ces m\u00eames normes.<\/li><li>Nous proposons une formation sur l\u2019IA aux employ\u00e9s.<\/li><\/ul>\t\t\t\t\t\t\t\t<\/div>\n\t\t\t\t<\/div>\n\t\t<div class=\"elementor-element elementor-element-075647d e-con-full how-we-do-it-img-col elementor-hidden-tablet elementor-hidden-mobile e-flex elementor-invisible e-con e-child\" data-id=\"075647d\" data-element_type=\"container\" data-e-type=\"container\" data-settings=\"{&quot;animation&quot;:&quot;fadeIn&quot;,&quot;animation_delay&quot;:300}\">\n\t\t\t\t<div class=\"elementor-element elementor-element-c473925 rounded-img elementor-widget elementor-widget-image\" data-id=\"c473925\" data-element_type=\"widget\" data-e-type=\"widget\" data-widget_type=\"image.default\">\n\t\t\t\t\t\t\t\t\t\t\t\t\t\t\t<img fetchpriority=\"high\" decoding=\"async\" width=\"550\" height=\"640\" src=\"https:\/\/code.insmed.com\/wp-content\/uploads\/2025\/10\/IV_4457.webp\" class=\"attachment-full size-full wp-image-921\" alt=\"\" srcset=\"https:\/\/code.insmed.com\/wp-content\/uploads\/2025\/10\/IV_4457.webp 550w, https:\/\/code.insmed.com\/wp-content\/uploads\/2025\/10\/IV_4457-258x300.webp 258w\" sizes=\"(max-width: 550px) 100vw, 550px\" \/>\t\t\t\t\t\t\t\t\t\t\t\t\t\t\t<\/div>\n\t\t\t\t<\/div>\n\t\t\t\t\t<\/div>\n\t\t\t\t<\/div>\n\t\t<div class=\"elementor-element elementor-element-4890b76 continue-exploring-row dark-violet-row e-flex e-con-boxed e-con e-parent\" data-id=\"4890b76\" data-element_type=\"container\" data-e-type=\"container\">\n\t\t\t\t\t<div class=\"e-con-inner\">\n\t\t<div class=\"elementor-element elementor-element-1e0985b e-con-full continue-exploring-header e-flex elementor-invisible e-con e-child\" data-id=\"1e0985b\" data-element_type=\"container\" data-e-type=\"container\" data-settings=\"{&quot;animation&quot;:&quot;fadeInUp&quot;}\">\n\t\t\t\t<div class=\"elementor-element elementor-element-e3d8156 elementor-widget elementor-widget-text-editor\" data-id=\"e3d8156\" data-element_type=\"widget\" data-e-type=\"widget\" data-widget_type=\"text-editor.default\">\n\t\t\t\t\t\t\t\t\t<p>Commencer \u00e0 explorer<\/p><h2>Op\u00e9rations commerciales responsables<\/h2>\t\t\t\t\t\t\t\t<\/div>\n\t\t\t\t<\/div>\n\t\t<div class=\"elementor-element elementor-element-ce83126 e-con-full card e-flex elementor-invisible e-con e-child\" data-id=\"ce83126\" data-element_type=\"container\" data-e-type=\"container\" data-settings=\"{&quot;animation&quot;:&quot;fadeInUp&quot;}\">\n\t\t\t\t<div class=\"elementor-element elementor-element-cc3da7c elementor-widget elementor-widget-text-editor\" data-id=\"cc3da7c\" data-element_type=\"widget\" data-e-type=\"widget\" data-widget_type=\"text-editor.default\">\n\t\t\t\t\t\t\t\t\t<h3><a href=\"https:\/\/code.insmed.com\/fr\/operations-commerciales-responsables\/prevention-de-la-corruption\/\">Pr\u00e9vention de la corruption<\/a><\/h3>\t\t\t\t\t\t\t\t<\/div>\n\t\t\t\t<\/div>\n\t\t<div class=\"elementor-element elementor-element-04f0b80 e-con-full card e-flex elementor-invisible e-con e-child\" data-id=\"04f0b80\" data-element_type=\"container\" data-e-type=\"container\" data-settings=\"{&quot;animation&quot;:&quot;fadeInUp&quot;,&quot;animation_delay&quot;:150}\">\n\t\t\t\t<div class=\"elementor-element elementor-element-ecccbc4 elementor-widget elementor-widget-text-editor\" data-id=\"ecccbc4\" data-element_type=\"widget\" data-e-type=\"widget\" data-widget_type=\"text-editor.default\">\n\t\t\t\t\t\t\t\t\t<h3><a href=\"https:\/\/code.insmed.com\/fr\/operations-commerciales-responsables\/lois-sur-la-concurrence-et-antitrust\/\">Lois sur la concurrence et antitrust<\/a><\/h3>\t\t\t\t\t\t\t\t<\/div>\n\t\t\t\t<\/div>\n\t\t<div class=\"elementor-element elementor-element-bc5e74a e-con-full card e-flex elementor-invisible e-con e-child\" data-id=\"bc5e74a\" data-element_type=\"container\" data-e-type=\"container\" data-settings=\"{&quot;animation&quot;:&quot;fadeInUp&quot;,&quot;animation_delay&quot;:150}\">\n\t\t\t\t<div class=\"elementor-element elementor-element-19044c9 elementor-widget elementor-widget-text-editor\" data-id=\"19044c9\" data-element_type=\"widget\" data-e-type=\"widget\" data-widget_type=\"text-editor.default\">\n\t\t\t\t\t\t\t\t\t<h3><a href=\"https:\/\/code.insmed.com\/fr\/operations-commerciales-responsables\/controles-du-commerce\/\">Contr\u00f4les du commerce<\/a><\/h3>\t\t\t\t\t\t\t\t<\/div>\n\t\t\t\t<\/div>\n\t\t<div class=\"elementor-element elementor-element-59e9aff e-con-full card e-flex elementor-invisible e-con e-child\" data-id=\"59e9aff\" data-element_type=\"container\" data-e-type=\"container\" data-settings=\"{&quot;animation&quot;:&quot;fadeInUp&quot;,&quot;animation_delay&quot;:150}\">\n\t\t\t\t<div class=\"elementor-element elementor-element-de0f5d3 elementor-widget elementor-widget-text-editor\" data-id=\"de0f5d3\" data-element_type=\"widget\" data-e-type=\"widget\" data-widget_type=\"text-editor.default\">\n\t\t\t\t\t\t\t\t\t<h3><a href=\"https:\/\/code.insmed.com\/fr\/operations-commerciales-responsables\/integrite-financiere-et-tenue-de-dossiers\/\">Int\u00e9grit\u00e9 financi\u00e8re et tenue de dossiers<\/a><\/h3>\t\t\t\t\t\t\t\t<\/div>\n\t\t\t\t<\/div>\n\t\t<div class=\"elementor-element elementor-element-744d41e e-con-full card e-flex elementor-invisible e-con e-child\" data-id=\"744d41e\" data-element_type=\"container\" data-e-type=\"container\" data-settings=\"{&quot;animation&quot;:&quot;fadeInUp&quot;,&quot;animation_delay&quot;:150}\">\n\t\t\t\t<div class=\"elementor-element elementor-element-42a4dce elementor-widget elementor-widget-text-editor\" data-id=\"42a4dce\" data-element_type=\"widget\" data-e-type=\"widget\" data-widget_type=\"text-editor.default\">\n\t\t\t\t\t\t\t\t\t<h3><a href=\"https:\/\/code.insmed.com\/fr\/operations-commerciales-responsables\/cybersecurite\/\">Cybers\u00e9curit\u00e9<\/a><\/h3>\t\t\t\t\t\t\t\t<\/div>\n\t\t\t\t<\/div>\n\t\t<div class=\"elementor-element elementor-element-43ded55 e-con-full card e-flex elementor-invisible e-con e-child\" data-id=\"43ded55\" data-element_type=\"container\" data-e-type=\"container\" data-settings=\"{&quot;animation&quot;:&quot;fadeInUp&quot;,&quot;animation_delay&quot;:150}\">\n\t\t\t\t<div class=\"elementor-element elementor-element-668c72e elementor-widget elementor-widget-text-editor\" data-id=\"668c72e\" data-element_type=\"widget\" data-e-type=\"widget\" data-widget_type=\"text-editor.default\">\n\t\t\t\t\t\t\t\t\t<h3><a href=\"https:\/\/code.insmed.com\/fr\/operations-commerciales-responsables\/propriete-intellectuelle\/\">Propri\u00e9t\u00e9 intellectuelle<\/a><\/h3>\t\t\t\t\t\t\t\t<\/div>\n\t\t\t\t<\/div>\n\t\t<div class=\"elementor-element elementor-element-fc90c7b e-con-full card e-flex elementor-invisible e-con e-child\" data-id=\"fc90c7b\" data-element_type=\"container\" data-e-type=\"container\" data-settings=\"{&quot;animation&quot;:&quot;fadeInUp&quot;,&quot;animation_delay&quot;:150}\">\n\t\t\t\t<div class=\"elementor-element elementor-element-0b76032 elementor-widget elementor-widget-text-editor\" data-id=\"0b76032\" data-element_type=\"widget\" data-e-type=\"widget\" data-widget_type=\"text-editor.default\">\n\t\t\t\t\t\t\t\t\t<h3><a href=\"https:\/\/code.insmed.com\/fr\/operations-commerciales-responsables\/delit-dinitie\/\">D\u00e9lit d\u2019initi\u00e9<\/a><\/h3>\t\t\t\t\t\t\t\t<\/div>\n\t\t\t\t<\/div>\n\t\t<div class=\"elementor-element elementor-element-955caec e-con-full card e-flex elementor-invisible e-con e-child\" data-id=\"955caec\" data-element_type=\"container\" data-e-type=\"container\" data-settings=\"{&quot;animation&quot;:&quot;fadeInUp&quot;,&quot;animation_delay&quot;:150}\">\n\t\t\t\t<div class=\"elementor-element elementor-element-9bb8e80 elementor-widget elementor-widget-text-editor\" data-id=\"9bb8e80\" data-element_type=\"widget\" data-e-type=\"widget\" data-widget_type=\"text-editor.default\">\n\t\t\t\t\t\t\t\t\t<h3><a href=\"https:\/\/code.insmed.com\/fr\/operations-commerciales-responsables\/engagements-avec-des-organisations-exterieures\/\">Engagements avec des organisations ext\u00e9rieures<\/a><\/h3>\t\t\t\t\t\t\t\t<\/div>\n\t\t\t\t<\/div>\n\t\t\t\t\t<\/div>\n\t\t\t\t<\/div>\n\t\t\t\t<\/div>\n\t\t","protected":false},"excerpt":{"rendered":"<p>Syst\u00e8mes et outils d\u2019intelligence artificielle Insmed s\u2019engage \u00e0 utiliser de fa\u00e7on responsable et \u00e9thique les syst\u00e8mes et outils d\u2019intelligence artificielle (IA), guid\u00e9 par notre mission de transformer la vie des patients atteints de maladies rares et graves. Nous pensons que l\u2019IA a un vaste potentiel pour permettre des gains d\u2019efficacit\u00e9 dans tout le spectre du [&hellip;]<\/p>\n","protected":false},"author":1,"featured_media":0,"parent":899,"menu_order":10,"comment_status":"closed","ping_status":"closed","template":"","meta":{"_genesis_hide_title":false,"_genesis_hide_breadcrumbs":false,"_genesis_hide_singular_image":false,"_genesis_hide_footer_widgets":false,"_genesis_custom_body_class":"","_genesis_custom_post_class":"","_genesis_layout":"","footnotes":""},"class_list":{"0":"post-929","1":"page","2":"type-page","3":"status-publish","5":"entry"},"_links":{"self":[{"href":"https:\/\/code.insmed.com\/fr\/wp-json\/wp\/v2\/pages\/929","targetHints":{"allow":["GET"]}}],"collection":[{"href":"https:\/\/code.insmed.com\/fr\/wp-json\/wp\/v2\/pages"}],"about":[{"href":"https:\/\/code.insmed.com\/fr\/wp-json\/wp\/v2\/types\/page"}],"author":[{"embeddable":true,"href":"https:\/\/code.insmed.com\/fr\/wp-json\/wp\/v2\/users\/1"}],"replies":[{"embeddable":true,"href":"https:\/\/code.insmed.com\/fr\/wp-json\/wp\/v2\/comments?post=929"}],"version-history":[{"count":0,"href":"https:\/\/code.insmed.com\/fr\/wp-json\/wp\/v2\/pages\/929\/revisions"}],"up":[{"embeddable":true,"href":"https:\/\/code.insmed.com\/fr\/wp-json\/wp\/v2\/pages\/899"}],"wp:attachment":[{"href":"https:\/\/code.insmed.com\/fr\/wp-json\/wp\/v2\/media?parent=929"}],"curies":[{"name":"wp","href":"https:\/\/api.w.org\/{rel}","templated":true}]}}