{"id":939,"date":"2025-08-28T20:58:23","date_gmt":"2025-08-29T00:58:23","guid":{"rendered":"https:\/\/codeofconduct1.wpenginepowered.com\/operations-commerciales-responsables\/delit-dinitie\/"},"modified":"2025-10-27T15:00:46","modified_gmt":"2025-10-27T19:00:46","slug":"delit-dinitie","status":"publish","type":"page","link":"https:\/\/code.insmed.com\/fr\/operations-commerciales-responsables\/delit-dinitie\/","title":{"rendered":"D\u00e9lit d\u2019initi\u00e9"},"content":{"rendered":"\t\t<div data-elementor-type=\"wp-page\" data-elementor-id=\"939\" class=\"elementor elementor-939 elementor-63\" data-elementor-post-type=\"page\">\n\t\t\t\t<div class=\"elementor-element elementor-element-b351075 subpage-header lightest-gray-row e-flex e-con-boxed e-con e-parent\" data-id=\"b351075\" data-element_type=\"container\" data-e-type=\"container\">\n\t\t\t\t\t<div class=\"e-con-inner\">\n\t\t<div class=\"elementor-element elementor-element-17aa328 e-con-full e-flex e-con e-child\" data-id=\"17aa328\" data-element_type=\"container\" data-e-type=\"container\">\n\t\t\t\t<div class=\"elementor-element elementor-element-ebb4ee9 rainbow-h1 elementor-widget elementor-widget-text-editor\" data-id=\"ebb4ee9\" data-element_type=\"widget\" data-e-type=\"widget\" data-widget_type=\"text-editor.default\">\n\t\t\t\t\t\t\t\t\t<h1 style=\"text-align: center;\">D\u00e9lit d\u2019initi\u00e9<\/h1><p style=\"text-align: center;\">Chez Insmed, les employ\u00e9s sont tenus de se conformer \u00e0 toutes les lois sur les d\u00e9lits d\u2019initi\u00e9s. Il est ill\u00e9gal et constitue une violation de la Politique relative aux d\u00e9lits d\u2019initi\u00e9 d\u2019Insmed :<br>1. N\u00e9gocier des titres d\u2019 Insmed ou de l\u2019un de nos partenaires commerciaux si votre d\u00e9cision de n\u00e9gocier est fond\u00e9e sur des informations importantes non publiques ; ou<br>2. Fournir des conseils \u00e0 quiconque d\u2019autre pour commercer sur la base d\u2019informations importantes non publiques ou qui d\u00e9tournent autrement ces informations. De lourdes amendes et p\u00e9nalit\u00e9s, tant pour les personnes que Insmed, peuvent r\u00e9sulter de violations des lois sur le d\u00e9lit d\u2019initi\u00e9.  <\/p>\t\t\t\t\t\t\t\t<\/div>\n\t\t\t\t<div class=\"elementor-element elementor-element-9bb686c scroll-down-indicator elementor-invisible elementor-widget elementor-widget-html\" data-id=\"9bb686c\" data-element_type=\"widget\" data-e-type=\"widget\" data-settings=\"{&quot;_animation&quot;:&quot;fadeIn&quot;,&quot;_animation_delay&quot;:150}\" data-widget_type=\"html.default\">\n\t\t\t\t\t<i class=\"fa-sharp fa-regular fa-arrow-down-long\"><\/i>\t\t\t\t<\/div>\n\t\t\t\t<\/div>\n\t\t\t\t\t<\/div>\n\t\t\t\t<\/div>\n\t\t<div class=\"elementor-element elementor-element-bc2cfc5 how-we-do-it-row e-flex e-con-boxed e-con e-parent\" data-id=\"bc2cfc5\" data-element_type=\"container\" data-e-type=\"container\">\n\t\t\t\t\t<div class=\"e-con-inner\">\n\t\t<div class=\"elementor-element elementor-element-437367e e-con-full how-we-do-it-list-col e-flex elementor-invisible e-con e-child\" data-id=\"437367e\" data-element_type=\"container\" data-e-type=\"container\" data-settings=\"{&quot;animation&quot;:&quot;fadeIn&quot;,&quot;animation_delay&quot;:150}\">\n\t\t\t\t<div class=\"elementor-element elementor-element-33eb799 elementor-widget elementor-widget-text-editor\" data-id=\"33eb799\" data-element_type=\"widget\" data-e-type=\"widget\" data-widget_type=\"text-editor.default\">\n\t\t\t\t\t\t\t\t\t<h2>Comment nous <br \/>le faisons<\/h2><ul><li>Nous interdisons l\u2019utilisation d\u2019informations importantes non publiques \u00e0 des fins personnelles ou le partage de ces informations avec quiconque, m\u00eame les membres de la famille.<\/li><li>Nous formons les employ\u00e9s \u00e0 la Politique d\u2019Insmed relative aux d\u00e9lits d\u2019initi\u00e9s.<\/li><\/ul>\t\t\t\t\t\t\t\t<\/div>\n\t\t\t\t<\/div>\n\t\t<div class=\"elementor-element elementor-element-62f3282 e-con-full how-we-do-it-img-col elementor-hidden-tablet elementor-hidden-mobile e-flex elementor-invisible e-con e-child\" data-id=\"62f3282\" data-element_type=\"container\" data-e-type=\"container\" data-settings=\"{&quot;animation&quot;:&quot;fadeIn&quot;,&quot;animation_delay&quot;:300}\">\n\t\t\t\t<div class=\"elementor-element elementor-element-a37585e rounded-img elementor-widget elementor-widget-image\" data-id=\"a37585e\" data-element_type=\"widget\" data-e-type=\"widget\" data-widget_type=\"image.default\">\n\t\t\t\t\t\t\t\t\t\t\t\t\t\t\t<img fetchpriority=\"high\" decoding=\"async\" width=\"550\" height=\"404\" src=\"https:\/\/code.insmed.com\/wp-content\/uploads\/2025\/09\/250407_INSMED_0328.webp\" class=\"attachment-full size-full wp-image-936\" alt=\"\" srcset=\"https:\/\/code.insmed.com\/wp-content\/uploads\/2025\/09\/250407_INSMED_0328.webp 550w, https:\/\/code.insmed.com\/wp-content\/uploads\/2025\/09\/250407_INSMED_0328-300x220.webp 300w\" sizes=\"(max-width: 550px) 100vw, 550px\" \/>\t\t\t\t\t\t\t\t\t\t\t\t\t\t\t<\/div>\n\t\t\t\t<\/div>\n\t\t\t\t\t<\/div>\n\t\t\t\t<\/div>\n\t\t<div class=\"elementor-element elementor-element-6617c1a did-you-know-row e-flex e-con-boxed e-con e-parent\" data-id=\"6617c1a\" data-element_type=\"container\" data-e-type=\"container\">\n\t\t\t\t\t<div class=\"e-con-inner\">\n\t\t<div class=\"elementor-element elementor-element-9aaf83d e-con-full callout-card e-flex elementor-invisible e-con e-child\" data-id=\"9aaf83d\" data-element_type=\"container\" data-e-type=\"container\" data-settings=\"{&quot;animation&quot;:&quot;fadeInUp&quot;}\">\n\t\t<div class=\"elementor-element elementor-element-af82eaa e-con-full callout-icon e-flex e-con e-child\" data-id=\"af82eaa\" data-element_type=\"container\" data-e-type=\"container\">\n\t\t\t\t<div class=\"elementor-element elementor-element-033e746 elementor-widget elementor-widget-image\" data-id=\"033e746\" data-element_type=\"widget\" data-e-type=\"widget\" data-widget_type=\"image.default\">\n\t\t\t\t\t\t\t\t\t\t\t\t\t\t\t<img decoding=\"async\" width=\"40\" height=\"40\" src=\"https:\/\/code.insmed.com\/wp-content\/uploads\/2025\/09\/did-you-know-icon.svg\" class=\"attachment-full size-full wp-image-835\" alt=\"\" \/>\t\t\t\t\t\t\t\t\t\t\t\t\t\t\t<\/div>\n\t\t\t\t<\/div>\n\t\t<div class=\"elementor-element elementor-element-bd1d722 e-con-full callout-header e-flex e-con e-child\" data-id=\"bd1d722\" data-element_type=\"container\" data-e-type=\"container\">\n\t\t\t\t<div class=\"elementor-element elementor-element-9b75564 elementor-widget elementor-widget-text-editor\" data-id=\"9b75564\" data-element_type=\"widget\" data-e-type=\"widget\" data-widget_type=\"text-editor.default\">\n\t\t\t\t\t\t\t\t\t<h2>Le saviez-vous ?<\/h2>\t\t\t\t\t\t\t\t<\/div>\n\t\t\t\t<\/div>\n\t\t<div class=\"elementor-element elementor-element-5c2ab6f e-con-full callout-body e-flex e-con e-child\" data-id=\"5c2ab6f\" data-element_type=\"container\" data-e-type=\"container\">\n\t\t\t\t<div class=\"elementor-element elementor-element-ad679ad elementor-widget elementor-widget-text-editor\" data-id=\"ad679ad\" data-element_type=\"widget\" data-e-type=\"widget\" data-widget_type=\"text-editor.default\">\n\t\t\t\t\t\t\t\t\t<p>Une information est consid\u00e9r\u00e9e comme importante s\u2019il existe une probabilit\u00e9 substantielle qu\u2019un investisseur raisonnable la consid\u00e8re comme importante en prenant une d\u00e9cision d\u2019acheter, de d\u00e9tenir ou de vendre des titres, ou si les faits ont \u00e9t\u00e9 consid\u00e9r\u00e9s par l\u2019investisseur raisonnable comme ayant alt\u00e9r\u00e9 de mani\u00e8re significative l\u2019ensemble des informations mises \u00e0 disposition. Les informations positives et n\u00e9gatives peuvent \u00eatre significatives. Une information importante est \u00ab non publique \u00bb si elle n\u2019est pas g\u00e9n\u00e9ralement connue ou accessible au public. Certaines cat\u00e9gories d\u2019informations qui sont particuli\u00e8rement sensibles et raisonnablement susceptibles d\u2019\u00eatre consid\u00e9r\u00e9es comme mat\u00e9rielles comprennent :   <\/p><ul><li>Informations et recommandations sur les r\u00e9sultats trimestriels ou annuels<\/li><li>D\u00e9veloppements significatifs concernant des produits ou des produits candidats, y compris des r\u00e9sultats d\u2019essais cliniques ou des d\u00e9veloppements r\u00e9glementaires significatifs<\/li><li>Changements dans la haute direction<\/li><li>Nouvelles orientations strat\u00e9giques pour Insmed<\/li><li>Nouvelles d\u2019une fusion ou d\u2019une acquisition ou \u00e9v\u00e9nements de financement<\/li><\/ul>\t\t\t\t\t\t\t\t<\/div>\n\t\t\t\t<\/div>\n\t\t\t\t<\/div>\n\t\t\t\t\t<\/div>\n\t\t\t\t<\/div>\n\t\t<div class=\"elementor-element elementor-element-952f9d0 lightest-gray-row reporting-row e-flex e-con-boxed e-con e-parent\" data-id=\"952f9d0\" data-element_type=\"container\" data-e-type=\"container\">\n\t\t\t\t\t<div class=\"e-con-inner\">\n\t\t<div class=\"elementor-element elementor-element-c06e314 e-con-full e-flex e-con e-child\" data-id=\"c06e314\" data-element_type=\"container\" data-e-type=\"container\">\n\t\t<div class=\"elementor-element elementor-element-03e31ea e-con-full callout-icon e-flex elementor-invisible e-con e-child\" data-id=\"03e31ea\" data-element_type=\"container\" data-e-type=\"container\" data-settings=\"{&quot;animation_delay&quot;:300,&quot;animation&quot;:&quot;fadeInUp&quot;}\">\n\t\t\t\t<div class=\"elementor-element elementor-element-8ca7cc9 elementor-widget elementor-widget-image\" data-id=\"8ca7cc9\" data-element_type=\"widget\" data-e-type=\"widget\" data-widget_type=\"image.default\">\n\t\t\t\t\t\t\t\t\t\t\t\t\t\t\t<img decoding=\"async\" width=\"16\" height=\"42\" src=\"https:\/\/code.insmed.com\/wp-content\/uploads\/2025\/09\/reporting-icon.svg\" class=\"attachment-full size-full wp-image-836\" alt=\"\" \/>\t\t\t\t\t\t\t\t\t\t\t\t\t\t\t<\/div>\n\t\t\t\t<\/div>\n\t\t\t\t<\/div>\n\t\t<div class=\"elementor-element elementor-element-b2d99a7 e-con-full e-flex e-con e-child\" data-id=\"b2d99a7\" data-element_type=\"container\" data-e-type=\"container\">\n\t\t\t\t<div class=\"elementor-element elementor-element-07338a7 large-text elementor-invisible elementor-widget elementor-widget-text-editor\" data-id=\"07338a7\" data-element_type=\"widget\" data-e-type=\"widget\" data-settings=\"{&quot;_animation&quot;:&quot;fadeInUp&quot;}\" data-widget_type=\"text-editor.default\">\n\t\t\t\t\t\t\t\t\t<p>Pour toute question ou pr\u00e9occupation, veuillez consulter la Politique relative aux d\u00e9lits d\u2019initi\u00e9 ou contacter un membre du service juridique.<\/p>\t\t\t\t\t\t\t\t<\/div>\n\t\t\t\t<\/div>\n\t\t\t\t\t<\/div>\n\t\t\t\t<\/div>\n\t\t<div class=\"elementor-element elementor-element-1d54ba6 continue-exploring-row dark-violet-row e-flex e-con-boxed e-con e-parent\" data-id=\"1d54ba6\" data-element_type=\"container\" data-e-type=\"container\">\n\t\t\t\t\t<div class=\"e-con-inner\">\n\t\t<div class=\"elementor-element elementor-element-f6c906d e-con-full continue-exploring-header e-flex elementor-invisible e-con e-child\" data-id=\"f6c906d\" data-element_type=\"container\" data-e-type=\"container\" data-settings=\"{&quot;animation&quot;:&quot;fadeInUp&quot;}\">\n\t\t\t\t<div class=\"elementor-element elementor-element-bf91bca elementor-widget elementor-widget-text-editor\" data-id=\"bf91bca\" data-element_type=\"widget\" data-e-type=\"widget\" data-widget_type=\"text-editor.default\">\n\t\t\t\t\t\t\t\t\t<p>Commencer \u00e0 explorer<\/p><h2>Op\u00e9rations commerciales responsables<\/h2>\t\t\t\t\t\t\t\t<\/div>\n\t\t\t\t<\/div>\n\t\t<div class=\"elementor-element elementor-element-e6e3855 e-con-full card e-flex elementor-invisible e-con e-child\" data-id=\"e6e3855\" data-element_type=\"container\" data-e-type=\"container\" data-settings=\"{&quot;animation&quot;:&quot;fadeInUp&quot;}\">\n\t\t\t\t<div class=\"elementor-element elementor-element-6fcb566 elementor-widget elementor-widget-text-editor\" data-id=\"6fcb566\" data-element_type=\"widget\" data-e-type=\"widget\" data-widget_type=\"text-editor.default\">\n\t\t\t\t\t\t\t\t\t<h3><a href=\"https:\/\/code.insmed.com\/fr\/operations-commerciales-responsables\/prevention-de-la-corruption\/\">Pr\u00e9vention de la corruption<\/a><\/h3>\t\t\t\t\t\t\t\t<\/div>\n\t\t\t\t<\/div>\n\t\t<div class=\"elementor-element elementor-element-def84aa e-con-full card e-flex elementor-invisible e-con e-child\" data-id=\"def84aa\" data-element_type=\"container\" data-e-type=\"container\" data-settings=\"{&quot;animation&quot;:&quot;fadeInUp&quot;,&quot;animation_delay&quot;:150}\">\n\t\t\t\t<div class=\"elementor-element elementor-element-b014c80 elementor-widget elementor-widget-text-editor\" data-id=\"b014c80\" data-element_type=\"widget\" data-e-type=\"widget\" data-widget_type=\"text-editor.default\">\n\t\t\t\t\t\t\t\t\t<h3><a href=\"https:\/\/code.insmed.com\/fr\/operations-commerciales-responsables\/lois-sur-la-concurrence-et-antitrust\/\">Lois sur la concurrence et antitrust<\/a><\/h3>\t\t\t\t\t\t\t\t<\/div>\n\t\t\t\t<\/div>\n\t\t<div class=\"elementor-element elementor-element-5d73806 e-con-full card e-flex elementor-invisible e-con e-child\" data-id=\"5d73806\" data-element_type=\"container\" data-e-type=\"container\" data-settings=\"{&quot;animation&quot;:&quot;fadeInUp&quot;,&quot;animation_delay&quot;:150}\">\n\t\t\t\t<div class=\"elementor-element elementor-element-4294475 elementor-widget elementor-widget-text-editor\" data-id=\"4294475\" data-element_type=\"widget\" data-e-type=\"widget\" data-widget_type=\"text-editor.default\">\n\t\t\t\t\t\t\t\t\t<h3><a href=\"https:\/\/code.insmed.com\/fr\/operations-commerciales-responsables\/controles-du-commerce\/\">Contr\u00f4les du commerce<\/a><\/h3>\t\t\t\t\t\t\t\t<\/div>\n\t\t\t\t<\/div>\n\t\t<div class=\"elementor-element elementor-element-73847ad e-con-full card e-flex elementor-invisible e-con e-child\" data-id=\"73847ad\" data-element_type=\"container\" data-e-type=\"container\" data-settings=\"{&quot;animation&quot;:&quot;fadeInUp&quot;,&quot;animation_delay&quot;:150}\">\n\t\t\t\t<div class=\"elementor-element elementor-element-a1b0252 elementor-widget elementor-widget-text-editor\" data-id=\"a1b0252\" data-element_type=\"widget\" data-e-type=\"widget\" data-widget_type=\"text-editor.default\">\n\t\t\t\t\t\t\t\t\t<h3><a href=\"https:\/\/code.insmed.com\/fr\/operations-commerciales-responsables\/integrite-financiere-et-tenue-de-dossiers\/\">Int\u00e9grit\u00e9 financi\u00e8re et tenue de dossiers<\/a><\/h3>\t\t\t\t\t\t\t\t<\/div>\n\t\t\t\t<\/div>\n\t\t<div class=\"elementor-element elementor-element-833f72a e-con-full card e-flex elementor-invisible e-con e-child\" data-id=\"833f72a\" data-element_type=\"container\" data-e-type=\"container\" data-settings=\"{&quot;animation&quot;:&quot;fadeInUp&quot;,&quot;animation_delay&quot;:150}\">\n\t\t\t\t<div class=\"elementor-element elementor-element-8a6ceb2 elementor-widget elementor-widget-text-editor\" data-id=\"8a6ceb2\" data-element_type=\"widget\" data-e-type=\"widget\" data-widget_type=\"text-editor.default\">\n\t\t\t\t\t\t\t\t\t<h3><a href=\"https:\/\/code.insmed.com\/fr\/operations-commerciales-responsables\/cybersecurite\/\">Cybers\u00e9curit\u00e9<\/a><\/h3>\t\t\t\t\t\t\t\t<\/div>\n\t\t\t\t<\/div>\n\t\t<div class=\"elementor-element elementor-element-96c9237 e-con-full card e-flex elementor-invisible e-con e-child\" data-id=\"96c9237\" data-element_type=\"container\" data-e-type=\"container\" data-settings=\"{&quot;animation&quot;:&quot;fadeInUp&quot;,&quot;animation_delay&quot;:150}\">\n\t\t\t\t<div class=\"elementor-element elementor-element-5fd7a68 elementor-widget elementor-widget-text-editor\" data-id=\"5fd7a68\" data-element_type=\"widget\" data-e-type=\"widget\" data-widget_type=\"text-editor.default\">\n\t\t\t\t\t\t\t\t\t<h3><a href=\"https:\/\/code.insmed.com\/fr\/operations-commerciales-responsables\/systemes-et-outils-dia\/\">Syst\u00e8mes et outils d\u2019IA<\/a><\/h3>\t\t\t\t\t\t\t\t<\/div>\n\t\t\t\t<\/div>\n\t\t<div class=\"elementor-element elementor-element-13581db e-con-full card e-flex elementor-invisible e-con e-child\" data-id=\"13581db\" data-element_type=\"container\" data-e-type=\"container\" data-settings=\"{&quot;animation&quot;:&quot;fadeInUp&quot;,&quot;animation_delay&quot;:150}\">\n\t\t\t\t<div class=\"elementor-element elementor-element-39c15ee elementor-widget elementor-widget-text-editor\" data-id=\"39c15ee\" data-element_type=\"widget\" data-e-type=\"widget\" data-widget_type=\"text-editor.default\">\n\t\t\t\t\t\t\t\t\t<h3><a href=\"https:\/\/code.insmed.com\/fr\/operations-commerciales-responsables\/propriete-intellectuelle\/\">Propri\u00e9t\u00e9 intellectuelle<\/a><\/h3>\t\t\t\t\t\t\t\t<\/div>\n\t\t\t\t<\/div>\n\t\t<div class=\"elementor-element elementor-element-4fda9b9 e-con-full card e-flex elementor-invisible e-con e-child\" data-id=\"4fda9b9\" data-element_type=\"container\" data-e-type=\"container\" data-settings=\"{&quot;animation&quot;:&quot;fadeInUp&quot;,&quot;animation_delay&quot;:150}\">\n\t\t\t\t<div class=\"elementor-element elementor-element-1ffb584 elementor-widget elementor-widget-text-editor\" data-id=\"1ffb584\" data-element_type=\"widget\" data-e-type=\"widget\" data-widget_type=\"text-editor.default\">\n\t\t\t\t\t\t\t\t\t<h3><a href=\"https:\/\/code.insmed.com\/fr\/operations-commerciales-responsables\/engagements-avec-des-organisations-exterieures\/\">Engagements avec des organisations ext\u00e9rieures<\/a><\/h3>\t\t\t\t\t\t\t\t<\/div>\n\t\t\t\t<\/div>\n\t\t\t\t\t<\/div>\n\t\t\t\t<\/div>\n\t\t\t\t<\/div>\n\t\t","protected":false},"excerpt":{"rendered":"<p>D\u00e9lit d\u2019initi\u00e9 Chez Insmed, les employ\u00e9s sont tenus de se conformer \u00e0 toutes les lois sur les d\u00e9lits d\u2019initi\u00e9s. Il est ill\u00e9gal et constitue une violation de la Politique relative aux d\u00e9lits d\u2019initi\u00e9 d\u2019Insmed :1. N\u00e9gocier des titres d\u2019 Insmed ou de l\u2019un de nos partenaires commerciaux si votre d\u00e9cision de n\u00e9gocier est fond\u00e9e sur [&hellip;]<\/p>\n","protected":false},"author":1,"featured_media":0,"parent":899,"menu_order":10,"comment_status":"closed","ping_status":"closed","template":"","meta":{"_genesis_hide_title":false,"_genesis_hide_breadcrumbs":false,"_genesis_hide_singular_image":false,"_genesis_hide_footer_widgets":false,"_genesis_custom_body_class":"","_genesis_custom_post_class":"","_genesis_layout":"","footnotes":""},"class_list":{"0":"post-939","1":"page","2":"type-page","3":"status-publish","5":"entry"},"_links":{"self":[{"href":"https:\/\/code.insmed.com\/fr\/wp-json\/wp\/v2\/pages\/939","targetHints":{"allow":["GET"]}}],"collection":[{"href":"https:\/\/code.insmed.com\/fr\/wp-json\/wp\/v2\/pages"}],"about":[{"href":"https:\/\/code.insmed.com\/fr\/wp-json\/wp\/v2\/types\/page"}],"author":[{"embeddable":true,"href":"https:\/\/code.insmed.com\/fr\/wp-json\/wp\/v2\/users\/1"}],"replies":[{"embeddable":true,"href":"https:\/\/code.insmed.com\/fr\/wp-json\/wp\/v2\/comments?post=939"}],"version-history":[{"count":0,"href":"https:\/\/code.insmed.com\/fr\/wp-json\/wp\/v2\/pages\/939\/revisions"}],"up":[{"embeddable":true,"href":"https:\/\/code.insmed.com\/fr\/wp-json\/wp\/v2\/pages\/899"}],"wp:attachment":[{"href":"https:\/\/code.insmed.com\/fr\/wp-json\/wp\/v2\/media?parent=939"}],"curies":[{"name":"wp","href":"https:\/\/api.w.org\/{rel}","templated":true}]}}