{"id":941,"date":"2025-08-28T20:58:23","date_gmt":"2025-08-29T00:58:23","guid":{"rendered":"https:\/\/codeofconduct1.wpenginepowered.com\/operations-commerciales-responsables\/engagements-avec-des-organisations-exterieures\/"},"modified":"2025-10-27T14:59:28","modified_gmt":"2025-10-27T18:59:28","slug":"engagements-avec-des-organisations-exterieures","status":"publish","type":"page","link":"https:\/\/code.insmed.com\/fr\/operations-commerciales-responsables\/engagements-avec-des-organisations-exterieures\/","title":{"rendered":"Engagements avec des organisations ext\u00e9rieures"},"content":{"rendered":"\t\t<div data-elementor-type=\"wp-page\" data-elementor-id=\"941\" class=\"elementor elementor-941 elementor-65\" data-elementor-post-type=\"page\">\n\t\t\t\t<div class=\"elementor-element elementor-element-173150c subpage-header lightest-gray-row e-flex e-con-boxed e-con e-parent\" data-id=\"173150c\" data-element_type=\"container\" data-e-type=\"container\">\n\t\t\t\t\t<div class=\"e-con-inner\">\n\t\t<div class=\"elementor-element elementor-element-d4472e0 e-con-full e-flex e-con e-child\" data-id=\"d4472e0\" data-element_type=\"container\" data-e-type=\"container\">\n\t\t\t\t<div class=\"elementor-element elementor-element-8d0da69 rainbow-h1 elementor-widget elementor-widget-text-editor\" data-id=\"8d0da69\" data-element_type=\"widget\" data-e-type=\"widget\" data-widget_type=\"text-editor.default\">\n\t\t\t\t\t\t\t\t\t<h1 style=\"text-align: center;\">Engagements avec <br>des organisations ext\u00e9rieures<\/h1><p style=\"text-align: center;\">Pour faire une diff\u00e9rence dans la vie des patients que nous servons, Insmed s\u2019engage souvent avec des organisations ext\u00e9rieures qui partagent notre mission et nos valeurs et leur apporte son soutien. Il s\u2019agit notamment d\u2019organisations telles que les groupes de d\u00e9fense des droits des patients (GDP), les soci\u00e9t\u00e9s m\u00e9dicales et les institutions, qui peuvent \u00eatre des ressources essentielles pour les professionnels de sant\u00e9 et les patients. <\/p><p style=\"text-align: center;\">Travailler en \u00e9troite collaboration avec de tels groupes nous permet de faire progresser la science et potentiellement de partager des informations et de collaborer sur la meilleure fa\u00e7on de soutenir les patients. Cependant, nous devons aborder ces engagements d\u2019une mani\u00e8re qui indique clairement que nous ne nous attendons pas \u00e0 obtenir un avantage commercial d\u00e9loyal ou m\u00eame \u00e0 cr\u00e9er l\u2019apparence d\u2019un avantage commercial d\u00e9loyal par le biais de notre soutien. <\/p>\t\t\t\t\t\t\t\t<\/div>\n\t\t\t\t<div class=\"elementor-element elementor-element-004beab scroll-down-indicator elementor-invisible elementor-widget elementor-widget-html\" data-id=\"004beab\" data-element_type=\"widget\" data-e-type=\"widget\" data-settings=\"{&quot;_animation&quot;:&quot;fadeIn&quot;,&quot;_animation_delay&quot;:150}\" data-widget_type=\"html.default\">\n\t\t\t\t\t<i class=\"fa-sharp fa-regular fa-arrow-down-long\"><\/i>\t\t\t\t<\/div>\n\t\t\t\t<\/div>\n\t\t\t\t\t<\/div>\n\t\t\t\t<\/div>\n\t\t<div class=\"elementor-element elementor-element-f2606f2 how-we-do-it-row e-flex e-con-boxed e-con e-parent\" data-id=\"f2606f2\" data-element_type=\"container\" data-e-type=\"container\">\n\t\t\t\t\t<div class=\"e-con-inner\">\n\t\t<div class=\"elementor-element elementor-element-0e0df33 e-con-full how-we-do-it-list-col e-flex elementor-invisible e-con e-child\" data-id=\"0e0df33\" data-element_type=\"container\" data-e-type=\"container\" data-settings=\"{&quot;animation&quot;:&quot;fadeIn&quot;,&quot;animation_delay&quot;:150}\">\n\t\t\t\t<div class=\"elementor-element elementor-element-bad1768 elementor-widget elementor-widget-text-editor\" data-id=\"bad1768\" data-element_type=\"widget\" data-e-type=\"widget\" data-widget_type=\"text-editor.default\">\n\t\t\t\t\t\t\t\t\t<h2>Comment nous <br \/>le faisons<\/h2><ul><li>Nous respectons toutes les politiques et proc\u00e9dures lors de l\u2019octroi de financements, tels que la recherche parrain\u00e9e par des tiers, les subventions de formation m\u00e9dicale et les dons de bienfaisance.<\/li><li>Nous ne promettons jamais de financement, ni ne fournissons de conseils ou n\u2019influen\u00e7ons une personne, un groupe ou une entreprise qui demande un financement.<\/li><li>Nous ne tirons jamais parti de nos relations pour tenter de promouvoir nos produits ou d\u2019influencer les actions d\u2019un groupe.<\/li><li>Nous respectons toutes les politiques et proc\u00e9dures lorsque nous interagissons avec les GDP, les patients, les investigateurs, les soci\u00e9t\u00e9s m\u00e9dicales et les institutions.<\/li><\/ul>\t\t\t\t\t\t\t\t<\/div>\n\t\t\t\t<\/div>\n\t\t<div class=\"elementor-element elementor-element-be952e1 e-con-full how-we-do-it-img-col elementor-hidden-tablet elementor-hidden-mobile e-flex elementor-invisible e-con e-child\" data-id=\"be952e1\" data-element_type=\"container\" data-e-type=\"container\" data-settings=\"{&quot;animation&quot;:&quot;fadeIn&quot;,&quot;animation_delay&quot;:300}\">\n\t\t\t\t<div class=\"elementor-element elementor-element-82173f0 rounded-img elementor-widget elementor-widget-image\" data-id=\"82173f0\" data-element_type=\"widget\" data-e-type=\"widget\" data-widget_type=\"image.default\">\n\t\t\t\t\t\t\t\t\t\t\t\t\t\t\t<img fetchpriority=\"high\" decoding=\"async\" width=\"550\" height=\"640\" src=\"https:\/\/code.insmed.com\/wp-content\/uploads\/2025\/10\/1_Jenga_Images.webp\" class=\"attachment-full size-full wp-image-940\" alt=\"\" srcset=\"https:\/\/code.insmed.com\/wp-content\/uploads\/2025\/10\/1_Jenga_Images.webp 550w, https:\/\/code.insmed.com\/wp-content\/uploads\/2025\/10\/1_Jenga_Images-258x300.webp 258w\" sizes=\"(max-width: 550px) 100vw, 550px\" \/>\t\t\t\t\t\t\t\t\t\t\t\t\t\t\t<\/div>\n\t\t\t\t<\/div>\n\t\t\t\t\t<\/div>\n\t\t\t\t<\/div>\n\t\t<div class=\"elementor-element elementor-element-e64ae80 continue-exploring-row dark-violet-row e-flex e-con-boxed e-con e-parent\" data-id=\"e64ae80\" data-element_type=\"container\" data-e-type=\"container\">\n\t\t\t\t\t<div class=\"e-con-inner\">\n\t\t<div class=\"elementor-element elementor-element-95817d6 e-con-full continue-exploring-header e-flex elementor-invisible e-con e-child\" data-id=\"95817d6\" data-element_type=\"container\" data-e-type=\"container\" data-settings=\"{&quot;animation&quot;:&quot;fadeInUp&quot;}\">\n\t\t\t\t<div class=\"elementor-element elementor-element-10ab90c elementor-widget elementor-widget-text-editor\" data-id=\"10ab90c\" data-element_type=\"widget\" data-e-type=\"widget\" data-widget_type=\"text-editor.default\">\n\t\t\t\t\t\t\t\t\t<p>Commencer \u00e0 explorer<\/p><h2>Op\u00e9rations commerciales responsables<\/h2>\t\t\t\t\t\t\t\t<\/div>\n\t\t\t\t<\/div>\n\t\t<div class=\"elementor-element elementor-element-1b26013 e-con-full card e-flex elementor-invisible e-con e-child\" data-id=\"1b26013\" data-element_type=\"container\" data-e-type=\"container\" data-settings=\"{&quot;animation&quot;:&quot;fadeInUp&quot;}\">\n\t\t\t\t<div class=\"elementor-element elementor-element-6b6988c elementor-widget elementor-widget-text-editor\" data-id=\"6b6988c\" data-element_type=\"widget\" data-e-type=\"widget\" data-widget_type=\"text-editor.default\">\n\t\t\t\t\t\t\t\t\t<h3><a href=\"https:\/\/code.insmed.com\/fr\/operations-commerciales-responsables\/prevention-de-la-corruption\/\">Pr\u00e9vention de la corruption<\/a><\/h3>\t\t\t\t\t\t\t\t<\/div>\n\t\t\t\t<\/div>\n\t\t<div class=\"elementor-element elementor-element-7b28421 e-con-full card e-flex elementor-invisible e-con e-child\" data-id=\"7b28421\" data-element_type=\"container\" data-e-type=\"container\" data-settings=\"{&quot;animation&quot;:&quot;fadeInUp&quot;,&quot;animation_delay&quot;:150}\">\n\t\t\t\t<div class=\"elementor-element elementor-element-f6ab5fc elementor-widget elementor-widget-text-editor\" data-id=\"f6ab5fc\" data-element_type=\"widget\" data-e-type=\"widget\" data-widget_type=\"text-editor.default\">\n\t\t\t\t\t\t\t\t\t<h3><a href=\"https:\/\/code.insmed.com\/fr\/operations-commerciales-responsables\/lois-sur-la-concurrence-et-antitrust\/\">Lois sur la concurrence et antitrust<\/a><\/h3>\t\t\t\t\t\t\t\t<\/div>\n\t\t\t\t<\/div>\n\t\t<div class=\"elementor-element elementor-element-781117e e-con-full card e-flex elementor-invisible e-con e-child\" data-id=\"781117e\" data-element_type=\"container\" data-e-type=\"container\" data-settings=\"{&quot;animation&quot;:&quot;fadeInUp&quot;,&quot;animation_delay&quot;:150}\">\n\t\t\t\t<div class=\"elementor-element elementor-element-08dba50 elementor-widget elementor-widget-text-editor\" data-id=\"08dba50\" data-element_type=\"widget\" data-e-type=\"widget\" data-widget_type=\"text-editor.default\">\n\t\t\t\t\t\t\t\t\t<h3><a href=\"https:\/\/code.insmed.com\/fr\/operations-commerciales-responsables\/controles-du-commerce\/\">Contr\u00f4les du commerce<\/a><\/h3>\t\t\t\t\t\t\t\t<\/div>\n\t\t\t\t<\/div>\n\t\t<div class=\"elementor-element elementor-element-204438a e-con-full card e-flex elementor-invisible e-con e-child\" data-id=\"204438a\" data-element_type=\"container\" data-e-type=\"container\" data-settings=\"{&quot;animation&quot;:&quot;fadeInUp&quot;,&quot;animation_delay&quot;:150}\">\n\t\t\t\t<div class=\"elementor-element elementor-element-32aeec3 elementor-widget elementor-widget-text-editor\" data-id=\"32aeec3\" data-element_type=\"widget\" data-e-type=\"widget\" data-widget_type=\"text-editor.default\">\n\t\t\t\t\t\t\t\t\t<h3><a href=\"https:\/\/code.insmed.com\/fr\/operations-commerciales-responsables\/integrite-financiere-et-tenue-de-dossiers\/\">Int\u00e9grit\u00e9 financi\u00e8re et tenue de dossiers<\/a><\/h3>\t\t\t\t\t\t\t\t<\/div>\n\t\t\t\t<\/div>\n\t\t<div class=\"elementor-element elementor-element-4f5decb e-con-full card e-flex elementor-invisible e-con e-child\" data-id=\"4f5decb\" data-element_type=\"container\" data-e-type=\"container\" data-settings=\"{&quot;animation&quot;:&quot;fadeInUp&quot;,&quot;animation_delay&quot;:150}\">\n\t\t\t\t<div class=\"elementor-element elementor-element-be91ac7 elementor-widget elementor-widget-text-editor\" data-id=\"be91ac7\" data-element_type=\"widget\" data-e-type=\"widget\" data-widget_type=\"text-editor.default\">\n\t\t\t\t\t\t\t\t\t<h3><a href=\"https:\/\/code.insmed.com\/fr\/operations-commerciales-responsables\/cybersecurite\/\">Cybers\u00e9curit\u00e9<\/a><\/h3>\t\t\t\t\t\t\t\t<\/div>\n\t\t\t\t<\/div>\n\t\t<div class=\"elementor-element elementor-element-b397f9a e-con-full card e-flex elementor-invisible e-con e-child\" data-id=\"b397f9a\" data-element_type=\"container\" data-e-type=\"container\" data-settings=\"{&quot;animation&quot;:&quot;fadeInUp&quot;,&quot;animation_delay&quot;:150}\">\n\t\t\t\t<div class=\"elementor-element elementor-element-a3bb795 elementor-widget elementor-widget-text-editor\" data-id=\"a3bb795\" data-element_type=\"widget\" data-e-type=\"widget\" data-widget_type=\"text-editor.default\">\n\t\t\t\t\t\t\t\t\t<h3><a href=\"https:\/\/code.insmed.com\/fr\/operations-commerciales-responsables\/systemes-et-outils-dia\/\">Syst\u00e8mes et outils d\u2019IA<\/a><\/h3>\t\t\t\t\t\t\t\t<\/div>\n\t\t\t\t<\/div>\n\t\t<div class=\"elementor-element elementor-element-3568024 e-con-full card e-flex elementor-invisible e-con e-child\" data-id=\"3568024\" data-element_type=\"container\" data-e-type=\"container\" data-settings=\"{&quot;animation&quot;:&quot;fadeInUp&quot;,&quot;animation_delay&quot;:150}\">\n\t\t\t\t<div class=\"elementor-element elementor-element-b8380c5 elementor-widget elementor-widget-text-editor\" data-id=\"b8380c5\" data-element_type=\"widget\" data-e-type=\"widget\" data-widget_type=\"text-editor.default\">\n\t\t\t\t\t\t\t\t\t<h3><a href=\"https:\/\/code.insmed.com\/fr\/operations-commerciales-responsables\/propriete-intellectuelle\/\">Propri\u00e9t\u00e9 intellectuelle<\/a><\/h3>\t\t\t\t\t\t\t\t<\/div>\n\t\t\t\t<\/div>\n\t\t<div class=\"elementor-element elementor-element-7b575be e-con-full card e-flex elementor-invisible e-con e-child\" data-id=\"7b575be\" data-element_type=\"container\" data-e-type=\"container\" data-settings=\"{&quot;animation&quot;:&quot;fadeInUp&quot;,&quot;animation_delay&quot;:150}\">\n\t\t\t\t<div class=\"elementor-element elementor-element-cafa341 elementor-widget elementor-widget-text-editor\" data-id=\"cafa341\" data-element_type=\"widget\" data-e-type=\"widget\" data-widget_type=\"text-editor.default\">\n\t\t\t\t\t\t\t\t\t<h3><a href=\"https:\/\/code.insmed.com\/fr\/operations-commerciales-responsables\/delit-dinitie\/\">D\u00e9lit d\u2019initi\u00e9<\/a><\/h3>\t\t\t\t\t\t\t\t<\/div>\n\t\t\t\t<\/div>\n\t\t\t\t\t<\/div>\n\t\t\t\t<\/div>\n\t\t\t\t<\/div>\n\t\t","protected":false},"excerpt":{"rendered":"<p>Engagements avec des organisations ext\u00e9rieures Pour faire une diff\u00e9rence dans la vie des patients que nous servons, Insmed s\u2019engage souvent avec des organisations ext\u00e9rieures qui partagent notre mission et nos valeurs et leur apporte son soutien. Il s\u2019agit notamment d\u2019organisations telles que les groupes de d\u00e9fense des droits des patients (GDP), les soci\u00e9t\u00e9s m\u00e9dicales et [&hellip;]<\/p>\n","protected":false},"author":1,"featured_media":0,"parent":899,"menu_order":10,"comment_status":"closed","ping_status":"closed","template":"","meta":{"_genesis_hide_title":false,"_genesis_hide_breadcrumbs":false,"_genesis_hide_singular_image":false,"_genesis_hide_footer_widgets":false,"_genesis_custom_body_class":"","_genesis_custom_post_class":"","_genesis_layout":"","footnotes":""},"class_list":{"0":"post-941","1":"page","2":"type-page","3":"status-publish","5":"entry"},"_links":{"self":[{"href":"https:\/\/code.insmed.com\/fr\/wp-json\/wp\/v2\/pages\/941","targetHints":{"allow":["GET"]}}],"collection":[{"href":"https:\/\/code.insmed.com\/fr\/wp-json\/wp\/v2\/pages"}],"about":[{"href":"https:\/\/code.insmed.com\/fr\/wp-json\/wp\/v2\/types\/page"}],"author":[{"embeddable":true,"href":"https:\/\/code.insmed.com\/fr\/wp-json\/wp\/v2\/users\/1"}],"replies":[{"embeddable":true,"href":"https:\/\/code.insmed.com\/fr\/wp-json\/wp\/v2\/comments?post=941"}],"version-history":[{"count":0,"href":"https:\/\/code.insmed.com\/fr\/wp-json\/wp\/v2\/pages\/941\/revisions"}],"up":[{"embeddable":true,"href":"https:\/\/code.insmed.com\/fr\/wp-json\/wp\/v2\/pages\/899"}],"wp:attachment":[{"href":"https:\/\/code.insmed.com\/fr\/wp-json\/wp\/v2\/media?parent=941"}],"curies":[{"name":"wp","href":"https:\/\/api.w.org\/{rel}","templated":true}]}}