{"id":1005,"date":"2025-08-28T20:58:23","date_gmt":"2025-08-29T00:58:23","guid":{"rendered":"https:\/\/codeofconduct1.wpenginepowered.com\/operazioni-aziendali-responsabili\/proprieta-intellettuale\/"},"modified":"2025-10-27T13:59:21","modified_gmt":"2025-10-27T17:59:21","slug":"proprieta-intellettuale","status":"publish","type":"page","link":"https:\/\/code.insmed.com\/it\/operazioni-aziendali-responsabili\/proprieta-intellettuale\/","title":{"rendered":"Propriet\u00e0 intellettuale"},"content":{"rendered":"\t\t<div data-elementor-type=\"wp-page\" data-elementor-id=\"1005\" class=\"elementor elementor-1005 elementor-61\" data-elementor-post-type=\"page\">\n\t\t\t\t<div class=\"elementor-element elementor-element-cd142df subpage-header lightest-gray-row e-flex e-con-boxed e-con e-parent\" data-id=\"cd142df\" data-element_type=\"container\" data-e-type=\"container\">\n\t\t\t\t\t<div class=\"e-con-inner\">\n\t\t<div class=\"elementor-element elementor-element-2403e68 e-con-full e-flex e-con e-child\" data-id=\"2403e68\" data-element_type=\"container\" data-e-type=\"container\">\n\t\t\t\t<div class=\"elementor-element elementor-element-0f170fc rainbow-h1 elementor-widget elementor-widget-text-editor\" data-id=\"0f170fc\" data-element_type=\"widget\" data-e-type=\"widget\" data-widget_type=\"text-editor.default\">\n\t\t\t\t\t\t\t\t\t<h1 style=\"text-align: center;\">Propriet\u00e0 intellettuale<\/h1><p style=\"text-align: center;\">Ciascuno di noi \u00e8 responsabile della protezione della nostra propriet\u00e0 intellettuale (PI) e della PI di altri a cui concediamo la licenza nel corso del nostro lavoro. Inoltre, \u00e8 nostra responsabilit\u00e0 non appropriarci indebitamente di PI possedute o controllate da terzi. <\/p>\t\t\t\t\t\t\t\t<\/div>\n\t\t\t\t<div class=\"elementor-element elementor-element-0d5a484 scroll-down-indicator elementor-invisible elementor-widget elementor-widget-html\" data-id=\"0d5a484\" data-element_type=\"widget\" data-e-type=\"widget\" data-settings=\"{&quot;_animation&quot;:&quot;fadeIn&quot;,&quot;_animation_delay&quot;:150}\" data-widget_type=\"html.default\">\n\t\t\t\t\t<i class=\"fa-sharp fa-regular fa-arrow-down-long\"><\/i>\t\t\t\t<\/div>\n\t\t\t\t<\/div>\n\t\t\t\t\t<\/div>\n\t\t\t\t<\/div>\n\t\t<div class=\"elementor-element elementor-element-6b7b7e8 how-we-do-it-row e-flex e-con-boxed e-con e-parent\" data-id=\"6b7b7e8\" data-element_type=\"container\" data-e-type=\"container\">\n\t\t\t\t\t<div class=\"e-con-inner\">\n\t\t<div class=\"elementor-element elementor-element-3767fef e-con-full how-we-do-it-list-col e-flex elementor-invisible e-con e-child\" data-id=\"3767fef\" data-element_type=\"container\" data-e-type=\"container\" data-settings=\"{&quot;animation&quot;:&quot;fadeIn&quot;,&quot;animation_delay&quot;:150}\">\n\t\t\t\t<div class=\"elementor-element elementor-element-af0b49e elementor-widget elementor-widget-text-editor\" data-id=\"af0b49e\" data-element_type=\"widget\" data-e-type=\"widget\" data-widget_type=\"text-editor.default\">\n\t\t\t\t\t\t\t\t\t<h2>Come lo facciamo<\/h2><ul><li><strong>Formiamo i dipendenti affinch\u00e9 comprendano:<\/strong><ul><li>Come riconoscere la PI e le nostre responsabilit\u00e0 nel proteggerla, compresa l\u2019opportunit\u00e0 di divulgare pubblicamente l\u2019esistenza della PI e\/o la sua sostanza.<\/li><li>Le nostre responsabilit\u00e0 per quanto riguarda la protezione delle PI scoperte o utilizzate durante un accordo a pagamento o una collaborazione congiunta con una terza parte (ad esempio, un istituto di ricerca).<\/li><li>Le nostre responsabilit\u00e0 per quanto riguarda la protezione della PI tangibile Insmed, come ad esempio la ricerca di campioni quando vengono inviati a una terza parte per l\u2019analisi.<\/li><li>Le nostre responsabilit\u00e0 per l\u2019approvazione, la tempistica e la revisione di qualsiasi pubblicazione che La indichi come autore o alla quale Lei ha contribuito.<\/li><li>Il processo per ottenere e utilizzare materiale protetto da copyright per le proprie presentazioni o, pi\u00f9 in generale, durante il normale corso degli affari.<\/li><\/ul><\/li><\/ul>\t\t\t\t\t\t\t\t<\/div>\n\t\t\t\t<\/div>\n\t\t<div class=\"elementor-element elementor-element-f1c432d e-con-full how-we-do-it-img-col elementor-hidden-tablet elementor-hidden-mobile e-flex elementor-invisible e-con e-child\" data-id=\"f1c432d\" data-element_type=\"container\" data-e-type=\"container\" data-settings=\"{&quot;animation&quot;:&quot;fadeIn&quot;,&quot;animation_delay&quot;:300}\">\n\t\t\t\t<div class=\"elementor-element elementor-element-b23e67d rounded-img elementor-widget elementor-widget-image\" data-id=\"b23e67d\" data-element_type=\"widget\" data-e-type=\"widget\" data-widget_type=\"image.default\">\n\t\t\t\t\t\t\t\t\t\t\t\t\t\t\t<img fetchpriority=\"high\" decoding=\"async\" width=\"550\" height=\"640\" src=\"https:\/\/code.insmed.com\/wp-content\/uploads\/2025\/09\/2022_insmed_nh111000_2.webp\" class=\"attachment-full size-full wp-image-1004\" alt=\"\" srcset=\"https:\/\/code.insmed.com\/wp-content\/uploads\/2025\/09\/2022_insmed_nh111000_2.webp 550w, https:\/\/code.insmed.com\/wp-content\/uploads\/2025\/09\/2022_insmed_nh111000_2-258x300.webp 258w\" sizes=\"(max-width: 550px) 100vw, 550px\" \/>\t\t\t\t\t\t\t\t\t\t\t\t\t\t\t<\/div>\n\t\t\t\t<\/div>\n\t\t\t\t\t<\/div>\n\t\t\t\t<\/div>\n\t\t<div class=\"elementor-element elementor-element-25b6152 did-you-know-row e-flex e-con-boxed e-con e-parent\" data-id=\"25b6152\" data-element_type=\"container\" data-e-type=\"container\">\n\t\t\t\t\t<div class=\"e-con-inner\">\n\t\t<div class=\"elementor-element elementor-element-3975fa3 e-con-full callout-card e-flex elementor-invisible e-con e-child\" data-id=\"3975fa3\" data-element_type=\"container\" data-e-type=\"container\" data-settings=\"{&quot;animation&quot;:&quot;fadeInUp&quot;}\">\n\t\t<div class=\"elementor-element elementor-element-3052965 e-con-full callout-icon e-flex e-con e-child\" data-id=\"3052965\" data-element_type=\"container\" data-e-type=\"container\">\n\t\t\t\t<div class=\"elementor-element elementor-element-c204fb9 elementor-widget elementor-widget-image\" data-id=\"c204fb9\" data-element_type=\"widget\" data-e-type=\"widget\" data-widget_type=\"image.default\">\n\t\t\t\t\t\t\t\t\t\t\t\t\t\t\t<img decoding=\"async\" width=\"40\" height=\"40\" src=\"https:\/\/code.insmed.com\/wp-content\/uploads\/2025\/09\/did-you-know-icon.svg\" class=\"attachment-full size-full wp-image-818\" alt=\"\" \/>\t\t\t\t\t\t\t\t\t\t\t\t\t\t\t<\/div>\n\t\t\t\t<\/div>\n\t\t<div class=\"elementor-element elementor-element-9a681ad e-con-full callout-header e-flex e-con e-child\" data-id=\"9a681ad\" data-element_type=\"container\" data-e-type=\"container\">\n\t\t\t\t<div class=\"elementor-element elementor-element-324186d elementor-widget elementor-widget-text-editor\" data-id=\"324186d\" data-element_type=\"widget\" data-e-type=\"widget\" data-widget_type=\"text-editor.default\">\n\t\t\t\t\t\t\t\t\t<h2>Lo sapevi?<\/h2>\t\t\t\t\t\t\t\t<\/div>\n\t\t\t\t<\/div>\n\t\t<div class=\"elementor-element elementor-element-821e7a5 e-con-full callout-body e-flex e-con e-child\" data-id=\"821e7a5\" data-element_type=\"container\" data-e-type=\"container\">\n\t\t\t\t<div class=\"elementor-element elementor-element-5bfc71d elementor-widget elementor-widget-text-editor\" data-id=\"5bfc71d\" data-element_type=\"widget\" data-e-type=\"widget\" data-widget_type=\"text-editor.default\">\n\t\t\t\t\t\t\t\t\t<p>La PI include i dati generati da Insmed, le invenzioni (brevettabili o meno), le scoperte, i brevetti, i diritti d\u2019autore e il materiale soggetto a copyright, come pubblicazioni per congressi e materiali di marketing, i marchi e i segreti commerciali.<\/p>\t\t\t\t\t\t\t\t<\/div>\n\t\t\t\t<\/div>\n\t\t\t\t<\/div>\n\t\t\t\t\t<\/div>\n\t\t\t\t<\/div>\n\t\t<div class=\"elementor-element elementor-element-f966020 lightest-gray-row reporting-row e-flex e-con-boxed e-con e-parent\" data-id=\"f966020\" data-element_type=\"container\" data-e-type=\"container\">\n\t\t\t\t\t<div class=\"e-con-inner\">\n\t\t<div class=\"elementor-element elementor-element-d1895b2 e-con-full e-flex e-con e-child\" data-id=\"d1895b2\" data-element_type=\"container\" data-e-type=\"container\">\n\t\t<div class=\"elementor-element elementor-element-d274a7f e-con-full callout-icon e-flex elementor-invisible e-con e-child\" data-id=\"d274a7f\" data-element_type=\"container\" data-e-type=\"container\" data-settings=\"{&quot;animation_delay&quot;:300,&quot;animation&quot;:&quot;fadeInUp&quot;}\">\n\t\t\t\t<div class=\"elementor-element elementor-element-bdc1297 elementor-widget elementor-widget-image\" data-id=\"bdc1297\" data-element_type=\"widget\" data-e-type=\"widget\" data-widget_type=\"image.default\">\n\t\t\t\t\t\t\t\t\t\t\t\t\t\t\t<img decoding=\"async\" width=\"16\" height=\"42\" src=\"https:\/\/code.insmed.com\/wp-content\/uploads\/2025\/09\/reporting-icon.svg\" class=\"attachment-full size-full wp-image-819\" alt=\"\" \/>\t\t\t\t\t\t\t\t\t\t\t\t\t\t\t<\/div>\n\t\t\t\t<\/div>\n\t\t\t\t<\/div>\n\t\t<div class=\"elementor-element elementor-element-a29d7d9 e-con-full e-flex e-con e-child\" data-id=\"a29d7d9\" data-element_type=\"container\" data-e-type=\"container\">\n\t\t\t\t<div class=\"elementor-element elementor-element-272b7c7 large-text elementor-invisible elementor-widget elementor-widget-text-editor\" data-id=\"272b7c7\" data-element_type=\"widget\" data-e-type=\"widget\" data-settings=\"{&quot;_animation&quot;:&quot;fadeInUp&quot;}\" data-widget_type=\"text-editor.default\">\n\t\t\t\t\t\t\t\t\t<p>In caso di dubbi in merito al rischio per la PI di Insmed o l\u2019uso di PI di terze parti, o se non siete sicuri se qualcosa sia PI o debba essere trattata come PI, contatta il nostro Chief IP Counsel, un membro dell\u2019Ufficio legale, o <a href=\"mailto:InsmedLegal@insmed.com\" target=\"_blank\" rel=\"noopener\">InsmedLegal@insmed.com<\/a>. <\/p>\t\t\t\t\t\t\t\t<\/div>\n\t\t\t\t<\/div>\n\t\t\t\t\t<\/div>\n\t\t\t\t<\/div>\n\t\t<div class=\"elementor-element elementor-element-5c9f20c continue-exploring-row dark-violet-row e-flex e-con-boxed e-con e-parent\" data-id=\"5c9f20c\" data-element_type=\"container\" data-e-type=\"container\">\n\t\t\t\t\t<div class=\"e-con-inner\">\n\t\t<div class=\"elementor-element elementor-element-e93953a e-con-full continue-exploring-header e-flex elementor-invisible e-con e-child\" data-id=\"e93953a\" data-element_type=\"container\" data-e-type=\"container\" data-settings=\"{&quot;animation&quot;:&quot;fadeInUp&quot;}\">\n\t\t\t\t<div class=\"elementor-element elementor-element-3047410 elementor-widget elementor-widget-text-editor\" data-id=\"3047410\" data-element_type=\"widget\" data-e-type=\"widget\" data-widget_type=\"text-editor.default\">\n\t\t\t\t\t\t\t\t\t<p>Continuare a esplorare<\/p><h2>Operazioni aziendali responsabili<\/h2>\t\t\t\t\t\t\t\t<\/div>\n\t\t\t\t<\/div>\n\t\t<div class=\"elementor-element elementor-element-d0fa001 e-con-full card e-flex elementor-invisible e-con e-child\" data-id=\"d0fa001\" data-element_type=\"container\" data-e-type=\"container\" data-settings=\"{&quot;animation&quot;:&quot;fadeInUp&quot;}\">\n\t\t\t\t<div class=\"elementor-element elementor-element-54813b6 elementor-widget elementor-widget-text-editor\" data-id=\"54813b6\" data-element_type=\"widget\" data-e-type=\"widget\" data-widget_type=\"text-editor.default\">\n\t\t\t\t\t\t\t\t\t<h3><a href=\"https:\/\/code.insmed.com\/it\/operazioni-aziendali-responsabili\/prevenzione-della-corruzione\/\">Prevenzione della corruzione<\/a><\/h3>\t\t\t\t\t\t\t\t<\/div>\n\t\t\t\t<\/div>\n\t\t<div class=\"elementor-element elementor-element-e9b03ed e-con-full card e-flex elementor-invisible e-con e-child\" data-id=\"e9b03ed\" data-element_type=\"container\" data-e-type=\"container\" data-settings=\"{&quot;animation&quot;:&quot;fadeInUp&quot;,&quot;animation_delay&quot;:150}\">\n\t\t\t\t<div class=\"elementor-element elementor-element-34cb551 elementor-widget elementor-widget-text-editor\" data-id=\"34cb551\" data-element_type=\"widget\" data-e-type=\"widget\" data-widget_type=\"text-editor.default\">\n\t\t\t\t\t\t\t\t\t<h3><a href=\"https:\/\/code.insmed.com\/it\/operazioni-aziendali-responsabili\/leggi-sulla-concorrenza-e-antitrust\/\">Leggi sulla concorrenza e antitrust<\/a><\/h3>\t\t\t\t\t\t\t\t<\/div>\n\t\t\t\t<\/div>\n\t\t<div class=\"elementor-element elementor-element-ef22b86 e-con-full card e-flex elementor-invisible e-con e-child\" data-id=\"ef22b86\" data-element_type=\"container\" data-e-type=\"container\" data-settings=\"{&quot;animation&quot;:&quot;fadeInUp&quot;,&quot;animation_delay&quot;:150}\">\n\t\t\t\t<div class=\"elementor-element elementor-element-872a8ab elementor-widget elementor-widget-text-editor\" data-id=\"872a8ab\" data-element_type=\"widget\" data-e-type=\"widget\" data-widget_type=\"text-editor.default\">\n\t\t\t\t\t\t\t\t\t<h3><a href=\"https:\/\/code.insmed.com\/it\/operazioni-aziendali-responsabili\/controlli-commerciali\/\">Controlli commerciali<\/a><\/h3>\t\t\t\t\t\t\t\t<\/div>\n\t\t\t\t<\/div>\n\t\t<div class=\"elementor-element elementor-element-2eac1e8 e-con-full card e-flex elementor-invisible e-con e-child\" data-id=\"2eac1e8\" data-element_type=\"container\" data-e-type=\"container\" data-settings=\"{&quot;animation&quot;:&quot;fadeInUp&quot;,&quot;animation_delay&quot;:150}\">\n\t\t\t\t<div class=\"elementor-element elementor-element-85c5ee5 elementor-widget elementor-widget-text-editor\" data-id=\"85c5ee5\" data-element_type=\"widget\" data-e-type=\"widget\" data-widget_type=\"text-editor.default\">\n\t\t\t\t\t\t\t\t\t<h3><a href=\"https:\/\/code.insmed.com\/it\/operazioni-aziendali-responsabili\/integrita-finanziaria-e-tenuta-dei-registri\/\">Integrit\u00e0 finanziaria e tenuta dei registri<\/a><\/h3>\t\t\t\t\t\t\t\t<\/div>\n\t\t\t\t<\/div>\n\t\t<div class=\"elementor-element elementor-element-8bfa3e4 e-con-full card e-flex elementor-invisible e-con e-child\" data-id=\"8bfa3e4\" data-element_type=\"container\" data-e-type=\"container\" data-settings=\"{&quot;animation&quot;:&quot;fadeInUp&quot;,&quot;animation_delay&quot;:150}\">\n\t\t\t\t<div class=\"elementor-element elementor-element-b45a651 elementor-widget elementor-widget-text-editor\" data-id=\"b45a651\" data-element_type=\"widget\" data-e-type=\"widget\" data-widget_type=\"text-editor.default\">\n\t\t\t\t\t\t\t\t\t<h3><a href=\"https:\/\/code.insmed.com\/it\/operazioni-aziendali-responsabili\/sicurezza-informatica\/\">Sicurezza informatica<\/a><\/h3>\t\t\t\t\t\t\t\t<\/div>\n\t\t\t\t<\/div>\n\t\t<div class=\"elementor-element elementor-element-6238f0a e-con-full card e-flex elementor-invisible e-con e-child\" data-id=\"6238f0a\" data-element_type=\"container\" data-e-type=\"container\" data-settings=\"{&quot;animation&quot;:&quot;fadeInUp&quot;,&quot;animation_delay&quot;:150}\">\n\t\t\t\t<div class=\"elementor-element elementor-element-c1b8fc2 elementor-widget elementor-widget-text-editor\" data-id=\"c1b8fc2\" data-element_type=\"widget\" data-e-type=\"widget\" data-widget_type=\"text-editor.default\">\n\t\t\t\t\t\t\t\t\t<h3><a href=\"https:\/\/code.insmed.com\/it\/operazioni-aziendali-responsabili\/sistemi-e-strumenti-di-ia\/\">Sistemi e strumenti di IA<\/a><\/h3>\t\t\t\t\t\t\t\t<\/div>\n\t\t\t\t<\/div>\n\t\t<div class=\"elementor-element elementor-element-5b7ad96 e-con-full card e-flex elementor-invisible e-con e-child\" data-id=\"5b7ad96\" data-element_type=\"container\" data-e-type=\"container\" data-settings=\"{&quot;animation&quot;:&quot;fadeInUp&quot;,&quot;animation_delay&quot;:150}\">\n\t\t\t\t<div class=\"elementor-element elementor-element-0cd7033 elementor-widget elementor-widget-text-editor\" data-id=\"0cd7033\" data-element_type=\"widget\" data-e-type=\"widget\" data-widget_type=\"text-editor.default\">\n\t\t\t\t\t\t\t\t\t<h3><a href=\"https:\/\/code.insmed.com\/it\/operazioni-aziendali-responsabili\/insider-trading\/\">Insider Trading<\/a><\/h3>\t\t\t\t\t\t\t\t<\/div>\n\t\t\t\t<\/div>\n\t\t<div class=\"elementor-element elementor-element-fcb86f5 e-con-full card e-flex elementor-invisible e-con e-child\" data-id=\"fcb86f5\" data-element_type=\"container\" data-e-type=\"container\" data-settings=\"{&quot;animation&quot;:&quot;fadeInUp&quot;,&quot;animation_delay&quot;:150}\">\n\t\t\t\t<div class=\"elementor-element elementor-element-b1910a8 elementor-widget elementor-widget-text-editor\" data-id=\"b1910a8\" data-element_type=\"widget\" data-e-type=\"widget\" data-widget_type=\"text-editor.default\">\n\t\t\t\t\t\t\t\t\t<h3><a href=\"https:\/\/code.insmed.com\/it\/operazioni-aziendali-responsabili\/impegni-con-organizzazioni-esterne\/\">Impegni con organizzazioni esterne<\/a><\/h3>\t\t\t\t\t\t\t\t<\/div>\n\t\t\t\t<\/div>\n\t\t\t\t\t<\/div>\n\t\t\t\t<\/div>\n\t\t\t\t<\/div>\n\t\t","protected":false},"excerpt":{"rendered":"<p>Propriet\u00e0 intellettuale Ciascuno di noi \u00e8 responsabile della protezione della nostra propriet\u00e0 intellettuale (PI) e della PI di altri a cui concediamo la licenza nel corso del nostro lavoro. Inoltre, \u00e8 nostra responsabilit\u00e0 non appropriarci indebitamente di PI possedute o controllate da terzi. Come lo facciamo Formiamo i dipendenti affinch\u00e9 comprendano: Come riconoscere la PI [&hellip;]<\/p>\n","protected":false},"author":1,"featured_media":0,"parent":953,"menu_order":10,"comment_status":"closed","ping_status":"closed","template":"","meta":{"_genesis_hide_title":false,"_genesis_hide_breadcrumbs":false,"_genesis_hide_singular_image":false,"_genesis_hide_footer_widgets":false,"_genesis_custom_body_class":"","_genesis_custom_post_class":"","_genesis_layout":"","footnotes":""},"class_list":{"0":"post-1005","1":"page","2":"type-page","3":"status-publish","5":"entry"},"_links":{"self":[{"href":"https:\/\/code.insmed.com\/it\/wp-json\/wp\/v2\/pages\/1005","targetHints":{"allow":["GET"]}}],"collection":[{"href":"https:\/\/code.insmed.com\/it\/wp-json\/wp\/v2\/pages"}],"about":[{"href":"https:\/\/code.insmed.com\/it\/wp-json\/wp\/v2\/types\/page"}],"author":[{"embeddable":true,"href":"https:\/\/code.insmed.com\/it\/wp-json\/wp\/v2\/users\/1"}],"replies":[{"embeddable":true,"href":"https:\/\/code.insmed.com\/it\/wp-json\/wp\/v2\/comments?post=1005"}],"version-history":[{"count":0,"href":"https:\/\/code.insmed.com\/it\/wp-json\/wp\/v2\/pages\/1005\/revisions"}],"up":[{"embeddable":true,"href":"https:\/\/code.insmed.com\/it\/wp-json\/wp\/v2\/pages\/953"}],"wp:attachment":[{"href":"https:\/\/code.insmed.com\/it\/wp-json\/wp\/v2\/media?parent=1005"}],"curies":[{"name":"wp","href":"https:\/\/api.w.org\/{rel}","templated":true}]}}