{"id":718,"date":"2025-08-28T20:58:23","date_gmt":"2025-08-29T00:58:23","guid":{"rendered":"https:\/\/codeofconduct1.wpenginepowered.com\/home\/"},"modified":"2025-11-04T11:05:19","modified_gmt":"2025-11-04T16:05:19","slug":"home","status":"publish","type":"page","link":"https:\/\/code.insmed.com\/it\/","title":{"rendered":"Home"},"content":{"rendered":"\t\t<div data-elementor-type=\"wp-page\" data-elementor-id=\"718\" class=\"elementor elementor-718 elementor-13\" data-elementor-post-type=\"page\">\n\t\t\t\t<div class=\"elementor-element elementor-element-4d72f95 hero-row e-flex e-con-boxed e-con e-parent\" data-id=\"4d72f95\" data-element_type=\"container\" data-e-type=\"container\" data-settings=\"{&quot;background_background&quot;:&quot;classic&quot;}\">\n\t\t\t\t\t<div class=\"e-con-inner\">\n\t\t<div class=\"elementor-element elementor-element-d87d74c e-con-full card e-flex elementor-invisible e-con e-child\" data-id=\"d87d74c\" data-element_type=\"container\" data-e-type=\"container\" data-settings=\"{&quot;animation&quot;:&quot;fadeInUp&quot;}\">\n\t\t\t\t<div class=\"elementor-element elementor-element-54ddcce rainbow-h2 large-h2 elementor-widget elementor-widget-text-editor\" data-id=\"54ddcce\" data-element_type=\"widget\" data-e-type=\"widget\" data-widget_type=\"text-editor.default\">\n\t\t\t\t\t\t\t\t\t<p>Codice di etica e condotta aziendale<\/p><h2>Ci siamo. Per l&#8217;integrit\u00e0. <\/h2><p>Il Codice \u00e8 la nostra bussola su come operare con integrit\u00e0 mentre perseguiamo la nostra missione di trasformare la vita dei pazienti con malattie gravi e rare.<\/p>\t\t\t\t\t\t\t\t<\/div>\n\t\t\t\t<\/div>\n\t\t\t\t\t<\/div>\n\t\t\t\t<\/div>\n\t\t<div class=\"elementor-element elementor-element-dbe4536 e-flex e-con-boxed e-con e-parent\" data-id=\"dbe4536\" data-element_type=\"container\" data-e-type=\"container\">\n\t\t\t\t\t<div class=\"e-con-inner\">\n\t\t<div class=\"elementor-element elementor-element-0a6710c e-con-full e-flex elementor-invisible e-con e-child\" data-id=\"0a6710c\" data-element_type=\"container\" data-e-type=\"container\" data-settings=\"{&quot;animation&quot;:&quot;fadeInUp&quot;}\">\n\t\t\t\t<div class=\"elementor-element elementor-element-53514b5 elementor-widget elementor-widget-text-editor\" data-id=\"53514b5\" data-element_type=\"widget\" data-e-type=\"widget\" data-widget_type=\"text-editor.default\">\n\t\t\t\t\t\t\t\t\t<h2>Esplora il Codice<\/h2><p>Il nostro Codice ci porta a fare le scelte giuste, sempre. Fornisce indicazioni che ci aiutano a rispettare le leggi, i regolamenti e i codici di settore che si applicano alla nostra attivit\u00e0.<\/p><p><a class=\"text-link\" href=\"https:\/\/code.insmed.com\/it\/introduzione-al-codice\/\">Ottieni un\u2019introduzione al Codice<\/a><\/p>\t\t\t\t\t\t\t\t<\/div>\n\t\t\t\t<\/div>\n\t\t<div class=\"elementor-element elementor-element-910b3c3 e-con-full card e-flex elementor-invisible e-con e-child\" data-id=\"910b3c3\" data-element_type=\"container\" data-e-type=\"container\" data-settings=\"{&quot;animation&quot;:&quot;fadeInUp&quot;}\">\n\t\t\t\t<div class=\"elementor-element elementor-element-8dd5eb1 elementor-widget elementor-widget-image\" data-id=\"8dd5eb1\" data-element_type=\"widget\" data-e-type=\"widget\" data-widget_type=\"image.default\">\n\t\t\t\t\t\t\t\t\t\t\t\t\t\t\t<img decoding=\"async\" width=\"57\" height=\"42\" src=\"https:\/\/code.insmed.com\/wp-content\/uploads\/2025\/09\/promise-to-patients-icon.svg\" class=\"attachment-full size-full wp-image-707\" alt=\"\" \/>\t\t\t\t\t\t\t\t\t\t\t\t\t\t\t<\/div>\n\t\t\t\t<div class=\"elementor-element elementor-element-f1a4db7 elementor-widget elementor-widget-text-editor\" data-id=\"f1a4db7\" data-element_type=\"widget\" data-e-type=\"widget\" data-widget_type=\"text-editor.default\">\n\t\t\t\t\t\t\t\t\t<h3>La nostra promessa ai pazienti<\/h3><p>Mettiamo la salute e la sicurezza dei pazienti al primo posto, per garantire che le nostre azioni sostengano il loro benessere e creino fiducia.<\/p>\t\t\t\t\t\t\t\t<\/div>\n\t\t\t\t<div class=\"elementor-element elementor-element-d52fd04 elementor-widget elementor-widget-text-editor\" data-id=\"d52fd04\" data-element_type=\"widget\" data-e-type=\"widget\" data-widget_type=\"text-editor.default\">\n\t\t\t\t\t\t\t\t\t<p><a class=\"text-link\" href=\"https:\/\/code.insmed.com\/it\/la-nostra-promessa-ai-pazienti\/\">Ulteriori informazioni<\/a><\/p>\t\t\t\t\t\t\t\t<\/div>\n\t\t\t\t<\/div>\n\t\t<div class=\"elementor-element elementor-element-e88bfe6 e-con-full card e-flex elementor-invisible e-con e-child\" data-id=\"e88bfe6\" data-element_type=\"container\" data-e-type=\"container\" data-settings=\"{&quot;animation&quot;:&quot;fadeInUp&quot;,&quot;animation_delay&quot;:150}\">\n\t\t\t\t<div class=\"elementor-element elementor-element-0c5306c elementor-widget elementor-widget-image\" data-id=\"0c5306c\" data-element_type=\"widget\" data-e-type=\"widget\" data-widget_type=\"image.default\">\n\t\t\t\t\t\t\t\t\t\t\t\t\t\t\t<img decoding=\"async\" width=\"45\" height=\"40\" src=\"https:\/\/code.insmed.com\/wp-content\/uploads\/2025\/09\/trust-transparency-icon.svg\" class=\"attachment-full size-full wp-image-708\" alt=\"\" \/>\t\t\t\t\t\t\t\t\t\t\t\t\t\t\t<\/div>\n\t\t\t\t<div class=\"elementor-element elementor-element-697a211 elementor-widget elementor-widget-text-editor\" data-id=\"697a211\" data-element_type=\"widget\" data-e-type=\"widget\" data-widget_type=\"text-editor.default\">\n\t\t\t\t\t\t\t\t\t<h3>Fiducia e trasparenza con gli operatori sanitari<\/h3><p>Forniamo agli operatori sanitari informazioni accurate per prendere le decisioni migliori.<\/p>\t\t\t\t\t\t\t\t<\/div>\n\t\t\t\t<div class=\"elementor-element elementor-element-e1f1ed0 elementor-widget elementor-widget-text-editor\" data-id=\"e1f1ed0\" data-element_type=\"widget\" data-e-type=\"widget\" data-widget_type=\"text-editor.default\">\n\t\t\t\t\t\t\t\t\t<p><a class=\"text-link\" href=\"https:\/\/code.insmed.com\/it\/fiducia-e-trasparenza-con-gli-operatori-sanitari\/\">Ulteriori informazioni<\/a><\/p>\t\t\t\t\t\t\t\t<\/div>\n\t\t\t\t<\/div>\n\t\t<div class=\"elementor-element elementor-element-83f65ed e-con-full card e-flex elementor-invisible e-con e-child\" data-id=\"83f65ed\" data-element_type=\"container\" data-e-type=\"container\" data-settings=\"{&quot;animation&quot;:&quot;fadeInUp&quot;}\">\n\t\t\t\t<div class=\"elementor-element elementor-element-c5beb9d elementor-widget elementor-widget-image\" data-id=\"c5beb9d\" data-element_type=\"widget\" data-e-type=\"widget\" data-widget_type=\"image.default\">\n\t\t\t\t\t\t\t\t\t\t\t\t\t\t\t<img decoding=\"async\" width=\"41\" height=\"40\" src=\"https:\/\/code.insmed.com\/wp-content\/uploads\/2025\/09\/people-culture-icon.svg\" class=\"attachment-full size-full wp-image-709\" alt=\"\" \/>\t\t\t\t\t\t\t\t\t\t\t\t\t\t\t<\/div>\n\t\t\t\t<div class=\"elementor-element elementor-element-24e4d0c elementor-widget elementor-widget-text-editor\" data-id=\"24e4d0c\" data-element_type=\"widget\" data-e-type=\"widget\" data-widget_type=\"text-editor.default\">\n\t\t\t\t\t\t\t\t\t<h3>Le nostre persone e la nostra cultura<\/h3><p>Promuoviamo un luogo di lavoro inclusivo e sicuro in cui ci si aspetta che tutti si prendono cura gli uni degli altri e della comunit\u00e0.<\/p>\t\t\t\t\t\t\t\t<\/div>\n\t\t\t\t<div class=\"elementor-element elementor-element-bd4328b elementor-widget elementor-widget-text-editor\" data-id=\"bd4328b\" data-element_type=\"widget\" data-e-type=\"widget\" data-widget_type=\"text-editor.default\">\n\t\t\t\t\t\t\t\t\t<p><a class=\"text-link\" href=\"https:\/\/code.insmed.com\/it\/le-nostre-persone-e-la-nostra-cultura\/\">Ulteriori informazioni<\/a><\/p>\t\t\t\t\t\t\t\t<\/div>\n\t\t\t\t<\/div>\n\t\t<div class=\"elementor-element elementor-element-ecbcaa9 e-con-full card e-flex elementor-invisible e-con e-child\" data-id=\"ecbcaa9\" data-element_type=\"container\" data-e-type=\"container\" data-settings=\"{&quot;animation&quot;:&quot;fadeInUp&quot;,&quot;animation_delay&quot;:150}\">\n\t\t\t\t<div class=\"elementor-element elementor-element-b456443 elementor-widget elementor-widget-image\" data-id=\"b456443\" data-element_type=\"widget\" data-e-type=\"widget\" data-widget_type=\"image.default\">\n\t\t\t\t\t\t\t\t\t\t\t\t\t\t\t<img loading=\"lazy\" decoding=\"async\" width=\"57\" height=\"42\" src=\"https:\/\/code.insmed.com\/wp-content\/uploads\/2025\/09\/responsible-business-operations-icon.svg\" class=\"attachment-full size-full wp-image-710\" alt=\"\" \/>\t\t\t\t\t\t\t\t\t\t\t\t\t\t\t<\/div>\n\t\t\t\t<div class=\"elementor-element elementor-element-db4c590 elementor-widget elementor-widget-text-editor\" data-id=\"db4c590\" data-element_type=\"widget\" data-e-type=\"widget\" data-widget_type=\"text-editor.default\">\n\t\t\t\t\t\t\t\t\t<h3>Operazioni aziendali responsabili<\/h3><p>Agiamo con integrit\u00e0 per assicurarci di servire correttamente pazienti, operatori sanitari e altre parti interessate.<\/p>\t\t\t\t\t\t\t\t<\/div>\n\t\t\t\t<div class=\"elementor-element elementor-element-47bc5c5 elementor-widget elementor-widget-text-editor\" data-id=\"47bc5c5\" data-element_type=\"widget\" data-e-type=\"widget\" data-widget_type=\"text-editor.default\">\n\t\t\t\t\t\t\t\t\t<p><a class=\"text-link\" href=\"https:\/\/code.insmed.com\/it\/operazioni-aziendali-responsabili\/\">Ulteriori informazioni<\/a><\/p>\t\t\t\t\t\t\t\t<\/div>\n\t\t\t\t<\/div>\n\t\t\t\t\t<\/div>\n\t\t\t\t<\/div>\n\t\t<div class=\"elementor-element elementor-element-3eb499e lightest-gray-row e-flex e-con-boxed e-con e-parent\" data-id=\"3eb499e\" data-element_type=\"container\" data-e-type=\"container\">\n\t\t\t\t\t<div class=\"e-con-inner\">\n\t\t<div class=\"elementor-element elementor-element-426f0b2 e-con-full e-flex elementor-invisible e-con e-child\" data-id=\"426f0b2\" data-element_type=\"container\" data-e-type=\"container\" data-settings=\"{&quot;animation&quot;:&quot;fadeInUp&quot;}\">\n\t\t\t\t<div class=\"elementor-element elementor-element-7083d6e rainbow-h2 large-h2 elementor-widget elementor-widget-text-editor\" data-id=\"7083d6e\" data-element_type=\"widget\" data-e-type=\"widget\" data-widget_type=\"text-editor.default\">\n\t\t\t\t\t\t\t\t\t<h2>Pronti per i momenti che contano.<\/h2><p>Contiamo sui nostri valori e principi guida per difendere la nostra cultura, definire chi siamo e mantenere le promesse fatte ai pazienti.<\/p>\t\t\t\t\t\t\t\t<\/div>\n\t\t\t\t<\/div>\n\t\t<div class=\"elementor-element elementor-element-38aeb51 e-con-full e-flex e-con e-child\" data-id=\"38aeb51\" data-element_type=\"container\" data-e-type=\"container\">\n\t\t\t\t<div class=\"elementor-element elementor-element-4fcffa7 rounded-img elementor-invisible elementor-widget elementor-widget-image\" data-id=\"4fcffa7\" data-element_type=\"widget\" data-e-type=\"widget\" data-settings=\"{&quot;_animation&quot;:&quot;fadeIn&quot;,&quot;_animation_delay&quot;:150}\" data-widget_type=\"image.default\">\n\t\t\t\t\t\t\t\t\t\t\t\t\t\t\t<img loading=\"lazy\" decoding=\"async\" width=\"1100\" height=\"500\" src=\"https:\/\/code.insmed.com\/wp-content\/uploads\/2025\/09\/mvv-img.webp\" class=\"attachment-full size-full wp-image-711\" alt=\"\" srcset=\"https:\/\/code.insmed.com\/wp-content\/uploads\/2025\/09\/mvv-img.webp 1100w, https:\/\/code.insmed.com\/wp-content\/uploads\/2025\/09\/mvv-img-300x136.webp 300w, https:\/\/code.insmed.com\/wp-content\/uploads\/2025\/09\/mvv-img-1024x465.webp 1024w, https:\/\/code.insmed.com\/wp-content\/uploads\/2025\/09\/mvv-img-768x349.webp 768w\" sizes=\"(max-width: 1100px) 100vw, 1100px\" \/>\t\t\t\t\t\t\t\t\t\t\t\t\t\t\t<\/div>\n\t\t\t\t<div class=\"elementor-element elementor-element-2b3a4ba indented-text-col elementor-invisible elementor-widget elementor-widget-text-editor\" data-id=\"2b3a4ba\" data-element_type=\"widget\" data-e-type=\"widget\" data-settings=\"{&quot;_animation&quot;:&quot;fadeInUp&quot;}\" data-widget_type=\"text-editor.default\">\n\t\t\t\t\t\t\t\t\t<h3>Missione, visione e valori<\/h3><p>In Insmed, crediamo che il successo sia definito non solo da ci\u00f2 che realizziamo, ma anche da come lo raggiungiamo. La nostra missione e la nostra visione stabiliscono la nostra direzione e i nostri valori ci guidano nel fare le scelte giuste, per gli altri, per i nostri pazienti e per la societ\u00e0<\/p><p><a class=\"text-link\" href=\"https:\/\/code.insmed.com\/it\/chi-siamo\/#mission-vision\" data-wplink-edit=\"true\">Ulteriori informazioni sulla nostra missione, la nostra visione e i nostri valori<\/a><\/p>\t\t\t\t\t\t\t\t<\/div>\n\t\t\t\t<\/div>\n\t\t<div class=\"elementor-element elementor-element-fe3aa0c e-con-full e-flex e-con e-child\" data-id=\"fe3aa0c\" data-element_type=\"container\" data-e-type=\"container\">\n\t\t\t\t<div class=\"elementor-element elementor-element-4001db3 rounded-img elementor-invisible elementor-widget elementor-widget-image\" data-id=\"4001db3\" data-element_type=\"widget\" data-e-type=\"widget\" data-settings=\"{&quot;_animation&quot;:&quot;fadeIn&quot;,&quot;_animation_delay&quot;:300}\" data-widget_type=\"image.default\">\n\t\t\t\t\t\t\t\t\t\t\t\t\t\t\t<img loading=\"lazy\" decoding=\"async\" width=\"1100\" height=\"500\" src=\"https:\/\/code.insmed.com\/wp-content\/uploads\/2025\/09\/gp-img.webp\" class=\"attachment-full size-full wp-image-712\" alt=\"\" srcset=\"https:\/\/code.insmed.com\/wp-content\/uploads\/2025\/09\/gp-img.webp 1100w, https:\/\/code.insmed.com\/wp-content\/uploads\/2025\/09\/gp-img-300x136.webp 300w, https:\/\/code.insmed.com\/wp-content\/uploads\/2025\/09\/gp-img-1024x465.webp 1024w, https:\/\/code.insmed.com\/wp-content\/uploads\/2025\/09\/gp-img-768x349.webp 768w\" sizes=\"(max-width: 1100px) 100vw, 1100px\" \/>\t\t\t\t\t\t\t\t\t\t\t\t\t\t\t<\/div>\n\t\t\t\t<div class=\"elementor-element elementor-element-5bf909c indented-text-col elementor-invisible elementor-widget elementor-widget-text-editor\" data-id=\"5bf909c\" data-element_type=\"widget\" data-e-type=\"widget\" data-settings=\"{&quot;_animation&quot;:&quot;fadeInUp&quot;,&quot;_animation_delay&quot;:150}\" data-widget_type=\"text-editor.default\">\n\t\t\t\t\t\t\t\t\t<h3>La nostra To Be List<\/h3><p>La nostra To Be List, basata sui nostri valori, \u00e8 una guida pratica che rafforza il modo in cui agiamo e prendiamo decisioni. Dalle interazioni quotidiane alle sfide pi\u00f9 grandi, questa serie di principi guida ci aiuta a rimanere allineati, supportarci a vicenda e offrire il meglio per i pazienti che contano su di noi.<\/p><p><a class=\"text-link\" href=\"https:\/\/code.insmed.com\/it\/chi-siamo\/#to-be-list\">Ulteriori informazioni sulla nostra To Be List<\/a><\/p>\t\t\t\t\t\t\t\t<\/div>\n\t\t\t\t<\/div>\n\t\t\t\t\t<\/div>\n\t\t\t\t<\/div>\n\t\t<div class=\"elementor-element elementor-element-8212576 e-flex e-con-boxed e-con e-parent\" data-id=\"8212576\" data-element_type=\"container\" data-e-type=\"container\">\n\t\t\t\t\t<div class=\"e-con-inner\">\n\t\t<div class=\"elementor-element elementor-element-9b0a715 e-con-full e-flex elementor-invisible e-con e-child\" data-id=\"9b0a715\" data-element_type=\"container\" data-e-type=\"container\" data-settings=\"{&quot;animation&quot;:&quot;fadeInUp&quot;}\">\n\t\t\t\t<div class=\"elementor-element elementor-element-2d6f937 elementor-widget elementor-widget-text-editor\" data-id=\"2d6f937\" data-element_type=\"widget\" data-e-type=\"widget\" data-widget_type=\"text-editor.default\">\n\t\t\t\t\t\t\t\t\t<h2>UN MESSAGGIO DEL NOSTRO PRESIDENTE E CEO<\/h2>\t\t\t\t\t\t\t\t<\/div>\n\t\t\t\t<\/div>\n\t\t<div class=\"elementor-element elementor-element-40ebb03 e-con-full elementor-hidden-tablet elementor-hidden-mobile e-flex e-con e-child\" data-id=\"40ebb03\" data-element_type=\"container\" data-e-type=\"container\">\n\t\t\t\t<\/div>\n\t\t<div class=\"elementor-element elementor-element-1422f81 e-con-full e-flex e-con e-child\" data-id=\"1422f81\" data-element_type=\"container\" data-e-type=\"container\">\n\t\t\t\t<div class=\"elementor-element elementor-element-5a61190 rounded-img elementor-hidden-tablet elementor-hidden-mobile elementor-invisible elementor-widget elementor-widget-image\" data-id=\"5a61190\" data-element_type=\"widget\" data-e-type=\"widget\" data-settings=\"{&quot;_animation&quot;:&quot;fadeIn&quot;,&quot;_animation_delay&quot;:150}\" data-widget_type=\"image.default\">\n\t\t\t\t\t\t\t\t\t\t\t\t\t\t\t<img loading=\"lazy\" decoding=\"async\" width=\"708\" height=\"1392\" src=\"https:\/\/code.insmed.com\/wp-content\/uploads\/2025\/09\/will.webp\" class=\"attachment-full size-full wp-image-713\" alt=\"\" srcset=\"https:\/\/code.insmed.com\/wp-content\/uploads\/2025\/09\/will.webp 708w, https:\/\/code.insmed.com\/wp-content\/uploads\/2025\/09\/will-153x300.webp 153w, https:\/\/code.insmed.com\/wp-content\/uploads\/2025\/09\/will-521x1024.webp 521w\" sizes=\"(max-width: 708px) 100vw, 708px\" \/>\t\t\t\t\t\t\t\t\t\t\t\t\t\t\t<\/div>\n\t\t\t\t<div class=\"elementor-element elementor-element-1e5b88b rounded-img elementor-hidden-desktop elementor-invisible elementor-widget elementor-widget-image\" data-id=\"1e5b88b\" data-element_type=\"widget\" data-e-type=\"widget\" data-settings=\"{&quot;_animation&quot;:&quot;fadeIn&quot;,&quot;_animation_delay&quot;:150}\" data-widget_type=\"image.default\">\n\t\t\t\t\t\t\t\t\t\t\t\t\t\t\t<img loading=\"lazy\" decoding=\"async\" width=\"1100\" height=\"700\" src=\"https:\/\/code.insmed.com\/wp-content\/uploads\/2025\/09\/will-mobile.webp\" class=\"attachment-full size-full wp-image-714\" alt=\"\" srcset=\"https:\/\/code.insmed.com\/wp-content\/uploads\/2025\/09\/will-mobile.webp 1100w, https:\/\/code.insmed.com\/wp-content\/uploads\/2025\/09\/will-mobile-300x191.webp 300w, https:\/\/code.insmed.com\/wp-content\/uploads\/2025\/09\/will-mobile-1024x652.webp 1024w, https:\/\/code.insmed.com\/wp-content\/uploads\/2025\/09\/will-mobile-768x489.webp 768w\" sizes=\"(max-width: 1100px) 100vw, 1100px\" \/>\t\t\t\t\t\t\t\t\t\t\t\t\t\t\t<\/div>\n\t\t\t\t<\/div>\n\t\t<div class=\"elementor-element elementor-element-5f33156 e-con-full e-flex e-con e-child\" data-id=\"5f33156\" data-element_type=\"container\" data-e-type=\"container\">\n\t\t\t\t<div class=\"elementor-element elementor-element-ed0caa7 elementor-invisible elementor-widget elementor-widget-text-editor\" data-id=\"ed0caa7\" data-element_type=\"widget\" data-e-type=\"widget\" data-settings=\"{&quot;_animation&quot;:&quot;fadeInUp&quot;}\" data-widget_type=\"text-editor.default\">\n\t\t\t\t\t\t\t\t\t<p>In Insmed, crediamo che quando si tratta di realizzare la nostra ambiziosa visione, il modo in cui lo facciamo sia importante tanto quanto quello che facciamo. Ciascuno di noi svolge un ruolo nel trasformare la vita dei pazienti e ciascuno di noi \u00e8 responsabile del proprio modo di presentarsi e di condurre la propria attivit\u00e0. I valori e i principi guida che abbiamo sviluppato come organizzazione forniscono un quadro del modo in cui operiamo, ancorato al concetto secondo cui dobbiamo sempre comportarci come se ci fosse un paziente in ogni conversazione.  <\/p><p>Insmed sta crescendo rapidamente e con la crescita arrivano complessit\u00e0 e rischio. I nostri leader e il Consiglio di amministrazione si impegnano a gestire questi rischi a livello aziendale e a fornire a ciascuno di voi gli strumenti e le risorse di cui avete bisogno per prendere le decisioni giuste nel vostro lavoro quotidiano. Il nostro Codice getta le basi delle nostre azioni ed \u00e8 una risorsa fondamentale per aiutarvi a prendere decisioni aziendali basate sull\u2019integrit\u00e0.  <\/p><p>Mentre attraversiamo questo momento straordinario della storia della nostra azienda, credo che la cosa pi\u00f9 importante che possiamo essere per i pazienti sia la sincerit\u00e0 e la genuinit\u00e0 nelle nostre attivit\u00e0: sostenere il nostro impegno di vincere nel modo giusto. Vi incoraggio a familiarizzare con il Codice, a rileggerlo spesso e ad abbracciarlo nel vostro lavoro. La nostra capacit\u00e0 di fornire i farmaci ai pazienti che contano su di noi dipende da questo impegno.  <\/p>\t\t\t\t\t\t\t\t<\/div>\n\t\t<div class=\"elementor-element elementor-element-b7061a7 e-con-full quote-sig-wrap e-flex e-con e-child\" data-id=\"b7061a7\" data-element_type=\"container\" data-e-type=\"container\">\n\t\t<div class=\"elementor-element elementor-element-5020466 e-con-full card quote-card e-flex elementor-invisible e-con e-child\" data-id=\"5020466\" data-element_type=\"container\" data-e-type=\"container\" data-settings=\"{&quot;animation&quot;:&quot;fadeInUp&quot;,&quot;animation_delay&quot;:150}\">\n\t\t\t\t<div class=\"elementor-element elementor-element-9bcf4b6 elementor-widget elementor-widget-text-editor\" data-id=\"9bcf4b6\" data-element_type=\"widget\" data-e-type=\"widget\" data-widget_type=\"text-editor.default\">\n\t\t\t\t\t\t\t\t\t<p>\u201cI valori e i principi guida che abbiamo sviluppato come organizzazione forniscono un quadro del modo in cui operiamo, ancorato all\u2019idea che dobbiamo sempre comportarci come se ci fosse un paziente in ogni conversazione.&#8221;<\/p>\t\t\t\t\t\t\t\t<\/div>\n\t\t\t\t<\/div>\n\t\t<div class=\"elementor-element elementor-element-ce1afe5 e-con-full e-flex elementor-invisible e-con e-child\" data-id=\"ce1afe5\" data-element_type=\"container\" data-e-type=\"container\" data-settings=\"{&quot;animation&quot;:&quot;fadeInUp&quot;}\">\n\t\t\t\t<div class=\"elementor-element elementor-element-321425f elementor-widget elementor-widget-image\" data-id=\"321425f\" data-element_type=\"widget\" data-e-type=\"widget\" data-widget_type=\"image.default\">\n\t\t\t\t\t\t\t\t\t\t\t\t\t\t\t<img loading=\"lazy\" decoding=\"async\" width=\"590\" height=\"174\" src=\"https:\/\/code.insmed.com\/wp-content\/uploads\/2025\/09\/will_lewis_ceo_signature.webp\" class=\"attachment-full size-full wp-image-715\" alt=\"\" srcset=\"https:\/\/code.insmed.com\/wp-content\/uploads\/2025\/09\/will_lewis_ceo_signature.webp 590w, https:\/\/code.insmed.com\/wp-content\/uploads\/2025\/09\/will_lewis_ceo_signature-300x88.webp 300w\" sizes=\"(max-width: 590px) 100vw, 590px\" \/>\t\t\t\t\t\t\t\t\t\t\t\t\t\t\t<\/div>\n\t\t\t\t<div class=\"elementor-element elementor-element-4a77e1c elementor-widget elementor-widget-text-editor\" data-id=\"4a77e1c\" data-element_type=\"widget\" data-e-type=\"widget\" data-widget_type=\"text-editor.default\">\n\t\t\t\t\t\t\t\t\t<p><strong>Will Lewis<\/strong>\u2028<br>Chair &amp; CEO<\/p>\t\t\t\t\t\t\t\t<\/div>\n\t\t\t\t<\/div>\n\t\t\t\t<\/div>\n\t\t\t\t<\/div>\n\t\t\t\t\t<\/div>\n\t\t\t\t<\/div>\n\t\t<div class=\"elementor-element elementor-element-28ecb02 dark-violet-row vyv-row e-flex e-con-boxed e-con e-parent\" data-id=\"28ecb02\" data-element_type=\"container\" data-e-type=\"container\">\n\t\t\t\t\t<div class=\"e-con-inner\">\n\t\t<div class=\"elementor-element elementor-element-1245bbf e-con-full e-flex elementor-invisible e-con e-child\" data-id=\"1245bbf\" data-element_type=\"container\" data-e-type=\"container\" data-settings=\"{&quot;animation&quot;:&quot;fadeInUp&quot;}\">\n\t\t\t\t<div class=\"elementor-element elementor-element-ff81b8b elementor-widget elementor-widget-image\" data-id=\"ff81b8b\" data-element_type=\"widget\" data-e-type=\"widget\" data-widget_type=\"image.default\">\n\t\t\t\t\t\t\t\t\t\t\t\t\t\t\t<img decoding=\"async\" src=\"https:\/\/code.insmed.com\/wp-content\/uploads\/2025\/09\/vov-white.svg\" class=\"attachment-full size-full wp-image-716\" alt=\"Diamo voce ai nostri valori\" \/>\t\t\t\t\t\t\t\t\t\t\t\t\t\t\t<\/div>\n\t\t\t\t<\/div>\n\t\t<div class=\"elementor-element elementor-element-d0472d7 e-con-full e-flex elementor-invisible e-con e-child\" data-id=\"d0472d7\" data-element_type=\"container\" data-e-type=\"container\" data-settings=\"{&quot;animation&quot;:&quot;fadeInUp&quot;,&quot;animation_delay&quot;:150}\">\n\t\t\t\t<div class=\"elementor-element elementor-element-709000a elementor-widget elementor-widget-text-editor\" data-id=\"709000a\" data-element_type=\"widget\" data-e-type=\"widget\" data-widget_type=\"text-editor.default\">\n\t\t\t\t\t\t\t\t\t<p>Il nostro programma globale di intervento ci aiuta a difendere e proteggere i valori e la cultura di Insmed usando la voce. Insmed ha un approccio a &#8220;porte aperte\u201d quando si tratta di far sentire la propria voce. Se vedi qualcosa, d\u00ec qualcosa.<\/p>\n<p><a class=\"text-link\" href=\"https:\/\/code.insmed.com\/it\/diamo-voce-ai-nostri-valori\/\">Scopri come esprimere i nostri valori<\/a><\/p>\t\t\t\t\t\t\t\t<\/div>\n\t\t\t\t<\/div>\n\t\t\t\t\t<\/div>\n\t\t\t\t<\/div>\n\t\t\t\t<\/div>\n\t\t","protected":false},"excerpt":{"rendered":"<p>Codice di etica e condotta aziendale Ci siamo. Per l&#8217;integrit\u00e0. Il Codice \u00e8 la nostra bussola su come operare con integrit\u00e0 mentre perseguiamo la nostra missione di trasformare la vita dei pazienti con malattie gravi e rare. Esplora il Codice Il nostro Codice ci porta a fare le scelte giuste, sempre. Fornisce indicazioni che ci [&hellip;]<\/p>\n","protected":false},"author":1,"featured_media":717,"parent":0,"menu_order":10,"comment_status":"closed","ping_status":"closed","template":"","meta":{"_genesis_hide_title":false,"_genesis_hide_breadcrumbs":false,"_genesis_hide_singular_image":false,"_genesis_hide_footer_widgets":false,"_genesis_custom_body_class":"","_genesis_custom_post_class":"","_genesis_layout":"","footnotes":""},"class_list":{"0":"post-718","1":"page","2":"type-page","3":"status-publish","4":"has-post-thumbnail","6":"entry"},"_links":{"self":[{"href":"https:\/\/code.insmed.com\/it\/wp-json\/wp\/v2\/pages\/718","targetHints":{"allow":["GET"]}}],"collection":[{"href":"https:\/\/code.insmed.com\/it\/wp-json\/wp\/v2\/pages"}],"about":[{"href":"https:\/\/code.insmed.com\/it\/wp-json\/wp\/v2\/types\/page"}],"author":[{"embeddable":true,"href":"https:\/\/code.insmed.com\/it\/wp-json\/wp\/v2\/users\/1"}],"replies":[{"embeddable":true,"href":"https:\/\/code.insmed.com\/it\/wp-json\/wp\/v2\/comments?post=718"}],"version-history":[{"count":0,"href":"https:\/\/code.insmed.com\/it\/wp-json\/wp\/v2\/pages\/718\/revisions"}],"wp:featuredmedia":[{"embeddable":true,"href":"https:\/\/code.insmed.com\/it\/wp-json\/wp\/v2\/media\/717"}],"wp:attachment":[{"href":"https:\/\/code.insmed.com\/it\/wp-json\/wp\/v2\/media?parent=718"}],"curies":[{"name":"wp","href":"https:\/\/api.w.org\/{rel}","templated":true}]}}