{"id":902,"date":"2025-08-28T20:58:23","date_gmt":"2025-08-29T00:58:23","guid":{"rendered":"https:\/\/codeofconduct1.wpenginepowered.com\/fiducia-e-trasparenza-con-gli-operatori-sanitari\/pasti-articoli-didattici-e-regali\/"},"modified":"2025-10-23T16:45:15","modified_gmt":"2025-10-23T20:45:15","slug":"pasti-articoli-didattici-e-regali","status":"publish","type":"page","link":"https:\/\/code.insmed.com\/it\/fiducia-e-trasparenza-con-gli-operatori-sanitari\/pasti-articoli-didattici-e-regali\/","title":{"rendered":"Pasti, articoli didattici e regali"},"content":{"rendered":"\t\t<div data-elementor-type=\"wp-page\" data-elementor-id=\"902\" class=\"elementor elementor-902 elementor-29\" data-elementor-post-type=\"page\">\n\t\t\t\t<div class=\"elementor-element elementor-element-e6a3df3 subpage-header lightest-gray-row e-flex e-con-boxed e-con e-parent\" data-id=\"e6a3df3\" data-element_type=\"container\" data-e-type=\"container\">\n\t\t\t\t\t<div class=\"e-con-inner\">\n\t\t<div class=\"elementor-element elementor-element-8289006 e-con-full e-flex e-con e-child\" data-id=\"8289006\" data-element_type=\"container\" data-e-type=\"container\">\n\t\t\t\t<div class=\"elementor-element elementor-element-62ef1e0 rainbow-h1 elementor-widget elementor-widget-text-editor\" data-id=\"62ef1e0\" data-element_type=\"widget\" data-e-type=\"widget\" data-widget_type=\"text-editor.default\">\n\t\t\t\t\t\t\t\t\t<h1 style=\"text-align: center;\">Pasti, articoli didattici e regali<\/h1><p style=\"text-align: center;\">Quando interagiamo con operatori sanitari (HCP), pazienti e altre persone, occasionalmente possiamo offrire pasti modesti e articoli didattici. Dobbiamo esercitare sempre buon senso e rispettare tutte le normative applicabili alla nostra attivit\u00e0 altamente regolamentata, comprese tutte le leggi sulla divulgazione e gli statuti anticorruzione. \u00c8 importante assicurarsi che le nostre attivit\u00e0 non interferiscano mai con il processo decisionale degli HCP n\u00e9 influenzino in modo inappropriato il loro giudizio medico.  <\/p>\t\t\t\t\t\t\t\t<\/div>\n\t\t\t\t<div class=\"elementor-element elementor-element-de1b047 scroll-down-indicator elementor-invisible elementor-widget elementor-widget-html\" data-id=\"de1b047\" data-element_type=\"widget\" data-e-type=\"widget\" data-settings=\"{&quot;_animation&quot;:&quot;fadeIn&quot;,&quot;_animation_delay&quot;:150}\" data-widget_type=\"html.default\">\n\t\t\t\t\t<i class=\"fa-sharp fa-regular fa-arrow-down-long\"><\/i>\t\t\t\t<\/div>\n\t\t\t\t<\/div>\n\t\t\t\t\t<\/div>\n\t\t\t\t<\/div>\n\t\t<div class=\"elementor-element elementor-element-634541c how-we-do-it-row e-flex e-con-boxed e-con e-parent\" data-id=\"634541c\" data-element_type=\"container\" data-e-type=\"container\">\n\t\t\t\t\t<div class=\"e-con-inner\">\n\t\t<div class=\"elementor-element elementor-element-95cacdd e-con-full how-we-do-it-list-col e-flex elementor-invisible e-con e-child\" data-id=\"95cacdd\" data-element_type=\"container\" data-e-type=\"container\" data-settings=\"{&quot;animation&quot;:&quot;fadeIn&quot;,&quot;animation_delay&quot;:150}\">\n\t\t\t\t<div class=\"elementor-element elementor-element-80998ae elementor-widget elementor-widget-text-editor\" data-id=\"80998ae\" data-element_type=\"widget\" data-e-type=\"widget\" data-widget_type=\"text-editor.default\">\n\t\t\t\t\t\t\t\t\t<h2>Come lo facciamo<\/h2><ul><li>Non diamo n\u00e9 accettiamo mai doni o omaggi aziendali (come intrattenimenti) che potrebbero influenzare la capacit\u00e0 di qualcuno di prendere decisioni in modo equo e oggettivo. In caso di dubbi, rivolgiti al tuoresponsabile e alla Compliance. <\/li><li>Disponiamo di politiche che contribuiscono a garantire che i pasti non superino i limiti di valore monetario e abbiano uno scopo aziendale legittimo e definito. Ci allineiamo alle linee guida locali, che variano in base al Paese e allo Stato. <\/li><li>Aderiamo ai codici di condotta farmaceutici globali per fornire agli operatori sanitari e ai pazienti articoli che siano progettati esclusivamente a scopo didattico e che siano di modesto valore.<\/li><li>Non forniamo articoli o servizi che siano per il beneficio personale del destinatario, n\u00e9 forniamo o paghiamo per attivit\u00e0 di intrattenimento o ricreative.<\/li><li>Non offriamo n\u00e9 accettiamo mai contanti o equivalenti; doni o omaggi aziendali che violano la legge, la politica Insmed o la politica del destinatario; o doni o omaggi aziendali che sono di cattivo gusto o che potrebbero mettere in imbarazzo o avere un impatto negativo su Insmed.<\/li><li>Comprendiamo e sosteniamo le rigide regole che si applicano agli HCP che sono considerati dipendenti pubblici.<\/li><\/ul>\t\t\t\t\t\t\t\t<\/div>\n\t\t\t\t<\/div>\n\t\t<div class=\"elementor-element elementor-element-717fccc e-con-full how-we-do-it-img-col elementor-hidden-tablet elementor-hidden-mobile e-flex elementor-invisible e-con e-child\" data-id=\"717fccc\" data-element_type=\"container\" data-e-type=\"container\" data-settings=\"{&quot;animation&quot;:&quot;fadeIn&quot;,&quot;animation_delay&quot;:300}\">\n\t\t\t\t<div class=\"elementor-element elementor-element-48a8897 rounded-img elementor-widget elementor-widget-image\" data-id=\"48a8897\" data-element_type=\"widget\" data-e-type=\"widget\" data-widget_type=\"image.default\">\n\t\t\t\t\t\t\t\t\t\t\t\t\t\t\t<img fetchpriority=\"high\" decoding=\"async\" width=\"550\" height=\"640\" src=\"https:\/\/code.insmed.com\/wp-content\/uploads\/2025\/10\/iStock-1030323528-1.webp\" class=\"attachment-full size-full wp-image-901\" alt=\"\" srcset=\"https:\/\/code.insmed.com\/wp-content\/uploads\/2025\/10\/iStock-1030323528-1.webp 550w, https:\/\/code.insmed.com\/wp-content\/uploads\/2025\/10\/iStock-1030323528-1-258x300.webp 258w\" sizes=\"(max-width: 550px) 100vw, 550px\" \/>\t\t\t\t\t\t\t\t\t\t\t\t\t\t\t<\/div>\n\t\t\t\t<\/div>\n\t\t\t\t\t<\/div>\n\t\t\t\t<\/div>\n\t\t<div class=\"elementor-element elementor-element-2bb580c did-you-know-row e-flex e-con-boxed e-con e-parent\" data-id=\"2bb580c\" data-element_type=\"container\" data-e-type=\"container\">\n\t\t\t\t\t<div class=\"e-con-inner\">\n\t\t<div class=\"elementor-element elementor-element-b055b53 e-con-full callout-card e-flex elementor-invisible e-con e-child\" data-id=\"b055b53\" data-element_type=\"container\" data-e-type=\"container\" data-settings=\"{&quot;animation&quot;:&quot;fadeInUp&quot;}\">\n\t\t<div class=\"elementor-element elementor-element-8413c83 e-con-full callout-icon e-flex e-con e-child\" data-id=\"8413c83\" data-element_type=\"container\" data-e-type=\"container\">\n\t\t\t\t<div class=\"elementor-element elementor-element-509962c elementor-widget elementor-widget-image\" data-id=\"509962c\" data-element_type=\"widget\" data-e-type=\"widget\" data-widget_type=\"image.default\">\n\t\t\t\t\t\t\t\t\t\t\t\t\t\t\t<img decoding=\"async\" width=\"40\" height=\"40\" src=\"https:\/\/code.insmed.com\/wp-content\/uploads\/2025\/09\/did-you-know-icon.svg\" class=\"attachment-full size-full wp-image-818\" alt=\"\" \/>\t\t\t\t\t\t\t\t\t\t\t\t\t\t\t<\/div>\n\t\t\t\t<\/div>\n\t\t<div class=\"elementor-element elementor-element-a023b0e e-con-full callout-header e-flex e-con e-child\" data-id=\"a023b0e\" data-element_type=\"container\" data-e-type=\"container\">\n\t\t\t\t<div class=\"elementor-element elementor-element-a4bf7ca elementor-widget elementor-widget-text-editor\" data-id=\"a4bf7ca\" data-element_type=\"widget\" data-e-type=\"widget\" data-widget_type=\"text-editor.default\">\n\t\t\t\t\t\t\t\t\t<h2>Lo sapevi?<\/h2>\t\t\t\t\t\t\t\t<\/div>\n\t\t\t\t<\/div>\n\t\t<div class=\"elementor-element elementor-element-46df0e8 e-con-full callout-body e-flex e-con e-child\" data-id=\"46df0e8\" data-element_type=\"container\" data-e-type=\"container\">\n\t\t\t\t<div class=\"elementor-element elementor-element-046e37c elementor-widget elementor-widget-text-editor\" data-id=\"046e37c\" data-element_type=\"widget\" data-e-type=\"widget\" data-widget_type=\"text-editor.default\">\n\t\t\t\t\t\t\t\t\t<p>La divulgazione di pagamenti, doni, pasti e altri trasferimenti di valore forniti agli HCP \u00e8 richiesta dalla US Open Payments Law, dalla Loi Bertrand francese e da leggi, regolamenti o linee guida simili. Siamo tenuti a conformarci alle politiche e alle procedure Insmed in quest\u2019area. <\/p>\t\t\t\t\t\t\t\t<\/div>\n\t\t\t\t<\/div>\n\t\t\t\t<\/div>\n\t\t\t\t\t<\/div>\n\t\t\t\t<\/div>\n\t\t<div class=\"elementor-element elementor-element-b739bc9 continue-exploring-row dark-violet-row e-flex e-con-boxed e-con e-parent\" data-id=\"b739bc9\" data-element_type=\"container\" data-e-type=\"container\">\n\t\t\t\t\t<div class=\"e-con-inner\">\n\t\t<div class=\"elementor-element elementor-element-be9f9da e-con-full continue-exploring-header e-flex elementor-invisible e-con e-child\" data-id=\"be9f9da\" data-element_type=\"container\" data-e-type=\"container\" data-settings=\"{&quot;animation&quot;:&quot;fadeInUp&quot;}\">\n\t\t\t\t<div class=\"elementor-element elementor-element-a77c7f5 elementor-widget elementor-widget-text-editor\" data-id=\"a77c7f5\" data-element_type=\"widget\" data-e-type=\"widget\" data-widget_type=\"text-editor.default\">\n\t\t\t\t\t\t\t\t\tContinuare a esplorare\n<h2>Fiducia e trasparenza con gli operatori &nbsp;sanitari<\/h2>\t\t\t\t\t\t\t\t<\/div>\n\t\t\t\t<\/div>\n\t\t<div class=\"elementor-element elementor-element-f80182f e-con-full card e-flex elementor-invisible e-con e-child\" data-id=\"f80182f\" data-element_type=\"container\" data-e-type=\"container\" data-settings=\"{&quot;animation&quot;:&quot;fadeInUp&quot;,&quot;animation_delay&quot;:150}\">\n\t\t\t\t<div class=\"elementor-element elementor-element-ab3c163 elementor-widget elementor-widget-text-editor\" data-id=\"ab3c163\" data-element_type=\"widget\" data-e-type=\"widget\" data-widget_type=\"text-editor.default\">\n\t\t\t\t\t\t\t\t\t<h3><a href=\"https:\/\/code.insmed.com\/it\/fiducia-e-trasparenza-con-gli-operatori-sanitari\/interazioni-con-gli-operatori-sanitari\/\">Interazioni con gli operatori sanitari<\/a><\/h3>\t\t\t\t\t\t\t\t<\/div>\n\t\t\t\t<\/div>\n\t\t<div class=\"elementor-element elementor-element-7e9eeac e-con-full card e-flex elementor-invisible e-con e-child\" data-id=\"7e9eeac\" data-element_type=\"container\" data-e-type=\"container\" data-settings=\"{&quot;animation&quot;:&quot;fadeInUp&quot;,&quot;animation_delay&quot;:150}\">\n\t\t\t\t<div class=\"elementor-element elementor-element-45eb253 elementor-widget elementor-widget-text-editor\" data-id=\"45eb253\" data-element_type=\"widget\" data-e-type=\"widget\" data-widget_type=\"text-editor.default\">\n\t\t\t\t\t\t\t\t\t<h3><a href=\"https:\/\/code.insmed.com\/it\/fiducia-e-trasparenza-con-gli-operatori-sanitari\/pratiche-di-marketing-e-promozionali\/\">Pratiche di marketing e promozionali<\/a><\/h3>\t\t\t\t\t\t\t\t<\/div>\n\t\t\t\t<\/div>\n\t\t\t\t\t<\/div>\n\t\t\t\t<\/div>\n\t\t\t\t<\/div>\n\t\t","protected":false},"excerpt":{"rendered":"<p>Pasti, articoli didattici e regali Quando interagiamo con operatori sanitari (HCP), pazienti e altre persone, occasionalmente possiamo offrire pasti modesti e articoli didattici. Dobbiamo esercitare sempre buon senso e rispettare tutte le normative applicabili alla nostra attivit\u00e0 altamente regolamentata, comprese tutte le leggi sulla divulgazione e gli statuti anticorruzione. \u00c8 importante assicurarsi che le nostre [&hellip;]<\/p>\n","protected":false},"author":1,"featured_media":0,"parent":891,"menu_order":10,"comment_status":"closed","ping_status":"closed","template":"","meta":{"_genesis_hide_title":false,"_genesis_hide_breadcrumbs":false,"_genesis_hide_singular_image":false,"_genesis_hide_footer_widgets":false,"_genesis_custom_body_class":"","_genesis_custom_post_class":"","_genesis_layout":"","footnotes":""},"class_list":{"0":"post-902","1":"page","2":"type-page","3":"status-publish","5":"entry"},"_links":{"self":[{"href":"https:\/\/code.insmed.com\/it\/wp-json\/wp\/v2\/pages\/902","targetHints":{"allow":["GET"]}}],"collection":[{"href":"https:\/\/code.insmed.com\/it\/wp-json\/wp\/v2\/pages"}],"about":[{"href":"https:\/\/code.insmed.com\/it\/wp-json\/wp\/v2\/types\/page"}],"author":[{"embeddable":true,"href":"https:\/\/code.insmed.com\/it\/wp-json\/wp\/v2\/users\/1"}],"replies":[{"embeddable":true,"href":"https:\/\/code.insmed.com\/it\/wp-json\/wp\/v2\/comments?post=902"}],"version-history":[{"count":0,"href":"https:\/\/code.insmed.com\/it\/wp-json\/wp\/v2\/pages\/902\/revisions"}],"up":[{"embeddable":true,"href":"https:\/\/code.insmed.com\/it\/wp-json\/wp\/v2\/pages\/891"}],"wp:attachment":[{"href":"https:\/\/code.insmed.com\/it\/wp-json\/wp\/v2\/media?parent=902"}],"curies":[{"name":"wp","href":"https:\/\/api.w.org\/{rel}","templated":true}]}}