{"id":919,"date":"2025-08-28T20:58:23","date_gmt":"2025-08-29T00:58:23","guid":{"rendered":"https:\/\/codeofconduct1.wpenginepowered.com\/le-nostre-persone-e-la-nostra-cultura\/inclusione-e-rispetto\/"},"modified":"2025-10-28T16:06:35","modified_gmt":"2025-10-28T20:06:35","slug":"inclusione-e-rispetto","status":"publish","type":"page","link":"https:\/\/code.insmed.com\/it\/le-nostre-persone-e-la-nostra-cultura\/inclusione-e-rispetto\/","title":{"rendered":"Inclusione e rispetto"},"content":{"rendered":"\t\t<div data-elementor-type=\"wp-page\" data-elementor-id=\"919\" class=\"elementor elementor-919 elementor-33\" data-elementor-post-type=\"page\">\n\t\t\t\t<div class=\"elementor-element elementor-element-777cad2 subpage-header lightest-gray-row e-flex e-con-boxed e-con e-parent\" data-id=\"777cad2\" data-element_type=\"container\" data-e-type=\"container\">\n\t\t\t\t\t<div class=\"e-con-inner\">\n\t\t<div class=\"elementor-element elementor-element-0f799ad e-con-full e-flex e-con e-child\" data-id=\"0f799ad\" data-element_type=\"container\" data-e-type=\"container\">\n\t\t\t\t<div class=\"elementor-element elementor-element-e396833 rainbow-h1 elementor-widget elementor-widget-text-editor\" data-id=\"e396833\" data-element_type=\"widget\" data-e-type=\"widget\" data-widget_type=\"text-editor.default\">\n\t\t\t\t\t\t\t\t\t<h1 style=\"text-align: center;\">Inclusione e rispetto<\/h1><p style=\"text-align: center;\">In Insmed, miriamo a promuovere un ambiente di lavoro inclusivo in cui tutti si sentano rispettati e ascoltati. Il team che creiamo qui riflette tutti noi. Man mano che continuiamo a crescere, \u00e8 fondamentale circondarci di persone focalizzate sui valori che contribuiscono a un ambiente di lavoro inclusivo e i cui background e prospettive uniche ci aiutano a sviluppare solidi rapporti di lavoro. Contiamo l&#8217;uno sull&#8217;altro per condividere idee ed esperienze, costruendo una cultura dell&#8217;autenticit\u00e0 che supporti al meglio le diverse esigenze delle comunit\u00e0 di pazienti che serviamo.   <\/p><p style=\"text-align: center;\">Trattare gli uni con gli altri con professionalit\u00e0 e rispetto \u00e8 fondamentale per il nostro ambiente di lavoro e fa parte di ci\u00f2 che rende la nostra cultura cos\u00ec speciale. Insmed non tollerer\u00e0 mai molestie, bullismo, intimidazioni o discriminazioni. <\/p>\t\t\t\t\t\t\t\t<\/div>\n\t\t\t\t<div class=\"elementor-element elementor-element-957d3cf scroll-down-indicator elementor-invisible elementor-widget elementor-widget-html\" data-id=\"957d3cf\" data-element_type=\"widget\" data-e-type=\"widget\" data-settings=\"{&quot;_animation&quot;:&quot;fadeIn&quot;,&quot;_animation_delay&quot;:150}\" data-widget_type=\"html.default\">\n\t\t\t\t\t<i class=\"fa-sharp fa-regular fa-arrow-down-long\"><\/i>\t\t\t\t<\/div>\n\t\t\t\t<\/div>\n\t\t\t\t\t<\/div>\n\t\t\t\t<\/div>\n\t\t<div class=\"elementor-element elementor-element-5167858 how-we-do-it-row e-flex e-con-boxed e-con e-parent\" data-id=\"5167858\" data-element_type=\"container\" data-e-type=\"container\">\n\t\t\t\t\t<div class=\"e-con-inner\">\n\t\t<div class=\"elementor-element elementor-element-a08754b e-con-full how-we-do-it-list-col e-flex elementor-invisible e-con e-child\" data-id=\"a08754b\" data-element_type=\"container\" data-e-type=\"container\" data-settings=\"{&quot;animation&quot;:&quot;fadeIn&quot;,&quot;animation_delay&quot;:150}\">\n\t\t\t\t<div class=\"elementor-element elementor-element-16f261c elementor-widget elementor-widget-text-editor\" data-id=\"16f261c\" data-element_type=\"widget\" data-e-type=\"widget\" data-widget_type=\"text-editor.default\">\n\t\t\t\t\t\t\t\t\t<h2>Come lo facciamo<\/h2><ul><li>Costruiamo il nostro team cercando persone che condividono il nostro impegno per la nostra missione e i nostri valori.<\/li><li>Abbracciamo l\u2019idea che opinioni, background ed esperienze differenti ci rendano un\u2019azienda pi\u00f9 forte.<\/li><li>Prendiamo tutte le decisioni relative all\u2019impiego in base alle qualifiche e ai punti di forza delle persone e non a fattori quali sesso, et\u00e0, razza e orientamento sessuale.<\/li><li>Agiamo in modo inclusivo nei confronti degli altri e non li escludiamo mai intenzionalmente dalle normali interazioni o conversazioni sul posto di lavoro.<\/li><li>Interveniamo se ci sentiamo come se qualcuno fosse trattato ingiustamente.<\/li><li>Agiamo in modo professionale e cortese ed evitiamo di impegnarci in battute o discussioni inappropriati.<\/li><li>Pratichiamo la regola di platino trattando gli altri nel modo in cui <em>desiderano<\/em> essere trattati.<\/li><li>Siamo consapevoli delle diverse prospettive e differenzeculturali che costituiscono il nostro luogo di lavoro e ci sforziamo di evitare argomenti di conversazione che potrebbero mettere a disagio qualcuno.<\/li><\/ul>\t\t\t\t\t\t\t\t<\/div>\n\t\t\t\t<\/div>\n\t\t<div class=\"elementor-element elementor-element-ac1be03 e-con-full how-we-do-it-img-col elementor-hidden-tablet elementor-hidden-mobile e-flex elementor-invisible e-con e-child\" data-id=\"ac1be03\" data-element_type=\"container\" data-e-type=\"container\" data-settings=\"{&quot;animation&quot;:&quot;fadeIn&quot;,&quot;animation_delay&quot;:300}\">\n\t\t\t\t<div class=\"elementor-element elementor-element-60e04fb rounded-img elementor-widget elementor-widget-image\" data-id=\"60e04fb\" data-element_type=\"widget\" data-e-type=\"widget\" data-widget_type=\"image.default\">\n\t\t\t\t\t\t\t\t\t\t\t\t\t\t\t<img fetchpriority=\"high\" decoding=\"async\" width=\"550\" height=\"640\" src=\"https:\/\/code.insmed.com\/wp-content\/uploads\/2025\/09\/250407_INSMED_1430.webp\" class=\"attachment-full size-full wp-image-912\" alt=\"\" srcset=\"https:\/\/code.insmed.com\/wp-content\/uploads\/2025\/09\/250407_INSMED_1430.webp 550w, https:\/\/code.insmed.com\/wp-content\/uploads\/2025\/09\/250407_INSMED_1430-258x300.webp 258w\" sizes=\"(max-width: 550px) 100vw, 550px\" \/>\t\t\t\t\t\t\t\t\t\t\t\t\t\t\t<\/div>\n\t\t\t\t<\/div>\n\t\t\t\t\t<\/div>\n\t\t\t\t<\/div>\n\t\t<div class=\"elementor-element elementor-element-e66834a did-you-know-row e-flex e-con-boxed e-con e-parent\" data-id=\"e66834a\" data-element_type=\"container\" data-e-type=\"container\">\n\t\t\t\t\t<div class=\"e-con-inner\">\n\t\t<div class=\"elementor-element elementor-element-73182e8 e-con-full callout-card e-flex elementor-invisible e-con e-child\" data-id=\"73182e8\" data-element_type=\"container\" data-e-type=\"container\" data-settings=\"{&quot;animation&quot;:&quot;fadeInUp&quot;}\">\n\t\t<div class=\"elementor-element elementor-element-675117e e-con-full callout-icon e-flex e-con e-child\" data-id=\"675117e\" data-element_type=\"container\" data-e-type=\"container\">\n\t\t\t\t<div class=\"elementor-element elementor-element-847da72 elementor-widget elementor-widget-image\" data-id=\"847da72\" data-element_type=\"widget\" data-e-type=\"widget\" data-widget_type=\"image.default\">\n\t\t\t\t\t\t\t\t\t\t\t\t\t\t\t<img decoding=\"async\" width=\"40\" height=\"40\" src=\"https:\/\/code.insmed.com\/wp-content\/uploads\/2025\/09\/did-you-know-icon.svg\" class=\"attachment-full size-full wp-image-818\" alt=\"\" \/>\t\t\t\t\t\t\t\t\t\t\t\t\t\t\t<\/div>\n\t\t\t\t<\/div>\n\t\t<div class=\"elementor-element elementor-element-cb18fa5 e-con-full callout-header e-flex e-con e-child\" data-id=\"cb18fa5\" data-element_type=\"container\" data-e-type=\"container\">\n\t\t\t\t<div class=\"elementor-element elementor-element-363bf6f elementor-widget elementor-widget-text-editor\" data-id=\"363bf6f\" data-element_type=\"widget\" data-e-type=\"widget\" data-widget_type=\"text-editor.default\">\n\t\t\t\t\t\t\t\t\t<h2>Lo sapevi?<\/h2>\t\t\t\t\t\t\t\t<\/div>\n\t\t\t\t<\/div>\n\t\t<div class=\"elementor-element elementor-element-c1d5f47 e-con-full callout-body e-flex e-con e-child\" data-id=\"c1d5f47\" data-element_type=\"container\" data-e-type=\"container\">\n\t\t\t\t<div class=\"elementor-element elementor-element-b7a1de8 two-col-ul elementor-widget elementor-widget-text-editor\" data-id=\"b7a1de8\" data-element_type=\"widget\" data-e-type=\"widget\" data-widget_type=\"text-editor.default\">\n\t\t\t\t\t\t\t\t\t<p>Le leggi vigenti in tutto il mondo proteggono gli individui dalle discriminazioni e dalle molestie sul luogo di lavoro. Le persone non devono mai essere trattate in modo diverso o soggette a un ambiente di lavoro ostile od offensivo in base a determinate caratteristiche, tra cui, a titolo esemplificativo ma non esaustivo: <\/p><ul><li>Sesso<\/li><li>Sesso identit\u00e0 o orientamento sessuale<\/li><li>Razza<\/li><li>Colore<\/li><li>Religione<\/li><li>Origine<\/li><li>Disabilit\u00e0<\/li><li>Stato di veterano protetto<\/li><li>Et\u00e0<\/li><\/ul>\t\t\t\t\t\t\t\t<\/div>\n\t\t\t\t<\/div>\n\t\t\t\t<\/div>\n\t\t\t\t\t<\/div>\n\t\t\t\t<\/div>\n\t\t<div class=\"elementor-element elementor-element-99e2c0a continue-exploring-row dark-violet-row e-flex e-con-boxed e-con e-parent\" data-id=\"99e2c0a\" data-element_type=\"container\" data-e-type=\"container\">\n\t\t\t\t\t<div class=\"e-con-inner\">\n\t\t<div class=\"elementor-element elementor-element-b059fca e-con-full continue-exploring-header e-flex elementor-invisible e-con e-child\" data-id=\"b059fca\" data-element_type=\"container\" data-e-type=\"container\" data-settings=\"{&quot;animation&quot;:&quot;fadeInUp&quot;}\">\n\t\t\t\t<div class=\"elementor-element elementor-element-c95a9dc elementor-widget elementor-widget-text-editor\" data-id=\"c95a9dc\" data-element_type=\"widget\" data-e-type=\"widget\" data-widget_type=\"text-editor.default\">\n\t\t\t\t\t\t\t\t\t<p>Continuare a esplorare<\/p><h2>Le nostre persone e la nostra cultura<\/h2>\t\t\t\t\t\t\t\t<\/div>\n\t\t\t\t<\/div>\n\t\t<div class=\"elementor-element elementor-element-97c6bd6 e-con-full card e-flex elementor-invisible e-con e-child\" data-id=\"97c6bd6\" data-element_type=\"container\" data-e-type=\"container\" data-settings=\"{&quot;animation&quot;:&quot;fadeInUp&quot;,&quot;animation_delay&quot;:150}\">\n\t\t\t\t<div class=\"elementor-element elementor-element-41fafb5 elementor-widget elementor-widget-text-editor\" data-id=\"41fafb5\" data-element_type=\"widget\" data-e-type=\"widget\" data-widget_type=\"text-editor.default\">\n\t\t\t\t\t\t\t\t\t<h3><a href=\"https:\/\/code.insmed.com\/it\/le-nostre-persone-e-la-nostra-cultura\/privacy\/\">Privacy<\/a><\/h3>\t\t\t\t\t\t\t\t<\/div>\n\t\t\t\t<\/div>\n\t\t<div class=\"elementor-element elementor-element-4d61ad3 e-con-full card e-flex elementor-invisible e-con e-child\" data-id=\"4d61ad3\" data-element_type=\"container\" data-e-type=\"container\" data-settings=\"{&quot;animation&quot;:&quot;fadeInUp&quot;,&quot;animation_delay&quot;:150}\">\n\t\t\t\t<div class=\"elementor-element elementor-element-0c7d620 elementor-widget elementor-widget-text-editor\" data-id=\"0c7d620\" data-element_type=\"widget\" data-e-type=\"widget\" data-widget_type=\"text-editor.default\">\n\t\t\t\t\t\t\t\t\t<h3><a href=\"https:\/\/code.insmed.com\/it\/le-nostre-persone-e-la-nostra-cultura\/sicurezza-sul-lavoro\/\">Sicurezza sul lavoro<\/a><\/h3>\t\t\t\t\t\t\t\t<\/div>\n\t\t\t\t<\/div>\n\t\t<div class=\"elementor-element elementor-element-e6d29f4 e-con-full card e-flex elementor-invisible e-con e-child\" data-id=\"e6d29f4\" data-element_type=\"container\" data-e-type=\"container\" data-settings=\"{&quot;animation&quot;:&quot;fadeInUp&quot;,&quot;animation_delay&quot;:150}\">\n\t\t\t\t<div class=\"elementor-element elementor-element-6896910 elementor-widget elementor-widget-text-editor\" data-id=\"6896910\" data-element_type=\"widget\" data-e-type=\"widget\" data-widget_type=\"text-editor.default\">\n\t\t\t\t\t\t\t\t\t<h3><a href=\"https:\/\/code.insmed.com\/it\/le-nostre-persone-e-la-nostra-cultura\/cittadinanza-aziendale\/\">Cittadinanza aziendale<\/a><\/h3>\t\t\t\t\t\t\t\t<\/div>\n\t\t\t\t<\/div>\n\t\t<div class=\"elementor-element elementor-element-b2e5ee7 e-con-full card e-flex elementor-invisible e-con e-child\" data-id=\"b2e5ee7\" data-element_type=\"container\" data-e-type=\"container\" data-settings=\"{&quot;animation&quot;:&quot;fadeInUp&quot;,&quot;animation_delay&quot;:150}\">\n\t\t\t\t<div class=\"elementor-element elementor-element-1ebe8b8 elementor-widget elementor-widget-text-editor\" data-id=\"1ebe8b8\" data-element_type=\"widget\" data-e-type=\"widget\" data-widget_type=\"text-editor.default\">\n\t\t\t\t\t\t\t\t\t<h3><a href=\"https:\/\/code.insmed.com\/it\/le-nostre-persone-e-la-nostra-cultura\/conflitti-di-interessi\/\">Conflitti di interessi<\/a><\/h3>\t\t\t\t\t\t\t\t<\/div>\n\t\t\t\t<\/div>\n\t\t<div class=\"elementor-element elementor-element-d1e8aaf e-con-full card e-flex elementor-invisible e-con e-child\" data-id=\"d1e8aaf\" data-element_type=\"container\" data-e-type=\"container\" data-settings=\"{&quot;animation&quot;:&quot;fadeInUp&quot;,&quot;animation_delay&quot;:150}\">\n\t\t\t\t<div class=\"elementor-element elementor-element-c290a81 elementor-widget elementor-widget-text-editor\" data-id=\"c290a81\" data-element_type=\"widget\" data-e-type=\"widget\" data-widget_type=\"text-editor.default\">\n\t\t\t\t\t\t\t\t\t<h3><a href=\"https:\/\/code.insmed.com\/it\/le-nostre-persone-e-la-nostra-cultura\/comunicazione-e-utilizzo-dei-social-media\/\">Comunicazione e utilizzo dei social media<\/a><\/h3>\t\t\t\t\t\t\t\t<\/div>\n\t\t\t\t<\/div>\n\t\t<div class=\"elementor-element elementor-element-465bf2a e-con-full card e-flex elementor-invisible e-con e-child\" data-id=\"465bf2a\" data-element_type=\"container\" data-e-type=\"container\" data-settings=\"{&quot;animation&quot;:&quot;fadeInUp&quot;,&quot;animation_delay&quot;:150}\">\n\t\t\t\t<div class=\"elementor-element elementor-element-ee8300d elementor-widget elementor-widget-text-editor\" data-id=\"ee8300d\" data-element_type=\"widget\" data-e-type=\"widget\" data-widget_type=\"text-editor.default\">\n\t\t\t\t\t\t\t\t\t<h3><a href=\"https:\/\/code.insmed.com\/it\/le-nostre-persone-e-la-nostra-cultura\/attivita-politica\/\">Attivit\u00e0 politica<\/a><\/h3>\t\t\t\t\t\t\t\t<\/div>\n\t\t\t\t<\/div>\n\t\t\t\t\t<\/div>\n\t\t\t\t<\/div>\n\t\t\t\t<\/div>\n\t\t","protected":false},"excerpt":{"rendered":"<p>Inclusione e rispetto In Insmed, miriamo a promuovere un ambiente di lavoro inclusivo in cui tutti si sentano rispettati e ascoltati. Il team che creiamo qui riflette tutti noi. Man mano che continuiamo a crescere, \u00e8 fondamentale circondarci di persone focalizzate sui valori che contribuiscono a un ambiente di lavoro inclusivo e i cui background [&hellip;]<\/p>\n","protected":false},"author":1,"featured_media":0,"parent":911,"menu_order":10,"comment_status":"closed","ping_status":"closed","template":"","meta":{"_genesis_hide_title":false,"_genesis_hide_breadcrumbs":false,"_genesis_hide_singular_image":false,"_genesis_hide_footer_widgets":false,"_genesis_custom_body_class":"","_genesis_custom_post_class":"","_genesis_layout":"","footnotes":""},"class_list":{"0":"post-919","1":"page","2":"type-page","3":"status-publish","5":"entry"},"_links":{"self":[{"href":"https:\/\/code.insmed.com\/it\/wp-json\/wp\/v2\/pages\/919","targetHints":{"allow":["GET"]}}],"collection":[{"href":"https:\/\/code.insmed.com\/it\/wp-json\/wp\/v2\/pages"}],"about":[{"href":"https:\/\/code.insmed.com\/it\/wp-json\/wp\/v2\/types\/page"}],"author":[{"embeddable":true,"href":"https:\/\/code.insmed.com\/it\/wp-json\/wp\/v2\/users\/1"}],"replies":[{"embeddable":true,"href":"https:\/\/code.insmed.com\/it\/wp-json\/wp\/v2\/comments?post=919"}],"version-history":[{"count":0,"href":"https:\/\/code.insmed.com\/it\/wp-json\/wp\/v2\/pages\/919\/revisions"}],"up":[{"embeddable":true,"href":"https:\/\/code.insmed.com\/it\/wp-json\/wp\/v2\/pages\/911"}],"wp:attachment":[{"href":"https:\/\/code.insmed.com\/it\/wp-json\/wp\/v2\/media?parent=919"}],"curies":[{"name":"wp","href":"https:\/\/api.w.org\/{rel}","templated":true}]}}