{"id":933,"date":"2025-08-28T20:58:23","date_gmt":"2025-08-29T00:58:23","guid":{"rendered":"https:\/\/codeofconduct1.wpenginepowered.com\/le-nostre-persone-e-la-nostra-cultura\/privacy\/"},"modified":"2025-10-27T13:50:37","modified_gmt":"2025-10-27T17:50:37","slug":"privacy","status":"publish","type":"page","link":"https:\/\/code.insmed.com\/it\/le-nostre-persone-e-la-nostra-cultura\/privacy\/","title":{"rendered":"Privacy"},"content":{"rendered":"\t\t<div data-elementor-type=\"wp-page\" data-elementor-id=\"933\" class=\"elementor elementor-933 elementor-35\" data-elementor-post-type=\"page\">\n\t\t\t\t<div class=\"elementor-element elementor-element-0b4a773 subpage-header lightest-gray-row e-flex e-con-boxed e-con e-parent\" data-id=\"0b4a773\" data-element_type=\"container\" data-e-type=\"container\">\n\t\t\t\t\t<div class=\"e-con-inner\">\n\t\t<div class=\"elementor-element elementor-element-b87734c e-con-full e-flex e-con e-child\" data-id=\"b87734c\" data-element_type=\"container\" data-e-type=\"container\">\n\t\t\t\t<div class=\"elementor-element elementor-element-006e8b6 rainbow-h1 elementor-widget elementor-widget-text-editor\" data-id=\"006e8b6\" data-element_type=\"widget\" data-e-type=\"widget\" data-widget_type=\"text-editor.default\">\n\t\t\t\t\t\t\t\t\t<h1 style=\"text-align: center;\">Privacy<\/h1><p style=\"text-align: center;\">\u00c8 nostra responsabilit\u00e0 mantenere le informazioni personali che , raccogliamo e utilizziamo al sicuro dall\u2019accesso, dall\u2019uso o dalla divulgazione non autorizzata. Ci\u00f2 include le informazioni che conserviamo sui nostri dipendenti, pazienti, operatori sanitari e il pubblico. Richiediamo la conformit\u00e0 a tutte le leggi, i regolamenti e i regolamenti vigenti in materia di protezione delle informazioni personali e seguiamo tutti i sistemi, le politiche e le procedure vigenti per salvaguardarli. Scegliamo inoltre di collaborare con partner commerciali che condividono il nostro impegno a proteggere la privacy delle informazioni personali.   <\/p>\t\t\t\t\t\t\t\t<\/div>\n\t\t\t\t<div class=\"elementor-element elementor-element-6b2823a scroll-down-indicator elementor-invisible elementor-widget elementor-widget-html\" data-id=\"6b2823a\" data-element_type=\"widget\" data-e-type=\"widget\" data-settings=\"{&quot;_animation&quot;:&quot;fadeIn&quot;,&quot;_animation_delay&quot;:150}\" data-widget_type=\"html.default\">\n\t\t\t\t\t<i class=\"fa-sharp fa-regular fa-arrow-down-long\"><\/i>\t\t\t\t<\/div>\n\t\t\t\t<\/div>\n\t\t\t\t\t<\/div>\n\t\t\t\t<\/div>\n\t\t<div class=\"elementor-element elementor-element-2f91572 how-we-do-it-row e-flex e-con-boxed e-con e-parent\" data-id=\"2f91572\" data-element_type=\"container\" data-e-type=\"container\">\n\t\t\t\t\t<div class=\"e-con-inner\">\n\t\t<div class=\"elementor-element elementor-element-62f0fea e-con-full how-we-do-it-list-col e-flex elementor-invisible e-con e-child\" data-id=\"62f0fea\" data-element_type=\"container\" data-e-type=\"container\" data-settings=\"{&quot;animation&quot;:&quot;fadeIn&quot;,&quot;animation_delay&quot;:150}\">\n\t\t\t\t<div class=\"elementor-element elementor-element-c18bed1 elementor-widget elementor-widget-text-editor\" data-id=\"c18bed1\" data-element_type=\"widget\" data-e-type=\"widget\" data-widget_type=\"text-editor.default\">\n\t\t\t\t\t\t\t\t\t<h2>Come lo facciamo<\/h2><ul><li>Raccogliamo e e utilizziamo informazioni personali solo con un motivo aziendale appropriato per farlo.<\/li><li>Non condividiamo informazioni su un paziente senza il suo consenso, salvo ove consentito o richiesto dalla legge.<\/li><li>Tuteliamo le informazioni personali e le condividiamo solo con coloro che sono autorizzati ad accedervi.<\/li><\/ul>\t\t\t\t\t\t\t\t<\/div>\n\t\t\t\t<\/div>\n\t\t<div class=\"elementor-element elementor-element-50c0bfe e-con-full how-we-do-it-img-col elementor-hidden-tablet elementor-hidden-mobile e-flex elementor-invisible e-con e-child\" data-id=\"50c0bfe\" data-element_type=\"container\" data-e-type=\"container\" data-settings=\"{&quot;animation&quot;:&quot;fadeIn&quot;,&quot;animation_delay&quot;:300}\">\n\t\t\t\t<div class=\"elementor-element elementor-element-59e7419 rounded-img elementor-widget elementor-widget-image\" data-id=\"59e7419\" data-element_type=\"widget\" data-e-type=\"widget\" data-widget_type=\"image.default\">\n\t\t\t\t\t\t\t\t\t\t\t\t\t\t\t<img fetchpriority=\"high\" decoding=\"async\" width=\"550\" height=\"640\" src=\"https:\/\/code.insmed.com\/wp-content\/uploads\/2025\/09\/250407_INSMED_0848.webp\" class=\"attachment-full size-full wp-image-932\" alt=\"\" srcset=\"https:\/\/code.insmed.com\/wp-content\/uploads\/2025\/09\/250407_INSMED_0848.webp 550w, https:\/\/code.insmed.com\/wp-content\/uploads\/2025\/09\/250407_INSMED_0848-258x300.webp 258w\" sizes=\"(max-width: 550px) 100vw, 550px\" \/>\t\t\t\t\t\t\t\t\t\t\t\t\t\t\t<\/div>\n\t\t\t\t<\/div>\n\t\t\t\t\t<\/div>\n\t\t\t\t<\/div>\n\t\t<div class=\"elementor-element elementor-element-1bd022b did-you-know-row e-flex e-con-boxed e-con e-parent\" data-id=\"1bd022b\" data-element_type=\"container\" data-e-type=\"container\">\n\t\t\t\t\t<div class=\"e-con-inner\">\n\t\t<div class=\"elementor-element elementor-element-0148820 e-con-full callout-card e-flex elementor-invisible e-con e-child\" data-id=\"0148820\" data-element_type=\"container\" data-e-type=\"container\" data-settings=\"{&quot;animation&quot;:&quot;fadeInUp&quot;}\">\n\t\t<div class=\"elementor-element elementor-element-2ecae06 e-con-full callout-icon e-flex e-con e-child\" data-id=\"2ecae06\" data-element_type=\"container\" data-e-type=\"container\">\n\t\t\t\t<div class=\"elementor-element elementor-element-6d35648 elementor-widget elementor-widget-image\" data-id=\"6d35648\" data-element_type=\"widget\" data-e-type=\"widget\" data-widget_type=\"image.default\">\n\t\t\t\t\t\t\t\t\t\t\t\t\t\t\t<img decoding=\"async\" width=\"40\" height=\"40\" src=\"https:\/\/code.insmed.com\/wp-content\/uploads\/2025\/09\/did-you-know-icon.svg\" class=\"attachment-full size-full wp-image-818\" alt=\"\" \/>\t\t\t\t\t\t\t\t\t\t\t\t\t\t\t<\/div>\n\t\t\t\t<\/div>\n\t\t<div class=\"elementor-element elementor-element-f838977 e-con-full callout-header e-flex e-con e-child\" data-id=\"f838977\" data-element_type=\"container\" data-e-type=\"container\">\n\t\t\t\t<div class=\"elementor-element elementor-element-a9315a7 elementor-widget elementor-widget-text-editor\" data-id=\"a9315a7\" data-element_type=\"widget\" data-e-type=\"widget\" data-widget_type=\"text-editor.default\">\n\t\t\t\t\t\t\t\t\t<h2>Lo sapevi?<\/h2>\t\t\t\t\t\t\t\t<\/div>\n\t\t\t\t<\/div>\n\t\t<div class=\"elementor-element elementor-element-a94677f e-con-full callout-body e-flex e-con e-child\" data-id=\"a94677f\" data-element_type=\"container\" data-e-type=\"container\">\n\t\t\t\t<div class=\"elementor-element elementor-element-2616f44 elementor-widget elementor-widget-text-editor\" data-id=\"2616f44\" data-element_type=\"widget\" data-e-type=\"widget\" data-widget_type=\"text-editor.default\">\n\t\t\t\t\t\t\t\t\t<p>Le informazioni personali sono informazioni che, da sole o in combinazione con altre informazioni, possono essere utilizzate per identificare una persona. Le informazioni personali che possono essere utilizzate per identificare direttamente una persona includono il nome della persona, i numeri di identificazione personale (ad esempio il numero di previdenza sociale), informazioni sanitarie, numero della patente di guida, numero di telefono, indirizzo e-mail, indirizzo postale e qualsiasi altra informazione o identificatore . Gli identificatori indiretti non sono univoci per una persona e includono dettagli personali pi\u00f9 generali come razza e luogo di nascita. Mentre un singolo identificatore indiretto non pu\u00f2 identificare un individuo, una combinazione di identificatori indiretti pu\u00f2 fornire informazioni sufficienti per identificare un individuo.   <\/p>\t\t\t\t\t\t\t\t<\/div>\n\t\t\t\t<\/div>\n\t\t\t\t<\/div>\n\t\t\t\t\t<\/div>\n\t\t\t\t<\/div>\n\t\t<div class=\"elementor-element elementor-element-fb089ad continue-exploring-row dark-violet-row e-flex e-con-boxed e-con e-parent\" data-id=\"fb089ad\" data-element_type=\"container\" data-e-type=\"container\">\n\t\t\t\t\t<div class=\"e-con-inner\">\n\t\t<div class=\"elementor-element elementor-element-82ca5b9 e-con-full continue-exploring-header e-flex elementor-invisible e-con e-child\" data-id=\"82ca5b9\" data-element_type=\"container\" data-e-type=\"container\" data-settings=\"{&quot;animation&quot;:&quot;fadeInUp&quot;}\">\n\t\t\t\t<div class=\"elementor-element elementor-element-ab0795a elementor-widget elementor-widget-text-editor\" data-id=\"ab0795a\" data-element_type=\"widget\" data-e-type=\"widget\" data-widget_type=\"text-editor.default\">\n\t\t\t\t\t\t\t\t\t<p>Continuare a esplorare<\/p><h2>Le nostre persone e la nostra cultura<\/h2>\t\t\t\t\t\t\t\t<\/div>\n\t\t\t\t<\/div>\n\t\t<div class=\"elementor-element elementor-element-1ac9cc6 e-con-full card e-flex elementor-invisible e-con e-child\" data-id=\"1ac9cc6\" data-element_type=\"container\" data-e-type=\"container\" data-settings=\"{&quot;animation&quot;:&quot;fadeInUp&quot;,&quot;animation_delay&quot;:150}\">\n\t\t\t\t<div class=\"elementor-element elementor-element-f860ce9 elementor-widget elementor-widget-text-editor\" data-id=\"f860ce9\" data-element_type=\"widget\" data-e-type=\"widget\" data-widget_type=\"text-editor.default\">\n\t\t\t\t\t\t\t\t\t<h3><a href=\"https:\/\/code.insmed.com\/it\/le-nostre-persone-e-la-nostra-cultura\/inclusione-e-rispetto\/\">Inclusione e rispetto<\/a><\/h3>\t\t\t\t\t\t\t\t<\/div>\n\t\t\t\t<\/div>\n\t\t<div class=\"elementor-element elementor-element-ac73949 e-con-full card e-flex elementor-invisible e-con e-child\" data-id=\"ac73949\" data-element_type=\"container\" data-e-type=\"container\" data-settings=\"{&quot;animation&quot;:&quot;fadeInUp&quot;,&quot;animation_delay&quot;:150}\">\n\t\t\t\t<div class=\"elementor-element elementor-element-dbec211 elementor-widget elementor-widget-text-editor\" data-id=\"dbec211\" data-element_type=\"widget\" data-e-type=\"widget\" data-widget_type=\"text-editor.default\">\n\t\t\t\t\t\t\t\t\t<h3><a href=\"https:\/\/code.insmed.com\/it\/le-nostre-persone-e-la-nostra-cultura\/sicurezza-sul-lavoro\/\">Sicurezza sul lavoro<\/a><\/h3>\t\t\t\t\t\t\t\t<\/div>\n\t\t\t\t<\/div>\n\t\t<div class=\"elementor-element elementor-element-2dc922b e-con-full card e-flex elementor-invisible e-con e-child\" data-id=\"2dc922b\" data-element_type=\"container\" data-e-type=\"container\" data-settings=\"{&quot;animation&quot;:&quot;fadeInUp&quot;,&quot;animation_delay&quot;:150}\">\n\t\t\t\t<div class=\"elementor-element elementor-element-86f6f38 elementor-widget elementor-widget-text-editor\" data-id=\"86f6f38\" data-element_type=\"widget\" data-e-type=\"widget\" data-widget_type=\"text-editor.default\">\n\t\t\t\t\t\t\t\t\t<h3><a href=\"https:\/\/code.insmed.com\/it\/le-nostre-persone-e-la-nostra-cultura\/cittadinanza-aziendale\/\">Cittadinanza aziendale<\/a><\/h3>\t\t\t\t\t\t\t\t<\/div>\n\t\t\t\t<\/div>\n\t\t<div class=\"elementor-element elementor-element-170cffc e-con-full card e-flex elementor-invisible e-con e-child\" data-id=\"170cffc\" data-element_type=\"container\" data-e-type=\"container\" data-settings=\"{&quot;animation&quot;:&quot;fadeInUp&quot;,&quot;animation_delay&quot;:150}\">\n\t\t\t\t<div class=\"elementor-element elementor-element-bbcd045 elementor-widget elementor-widget-text-editor\" data-id=\"bbcd045\" data-element_type=\"widget\" data-e-type=\"widget\" data-widget_type=\"text-editor.default\">\n\t\t\t\t\t\t\t\t\t<h3><a href=\"https:\/\/code.insmed.com\/it\/le-nostre-persone-e-la-nostra-cultura\/conflitti-di-interessi\/\">Conflitti di interessi<\/a><\/h3>\t\t\t\t\t\t\t\t<\/div>\n\t\t\t\t<\/div>\n\t\t<div class=\"elementor-element elementor-element-fa9da8a e-con-full card e-flex elementor-invisible e-con e-child\" data-id=\"fa9da8a\" data-element_type=\"container\" data-e-type=\"container\" data-settings=\"{&quot;animation&quot;:&quot;fadeInUp&quot;,&quot;animation_delay&quot;:150}\">\n\t\t\t\t<div class=\"elementor-element elementor-element-f5ab676 elementor-widget elementor-widget-text-editor\" data-id=\"f5ab676\" data-element_type=\"widget\" data-e-type=\"widget\" data-widget_type=\"text-editor.default\">\n\t\t\t\t\t\t\t\t\t<h3><a href=\"https:\/\/code.insmed.com\/it\/le-nostre-persone-e-la-nostra-cultura\/comunicazione-e-utilizzo-dei-social-media\/\">Comunicazione e utilizzo dei social media<\/a><\/h3>\t\t\t\t\t\t\t\t<\/div>\n\t\t\t\t<\/div>\n\t\t<div class=\"elementor-element elementor-element-1b8a122 e-con-full card e-flex elementor-invisible e-con e-child\" data-id=\"1b8a122\" data-element_type=\"container\" data-e-type=\"container\" data-settings=\"{&quot;animation&quot;:&quot;fadeInUp&quot;,&quot;animation_delay&quot;:150}\">\n\t\t\t\t<div class=\"elementor-element elementor-element-9c85a4e elementor-widget elementor-widget-text-editor\" data-id=\"9c85a4e\" data-element_type=\"widget\" data-e-type=\"widget\" data-widget_type=\"text-editor.default\">\n\t\t\t\t\t\t\t\t\t<h3><a href=\"https:\/\/code.insmed.com\/it\/le-nostre-persone-e-la-nostra-cultura\/attivita-politica\/\">Attivit\u00e0 politica<\/a><\/h3>\t\t\t\t\t\t\t\t<\/div>\n\t\t\t\t<\/div>\n\t\t\t\t\t<\/div>\n\t\t\t\t<\/div>\n\t\t\t\t<\/div>\n\t\t","protected":false},"excerpt":{"rendered":"<p>Privacy \u00c8 nostra responsabilit\u00e0 mantenere le informazioni personali che , raccogliamo e utilizziamo al sicuro dall\u2019accesso, dall\u2019uso o dalla divulgazione non autorizzata. Ci\u00f2 include le informazioni che conserviamo sui nostri dipendenti, pazienti, operatori sanitari e il pubblico. Richiediamo la conformit\u00e0 a tutte le leggi, i regolamenti e i regolamenti vigenti in materia di protezione delle [&hellip;]<\/p>\n","protected":false},"author":1,"featured_media":0,"parent":911,"menu_order":10,"comment_status":"closed","ping_status":"closed","template":"","meta":{"_genesis_hide_title":false,"_genesis_hide_breadcrumbs":false,"_genesis_hide_singular_image":false,"_genesis_hide_footer_widgets":false,"_genesis_custom_body_class":"","_genesis_custom_post_class":"","_genesis_layout":"","footnotes":""},"class_list":{"0":"post-933","1":"page","2":"type-page","3":"status-publish","5":"entry"},"_links":{"self":[{"href":"https:\/\/code.insmed.com\/it\/wp-json\/wp\/v2\/pages\/933","targetHints":{"allow":["GET"]}}],"collection":[{"href":"https:\/\/code.insmed.com\/it\/wp-json\/wp\/v2\/pages"}],"about":[{"href":"https:\/\/code.insmed.com\/it\/wp-json\/wp\/v2\/types\/page"}],"author":[{"embeddable":true,"href":"https:\/\/code.insmed.com\/it\/wp-json\/wp\/v2\/users\/1"}],"replies":[{"embeddable":true,"href":"https:\/\/code.insmed.com\/it\/wp-json\/wp\/v2\/comments?post=933"}],"version-history":[{"count":0,"href":"https:\/\/code.insmed.com\/it\/wp-json\/wp\/v2\/pages\/933\/revisions"}],"up":[{"embeddable":true,"href":"https:\/\/code.insmed.com\/it\/wp-json\/wp\/v2\/pages\/911"}],"wp:attachment":[{"href":"https:\/\/code.insmed.com\/it\/wp-json\/wp\/v2\/media?parent=933"}],"curies":[{"name":"wp","href":"https:\/\/api.w.org\/{rel}","templated":true}]}}