{"id":937,"date":"2025-08-28T20:58:23","date_gmt":"2025-08-29T00:58:23","guid":{"rendered":"https:\/\/codeofconduct1.wpenginepowered.com\/le-nostre-persone-e-la-nostra-cultura\/sicurezza-sul-lavoro\/"},"modified":"2025-10-28T16:07:31","modified_gmt":"2025-10-28T20:07:31","slug":"sicurezza-sul-lavoro","status":"publish","type":"page","link":"https:\/\/code.insmed.com\/it\/le-nostre-persone-e-la-nostra-cultura\/sicurezza-sul-lavoro\/","title":{"rendered":"Sicurezza sul lavoro"},"content":{"rendered":"\t\t<div data-elementor-type=\"wp-page\" data-elementor-id=\"937\" class=\"elementor elementor-937 elementor-37\" data-elementor-post-type=\"page\">\n\t\t\t\t<div class=\"elementor-element elementor-element-a0ddf38 subpage-header lightest-gray-row e-flex e-con-boxed e-con e-parent\" data-id=\"a0ddf38\" data-element_type=\"container\" data-e-type=\"container\">\n\t\t\t\t\t<div class=\"e-con-inner\">\n\t\t<div class=\"elementor-element elementor-element-0729e28 e-con-full e-flex e-con e-child\" data-id=\"0729e28\" data-element_type=\"container\" data-e-type=\"container\">\n\t\t\t\t<div class=\"elementor-element elementor-element-0aa8535 rainbow-h1 elementor-widget elementor-widget-text-editor\" data-id=\"0aa8535\" data-element_type=\"widget\" data-e-type=\"widget\" data-widget_type=\"text-editor.default\">\n\t\t\t\t\t\t\t\t\t<h1 style=\"text-align: center;\">Sicurezza sul lavoro<\/h1><p style=\"text-align: center;\">Fornire ai nostri dipendenti un luogo di lavoro sicuro e salubre \u00e8 una priorit\u00e0 assoluta per Insmed ed \u00e8 fondamentale per mantenere una cultura fiorente e innovativa. Miglioriamo regolarmente i nostri programmi per la salute e la sicurezza, che sono progettati per essere conformi alle normative nelle nostre aree geografiche in cui operiamo. <\/p>\t\t\t\t\t\t\t\t<\/div>\n\t\t\t\t<div class=\"elementor-element elementor-element-6fd02cc scroll-down-indicator elementor-invisible elementor-widget elementor-widget-html\" data-id=\"6fd02cc\" data-element_type=\"widget\" data-e-type=\"widget\" data-settings=\"{&quot;_animation&quot;:&quot;fadeIn&quot;,&quot;_animation_delay&quot;:150}\" data-widget_type=\"html.default\">\n\t\t\t\t\t<i class=\"fa-sharp fa-regular fa-arrow-down-long\"><\/i>\t\t\t\t<\/div>\n\t\t\t\t<\/div>\n\t\t\t\t\t<\/div>\n\t\t\t\t<\/div>\n\t\t<div class=\"elementor-element elementor-element-8811152 how-we-do-it-row e-flex e-con-boxed e-con e-parent\" data-id=\"8811152\" data-element_type=\"container\" data-e-type=\"container\">\n\t\t\t\t\t<div class=\"e-con-inner\">\n\t\t<div class=\"elementor-element elementor-element-e6e709b e-con-full how-we-do-it-list-col e-flex elementor-invisible e-con e-child\" data-id=\"e6e709b\" data-element_type=\"container\" data-e-type=\"container\" data-settings=\"{&quot;animation&quot;:&quot;fadeIn&quot;,&quot;animation_delay&quot;:150}\">\n\t\t\t\t<div class=\"elementor-element elementor-element-29c7928 elementor-widget elementor-widget-text-editor\" data-id=\"29c7928\" data-element_type=\"widget\" data-e-type=\"widget\" data-widget_type=\"text-editor.default\">\n\t\t\t\t\t\t\t\t\t<h2>Come lo facciamo<\/h2><ul><li>Disponiamo di strutture non fumatori in tutte le sedi Insmed.<\/li><li>Chiediamo ai dipendenti di rispettare sempre tutte le procedure di sicurezza degli edifici.<\/li><li>Non consentiamo l\u2019uso di alcol sul lavoro, tranne in occasione di eventi organizzati da Insmed in cui potrebbero essere forniti alcolici; in tali casi, incoraggiamo i dipendenti a esercitare un buon giudizio e ad agire in modo responsabile.<\/li><li>Vietiamo l\u2019uso, il possesso, la vendita, il consumo o l\u2019essere sotto l\u2019influenza di droghe illegali o marijuana nei locali aziendali, durante l\u2019utilizzo di un veicolo aziendale e durante l\u2019orario di lavoro.<\/li><\/ul>\t\t\t\t\t\t\t\t<\/div>\n\t\t\t\t<\/div>\n\t\t<div class=\"elementor-element elementor-element-98f8a8a e-con-full how-we-do-it-img-col elementor-hidden-tablet elementor-hidden-mobile e-flex elementor-invisible e-con e-child\" data-id=\"98f8a8a\" data-element_type=\"container\" data-e-type=\"container\" data-settings=\"{&quot;animation&quot;:&quot;fadeIn&quot;,&quot;animation_delay&quot;:300}\">\n\t\t\t\t<div class=\"elementor-element elementor-element-d3c37cc rounded-img elementor-widget elementor-widget-image\" data-id=\"d3c37cc\" data-element_type=\"widget\" data-e-type=\"widget\" data-widget_type=\"image.default\">\n\t\t\t\t\t\t\t\t\t\t\t\t\t\t\t<img fetchpriority=\"high\" decoding=\"async\" width=\"550\" height=\"640\" src=\"https:\/\/code.insmed.com\/wp-content\/uploads\/2025\/09\/2023_insmed_sandiego5623.webp\" class=\"attachment-full size-full wp-image-934\" alt=\"\" srcset=\"https:\/\/code.insmed.com\/wp-content\/uploads\/2025\/09\/2023_insmed_sandiego5623.webp 550w, https:\/\/code.insmed.com\/wp-content\/uploads\/2025\/09\/2023_insmed_sandiego5623-258x300.webp 258w\" sizes=\"(max-width: 550px) 100vw, 550px\" \/>\t\t\t\t\t\t\t\t\t\t\t\t\t\t\t<\/div>\n\t\t\t\t<\/div>\n\t\t\t\t\t<\/div>\n\t\t\t\t<\/div>\n\t\t<div class=\"elementor-element elementor-element-e34689b lightest-gray-row reporting-row e-flex e-con-boxed e-con e-parent\" data-id=\"e34689b\" data-element_type=\"container\" data-e-type=\"container\">\n\t\t\t\t\t<div class=\"e-con-inner\">\n\t\t<div class=\"elementor-element elementor-element-6c6c2ab e-con-full e-flex e-con e-child\" data-id=\"6c6c2ab\" data-element_type=\"container\" data-e-type=\"container\">\n\t\t<div class=\"elementor-element elementor-element-d0946cb e-con-full callout-icon e-flex elementor-invisible e-con e-child\" data-id=\"d0946cb\" data-element_type=\"container\" data-e-type=\"container\" data-settings=\"{&quot;animation_delay&quot;:300,&quot;animation&quot;:&quot;fadeInUp&quot;}\">\n\t\t\t\t<div class=\"elementor-element elementor-element-7919cb8 elementor-widget elementor-widget-image\" data-id=\"7919cb8\" data-element_type=\"widget\" data-e-type=\"widget\" data-widget_type=\"image.default\">\n\t\t\t\t\t\t\t\t\t\t\t\t\t\t\t<img decoding=\"async\" width=\"16\" height=\"42\" src=\"https:\/\/code.insmed.com\/wp-content\/uploads\/2025\/09\/reporting-icon.svg\" class=\"attachment-full size-full wp-image-819\" alt=\"\" \/>\t\t\t\t\t\t\t\t\t\t\t\t\t\t\t<\/div>\n\t\t\t\t<\/div>\n\t\t\t\t<\/div>\n\t\t<div class=\"elementor-element elementor-element-d236946 e-con-full e-flex e-con e-child\" data-id=\"d236946\" data-element_type=\"container\" data-e-type=\"container\">\n\t\t\t\t<div class=\"elementor-element elementor-element-9d57aa6 large-text elementor-invisible elementor-widget elementor-widget-text-editor\" data-id=\"9d57aa6\" data-element_type=\"widget\" data-e-type=\"widget\" data-settings=\"{&quot;_animation&quot;:&quot;fadeInUp&quot;}\" data-widget_type=\"text-editor.default\">\n\t\t\t\t\t\t\t\t\t<p>Segnala immediatamente qualsiasi attivit\u00e0 sospetta, problema di sicurezza o infortunio al tuo supervisore, partner commerciale delle Risorse umane o alle strutture all\u2019indirizzo <a href=\"mailto:Facilities@insmed.com\" target=\"_blank\" rel=\"noopener\">Facilities@Insmed.com<\/a><\/p>\t\t\t\t\t\t\t\t<\/div>\n\t\t\t\t<\/div>\n\t\t\t\t\t<\/div>\n\t\t\t\t<\/div>\n\t\t<div class=\"elementor-element elementor-element-81bc360 continue-exploring-row dark-violet-row e-flex e-con-boxed e-con e-parent\" data-id=\"81bc360\" data-element_type=\"container\" data-e-type=\"container\">\n\t\t\t\t\t<div class=\"e-con-inner\">\n\t\t<div class=\"elementor-element elementor-element-a572d00 e-con-full continue-exploring-header e-flex elementor-invisible e-con e-child\" data-id=\"a572d00\" data-element_type=\"container\" data-e-type=\"container\" data-settings=\"{&quot;animation&quot;:&quot;fadeInUp&quot;}\">\n\t\t\t\t<div class=\"elementor-element elementor-element-9ec3cd7 elementor-widget elementor-widget-text-editor\" data-id=\"9ec3cd7\" data-element_type=\"widget\" data-e-type=\"widget\" data-widget_type=\"text-editor.default\">\n\t\t\t\t\t\t\t\t\t<p>Continuare a esplorare<\/p><h2>Le nostre persone e la nostra cultura<\/h2>\t\t\t\t\t\t\t\t<\/div>\n\t\t\t\t<\/div>\n\t\t<div class=\"elementor-element elementor-element-269734f e-con-full card e-flex elementor-invisible e-con e-child\" data-id=\"269734f\" data-element_type=\"container\" data-e-type=\"container\" data-settings=\"{&quot;animation&quot;:&quot;fadeInUp&quot;,&quot;animation_delay&quot;:150}\">\n\t\t\t\t<div class=\"elementor-element elementor-element-771f8ad elementor-widget elementor-widget-text-editor\" data-id=\"771f8ad\" data-element_type=\"widget\" data-e-type=\"widget\" data-widget_type=\"text-editor.default\">\n\t\t\t\t\t\t\t\t\t<h3><a href=\"https:\/\/code.insmed.com\/it\/le-nostre-persone-e-la-nostra-cultura\/inclusione-e-rispetto\/\">Inclusione e rispetto<\/a><\/h3>\t\t\t\t\t\t\t\t<\/div>\n\t\t\t\t<\/div>\n\t\t<div class=\"elementor-element elementor-element-640a1cb e-con-full card e-flex elementor-invisible e-con e-child\" data-id=\"640a1cb\" data-element_type=\"container\" data-e-type=\"container\" data-settings=\"{&quot;animation&quot;:&quot;fadeInUp&quot;,&quot;animation_delay&quot;:150}\">\n\t\t\t\t<div class=\"elementor-element elementor-element-3eb1678 elementor-widget elementor-widget-text-editor\" data-id=\"3eb1678\" data-element_type=\"widget\" data-e-type=\"widget\" data-widget_type=\"text-editor.default\">\n\t\t\t\t\t\t\t\t\t<h3><a href=\"https:\/\/code.insmed.com\/it\/le-nostre-persone-e-la-nostra-cultura\/privacy\/\">Privacy<\/a><\/h3>\t\t\t\t\t\t\t\t<\/div>\n\t\t\t\t<\/div>\n\t\t<div class=\"elementor-element elementor-element-e3866f6 e-con-full card e-flex elementor-invisible e-con e-child\" data-id=\"e3866f6\" data-element_type=\"container\" data-e-type=\"container\" data-settings=\"{&quot;animation&quot;:&quot;fadeInUp&quot;,&quot;animation_delay&quot;:150}\">\n\t\t\t\t<div class=\"elementor-element elementor-element-610d3f2 elementor-widget elementor-widget-text-editor\" data-id=\"610d3f2\" data-element_type=\"widget\" data-e-type=\"widget\" data-widget_type=\"text-editor.default\">\n\t\t\t\t\t\t\t\t\t<h3><a href=\"https:\/\/code.insmed.com\/it\/le-nostre-persone-e-la-nostra-cultura\/cittadinanza-aziendale\/\">Cittadinanza aziendale<\/a><\/h3>\t\t\t\t\t\t\t\t<\/div>\n\t\t\t\t<\/div>\n\t\t<div class=\"elementor-element elementor-element-c350187 e-con-full card e-flex elementor-invisible e-con e-child\" data-id=\"c350187\" data-element_type=\"container\" data-e-type=\"container\" data-settings=\"{&quot;animation&quot;:&quot;fadeInUp&quot;,&quot;animation_delay&quot;:150}\">\n\t\t\t\t<div class=\"elementor-element elementor-element-47d895c elementor-widget elementor-widget-text-editor\" data-id=\"47d895c\" data-element_type=\"widget\" data-e-type=\"widget\" data-widget_type=\"text-editor.default\">\n\t\t\t\t\t\t\t\t\t<h3><a href=\"https:\/\/code.insmed.com\/it\/le-nostre-persone-e-la-nostra-cultura\/conflitti-di-interessi\/\">Conflitti di interessi<\/a><\/h3>\t\t\t\t\t\t\t\t<\/div>\n\t\t\t\t<\/div>\n\t\t<div class=\"elementor-element elementor-element-08ba6f1 e-con-full card e-flex elementor-invisible e-con e-child\" data-id=\"08ba6f1\" data-element_type=\"container\" data-e-type=\"container\" data-settings=\"{&quot;animation&quot;:&quot;fadeInUp&quot;,&quot;animation_delay&quot;:150}\">\n\t\t\t\t<div class=\"elementor-element elementor-element-b349cbf elementor-widget elementor-widget-text-editor\" data-id=\"b349cbf\" data-element_type=\"widget\" data-e-type=\"widget\" data-widget_type=\"text-editor.default\">\n\t\t\t\t\t\t\t\t\t<h3><a href=\"https:\/\/code.insmed.com\/it\/le-nostre-persone-e-la-nostra-cultura\/comunicazione-e-utilizzo-dei-social-media\/\">Comunicazione e utilizzo dei social media<\/a><\/h3>\t\t\t\t\t\t\t\t<\/div>\n\t\t\t\t<\/div>\n\t\t<div class=\"elementor-element elementor-element-0d5bfb6 e-con-full card e-flex elementor-invisible e-con e-child\" data-id=\"0d5bfb6\" data-element_type=\"container\" data-e-type=\"container\" data-settings=\"{&quot;animation&quot;:&quot;fadeInUp&quot;,&quot;animation_delay&quot;:150}\">\n\t\t\t\t<div class=\"elementor-element elementor-element-4b8d63e elementor-widget elementor-widget-text-editor\" data-id=\"4b8d63e\" data-element_type=\"widget\" data-e-type=\"widget\" data-widget_type=\"text-editor.default\">\n\t\t\t\t\t\t\t\t\t<h3><a href=\"https:\/\/code.insmed.com\/it\/le-nostre-persone-e-la-nostra-cultura\/attivita-politica\/\">Attivit\u00e0 politica<\/a><\/h3>\t\t\t\t\t\t\t\t<\/div>\n\t\t\t\t<\/div>\n\t\t\t\t\t<\/div>\n\t\t\t\t<\/div>\n\t\t\t\t<\/div>\n\t\t","protected":false},"excerpt":{"rendered":"<p>Sicurezza sul lavoro Fornire ai nostri dipendenti un luogo di lavoro sicuro e salubre \u00e8 una priorit\u00e0 assoluta per Insmed ed \u00e8 fondamentale per mantenere una cultura fiorente e innovativa. Miglioriamo regolarmente i nostri programmi per la salute e la sicurezza, che sono progettati per essere conformi alle normative nelle nostre aree geografiche in cui [&hellip;]<\/p>\n","protected":false},"author":1,"featured_media":0,"parent":911,"menu_order":10,"comment_status":"closed","ping_status":"closed","template":"","meta":{"_genesis_hide_title":false,"_genesis_hide_breadcrumbs":false,"_genesis_hide_singular_image":false,"_genesis_hide_footer_widgets":false,"_genesis_custom_body_class":"","_genesis_custom_post_class":"","_genesis_layout":"","footnotes":""},"class_list":{"0":"post-937","1":"page","2":"type-page","3":"status-publish","5":"entry"},"_links":{"self":[{"href":"https:\/\/code.insmed.com\/it\/wp-json\/wp\/v2\/pages\/937","targetHints":{"allow":["GET"]}}],"collection":[{"href":"https:\/\/code.insmed.com\/it\/wp-json\/wp\/v2\/pages"}],"about":[{"href":"https:\/\/code.insmed.com\/it\/wp-json\/wp\/v2\/types\/page"}],"author":[{"embeddable":true,"href":"https:\/\/code.insmed.com\/it\/wp-json\/wp\/v2\/users\/1"}],"replies":[{"embeddable":true,"href":"https:\/\/code.insmed.com\/it\/wp-json\/wp\/v2\/comments?post=937"}],"version-history":[{"count":0,"href":"https:\/\/code.insmed.com\/it\/wp-json\/wp\/v2\/pages\/937\/revisions"}],"up":[{"embeddable":true,"href":"https:\/\/code.insmed.com\/it\/wp-json\/wp\/v2\/pages\/911"}],"wp:attachment":[{"href":"https:\/\/code.insmed.com\/it\/wp-json\/wp\/v2\/media?parent=937"}],"curies":[{"name":"wp","href":"https:\/\/api.w.org\/{rel}","templated":true}]}}