{"id":945,"date":"2025-08-28T20:58:23","date_gmt":"2025-08-29T00:58:23","guid":{"rendered":"https:\/\/codeofconduct1.wpenginepowered.com\/le-nostre-persone-e-la-nostra-cultura\/cittadinanza-aziendale\/"},"modified":"2025-10-28T16:07:41","modified_gmt":"2025-10-28T20:07:41","slug":"cittadinanza-aziendale","status":"publish","type":"page","link":"https:\/\/code.insmed.com\/it\/le-nostre-persone-e-la-nostra-cultura\/cittadinanza-aziendale\/","title":{"rendered":"Cittadinanza aziendale"},"content":{"rendered":"\t\t<div data-elementor-type=\"wp-page\" data-elementor-id=\"945\" class=\"elementor elementor-945 elementor-39\" data-elementor-post-type=\"page\">\n\t\t\t\t<div class=\"elementor-element elementor-element-1795e5d subpage-header lightest-gray-row e-flex e-con-boxed e-con e-parent\" data-id=\"1795e5d\" data-element_type=\"container\" data-e-type=\"container\">\n\t\t\t\t\t<div class=\"e-con-inner\">\n\t\t<div class=\"elementor-element elementor-element-b1cb3da e-con-full e-flex e-con e-child\" data-id=\"b1cb3da\" data-element_type=\"container\" data-e-type=\"container\">\n\t\t\t\t<div class=\"elementor-element elementor-element-be0cea3 rainbow-h1 elementor-widget elementor-widget-text-editor\" data-id=\"be0cea3\" data-element_type=\"widget\" data-e-type=\"widget\" data-widget_type=\"text-editor.default\">\n\t\t\t\t\t\t\t\t\t<h1 style=\"text-align: center;\">Cittadinanza aziendale<\/h1><p style=\"text-align: center;\">Il nostro impegno a essere un cittadino aziendale responsabile inizia dai pazienti che serviamo e si estende a tutti gli aspetti della nostra attivit\u00e0, comprese le nostre comunit\u00e0 e l\u2019ambiente in cui operiamo. Definiamo standard elevati affinch\u00e9 i nostri dipendenti, funzionari e dirigenti agiscano in modo etico e contribuiscano positivamente alla societ\u00e0. Questi sforzi sono diventati parte integrante della nostra cultura, evidenziando il nostro investimento nel mondo che ci circonda e favorendo il collegamento e il coinvolgimento tra i membri del nostro team. Ancora pi\u00f9 importante, crediamo che il senso di appartenenza sia intrinsecamente legata ai nostri valori fondamentali e al nostro scopo incentrato sul paziente.   <\/p>\t\t\t\t\t\t\t\t<\/div>\n\t\t\t\t<div class=\"elementor-element elementor-element-0508b21 scroll-down-indicator elementor-invisible elementor-widget elementor-widget-html\" data-id=\"0508b21\" data-element_type=\"widget\" data-e-type=\"widget\" data-settings=\"{&quot;_animation&quot;:&quot;fadeIn&quot;,&quot;_animation_delay&quot;:150}\" data-widget_type=\"html.default\">\n\t\t\t\t\t<i class=\"fa-sharp fa-regular fa-arrow-down-long\"><\/i>\t\t\t\t<\/div>\n\t\t\t\t<\/div>\n\t\t\t\t\t<\/div>\n\t\t\t\t<\/div>\n\t\t<div class=\"elementor-element elementor-element-211750e how-we-do-it-row e-flex e-con-boxed e-con e-parent\" data-id=\"211750e\" data-element_type=\"container\" data-e-type=\"container\">\n\t\t\t\t\t<div class=\"e-con-inner\">\n\t\t<div class=\"elementor-element elementor-element-052b343 e-con-full how-we-do-it-list-col e-flex elementor-invisible e-con e-child\" data-id=\"052b343\" data-element_type=\"container\" data-e-type=\"container\" data-settings=\"{&quot;animation&quot;:&quot;fadeIn&quot;,&quot;animation_delay&quot;:150}\">\n\t\t\t\t<div class=\"elementor-element elementor-element-5a725ef elementor-widget elementor-widget-text-editor\" data-id=\"5a725ef\" data-element_type=\"widget\" data-e-type=\"widget\" data-widget_type=\"text-editor.default\">\n\t\t\t\t\t\t\t\t\t<h2>Come lo facciamo<\/h2><ul><li>Incorporiamo l\u2019impatto sulla comunit\u00e0 nelle nostre operazioni quotidiane, con attivit\u00e0 di giveback regolarmente integrate in riunioni ed eventi aziendali.<\/li><li>Incoraggiamo i dipendenti a partecipare alle attivit\u00e0 di volontariato guidate da Insmed, come il Global Day of Good, e ad attivit\u00e0 guidate dai dipendenti come gli eventi Insmed Cares.<\/li><li>Offriamo un programma che consente ai dipendenti di raddoppiare i propri contributi per le cause a cui tengono.<\/li><li>Promuoviamo l\u2019importanza dei diritti umani gli uni con gli altri e con tutti i partner commerciali con cui interagiamo.<\/li><li>Rispettiamo le leggi sul lavoro equo, compreso il divieto di lavoro minorile.<\/li><li>Rispettiamo tutte le leggi, i regolamenti e i requisiti delle autorizzazioni ambientali applicabili e ci sforziamo di andare oltre la nostra conformit\u00e0, ove possibile. <\/li><li>Lavoriamo per ridurre o eliminare le emissioni, i rifiuti e i rifiuti tossici e pericolosi; migliorare l\u2019efficienza energetica in tutte le nostre operazioni; e per ridurre al minimo il nostro impatto sulle risorse idriche.<\/li><li>Esprimiamo le nostre aspettative nei confronti dei nostri fornitori in merito a condotta aziendale etica, diritti umani e pratiche di lavoro responsabili, salute e sicurezza ambientali e qualit\u00e0 e gestione dei rischi nel nostro Codice di condotta per i fornitori.<\/li><\/ul>\t\t\t\t\t\t\t\t<\/div>\n\t\t\t\t<\/div>\n\t\t<div class=\"elementor-element elementor-element-d5c4c71 e-con-full how-we-do-it-img-col elementor-hidden-tablet elementor-hidden-mobile e-flex elementor-invisible e-con e-child\" data-id=\"d5c4c71\" data-element_type=\"container\" data-e-type=\"container\" data-settings=\"{&quot;animation&quot;:&quot;fadeIn&quot;,&quot;animation_delay&quot;:300}\">\n\t\t\t\t<div class=\"elementor-element elementor-element-20e56d5 rounded-img elementor-widget elementor-widget-image\" data-id=\"20e56d5\" data-element_type=\"widget\" data-e-type=\"widget\" data-widget_type=\"image.default\">\n\t\t\t\t\t\t\t\t\t\t\t\t\t\t\t<img fetchpriority=\"high\" decoding=\"async\" width=\"550\" height=\"640\" src=\"https:\/\/code.insmed.com\/wp-content\/uploads\/2025\/09\/DSC_0821.webp\" class=\"attachment-full size-full wp-image-938\" alt=\"\" srcset=\"https:\/\/code.insmed.com\/wp-content\/uploads\/2025\/09\/DSC_0821.webp 550w, https:\/\/code.insmed.com\/wp-content\/uploads\/2025\/09\/DSC_0821-258x300.webp 258w\" sizes=\"(max-width: 550px) 100vw, 550px\" \/>\t\t\t\t\t\t\t\t\t\t\t\t\t\t\t<\/div>\n\t\t\t\t<\/div>\n\t\t\t\t\t<\/div>\n\t\t\t\t<\/div>\n\t\t<div class=\"elementor-element elementor-element-4b894da did-you-know-row e-flex e-con-boxed e-con e-parent\" data-id=\"4b894da\" data-element_type=\"container\" data-e-type=\"container\">\n\t\t\t\t\t<div class=\"e-con-inner\">\n\t\t<div class=\"elementor-element elementor-element-28ac6db e-con-full callout-card e-flex elementor-invisible e-con e-child\" data-id=\"28ac6db\" data-element_type=\"container\" data-e-type=\"container\" data-settings=\"{&quot;animation&quot;:&quot;fadeInUp&quot;}\">\n\t\t<div class=\"elementor-element elementor-element-cb1c4b5 e-con-full callout-icon e-flex e-con e-child\" data-id=\"cb1c4b5\" data-element_type=\"container\" data-e-type=\"container\">\n\t\t\t\t<div class=\"elementor-element elementor-element-883a26d elementor-widget elementor-widget-image\" data-id=\"883a26d\" data-element_type=\"widget\" data-e-type=\"widget\" data-widget_type=\"image.default\">\n\t\t\t\t\t\t\t\t\t\t\t\t\t\t\t<img decoding=\"async\" width=\"40\" height=\"40\" src=\"https:\/\/code.insmed.com\/wp-content\/uploads\/2025\/09\/did-you-know-icon.svg\" class=\"attachment-full size-full wp-image-818\" alt=\"\" \/>\t\t\t\t\t\t\t\t\t\t\t\t\t\t\t<\/div>\n\t\t\t\t<\/div>\n\t\t<div class=\"elementor-element elementor-element-7d186e7 e-con-full callout-header e-flex e-con e-child\" data-id=\"7d186e7\" data-element_type=\"container\" data-e-type=\"container\">\n\t\t\t\t<div class=\"elementor-element elementor-element-6e03a53 elementor-widget elementor-widget-text-editor\" data-id=\"6e03a53\" data-element_type=\"widget\" data-e-type=\"widget\" data-widget_type=\"text-editor.default\">\n\t\t\t\t\t\t\t\t\t<h2>Lo sapevi?<\/h2>\t\t\t\t\t\t\t\t<\/div>\n\t\t\t\t<\/div>\n\t\t<div class=\"elementor-element elementor-element-092e343 e-con-full callout-body e-flex e-con e-child\" data-id=\"092e343\" data-element_type=\"container\" data-e-type=\"container\">\n\t\t\t\t<div class=\"elementor-element elementor-element-44d2604 elementor-widget elementor-widget-text-editor\" data-id=\"44d2604\" data-element_type=\"widget\" data-e-type=\"widget\" data-widget_type=\"text-editor.default\">\n\t\t\t\t\t\t\t\t\t<p>Ogni anno pubblichiamo un rapporto sulla responsabilit\u00e0 che descrive il nostro approccio e i nostri impegni nei confronti di fattori ambientali, sociali e di governance in tutti gli aspetti della nostra attivit\u00e0, compresi i modi in cui supportiamo le nostre comunit\u00e0 e lavoriamo per ridurre al minimo l&#8217;mpatto ambientale. Scopri di pi\u00f9 sui nostri sforzi leggendo <a href=\"https:\/\/insmed.com\/responsibility-report\/2024\/Insmed-2024-ResponsibilityReport.pdf\" target=\"_blank\" rel=\"noopener\">il rapporto pi\u00f9 recente<\/a>. <\/p>\t\t\t\t\t\t\t\t<\/div>\n\t\t\t\t<\/div>\n\t\t\t\t<\/div>\n\t\t\t\t\t<\/div>\n\t\t\t\t<\/div>\n\t\t<div class=\"elementor-element elementor-element-98cc02a continue-exploring-row dark-violet-row e-flex e-con-boxed e-con e-parent\" data-id=\"98cc02a\" data-element_type=\"container\" data-e-type=\"container\">\n\t\t\t\t\t<div class=\"e-con-inner\">\n\t\t<div class=\"elementor-element elementor-element-a713816 e-con-full continue-exploring-header e-flex elementor-invisible e-con e-child\" data-id=\"a713816\" data-element_type=\"container\" data-e-type=\"container\" data-settings=\"{&quot;animation&quot;:&quot;fadeInUp&quot;}\">\n\t\t\t\t<div class=\"elementor-element elementor-element-8921636 elementor-widget elementor-widget-text-editor\" data-id=\"8921636\" data-element_type=\"widget\" data-e-type=\"widget\" data-widget_type=\"text-editor.default\">\n\t\t\t\t\t\t\t\t\t<p>Continuare a esplorare<\/p><h2>Le nostre persone e la nostra cultura<\/h2>\t\t\t\t\t\t\t\t<\/div>\n\t\t\t\t<\/div>\n\t\t<div class=\"elementor-element elementor-element-533742e e-con-full card e-flex elementor-invisible e-con e-child\" data-id=\"533742e\" data-element_type=\"container\" data-e-type=\"container\" data-settings=\"{&quot;animation&quot;:&quot;fadeInUp&quot;,&quot;animation_delay&quot;:150}\">\n\t\t\t\t<div class=\"elementor-element elementor-element-fa1301f elementor-widget elementor-widget-text-editor\" data-id=\"fa1301f\" data-element_type=\"widget\" data-e-type=\"widget\" data-widget_type=\"text-editor.default\">\n\t\t\t\t\t\t\t\t\t<h3><a href=\"https:\/\/code.insmed.com\/it\/le-nostre-persone-e-la-nostra-cultura\/inclusione-e-rispetto\/\">Inclusione e rispetto<\/a><\/h3>\t\t\t\t\t\t\t\t<\/div>\n\t\t\t\t<\/div>\n\t\t<div class=\"elementor-element elementor-element-1a4c4e6 e-con-full card e-flex elementor-invisible e-con e-child\" data-id=\"1a4c4e6\" data-element_type=\"container\" data-e-type=\"container\" data-settings=\"{&quot;animation&quot;:&quot;fadeInUp&quot;,&quot;animation_delay&quot;:150}\">\n\t\t\t\t<div class=\"elementor-element elementor-element-95f2040 elementor-widget elementor-widget-text-editor\" data-id=\"95f2040\" data-element_type=\"widget\" data-e-type=\"widget\" data-widget_type=\"text-editor.default\">\n\t\t\t\t\t\t\t\t\t<h3><a href=\"https:\/\/code.insmed.com\/it\/le-nostre-persone-e-la-nostra-cultura\/privacy\/\">Privacy<\/a><\/h3>\t\t\t\t\t\t\t\t<\/div>\n\t\t\t\t<\/div>\n\t\t<div class=\"elementor-element elementor-element-0303f11 e-con-full card e-flex elementor-invisible e-con e-child\" data-id=\"0303f11\" data-element_type=\"container\" data-e-type=\"container\" data-settings=\"{&quot;animation&quot;:&quot;fadeInUp&quot;,&quot;animation_delay&quot;:150}\">\n\t\t\t\t<div class=\"elementor-element elementor-element-257b876 elementor-widget elementor-widget-text-editor\" data-id=\"257b876\" data-element_type=\"widget\" data-e-type=\"widget\" data-widget_type=\"text-editor.default\">\n\t\t\t\t\t\t\t\t\t<h3><a href=\"https:\/\/code.insmed.com\/it\/le-nostre-persone-e-la-nostra-cultura\/sicurezza-sul-lavoro\/\">Sicurezza sul lavoro<\/a><\/h3>\t\t\t\t\t\t\t\t<\/div>\n\t\t\t\t<\/div>\n\t\t<div class=\"elementor-element elementor-element-c2d2d99 e-con-full card e-flex elementor-invisible e-con e-child\" data-id=\"c2d2d99\" data-element_type=\"container\" data-e-type=\"container\" data-settings=\"{&quot;animation&quot;:&quot;fadeInUp&quot;,&quot;animation_delay&quot;:150}\">\n\t\t\t\t<div class=\"elementor-element elementor-element-c5493ff elementor-widget elementor-widget-text-editor\" data-id=\"c5493ff\" data-element_type=\"widget\" data-e-type=\"widget\" data-widget_type=\"text-editor.default\">\n\t\t\t\t\t\t\t\t\t<h3><a href=\"https:\/\/code.insmed.com\/it\/le-nostre-persone-e-la-nostra-cultura\/conflitti-di-interessi\/\">Conflitti di interessi<\/a><\/h3>\t\t\t\t\t\t\t\t<\/div>\n\t\t\t\t<\/div>\n\t\t<div class=\"elementor-element elementor-element-149b662 e-con-full card e-flex elementor-invisible e-con e-child\" data-id=\"149b662\" data-element_type=\"container\" data-e-type=\"container\" data-settings=\"{&quot;animation&quot;:&quot;fadeInUp&quot;,&quot;animation_delay&quot;:150}\">\n\t\t\t\t<div class=\"elementor-element elementor-element-3370e9c elementor-widget elementor-widget-text-editor\" data-id=\"3370e9c\" data-element_type=\"widget\" data-e-type=\"widget\" data-widget_type=\"text-editor.default\">\n\t\t\t\t\t\t\t\t\t<h3><a href=\"https:\/\/code.insmed.com\/it\/le-nostre-persone-e-la-nostra-cultura\/comunicazione-e-utilizzo-dei-social-media\/\">Comunicazione e utilizzo dei social media<\/a><\/h3>\t\t\t\t\t\t\t\t<\/div>\n\t\t\t\t<\/div>\n\t\t<div class=\"elementor-element elementor-element-5b0b5cf e-con-full card e-flex elementor-invisible e-con e-child\" data-id=\"5b0b5cf\" data-element_type=\"container\" data-e-type=\"container\" data-settings=\"{&quot;animation&quot;:&quot;fadeInUp&quot;,&quot;animation_delay&quot;:150}\">\n\t\t\t\t<div class=\"elementor-element elementor-element-d717377 elementor-widget elementor-widget-text-editor\" data-id=\"d717377\" data-element_type=\"widget\" data-e-type=\"widget\" data-widget_type=\"text-editor.default\">\n\t\t\t\t\t\t\t\t\t<h3><a href=\"https:\/\/code.insmed.com\/it\/le-nostre-persone-e-la-nostra-cultura\/attivita-politica\/\">Attivit\u00e0 politica<\/a><\/h3>\t\t\t\t\t\t\t\t<\/div>\n\t\t\t\t<\/div>\n\t\t\t\t\t<\/div>\n\t\t\t\t<\/div>\n\t\t\t\t<\/div>\n\t\t","protected":false},"excerpt":{"rendered":"<p>Cittadinanza aziendale Il nostro impegno a essere un cittadino aziendale responsabile inizia dai pazienti che serviamo e si estende a tutti gli aspetti della nostra attivit\u00e0, comprese le nostre comunit\u00e0 e l\u2019ambiente in cui operiamo. Definiamo standard elevati affinch\u00e9 i nostri dipendenti, funzionari e dirigenti agiscano in modo etico e contribuiscano positivamente alla societ\u00e0. Questi [&hellip;]<\/p>\n","protected":false},"author":1,"featured_media":0,"parent":911,"menu_order":10,"comment_status":"closed","ping_status":"closed","template":"","meta":{"_genesis_hide_title":false,"_genesis_hide_breadcrumbs":false,"_genesis_hide_singular_image":false,"_genesis_hide_footer_widgets":false,"_genesis_custom_body_class":"","_genesis_custom_post_class":"","_genesis_layout":"","footnotes":""},"class_list":{"0":"post-945","1":"page","2":"type-page","3":"status-publish","5":"entry"},"_links":{"self":[{"href":"https:\/\/code.insmed.com\/it\/wp-json\/wp\/v2\/pages\/945","targetHints":{"allow":["GET"]}}],"collection":[{"href":"https:\/\/code.insmed.com\/it\/wp-json\/wp\/v2\/pages"}],"about":[{"href":"https:\/\/code.insmed.com\/it\/wp-json\/wp\/v2\/types\/page"}],"author":[{"embeddable":true,"href":"https:\/\/code.insmed.com\/it\/wp-json\/wp\/v2\/users\/1"}],"replies":[{"embeddable":true,"href":"https:\/\/code.insmed.com\/it\/wp-json\/wp\/v2\/comments?post=945"}],"version-history":[{"count":0,"href":"https:\/\/code.insmed.com\/it\/wp-json\/wp\/v2\/pages\/945\/revisions"}],"up":[{"embeddable":true,"href":"https:\/\/code.insmed.com\/it\/wp-json\/wp\/v2\/pages\/911"}],"wp:attachment":[{"href":"https:\/\/code.insmed.com\/it\/wp-json\/wp\/v2\/media?parent=945"}],"curies":[{"name":"wp","href":"https:\/\/api.w.org\/{rel}","templated":true}]}}