{"id":994,"date":"2025-08-28T20:58:23","date_gmt":"2025-08-29T00:58:23","guid":{"rendered":"https:\/\/codeofconduct1.wpenginepowered.com\/operazioni-aziendali-responsabili\/controlli-commerciali\/"},"modified":"2025-10-27T13:56:24","modified_gmt":"2025-10-27T17:56:24","slug":"controlli-commerciali","status":"publish","type":"page","link":"https:\/\/code.insmed.com\/it\/operazioni-aziendali-responsabili\/controlli-commerciali\/","title":{"rendered":"Controlli commerciali"},"content":{"rendered":"\t\t<div data-elementor-type=\"wp-page\" data-elementor-id=\"994\" class=\"elementor elementor-994 elementor-53\" data-elementor-post-type=\"page\">\n\t\t\t\t<div class=\"elementor-element elementor-element-0773936 subpage-header lightest-gray-row e-flex e-con-boxed e-con e-parent\" data-id=\"0773936\" data-element_type=\"container\" data-e-type=\"container\">\n\t\t\t\t\t<div class=\"e-con-inner\">\n\t\t<div class=\"elementor-element elementor-element-d339df4 e-con-full e-flex e-con e-child\" data-id=\"d339df4\" data-element_type=\"container\" data-e-type=\"container\">\n\t\t\t\t<div class=\"elementor-element elementor-element-06c149a rainbow-h1 elementor-widget elementor-widget-text-editor\" data-id=\"06c149a\" data-element_type=\"widget\" data-e-type=\"widget\" data-widget_type=\"text-editor.default\">\n\t\t\t\t\t\t\t\t\t<h1 style=\"text-align: center;\">Controlli commerciali<\/h1><p style=\"text-align: center;\">I controlli commerciali disciplinano il trasferimento sicuro e legittimo di prodotti, servizi e dati oltre confine. Inoltre, disciplinano le persone con cui intrattiene rapporti commerciali. Il nostro obiettivo \u00e8 di rispettare tutti i controlli commerciali applicabili alla nostra attivit\u00e0, comprese le sanzioni, i controlli sulle esportazioni e le leggi antiboicottaggio.  <\/p>\t\t\t\t\t\t\t\t<\/div>\n\t\t\t\t<div class=\"elementor-element elementor-element-075337a scroll-down-indicator elementor-invisible elementor-widget elementor-widget-html\" data-id=\"075337a\" data-element_type=\"widget\" data-e-type=\"widget\" data-settings=\"{&quot;_animation&quot;:&quot;fadeIn&quot;,&quot;_animation_delay&quot;:150}\" data-widget_type=\"html.default\">\n\t\t\t\t\t<i class=\"fa-sharp fa-regular fa-arrow-down-long\"><\/i>\t\t\t\t<\/div>\n\t\t\t\t<\/div>\n\t\t\t\t\t<\/div>\n\t\t\t\t<\/div>\n\t\t<div class=\"elementor-element elementor-element-75bfdad how-we-do-it-row e-flex e-con-boxed e-con e-parent\" data-id=\"75bfdad\" data-element_type=\"container\" data-e-type=\"container\">\n\t\t\t\t\t<div class=\"e-con-inner\">\n\t\t<div class=\"elementor-element elementor-element-79574c2 e-con-full how-we-do-it-list-col e-flex elementor-invisible e-con e-child\" data-id=\"79574c2\" data-element_type=\"container\" data-e-type=\"container\" data-settings=\"{&quot;animation&quot;:&quot;fadeIn&quot;,&quot;animation_delay&quot;:150}\">\n\t\t\t\t<div class=\"elementor-element elementor-element-331fde7 elementor-widget elementor-widget-text-editor\" data-id=\"331fde7\" data-element_type=\"widget\" data-e-type=\"widget\" data-widget_type=\"text-editor.default\">\n\t\t\t\t\t\t\t\t\t<h2>Come lo facciamo<\/h2><ul><li>Formiamo i dipendenti su come le restrizioni commerciali e le nostre politiche si applicano al loro lavoro.<\/li><li>Rispettiamo sempre i controlli commerciali.<\/li><\/ul>\t\t\t\t\t\t\t\t<\/div>\n\t\t\t\t<\/div>\n\t\t<div class=\"elementor-element elementor-element-b4b2b3f e-con-full how-we-do-it-img-col elementor-hidden-tablet elementor-hidden-mobile e-flex elementor-invisible e-con e-child\" data-id=\"b4b2b3f\" data-element_type=\"container\" data-e-type=\"container\" data-settings=\"{&quot;animation&quot;:&quot;fadeIn&quot;,&quot;animation_delay&quot;:300}\">\n\t\t\t\t<div class=\"elementor-element elementor-element-81d6ac0 rounded-img elementor-widget elementor-widget-image\" data-id=\"81d6ac0\" data-element_type=\"widget\" data-e-type=\"widget\" data-widget_type=\"image.default\">\n\t\t\t\t\t\t\t\t\t\t\t\t\t\t\t<img fetchpriority=\"high\" decoding=\"async\" width=\"1100\" height=\"808\" src=\"https:\/\/code.insmed.com\/wp-content\/uploads\/2025\/09\/250407_INSMED_1236-1.webp\" class=\"attachment-full size-full wp-image-993\" alt=\"\" srcset=\"https:\/\/code.insmed.com\/wp-content\/uploads\/2025\/09\/250407_INSMED_1236-1.webp 1100w, https:\/\/code.insmed.com\/wp-content\/uploads\/2025\/09\/250407_INSMED_1236-1-300x220.webp 300w, https:\/\/code.insmed.com\/wp-content\/uploads\/2025\/09\/250407_INSMED_1236-1-1024x752.webp 1024w, https:\/\/code.insmed.com\/wp-content\/uploads\/2025\/09\/250407_INSMED_1236-1-768x564.webp 768w\" sizes=\"(max-width: 1100px) 100vw, 1100px\" \/>\t\t\t\t\t\t\t\t\t\t\t\t\t\t\t<\/div>\n\t\t\t\t<\/div>\n\t\t\t\t\t<\/div>\n\t\t\t\t<\/div>\n\t\t<div class=\"elementor-element elementor-element-d5d2ce0 did-you-know-row e-flex e-con-boxed e-con e-parent\" data-id=\"d5d2ce0\" data-element_type=\"container\" data-e-type=\"container\">\n\t\t\t\t\t<div class=\"e-con-inner\">\n\t\t<div class=\"elementor-element elementor-element-60c7a1c e-con-full callout-card e-flex elementor-invisible e-con e-child\" data-id=\"60c7a1c\" data-element_type=\"container\" data-e-type=\"container\" data-settings=\"{&quot;animation&quot;:&quot;fadeInUp&quot;}\">\n\t\t<div class=\"elementor-element elementor-element-e785b2a e-con-full callout-icon e-flex e-con e-child\" data-id=\"e785b2a\" data-element_type=\"container\" data-e-type=\"container\">\n\t\t\t\t<div class=\"elementor-element elementor-element-3e01ff7 elementor-widget elementor-widget-image\" data-id=\"3e01ff7\" data-element_type=\"widget\" data-e-type=\"widget\" data-widget_type=\"image.default\">\n\t\t\t\t\t\t\t\t\t\t\t\t\t\t\t<img decoding=\"async\" width=\"40\" height=\"40\" src=\"https:\/\/code.insmed.com\/wp-content\/uploads\/2025\/09\/did-you-know-icon.svg\" class=\"attachment-full size-full wp-image-818\" alt=\"\" \/>\t\t\t\t\t\t\t\t\t\t\t\t\t\t\t<\/div>\n\t\t\t\t<\/div>\n\t\t<div class=\"elementor-element elementor-element-d884700 e-con-full callout-header e-flex e-con e-child\" data-id=\"d884700\" data-element_type=\"container\" data-e-type=\"container\">\n\t\t\t\t<div class=\"elementor-element elementor-element-24bdcd8 elementor-widget elementor-widget-text-editor\" data-id=\"24bdcd8\" data-element_type=\"widget\" data-e-type=\"widget\" data-widget_type=\"text-editor.default\">\n\t\t\t\t\t\t\t\t\t<h2>Lo sapevi?<\/h2>\t\t\t\t\t\t\t\t<\/div>\n\t\t\t\t<\/div>\n\t\t<div class=\"elementor-element elementor-element-d661fe5 e-con-full callout-body e-flex e-con e-child\" data-id=\"d661fe5\" data-element_type=\"container\" data-e-type=\"container\">\n\t\t\t\t<div class=\"elementor-element elementor-element-1e1edbd elementor-widget elementor-widget-text-editor\" data-id=\"1e1edbd\" data-element_type=\"widget\" data-e-type=\"widget\" data-widget_type=\"text-editor.default\">\n\t\t\t\t\t\t\t\t\t<h3>Le sanzioni<\/h3><p>Le sanzioni sono leggi che ci proibiscono di fare affari con determinati individui, societ\u00e0 e persino Paesi. Insmed non spedisce prodotti o tecnologie n\u00e9 trasferisce determinati dati sensibili verso Paesi sanzionati, n\u00e9 intrattiene rapporti commerciali con entit\u00e0 o persone sanzionate senza un\u2019adeguata licenza o come altrimenti consentito dalla legge applicabile. <\/p><h3>I controlli sulle esportazioni<\/h3><p>I controlli sulle esportazioni sono leggi che limitano l\u2019esportazione di determinate tecnologie e informazioni senza un\u2019adeguata licenza. Esaminiamo tutti i requisiti di licenza prima di esportare prodotti e tecnologie. <\/p><h3>Le leggi antiboicottaggio<\/h3><p>Le leggi antiboicottaggio sono leggi che vietano alle societ\u00e0 statunitensi e alle loro consociate di partecipare o cooperare a qualsiasi boicottaggio internazionale (rifiutandosi di fare affari con una determinata persona, azienda o Paese). Insmed \u00e8 conforme a tutte le leggi antiboicottaggio applicabili. <\/p>\t\t\t\t\t\t\t\t<\/div>\n\t\t\t\t<\/div>\n\t\t\t\t<\/div>\n\t\t\t\t\t<\/div>\n\t\t\t\t<\/div>\n\t\t<div class=\"elementor-element elementor-element-c9dc78a lightest-gray-row reporting-row e-flex e-con-boxed e-con e-parent\" data-id=\"c9dc78a\" data-element_type=\"container\" data-e-type=\"container\">\n\t\t\t\t\t<div class=\"e-con-inner\">\n\t\t<div class=\"elementor-element elementor-element-61345ab e-con-full e-flex e-con e-child\" data-id=\"61345ab\" data-element_type=\"container\" data-e-type=\"container\">\n\t\t<div class=\"elementor-element elementor-element-8d97804 e-con-full callout-icon e-flex elementor-invisible e-con e-child\" data-id=\"8d97804\" data-element_type=\"container\" data-e-type=\"container\" data-settings=\"{&quot;animation_delay&quot;:300,&quot;animation&quot;:&quot;fadeInUp&quot;}\">\n\t\t\t\t<div class=\"elementor-element elementor-element-a0f7d29 elementor-widget elementor-widget-image\" data-id=\"a0f7d29\" data-element_type=\"widget\" data-e-type=\"widget\" data-widget_type=\"image.default\">\n\t\t\t\t\t\t\t\t\t\t\t\t\t\t\t<img decoding=\"async\" width=\"16\" height=\"42\" src=\"https:\/\/code.insmed.com\/wp-content\/uploads\/2025\/09\/reporting-icon.svg\" class=\"attachment-full size-full wp-image-819\" alt=\"\" \/>\t\t\t\t\t\t\t\t\t\t\t\t\t\t\t<\/div>\n\t\t\t\t<\/div>\n\t\t\t\t<\/div>\n\t\t<div class=\"elementor-element elementor-element-788a64a e-con-full e-flex e-con e-child\" data-id=\"788a64a\" data-element_type=\"container\" data-e-type=\"container\">\n\t\t\t\t<div class=\"elementor-element elementor-element-932d0c9 large-text elementor-invisible elementor-widget elementor-widget-text-editor\" data-id=\"932d0c9\" data-element_type=\"widget\" data-e-type=\"widget\" data-settings=\"{&quot;_animation&quot;:&quot;fadeInUp&quot;}\" data-widget_type=\"text-editor.default\">\n\t\t\t\t\t\t\t\t\t<p>Segnalare immediatamente qualsiasi sanzione o violazione del controllo sulle esportazioni o una richiesta di partecipazione a un boicottaggio a un membro dell\u2019Ufficio legale o a <a href=\"mailto:InsmedLegal@insmed.com\" target=\"_blank\" rel=\"noopener\">InsmedLegal@insmed.com<\/a>.<\/p>\t\t\t\t\t\t\t\t<\/div>\n\t\t\t\t<\/div>\n\t\t\t\t\t<\/div>\n\t\t\t\t<\/div>\n\t\t<div class=\"elementor-element elementor-element-3f6318c continue-exploring-row dark-violet-row e-flex e-con-boxed e-con e-parent\" data-id=\"3f6318c\" data-element_type=\"container\" data-e-type=\"container\">\n\t\t\t\t\t<div class=\"e-con-inner\">\n\t\t<div class=\"elementor-element elementor-element-adabd3a e-con-full continue-exploring-header e-flex elementor-invisible e-con e-child\" data-id=\"adabd3a\" data-element_type=\"container\" data-e-type=\"container\" data-settings=\"{&quot;animation&quot;:&quot;fadeInUp&quot;}\">\n\t\t\t\t<div class=\"elementor-element elementor-element-ddca2a9 elementor-widget elementor-widget-text-editor\" data-id=\"ddca2a9\" data-element_type=\"widget\" data-e-type=\"widget\" data-widget_type=\"text-editor.default\">\n\t\t\t\t\t\t\t\t\t<p>Continuare a esplorare<\/p><h2>Operazioni aziendali responsabili<\/h2>\t\t\t\t\t\t\t\t<\/div>\n\t\t\t\t<\/div>\n\t\t<div class=\"elementor-element elementor-element-789a0c1 e-con-full card e-flex elementor-invisible e-con e-child\" data-id=\"789a0c1\" data-element_type=\"container\" data-e-type=\"container\" data-settings=\"{&quot;animation&quot;:&quot;fadeInUp&quot;}\">\n\t\t\t\t<div class=\"elementor-element elementor-element-8f7bde5 elementor-widget elementor-widget-text-editor\" data-id=\"8f7bde5\" data-element_type=\"widget\" data-e-type=\"widget\" data-widget_type=\"text-editor.default\">\n\t\t\t\t\t\t\t\t\t<h3><a href=\"https:\/\/code.insmed.com\/it\/operazioni-aziendali-responsabili\/prevenzione-della-corruzione\/\">Prevenzione della corruzione<\/a><\/h3>\t\t\t\t\t\t\t\t<\/div>\n\t\t\t\t<\/div>\n\t\t<div class=\"elementor-element elementor-element-ab5850b e-con-full card e-flex elementor-invisible e-con e-child\" data-id=\"ab5850b\" data-element_type=\"container\" data-e-type=\"container\" data-settings=\"{&quot;animation&quot;:&quot;fadeInUp&quot;,&quot;animation_delay&quot;:150}\">\n\t\t\t\t<div class=\"elementor-element elementor-element-2201f00 elementor-widget elementor-widget-text-editor\" data-id=\"2201f00\" data-element_type=\"widget\" data-e-type=\"widget\" data-widget_type=\"text-editor.default\">\n\t\t\t\t\t\t\t\t\t<h3><a href=\"https:\/\/code.insmed.com\/it\/operazioni-aziendali-responsabili\/leggi-sulla-concorrenza-e-antitrust\/\">Leggi sulla concorrenza e antitrust<\/a><\/h3>\t\t\t\t\t\t\t\t<\/div>\n\t\t\t\t<\/div>\n\t\t<div class=\"elementor-element elementor-element-fb49c32 e-con-full card e-flex elementor-invisible e-con e-child\" data-id=\"fb49c32\" data-element_type=\"container\" data-e-type=\"container\" data-settings=\"{&quot;animation&quot;:&quot;fadeInUp&quot;,&quot;animation_delay&quot;:150}\">\n\t\t\t\t<div class=\"elementor-element elementor-element-e0c0ce4 elementor-widget elementor-widget-text-editor\" data-id=\"e0c0ce4\" data-element_type=\"widget\" data-e-type=\"widget\" data-widget_type=\"text-editor.default\">\n\t\t\t\t\t\t\t\t\t<h3><a href=\"https:\/\/code.insmed.com\/it\/operazioni-aziendali-responsabili\/integrita-finanziaria-e-tenuta-dei-registri\/\">Integrit\u00e0 finanziaria e conservazione dei documenti<\/a><\/h3>\t\t\t\t\t\t\t\t<\/div>\n\t\t\t\t<\/div>\n\t\t<div class=\"elementor-element elementor-element-20c56e7 e-con-full card e-flex elementor-invisible e-con e-child\" data-id=\"20c56e7\" data-element_type=\"container\" data-e-type=\"container\" data-settings=\"{&quot;animation&quot;:&quot;fadeInUp&quot;,&quot;animation_delay&quot;:150}\">\n\t\t\t\t<div class=\"elementor-element elementor-element-01ccebb elementor-widget elementor-widget-text-editor\" data-id=\"01ccebb\" data-element_type=\"widget\" data-e-type=\"widget\" data-widget_type=\"text-editor.default\">\n\t\t\t\t\t\t\t\t\t<h3><a href=\"https:\/\/code.insmed.com\/it\/operazioni-aziendali-responsabili\/sicurezza-informatica\/\">Sicurezza informatica<\/a><\/h3>\t\t\t\t\t\t\t\t<\/div>\n\t\t\t\t<\/div>\n\t\t<div class=\"elementor-element elementor-element-58fcbd4 e-con-full card e-flex elementor-invisible e-con e-child\" data-id=\"58fcbd4\" data-element_type=\"container\" data-e-type=\"container\" data-settings=\"{&quot;animation&quot;:&quot;fadeInUp&quot;,&quot;animation_delay&quot;:150}\">\n\t\t\t\t<div class=\"elementor-element elementor-element-4e915a2 elementor-widget elementor-widget-text-editor\" data-id=\"4e915a2\" data-element_type=\"widget\" data-e-type=\"widget\" data-widget_type=\"text-editor.default\">\n\t\t\t\t\t\t\t\t\t<h3><a href=\"https:\/\/code.insmed.com\/it\/operazioni-aziendali-responsabili\/sistemi-e-strumenti-di-ia\/\">Sistemi e strumenti di IA<\/a><\/h3>\t\t\t\t\t\t\t\t<\/div>\n\t\t\t\t<\/div>\n\t\t<div class=\"elementor-element elementor-element-43fa42a e-con-full card e-flex elementor-invisible e-con e-child\" data-id=\"43fa42a\" data-element_type=\"container\" data-e-type=\"container\" data-settings=\"{&quot;animation&quot;:&quot;fadeInUp&quot;,&quot;animation_delay&quot;:150}\">\n\t\t\t\t<div class=\"elementor-element elementor-element-4dd1108 elementor-widget elementor-widget-text-editor\" data-id=\"4dd1108\" data-element_type=\"widget\" data-e-type=\"widget\" data-widget_type=\"text-editor.default\">\n\t\t\t\t\t\t\t\t\t<h3><a href=\"https:\/\/code.insmed.com\/it\/operazioni-aziendali-responsabili\/proprieta-intellettuale\/\">Propriet\u00e0 intellettuale<\/a><\/h3>\t\t\t\t\t\t\t\t<\/div>\n\t\t\t\t<\/div>\n\t\t<div class=\"elementor-element elementor-element-20d0dc5 e-con-full card e-flex elementor-invisible e-con e-child\" data-id=\"20d0dc5\" data-element_type=\"container\" data-e-type=\"container\" data-settings=\"{&quot;animation&quot;:&quot;fadeInUp&quot;,&quot;animation_delay&quot;:150}\">\n\t\t\t\t<div class=\"elementor-element elementor-element-e334f31 elementor-widget elementor-widget-text-editor\" data-id=\"e334f31\" data-element_type=\"widget\" data-e-type=\"widget\" data-widget_type=\"text-editor.default\">\n\t\t\t\t\t\t\t\t\t<h3><a href=\"https:\/\/code.insmed.com\/it\/operazioni-aziendali-responsabili\/insider-trading\/\">Insider Trading<\/a><\/h3>\t\t\t\t\t\t\t\t<\/div>\n\t\t\t\t<\/div>\n\t\t<div class=\"elementor-element elementor-element-c5df320 e-con-full card e-flex elementor-invisible e-con e-child\" data-id=\"c5df320\" data-element_type=\"container\" data-e-type=\"container\" data-settings=\"{&quot;animation&quot;:&quot;fadeInUp&quot;,&quot;animation_delay&quot;:150}\">\n\t\t\t\t<div class=\"elementor-element elementor-element-5bbcd4f elementor-widget elementor-widget-text-editor\" data-id=\"5bbcd4f\" data-element_type=\"widget\" data-e-type=\"widget\" data-widget_type=\"text-editor.default\">\n\t\t\t\t\t\t\t\t\t<h3><a href=\"https:\/\/code.insmed.com\/it\/operazioni-aziendali-responsabili\/impegni-con-organizzazioni-esterne\/\">Impegni con organizzazioni esterne<\/a><\/h3>\t\t\t\t\t\t\t\t<\/div>\n\t\t\t\t<\/div>\n\t\t\t\t\t<\/div>\n\t\t\t\t<\/div>\n\t\t\t\t<\/div>\n\t\t","protected":false},"excerpt":{"rendered":"<p>Controlli commerciali I controlli commerciali disciplinano il trasferimento sicuro e legittimo di prodotti, servizi e dati oltre confine. Inoltre, disciplinano le persone con cui intrattiene rapporti commerciali. Il nostro obiettivo \u00e8 di rispettare tutti i controlli commerciali applicabili alla nostra attivit\u00e0, comprese le sanzioni, i controlli sulle esportazioni e le leggi antiboicottaggio. Come lo facciamo [&hellip;]<\/p>\n","protected":false},"author":1,"featured_media":0,"parent":953,"menu_order":10,"comment_status":"closed","ping_status":"closed","template":"","meta":{"_genesis_hide_title":false,"_genesis_hide_breadcrumbs":false,"_genesis_hide_singular_image":false,"_genesis_hide_footer_widgets":false,"_genesis_custom_body_class":"","_genesis_custom_post_class":"","_genesis_layout":"","footnotes":""},"class_list":{"0":"post-994","1":"page","2":"type-page","3":"status-publish","5":"entry"},"_links":{"self":[{"href":"https:\/\/code.insmed.com\/it\/wp-json\/wp\/v2\/pages\/994","targetHints":{"allow":["GET"]}}],"collection":[{"href":"https:\/\/code.insmed.com\/it\/wp-json\/wp\/v2\/pages"}],"about":[{"href":"https:\/\/code.insmed.com\/it\/wp-json\/wp\/v2\/types\/page"}],"author":[{"embeddable":true,"href":"https:\/\/code.insmed.com\/it\/wp-json\/wp\/v2\/users\/1"}],"replies":[{"embeddable":true,"href":"https:\/\/code.insmed.com\/it\/wp-json\/wp\/v2\/comments?post=994"}],"version-history":[{"count":0,"href":"https:\/\/code.insmed.com\/it\/wp-json\/wp\/v2\/pages\/994\/revisions"}],"up":[{"embeddable":true,"href":"https:\/\/code.insmed.com\/it\/wp-json\/wp\/v2\/pages\/953"}],"wp:attachment":[{"href":"https:\/\/code.insmed.com\/it\/wp-json\/wp\/v2\/media?parent=994"}],"curies":[{"name":"wp","href":"https:\/\/api.w.org\/{rel}","templated":true}]}}