{"id":987,"date":"2025-08-28T20:58:23","date_gmt":"2025-08-29T00:58:23","guid":{"rendered":"https:\/\/codeofconduct1.wpenginepowered.com\/onze-belofte-aan-patienten\/klinische-studies\/"},"modified":"2025-10-23T22:44:56","modified_gmt":"2025-10-24T02:44:56","slug":"klinische-studies","status":"publish","type":"page","link":"https:\/\/code.insmed.com\/nl\/onze-belofte-aan-patienten\/klinische-studies\/","title":{"rendered":"Klinische Studies"},"content":{"rendered":"\t\t<div data-elementor-type=\"wp-page\" data-elementor-id=\"987\" class=\"elementor elementor-987 elementor-21\" data-elementor-post-type=\"page\">\n\t\t\t\t<div class=\"elementor-element elementor-element-5cf2ffb subpage-header lightest-gray-row e-flex e-con-boxed e-con e-parent\" data-id=\"5cf2ffb\" data-element_type=\"container\" data-e-type=\"container\">\n\t\t\t\t\t<div class=\"e-con-inner\">\n\t\t<div class=\"elementor-element elementor-element-d0abafc e-con-full e-flex e-con e-child\" data-id=\"d0abafc\" data-element_type=\"container\" data-e-type=\"container\">\n\t\t\t\t<div class=\"elementor-element elementor-element-a145805 rainbow-h1 elementor-widget elementor-widget-text-editor\" data-id=\"a145805\" data-element_type=\"widget\" data-e-type=\"widget\" data-widget_type=\"text-editor.default\">\n\t\t\t\t\t\t\t\t\t<h1 style=\"text-align: center;\">Klinische Studies<\/h1><p style=\"text-align: center;\">We ontwerpen en voeren klinische studies uit om de veiligheid en werkzaamheid van onze therapie\u00ebn te beoordelen, waarbij we functieoverschrijdend en samenwerkend werken om ervoor te zorgen dat onze onderzoeken worden ontworpen en uitgevoerd met een focus op naleving. We voeren onderzoeken uit op een ethische manier en handhaven de hoogste normen voor de kwaliteit van klinische onderzoeken om de integriteit van onze klinische gegevens te waarborgen. We voldoen ook aan alle wetten, voorschriften en branchecodes en blijven standvastig in onze verbintenis om goede klinische praktijken te volgen.  <\/p><p style=\"text-align: center;\">Het is belangrijk dat we ervoor zorgen dat de pati\u00ebnten die deelnemen aan onze klinische studies dit op vrijwillige en ge\u00efnformeerde basis doen en dat de potenti\u00eble risico&#8217;s en voordelen van onze onderzoeken passend worden geacht. Dit betekent dat we ervoor zorgen dat onze onderzoeken, inclusief protocollen en formulieren voor ge\u00efnformeerde toestemming, worden beoordeeld en goedgekeurd door institutionele beoordelingsraden\/onafhankelijke ethische commissies voordat deelnemers worden gescreend op mogelijke inclusie.  <\/p>\t\t\t\t\t\t\t\t<\/div>\n\t\t\t\t<div class=\"elementor-element elementor-element-9e5d27d scroll-down-indicator elementor-invisible elementor-widget elementor-widget-html\" data-id=\"9e5d27d\" data-element_type=\"widget\" data-e-type=\"widget\" data-settings=\"{&quot;_animation&quot;:&quot;fadeIn&quot;,&quot;_animation_delay&quot;:150}\" data-widget_type=\"html.default\">\n\t\t\t\t\t<i class=\"fa-sharp fa-regular fa-arrow-down-long\"><\/i>\t\t\t\t<\/div>\n\t\t\t\t<\/div>\n\t\t\t\t\t<\/div>\n\t\t\t\t<\/div>\n\t\t<div class=\"elementor-element elementor-element-0943491 how-we-do-it-row e-flex e-con-boxed e-con e-parent\" data-id=\"0943491\" data-element_type=\"container\" data-e-type=\"container\">\n\t\t\t\t\t<div class=\"e-con-inner\">\n\t\t<div class=\"elementor-element elementor-element-2797f20 e-con-full how-we-do-it-list-col e-flex elementor-invisible e-con e-child\" data-id=\"2797f20\" data-element_type=\"container\" data-e-type=\"container\" data-settings=\"{&quot;animation&quot;:&quot;fadeIn&quot;,&quot;animation_delay&quot;:150}\">\n\t\t\t\t<div class=\"elementor-element elementor-element-10e4ea7 elementor-widget elementor-widget-text-editor\" data-id=\"10e4ea7\" data-element_type=\"widget\" data-e-type=\"widget\" data-widget_type=\"text-editor.default\">\n\t\t\t\t\t\t\t\t\t<h2>Hoe we het doen<\/h2><ul><li>Bij het kiezen van onderzoekers en locaties van klinische onderzoeken, onderbouwen we hun medische expertise en klinische onderzoekservaring om ervoor te zorgen dat er geen vooringenomenheid of schijnbare vooringenomenheid is.<\/li><li>We delen de resultaten van klinische onderzoeken met onderzoekers van onderzoeken, zorgverleners en het algemene publiek op een tijdige en nauwkeurige manier, en in overeenstemming met relevante regels, voorschriften en branchecodes.<\/li><li>We waarborgen de integriteit van de gegevens uit klinische onderzoeken die tijdens het onderzoek worden verzameld, en we houden toezicht op het genereren en verzamelen van gegevens om ons te beschermen tegen frauduleuze gegevens of ongepaste praktijken in de klinische site.<\/li><\/ul>\t\t\t\t\t\t\t\t<\/div>\n\t\t\t\t<\/div>\n\t\t<div class=\"elementor-element elementor-element-c48817e e-con-full how-we-do-it-img-col elementor-hidden-tablet elementor-hidden-mobile e-flex elementor-invisible e-con e-child\" data-id=\"c48817e\" data-element_type=\"container\" data-e-type=\"container\" data-settings=\"{&quot;animation&quot;:&quot;fadeIn&quot;,&quot;animation_delay&quot;:300}\">\n\t\t\t\t<div class=\"elementor-element elementor-element-eae8a07 rounded-img elementor-widget elementor-widget-image\" data-id=\"eae8a07\" data-element_type=\"widget\" data-e-type=\"widget\" data-widget_type=\"image.default\">\n\t\t\t\t\t\t\t\t\t\t\t\t\t\t\t<img fetchpriority=\"high\" decoding=\"async\" width=\"550\" height=\"640\" src=\"https:\/\/code.insmed.com\/wp-content\/uploads\/2025\/10\/iStock-163523637.webp\" class=\"attachment-full size-full wp-image-986\" alt=\"\" srcset=\"https:\/\/code.insmed.com\/wp-content\/uploads\/2025\/10\/iStock-163523637.webp 550w, https:\/\/code.insmed.com\/wp-content\/uploads\/2025\/10\/iStock-163523637-258x300.webp 258w\" sizes=\"(max-width: 550px) 100vw, 550px\" \/>\t\t\t\t\t\t\t\t\t\t\t\t\t\t\t<\/div>\n\t\t\t\t<\/div>\n\t\t\t\t\t<\/div>\n\t\t\t\t<\/div>\n\t\t<div class=\"elementor-element elementor-element-9df5ff1 did-you-know-row e-flex e-con-boxed e-con e-parent\" data-id=\"9df5ff1\" data-element_type=\"container\" data-e-type=\"container\">\n\t\t\t\t\t<div class=\"e-con-inner\">\n\t\t<div class=\"elementor-element elementor-element-0976014 e-con-full callout-card e-flex elementor-invisible e-con e-child\" data-id=\"0976014\" data-element_type=\"container\" data-e-type=\"container\" data-settings=\"{&quot;animation&quot;:&quot;fadeInUp&quot;}\">\n\t\t<div class=\"elementor-element elementor-element-4c1e4db e-con-full callout-icon e-flex e-con e-child\" data-id=\"4c1e4db\" data-element_type=\"container\" data-e-type=\"container\">\n\t\t\t\t<div class=\"elementor-element elementor-element-301716e elementor-widget elementor-widget-image\" data-id=\"301716e\" data-element_type=\"widget\" data-e-type=\"widget\" data-widget_type=\"image.default\">\n\t\t\t\t\t\t\t\t\t\t\t\t\t\t\t<img decoding=\"async\" width=\"40\" height=\"40\" src=\"https:\/\/code.insmed.com\/wp-content\/uploads\/2025\/09\/did-you-know-icon.svg\" class=\"attachment-full size-full wp-image-983\" alt=\"\" \/>\t\t\t\t\t\t\t\t\t\t\t\t\t\t\t<\/div>\n\t\t\t\t<\/div>\n\t\t<div class=\"elementor-element elementor-element-5e55924 e-con-full callout-header e-flex e-con e-child\" data-id=\"5e55924\" data-element_type=\"container\" data-e-type=\"container\">\n\t\t\t\t<div class=\"elementor-element elementor-element-4349685 elementor-widget elementor-widget-text-editor\" data-id=\"4349685\" data-element_type=\"widget\" data-e-type=\"widget\" data-widget_type=\"text-editor.default\">\n\t\t\t\t\t\t\t\t\t<h2>Wist je dat?<\/h2>\t\t\t\t\t\t\t\t<\/div>\n\t\t\t\t<\/div>\n\t\t<div class=\"elementor-element elementor-element-b2dd155 e-con-full callout-body e-flex e-con e-child\" data-id=\"b2dd155\" data-element_type=\"container\" data-e-type=\"container\">\n\t\t\t\t<div class=\"elementor-element elementor-element-3f48259 elementor-widget elementor-widget-text-editor\" data-id=\"3f48259\" data-element_type=\"widget\" data-e-type=\"widget\" data-widget_type=\"text-editor.default\">\n\t\t\t\t\t\t\t\t\t<p>Insmed neemt zijn verantwoordelijkheid serieus om de gezondheidsinformatie die door deelnemers aan klinische onderzoeken met ons wordt gedeeld, te beschermen. De externe leveranciers die onze klinische onderzoeken ondersteunen, moeten dezelfde verantwoordelijkheid nemen. Insmed en onze leveranciers gaan voorzichtig te werk bij het verzamelen, beoordelen of gebruiken van gezondheidsinformatie, gebruiken deze alleen voor doeleinden die verband houden met het onderzoek en beschermen te allen tijde de veiligheid ervan.  <\/p>\t\t\t\t\t\t\t\t<\/div>\n\t\t\t\t<\/div>\n\t\t\t\t<\/div>\n\t\t\t\t\t<\/div>\n\t\t\t\t<\/div>\n\t\t<div class=\"elementor-element elementor-element-fdce424 continue-exploring-row dark-violet-row e-flex e-con-boxed e-con e-parent\" data-id=\"fdce424\" data-element_type=\"container\" data-e-type=\"container\">\n\t\t\t\t\t<div class=\"e-con-inner\">\n\t\t<div class=\"elementor-element elementor-element-08d88f8 e-con-full continue-exploring-header e-flex elementor-invisible e-con e-child\" data-id=\"08d88f8\" data-element_type=\"container\" data-e-type=\"container\" data-settings=\"{&quot;animation&quot;:&quot;fadeInUp&quot;}\">\n\t\t\t\t<div class=\"elementor-element elementor-element-b88b069 elementor-widget elementor-widget-text-editor\" data-id=\"b88b069\" data-element_type=\"widget\" data-e-type=\"widget\" data-widget_type=\"text-editor.default\">\n\t\t\t\t\t\t\t\t\t<p>Continue exploring<\/p><h2>Onze belofte aan pati\u00ebnten<\/h2>\t\t\t\t\t\t\t\t<\/div>\n\t\t\t\t<\/div>\n\t\t<div class=\"elementor-element elementor-element-39dc231 e-con-full card e-flex elementor-invisible e-con e-child\" data-id=\"39dc231\" data-element_type=\"container\" data-e-type=\"container\" data-settings=\"{&quot;animation&quot;:&quot;fadeInUp&quot;,&quot;animation_delay&quot;:150}\">\n\t\t\t\t<div class=\"elementor-element elementor-element-737e69e elementor-widget elementor-widget-text-editor\" data-id=\"737e69e\" data-element_type=\"widget\" data-e-type=\"widget\" data-widget_type=\"text-editor.default\">\n\t\t\t\t\t\t\t\t\t<h3><a href=\"https:\/\/code.insmed.com\/nl\/onze-belofte-aan-patienten\/patientveiligheid-en-productkwaliteit\/\">Pati\u00ebntveiligheid en productkwaliteit<\/a><\/h3>\t\t\t\t\t\t\t\t<\/div>\n\t\t\t\t<\/div>\n\t\t\t\t\t<\/div>\n\t\t\t\t<\/div>\n\t\t\t\t<\/div>\n\t\t","protected":false},"excerpt":{"rendered":"<p>Klinische Studies We ontwerpen en voeren klinische studies uit om de veiligheid en werkzaamheid van onze therapie\u00ebn te beoordelen, waarbij we functieoverschrijdend en samenwerkend werken om ervoor te zorgen dat onze onderzoeken worden ontworpen en uitgevoerd met een focus op naleving. We voeren onderzoeken uit op een ethische manier en handhaven de hoogste normen voor [&hellip;]<\/p>\n","protected":false},"author":1,"featured_media":0,"parent":979,"menu_order":10,"comment_status":"closed","ping_status":"closed","template":"","meta":{"_genesis_hide_title":false,"_genesis_hide_breadcrumbs":false,"_genesis_hide_singular_image":false,"_genesis_hide_footer_widgets":false,"_genesis_custom_body_class":"","_genesis_custom_post_class":"","_genesis_layout":"","footnotes":""},"class_list":{"0":"post-987","1":"page","2":"type-page","3":"status-publish","5":"entry"},"_links":{"self":[{"href":"https:\/\/code.insmed.com\/nl\/wp-json\/wp\/v2\/pages\/987","targetHints":{"allow":["GET"]}}],"collection":[{"href":"https:\/\/code.insmed.com\/nl\/wp-json\/wp\/v2\/pages"}],"about":[{"href":"https:\/\/code.insmed.com\/nl\/wp-json\/wp\/v2\/types\/page"}],"author":[{"embeddable":true,"href":"https:\/\/code.insmed.com\/nl\/wp-json\/wp\/v2\/users\/1"}],"replies":[{"embeddable":true,"href":"https:\/\/code.insmed.com\/nl\/wp-json\/wp\/v2\/comments?post=987"}],"version-history":[{"count":0,"href":"https:\/\/code.insmed.com\/nl\/wp-json\/wp\/v2\/pages\/987\/revisions"}],"up":[{"embeddable":true,"href":"https:\/\/code.insmed.com\/nl\/wp-json\/wp\/v2\/pages\/979"}],"wp:attachment":[{"href":"https:\/\/code.insmed.com\/nl\/wp-json\/wp\/v2\/media?parent=987"}],"curies":[{"name":"wp","href":"https:\/\/api.w.org\/{rel}","templated":true}]}}